{"id":25257,"date":"2024-12-05T13:58:11","date_gmt":"2024-12-05T13:58:11","guid":{"rendered":"https:\/\/sulin.ee\/?post_type=product&#038;p=25257"},"modified":"2026-01-14T11:38:25","modified_gmt":"2026-01-14T11:38:25","slug":"little-dutch-kunstikomplekt-karbis-xl-forest-friends","status":"publish","type":"product","link":"https:\/\/sulin.ee\/en\/toode\/little-dutch-kunstikomplekt-karbis-xl-forest-friends\/","title":{"rendered":"Little Dutch kunstikomplekt karbis XL &#8220;Forest Friends&#8221;"},"content":{"rendered":"<p><strong>Little Dutch kunstikomplekt karbis XL &#8220;Forest Friends&#8221;<\/strong>\u00a0pakub v\u00e4ikestele kunstnikele l\u00f5putuid v\u00f5imalusi loovaks avastamiseks ja meisterdamiseks. See rikkalik ja inspireeriv XL komplekt sisaldab k\u00f5ike vajalikku \u2013 v\u00e4rve, pintsleid, v\u00e4rvipliiatseid ja palju muud, et lasta lastel ellu \u00e4ratada v\u00f5luv metsamaailm.<\/p>\n<p>Komplekt julgustab lapsi maalima, joonistama ja looma, arendades samal ajal nende peenmotoorikat ja loovust. See on ideaalne kingitus v\u00e4ikestele kunstihuvilistele, pakkudes tundideks r\u00f5\u00f5mu ja harivat tegevust. Kasutage seda v\u00f5imalust, et inspireerida oma lapsi looma ja avastama metsamaailma ilu l\u00e4bi oma kunstiteoste.<\/p>\n<p><strong>M\u00f5\u00f5dud:<\/strong> 24 x 24 x 6 cm.<\/p>\n<p><strong><a href=\"https:\/\/www.little-dutch.com\/en\">Little Dutch<\/a> kunstikomplekt karbis<\/strong>\u00a0on ideaalne kaaslane v\u00e4ikestele kunstnikele, kes soovivad oma kujutlusv\u00f5imet ellu viia!<\/p>\n<p>Tutvu ka meie teiste <a href=\"https:\/\/sulin.ee\/tootekategooria\/mangimine\/kunstivahendid\/meisterdamine\/\">meisterdamisvahenditega<\/a>, mis pakuvad loovust, p\u00f5nevust ja r\u00f5\u00f5mu igas vanuses lastele!<\/p>\n","protected":false},"excerpt":{"rendered":"<p><strong>TARNE:<\/strong> 1-4 t\u00f6\u00f6p\u00e4eva<\/p>\n<p><strong>Little Dutch Kunstikomplekt karbis XL &#8220;Forest Friends &#8221;\u00a0sisaldab v\u00e4rve, pintsleid, v\u00e4rvipliiatseid ja palju muud, pakkudes v\u00e4ikestele kunstnikele vahendeid metsamaailma loomiseks. Komplekt arendab peenmotoorikat ja loovust, pakkudes tundideks harivat ja l\u00f5busat tegevust.<\/strong><\/p>\n","protected":false},"featured_media":25267,"comment_status":"open","ping_status":"closed","template":"","meta":[],"product_brand":[],"product_cat":[110,1162,1165,1166,102,1017,1217],"product_tag":[],"class_list":{"0":"post-25257","1":"product","2":"type-product","3":"status-publish","4":"has-post-thumbnail","6":"product_cat-mangimine","7":"product_cat-kingituseks","8":"product_cat-3-5-aastat","9":"product_cat-6-8-aastat","10":"product_cat-kunstivahendid","11":"product_cat-meisterdamine","12":"product_cat-little-dutch","13":"has-post-title","14":"has-post-date","15":"has-post-category","16":"has-post-tag","17":"has-post-comment","18":"has-post-author","19":"","21":"first","22":"instock","23":"sale","24":"taxable","25":"shipping-taxable","26":"purchasable","27":"product-type-simple"},"yoast_head":"<!-- This site is optimized with the Yoast SEO plugin v26.8 - https:\/\/yoast.com\/product\/yoast-seo-wordpress\/ -->\n<title>Little Dutch kunstikomplekt karbis XL &quot;Forest Friends&quot; - sulin.ee<\/title>\n<meta name=\"description\" content=\"Little Dutch Kunstikomplekt karbis XL &quot;Forest Friends &quot;\u00a0sisaldab v\u00e4rve, pintsleid, v\u00e4rvipliiatseid ja jms pakkudes tundideks harivat ja l\u00f5busat tegevust.\" \/>\n<meta name=\"robots\" content=\"index, follow, max-snippet:-1, max-image-preview:large, max-video-preview:-1\" \/>\n<link rel=\"canonical\" href=\"https:\/\/sulin.ee\/en\/toode\/little-dutch-kunstikomplekt-karbis-xl-forest-friends\/\" \/>\n<meta property=\"og:locale\" content=\"en_US\" \/>\n<meta property=\"og:type\" content=\"article\" \/>\n<meta property=\"og:title\" content=\"Little Dutch kunstikomplekt karbis XL &quot;Forest Friends&quot; - sulin.ee\" \/>\n<meta property=\"og:description\" content=\"Little Dutch Kunstikomplekt karbis XL &quot;Forest Friends &quot;\u00a0sisaldab v\u00e4rve, pintsleid, v\u00e4rvipliiatseid ja jms pakkudes tundideks harivat ja l\u00f5busat tegevust.\" \/>\n<meta property=\"og:url\" content=\"https:\/\/sulin.ee\/en\/toode\/little-dutch-kunstikomplekt-karbis-xl-forest-friends\/\" \/>\n<meta property=\"og:site_name\" content=\"sulin.ee\" \/>\n<meta property=\"article:publisher\" content=\"https:\/\/www.facebook.com\/www.sulin.ee\/\" \/>\n<meta property=\"article:modified_time\" content=\"2026-01-14T11:38:25+00:00\" \/>\n<meta property=\"og:image\" content=\"https:\/\/sulin.ee\/wp-content\/uploads\/2024\/12\/Piltide-korrektuurid-kodulehel-2024-12-05T145456.922.png\" \/>\n\t<meta property=\"og:image:width\" content=\"1080\" \/>\n\t<meta property=\"og:image:height\" content=\"1080\" \/>\n\t<meta property=\"og:image:type\" content=\"image\/png\" \/>\n<meta name=\"twitter:card\" content=\"summary_large_image\" \/>\n<meta name=\"twitter:label1\" content=\"Est. reading time\" \/>\n\t<meta name=\"twitter:data1\" content=\"1 minute\" \/>\n<script type=\"application\/ld+json\" class=\"yoast-schema-graph\">{\"@context\":\"https:\/\/schema.org\",\"@graph\":[{\"@type\":\"WebPage\",\"@id\":\"https:\/\/sulin.ee\/en\/toode\/little-dutch-kunstikomplekt-karbis-xl-forest-friends\/\",\"url\":\"https:\/\/sulin.ee\/en\/toode\/little-dutch-kunstikomplekt-karbis-xl-forest-friends\/\",\"name\":\"Little Dutch kunstikomplekt karbis XL \\\"Forest Friends\\\" - sulin.ee\",\"isPartOf\":{\"@id\":\"https:\/\/sulin.ee\/en\/#website\"},\"primaryImageOfPage\":{\"@id\":\"https:\/\/sulin.ee\/en\/toode\/little-dutch-kunstikomplekt-karbis-xl-forest-friends\/#primaryimage\"},\"image\":{\"@id\":\"https:\/\/sulin.ee\/en\/toode\/little-dutch-kunstikomplekt-karbis-xl-forest-friends\/#primaryimage\"},\"thumbnailUrl\":\"https:\/\/sulin.ee\/wp-content\/uploads\/2024\/12\/Piltide-korrektuurid-kodulehel-2024-12-05T145456.922.png\",\"datePublished\":\"2024-12-05T13:58:11+00:00\",\"dateModified\":\"2026-01-14T11:38:25+00:00\",\"description\":\"Little Dutch Kunstikomplekt karbis XL \\\"Forest Friends \\\"\u00a0sisaldab v\u00e4rve, pintsleid, v\u00e4rvipliiatseid ja jms pakkudes tundideks harivat ja l\u00f5busat tegevust.\",\"breadcrumb\":{\"@id\":\"https:\/\/sulin.ee\/en\/toode\/little-dutch-kunstikomplekt-karbis-xl-forest-friends\/#breadcrumb\"},\"inLanguage\":\"en-US\",\"potentialAction\":[{\"@type\":\"ReadAction\",\"target\":[\"https:\/\/sulin.ee\/en\/toode\/little-dutch-kunstikomplekt-karbis-xl-forest-friends\/\"]}]},{\"@type\":\"ImageObject\",\"inLanguage\":\"en-US\",\"@id\":\"https:\/\/sulin.ee\/en\/toode\/little-dutch-kunstikomplekt-karbis-xl-forest-friends\/#primaryimage\",\"url\":\"https:\/\/sulin.ee\/wp-content\/uploads\/2024\/12\/Piltide-korrektuurid-kodulehel-2024-12-05T145456.922.png\",\"contentUrl\":\"https:\/\/sulin.ee\/wp-content\/uploads\/2024\/12\/Piltide-korrektuurid-kodulehel-2024-12-05T145456.922.png\",\"width\":1080,\"height\":1080,\"caption\":\"Little Dutch kunstikomplekt karbis\"},{\"@type\":\"BreadcrumbList\",\"@id\":\"https:\/\/sulin.ee\/en\/toode\/little-dutch-kunstikomplekt-karbis-xl-forest-friends\/#breadcrumb\",\"itemListElement\":[{\"@type\":\"ListItem\",\"position\":1,\"name\":\"Home\",\"item\":\"https:\/\/sulin.ee\/en\/\"},{\"@type\":\"ListItem\",\"position\":2,\"name\":\"Sulin.ee e-pood\",\"item\":\"https:\/\/sulin.ee\/shop\/\"},{\"@type\":\"ListItem\",\"position\":3,\"name\":\"Little Dutch kunstikomplekt karbis XL &#8220;Forest Friends&#8221;\"}]},{\"@type\":\"WebSite\",\"@id\":\"https:\/\/sulin.ee\/en\/#website\",\"url\":\"https:\/\/sulin.ee\/en\/\",\"name\":\"sulin.ee\",\"description\":\"\",\"publisher\":{\"@id\":\"https:\/\/sulin.ee\/en\/#organization\"},\"potentialAction\":[{\"@type\":\"SearchAction\",\"target\":{\"@type\":\"EntryPoint\",\"urlTemplate\":\"https:\/\/sulin.ee\/en\/?s={search_term_string}\"},\"query-input\":{\"@type\":\"PropertyValueSpecification\",\"valueRequired\":true,\"valueName\":\"search_term_string\"}}],\"inLanguage\":\"en-US\"},{\"@type\":\"Organization\",\"@id\":\"https:\/\/sulin.ee\/en\/#organization\",\"name\":\"SULIN TRADE O\u00dc\",\"url\":\"https:\/\/sulin.ee\/en\/\",\"logo\":{\"@type\":\"ImageObject\",\"inLanguage\":\"en-US\",\"@id\":\"https:\/\/sulin.ee\/en\/#\/schema\/logo\/image\/\",\"url\":\"https:\/\/sulin.ee\/wp-content\/uploads\/2022\/11\/sulin-logo.png\",\"contentUrl\":\"https:\/\/sulin.ee\/wp-content\/uploads\/2022\/11\/sulin-logo.png\",\"width\":871,\"height\":321,\"caption\":\"SULIN TRADE O\u00dc\"},\"image\":{\"@id\":\"https:\/\/sulin.ee\/en\/#\/schema\/logo\/image\/\"},\"sameAs\":[\"https:\/\/www.facebook.com\/www.sulin.ee\/\",\"https:\/\/www.instagram.com\/sulintrade\/\"]}]}<\/script>\n<!-- \/ Yoast SEO plugin. -->","yoast_head_json":{"title":"Little Dutch kunstikomplekt karbis XL \"Forest Friends\" - sulin.ee","description":"Little Dutch Kunstikomplekt karbis XL \"Forest Friends \"\u00a0sisaldab v\u00e4rve, pintsleid, v\u00e4rvipliiatseid ja jms pakkudes tundideks harivat ja l\u00f5busat tegevust.","robots":{"index":"index","follow":"follow","max-snippet":"max-snippet:-1","max-image-preview":"max-image-preview:large","max-video-preview":"max-video-preview:-1"},"canonical":"https:\/\/sulin.ee\/en\/toode\/little-dutch-kunstikomplekt-karbis-xl-forest-friends\/","og_locale":"en_US","og_type":"article","og_title":"Little Dutch kunstikomplekt karbis XL \"Forest Friends\" - sulin.ee","og_description":"Little Dutch Kunstikomplekt karbis XL \"Forest Friends \"\u00a0sisaldab v\u00e4rve, pintsleid, v\u00e4rvipliiatseid ja jms pakkudes tundideks harivat ja l\u00f5busat tegevust.","og_url":"https:\/\/sulin.ee\/en\/toode\/little-dutch-kunstikomplekt-karbis-xl-forest-friends\/","og_site_name":"sulin.ee","article_publisher":"https:\/\/www.facebook.com\/www.sulin.ee\/","article_modified_time":"2026-01-14T11:38:25+00:00","og_image":[{"width":1080,"height":1080,"url":"https:\/\/sulin.ee\/wp-content\/uploads\/2024\/12\/Piltide-korrektuurid-kodulehel-2024-12-05T145456.922.png","type":"image\/png"}],"twitter_card":"summary_large_image","twitter_misc":{"Est. reading time":"1 minute"},"schema":{"@context":"https:\/\/schema.org","@graph":[{"@type":"WebPage","@id":"https:\/\/sulin.ee\/en\/toode\/little-dutch-kunstikomplekt-karbis-xl-forest-friends\/","url":"https:\/\/sulin.ee\/en\/toode\/little-dutch-kunstikomplekt-karbis-xl-forest-friends\/","name":"Little Dutch kunstikomplekt karbis XL \"Forest Friends\" - sulin.ee","isPartOf":{"@id":"https:\/\/sulin.ee\/en\/#website"},"primaryImageOfPage":{"@id":"https:\/\/sulin.ee\/en\/toode\/little-dutch-kunstikomplekt-karbis-xl-forest-friends\/#primaryimage"},"image":{"@id":"https:\/\/sulin.ee\/en\/toode\/little-dutch-kunstikomplekt-karbis-xl-forest-friends\/#primaryimage"},"thumbnailUrl":"https:\/\/sulin.ee\/wp-content\/uploads\/2024\/12\/Piltide-korrektuurid-kodulehel-2024-12-05T145456.922.png","datePublished":"2024-12-05T13:58:11+00:00","dateModified":"2026-01-14T11:38:25+00:00","description":"Little Dutch Kunstikomplekt karbis XL \"Forest Friends \"\u00a0sisaldab v\u00e4rve, pintsleid, v\u00e4rvipliiatseid ja jms pakkudes tundideks harivat ja l\u00f5busat tegevust.","breadcrumb":{"@id":"https:\/\/sulin.ee\/en\/toode\/little-dutch-kunstikomplekt-karbis-xl-forest-friends\/#breadcrumb"},"inLanguage":"en-US","potentialAction":[{"@type":"ReadAction","target":["https:\/\/sulin.ee\/en\/toode\/little-dutch-kunstikomplekt-karbis-xl-forest-friends\/"]}]},{"@type":"ImageObject","inLanguage":"en-US","@id":"https:\/\/sulin.ee\/en\/toode\/little-dutch-kunstikomplekt-karbis-xl-forest-friends\/#primaryimage","url":"https:\/\/sulin.ee\/wp-content\/uploads\/2024\/12\/Piltide-korrektuurid-kodulehel-2024-12-05T145456.922.png","contentUrl":"https:\/\/sulin.ee\/wp-content\/uploads\/2024\/12\/Piltide-korrektuurid-kodulehel-2024-12-05T145456.922.png","width":1080,"height":1080,"caption":"Little Dutch kunstikomplekt karbis"},{"@type":"BreadcrumbList","@id":"https:\/\/sulin.ee\/en\/toode\/little-dutch-kunstikomplekt-karbis-xl-forest-friends\/#breadcrumb","itemListElement":[{"@type":"ListItem","position":1,"name":"Home","item":"https:\/\/sulin.ee\/en\/"},{"@type":"ListItem","position":2,"name":"Sulin.ee e-pood","item":"https:\/\/sulin.ee\/shop\/"},{"@type":"ListItem","position":3,"name":"Little Dutch kunstikomplekt karbis XL &#8220;Forest Friends&#8221;"}]},{"@type":"WebSite","@id":"https:\/\/sulin.ee\/en\/#website","url":"https:\/\/sulin.ee\/en\/","name":"sulin.ee","description":"","publisher":{"@id":"https:\/\/sulin.ee\/en\/#organization"},"potentialAction":[{"@type":"SearchAction","target":{"@type":"EntryPoint","urlTemplate":"https:\/\/sulin.ee\/en\/?s={search_term_string}"},"query-input":{"@type":"PropertyValueSpecification","valueRequired":true,"valueName":"search_term_string"}}],"inLanguage":"en-US"},{"@type":"Organization","@id":"https:\/\/sulin.ee\/en\/#organization","name":"SULIN TRADE O\u00dc","url":"https:\/\/sulin.ee\/en\/","logo":{"@type":"ImageObject","inLanguage":"en-US","@id":"https:\/\/sulin.ee\/en\/#\/schema\/logo\/image\/","url":"https:\/\/sulin.ee\/wp-content\/uploads\/2022\/11\/sulin-logo.png","contentUrl":"https:\/\/sulin.ee\/wp-content\/uploads\/2022\/11\/sulin-logo.png","width":871,"height":321,"caption":"SULIN TRADE O\u00dc"},"image":{"@id":"https:\/\/sulin.ee\/en\/#\/schema\/logo\/image\/"},"sameAs":["https:\/\/www.facebook.com\/www.sulin.ee\/","https:\/\/www.instagram.com\/sulintrade\/"]}]}},"builder_content":"","_links":{"self":[{"href":"https:\/\/sulin.ee\/en\/wp-json\/wp\/v2\/product\/25257","targetHints":{"allow":["GET"]}}],"collection":[{"href":"https:\/\/sulin.ee\/en\/wp-json\/wp\/v2\/product"}],"about":[{"href":"https:\/\/sulin.ee\/en\/wp-json\/wp\/v2\/types\/product"}],"replies":[{"embeddable":true,"href":"https:\/\/sulin.ee\/en\/wp-json\/wp\/v2\/comments?post=25257"}],"wp:featuredmedia":[{"embeddable":true,"href":"https:\/\/sulin.ee\/en\/wp-json\/wp\/v2\/media\/25267"}],"wp:attachment":[{"href":"https:\/\/sulin.ee\/en\/wp-json\/wp\/v2\/media?parent=25257"}],"wp:term":[{"taxonomy":"product_brand","embeddable":true,"href":"https:\/\/sulin.ee\/en\/wp-json\/wp\/v2\/product_brand?post=25257"},{"taxonomy":"product_cat","embeddable":true,"href":"https:\/\/sulin.ee\/en\/wp-json\/wp\/v2\/product_cat?post=25257"},{"taxonomy":"product_tag","embeddable":true,"href":"https:\/\/sulin.ee\/en\/wp-json\/wp\/v2\/product_tag?post=25257"}],"curies":[{"name":"wp","href":"https:\/\/api.w.org\/{rel}","templated":true}]}}