{"id":25206,"date":"2024-12-05T13:58:12","date_gmt":"2024-12-05T13:58:12","guid":{"rendered":"https:\/\/sulin.ee\/?post_type=product&#038;p=25206"},"modified":"2025-09-07T21:39:44","modified_gmt":"2025-09-07T21:39:44","slug":"little-dutch-kraapimiskunsti-varviraamat-jim-friends","status":"publish","type":"product","link":"https:\/\/sulin.ee\/en\/toode\/little-dutch-kraapimiskunsti-varviraamat-jim-friends\/","title":{"rendered":"Little Dutch kraapimiskunsti &#038; v\u00e4rviraamat &#8220;Jim &#038; Friends&#8221;"},"content":{"rendered":"<p><strong>Little Dutch kraapimiskunsti &amp; v\u00e4rviraamat &#8220;Jim &amp; Friends&#8221;<\/strong> pakub lastele l\u00f5putult loovust ja p\u00f5nevaid tegevusi! See mitmek\u00fclgne kraapimis- ja visandiraamat sisaldab 8 kraapimislehte, millel Jim ja tema s\u00f5brad seiklevad lahedate s\u00f5idukitega, nagu kosmoselaev, traktor ja kuuma\u00f5hupall. Lisaks on komplektis 2 plastikust kraapimislehte, mille abil saab kaasasolevate mallidega luua unikaalseid kunstiteoseid.<\/p>\n<p>Lehtede tagak\u00fclgedel ootavad v\u00e4rvimislehed, mida saab t\u00e4ita pliiatsite ja vahakriitidega. Spetsiaalne kraapimispliiats v\u00f5imaldab pilte esile kraapida ning seda saab mugavalt raamatu sisse hoiustada. Vastupidavast papist valmistatud raamat on kaunistatud \u00e4ratuntava <a href=\"https:\/\/www.little-dutch.com\/en\"><strong>Little Dutch<\/strong><\/a> kujundusega ning r\u00f5ngask\u00f6itja muudab kasutamise lihtsaks. Ideaalne nii koduseks meisterdamiseks kui ka reisile kaasa v\u00f5tmiseks!<\/p>\n<p>Little Dutch kraapimiskunsti &amp; v\u00e4rviraamat pakub p\u00f5nevat vaheldust pliiatsitele ja pintslitele, arendades keskendumisv\u00f5imet, loovust, silma-k\u00e4e koordinatsiooni ja peenmotoorikat.<\/p>\n<p><strong>M\u00f5\u00f5dud:<\/strong> 18 x 16 x 1,5 cm.<\/p>\n<p><strong>Materjal:<\/strong> Papp, paber ja kile.<\/p>\n<p><strong>Soovituslik vanus:<\/strong> Alates 3. eluaastast.<\/p>\n<p>Tutvu ka meie teiste <a href=\"https:\/\/sulin.ee\/tootekategooria\/mangimine\/kunstivahendid\/meisterdamine\/\">meisterdamisvahenditega<\/a>, mis pakuvad loovust, p\u00f5nevust ja r\u00f5\u00f5mu igas vanuses lastele!<\/p>\n","protected":false},"excerpt":{"rendered":"<p><strong>TARNE:<\/strong> 1-4 t\u00f6\u00f6p\u00e4eva<\/p>\n<p><strong>Little Dutch kraapimiskunsti &amp; v\u00e4rviraamat &#8220;Jim &amp; Friends&#8221; pakub lastele p\u00f5nevat kraapimis- ja v\u00e4rvimisr\u00f5\u00f5mu! Sisaldab 8 kraapimislehte, 2 plastikust kraapimislehte ja v\u00e4rvimislehti koos spetsiaalse kraapimispliiatsiga. Arendab loovust, peenmotoorikat ja keskendumisv\u00f5imet. Sobib lastele alates 3. eluaastast<\/strong>.<\/p>\n","protected":false},"featured_media":25223,"comment_status":"open","ping_status":"closed","template":"","meta":[],"product_brand":[],"product_cat":[110,1162,1165,1207,102,1017,1217],"product_tag":[],"class_list":{"0":"post-25206","1":"product","2":"type-product","3":"status-publish","4":"has-post-thumbnail","6":"product_cat-mangimine","7":"product_cat-kingituseks","8":"product_cat-3-5-aastat","9":"product_cat-raamatud","10":"product_cat-kunstivahendid","11":"product_cat-meisterdamine","12":"product_cat-little-dutch","13":"has-post-title","14":"has-post-date","15":"has-post-category","16":"has-post-tag","17":"has-post-comment","18":"has-post-author","19":"","21":"first","22":"instock","23":"sale","24":"taxable","25":"shipping-taxable","26":"purchasable","27":"product-type-simple"},"yoast_head":"<!-- This site is optimized with the Yoast SEO plugin v26.8 - https:\/\/yoast.com\/product\/yoast-seo-wordpress\/ -->\n<title>Little Dutch kraapimiskunsti &amp; v\u00e4rviraamat &quot;Jim &amp; Friends&quot; - sulin.ee<\/title>\n<meta name=\"description\" content=\"Little Dutch kraapimiskunsti &amp; v\u00e4rviraamat &quot;Jim &amp; Friends&quot; pakub lastele p\u00f5nevat kraapimis- ja v\u00e4rvimisr\u00f5\u00f5mu! Sobib lastele alates 3. eluaastast.\" \/>\n<meta name=\"robots\" content=\"index, follow, max-snippet:-1, max-image-preview:large, max-video-preview:-1\" \/>\n<link rel=\"canonical\" href=\"https:\/\/sulin.ee\/en\/toode\/little-dutch-kraapimiskunsti-varviraamat-jim-friends\/\" \/>\n<meta property=\"og:locale\" content=\"en_US\" \/>\n<meta property=\"og:type\" content=\"article\" \/>\n<meta property=\"og:title\" content=\"Little Dutch kraapimiskunsti &amp; v\u00e4rviraamat &quot;Jim &amp; Friends&quot; - sulin.ee\" \/>\n<meta property=\"og:description\" content=\"Little Dutch kraapimiskunsti &amp; v\u00e4rviraamat &quot;Jim &amp; Friends&quot; pakub lastele p\u00f5nevat kraapimis- ja v\u00e4rvimisr\u00f5\u00f5mu! Sobib lastele alates 3. eluaastast.\" \/>\n<meta property=\"og:url\" content=\"https:\/\/sulin.ee\/en\/toode\/little-dutch-kraapimiskunsti-varviraamat-jim-friends\/\" \/>\n<meta property=\"og:site_name\" content=\"sulin.ee\" \/>\n<meta property=\"article:publisher\" content=\"https:\/\/www.facebook.com\/www.sulin.ee\/\" \/>\n<meta property=\"article:modified_time\" content=\"2025-09-07T21:39:44+00:00\" \/>\n<meta property=\"og:image\" content=\"https:\/\/sulin.ee\/wp-content\/uploads\/2024\/12\/Piltide-korrektuurid-kodulehel-2024-12-05T142219.215.png\" \/>\n\t<meta property=\"og:image:width\" content=\"1080\" \/>\n\t<meta property=\"og:image:height\" content=\"1080\" \/>\n\t<meta property=\"og:image:type\" content=\"image\/png\" \/>\n<meta name=\"twitter:card\" content=\"summary_large_image\" \/>\n<meta name=\"twitter:label1\" content=\"Est. reading time\" \/>\n\t<meta name=\"twitter:data1\" content=\"1 minute\" \/>\n<script type=\"application\/ld+json\" class=\"yoast-schema-graph\">{\"@context\":\"https:\/\/schema.org\",\"@graph\":[{\"@type\":\"WebPage\",\"@id\":\"https:\/\/sulin.ee\/en\/toode\/little-dutch-kraapimiskunsti-varviraamat-jim-friends\/\",\"url\":\"https:\/\/sulin.ee\/en\/toode\/little-dutch-kraapimiskunsti-varviraamat-jim-friends\/\",\"name\":\"Little Dutch kraapimiskunsti & v\u00e4rviraamat \\\"Jim & Friends\\\" - sulin.ee\",\"isPartOf\":{\"@id\":\"https:\/\/sulin.ee\/en\/#website\"},\"primaryImageOfPage\":{\"@id\":\"https:\/\/sulin.ee\/en\/toode\/little-dutch-kraapimiskunsti-varviraamat-jim-friends\/#primaryimage\"},\"image\":{\"@id\":\"https:\/\/sulin.ee\/en\/toode\/little-dutch-kraapimiskunsti-varviraamat-jim-friends\/#primaryimage\"},\"thumbnailUrl\":\"https:\/\/sulin.ee\/wp-content\/uploads\/2024\/12\/Piltide-korrektuurid-kodulehel-2024-12-05T142219.215.png\",\"datePublished\":\"2024-12-05T13:58:12+00:00\",\"dateModified\":\"2025-09-07T21:39:44+00:00\",\"description\":\"Little Dutch kraapimiskunsti &amp; v\u00e4rviraamat \\\"Jim &amp; Friends\\\" pakub lastele p\u00f5nevat kraapimis- ja v\u00e4rvimisr\u00f5\u00f5mu! Sobib lastele alates 3. eluaastast.\",\"breadcrumb\":{\"@id\":\"https:\/\/sulin.ee\/en\/toode\/little-dutch-kraapimiskunsti-varviraamat-jim-friends\/#breadcrumb\"},\"inLanguage\":\"en-US\",\"potentialAction\":[{\"@type\":\"ReadAction\",\"target\":[\"https:\/\/sulin.ee\/en\/toode\/little-dutch-kraapimiskunsti-varviraamat-jim-friends\/\"]}]},{\"@type\":\"ImageObject\",\"inLanguage\":\"en-US\",\"@id\":\"https:\/\/sulin.ee\/en\/toode\/little-dutch-kraapimiskunsti-varviraamat-jim-friends\/#primaryimage\",\"url\":\"https:\/\/sulin.ee\/wp-content\/uploads\/2024\/12\/Piltide-korrektuurid-kodulehel-2024-12-05T142219.215.png\",\"contentUrl\":\"https:\/\/sulin.ee\/wp-content\/uploads\/2024\/12\/Piltide-korrektuurid-kodulehel-2024-12-05T142219.215.png\",\"width\":1080,\"height\":1080,\"caption\":\"Little Dutch kraapimiskunsti\"},{\"@type\":\"BreadcrumbList\",\"@id\":\"https:\/\/sulin.ee\/en\/toode\/little-dutch-kraapimiskunsti-varviraamat-jim-friends\/#breadcrumb\",\"itemListElement\":[{\"@type\":\"ListItem\",\"position\":1,\"name\":\"Home\",\"item\":\"https:\/\/sulin.ee\/en\/\"},{\"@type\":\"ListItem\",\"position\":2,\"name\":\"Sulin.ee e-pood\",\"item\":\"https:\/\/sulin.ee\/shop\/\"},{\"@type\":\"ListItem\",\"position\":3,\"name\":\"Little Dutch kraapimiskunsti &#038; v\u00e4rviraamat &#8220;Jim &#038; Friends&#8221;\"}]},{\"@type\":\"WebSite\",\"@id\":\"https:\/\/sulin.ee\/en\/#website\",\"url\":\"https:\/\/sulin.ee\/en\/\",\"name\":\"sulin.ee\",\"description\":\"\",\"publisher\":{\"@id\":\"https:\/\/sulin.ee\/en\/#organization\"},\"potentialAction\":[{\"@type\":\"SearchAction\",\"target\":{\"@type\":\"EntryPoint\",\"urlTemplate\":\"https:\/\/sulin.ee\/en\/?s={search_term_string}\"},\"query-input\":{\"@type\":\"PropertyValueSpecification\",\"valueRequired\":true,\"valueName\":\"search_term_string\"}}],\"inLanguage\":\"en-US\"},{\"@type\":\"Organization\",\"@id\":\"https:\/\/sulin.ee\/en\/#organization\",\"name\":\"SULIN TRADE O\u00dc\",\"url\":\"https:\/\/sulin.ee\/en\/\",\"logo\":{\"@type\":\"ImageObject\",\"inLanguage\":\"en-US\",\"@id\":\"https:\/\/sulin.ee\/en\/#\/schema\/logo\/image\/\",\"url\":\"https:\/\/sulin.ee\/wp-content\/uploads\/2022\/11\/sulin-logo.png\",\"contentUrl\":\"https:\/\/sulin.ee\/wp-content\/uploads\/2022\/11\/sulin-logo.png\",\"width\":871,\"height\":321,\"caption\":\"SULIN TRADE O\u00dc\"},\"image\":{\"@id\":\"https:\/\/sulin.ee\/en\/#\/schema\/logo\/image\/\"},\"sameAs\":[\"https:\/\/www.facebook.com\/www.sulin.ee\/\",\"https:\/\/www.instagram.com\/sulintrade\/\"]}]}<\/script>\n<!-- \/ Yoast SEO plugin. -->","yoast_head_json":{"title":"Little Dutch kraapimiskunsti & v\u00e4rviraamat \"Jim & Friends\" - sulin.ee","description":"Little Dutch kraapimiskunsti &amp; v\u00e4rviraamat \"Jim &amp; Friends\" pakub lastele p\u00f5nevat kraapimis- ja v\u00e4rvimisr\u00f5\u00f5mu! Sobib lastele alates 3. eluaastast.","robots":{"index":"index","follow":"follow","max-snippet":"max-snippet:-1","max-image-preview":"max-image-preview:large","max-video-preview":"max-video-preview:-1"},"canonical":"https:\/\/sulin.ee\/en\/toode\/little-dutch-kraapimiskunsti-varviraamat-jim-friends\/","og_locale":"en_US","og_type":"article","og_title":"Little Dutch kraapimiskunsti & v\u00e4rviraamat \"Jim & Friends\" - sulin.ee","og_description":"Little Dutch kraapimiskunsti &amp; v\u00e4rviraamat \"Jim &amp; Friends\" pakub lastele p\u00f5nevat kraapimis- ja v\u00e4rvimisr\u00f5\u00f5mu! Sobib lastele alates 3. eluaastast.","og_url":"https:\/\/sulin.ee\/en\/toode\/little-dutch-kraapimiskunsti-varviraamat-jim-friends\/","og_site_name":"sulin.ee","article_publisher":"https:\/\/www.facebook.com\/www.sulin.ee\/","article_modified_time":"2025-09-07T21:39:44+00:00","og_image":[{"width":1080,"height":1080,"url":"https:\/\/sulin.ee\/wp-content\/uploads\/2024\/12\/Piltide-korrektuurid-kodulehel-2024-12-05T142219.215.png","type":"image\/png"}],"twitter_card":"summary_large_image","twitter_misc":{"Est. reading time":"1 minute"},"schema":{"@context":"https:\/\/schema.org","@graph":[{"@type":"WebPage","@id":"https:\/\/sulin.ee\/en\/toode\/little-dutch-kraapimiskunsti-varviraamat-jim-friends\/","url":"https:\/\/sulin.ee\/en\/toode\/little-dutch-kraapimiskunsti-varviraamat-jim-friends\/","name":"Little Dutch kraapimiskunsti & v\u00e4rviraamat \"Jim & Friends\" - sulin.ee","isPartOf":{"@id":"https:\/\/sulin.ee\/en\/#website"},"primaryImageOfPage":{"@id":"https:\/\/sulin.ee\/en\/toode\/little-dutch-kraapimiskunsti-varviraamat-jim-friends\/#primaryimage"},"image":{"@id":"https:\/\/sulin.ee\/en\/toode\/little-dutch-kraapimiskunsti-varviraamat-jim-friends\/#primaryimage"},"thumbnailUrl":"https:\/\/sulin.ee\/wp-content\/uploads\/2024\/12\/Piltide-korrektuurid-kodulehel-2024-12-05T142219.215.png","datePublished":"2024-12-05T13:58:12+00:00","dateModified":"2025-09-07T21:39:44+00:00","description":"Little Dutch kraapimiskunsti &amp; v\u00e4rviraamat \"Jim &amp; Friends\" pakub lastele p\u00f5nevat kraapimis- ja v\u00e4rvimisr\u00f5\u00f5mu! Sobib lastele alates 3. eluaastast.","breadcrumb":{"@id":"https:\/\/sulin.ee\/en\/toode\/little-dutch-kraapimiskunsti-varviraamat-jim-friends\/#breadcrumb"},"inLanguage":"en-US","potentialAction":[{"@type":"ReadAction","target":["https:\/\/sulin.ee\/en\/toode\/little-dutch-kraapimiskunsti-varviraamat-jim-friends\/"]}]},{"@type":"ImageObject","inLanguage":"en-US","@id":"https:\/\/sulin.ee\/en\/toode\/little-dutch-kraapimiskunsti-varviraamat-jim-friends\/#primaryimage","url":"https:\/\/sulin.ee\/wp-content\/uploads\/2024\/12\/Piltide-korrektuurid-kodulehel-2024-12-05T142219.215.png","contentUrl":"https:\/\/sulin.ee\/wp-content\/uploads\/2024\/12\/Piltide-korrektuurid-kodulehel-2024-12-05T142219.215.png","width":1080,"height":1080,"caption":"Little Dutch kraapimiskunsti"},{"@type":"BreadcrumbList","@id":"https:\/\/sulin.ee\/en\/toode\/little-dutch-kraapimiskunsti-varviraamat-jim-friends\/#breadcrumb","itemListElement":[{"@type":"ListItem","position":1,"name":"Home","item":"https:\/\/sulin.ee\/en\/"},{"@type":"ListItem","position":2,"name":"Sulin.ee e-pood","item":"https:\/\/sulin.ee\/shop\/"},{"@type":"ListItem","position":3,"name":"Little Dutch kraapimiskunsti &#038; v\u00e4rviraamat &#8220;Jim &#038; Friends&#8221;"}]},{"@type":"WebSite","@id":"https:\/\/sulin.ee\/en\/#website","url":"https:\/\/sulin.ee\/en\/","name":"sulin.ee","description":"","publisher":{"@id":"https:\/\/sulin.ee\/en\/#organization"},"potentialAction":[{"@type":"SearchAction","target":{"@type":"EntryPoint","urlTemplate":"https:\/\/sulin.ee\/en\/?s={search_term_string}"},"query-input":{"@type":"PropertyValueSpecification","valueRequired":true,"valueName":"search_term_string"}}],"inLanguage":"en-US"},{"@type":"Organization","@id":"https:\/\/sulin.ee\/en\/#organization","name":"SULIN TRADE O\u00dc","url":"https:\/\/sulin.ee\/en\/","logo":{"@type":"ImageObject","inLanguage":"en-US","@id":"https:\/\/sulin.ee\/en\/#\/schema\/logo\/image\/","url":"https:\/\/sulin.ee\/wp-content\/uploads\/2022\/11\/sulin-logo.png","contentUrl":"https:\/\/sulin.ee\/wp-content\/uploads\/2022\/11\/sulin-logo.png","width":871,"height":321,"caption":"SULIN TRADE O\u00dc"},"image":{"@id":"https:\/\/sulin.ee\/en\/#\/schema\/logo\/image\/"},"sameAs":["https:\/\/www.facebook.com\/www.sulin.ee\/","https:\/\/www.instagram.com\/sulintrade\/"]}]}},"builder_content":"","_links":{"self":[{"href":"https:\/\/sulin.ee\/en\/wp-json\/wp\/v2\/product\/25206","targetHints":{"allow":["GET"]}}],"collection":[{"href":"https:\/\/sulin.ee\/en\/wp-json\/wp\/v2\/product"}],"about":[{"href":"https:\/\/sulin.ee\/en\/wp-json\/wp\/v2\/types\/product"}],"replies":[{"embeddable":true,"href":"https:\/\/sulin.ee\/en\/wp-json\/wp\/v2\/comments?post=25206"}],"wp:featuredmedia":[{"embeddable":true,"href":"https:\/\/sulin.ee\/en\/wp-json\/wp\/v2\/media\/25223"}],"wp:attachment":[{"href":"https:\/\/sulin.ee\/en\/wp-json\/wp\/v2\/media?parent=25206"}],"wp:term":[{"taxonomy":"product_brand","embeddable":true,"href":"https:\/\/sulin.ee\/en\/wp-json\/wp\/v2\/product_brand?post=25206"},{"taxonomy":"product_cat","embeddable":true,"href":"https:\/\/sulin.ee\/en\/wp-json\/wp\/v2\/product_cat?post=25206"},{"taxonomy":"product_tag","embeddable":true,"href":"https:\/\/sulin.ee\/en\/wp-json\/wp\/v2\/product_tag?post=25206"}],"curies":[{"name":"wp","href":"https:\/\/api.w.org\/{rel}","templated":true}]}}