{"id":25205,"date":"2024-12-05T13:58:13","date_gmt":"2024-12-05T13:58:13","guid":{"rendered":"https:\/\/sulin.ee\/?post_type=product&#038;p=25205"},"modified":"2025-09-07T21:47:35","modified_gmt":"2025-09-07T21:47:35","slug":"little-dutch-kasitoo-komplekt-karvapallidega-little-farm","status":"publish","type":"product","link":"https:\/\/sulin.ee\/en\/toode\/little-dutch-kasitoo-komplekt-karvapallidega-little-farm\/","title":{"rendered":"Little Dutch k\u00e4sit\u00f6\u00f6 komplekt karvapallidega &#8220;Little Farm&#8221;"},"content":{"rendered":"<p><strong>Little Dutch k\u00e4sit\u00f6\u00f6 komplekt karvapallidega &#8220;Little Farm&#8221; <\/strong>on l\u00f5bus ja arendav tegevus noortele kunstnikele! Selle komplekti abil saab luua ainulaadseid ja v\u00e4rvilisi kunstiteoseid, kleepides \u00f5iget v\u00e4rvi karvapallikesi lambale, kanale, lehmale ja seale. Iga loom muutub v\u00e4ikeses farmimaailmas elavaks kunstiks, pakkudes lastele r\u00f5\u00f5mu ja loovust igal sammul.<\/p>\n<p>See loominguline m\u00e4nguasi on suurep\u00e4rane v\u00f5imalus arendada peenmotoorikat, keskendumisv\u00f5imet ja v\u00e4rvitunnetust, pakkudes samal ajal palju l\u00f5busat ja harivat m\u00e4nguaega. <strong><a href=\"https:\/\/www.little-dutch.com\/en\">Little Dutch<\/a> k\u00e4sit\u00f6\u00f6 komplekt &#8220;Little Farm&#8221;<\/strong>\u00a0on ideaalne valik loovaks ajaveetmiseks nii kodus kui ka s\u00f5prade seltsis.<\/p>\n<p><strong>M\u00f5\u00f5dud:<\/strong> 17 x 22 x 3,5 cm.<\/p>\n<p><strong>Vanus:<\/strong> Sobib lastele alates 3. eluaastast.<\/p>\n<p><strong>Hoiatus:<\/strong> Ei sobi alla 3-aastastele lastele.<\/p>\n<p>Tutvu ka meie teiste <a href=\"https:\/\/sulin.ee\/tootekategooria\/mangimine\/kunstivahendid\/meisterdamine\/\">meisterdamisvahenditega<\/a>, mis pakuvad loovust, p\u00f5nevust ja r\u00f5\u00f5mu igas vanuses lastele!<\/p>\n","protected":false},"excerpt":{"rendered":"<p><strong>TARNE:<\/strong> 1-4 t\u00f6\u00f6p\u00e4eva<\/p>\n<p><strong>Little Dutch k\u00e4sit\u00f6\u00f6 komplekt karvapallidega &#8220;Little Farm&#8221; pakub l\u00f5busat ja loovat tegevust noortele kunstnikele! Kleepides v\u00e4rvilisi karvapalle loomadele, saavad lapsed luua vahvaid kunstiteoseid, arendades samal ajal peenmotoorikat, keskendumist ja loovust. Sobib suurep\u00e4raselt m\u00e4ngimiseks nii \u00fcksi kui ka s\u00f5pradega!<\/strong><\/p>\n","protected":false},"featured_media":25202,"comment_status":"open","ping_status":"closed","template":"","meta":[],"product_brand":[],"product_cat":[110,1162,1165,102,1017,1217],"product_tag":[],"class_list":{"0":"post-25205","1":"product","2":"type-product","3":"status-publish","4":"has-post-thumbnail","6":"product_cat-mangimine","7":"product_cat-kingituseks","8":"product_cat-3-5-aastat","9":"product_cat-kunstivahendid","10":"product_cat-meisterdamine","11":"product_cat-little-dutch","12":"has-post-title","13":"has-post-date","14":"has-post-category","15":"has-post-tag","16":"has-post-comment","17":"has-post-author","18":"","20":"first","21":"instock","22":"sale","23":"taxable","24":"shipping-taxable","25":"purchasable","26":"product-type-simple"},"yoast_head":"<!-- This site is optimized with the Yoast SEO plugin v26.8 - https:\/\/yoast.com\/product\/yoast-seo-wordpress\/ -->\n<title>Little Dutch k\u00e4sit\u00f6\u00f6 komplekt karvapallidega &quot;Little Farm&quot; - sulin.ee<\/title>\n<meta name=\"description\" content=\"Little Dutch k\u00e4sit\u00f6\u00f6 komplekt karvapallidega &quot;Little Farm&quot; pakub l\u00f5busat ja loovat tegevust. Lapsed saavad luua vahvaid kunstiteoseid.\" \/>\n<meta name=\"robots\" content=\"index, follow, max-snippet:-1, max-image-preview:large, max-video-preview:-1\" \/>\n<link rel=\"canonical\" href=\"https:\/\/sulin.ee\/en\/toode\/little-dutch-kasitoo-komplekt-karvapallidega-little-farm\/\" \/>\n<meta property=\"og:locale\" content=\"en_US\" \/>\n<meta property=\"og:type\" content=\"article\" \/>\n<meta property=\"og:title\" content=\"Little Dutch k\u00e4sit\u00f6\u00f6 komplekt karvapallidega &quot;Little Farm&quot; - sulin.ee\" \/>\n<meta property=\"og:description\" content=\"Little Dutch k\u00e4sit\u00f6\u00f6 komplekt karvapallidega &quot;Little Farm&quot; pakub l\u00f5busat ja loovat tegevust. Lapsed saavad luua vahvaid kunstiteoseid.\" \/>\n<meta property=\"og:url\" content=\"https:\/\/sulin.ee\/en\/toode\/little-dutch-kasitoo-komplekt-karvapallidega-little-farm\/\" \/>\n<meta property=\"og:site_name\" content=\"sulin.ee\" \/>\n<meta property=\"article:publisher\" content=\"https:\/\/www.facebook.com\/www.sulin.ee\/\" \/>\n<meta property=\"article:modified_time\" content=\"2025-09-07T21:47:35+00:00\" \/>\n<meta property=\"og:image\" content=\"https:\/\/sulin.ee\/wp-content\/uploads\/2024\/12\/Piltide-korrektuurid-kodulehel-2024-12-05T105145.931.png\" \/>\n\t<meta property=\"og:image:width\" content=\"1080\" \/>\n\t<meta property=\"og:image:height\" content=\"1080\" \/>\n\t<meta property=\"og:image:type\" content=\"image\/png\" \/>\n<meta name=\"twitter:card\" content=\"summary_large_image\" \/>\n<meta name=\"twitter:label1\" content=\"Est. reading time\" \/>\n\t<meta name=\"twitter:data1\" content=\"1 minute\" \/>\n<script type=\"application\/ld+json\" class=\"yoast-schema-graph\">{\"@context\":\"https:\/\/schema.org\",\"@graph\":[{\"@type\":\"WebPage\",\"@id\":\"https:\/\/sulin.ee\/en\/toode\/little-dutch-kasitoo-komplekt-karvapallidega-little-farm\/\",\"url\":\"https:\/\/sulin.ee\/en\/toode\/little-dutch-kasitoo-komplekt-karvapallidega-little-farm\/\",\"name\":\"Little Dutch k\u00e4sit\u00f6\u00f6 komplekt karvapallidega \\\"Little Farm\\\" - sulin.ee\",\"isPartOf\":{\"@id\":\"https:\/\/sulin.ee\/en\/#website\"},\"primaryImageOfPage\":{\"@id\":\"https:\/\/sulin.ee\/en\/toode\/little-dutch-kasitoo-komplekt-karvapallidega-little-farm\/#primaryimage\"},\"image\":{\"@id\":\"https:\/\/sulin.ee\/en\/toode\/little-dutch-kasitoo-komplekt-karvapallidega-little-farm\/#primaryimage\"},\"thumbnailUrl\":\"https:\/\/sulin.ee\/wp-content\/uploads\/2024\/12\/Piltide-korrektuurid-kodulehel-2024-12-05T105145.931.png\",\"datePublished\":\"2024-12-05T13:58:13+00:00\",\"dateModified\":\"2025-09-07T21:47:35+00:00\",\"description\":\"Little Dutch k\u00e4sit\u00f6\u00f6 komplekt karvapallidega \\\"Little Farm\\\" pakub l\u00f5busat ja loovat tegevust. Lapsed saavad luua vahvaid kunstiteoseid.\",\"breadcrumb\":{\"@id\":\"https:\/\/sulin.ee\/en\/toode\/little-dutch-kasitoo-komplekt-karvapallidega-little-farm\/#breadcrumb\"},\"inLanguage\":\"en-US\",\"potentialAction\":[{\"@type\":\"ReadAction\",\"target\":[\"https:\/\/sulin.ee\/en\/toode\/little-dutch-kasitoo-komplekt-karvapallidega-little-farm\/\"]}]},{\"@type\":\"ImageObject\",\"inLanguage\":\"en-US\",\"@id\":\"https:\/\/sulin.ee\/en\/toode\/little-dutch-kasitoo-komplekt-karvapallidega-little-farm\/#primaryimage\",\"url\":\"https:\/\/sulin.ee\/wp-content\/uploads\/2024\/12\/Piltide-korrektuurid-kodulehel-2024-12-05T105145.931.png\",\"contentUrl\":\"https:\/\/sulin.ee\/wp-content\/uploads\/2024\/12\/Piltide-korrektuurid-kodulehel-2024-12-05T105145.931.png\",\"width\":1080,\"height\":1080,\"caption\":\"Little Dutch k\u00e4sit\u00f6\u00f6 komplekt\"},{\"@type\":\"BreadcrumbList\",\"@id\":\"https:\/\/sulin.ee\/en\/toode\/little-dutch-kasitoo-komplekt-karvapallidega-little-farm\/#breadcrumb\",\"itemListElement\":[{\"@type\":\"ListItem\",\"position\":1,\"name\":\"Home\",\"item\":\"https:\/\/sulin.ee\/en\/\"},{\"@type\":\"ListItem\",\"position\":2,\"name\":\"Sulin.ee e-pood\",\"item\":\"https:\/\/sulin.ee\/shop\/\"},{\"@type\":\"ListItem\",\"position\":3,\"name\":\"Little Dutch k\u00e4sit\u00f6\u00f6 komplekt karvapallidega &#8220;Little Farm&#8221;\"}]},{\"@type\":\"WebSite\",\"@id\":\"https:\/\/sulin.ee\/en\/#website\",\"url\":\"https:\/\/sulin.ee\/en\/\",\"name\":\"sulin.ee\",\"description\":\"\",\"publisher\":{\"@id\":\"https:\/\/sulin.ee\/en\/#organization\"},\"potentialAction\":[{\"@type\":\"SearchAction\",\"target\":{\"@type\":\"EntryPoint\",\"urlTemplate\":\"https:\/\/sulin.ee\/en\/?s={search_term_string}\"},\"query-input\":{\"@type\":\"PropertyValueSpecification\",\"valueRequired\":true,\"valueName\":\"search_term_string\"}}],\"inLanguage\":\"en-US\"},{\"@type\":\"Organization\",\"@id\":\"https:\/\/sulin.ee\/en\/#organization\",\"name\":\"SULIN TRADE O\u00dc\",\"url\":\"https:\/\/sulin.ee\/en\/\",\"logo\":{\"@type\":\"ImageObject\",\"inLanguage\":\"en-US\",\"@id\":\"https:\/\/sulin.ee\/en\/#\/schema\/logo\/image\/\",\"url\":\"https:\/\/sulin.ee\/wp-content\/uploads\/2022\/11\/sulin-logo.png\",\"contentUrl\":\"https:\/\/sulin.ee\/wp-content\/uploads\/2022\/11\/sulin-logo.png\",\"width\":871,\"height\":321,\"caption\":\"SULIN TRADE O\u00dc\"},\"image\":{\"@id\":\"https:\/\/sulin.ee\/en\/#\/schema\/logo\/image\/\"},\"sameAs\":[\"https:\/\/www.facebook.com\/www.sulin.ee\/\",\"https:\/\/www.instagram.com\/sulintrade\/\"]}]}<\/script>\n<!-- \/ Yoast SEO plugin. -->","yoast_head_json":{"title":"Little Dutch k\u00e4sit\u00f6\u00f6 komplekt karvapallidega \"Little Farm\" - sulin.ee","description":"Little Dutch k\u00e4sit\u00f6\u00f6 komplekt karvapallidega \"Little Farm\" pakub l\u00f5busat ja loovat tegevust. Lapsed saavad luua vahvaid kunstiteoseid.","robots":{"index":"index","follow":"follow","max-snippet":"max-snippet:-1","max-image-preview":"max-image-preview:large","max-video-preview":"max-video-preview:-1"},"canonical":"https:\/\/sulin.ee\/en\/toode\/little-dutch-kasitoo-komplekt-karvapallidega-little-farm\/","og_locale":"en_US","og_type":"article","og_title":"Little Dutch k\u00e4sit\u00f6\u00f6 komplekt karvapallidega \"Little Farm\" - sulin.ee","og_description":"Little Dutch k\u00e4sit\u00f6\u00f6 komplekt karvapallidega \"Little Farm\" pakub l\u00f5busat ja loovat tegevust. Lapsed saavad luua vahvaid kunstiteoseid.","og_url":"https:\/\/sulin.ee\/en\/toode\/little-dutch-kasitoo-komplekt-karvapallidega-little-farm\/","og_site_name":"sulin.ee","article_publisher":"https:\/\/www.facebook.com\/www.sulin.ee\/","article_modified_time":"2025-09-07T21:47:35+00:00","og_image":[{"width":1080,"height":1080,"url":"https:\/\/sulin.ee\/wp-content\/uploads\/2024\/12\/Piltide-korrektuurid-kodulehel-2024-12-05T105145.931.png","type":"image\/png"}],"twitter_card":"summary_large_image","twitter_misc":{"Est. reading time":"1 minute"},"schema":{"@context":"https:\/\/schema.org","@graph":[{"@type":"WebPage","@id":"https:\/\/sulin.ee\/en\/toode\/little-dutch-kasitoo-komplekt-karvapallidega-little-farm\/","url":"https:\/\/sulin.ee\/en\/toode\/little-dutch-kasitoo-komplekt-karvapallidega-little-farm\/","name":"Little Dutch k\u00e4sit\u00f6\u00f6 komplekt karvapallidega \"Little Farm\" - sulin.ee","isPartOf":{"@id":"https:\/\/sulin.ee\/en\/#website"},"primaryImageOfPage":{"@id":"https:\/\/sulin.ee\/en\/toode\/little-dutch-kasitoo-komplekt-karvapallidega-little-farm\/#primaryimage"},"image":{"@id":"https:\/\/sulin.ee\/en\/toode\/little-dutch-kasitoo-komplekt-karvapallidega-little-farm\/#primaryimage"},"thumbnailUrl":"https:\/\/sulin.ee\/wp-content\/uploads\/2024\/12\/Piltide-korrektuurid-kodulehel-2024-12-05T105145.931.png","datePublished":"2024-12-05T13:58:13+00:00","dateModified":"2025-09-07T21:47:35+00:00","description":"Little Dutch k\u00e4sit\u00f6\u00f6 komplekt karvapallidega \"Little Farm\" pakub l\u00f5busat ja loovat tegevust. Lapsed saavad luua vahvaid kunstiteoseid.","breadcrumb":{"@id":"https:\/\/sulin.ee\/en\/toode\/little-dutch-kasitoo-komplekt-karvapallidega-little-farm\/#breadcrumb"},"inLanguage":"en-US","potentialAction":[{"@type":"ReadAction","target":["https:\/\/sulin.ee\/en\/toode\/little-dutch-kasitoo-komplekt-karvapallidega-little-farm\/"]}]},{"@type":"ImageObject","inLanguage":"en-US","@id":"https:\/\/sulin.ee\/en\/toode\/little-dutch-kasitoo-komplekt-karvapallidega-little-farm\/#primaryimage","url":"https:\/\/sulin.ee\/wp-content\/uploads\/2024\/12\/Piltide-korrektuurid-kodulehel-2024-12-05T105145.931.png","contentUrl":"https:\/\/sulin.ee\/wp-content\/uploads\/2024\/12\/Piltide-korrektuurid-kodulehel-2024-12-05T105145.931.png","width":1080,"height":1080,"caption":"Little Dutch k\u00e4sit\u00f6\u00f6 komplekt"},{"@type":"BreadcrumbList","@id":"https:\/\/sulin.ee\/en\/toode\/little-dutch-kasitoo-komplekt-karvapallidega-little-farm\/#breadcrumb","itemListElement":[{"@type":"ListItem","position":1,"name":"Home","item":"https:\/\/sulin.ee\/en\/"},{"@type":"ListItem","position":2,"name":"Sulin.ee e-pood","item":"https:\/\/sulin.ee\/shop\/"},{"@type":"ListItem","position":3,"name":"Little Dutch k\u00e4sit\u00f6\u00f6 komplekt karvapallidega &#8220;Little Farm&#8221;"}]},{"@type":"WebSite","@id":"https:\/\/sulin.ee\/en\/#website","url":"https:\/\/sulin.ee\/en\/","name":"sulin.ee","description":"","publisher":{"@id":"https:\/\/sulin.ee\/en\/#organization"},"potentialAction":[{"@type":"SearchAction","target":{"@type":"EntryPoint","urlTemplate":"https:\/\/sulin.ee\/en\/?s={search_term_string}"},"query-input":{"@type":"PropertyValueSpecification","valueRequired":true,"valueName":"search_term_string"}}],"inLanguage":"en-US"},{"@type":"Organization","@id":"https:\/\/sulin.ee\/en\/#organization","name":"SULIN TRADE O\u00dc","url":"https:\/\/sulin.ee\/en\/","logo":{"@type":"ImageObject","inLanguage":"en-US","@id":"https:\/\/sulin.ee\/en\/#\/schema\/logo\/image\/","url":"https:\/\/sulin.ee\/wp-content\/uploads\/2022\/11\/sulin-logo.png","contentUrl":"https:\/\/sulin.ee\/wp-content\/uploads\/2022\/11\/sulin-logo.png","width":871,"height":321,"caption":"SULIN TRADE O\u00dc"},"image":{"@id":"https:\/\/sulin.ee\/en\/#\/schema\/logo\/image\/"},"sameAs":["https:\/\/www.facebook.com\/www.sulin.ee\/","https:\/\/www.instagram.com\/sulintrade\/"]}]}},"builder_content":"","_links":{"self":[{"href":"https:\/\/sulin.ee\/en\/wp-json\/wp\/v2\/product\/25205","targetHints":{"allow":["GET"]}}],"collection":[{"href":"https:\/\/sulin.ee\/en\/wp-json\/wp\/v2\/product"}],"about":[{"href":"https:\/\/sulin.ee\/en\/wp-json\/wp\/v2\/types\/product"}],"replies":[{"embeddable":true,"href":"https:\/\/sulin.ee\/en\/wp-json\/wp\/v2\/comments?post=25205"}],"wp:featuredmedia":[{"embeddable":true,"href":"https:\/\/sulin.ee\/en\/wp-json\/wp\/v2\/media\/25202"}],"wp:attachment":[{"href":"https:\/\/sulin.ee\/en\/wp-json\/wp\/v2\/media?parent=25205"}],"wp:term":[{"taxonomy":"product_brand","embeddable":true,"href":"https:\/\/sulin.ee\/en\/wp-json\/wp\/v2\/product_brand?post=25205"},{"taxonomy":"product_cat","embeddable":true,"href":"https:\/\/sulin.ee\/en\/wp-json\/wp\/v2\/product_cat?post=25205"},{"taxonomy":"product_tag","embeddable":true,"href":"https:\/\/sulin.ee\/en\/wp-json\/wp\/v2\/product_tag?post=25205"}],"curies":[{"name":"wp","href":"https:\/\/api.w.org\/{rel}","templated":true}]}}