{"id":25133,"date":"2024-12-02T12:37:00","date_gmt":"2024-12-02T12:37:00","guid":{"rendered":"https:\/\/sulin.ee\/?post_type=product&#038;p=25133"},"modified":"2025-09-07T21:39:45","modified_gmt":"2025-09-07T21:39:45","slug":"pehme-koristi-kaisukaru-natural","status":"publish","type":"product","link":"https:\/\/sulin.ee\/en\/toode\/pehme-koristi-kaisukaru-natural\/","title":{"rendered":"Jollein pehme k\u00f5risti &#8220;Kaisukaru&#8221; &#8211; Natural"},"content":{"rendered":"<p><strong>Jollein pehme k\u00f5risti &#8220;Kaisukaru&#8221; &#8211; Natural<\/strong> on armas ja praktiline m\u00e4nguasi, mis pakub beebile tundideks r\u00f5\u00f5mu ja avastamisv\u00f5imalusi. Selle kootud disain ja loodusl\u00e4hedane v\u00e4rvitoon teevad sellest esteetiliselt kauni ja rahustava kaaslase. Armsa kaisukaru kujundusega k\u00f5risti sobib ideaalselt v\u00e4ikestele k\u00e4tele, aidates arendada haaramisoskust ja motoorikat.<\/p>\n<p>\u00d5rnalt helisevad kellukesed lisavad m\u00e4ngule helilise m\u00f5\u00f5tme, stimuleerides beebi kuulmismeelt. K\u00f5risti on valmistatud pehmest ja kvaliteetsest kangast, mis on lapsele turvaline ja meeldiv puudutada.<\/p>\n<p><strong>M\u00f5\u00f5dud:<\/strong> Pikkus 14 cm.<\/p>\n<p><strong><a href=\"https:\/\/jollein.com\/\">Jollein <\/a><\/strong>pehme k\u00f5risti &#8220;Kaisukaru&#8221; &#8211; Natural on suurep\u00e4rane valik, mis \u00fchendab praktilisuse ja armsa disaini, olles ideaalne kingitus vasts\u00fcndinule v\u00f5i v\u00e4ikesele avastajale!<\/p>\n<p>Avasta ka meie teised vahvad <a href=\"https:\/\/sulin.ee\/tootekategooria\/beebile\/manguasjad\/\">m\u00e4nguasjad beebidele<\/a>, mis pakuvad r\u00f5\u00f5mu, arendavad oskusi ja toovad igasse p\u00e4eva m\u00e4ngulusti!<\/p>\n","protected":false},"excerpt":{"rendered":"<p><strong>Pehme k\u00f5risti &#8220;Kaisukaru&#8221; &#8211; Natural on 14 cm pikkune armas ja praktiline m\u00e4nguasi, mille kootud disain ja \u00f5rnalt helisevad kellukesed arendavad beebi motoorikat ja kuulmismeelt. Ideaalne v\u00e4ikestele k\u00e4tele ja rahustav kaaslane igap\u00e4evasteks avastusteks!<\/strong><\/p>\n","protected":false},"featured_media":25137,"comment_status":"open","ping_status":"closed","template":"","meta":[],"product_brand":[],"product_cat":[1163,179,776,1162,998,769],"product_tag":[],"class_list":{"0":"post-25133","1":"product","2":"type-product","3":"status-publish","4":"has-post-thumbnail","6":"product_cat-0-1-aasta","7":"product_cat-beebile","8":"product_cat-jollein-2","9":"product_cat-kingituseks","10":"product_cat-korinad","11":"product_cat-manguasjad","12":"has-post-title","13":"has-post-date","14":"has-post-category","15":"has-post-tag","16":"has-post-comment","17":"has-post-author","18":"","20":"first","21":"instock","22":"sale","23":"taxable","24":"shipping-taxable","25":"purchasable","26":"product-type-simple"},"yoast_head":"<!-- This site is optimized with the Yoast SEO plugin v27.6 - https:\/\/yoast.com\/product\/yoast-seo-wordpress\/ -->\n<title>Jollein pehme k\u00f5risti &quot;Kaisukaru&quot; - Natural - sulin.ee<\/title>\n<meta name=\"description\" content=\"Jollein pehme k\u00f5risti Kaisukaru - Natural on 14 cm pikkune armas ja praktiline m\u00e4nguasi, mille kootud disain ja \u00f5rnalt helisevad kellukesed\" \/>\n<meta name=\"robots\" content=\"index, follow, max-snippet:-1, max-image-preview:large, max-video-preview:-1\" \/>\n<link rel=\"canonical\" href=\"https:\/\/sulin.ee\/en\/toode\/pehme-koristi-kaisukaru-natural\/\" \/>\n<meta property=\"og:locale\" content=\"en_US\" \/>\n<meta property=\"og:type\" content=\"article\" \/>\n<meta property=\"og:title\" content=\"Jollein pehme k\u00f5risti &quot;Kaisukaru&quot; - Natural - sulin.ee\" \/>\n<meta property=\"og:description\" content=\"Jollein pehme k\u00f5risti Kaisukaru - Natural on 14 cm pikkune armas ja praktiline m\u00e4nguasi, mille kootud disain ja \u00f5rnalt helisevad kellukesed\" \/>\n<meta property=\"og:url\" content=\"https:\/\/sulin.ee\/en\/toode\/pehme-koristi-kaisukaru-natural\/\" \/>\n<meta property=\"og:site_name\" content=\"sulin.ee\" \/>\n<meta property=\"article:publisher\" content=\"https:\/\/www.facebook.com\/www.sulin.ee\/\" \/>\n<meta property=\"article:modified_time\" content=\"2025-09-07T21:39:45+00:00\" \/>\n<meta property=\"og:image\" content=\"https:\/\/sulin.ee\/wp-content\/uploads\/2024\/12\/Piltide-korrektuurid-kodulehel-2024-12-02T143526.028.png\" \/>\n\t<meta property=\"og:image:width\" content=\"1080\" \/>\n\t<meta property=\"og:image:height\" content=\"1080\" \/>\n\t<meta property=\"og:image:type\" content=\"image\/png\" \/>\n<meta name=\"twitter:card\" content=\"summary_large_image\" \/>\n<meta name=\"twitter:label1\" content=\"Est. reading time\" \/>\n\t<meta name=\"twitter:data1\" content=\"1 minute\" \/>\n<script type=\"application\/ld+json\" class=\"yoast-schema-graph\">{\"@context\":\"https:\\\/\\\/schema.org\",\"@graph\":[{\"@type\":\"WebPage\",\"@id\":\"https:\\\/\\\/sulin.ee\\\/en\\\/toode\\\/pehme-koristi-kaisukaru-natural\\\/\",\"url\":\"https:\\\/\\\/sulin.ee\\\/en\\\/toode\\\/pehme-koristi-kaisukaru-natural\\\/\",\"name\":\"Jollein pehme k\u00f5risti \\\"Kaisukaru\\\" - Natural - sulin.ee\",\"isPartOf\":{\"@id\":\"https:\\\/\\\/sulin.ee\\\/en\\\/#website\"},\"primaryImageOfPage\":{\"@id\":\"https:\\\/\\\/sulin.ee\\\/en\\\/toode\\\/pehme-koristi-kaisukaru-natural\\\/#primaryimage\"},\"image\":{\"@id\":\"https:\\\/\\\/sulin.ee\\\/en\\\/toode\\\/pehme-koristi-kaisukaru-natural\\\/#primaryimage\"},\"thumbnailUrl\":\"https:\\\/\\\/sulin.ee\\\/wp-content\\\/uploads\\\/2024\\\/12\\\/Piltide-korrektuurid-kodulehel-2024-12-02T143526.028.png\",\"datePublished\":\"2024-12-02T12:37:00+00:00\",\"dateModified\":\"2025-09-07T21:39:45+00:00\",\"description\":\"Jollein pehme k\u00f5risti Kaisukaru - Natural on 14 cm pikkune armas ja praktiline m\u00e4nguasi, mille kootud disain ja \u00f5rnalt helisevad kellukesed\",\"breadcrumb\":{\"@id\":\"https:\\\/\\\/sulin.ee\\\/en\\\/toode\\\/pehme-koristi-kaisukaru-natural\\\/#breadcrumb\"},\"inLanguage\":\"en-US\",\"potentialAction\":[{\"@type\":\"ReadAction\",\"target\":[\"https:\\\/\\\/sulin.ee\\\/en\\\/toode\\\/pehme-koristi-kaisukaru-natural\\\/\"]}]},{\"@type\":\"ImageObject\",\"inLanguage\":\"en-US\",\"@id\":\"https:\\\/\\\/sulin.ee\\\/en\\\/toode\\\/pehme-koristi-kaisukaru-natural\\\/#primaryimage\",\"url\":\"https:\\\/\\\/sulin.ee\\\/wp-content\\\/uploads\\\/2024\\\/12\\\/Piltide-korrektuurid-kodulehel-2024-12-02T143526.028.png\",\"contentUrl\":\"https:\\\/\\\/sulin.ee\\\/wp-content\\\/uploads\\\/2024\\\/12\\\/Piltide-korrektuurid-kodulehel-2024-12-02T143526.028.png\",\"width\":1080,\"height\":1080,\"caption\":\"Jollein pehme k\u00f5risti \\\"Kaisukaru\\\"\"},{\"@type\":\"BreadcrumbList\",\"@id\":\"https:\\\/\\\/sulin.ee\\\/en\\\/toode\\\/pehme-koristi-kaisukaru-natural\\\/#breadcrumb\",\"itemListElement\":[{\"@type\":\"ListItem\",\"position\":1,\"name\":\"Home\",\"item\":\"https:\\\/\\\/sulin.ee\\\/en\\\/\"},{\"@type\":\"ListItem\",\"position\":2,\"name\":\"Sulin.ee e-pood\",\"item\":\"https:\\\/\\\/sulin.ee\\\/shop\\\/\"},{\"@type\":\"ListItem\",\"position\":3,\"name\":\"Jollein pehme k\u00f5risti &#8220;Kaisukaru&#8221; &#8211; Natural\"}]},{\"@type\":\"WebSite\",\"@id\":\"https:\\\/\\\/sulin.ee\\\/en\\\/#website\",\"url\":\"https:\\\/\\\/sulin.ee\\\/en\\\/\",\"name\":\"sulin.ee\",\"description\":\"\",\"publisher\":{\"@id\":\"https:\\\/\\\/sulin.ee\\\/en\\\/#organization\"},\"potentialAction\":[{\"@type\":\"SearchAction\",\"target\":{\"@type\":\"EntryPoint\",\"urlTemplate\":\"https:\\\/\\\/sulin.ee\\\/en\\\/?s={search_term_string}\"},\"query-input\":{\"@type\":\"PropertyValueSpecification\",\"valueRequired\":true,\"valueName\":\"search_term_string\"}}],\"inLanguage\":\"en-US\"},{\"@type\":\"Organization\",\"@id\":\"https:\\\/\\\/sulin.ee\\\/en\\\/#organization\",\"name\":\"SULIN TRADE O\u00dc\",\"url\":\"https:\\\/\\\/sulin.ee\\\/en\\\/\",\"logo\":{\"@type\":\"ImageObject\",\"inLanguage\":\"en-US\",\"@id\":\"https:\\\/\\\/sulin.ee\\\/en\\\/#\\\/schema\\\/logo\\\/image\\\/\",\"url\":\"https:\\\/\\\/sulin.ee\\\/wp-content\\\/uploads\\\/2022\\\/11\\\/sulin-logo.png\",\"contentUrl\":\"https:\\\/\\\/sulin.ee\\\/wp-content\\\/uploads\\\/2022\\\/11\\\/sulin-logo.png\",\"width\":871,\"height\":321,\"caption\":\"SULIN TRADE O\u00dc\"},\"image\":{\"@id\":\"https:\\\/\\\/sulin.ee\\\/en\\\/#\\\/schema\\\/logo\\\/image\\\/\"},\"sameAs\":[\"https:\\\/\\\/www.facebook.com\\\/www.sulin.ee\\\/\",\"https:\\\/\\\/www.instagram.com\\\/sulintrade\\\/\"]}]}<\/script>\n<!-- \/ Yoast SEO plugin. -->","yoast_head_json":{"title":"Jollein pehme k\u00f5risti \"Kaisukaru\" - Natural - sulin.ee","description":"Jollein pehme k\u00f5risti Kaisukaru - Natural on 14 cm pikkune armas ja praktiline m\u00e4nguasi, mille kootud disain ja \u00f5rnalt helisevad kellukesed","robots":{"index":"index","follow":"follow","max-snippet":"max-snippet:-1","max-image-preview":"max-image-preview:large","max-video-preview":"max-video-preview:-1"},"canonical":"https:\/\/sulin.ee\/en\/toode\/pehme-koristi-kaisukaru-natural\/","og_locale":"en_US","og_type":"article","og_title":"Jollein pehme k\u00f5risti \"Kaisukaru\" - Natural - sulin.ee","og_description":"Jollein pehme k\u00f5risti Kaisukaru - Natural on 14 cm pikkune armas ja praktiline m\u00e4nguasi, mille kootud disain ja \u00f5rnalt helisevad kellukesed","og_url":"https:\/\/sulin.ee\/en\/toode\/pehme-koristi-kaisukaru-natural\/","og_site_name":"sulin.ee","article_publisher":"https:\/\/www.facebook.com\/www.sulin.ee\/","article_modified_time":"2025-09-07T21:39:45+00:00","og_image":[{"width":1080,"height":1080,"url":"https:\/\/sulin.ee\/wp-content\/uploads\/2024\/12\/Piltide-korrektuurid-kodulehel-2024-12-02T143526.028.png","type":"image\/png"}],"twitter_card":"summary_large_image","twitter_misc":{"Est. reading time":"1 minute"},"schema":{"@context":"https:\/\/schema.org","@graph":[{"@type":"WebPage","@id":"https:\/\/sulin.ee\/en\/toode\/pehme-koristi-kaisukaru-natural\/","url":"https:\/\/sulin.ee\/en\/toode\/pehme-koristi-kaisukaru-natural\/","name":"Jollein pehme k\u00f5risti \"Kaisukaru\" - Natural - sulin.ee","isPartOf":{"@id":"https:\/\/sulin.ee\/en\/#website"},"primaryImageOfPage":{"@id":"https:\/\/sulin.ee\/en\/toode\/pehme-koristi-kaisukaru-natural\/#primaryimage"},"image":{"@id":"https:\/\/sulin.ee\/en\/toode\/pehme-koristi-kaisukaru-natural\/#primaryimage"},"thumbnailUrl":"https:\/\/sulin.ee\/wp-content\/uploads\/2024\/12\/Piltide-korrektuurid-kodulehel-2024-12-02T143526.028.png","datePublished":"2024-12-02T12:37:00+00:00","dateModified":"2025-09-07T21:39:45+00:00","description":"Jollein pehme k\u00f5risti Kaisukaru - Natural on 14 cm pikkune armas ja praktiline m\u00e4nguasi, mille kootud disain ja \u00f5rnalt helisevad kellukesed","breadcrumb":{"@id":"https:\/\/sulin.ee\/en\/toode\/pehme-koristi-kaisukaru-natural\/#breadcrumb"},"inLanguage":"en-US","potentialAction":[{"@type":"ReadAction","target":["https:\/\/sulin.ee\/en\/toode\/pehme-koristi-kaisukaru-natural\/"]}]},{"@type":"ImageObject","inLanguage":"en-US","@id":"https:\/\/sulin.ee\/en\/toode\/pehme-koristi-kaisukaru-natural\/#primaryimage","url":"https:\/\/sulin.ee\/wp-content\/uploads\/2024\/12\/Piltide-korrektuurid-kodulehel-2024-12-02T143526.028.png","contentUrl":"https:\/\/sulin.ee\/wp-content\/uploads\/2024\/12\/Piltide-korrektuurid-kodulehel-2024-12-02T143526.028.png","width":1080,"height":1080,"caption":"Jollein pehme k\u00f5risti \"Kaisukaru\""},{"@type":"BreadcrumbList","@id":"https:\/\/sulin.ee\/en\/toode\/pehme-koristi-kaisukaru-natural\/#breadcrumb","itemListElement":[{"@type":"ListItem","position":1,"name":"Home","item":"https:\/\/sulin.ee\/en\/"},{"@type":"ListItem","position":2,"name":"Sulin.ee e-pood","item":"https:\/\/sulin.ee\/shop\/"},{"@type":"ListItem","position":3,"name":"Jollein pehme k\u00f5risti &#8220;Kaisukaru&#8221; &#8211; Natural"}]},{"@type":"WebSite","@id":"https:\/\/sulin.ee\/en\/#website","url":"https:\/\/sulin.ee\/en\/","name":"sulin.ee","description":"","publisher":{"@id":"https:\/\/sulin.ee\/en\/#organization"},"potentialAction":[{"@type":"SearchAction","target":{"@type":"EntryPoint","urlTemplate":"https:\/\/sulin.ee\/en\/?s={search_term_string}"},"query-input":{"@type":"PropertyValueSpecification","valueRequired":true,"valueName":"search_term_string"}}],"inLanguage":"en-US"},{"@type":"Organization","@id":"https:\/\/sulin.ee\/en\/#organization","name":"SULIN TRADE O\u00dc","url":"https:\/\/sulin.ee\/en\/","logo":{"@type":"ImageObject","inLanguage":"en-US","@id":"https:\/\/sulin.ee\/en\/#\/schema\/logo\/image\/","url":"https:\/\/sulin.ee\/wp-content\/uploads\/2022\/11\/sulin-logo.png","contentUrl":"https:\/\/sulin.ee\/wp-content\/uploads\/2022\/11\/sulin-logo.png","width":871,"height":321,"caption":"SULIN TRADE O\u00dc"},"image":{"@id":"https:\/\/sulin.ee\/en\/#\/schema\/logo\/image\/"},"sameAs":["https:\/\/www.facebook.com\/www.sulin.ee\/","https:\/\/www.instagram.com\/sulintrade\/"]}]}},"builder_content":"","_links":{"self":[{"href":"https:\/\/sulin.ee\/en\/wp-json\/wp\/v2\/product\/25133","targetHints":{"allow":["GET"]}}],"collection":[{"href":"https:\/\/sulin.ee\/en\/wp-json\/wp\/v2\/product"}],"about":[{"href":"https:\/\/sulin.ee\/en\/wp-json\/wp\/v2\/types\/product"}],"replies":[{"embeddable":true,"href":"https:\/\/sulin.ee\/en\/wp-json\/wp\/v2\/comments?post=25133"}],"wp:featuredmedia":[{"embeddable":true,"href":"https:\/\/sulin.ee\/en\/wp-json\/wp\/v2\/media\/25137"}],"wp:attachment":[{"href":"https:\/\/sulin.ee\/en\/wp-json\/wp\/v2\/media?parent=25133"}],"wp:term":[{"taxonomy":"product_brand","embeddable":true,"href":"https:\/\/sulin.ee\/en\/wp-json\/wp\/v2\/product_brand?post=25133"},{"taxonomy":"product_cat","embeddable":true,"href":"https:\/\/sulin.ee\/en\/wp-json\/wp\/v2\/product_cat?post=25133"},{"taxonomy":"product_tag","embeddable":true,"href":"https:\/\/sulin.ee\/en\/wp-json\/wp\/v2\/product_tag?post=25133"}],"curies":[{"name":"wp","href":"https:\/\/api.w.org\/{rel}","templated":true}]}}