{"id":25128,"date":"2024-12-02T12:20:09","date_gmt":"2024-12-02T12:20:09","guid":{"rendered":"https:\/\/sulin.ee\/?post_type=product&#038;p=25128"},"modified":"2025-09-07T21:39:45","modified_gmt":"2025-09-07T21:39:45","slug":"jollein-pehme-koristi-rebane","status":"publish","type":"product","link":"https:\/\/sulin.ee\/en\/toode\/jollein-pehme-koristi-rebane\/","title":{"rendered":"Jollein pehme k\u00f5risti &#8220;Rebane&#8221;"},"content":{"rendered":"<p><strong>Jollein pehme k\u00f5risti &#8220;Rebane&#8221;<\/strong> pakub v\u00e4ikestele m\u00e4nguhuvilistele tundideks l\u00f5bu ja avastusr\u00f5\u00f5mu! Selle armsa kootud k\u00f5risti keskmes on vahva rebase n\u00e4gu, mis k\u00f6idab lapse t\u00e4helepanu ja kutsub m\u00e4ngima. Pehme ja turvaline k\u00f5risti sobib ideaalselt v\u00e4ikestele k\u00e4tele, aidates arendada motoorikat ja haaramisoskust.<\/p>\n<p>\u00d5rnalt helisevad kellukesed teevad m\u00e4ngu l\u00f5busaks ja stimuleerivad lapse kuulmismeelt, pakkudes rahustavat ja kaasahaaravat m\u00e4ngukogemust. K\u00f5risti on valmistatud kvaliteetsest puuvillasest kangast, sisuks pehme pol\u00fcester, mis tagab vastupidavuse ja turvalisuse.<\/p>\n<p><strong>M\u00f5\u00f5dud:<\/strong> Pikkus 12 cm.<\/p>\n<p><strong><a href=\"https:\/\/jollein.com\/\">Jollein<\/a> pehme k\u00f5risti &#8220;Rebane&#8221;<\/strong> on ideaalne kingitus, mis \u00fchendab praktilisuse ja armsa disaini \u2013 suurep\u00e4rane kaaslane v\u00e4ikesele avastajale!<\/p>\n<p>Avasta ka meie teised vahvad <a href=\"https:\/\/sulin.ee\/tootekategooria\/beebile\/manguasjad\/\">m\u00e4nguasjad beebidele<\/a>, mis pakuvad r\u00f5\u00f5mu, arendavad oskusi ja toovad igasse p\u00e4eva m\u00e4ngulusti!<\/p>\n","protected":false},"excerpt":{"rendered":"<article class=\"w-full scroll-mb-[var(--thread-trailing-height,150px)] text-token-text-primary focus-visible:outline-2 focus-visible:outline-offset-[-4px]\" dir=\"auto\" data-testid=\"conversation-turn-339\" data-scroll-anchor=\"false\">\n<div class=\"m-auto text-base py-[18px] px-3 md:px-4 w-full md:px-5 lg:px-4 xl:px-5\">\n<div class=\"mx-auto flex flex-1 gap-4 text-base md:gap-5 lg:gap-6 md:max-w-3xl lg:max-w-[40rem] xl:max-w-[48rem]\">\n<div class=\"group\/conversation-turn relative flex w-full min-w-0 flex-col agent-turn\">\n<div class=\"flex-col gap-1 md:gap-3\">\n<div class=\"flex max-w-full flex-col flex-grow\">\n<div class=\"min-h-8 text-message flex w-full flex-col items-end gap-2 whitespace-normal break-words [.text-message+&amp;]:mt-5\" dir=\"auto\" data-message-author-role=\"assistant\" data-message-id=\"87b9924f-c35d-49df-95f7-40b539b84f8f\" data-message-model-slug=\"gpt-4o\">\n<div class=\"flex w-full flex-col gap-1 empty:hidden first:pt-[3px]\">\n<div class=\"markdown prose w-full break-words dark:prose-invert light\">\n<p><strong>Pehme K\u00f5risti &#8220;Rebane&#8221;<\/strong> <strong>on ideaalne kingitus, mis \u00fchendab praktilisuse ja armsa disaini \u2013 suurep\u00e4rane kaaslane v\u00e4ikesele avastajale!<\/strong><\/p>\n<\/div>\n<\/div>\n<\/div>\n<\/div>\n<\/div>\n<\/div>\n<\/div>\n<\/div>\n<\/article>\n","protected":false},"featured_media":25129,"comment_status":"open","ping_status":"closed","template":"","meta":[],"product_brand":[],"product_cat":[1163,179,776,1162,998,769],"product_tag":[],"class_list":{"0":"post-25128","1":"product","2":"type-product","3":"status-publish","4":"has-post-thumbnail","6":"product_cat-0-1-aasta","7":"product_cat-beebile","8":"product_cat-jollein-2","9":"product_cat-kingituseks","10":"product_cat-korinad","11":"product_cat-manguasjad","12":"has-post-title","13":"has-post-date","14":"has-post-category","15":"has-post-tag","16":"has-post-comment","17":"has-post-author","18":"","20":"first","21":"instock","22":"sale","23":"taxable","24":"shipping-taxable","25":"purchasable","26":"product-type-simple"},"yoast_head":"<!-- This site is optimized with the Yoast SEO plugin v27.6 - https:\/\/yoast.com\/product\/yoast-seo-wordpress\/ -->\n<title>Jollein pehme k\u00f5risti &quot;Rebane&quot; - sulin.ee<\/title>\n<meta name=\"description\" content=\"Jollein pehme k\u00f5risti &quot;Rebane&quot; on 15 cm pikkune puuvillasest kangast ja pol\u00fcestrit\u00e4idisega m\u00e4nguasi, millel on vahva rebase n\u00e4gu ja \u00f5rnalt helisevad kellukesed.\" \/>\n<meta name=\"robots\" content=\"index, follow, max-snippet:-1, max-image-preview:large, max-video-preview:-1\" \/>\n<link rel=\"canonical\" href=\"https:\/\/sulin.ee\/en\/toode\/jollein-pehme-koristi-rebane\/\" \/>\n<meta property=\"og:locale\" content=\"en_US\" \/>\n<meta property=\"og:type\" content=\"article\" \/>\n<meta property=\"og:title\" content=\"Jollein pehme k\u00f5risti &quot;Rebane&quot; - sulin.ee\" \/>\n<meta property=\"og:description\" content=\"Jollein pehme k\u00f5risti &quot;Rebane&quot; on 15 cm pikkune puuvillasest kangast ja pol\u00fcestrit\u00e4idisega m\u00e4nguasi, millel on vahva rebase n\u00e4gu ja \u00f5rnalt helisevad kellukesed.\" \/>\n<meta property=\"og:url\" content=\"https:\/\/sulin.ee\/en\/toode\/jollein-pehme-koristi-rebane\/\" \/>\n<meta property=\"og:site_name\" content=\"sulin.ee\" \/>\n<meta property=\"article:publisher\" content=\"https:\/\/www.facebook.com\/www.sulin.ee\/\" \/>\n<meta property=\"article:modified_time\" content=\"2025-09-07T21:39:45+00:00\" \/>\n<meta property=\"og:image\" content=\"https:\/\/sulin.ee\/wp-content\/uploads\/2024\/12\/Piltide-korrektuurid-kodulehel-2024-12-02T141020.136.png\" \/>\n\t<meta property=\"og:image:width\" content=\"1080\" \/>\n\t<meta property=\"og:image:height\" content=\"1080\" \/>\n\t<meta property=\"og:image:type\" content=\"image\/png\" \/>\n<meta name=\"twitter:card\" content=\"summary_large_image\" \/>\n<meta name=\"twitter:label1\" content=\"Est. reading time\" \/>\n\t<meta name=\"twitter:data1\" content=\"1 minute\" \/>\n<script type=\"application\/ld+json\" class=\"yoast-schema-graph\">{\"@context\":\"https:\\\/\\\/schema.org\",\"@graph\":[{\"@type\":\"WebPage\",\"@id\":\"https:\\\/\\\/sulin.ee\\\/en\\\/toode\\\/jollein-pehme-koristi-rebane\\\/\",\"url\":\"https:\\\/\\\/sulin.ee\\\/en\\\/toode\\\/jollein-pehme-koristi-rebane\\\/\",\"name\":\"Jollein pehme k\u00f5risti \\\"Rebane\\\" - sulin.ee\",\"isPartOf\":{\"@id\":\"https:\\\/\\\/sulin.ee\\\/en\\\/#website\"},\"primaryImageOfPage\":{\"@id\":\"https:\\\/\\\/sulin.ee\\\/en\\\/toode\\\/jollein-pehme-koristi-rebane\\\/#primaryimage\"},\"image\":{\"@id\":\"https:\\\/\\\/sulin.ee\\\/en\\\/toode\\\/jollein-pehme-koristi-rebane\\\/#primaryimage\"},\"thumbnailUrl\":\"https:\\\/\\\/sulin.ee\\\/wp-content\\\/uploads\\\/2024\\\/12\\\/Piltide-korrektuurid-kodulehel-2024-12-02T141020.136.png\",\"datePublished\":\"2024-12-02T12:20:09+00:00\",\"dateModified\":\"2025-09-07T21:39:45+00:00\",\"description\":\"Jollein pehme k\u00f5risti \\\"Rebane\\\" on 15 cm pikkune puuvillasest kangast ja pol\u00fcestrit\u00e4idisega m\u00e4nguasi, millel on vahva rebase n\u00e4gu ja \u00f5rnalt helisevad kellukesed.\",\"breadcrumb\":{\"@id\":\"https:\\\/\\\/sulin.ee\\\/en\\\/toode\\\/jollein-pehme-koristi-rebane\\\/#breadcrumb\"},\"inLanguage\":\"en-US\",\"potentialAction\":[{\"@type\":\"ReadAction\",\"target\":[\"https:\\\/\\\/sulin.ee\\\/en\\\/toode\\\/jollein-pehme-koristi-rebane\\\/\"]}]},{\"@type\":\"ImageObject\",\"inLanguage\":\"en-US\",\"@id\":\"https:\\\/\\\/sulin.ee\\\/en\\\/toode\\\/jollein-pehme-koristi-rebane\\\/#primaryimage\",\"url\":\"https:\\\/\\\/sulin.ee\\\/wp-content\\\/uploads\\\/2024\\\/12\\\/Piltide-korrektuurid-kodulehel-2024-12-02T141020.136.png\",\"contentUrl\":\"https:\\\/\\\/sulin.ee\\\/wp-content\\\/uploads\\\/2024\\\/12\\\/Piltide-korrektuurid-kodulehel-2024-12-02T141020.136.png\",\"width\":1080,\"height\":1080,\"caption\":\"Jollein pehme k\u00f5risti \\\"Rebane\\\"\"},{\"@type\":\"BreadcrumbList\",\"@id\":\"https:\\\/\\\/sulin.ee\\\/en\\\/toode\\\/jollein-pehme-koristi-rebane\\\/#breadcrumb\",\"itemListElement\":[{\"@type\":\"ListItem\",\"position\":1,\"name\":\"Home\",\"item\":\"https:\\\/\\\/sulin.ee\\\/en\\\/\"},{\"@type\":\"ListItem\",\"position\":2,\"name\":\"Sulin.ee e-pood\",\"item\":\"https:\\\/\\\/sulin.ee\\\/shop\\\/\"},{\"@type\":\"ListItem\",\"position\":3,\"name\":\"Jollein pehme k\u00f5risti &#8220;Rebane&#8221;\"}]},{\"@type\":\"WebSite\",\"@id\":\"https:\\\/\\\/sulin.ee\\\/en\\\/#website\",\"url\":\"https:\\\/\\\/sulin.ee\\\/en\\\/\",\"name\":\"sulin.ee\",\"description\":\"\",\"publisher\":{\"@id\":\"https:\\\/\\\/sulin.ee\\\/en\\\/#organization\"},\"potentialAction\":[{\"@type\":\"SearchAction\",\"target\":{\"@type\":\"EntryPoint\",\"urlTemplate\":\"https:\\\/\\\/sulin.ee\\\/en\\\/?s={search_term_string}\"},\"query-input\":{\"@type\":\"PropertyValueSpecification\",\"valueRequired\":true,\"valueName\":\"search_term_string\"}}],\"inLanguage\":\"en-US\"},{\"@type\":\"Organization\",\"@id\":\"https:\\\/\\\/sulin.ee\\\/en\\\/#organization\",\"name\":\"SULIN TRADE O\u00dc\",\"url\":\"https:\\\/\\\/sulin.ee\\\/en\\\/\",\"logo\":{\"@type\":\"ImageObject\",\"inLanguage\":\"en-US\",\"@id\":\"https:\\\/\\\/sulin.ee\\\/en\\\/#\\\/schema\\\/logo\\\/image\\\/\",\"url\":\"https:\\\/\\\/sulin.ee\\\/wp-content\\\/uploads\\\/2022\\\/11\\\/sulin-logo.png\",\"contentUrl\":\"https:\\\/\\\/sulin.ee\\\/wp-content\\\/uploads\\\/2022\\\/11\\\/sulin-logo.png\",\"width\":871,\"height\":321,\"caption\":\"SULIN TRADE O\u00dc\"},\"image\":{\"@id\":\"https:\\\/\\\/sulin.ee\\\/en\\\/#\\\/schema\\\/logo\\\/image\\\/\"},\"sameAs\":[\"https:\\\/\\\/www.facebook.com\\\/www.sulin.ee\\\/\",\"https:\\\/\\\/www.instagram.com\\\/sulintrade\\\/\"]}]}<\/script>\n<!-- \/ Yoast SEO plugin. -->","yoast_head_json":{"title":"Jollein pehme k\u00f5risti \"Rebane\" - sulin.ee","description":"Jollein pehme k\u00f5risti \"Rebane\" on 15 cm pikkune puuvillasest kangast ja pol\u00fcestrit\u00e4idisega m\u00e4nguasi, millel on vahva rebase n\u00e4gu ja \u00f5rnalt helisevad kellukesed.","robots":{"index":"index","follow":"follow","max-snippet":"max-snippet:-1","max-image-preview":"max-image-preview:large","max-video-preview":"max-video-preview:-1"},"canonical":"https:\/\/sulin.ee\/en\/toode\/jollein-pehme-koristi-rebane\/","og_locale":"en_US","og_type":"article","og_title":"Jollein pehme k\u00f5risti \"Rebane\" - sulin.ee","og_description":"Jollein pehme k\u00f5risti \"Rebane\" on 15 cm pikkune puuvillasest kangast ja pol\u00fcestrit\u00e4idisega m\u00e4nguasi, millel on vahva rebase n\u00e4gu ja \u00f5rnalt helisevad kellukesed.","og_url":"https:\/\/sulin.ee\/en\/toode\/jollein-pehme-koristi-rebane\/","og_site_name":"sulin.ee","article_publisher":"https:\/\/www.facebook.com\/www.sulin.ee\/","article_modified_time":"2025-09-07T21:39:45+00:00","og_image":[{"width":1080,"height":1080,"url":"https:\/\/sulin.ee\/wp-content\/uploads\/2024\/12\/Piltide-korrektuurid-kodulehel-2024-12-02T141020.136.png","type":"image\/png"}],"twitter_card":"summary_large_image","twitter_misc":{"Est. reading time":"1 minute"},"schema":{"@context":"https:\/\/schema.org","@graph":[{"@type":"WebPage","@id":"https:\/\/sulin.ee\/en\/toode\/jollein-pehme-koristi-rebane\/","url":"https:\/\/sulin.ee\/en\/toode\/jollein-pehme-koristi-rebane\/","name":"Jollein pehme k\u00f5risti \"Rebane\" - sulin.ee","isPartOf":{"@id":"https:\/\/sulin.ee\/en\/#website"},"primaryImageOfPage":{"@id":"https:\/\/sulin.ee\/en\/toode\/jollein-pehme-koristi-rebane\/#primaryimage"},"image":{"@id":"https:\/\/sulin.ee\/en\/toode\/jollein-pehme-koristi-rebane\/#primaryimage"},"thumbnailUrl":"https:\/\/sulin.ee\/wp-content\/uploads\/2024\/12\/Piltide-korrektuurid-kodulehel-2024-12-02T141020.136.png","datePublished":"2024-12-02T12:20:09+00:00","dateModified":"2025-09-07T21:39:45+00:00","description":"Jollein pehme k\u00f5risti \"Rebane\" on 15 cm pikkune puuvillasest kangast ja pol\u00fcestrit\u00e4idisega m\u00e4nguasi, millel on vahva rebase n\u00e4gu ja \u00f5rnalt helisevad kellukesed.","breadcrumb":{"@id":"https:\/\/sulin.ee\/en\/toode\/jollein-pehme-koristi-rebane\/#breadcrumb"},"inLanguage":"en-US","potentialAction":[{"@type":"ReadAction","target":["https:\/\/sulin.ee\/en\/toode\/jollein-pehme-koristi-rebane\/"]}]},{"@type":"ImageObject","inLanguage":"en-US","@id":"https:\/\/sulin.ee\/en\/toode\/jollein-pehme-koristi-rebane\/#primaryimage","url":"https:\/\/sulin.ee\/wp-content\/uploads\/2024\/12\/Piltide-korrektuurid-kodulehel-2024-12-02T141020.136.png","contentUrl":"https:\/\/sulin.ee\/wp-content\/uploads\/2024\/12\/Piltide-korrektuurid-kodulehel-2024-12-02T141020.136.png","width":1080,"height":1080,"caption":"Jollein pehme k\u00f5risti \"Rebane\""},{"@type":"BreadcrumbList","@id":"https:\/\/sulin.ee\/en\/toode\/jollein-pehme-koristi-rebane\/#breadcrumb","itemListElement":[{"@type":"ListItem","position":1,"name":"Home","item":"https:\/\/sulin.ee\/en\/"},{"@type":"ListItem","position":2,"name":"Sulin.ee e-pood","item":"https:\/\/sulin.ee\/shop\/"},{"@type":"ListItem","position":3,"name":"Jollein pehme k\u00f5risti &#8220;Rebane&#8221;"}]},{"@type":"WebSite","@id":"https:\/\/sulin.ee\/en\/#website","url":"https:\/\/sulin.ee\/en\/","name":"sulin.ee","description":"","publisher":{"@id":"https:\/\/sulin.ee\/en\/#organization"},"potentialAction":[{"@type":"SearchAction","target":{"@type":"EntryPoint","urlTemplate":"https:\/\/sulin.ee\/en\/?s={search_term_string}"},"query-input":{"@type":"PropertyValueSpecification","valueRequired":true,"valueName":"search_term_string"}}],"inLanguage":"en-US"},{"@type":"Organization","@id":"https:\/\/sulin.ee\/en\/#organization","name":"SULIN TRADE O\u00dc","url":"https:\/\/sulin.ee\/en\/","logo":{"@type":"ImageObject","inLanguage":"en-US","@id":"https:\/\/sulin.ee\/en\/#\/schema\/logo\/image\/","url":"https:\/\/sulin.ee\/wp-content\/uploads\/2022\/11\/sulin-logo.png","contentUrl":"https:\/\/sulin.ee\/wp-content\/uploads\/2022\/11\/sulin-logo.png","width":871,"height":321,"caption":"SULIN TRADE O\u00dc"},"image":{"@id":"https:\/\/sulin.ee\/en\/#\/schema\/logo\/image\/"},"sameAs":["https:\/\/www.facebook.com\/www.sulin.ee\/","https:\/\/www.instagram.com\/sulintrade\/"]}]}},"builder_content":"","_links":{"self":[{"href":"https:\/\/sulin.ee\/en\/wp-json\/wp\/v2\/product\/25128","targetHints":{"allow":["GET"]}}],"collection":[{"href":"https:\/\/sulin.ee\/en\/wp-json\/wp\/v2\/product"}],"about":[{"href":"https:\/\/sulin.ee\/en\/wp-json\/wp\/v2\/types\/product"}],"replies":[{"embeddable":true,"href":"https:\/\/sulin.ee\/en\/wp-json\/wp\/v2\/comments?post=25128"}],"wp:featuredmedia":[{"embeddable":true,"href":"https:\/\/sulin.ee\/en\/wp-json\/wp\/v2\/media\/25129"}],"wp:attachment":[{"href":"https:\/\/sulin.ee\/en\/wp-json\/wp\/v2\/media?parent=25128"}],"wp:term":[{"taxonomy":"product_brand","embeddable":true,"href":"https:\/\/sulin.ee\/en\/wp-json\/wp\/v2\/product_brand?post=25128"},{"taxonomy":"product_cat","embeddable":true,"href":"https:\/\/sulin.ee\/en\/wp-json\/wp\/v2\/product_cat?post=25128"},{"taxonomy":"product_tag","embeddable":true,"href":"https:\/\/sulin.ee\/en\/wp-json\/wp\/v2\/product_tag?post=25128"}],"curies":[{"name":"wp","href":"https:\/\/api.w.org\/{rel}","templated":true}]}}