{"id":25090,"date":"2024-12-02T11:02:57","date_gmt":"2024-12-02T11:02:57","guid":{"rendered":"https:\/\/sulin.ee\/?post_type=product&#038;p=25090"},"modified":"2025-09-07T21:39:45","modified_gmt":"2025-09-07T21:39:45","slug":"soogitooli-pehmendus-giraffe","status":"publish","type":"product","link":"https:\/\/sulin.ee\/en\/toode\/soogitooli-pehmendus-giraffe\/","title":{"rendered":"S\u00f6\u00f6gitooli pehmendus &#8211; Giraffe"},"content":{"rendered":"<p><strong>S\u00f6\u00f6gitooli pehmendus &#8211; Giraffe<\/strong> pakub lisamugavust ja tuge, sobitudes<strong> ideaalselt IKEA s\u00f6\u00f6gitoolidesse.<\/strong> Pehmendus loob lapse selja \u00fcmber pehme ja turvalise kihi, ilma istmeosa katmata, tagades lapse \u00f5ige ja stabiilse istumisasendi t\u00e4nu t\u00f5stetud k\u00e4etugedele. Pehmendusel olevad aaskinnitused hoiavad selle kindlalt paigal ka aktiivsete v\u00e4ikeste s\u00f6\u00f6jate korral.<\/p>\n<p>Valmistatud veekindlast materjalist, mida on <strong>lihtne niiske lapiga puhastada<\/strong> \u2013 ideaalne igap\u00e4evaseks kasutamiseks. Armsad kaelkirjakumustrid ja Ash Green v\u00e4rvilahendus lisavad lapse s\u00f6\u00f6gitoolile stiilse ja m\u00e4ngulise ilme.<strong> <a href=\"https:\/\/jollein.com\/\">Jollein<\/a> <\/strong>s\u00f6\u00f6gitooli pehmendus <strong>&#8211; <\/strong>Giraffe \u00fchendab praktilisuse ja disaini, pakkudes nii lapsele kui vanemale meeldivat kogemust!<\/p>\n<p><strong>M\u00f5\u00f5dud:<\/strong> Laius: 70 cm, k\u00f5rgus: 36 cm.<\/p>\n<p>Tutvu ka meie tootevalikus olevate <a href=\"https:\/\/sulin.ee\/tootekategooria\/beebile\/toitmine\/pudipolled\/\">pudip\u00f5llede<\/a> ja beebidele m\u00f5eldud <a href=\"https:\/\/sulin.ee\/tootekategooria\/lapsele\/soomine\/sooginoud\/\">s\u00f6\u00f6gin\u00f5udega,<\/a> mis muudavad igap\u00e4evased toidukorrad veelgi mugavamaks ja r\u00f5\u00f5msamaks!<\/p>\n","protected":false},"excerpt":{"rendered":"<p><strong>S\u00f6\u00f6gitooli Pehmendus pakub lisamugavust ja tuge, sobitudes ideaalselt IKEA s\u00f6\u00f6gitoolidesse. Veekindel materjal on lihtsasti puhastatav, ja kaelkirjakumustriga Ash Green disain lisab tootele stiili.<\/strong><\/p>\n","protected":false},"featured_media":25091,"comment_status":"open","ping_status":"closed","template":"","meta":[],"product_brand":[],"product_cat":[179,489,1216,776],"product_tag":[],"class_list":{"0":"post-25090","1":"product","2":"type-product","3":"status-publish","4":"has-post-thumbnail","6":"product_cat-beebile","7":"product_cat-beebitarbed-toitmiseks","8":"product_cat-soogitooli-pehmendused","9":"product_cat-jollein-2","10":"has-post-title","11":"has-post-date","12":"has-post-category","13":"has-post-tag","14":"has-post-comment","15":"has-post-author","16":"","18":"first","19":"instock","20":"sale","21":"taxable","22":"shipping-taxable","23":"purchasable","24":"product-type-simple"},"yoast_head":"<!-- This site is optimized with the Yoast SEO plugin v26.8 - https:\/\/yoast.com\/product\/yoast-seo-wordpress\/ -->\n<title>S\u00f6\u00f6gitooli pehmendus - Giraffe - sulin.ee<\/title>\n<meta name=\"description\" content=\"S\u00f6\u00f6gitooli Pehmendus - Giraffe pakub lisamugavust ja tuge, sobitudes ideaalselt IKEA s\u00f6\u00f6gitoolidesse. Veekindel materjal on lihtsasti puhastatav.\" \/>\n<meta name=\"robots\" content=\"index, follow, max-snippet:-1, max-image-preview:large, max-video-preview:-1\" \/>\n<link rel=\"canonical\" href=\"https:\/\/sulin.ee\/en\/toode\/soogitooli-pehmendus-giraffe\/\" \/>\n<meta property=\"og:locale\" content=\"en_US\" \/>\n<meta property=\"og:type\" content=\"article\" \/>\n<meta property=\"og:title\" content=\"S\u00f6\u00f6gitooli pehmendus - Giraffe - sulin.ee\" \/>\n<meta property=\"og:description\" content=\"S\u00f6\u00f6gitooli Pehmendus - Giraffe pakub lisamugavust ja tuge, sobitudes ideaalselt IKEA s\u00f6\u00f6gitoolidesse. Veekindel materjal on lihtsasti puhastatav.\" \/>\n<meta property=\"og:url\" content=\"https:\/\/sulin.ee\/en\/toode\/soogitooli-pehmendus-giraffe\/\" \/>\n<meta property=\"og:site_name\" content=\"sulin.ee\" \/>\n<meta property=\"article:publisher\" content=\"https:\/\/www.facebook.com\/www.sulin.ee\/\" \/>\n<meta property=\"article:modified_time\" content=\"2025-09-07T21:39:45+00:00\" \/>\n<meta property=\"og:image\" content=\"https:\/\/sulin.ee\/wp-content\/uploads\/2024\/12\/1.png\" \/>\n\t<meta property=\"og:image:width\" content=\"1080\" \/>\n\t<meta property=\"og:image:height\" content=\"1080\" \/>\n\t<meta property=\"og:image:type\" content=\"image\/png\" \/>\n<meta name=\"twitter:card\" content=\"summary_large_image\" \/>\n<meta name=\"twitter:label1\" content=\"Est. reading time\" \/>\n\t<meta name=\"twitter:data1\" content=\"1 minute\" \/>\n<script type=\"application\/ld+json\" class=\"yoast-schema-graph\">{\"@context\":\"https:\/\/schema.org\",\"@graph\":[{\"@type\":\"WebPage\",\"@id\":\"https:\/\/sulin.ee\/en\/toode\/soogitooli-pehmendus-giraffe\/\",\"url\":\"https:\/\/sulin.ee\/en\/toode\/soogitooli-pehmendus-giraffe\/\",\"name\":\"S\u00f6\u00f6gitooli pehmendus - Giraffe - sulin.ee\",\"isPartOf\":{\"@id\":\"https:\/\/sulin.ee\/en\/#website\"},\"primaryImageOfPage\":{\"@id\":\"https:\/\/sulin.ee\/en\/toode\/soogitooli-pehmendus-giraffe\/#primaryimage\"},\"image\":{\"@id\":\"https:\/\/sulin.ee\/en\/toode\/soogitooli-pehmendus-giraffe\/#primaryimage\"},\"thumbnailUrl\":\"https:\/\/sulin.ee\/wp-content\/uploads\/2024\/12\/1.png\",\"datePublished\":\"2024-12-02T11:02:57+00:00\",\"dateModified\":\"2025-09-07T21:39:45+00:00\",\"description\":\"S\u00f6\u00f6gitooli Pehmendus - Giraffe pakub lisamugavust ja tuge, sobitudes ideaalselt IKEA s\u00f6\u00f6gitoolidesse. Veekindel materjal on lihtsasti puhastatav.\",\"breadcrumb\":{\"@id\":\"https:\/\/sulin.ee\/en\/toode\/soogitooli-pehmendus-giraffe\/#breadcrumb\"},\"inLanguage\":\"en-US\",\"potentialAction\":[{\"@type\":\"ReadAction\",\"target\":[\"https:\/\/sulin.ee\/en\/toode\/soogitooli-pehmendus-giraffe\/\"]}]},{\"@type\":\"ImageObject\",\"inLanguage\":\"en-US\",\"@id\":\"https:\/\/sulin.ee\/en\/toode\/soogitooli-pehmendus-giraffe\/#primaryimage\",\"url\":\"https:\/\/sulin.ee\/wp-content\/uploads\/2024\/12\/1.png\",\"contentUrl\":\"https:\/\/sulin.ee\/wp-content\/uploads\/2024\/12\/1.png\",\"width\":1080,\"height\":1080,\"caption\":\"S\u00f6\u00f6gitooli pehmendus - Giraffe\"},{\"@type\":\"BreadcrumbList\",\"@id\":\"https:\/\/sulin.ee\/en\/toode\/soogitooli-pehmendus-giraffe\/#breadcrumb\",\"itemListElement\":[{\"@type\":\"ListItem\",\"position\":1,\"name\":\"Home\",\"item\":\"https:\/\/sulin.ee\/en\/\"},{\"@type\":\"ListItem\",\"position\":2,\"name\":\"Sulin.ee e-pood\",\"item\":\"https:\/\/sulin.ee\/shop\/\"},{\"@type\":\"ListItem\",\"position\":3,\"name\":\"S\u00f6\u00f6gitooli pehmendus &#8211; Giraffe\"}]},{\"@type\":\"WebSite\",\"@id\":\"https:\/\/sulin.ee\/en\/#website\",\"url\":\"https:\/\/sulin.ee\/en\/\",\"name\":\"sulin.ee\",\"description\":\"\",\"publisher\":{\"@id\":\"https:\/\/sulin.ee\/en\/#organization\"},\"potentialAction\":[{\"@type\":\"SearchAction\",\"target\":{\"@type\":\"EntryPoint\",\"urlTemplate\":\"https:\/\/sulin.ee\/en\/?s={search_term_string}\"},\"query-input\":{\"@type\":\"PropertyValueSpecification\",\"valueRequired\":true,\"valueName\":\"search_term_string\"}}],\"inLanguage\":\"en-US\"},{\"@type\":\"Organization\",\"@id\":\"https:\/\/sulin.ee\/en\/#organization\",\"name\":\"SULIN TRADE O\u00dc\",\"url\":\"https:\/\/sulin.ee\/en\/\",\"logo\":{\"@type\":\"ImageObject\",\"inLanguage\":\"en-US\",\"@id\":\"https:\/\/sulin.ee\/en\/#\/schema\/logo\/image\/\",\"url\":\"https:\/\/sulin.ee\/wp-content\/uploads\/2022\/11\/sulin-logo.png\",\"contentUrl\":\"https:\/\/sulin.ee\/wp-content\/uploads\/2022\/11\/sulin-logo.png\",\"width\":871,\"height\":321,\"caption\":\"SULIN TRADE O\u00dc\"},\"image\":{\"@id\":\"https:\/\/sulin.ee\/en\/#\/schema\/logo\/image\/\"},\"sameAs\":[\"https:\/\/www.facebook.com\/www.sulin.ee\/\",\"https:\/\/www.instagram.com\/sulintrade\/\"]}]}<\/script>\n<!-- \/ Yoast SEO plugin. -->","yoast_head_json":{"title":"S\u00f6\u00f6gitooli pehmendus - Giraffe - sulin.ee","description":"S\u00f6\u00f6gitooli Pehmendus - Giraffe pakub lisamugavust ja tuge, sobitudes ideaalselt IKEA s\u00f6\u00f6gitoolidesse. Veekindel materjal on lihtsasti puhastatav.","robots":{"index":"index","follow":"follow","max-snippet":"max-snippet:-1","max-image-preview":"max-image-preview:large","max-video-preview":"max-video-preview:-1"},"canonical":"https:\/\/sulin.ee\/en\/toode\/soogitooli-pehmendus-giraffe\/","og_locale":"en_US","og_type":"article","og_title":"S\u00f6\u00f6gitooli pehmendus - Giraffe - sulin.ee","og_description":"S\u00f6\u00f6gitooli Pehmendus - Giraffe pakub lisamugavust ja tuge, sobitudes ideaalselt IKEA s\u00f6\u00f6gitoolidesse. Veekindel materjal on lihtsasti puhastatav.","og_url":"https:\/\/sulin.ee\/en\/toode\/soogitooli-pehmendus-giraffe\/","og_site_name":"sulin.ee","article_publisher":"https:\/\/www.facebook.com\/www.sulin.ee\/","article_modified_time":"2025-09-07T21:39:45+00:00","og_image":[{"width":1080,"height":1080,"url":"https:\/\/sulin.ee\/wp-content\/uploads\/2024\/12\/1.png","type":"image\/png"}],"twitter_card":"summary_large_image","twitter_misc":{"Est. reading time":"1 minute"},"schema":{"@context":"https:\/\/schema.org","@graph":[{"@type":"WebPage","@id":"https:\/\/sulin.ee\/en\/toode\/soogitooli-pehmendus-giraffe\/","url":"https:\/\/sulin.ee\/en\/toode\/soogitooli-pehmendus-giraffe\/","name":"S\u00f6\u00f6gitooli pehmendus - Giraffe - sulin.ee","isPartOf":{"@id":"https:\/\/sulin.ee\/en\/#website"},"primaryImageOfPage":{"@id":"https:\/\/sulin.ee\/en\/toode\/soogitooli-pehmendus-giraffe\/#primaryimage"},"image":{"@id":"https:\/\/sulin.ee\/en\/toode\/soogitooli-pehmendus-giraffe\/#primaryimage"},"thumbnailUrl":"https:\/\/sulin.ee\/wp-content\/uploads\/2024\/12\/1.png","datePublished":"2024-12-02T11:02:57+00:00","dateModified":"2025-09-07T21:39:45+00:00","description":"S\u00f6\u00f6gitooli Pehmendus - Giraffe pakub lisamugavust ja tuge, sobitudes ideaalselt IKEA s\u00f6\u00f6gitoolidesse. Veekindel materjal on lihtsasti puhastatav.","breadcrumb":{"@id":"https:\/\/sulin.ee\/en\/toode\/soogitooli-pehmendus-giraffe\/#breadcrumb"},"inLanguage":"en-US","potentialAction":[{"@type":"ReadAction","target":["https:\/\/sulin.ee\/en\/toode\/soogitooli-pehmendus-giraffe\/"]}]},{"@type":"ImageObject","inLanguage":"en-US","@id":"https:\/\/sulin.ee\/en\/toode\/soogitooli-pehmendus-giraffe\/#primaryimage","url":"https:\/\/sulin.ee\/wp-content\/uploads\/2024\/12\/1.png","contentUrl":"https:\/\/sulin.ee\/wp-content\/uploads\/2024\/12\/1.png","width":1080,"height":1080,"caption":"S\u00f6\u00f6gitooli pehmendus - Giraffe"},{"@type":"BreadcrumbList","@id":"https:\/\/sulin.ee\/en\/toode\/soogitooli-pehmendus-giraffe\/#breadcrumb","itemListElement":[{"@type":"ListItem","position":1,"name":"Home","item":"https:\/\/sulin.ee\/en\/"},{"@type":"ListItem","position":2,"name":"Sulin.ee e-pood","item":"https:\/\/sulin.ee\/shop\/"},{"@type":"ListItem","position":3,"name":"S\u00f6\u00f6gitooli pehmendus &#8211; Giraffe"}]},{"@type":"WebSite","@id":"https:\/\/sulin.ee\/en\/#website","url":"https:\/\/sulin.ee\/en\/","name":"sulin.ee","description":"","publisher":{"@id":"https:\/\/sulin.ee\/en\/#organization"},"potentialAction":[{"@type":"SearchAction","target":{"@type":"EntryPoint","urlTemplate":"https:\/\/sulin.ee\/en\/?s={search_term_string}"},"query-input":{"@type":"PropertyValueSpecification","valueRequired":true,"valueName":"search_term_string"}}],"inLanguage":"en-US"},{"@type":"Organization","@id":"https:\/\/sulin.ee\/en\/#organization","name":"SULIN TRADE O\u00dc","url":"https:\/\/sulin.ee\/en\/","logo":{"@type":"ImageObject","inLanguage":"en-US","@id":"https:\/\/sulin.ee\/en\/#\/schema\/logo\/image\/","url":"https:\/\/sulin.ee\/wp-content\/uploads\/2022\/11\/sulin-logo.png","contentUrl":"https:\/\/sulin.ee\/wp-content\/uploads\/2022\/11\/sulin-logo.png","width":871,"height":321,"caption":"SULIN TRADE O\u00dc"},"image":{"@id":"https:\/\/sulin.ee\/en\/#\/schema\/logo\/image\/"},"sameAs":["https:\/\/www.facebook.com\/www.sulin.ee\/","https:\/\/www.instagram.com\/sulintrade\/"]}]}},"builder_content":"","_links":{"self":[{"href":"https:\/\/sulin.ee\/en\/wp-json\/wp\/v2\/product\/25090","targetHints":{"allow":["GET"]}}],"collection":[{"href":"https:\/\/sulin.ee\/en\/wp-json\/wp\/v2\/product"}],"about":[{"href":"https:\/\/sulin.ee\/en\/wp-json\/wp\/v2\/types\/product"}],"replies":[{"embeddable":true,"href":"https:\/\/sulin.ee\/en\/wp-json\/wp\/v2\/comments?post=25090"}],"wp:featuredmedia":[{"embeddable":true,"href":"https:\/\/sulin.ee\/en\/wp-json\/wp\/v2\/media\/25091"}],"wp:attachment":[{"href":"https:\/\/sulin.ee\/en\/wp-json\/wp\/v2\/media?parent=25090"}],"wp:term":[{"taxonomy":"product_brand","embeddable":true,"href":"https:\/\/sulin.ee\/en\/wp-json\/wp\/v2\/product_brand?post=25090"},{"taxonomy":"product_cat","embeddable":true,"href":"https:\/\/sulin.ee\/en\/wp-json\/wp\/v2\/product_cat?post=25090"},{"taxonomy":"product_tag","embeddable":true,"href":"https:\/\/sulin.ee\/en\/wp-json\/wp\/v2\/product_tag?post=25090"}],"curies":[{"name":"wp","href":"https:\/\/api.w.org\/{rel}","templated":true}]}}