{"id":24975,"date":"2024-11-29T12:42:10","date_gmt":"2024-11-29T12:42:10","guid":{"rendered":"https:\/\/sulin.ee\/?post_type=product&#038;p=24975"},"modified":"2025-09-07T21:55:00","modified_gmt":"2025-09-07T21:55:00","slug":"puidust-helikopter","status":"publish","type":"product","link":"https:\/\/sulin.ee\/en\/toode\/puidust-helikopter\/","title":{"rendered":"Puidust helikopter"},"content":{"rendered":"<p><strong>Puidust Helikopter<\/strong> on ideaalne m\u00e4nguasi v\u00e4ikestele lennundushuvilistele, pakkudes loovat ja kaasahaaravat m\u00e4ngur\u00f5\u00f5mu. FSC\u00ae 100%-sertifikaadiga puidust valmistatud helikopter on kompaktne ja vastupidav, sobides suurep\u00e4raselt nii v\u00e4ikeste laste esimesteks lennuseiklusteks kui ka aktiivseks m\u00e4ngimiseks toas.<\/p>\n<p><a href=\"https:\/\/www.small-foot.de\/en\/\">Small Foot<\/a> helikopteri liikuvad tiivikud lisavad m\u00e4ngule d\u00fcnaamikat ja muudavad lennutamise veelgi p\u00f5nevamaks. K\u00fclgedel olevad suured aknaavad muudavad m\u00e4nguasja h\u00f5lpsasti haaratavaks v\u00e4ikestele k\u00e4tele, v\u00f5imaldades mugavat k\u00e4sitsemist ja kontrolli m\u00e4ngu ajal. Armas n\u00e4gu helikopteri esiosas annab sellele iseloomu ja innustab lapsi looma p\u00f5nevaid ja fantaasiak\u00fcllaseid lugusid.<\/p>\n<p>Kas j\u00e4rgmine lend viib p\u00e4\u00e4stemissioonile v\u00f5i avastusretkele?<\/p>\n<p><strong>M\u00f5\u00f5dud:<\/strong> 13 x 8 x 9 cm.<\/p>\n<p>Sobib lastele alates 18. elukuust.<\/p>\n<p>Avasta ka meie teised kvaliteetsed ja loovust arendavad<a href=\"https:\/\/sulin.ee\/tootekategooria\/mangimine\/puidust-manguasjad\/\"> puidust m\u00e4nguasjad<\/a>, mis pakuvad r\u00f5\u00f5mu ja p\u00f5nevust igas vanuses v\u00e4ikestele avastajatele!<\/p>\n","protected":false},"excerpt":{"rendered":"<p><strong>Puidust Helikopter on FSC\u00ae 100%-sertifikaadiga m\u00e4nguasi, millel on liikuvadtiivikud ja kergesti haaratavad aknaavad. Sobib loovaks ja fantaasiarikkaks m\u00e4nguks v\u00e4ikestele pilootidele alates 18. elukuust.\u00a0<\/strong><\/p>\n","protected":false},"featured_media":24992,"comment_status":"open","ping_status":"closed","template":"","meta":[],"product_brand":[],"product_cat":[110,1162,1164,1165,1166,176,1015,175,1006],"product_tag":[],"class_list":{"0":"post-24975","1":"product","2":"type-product","3":"status-publish","4":"has-post-thumbnail","6":"product_cat-mangimine","7":"product_cat-kingituseks","8":"product_cat-1-3-aastat","9":"product_cat-3-5-aastat","10":"product_cat-6-8-aastat","11":"product_cat-rollimangud","12":"product_cat-muud-rollimangud","13":"product_cat-puidust-manguasjad","14":"product_cat-small-foot","15":"has-post-title","16":"has-post-date","17":"has-post-category","18":"has-post-tag","19":"has-post-comment","20":"has-post-author","21":"","23":"first","24":"instock","25":"sale","26":"taxable","27":"shipping-taxable","28":"purchasable","29":"product-type-simple"},"yoast_head":"<!-- This site is optimized with the Yoast SEO plugin v26.8 - https:\/\/yoast.com\/product\/yoast-seo-wordpress\/ -->\n<title>Puidust helikopter - sulin.ee<\/title>\n<meta name=\"description\" content=\"Puidust Helikopter on m\u00e4nguasi, millel on liikuvadtiivikud ja kergesti haaratavad aknaavad. Sobib loovaks ja fantaasiarikkaks m\u00e4nguks\" \/>\n<meta name=\"robots\" content=\"index, follow, max-snippet:-1, max-image-preview:large, max-video-preview:-1\" \/>\n<link rel=\"canonical\" href=\"https:\/\/sulin.ee\/en\/toode\/puidust-helikopter\/\" \/>\n<meta property=\"og:locale\" content=\"en_US\" \/>\n<meta property=\"og:type\" content=\"article\" \/>\n<meta property=\"og:title\" content=\"Puidust helikopter - sulin.ee\" \/>\n<meta property=\"og:description\" content=\"Puidust Helikopter on m\u00e4nguasi, millel on liikuvadtiivikud ja kergesti haaratavad aknaavad. Sobib loovaks ja fantaasiarikkaks m\u00e4nguks\" \/>\n<meta property=\"og:url\" content=\"https:\/\/sulin.ee\/en\/toode\/puidust-helikopter\/\" \/>\n<meta property=\"og:site_name\" content=\"sulin.ee\" \/>\n<meta property=\"article:publisher\" content=\"https:\/\/www.facebook.com\/www.sulin.ee\/\" \/>\n<meta property=\"article:modified_time\" content=\"2025-09-07T21:55:00+00:00\" \/>\n<meta property=\"og:image\" content=\"https:\/\/sulin.ee\/wp-content\/uploads\/2024\/11\/Piltide-korrektuurid-kodulehel-2024-11-29T143124.024.png\" \/>\n\t<meta property=\"og:image:width\" content=\"1080\" \/>\n\t<meta property=\"og:image:height\" content=\"1080\" \/>\n\t<meta property=\"og:image:type\" content=\"image\/png\" \/>\n<meta name=\"twitter:card\" content=\"summary_large_image\" \/>\n<meta name=\"twitter:label1\" content=\"Est. reading time\" \/>\n\t<meta name=\"twitter:data1\" content=\"1 minute\" \/>\n<script type=\"application\/ld+json\" class=\"yoast-schema-graph\">{\"@context\":\"https:\/\/schema.org\",\"@graph\":[{\"@type\":\"WebPage\",\"@id\":\"https:\/\/sulin.ee\/en\/toode\/puidust-helikopter\/\",\"url\":\"https:\/\/sulin.ee\/en\/toode\/puidust-helikopter\/\",\"name\":\"Puidust helikopter - sulin.ee\",\"isPartOf\":{\"@id\":\"https:\/\/sulin.ee\/en\/#website\"},\"primaryImageOfPage\":{\"@id\":\"https:\/\/sulin.ee\/en\/toode\/puidust-helikopter\/#primaryimage\"},\"image\":{\"@id\":\"https:\/\/sulin.ee\/en\/toode\/puidust-helikopter\/#primaryimage\"},\"thumbnailUrl\":\"https:\/\/sulin.ee\/wp-content\/uploads\/2024\/11\/Piltide-korrektuurid-kodulehel-2024-11-29T143124.024.png\",\"datePublished\":\"2024-11-29T12:42:10+00:00\",\"dateModified\":\"2025-09-07T21:55:00+00:00\",\"description\":\"Puidust Helikopter on m\u00e4nguasi, millel on liikuvadtiivikud ja kergesti haaratavad aknaavad. Sobib loovaks ja fantaasiarikkaks m\u00e4nguks\",\"breadcrumb\":{\"@id\":\"https:\/\/sulin.ee\/en\/toode\/puidust-helikopter\/#breadcrumb\"},\"inLanguage\":\"en-US\",\"potentialAction\":[{\"@type\":\"ReadAction\",\"target\":[\"https:\/\/sulin.ee\/en\/toode\/puidust-helikopter\/\"]}]},{\"@type\":\"ImageObject\",\"inLanguage\":\"en-US\",\"@id\":\"https:\/\/sulin.ee\/en\/toode\/puidust-helikopter\/#primaryimage\",\"url\":\"https:\/\/sulin.ee\/wp-content\/uploads\/2024\/11\/Piltide-korrektuurid-kodulehel-2024-11-29T143124.024.png\",\"contentUrl\":\"https:\/\/sulin.ee\/wp-content\/uploads\/2024\/11\/Piltide-korrektuurid-kodulehel-2024-11-29T143124.024.png\",\"width\":1080,\"height\":1080,\"caption\":\"Puidust helikopter\"},{\"@type\":\"BreadcrumbList\",\"@id\":\"https:\/\/sulin.ee\/en\/toode\/puidust-helikopter\/#breadcrumb\",\"itemListElement\":[{\"@type\":\"ListItem\",\"position\":1,\"name\":\"Home\",\"item\":\"https:\/\/sulin.ee\/en\/\"},{\"@type\":\"ListItem\",\"position\":2,\"name\":\"Sulin.ee e-pood\",\"item\":\"https:\/\/sulin.ee\/shop\/\"},{\"@type\":\"ListItem\",\"position\":3,\"name\":\"Puidust helikopter\"}]},{\"@type\":\"WebSite\",\"@id\":\"https:\/\/sulin.ee\/en\/#website\",\"url\":\"https:\/\/sulin.ee\/en\/\",\"name\":\"sulin.ee\",\"description\":\"\",\"publisher\":{\"@id\":\"https:\/\/sulin.ee\/en\/#organization\"},\"potentialAction\":[{\"@type\":\"SearchAction\",\"target\":{\"@type\":\"EntryPoint\",\"urlTemplate\":\"https:\/\/sulin.ee\/en\/?s={search_term_string}\"},\"query-input\":{\"@type\":\"PropertyValueSpecification\",\"valueRequired\":true,\"valueName\":\"search_term_string\"}}],\"inLanguage\":\"en-US\"},{\"@type\":\"Organization\",\"@id\":\"https:\/\/sulin.ee\/en\/#organization\",\"name\":\"SULIN TRADE O\u00dc\",\"url\":\"https:\/\/sulin.ee\/en\/\",\"logo\":{\"@type\":\"ImageObject\",\"inLanguage\":\"en-US\",\"@id\":\"https:\/\/sulin.ee\/en\/#\/schema\/logo\/image\/\",\"url\":\"https:\/\/sulin.ee\/wp-content\/uploads\/2022\/11\/sulin-logo.png\",\"contentUrl\":\"https:\/\/sulin.ee\/wp-content\/uploads\/2022\/11\/sulin-logo.png\",\"width\":871,\"height\":321,\"caption\":\"SULIN TRADE O\u00dc\"},\"image\":{\"@id\":\"https:\/\/sulin.ee\/en\/#\/schema\/logo\/image\/\"},\"sameAs\":[\"https:\/\/www.facebook.com\/www.sulin.ee\/\",\"https:\/\/www.instagram.com\/sulintrade\/\"]}]}<\/script>\n<!-- \/ Yoast SEO plugin. -->","yoast_head_json":{"title":"Puidust helikopter - sulin.ee","description":"Puidust Helikopter on m\u00e4nguasi, millel on liikuvadtiivikud ja kergesti haaratavad aknaavad. Sobib loovaks ja fantaasiarikkaks m\u00e4nguks","robots":{"index":"index","follow":"follow","max-snippet":"max-snippet:-1","max-image-preview":"max-image-preview:large","max-video-preview":"max-video-preview:-1"},"canonical":"https:\/\/sulin.ee\/en\/toode\/puidust-helikopter\/","og_locale":"en_US","og_type":"article","og_title":"Puidust helikopter - sulin.ee","og_description":"Puidust Helikopter on m\u00e4nguasi, millel on liikuvadtiivikud ja kergesti haaratavad aknaavad. Sobib loovaks ja fantaasiarikkaks m\u00e4nguks","og_url":"https:\/\/sulin.ee\/en\/toode\/puidust-helikopter\/","og_site_name":"sulin.ee","article_publisher":"https:\/\/www.facebook.com\/www.sulin.ee\/","article_modified_time":"2025-09-07T21:55:00+00:00","og_image":[{"width":1080,"height":1080,"url":"https:\/\/sulin.ee\/wp-content\/uploads\/2024\/11\/Piltide-korrektuurid-kodulehel-2024-11-29T143124.024.png","type":"image\/png"}],"twitter_card":"summary_large_image","twitter_misc":{"Est. reading time":"1 minute"},"schema":{"@context":"https:\/\/schema.org","@graph":[{"@type":"WebPage","@id":"https:\/\/sulin.ee\/en\/toode\/puidust-helikopter\/","url":"https:\/\/sulin.ee\/en\/toode\/puidust-helikopter\/","name":"Puidust helikopter - sulin.ee","isPartOf":{"@id":"https:\/\/sulin.ee\/en\/#website"},"primaryImageOfPage":{"@id":"https:\/\/sulin.ee\/en\/toode\/puidust-helikopter\/#primaryimage"},"image":{"@id":"https:\/\/sulin.ee\/en\/toode\/puidust-helikopter\/#primaryimage"},"thumbnailUrl":"https:\/\/sulin.ee\/wp-content\/uploads\/2024\/11\/Piltide-korrektuurid-kodulehel-2024-11-29T143124.024.png","datePublished":"2024-11-29T12:42:10+00:00","dateModified":"2025-09-07T21:55:00+00:00","description":"Puidust Helikopter on m\u00e4nguasi, millel on liikuvadtiivikud ja kergesti haaratavad aknaavad. Sobib loovaks ja fantaasiarikkaks m\u00e4nguks","breadcrumb":{"@id":"https:\/\/sulin.ee\/en\/toode\/puidust-helikopter\/#breadcrumb"},"inLanguage":"en-US","potentialAction":[{"@type":"ReadAction","target":["https:\/\/sulin.ee\/en\/toode\/puidust-helikopter\/"]}]},{"@type":"ImageObject","inLanguage":"en-US","@id":"https:\/\/sulin.ee\/en\/toode\/puidust-helikopter\/#primaryimage","url":"https:\/\/sulin.ee\/wp-content\/uploads\/2024\/11\/Piltide-korrektuurid-kodulehel-2024-11-29T143124.024.png","contentUrl":"https:\/\/sulin.ee\/wp-content\/uploads\/2024\/11\/Piltide-korrektuurid-kodulehel-2024-11-29T143124.024.png","width":1080,"height":1080,"caption":"Puidust helikopter"},{"@type":"BreadcrumbList","@id":"https:\/\/sulin.ee\/en\/toode\/puidust-helikopter\/#breadcrumb","itemListElement":[{"@type":"ListItem","position":1,"name":"Home","item":"https:\/\/sulin.ee\/en\/"},{"@type":"ListItem","position":2,"name":"Sulin.ee e-pood","item":"https:\/\/sulin.ee\/shop\/"},{"@type":"ListItem","position":3,"name":"Puidust helikopter"}]},{"@type":"WebSite","@id":"https:\/\/sulin.ee\/en\/#website","url":"https:\/\/sulin.ee\/en\/","name":"sulin.ee","description":"","publisher":{"@id":"https:\/\/sulin.ee\/en\/#organization"},"potentialAction":[{"@type":"SearchAction","target":{"@type":"EntryPoint","urlTemplate":"https:\/\/sulin.ee\/en\/?s={search_term_string}"},"query-input":{"@type":"PropertyValueSpecification","valueRequired":true,"valueName":"search_term_string"}}],"inLanguage":"en-US"},{"@type":"Organization","@id":"https:\/\/sulin.ee\/en\/#organization","name":"SULIN TRADE O\u00dc","url":"https:\/\/sulin.ee\/en\/","logo":{"@type":"ImageObject","inLanguage":"en-US","@id":"https:\/\/sulin.ee\/en\/#\/schema\/logo\/image\/","url":"https:\/\/sulin.ee\/wp-content\/uploads\/2022\/11\/sulin-logo.png","contentUrl":"https:\/\/sulin.ee\/wp-content\/uploads\/2022\/11\/sulin-logo.png","width":871,"height":321,"caption":"SULIN TRADE O\u00dc"},"image":{"@id":"https:\/\/sulin.ee\/en\/#\/schema\/logo\/image\/"},"sameAs":["https:\/\/www.facebook.com\/www.sulin.ee\/","https:\/\/www.instagram.com\/sulintrade\/"]}]}},"builder_content":"","_links":{"self":[{"href":"https:\/\/sulin.ee\/en\/wp-json\/wp\/v2\/product\/24975","targetHints":{"allow":["GET"]}}],"collection":[{"href":"https:\/\/sulin.ee\/en\/wp-json\/wp\/v2\/product"}],"about":[{"href":"https:\/\/sulin.ee\/en\/wp-json\/wp\/v2\/types\/product"}],"replies":[{"embeddable":true,"href":"https:\/\/sulin.ee\/en\/wp-json\/wp\/v2\/comments?post=24975"}],"wp:featuredmedia":[{"embeddable":true,"href":"https:\/\/sulin.ee\/en\/wp-json\/wp\/v2\/media\/24992"}],"wp:attachment":[{"href":"https:\/\/sulin.ee\/en\/wp-json\/wp\/v2\/media?parent=24975"}],"wp:term":[{"taxonomy":"product_brand","embeddable":true,"href":"https:\/\/sulin.ee\/en\/wp-json\/wp\/v2\/product_brand?post=24975"},{"taxonomy":"product_cat","embeddable":true,"href":"https:\/\/sulin.ee\/en\/wp-json\/wp\/v2\/product_cat?post=24975"},{"taxonomy":"product_tag","embeddable":true,"href":"https:\/\/sulin.ee\/en\/wp-json\/wp\/v2\/product_tag?post=24975"}],"curies":[{"name":"wp","href":"https:\/\/api.w.org\/{rel}","templated":true}]}}