{"id":24894,"date":"2024-11-28T10:43:39","date_gmt":"2024-11-28T10:43:39","guid":{"rendered":"https:\/\/sulin.ee\/?post_type=product&#038;p=24894"},"modified":"2025-09-07T21:39:52","modified_gmt":"2025-09-07T21:39:52","slug":"tuletorjeauto-pooratava-redeliga","status":"publish","type":"product","link":"https:\/\/sulin.ee\/en\/toode\/tuletorjeauto-pooratava-redeliga\/","title":{"rendered":"Tulet\u00f5rjeauto p\u00f6\u00f6ratava redeliga"},"content":{"rendered":"<p><strong>Tulet\u00f5rjeauto p\u00f6\u00f6ratava redeliga<\/strong> on ideaalne abiline igas h\u00e4daolukorras, olgu selleks p\u00f5lev hoone v\u00f5i puu otsa l\u00f5ksu j\u00e4\u00e4nud kass! See vastupidavast puidust valmistatud tulet\u00f5rjeauto on varustatud liigutatava ja p\u00f6\u00f6ratava redeliga, mis muudab p\u00e4\u00e4steoperatsioonid lihtsaks ja kaasahaaravaks. Auto stabiilsed teljed tagavad sujuva liikumise igal pinnal ning kahele kaasasolevale tulet\u00f5rjujale on auto kabiinis kindel koht.<\/p>\n<p>See m\u00e4nguasi ergutab laste fantaasiat ja kutsub neid v\u00e4lja m\u00f5tlema uusi p\u00e4\u00e4stemissioone, pakkudes samal ajal arendavat ja l\u00f5busat m\u00e4ngu. <a href=\"https:\/\/www.small-foot.de\/en\/\">Small Foot<\/a> tulet\u00f5rjeauto sobib suurep\u00e4raselt m\u00e4nguvaipade juurde v\u00f5i iseseisvaks m\u00e4ngimiseks.<\/p>\n<p><strong>Komplekti kuulub:<\/strong> 1 tulet\u00f5rjeauto ja 2 tulet\u00f5rjujat.<\/p>\n<p><strong>M\u00f5\u00f5dud:<\/strong> Auto: 28 x 16 x 17 cm; figuur: 1,5 x 4 x 6 cm.<\/p>\n<p>Sobib lastele alates 3. eluaastast.<\/p>\n<p>Avasta ka meie teised kvaliteetsed ja loovust arendavad <a href=\"https:\/\/sulin.ee\/tootekategooria\/mangimine\/puidust-manguasjad\/\">puidust m\u00e4nguasjad<\/a>, mis pakuvad r\u00f5\u00f5mu ja p\u00f5nevust igas vanuses lastele!<\/p>\n","protected":false},"excerpt":{"rendered":"<p><strong>Tulet\u00f5rjeauto p\u00f6\u00f6ratava redeliga on vastupidav puidust m\u00e4nguasi, mille p\u00f6\u00f6ratav redel ja kaasasolevad tulet\u00f5rjujad pakuvad l\u00f5busat ja arendavat m\u00e4ngur\u00f5\u00f5mu. Sobib lastele alates 3. eluaastast.\u00a0<\/strong><\/p>\n","protected":false},"featured_media":24900,"comment_status":"open","ping_status":"closed","template":"","meta":[],"product_brand":[],"product_cat":[110,1162,1165,1166,175,1006],"product_tag":[],"class_list":{"0":"post-24894","1":"product","2":"type-product","3":"status-publish","4":"has-post-thumbnail","6":"product_cat-mangimine","7":"product_cat-kingituseks","8":"product_cat-3-5-aastat","9":"product_cat-6-8-aastat","10":"product_cat-puidust-manguasjad","11":"product_cat-small-foot","12":"has-post-title","13":"has-post-date","14":"has-post-category","15":"has-post-tag","16":"has-post-comment","17":"has-post-author","18":"","20":"first","21":"instock","22":"sale","23":"taxable","24":"shipping-taxable","25":"purchasable","26":"product-type-simple"},"yoast_head":"<!-- This site is optimized with the Yoast SEO plugin v26.8 - https:\/\/yoast.com\/product\/yoast-seo-wordpress\/ -->\n<title>Tulet\u00f5rjeauto p\u00f6\u00f6ratava redeliga - sulin.ee<\/title>\n<meta name=\"description\" content=\"Tulet\u00f5rjeauto p\u00f6\u00f6ratava redeliga on vastupidav puidust m\u00e4nguasi, mille p\u00f6\u00f6ratav redel ja kaasasolevad tulet\u00f5rjujad pakuvad l\u00f5busat ja arendavat m\u00e4ngur\u00f5\u00f5mu.\" \/>\n<meta name=\"robots\" content=\"index, follow, max-snippet:-1, max-image-preview:large, max-video-preview:-1\" \/>\n<link rel=\"canonical\" href=\"https:\/\/sulin.ee\/en\/toode\/tuletorjeauto-pooratava-redeliga\/\" \/>\n<meta property=\"og:locale\" content=\"en_US\" \/>\n<meta property=\"og:type\" content=\"article\" \/>\n<meta property=\"og:title\" content=\"Tulet\u00f5rjeauto p\u00f6\u00f6ratava redeliga - sulin.ee\" \/>\n<meta property=\"og:description\" content=\"Tulet\u00f5rjeauto p\u00f6\u00f6ratava redeliga on vastupidav puidust m\u00e4nguasi, mille p\u00f6\u00f6ratav redel ja kaasasolevad tulet\u00f5rjujad pakuvad l\u00f5busat ja arendavat m\u00e4ngur\u00f5\u00f5mu.\" \/>\n<meta property=\"og:url\" content=\"https:\/\/sulin.ee\/en\/toode\/tuletorjeauto-pooratava-redeliga\/\" \/>\n<meta property=\"og:site_name\" content=\"sulin.ee\" \/>\n<meta property=\"article:publisher\" content=\"https:\/\/www.facebook.com\/www.sulin.ee\/\" \/>\n<meta property=\"article:modified_time\" content=\"2025-09-07T21:39:52+00:00\" \/>\n<meta property=\"og:image\" content=\"https:\/\/sulin.ee\/wp-content\/uploads\/2024\/11\/Piltide-korrektuurid-kodulehel-2024-11-28T123830.582.png\" \/>\n\t<meta property=\"og:image:width\" content=\"1080\" \/>\n\t<meta property=\"og:image:height\" content=\"1080\" \/>\n\t<meta property=\"og:image:type\" content=\"image\/png\" \/>\n<meta name=\"twitter:card\" content=\"summary_large_image\" \/>\n<meta name=\"twitter:label1\" content=\"Est. reading time\" \/>\n\t<meta name=\"twitter:data1\" content=\"1 minute\" \/>\n<script type=\"application\/ld+json\" class=\"yoast-schema-graph\">{\"@context\":\"https:\/\/schema.org\",\"@graph\":[{\"@type\":\"WebPage\",\"@id\":\"https:\/\/sulin.ee\/en\/toode\/tuletorjeauto-pooratava-redeliga\/\",\"url\":\"https:\/\/sulin.ee\/en\/toode\/tuletorjeauto-pooratava-redeliga\/\",\"name\":\"Tulet\u00f5rjeauto p\u00f6\u00f6ratava redeliga - sulin.ee\",\"isPartOf\":{\"@id\":\"https:\/\/sulin.ee\/en\/#website\"},\"primaryImageOfPage\":{\"@id\":\"https:\/\/sulin.ee\/en\/toode\/tuletorjeauto-pooratava-redeliga\/#primaryimage\"},\"image\":{\"@id\":\"https:\/\/sulin.ee\/en\/toode\/tuletorjeauto-pooratava-redeliga\/#primaryimage\"},\"thumbnailUrl\":\"https:\/\/sulin.ee\/wp-content\/uploads\/2024\/11\/Piltide-korrektuurid-kodulehel-2024-11-28T123830.582.png\",\"datePublished\":\"2024-11-28T10:43:39+00:00\",\"dateModified\":\"2025-09-07T21:39:52+00:00\",\"description\":\"Tulet\u00f5rjeauto p\u00f6\u00f6ratava redeliga on vastupidav puidust m\u00e4nguasi, mille p\u00f6\u00f6ratav redel ja kaasasolevad tulet\u00f5rjujad pakuvad l\u00f5busat ja arendavat m\u00e4ngur\u00f5\u00f5mu.\",\"breadcrumb\":{\"@id\":\"https:\/\/sulin.ee\/en\/toode\/tuletorjeauto-pooratava-redeliga\/#breadcrumb\"},\"inLanguage\":\"en-US\",\"potentialAction\":[{\"@type\":\"ReadAction\",\"target\":[\"https:\/\/sulin.ee\/en\/toode\/tuletorjeauto-pooratava-redeliga\/\"]}]},{\"@type\":\"ImageObject\",\"inLanguage\":\"en-US\",\"@id\":\"https:\/\/sulin.ee\/en\/toode\/tuletorjeauto-pooratava-redeliga\/#primaryimage\",\"url\":\"https:\/\/sulin.ee\/wp-content\/uploads\/2024\/11\/Piltide-korrektuurid-kodulehel-2024-11-28T123830.582.png\",\"contentUrl\":\"https:\/\/sulin.ee\/wp-content\/uploads\/2024\/11\/Piltide-korrektuurid-kodulehel-2024-11-28T123830.582.png\",\"width\":1080,\"height\":1080,\"caption\":\"Tulet\u00f5rjeauto p\u00f6\u00f6ratava redeliga\"},{\"@type\":\"BreadcrumbList\",\"@id\":\"https:\/\/sulin.ee\/en\/toode\/tuletorjeauto-pooratava-redeliga\/#breadcrumb\",\"itemListElement\":[{\"@type\":\"ListItem\",\"position\":1,\"name\":\"Home\",\"item\":\"https:\/\/sulin.ee\/en\/\"},{\"@type\":\"ListItem\",\"position\":2,\"name\":\"Sulin.ee e-pood\",\"item\":\"https:\/\/sulin.ee\/shop\/\"},{\"@type\":\"ListItem\",\"position\":3,\"name\":\"Tulet\u00f5rjeauto p\u00f6\u00f6ratava redeliga\"}]},{\"@type\":\"WebSite\",\"@id\":\"https:\/\/sulin.ee\/en\/#website\",\"url\":\"https:\/\/sulin.ee\/en\/\",\"name\":\"sulin.ee\",\"description\":\"\",\"publisher\":{\"@id\":\"https:\/\/sulin.ee\/en\/#organization\"},\"potentialAction\":[{\"@type\":\"SearchAction\",\"target\":{\"@type\":\"EntryPoint\",\"urlTemplate\":\"https:\/\/sulin.ee\/en\/?s={search_term_string}\"},\"query-input\":{\"@type\":\"PropertyValueSpecification\",\"valueRequired\":true,\"valueName\":\"search_term_string\"}}],\"inLanguage\":\"en-US\"},{\"@type\":\"Organization\",\"@id\":\"https:\/\/sulin.ee\/en\/#organization\",\"name\":\"SULIN TRADE O\u00dc\",\"url\":\"https:\/\/sulin.ee\/en\/\",\"logo\":{\"@type\":\"ImageObject\",\"inLanguage\":\"en-US\",\"@id\":\"https:\/\/sulin.ee\/en\/#\/schema\/logo\/image\/\",\"url\":\"https:\/\/sulin.ee\/wp-content\/uploads\/2022\/11\/sulin-logo.png\",\"contentUrl\":\"https:\/\/sulin.ee\/wp-content\/uploads\/2022\/11\/sulin-logo.png\",\"width\":871,\"height\":321,\"caption\":\"SULIN TRADE O\u00dc\"},\"image\":{\"@id\":\"https:\/\/sulin.ee\/en\/#\/schema\/logo\/image\/\"},\"sameAs\":[\"https:\/\/www.facebook.com\/www.sulin.ee\/\",\"https:\/\/www.instagram.com\/sulintrade\/\"]}]}<\/script>\n<!-- \/ Yoast SEO plugin. -->","yoast_head_json":{"title":"Tulet\u00f5rjeauto p\u00f6\u00f6ratava redeliga - sulin.ee","description":"Tulet\u00f5rjeauto p\u00f6\u00f6ratava redeliga on vastupidav puidust m\u00e4nguasi, mille p\u00f6\u00f6ratav redel ja kaasasolevad tulet\u00f5rjujad pakuvad l\u00f5busat ja arendavat m\u00e4ngur\u00f5\u00f5mu.","robots":{"index":"index","follow":"follow","max-snippet":"max-snippet:-1","max-image-preview":"max-image-preview:large","max-video-preview":"max-video-preview:-1"},"canonical":"https:\/\/sulin.ee\/en\/toode\/tuletorjeauto-pooratava-redeliga\/","og_locale":"en_US","og_type":"article","og_title":"Tulet\u00f5rjeauto p\u00f6\u00f6ratava redeliga - sulin.ee","og_description":"Tulet\u00f5rjeauto p\u00f6\u00f6ratava redeliga on vastupidav puidust m\u00e4nguasi, mille p\u00f6\u00f6ratav redel ja kaasasolevad tulet\u00f5rjujad pakuvad l\u00f5busat ja arendavat m\u00e4ngur\u00f5\u00f5mu.","og_url":"https:\/\/sulin.ee\/en\/toode\/tuletorjeauto-pooratava-redeliga\/","og_site_name":"sulin.ee","article_publisher":"https:\/\/www.facebook.com\/www.sulin.ee\/","article_modified_time":"2025-09-07T21:39:52+00:00","og_image":[{"width":1080,"height":1080,"url":"https:\/\/sulin.ee\/wp-content\/uploads\/2024\/11\/Piltide-korrektuurid-kodulehel-2024-11-28T123830.582.png","type":"image\/png"}],"twitter_card":"summary_large_image","twitter_misc":{"Est. reading time":"1 minute"},"schema":{"@context":"https:\/\/schema.org","@graph":[{"@type":"WebPage","@id":"https:\/\/sulin.ee\/en\/toode\/tuletorjeauto-pooratava-redeliga\/","url":"https:\/\/sulin.ee\/en\/toode\/tuletorjeauto-pooratava-redeliga\/","name":"Tulet\u00f5rjeauto p\u00f6\u00f6ratava redeliga - sulin.ee","isPartOf":{"@id":"https:\/\/sulin.ee\/en\/#website"},"primaryImageOfPage":{"@id":"https:\/\/sulin.ee\/en\/toode\/tuletorjeauto-pooratava-redeliga\/#primaryimage"},"image":{"@id":"https:\/\/sulin.ee\/en\/toode\/tuletorjeauto-pooratava-redeliga\/#primaryimage"},"thumbnailUrl":"https:\/\/sulin.ee\/wp-content\/uploads\/2024\/11\/Piltide-korrektuurid-kodulehel-2024-11-28T123830.582.png","datePublished":"2024-11-28T10:43:39+00:00","dateModified":"2025-09-07T21:39:52+00:00","description":"Tulet\u00f5rjeauto p\u00f6\u00f6ratava redeliga on vastupidav puidust m\u00e4nguasi, mille p\u00f6\u00f6ratav redel ja kaasasolevad tulet\u00f5rjujad pakuvad l\u00f5busat ja arendavat m\u00e4ngur\u00f5\u00f5mu.","breadcrumb":{"@id":"https:\/\/sulin.ee\/en\/toode\/tuletorjeauto-pooratava-redeliga\/#breadcrumb"},"inLanguage":"en-US","potentialAction":[{"@type":"ReadAction","target":["https:\/\/sulin.ee\/en\/toode\/tuletorjeauto-pooratava-redeliga\/"]}]},{"@type":"ImageObject","inLanguage":"en-US","@id":"https:\/\/sulin.ee\/en\/toode\/tuletorjeauto-pooratava-redeliga\/#primaryimage","url":"https:\/\/sulin.ee\/wp-content\/uploads\/2024\/11\/Piltide-korrektuurid-kodulehel-2024-11-28T123830.582.png","contentUrl":"https:\/\/sulin.ee\/wp-content\/uploads\/2024\/11\/Piltide-korrektuurid-kodulehel-2024-11-28T123830.582.png","width":1080,"height":1080,"caption":"Tulet\u00f5rjeauto p\u00f6\u00f6ratava redeliga"},{"@type":"BreadcrumbList","@id":"https:\/\/sulin.ee\/en\/toode\/tuletorjeauto-pooratava-redeliga\/#breadcrumb","itemListElement":[{"@type":"ListItem","position":1,"name":"Home","item":"https:\/\/sulin.ee\/en\/"},{"@type":"ListItem","position":2,"name":"Sulin.ee e-pood","item":"https:\/\/sulin.ee\/shop\/"},{"@type":"ListItem","position":3,"name":"Tulet\u00f5rjeauto p\u00f6\u00f6ratava redeliga"}]},{"@type":"WebSite","@id":"https:\/\/sulin.ee\/en\/#website","url":"https:\/\/sulin.ee\/en\/","name":"sulin.ee","description":"","publisher":{"@id":"https:\/\/sulin.ee\/en\/#organization"},"potentialAction":[{"@type":"SearchAction","target":{"@type":"EntryPoint","urlTemplate":"https:\/\/sulin.ee\/en\/?s={search_term_string}"},"query-input":{"@type":"PropertyValueSpecification","valueRequired":true,"valueName":"search_term_string"}}],"inLanguage":"en-US"},{"@type":"Organization","@id":"https:\/\/sulin.ee\/en\/#organization","name":"SULIN TRADE O\u00dc","url":"https:\/\/sulin.ee\/en\/","logo":{"@type":"ImageObject","inLanguage":"en-US","@id":"https:\/\/sulin.ee\/en\/#\/schema\/logo\/image\/","url":"https:\/\/sulin.ee\/wp-content\/uploads\/2022\/11\/sulin-logo.png","contentUrl":"https:\/\/sulin.ee\/wp-content\/uploads\/2022\/11\/sulin-logo.png","width":871,"height":321,"caption":"SULIN TRADE O\u00dc"},"image":{"@id":"https:\/\/sulin.ee\/en\/#\/schema\/logo\/image\/"},"sameAs":["https:\/\/www.facebook.com\/www.sulin.ee\/","https:\/\/www.instagram.com\/sulintrade\/"]}]}},"builder_content":"","_links":{"self":[{"href":"https:\/\/sulin.ee\/en\/wp-json\/wp\/v2\/product\/24894","targetHints":{"allow":["GET"]}}],"collection":[{"href":"https:\/\/sulin.ee\/en\/wp-json\/wp\/v2\/product"}],"about":[{"href":"https:\/\/sulin.ee\/en\/wp-json\/wp\/v2\/types\/product"}],"replies":[{"embeddable":true,"href":"https:\/\/sulin.ee\/en\/wp-json\/wp\/v2\/comments?post=24894"}],"wp:featuredmedia":[{"embeddable":true,"href":"https:\/\/sulin.ee\/en\/wp-json\/wp\/v2\/media\/24900"}],"wp:attachment":[{"href":"https:\/\/sulin.ee\/en\/wp-json\/wp\/v2\/media?parent=24894"}],"wp:term":[{"taxonomy":"product_brand","embeddable":true,"href":"https:\/\/sulin.ee\/en\/wp-json\/wp\/v2\/product_brand?post=24894"},{"taxonomy":"product_cat","embeddable":true,"href":"https:\/\/sulin.ee\/en\/wp-json\/wp\/v2\/product_cat?post=24894"},{"taxonomy":"product_tag","embeddable":true,"href":"https:\/\/sulin.ee\/en\/wp-json\/wp\/v2\/product_tag?post=24894"}],"curies":[{"name":"wp","href":"https:\/\/api.w.org\/{rel}","templated":true}]}}