{"id":24856,"date":"2024-11-28T10:23:18","date_gmt":"2024-11-28T10:23:18","guid":{"rendered":"https:\/\/sulin.ee\/?post_type=product&#038;p=24856"},"modified":"2025-09-07T21:39:52","modified_gmt":"2025-09-07T21:39:52","slug":"puidust-rongirada-sildade-ehitus","status":"publish","type":"product","link":"https:\/\/sulin.ee\/en\/toode\/puidust-rongirada-sildade-ehitus\/","title":{"rendered":"Puidust rongirada &#8220;Sildade ehitus&#8221;"},"content":{"rendered":"<p><strong>Puidust rongirada &#8220;Sildade ehitus&#8221;<\/strong> viib lapsed p\u00f5nevale reisile m\u00e4ngurongide laias maailmas! See XL-m\u00f5\u00f5dus rongikomplekt loob lummava miniaatuurmaailma, kus m\u00e4ngurong s\u00f5idab \u00fcle rippsilla ja l\u00e4bi kahe tunneli, pakkudes noortele rongijuhtidele tundideks m\u00e4ngur\u00f5\u00f5mu.<\/p>\n<p><a href=\"https:\/\/www.small-foot.de\/en\/\">Small Foot<\/a> komplekt sisaldab rikkalikku valikut lisatarvikuid ja detaile, mis v\u00f5imaldavad lastel luua oma unikaalse rongimaailma. See on suurep\u00e4rane rollim\u00e4ngu m\u00e4nguasi, mis muudab iga lastetoa hetkega suureks rongirajaks, pakkudes loovust ja aktiivset m\u00e4ngimist.<\/p>\n<p><strong>Komplekti kuuluvad:<\/strong> 1 sild, 4 hoonet, 3 figuuri, 2 looma, 3 puud, 3 liiklusm\u00e4rki, 3 rongi, 5 tunnelit, 4 sammast, 2 \u00fcles\u00f5itu, 2 t\u00f5usuga r\u00f6\u00f6paosa, 16 erineva pikkusega k\u00f5verat r\u00f6\u00f6paosa ja 4 erineva pikkusega sirget r\u00f6\u00f6paosa.<\/p>\n<p><strong>M\u00f5\u00f5dud:<\/strong> Kokkupandud r\u00f6\u00f6pad: 83 x 83 x 20 cm; tulet\u00f5rjejaam: 7 x 2,5 x 8,5 cm. Sobib lastele alates 3. eluaastast.<\/p>\n<p>Avasta ka meie teised kvaliteetsed ja loovust arendavad <a href=\"https:\/\/sulin.ee\/tootekategooria\/mangimine\/puidust-manguasjad\/\">puidust m\u00e4nguasjad<\/a>, mis pakuvad r\u00f5\u00f5mu ja p\u00f5nevust igas vanuses lastele!<\/p>\n","protected":false},"excerpt":{"rendered":"<p><strong>Puidust Rongirada &#8220;Sildade Ehitus&#8221; on XL-m\u00f5\u00f5dus rongikomplekt, kus m\u00e4ngurong s\u00f5idab \u00fcle rippsilla ja l\u00e4bi tunnelite, pakkudes tundideks loovat m\u00e4ngur\u00f5\u00f5mu. Komplekt sisaldab silda, hooneid, tunnelid, r\u00f6\u00f6paid ja lisatarvikuid, luues lummava rongimaailma. Sobib lastele alates 3. eluaastast.<\/strong><\/p>\n","protected":false},"featured_media":24867,"comment_status":"open","ping_status":"closed","template":"","meta":[],"product_brand":[],"product_cat":[110,1162,1165,1166,175,1006],"product_tag":[],"class_list":{"0":"post-24856","1":"product","2":"type-product","3":"status-publish","4":"has-post-thumbnail","6":"product_cat-mangimine","7":"product_cat-kingituseks","8":"product_cat-3-5-aastat","9":"product_cat-6-8-aastat","10":"product_cat-puidust-manguasjad","11":"product_cat-small-foot","12":"has-post-title","13":"has-post-date","14":"has-post-category","15":"has-post-tag","16":"has-post-comment","17":"has-post-author","18":"","20":"first","21":"instock","22":"sale","23":"taxable","24":"shipping-taxable","25":"purchasable","26":"product-type-simple"},"yoast_head":"<!-- This site is optimized with the Yoast SEO plugin v26.8 - https:\/\/yoast.com\/product\/yoast-seo-wordpress\/ -->\n<title>Puidust rongirada &quot;Sildade ehitus&quot; - sulin.ee<\/title>\n<meta name=\"description\" content=\"Puidust Rongirada &quot;Sildade Ehitus&quot; on XL-m\u00f5\u00f5dus rongikomplekt, kus m\u00e4ngurong s\u00f5idab \u00fcle rippsilla ja l\u00e4bi tunnelite, pakkudes tundideks loovat m\u00e4ngur\u00f5\u00f5mu.\" \/>\n<meta name=\"robots\" content=\"index, follow, max-snippet:-1, max-image-preview:large, max-video-preview:-1\" \/>\n<link rel=\"canonical\" href=\"https:\/\/sulin.ee\/en\/toode\/puidust-rongirada-sildade-ehitus\/\" \/>\n<meta property=\"og:locale\" content=\"en_US\" \/>\n<meta property=\"og:type\" content=\"article\" \/>\n<meta property=\"og:title\" content=\"Puidust rongirada &quot;Sildade ehitus&quot; - sulin.ee\" \/>\n<meta property=\"og:description\" content=\"Puidust Rongirada &quot;Sildade Ehitus&quot; on XL-m\u00f5\u00f5dus rongikomplekt, kus m\u00e4ngurong s\u00f5idab \u00fcle rippsilla ja l\u00e4bi tunnelite, pakkudes tundideks loovat m\u00e4ngur\u00f5\u00f5mu.\" \/>\n<meta property=\"og:url\" content=\"https:\/\/sulin.ee\/en\/toode\/puidust-rongirada-sildade-ehitus\/\" \/>\n<meta property=\"og:site_name\" content=\"sulin.ee\" \/>\n<meta property=\"article:publisher\" content=\"https:\/\/www.facebook.com\/www.sulin.ee\/\" \/>\n<meta property=\"article:modified_time\" content=\"2025-09-07T21:39:52+00:00\" \/>\n<meta property=\"og:image\" content=\"https:\/\/sulin.ee\/wp-content\/uploads\/2024\/11\/Piltide-korrektuurid-kodulehel-2024-11-28T121233.628.png\" \/>\n\t<meta property=\"og:image:width\" content=\"1080\" \/>\n\t<meta property=\"og:image:height\" content=\"1080\" \/>\n\t<meta property=\"og:image:type\" content=\"image\/png\" \/>\n<meta name=\"twitter:card\" content=\"summary_large_image\" \/>\n<meta name=\"twitter:label1\" content=\"Est. reading time\" \/>\n\t<meta name=\"twitter:data1\" content=\"1 minute\" \/>\n<script type=\"application\/ld+json\" class=\"yoast-schema-graph\">{\"@context\":\"https:\/\/schema.org\",\"@graph\":[{\"@type\":\"WebPage\",\"@id\":\"https:\/\/sulin.ee\/en\/toode\/puidust-rongirada-sildade-ehitus\/\",\"url\":\"https:\/\/sulin.ee\/en\/toode\/puidust-rongirada-sildade-ehitus\/\",\"name\":\"Puidust rongirada \\\"Sildade ehitus\\\" - sulin.ee\",\"isPartOf\":{\"@id\":\"https:\/\/sulin.ee\/en\/#website\"},\"primaryImageOfPage\":{\"@id\":\"https:\/\/sulin.ee\/en\/toode\/puidust-rongirada-sildade-ehitus\/#primaryimage\"},\"image\":{\"@id\":\"https:\/\/sulin.ee\/en\/toode\/puidust-rongirada-sildade-ehitus\/#primaryimage\"},\"thumbnailUrl\":\"https:\/\/sulin.ee\/wp-content\/uploads\/2024\/11\/Piltide-korrektuurid-kodulehel-2024-11-28T121233.628.png\",\"datePublished\":\"2024-11-28T10:23:18+00:00\",\"dateModified\":\"2025-09-07T21:39:52+00:00\",\"description\":\"Puidust Rongirada \\\"Sildade Ehitus\\\" on XL-m\u00f5\u00f5dus rongikomplekt, kus m\u00e4ngurong s\u00f5idab \u00fcle rippsilla ja l\u00e4bi tunnelite, pakkudes tundideks loovat m\u00e4ngur\u00f5\u00f5mu.\",\"breadcrumb\":{\"@id\":\"https:\/\/sulin.ee\/en\/toode\/puidust-rongirada-sildade-ehitus\/#breadcrumb\"},\"inLanguage\":\"en-US\",\"potentialAction\":[{\"@type\":\"ReadAction\",\"target\":[\"https:\/\/sulin.ee\/en\/toode\/puidust-rongirada-sildade-ehitus\/\"]}]},{\"@type\":\"ImageObject\",\"inLanguage\":\"en-US\",\"@id\":\"https:\/\/sulin.ee\/en\/toode\/puidust-rongirada-sildade-ehitus\/#primaryimage\",\"url\":\"https:\/\/sulin.ee\/wp-content\/uploads\/2024\/11\/Piltide-korrektuurid-kodulehel-2024-11-28T121233.628.png\",\"contentUrl\":\"https:\/\/sulin.ee\/wp-content\/uploads\/2024\/11\/Piltide-korrektuurid-kodulehel-2024-11-28T121233.628.png\",\"width\":1080,\"height\":1080,\"caption\":\"Puidust rongirada \\\"Sildade ehitus\\\"\"},{\"@type\":\"BreadcrumbList\",\"@id\":\"https:\/\/sulin.ee\/en\/toode\/puidust-rongirada-sildade-ehitus\/#breadcrumb\",\"itemListElement\":[{\"@type\":\"ListItem\",\"position\":1,\"name\":\"Home\",\"item\":\"https:\/\/sulin.ee\/en\/\"},{\"@type\":\"ListItem\",\"position\":2,\"name\":\"Sulin.ee e-pood\",\"item\":\"https:\/\/sulin.ee\/shop\/\"},{\"@type\":\"ListItem\",\"position\":3,\"name\":\"Puidust rongirada &#8220;Sildade ehitus&#8221;\"}]},{\"@type\":\"WebSite\",\"@id\":\"https:\/\/sulin.ee\/en\/#website\",\"url\":\"https:\/\/sulin.ee\/en\/\",\"name\":\"sulin.ee\",\"description\":\"\",\"publisher\":{\"@id\":\"https:\/\/sulin.ee\/en\/#organization\"},\"potentialAction\":[{\"@type\":\"SearchAction\",\"target\":{\"@type\":\"EntryPoint\",\"urlTemplate\":\"https:\/\/sulin.ee\/en\/?s={search_term_string}\"},\"query-input\":{\"@type\":\"PropertyValueSpecification\",\"valueRequired\":true,\"valueName\":\"search_term_string\"}}],\"inLanguage\":\"en-US\"},{\"@type\":\"Organization\",\"@id\":\"https:\/\/sulin.ee\/en\/#organization\",\"name\":\"SULIN TRADE O\u00dc\",\"url\":\"https:\/\/sulin.ee\/en\/\",\"logo\":{\"@type\":\"ImageObject\",\"inLanguage\":\"en-US\",\"@id\":\"https:\/\/sulin.ee\/en\/#\/schema\/logo\/image\/\",\"url\":\"https:\/\/sulin.ee\/wp-content\/uploads\/2022\/11\/sulin-logo.png\",\"contentUrl\":\"https:\/\/sulin.ee\/wp-content\/uploads\/2022\/11\/sulin-logo.png\",\"width\":871,\"height\":321,\"caption\":\"SULIN TRADE O\u00dc\"},\"image\":{\"@id\":\"https:\/\/sulin.ee\/en\/#\/schema\/logo\/image\/\"},\"sameAs\":[\"https:\/\/www.facebook.com\/www.sulin.ee\/\",\"https:\/\/www.instagram.com\/sulintrade\/\"]}]}<\/script>\n<!-- \/ Yoast SEO plugin. -->","yoast_head_json":{"title":"Puidust rongirada \"Sildade ehitus\" - sulin.ee","description":"Puidust Rongirada \"Sildade Ehitus\" on XL-m\u00f5\u00f5dus rongikomplekt, kus m\u00e4ngurong s\u00f5idab \u00fcle rippsilla ja l\u00e4bi tunnelite, pakkudes tundideks loovat m\u00e4ngur\u00f5\u00f5mu.","robots":{"index":"index","follow":"follow","max-snippet":"max-snippet:-1","max-image-preview":"max-image-preview:large","max-video-preview":"max-video-preview:-1"},"canonical":"https:\/\/sulin.ee\/en\/toode\/puidust-rongirada-sildade-ehitus\/","og_locale":"en_US","og_type":"article","og_title":"Puidust rongirada \"Sildade ehitus\" - sulin.ee","og_description":"Puidust Rongirada \"Sildade Ehitus\" on XL-m\u00f5\u00f5dus rongikomplekt, kus m\u00e4ngurong s\u00f5idab \u00fcle rippsilla ja l\u00e4bi tunnelite, pakkudes tundideks loovat m\u00e4ngur\u00f5\u00f5mu.","og_url":"https:\/\/sulin.ee\/en\/toode\/puidust-rongirada-sildade-ehitus\/","og_site_name":"sulin.ee","article_publisher":"https:\/\/www.facebook.com\/www.sulin.ee\/","article_modified_time":"2025-09-07T21:39:52+00:00","og_image":[{"width":1080,"height":1080,"url":"https:\/\/sulin.ee\/wp-content\/uploads\/2024\/11\/Piltide-korrektuurid-kodulehel-2024-11-28T121233.628.png","type":"image\/png"}],"twitter_card":"summary_large_image","twitter_misc":{"Est. reading time":"1 minute"},"schema":{"@context":"https:\/\/schema.org","@graph":[{"@type":"WebPage","@id":"https:\/\/sulin.ee\/en\/toode\/puidust-rongirada-sildade-ehitus\/","url":"https:\/\/sulin.ee\/en\/toode\/puidust-rongirada-sildade-ehitus\/","name":"Puidust rongirada \"Sildade ehitus\" - sulin.ee","isPartOf":{"@id":"https:\/\/sulin.ee\/en\/#website"},"primaryImageOfPage":{"@id":"https:\/\/sulin.ee\/en\/toode\/puidust-rongirada-sildade-ehitus\/#primaryimage"},"image":{"@id":"https:\/\/sulin.ee\/en\/toode\/puidust-rongirada-sildade-ehitus\/#primaryimage"},"thumbnailUrl":"https:\/\/sulin.ee\/wp-content\/uploads\/2024\/11\/Piltide-korrektuurid-kodulehel-2024-11-28T121233.628.png","datePublished":"2024-11-28T10:23:18+00:00","dateModified":"2025-09-07T21:39:52+00:00","description":"Puidust Rongirada \"Sildade Ehitus\" on XL-m\u00f5\u00f5dus rongikomplekt, kus m\u00e4ngurong s\u00f5idab \u00fcle rippsilla ja l\u00e4bi tunnelite, pakkudes tundideks loovat m\u00e4ngur\u00f5\u00f5mu.","breadcrumb":{"@id":"https:\/\/sulin.ee\/en\/toode\/puidust-rongirada-sildade-ehitus\/#breadcrumb"},"inLanguage":"en-US","potentialAction":[{"@type":"ReadAction","target":["https:\/\/sulin.ee\/en\/toode\/puidust-rongirada-sildade-ehitus\/"]}]},{"@type":"ImageObject","inLanguage":"en-US","@id":"https:\/\/sulin.ee\/en\/toode\/puidust-rongirada-sildade-ehitus\/#primaryimage","url":"https:\/\/sulin.ee\/wp-content\/uploads\/2024\/11\/Piltide-korrektuurid-kodulehel-2024-11-28T121233.628.png","contentUrl":"https:\/\/sulin.ee\/wp-content\/uploads\/2024\/11\/Piltide-korrektuurid-kodulehel-2024-11-28T121233.628.png","width":1080,"height":1080,"caption":"Puidust rongirada \"Sildade ehitus\""},{"@type":"BreadcrumbList","@id":"https:\/\/sulin.ee\/en\/toode\/puidust-rongirada-sildade-ehitus\/#breadcrumb","itemListElement":[{"@type":"ListItem","position":1,"name":"Home","item":"https:\/\/sulin.ee\/en\/"},{"@type":"ListItem","position":2,"name":"Sulin.ee e-pood","item":"https:\/\/sulin.ee\/shop\/"},{"@type":"ListItem","position":3,"name":"Puidust rongirada &#8220;Sildade ehitus&#8221;"}]},{"@type":"WebSite","@id":"https:\/\/sulin.ee\/en\/#website","url":"https:\/\/sulin.ee\/en\/","name":"sulin.ee","description":"","publisher":{"@id":"https:\/\/sulin.ee\/en\/#organization"},"potentialAction":[{"@type":"SearchAction","target":{"@type":"EntryPoint","urlTemplate":"https:\/\/sulin.ee\/en\/?s={search_term_string}"},"query-input":{"@type":"PropertyValueSpecification","valueRequired":true,"valueName":"search_term_string"}}],"inLanguage":"en-US"},{"@type":"Organization","@id":"https:\/\/sulin.ee\/en\/#organization","name":"SULIN TRADE O\u00dc","url":"https:\/\/sulin.ee\/en\/","logo":{"@type":"ImageObject","inLanguage":"en-US","@id":"https:\/\/sulin.ee\/en\/#\/schema\/logo\/image\/","url":"https:\/\/sulin.ee\/wp-content\/uploads\/2022\/11\/sulin-logo.png","contentUrl":"https:\/\/sulin.ee\/wp-content\/uploads\/2022\/11\/sulin-logo.png","width":871,"height":321,"caption":"SULIN TRADE O\u00dc"},"image":{"@id":"https:\/\/sulin.ee\/en\/#\/schema\/logo\/image\/"},"sameAs":["https:\/\/www.facebook.com\/www.sulin.ee\/","https:\/\/www.instagram.com\/sulintrade\/"]}]}},"builder_content":"","_links":{"self":[{"href":"https:\/\/sulin.ee\/en\/wp-json\/wp\/v2\/product\/24856","targetHints":{"allow":["GET"]}}],"collection":[{"href":"https:\/\/sulin.ee\/en\/wp-json\/wp\/v2\/product"}],"about":[{"href":"https:\/\/sulin.ee\/en\/wp-json\/wp\/v2\/types\/product"}],"replies":[{"embeddable":true,"href":"https:\/\/sulin.ee\/en\/wp-json\/wp\/v2\/comments?post=24856"}],"wp:featuredmedia":[{"embeddable":true,"href":"https:\/\/sulin.ee\/en\/wp-json\/wp\/v2\/media\/24867"}],"wp:attachment":[{"href":"https:\/\/sulin.ee\/en\/wp-json\/wp\/v2\/media?parent=24856"}],"wp:term":[{"taxonomy":"product_brand","embeddable":true,"href":"https:\/\/sulin.ee\/en\/wp-json\/wp\/v2\/product_brand?post=24856"},{"taxonomy":"product_cat","embeddable":true,"href":"https:\/\/sulin.ee\/en\/wp-json\/wp\/v2\/product_cat?post=24856"},{"taxonomy":"product_tag","embeddable":true,"href":"https:\/\/sulin.ee\/en\/wp-json\/wp\/v2\/product_tag?post=24856"}],"curies":[{"name":"wp","href":"https:\/\/api.w.org\/{rel}","templated":true}]}}