{"id":24843,"date":"2024-11-28T10:09:12","date_gmt":"2024-11-28T10:09:12","guid":{"rendered":"https:\/\/sulin.ee\/?post_type=product&#038;p=24843"},"modified":"2025-09-07T21:39:52","modified_gmt":"2025-09-07T21:39:52","slug":"puidust-rongirada-suur-seiklus","status":"publish","type":"product","link":"https:\/\/sulin.ee\/en\/toode\/puidust-rongirada-suur-seiklus\/","title":{"rendered":"Puidust rongirada &#8220;Suur seiklus&#8221;"},"content":{"rendered":"<p><strong>Puidust rongirada &#8220;Suur seiklus&#8221; <\/strong>on ideaalne m\u00e4ngumaailm v\u00e4ikestele avastajatele! Selle puidust rongiraja komplektiga, mis sisaldab ulatuslikku lisatarvikute komplekti, saavad noored raudteelased luua oma unikaalseid seiklusi. Raudtee kulgeb \u00fcle sildade ja l\u00e4bi orgude, pakkudes l\u00f5putuid v\u00f5imalusi erinevate rongiraja harudega uusi marsruute avastada. Komplekti puidust r\u00f6\u00f6pad sobivad k\u00f5igi teiste suuremate m\u00e4ngurongis\u00fcsteemidega, muutes selle universaalseks ja h\u00f5lpsasti laiendatavaks.<\/p>\n<p><strong><a href=\"https:\/\/www.small-foot.de\/en\/\">Small Foot p<\/a><\/strong>uidust rongirada &#8220;Suur seiklus&#8221; on loovust ergutav m\u00e4ngukomplekt pakub tundideks r\u00f5\u00f5mu ja kuulub igasse lastetuppa, kus laps saab ehitada ja kujundada oma rongimaailma.<\/p>\n<p><strong>Komplekti kuuluvad:<\/strong> 1 vedur, 2 vagunit, 1 valgusfoor, 1 maja, 1 katus, 6 puud, 4 figuuri, 2 silda, 22 r\u00f6\u00f6paosa.<\/p>\n<p><strong>M\u00f5\u00f5dud:<\/strong> Kokkupandud r\u00f6\u00f6pad: 45 x 60 x 9,5 cm; rong veduriga ja vagunitega: 21 x 3,5 x 4 cm.<\/p>\n<p>Sobib lastele alates 3. eluaastast.<\/p>\n<p>Avasta ka meie teised kvaliteetsed ja loovust arendavad <a href=\"https:\/\/sulin.ee\/tootekategooria\/mangimine\/puidust-manguasjad\/\">puidust m\u00e4nguasjad<\/a>, mis pakuvad r\u00f5\u00f5mu ja p\u00f5nevust igas vanuses lastele!<\/p>\n","protected":false},"excerpt":{"rendered":"<p><strong>Puidust Rongirada &#8220;Suur Seiklus&#8221;<\/strong> <strong>pakub noortele raudteelastele l\u00f5putuid m\u00e4nguv\u00f5imalusi, kus rongirajad kulgevad \u00fcle sildade ja l\u00e4bi orgude. Komplekti puidust r\u00f6\u00f6pad sobivad teiste suuremate m\u00e4ngurongis\u00fcsteemidega. Sobib lastele alates 3. eluaastast.<\/strong><\/p>\n","protected":false},"featured_media":24854,"comment_status":"open","ping_status":"closed","template":"","meta":[],"product_brand":[],"product_cat":[110,1162,1165,1166,175,1006],"product_tag":[],"class_list":{"0":"post-24843","1":"product","2":"type-product","3":"status-publish","4":"has-post-thumbnail","6":"product_cat-mangimine","7":"product_cat-kingituseks","8":"product_cat-3-5-aastat","9":"product_cat-6-8-aastat","10":"product_cat-puidust-manguasjad","11":"product_cat-small-foot","12":"has-post-title","13":"has-post-date","14":"has-post-category","15":"has-post-tag","16":"has-post-comment","17":"has-post-author","18":"","20":"first","21":"instock","22":"sale","23":"taxable","24":"shipping-taxable","25":"purchasable","26":"product-type-simple"},"yoast_head":"<!-- This site is optimized with the Yoast SEO plugin v26.8 - https:\/\/yoast.com\/product\/yoast-seo-wordpress\/ -->\n<title>Puidust rongirada &quot;Suur seiklus&quot; - sulin.ee<\/title>\n<meta name=\"description\" content=\"Puidust Rongirada &quot;Suur Seiklus&quot; pakub noortele raudteelastele l\u00f5putuid m\u00e4nguv\u00f5imalusi, kus rongirajad kulgevad \u00fcle sildade ja l\u00e4bi orgude.\" \/>\n<meta name=\"robots\" content=\"index, follow, max-snippet:-1, max-image-preview:large, max-video-preview:-1\" \/>\n<link rel=\"canonical\" href=\"https:\/\/sulin.ee\/en\/toode\/puidust-rongirada-suur-seiklus\/\" \/>\n<meta property=\"og:locale\" content=\"en_US\" \/>\n<meta property=\"og:type\" content=\"article\" \/>\n<meta property=\"og:title\" content=\"Puidust rongirada &quot;Suur seiklus&quot; - sulin.ee\" \/>\n<meta property=\"og:description\" content=\"Puidust Rongirada &quot;Suur Seiklus&quot; pakub noortele raudteelastele l\u00f5putuid m\u00e4nguv\u00f5imalusi, kus rongirajad kulgevad \u00fcle sildade ja l\u00e4bi orgude.\" \/>\n<meta property=\"og:url\" content=\"https:\/\/sulin.ee\/en\/toode\/puidust-rongirada-suur-seiklus\/\" \/>\n<meta property=\"og:site_name\" content=\"sulin.ee\" \/>\n<meta property=\"article:publisher\" content=\"https:\/\/www.facebook.com\/www.sulin.ee\/\" \/>\n<meta property=\"article:modified_time\" content=\"2025-09-07T21:39:52+00:00\" \/>\n<meta property=\"og:image\" content=\"https:\/\/sulin.ee\/wp-content\/uploads\/2024\/11\/Piltide-korrektuurid-kodulehel-2024-11-28T120023.851.png\" \/>\n\t<meta property=\"og:image:width\" content=\"1080\" \/>\n\t<meta property=\"og:image:height\" content=\"1080\" \/>\n\t<meta property=\"og:image:type\" content=\"image\/png\" \/>\n<meta name=\"twitter:card\" content=\"summary_large_image\" \/>\n<meta name=\"twitter:label1\" content=\"Est. reading time\" \/>\n\t<meta name=\"twitter:data1\" content=\"1 minute\" \/>\n<script type=\"application\/ld+json\" class=\"yoast-schema-graph\">{\"@context\":\"https:\/\/schema.org\",\"@graph\":[{\"@type\":\"WebPage\",\"@id\":\"https:\/\/sulin.ee\/en\/toode\/puidust-rongirada-suur-seiklus\/\",\"url\":\"https:\/\/sulin.ee\/en\/toode\/puidust-rongirada-suur-seiklus\/\",\"name\":\"Puidust rongirada \\\"Suur seiklus\\\" - sulin.ee\",\"isPartOf\":{\"@id\":\"https:\/\/sulin.ee\/en\/#website\"},\"primaryImageOfPage\":{\"@id\":\"https:\/\/sulin.ee\/en\/toode\/puidust-rongirada-suur-seiklus\/#primaryimage\"},\"image\":{\"@id\":\"https:\/\/sulin.ee\/en\/toode\/puidust-rongirada-suur-seiklus\/#primaryimage\"},\"thumbnailUrl\":\"https:\/\/sulin.ee\/wp-content\/uploads\/2024\/11\/Piltide-korrektuurid-kodulehel-2024-11-28T120023.851.png\",\"datePublished\":\"2024-11-28T10:09:12+00:00\",\"dateModified\":\"2025-09-07T21:39:52+00:00\",\"description\":\"Puidust Rongirada \\\"Suur Seiklus\\\" pakub noortele raudteelastele l\u00f5putuid m\u00e4nguv\u00f5imalusi, kus rongirajad kulgevad \u00fcle sildade ja l\u00e4bi orgude.\",\"breadcrumb\":{\"@id\":\"https:\/\/sulin.ee\/en\/toode\/puidust-rongirada-suur-seiklus\/#breadcrumb\"},\"inLanguage\":\"en-US\",\"potentialAction\":[{\"@type\":\"ReadAction\",\"target\":[\"https:\/\/sulin.ee\/en\/toode\/puidust-rongirada-suur-seiklus\/\"]}]},{\"@type\":\"ImageObject\",\"inLanguage\":\"en-US\",\"@id\":\"https:\/\/sulin.ee\/en\/toode\/puidust-rongirada-suur-seiklus\/#primaryimage\",\"url\":\"https:\/\/sulin.ee\/wp-content\/uploads\/2024\/11\/Piltide-korrektuurid-kodulehel-2024-11-28T120023.851.png\",\"contentUrl\":\"https:\/\/sulin.ee\/wp-content\/uploads\/2024\/11\/Piltide-korrektuurid-kodulehel-2024-11-28T120023.851.png\",\"width\":1080,\"height\":1080,\"caption\":\"Puidust rongirada \\\"Suur seiklus\\\"\"},{\"@type\":\"BreadcrumbList\",\"@id\":\"https:\/\/sulin.ee\/en\/toode\/puidust-rongirada-suur-seiklus\/#breadcrumb\",\"itemListElement\":[{\"@type\":\"ListItem\",\"position\":1,\"name\":\"Home\",\"item\":\"https:\/\/sulin.ee\/en\/\"},{\"@type\":\"ListItem\",\"position\":2,\"name\":\"Sulin.ee e-pood\",\"item\":\"https:\/\/sulin.ee\/shop\/\"},{\"@type\":\"ListItem\",\"position\":3,\"name\":\"Puidust rongirada &#8220;Suur seiklus&#8221;\"}]},{\"@type\":\"WebSite\",\"@id\":\"https:\/\/sulin.ee\/en\/#website\",\"url\":\"https:\/\/sulin.ee\/en\/\",\"name\":\"sulin.ee\",\"description\":\"\",\"publisher\":{\"@id\":\"https:\/\/sulin.ee\/en\/#organization\"},\"potentialAction\":[{\"@type\":\"SearchAction\",\"target\":{\"@type\":\"EntryPoint\",\"urlTemplate\":\"https:\/\/sulin.ee\/en\/?s={search_term_string}\"},\"query-input\":{\"@type\":\"PropertyValueSpecification\",\"valueRequired\":true,\"valueName\":\"search_term_string\"}}],\"inLanguage\":\"en-US\"},{\"@type\":\"Organization\",\"@id\":\"https:\/\/sulin.ee\/en\/#organization\",\"name\":\"SULIN TRADE O\u00dc\",\"url\":\"https:\/\/sulin.ee\/en\/\",\"logo\":{\"@type\":\"ImageObject\",\"inLanguage\":\"en-US\",\"@id\":\"https:\/\/sulin.ee\/en\/#\/schema\/logo\/image\/\",\"url\":\"https:\/\/sulin.ee\/wp-content\/uploads\/2022\/11\/sulin-logo.png\",\"contentUrl\":\"https:\/\/sulin.ee\/wp-content\/uploads\/2022\/11\/sulin-logo.png\",\"width\":871,\"height\":321,\"caption\":\"SULIN TRADE O\u00dc\"},\"image\":{\"@id\":\"https:\/\/sulin.ee\/en\/#\/schema\/logo\/image\/\"},\"sameAs\":[\"https:\/\/www.facebook.com\/www.sulin.ee\/\",\"https:\/\/www.instagram.com\/sulintrade\/\"]}]}<\/script>\n<!-- \/ Yoast SEO plugin. -->","yoast_head_json":{"title":"Puidust rongirada \"Suur seiklus\" - sulin.ee","description":"Puidust Rongirada \"Suur Seiklus\" pakub noortele raudteelastele l\u00f5putuid m\u00e4nguv\u00f5imalusi, kus rongirajad kulgevad \u00fcle sildade ja l\u00e4bi orgude.","robots":{"index":"index","follow":"follow","max-snippet":"max-snippet:-1","max-image-preview":"max-image-preview:large","max-video-preview":"max-video-preview:-1"},"canonical":"https:\/\/sulin.ee\/en\/toode\/puidust-rongirada-suur-seiklus\/","og_locale":"en_US","og_type":"article","og_title":"Puidust rongirada \"Suur seiklus\" - sulin.ee","og_description":"Puidust Rongirada \"Suur Seiklus\" pakub noortele raudteelastele l\u00f5putuid m\u00e4nguv\u00f5imalusi, kus rongirajad kulgevad \u00fcle sildade ja l\u00e4bi orgude.","og_url":"https:\/\/sulin.ee\/en\/toode\/puidust-rongirada-suur-seiklus\/","og_site_name":"sulin.ee","article_publisher":"https:\/\/www.facebook.com\/www.sulin.ee\/","article_modified_time":"2025-09-07T21:39:52+00:00","og_image":[{"width":1080,"height":1080,"url":"https:\/\/sulin.ee\/wp-content\/uploads\/2024\/11\/Piltide-korrektuurid-kodulehel-2024-11-28T120023.851.png","type":"image\/png"}],"twitter_card":"summary_large_image","twitter_misc":{"Est. reading time":"1 minute"},"schema":{"@context":"https:\/\/schema.org","@graph":[{"@type":"WebPage","@id":"https:\/\/sulin.ee\/en\/toode\/puidust-rongirada-suur-seiklus\/","url":"https:\/\/sulin.ee\/en\/toode\/puidust-rongirada-suur-seiklus\/","name":"Puidust rongirada \"Suur seiklus\" - sulin.ee","isPartOf":{"@id":"https:\/\/sulin.ee\/en\/#website"},"primaryImageOfPage":{"@id":"https:\/\/sulin.ee\/en\/toode\/puidust-rongirada-suur-seiklus\/#primaryimage"},"image":{"@id":"https:\/\/sulin.ee\/en\/toode\/puidust-rongirada-suur-seiklus\/#primaryimage"},"thumbnailUrl":"https:\/\/sulin.ee\/wp-content\/uploads\/2024\/11\/Piltide-korrektuurid-kodulehel-2024-11-28T120023.851.png","datePublished":"2024-11-28T10:09:12+00:00","dateModified":"2025-09-07T21:39:52+00:00","description":"Puidust Rongirada \"Suur Seiklus\" pakub noortele raudteelastele l\u00f5putuid m\u00e4nguv\u00f5imalusi, kus rongirajad kulgevad \u00fcle sildade ja l\u00e4bi orgude.","breadcrumb":{"@id":"https:\/\/sulin.ee\/en\/toode\/puidust-rongirada-suur-seiklus\/#breadcrumb"},"inLanguage":"en-US","potentialAction":[{"@type":"ReadAction","target":["https:\/\/sulin.ee\/en\/toode\/puidust-rongirada-suur-seiklus\/"]}]},{"@type":"ImageObject","inLanguage":"en-US","@id":"https:\/\/sulin.ee\/en\/toode\/puidust-rongirada-suur-seiklus\/#primaryimage","url":"https:\/\/sulin.ee\/wp-content\/uploads\/2024\/11\/Piltide-korrektuurid-kodulehel-2024-11-28T120023.851.png","contentUrl":"https:\/\/sulin.ee\/wp-content\/uploads\/2024\/11\/Piltide-korrektuurid-kodulehel-2024-11-28T120023.851.png","width":1080,"height":1080,"caption":"Puidust rongirada \"Suur seiklus\""},{"@type":"BreadcrumbList","@id":"https:\/\/sulin.ee\/en\/toode\/puidust-rongirada-suur-seiklus\/#breadcrumb","itemListElement":[{"@type":"ListItem","position":1,"name":"Home","item":"https:\/\/sulin.ee\/en\/"},{"@type":"ListItem","position":2,"name":"Sulin.ee e-pood","item":"https:\/\/sulin.ee\/shop\/"},{"@type":"ListItem","position":3,"name":"Puidust rongirada &#8220;Suur seiklus&#8221;"}]},{"@type":"WebSite","@id":"https:\/\/sulin.ee\/en\/#website","url":"https:\/\/sulin.ee\/en\/","name":"sulin.ee","description":"","publisher":{"@id":"https:\/\/sulin.ee\/en\/#organization"},"potentialAction":[{"@type":"SearchAction","target":{"@type":"EntryPoint","urlTemplate":"https:\/\/sulin.ee\/en\/?s={search_term_string}"},"query-input":{"@type":"PropertyValueSpecification","valueRequired":true,"valueName":"search_term_string"}}],"inLanguage":"en-US"},{"@type":"Organization","@id":"https:\/\/sulin.ee\/en\/#organization","name":"SULIN TRADE O\u00dc","url":"https:\/\/sulin.ee\/en\/","logo":{"@type":"ImageObject","inLanguage":"en-US","@id":"https:\/\/sulin.ee\/en\/#\/schema\/logo\/image\/","url":"https:\/\/sulin.ee\/wp-content\/uploads\/2022\/11\/sulin-logo.png","contentUrl":"https:\/\/sulin.ee\/wp-content\/uploads\/2022\/11\/sulin-logo.png","width":871,"height":321,"caption":"SULIN TRADE O\u00dc"},"image":{"@id":"https:\/\/sulin.ee\/en\/#\/schema\/logo\/image\/"},"sameAs":["https:\/\/www.facebook.com\/www.sulin.ee\/","https:\/\/www.instagram.com\/sulintrade\/"]}]}},"builder_content":"","_links":{"self":[{"href":"https:\/\/sulin.ee\/en\/wp-json\/wp\/v2\/product\/24843","targetHints":{"allow":["GET"]}}],"collection":[{"href":"https:\/\/sulin.ee\/en\/wp-json\/wp\/v2\/product"}],"about":[{"href":"https:\/\/sulin.ee\/en\/wp-json\/wp\/v2\/types\/product"}],"replies":[{"embeddable":true,"href":"https:\/\/sulin.ee\/en\/wp-json\/wp\/v2\/comments?post=24843"}],"wp:featuredmedia":[{"embeddable":true,"href":"https:\/\/sulin.ee\/en\/wp-json\/wp\/v2\/media\/24854"}],"wp:attachment":[{"href":"https:\/\/sulin.ee\/en\/wp-json\/wp\/v2\/media?parent=24843"}],"wp:term":[{"taxonomy":"product_brand","embeddable":true,"href":"https:\/\/sulin.ee\/en\/wp-json\/wp\/v2\/product_brand?post=24843"},{"taxonomy":"product_cat","embeddable":true,"href":"https:\/\/sulin.ee\/en\/wp-json\/wp\/v2\/product_cat?post=24843"},{"taxonomy":"product_tag","embeddable":true,"href":"https:\/\/sulin.ee\/en\/wp-json\/wp\/v2\/product_tag?post=24843"}],"curies":[{"name":"wp","href":"https:\/\/api.w.org\/{rel}","templated":true}]}}