{"id":24824,"date":"2024-11-28T09:54:43","date_gmt":"2024-11-28T09:54:43","guid":{"rendered":"https:\/\/sulin.ee\/?post_type=product&#038;p=24824"},"modified":"2025-09-07T21:40:02","modified_gmt":"2025-09-07T21:40:02","slug":"lauamang-arva-kes-4-sopra","status":"publish","type":"product","link":"https:\/\/sulin.ee\/en\/toode\/lauamang-arva-kes-4-sopra\/","title":{"rendered":"Lauam\u00e4ng &#8220;Arva kes &#8211; 4 s\u00f5pra&#8221;"},"content":{"rendered":"<p><strong>Lauam\u00e4ng &#8220;Arva kes &#8211; 4 s\u00f5pra&#8221;<\/strong> on l\u00f5bus ja arendav m\u00e4ng, mis toob kogu pere kokku! Kes varastas \u00f5unad? Sellele k\u00fcsimusele vastamiseks peavad m\u00e4ngijad kasutama t\u00e4helepanelikkust ja loogikat, et kiiresti tuvastada kahtlusalune &#8220;4 S\u00f5pra&#8221; tegelane. M\u00e4ng on valmistatud vastupidavast puidust ja sellel on lapsele sobiv s\u00f5bralik disain, mis teeb m\u00e4ngimise nauditavaks.<\/p>\n<p>Lauam\u00e4ng &#8220;Arva kes &#8211; 4 s\u00f5pra&#8221; komplekti kuulub kaks m\u00e4ngulauda m\u00e4ngunuppude paigutamiseks ning 22 v\u00e4ikest kaardikujutist, mis kujutavad \u00e4raarvatavat tegelast. Veelgi mitmekesisemaks m\u00e4nguks saab seda m\u00e4ngu m\u00e4ngida ka m\u00e4lum\u00e4ngu stiilis. K\u00f5ik m\u00e4ngutarvikud on mugavalt hoiustatavad kvaliteetses m\u00e4ngukarbis, mis muudab m\u00e4ngu lihtsasti hoiustatavaks ja kaasaskantavaks.<\/p>\n<p>Olga lehm ja Heinz kukk \u00fcritavad v\u00e4lja selgitada, kes s\u00f5i \u00f5unad, kuid kahtlusalused on end h\u00e4sti peitnud! See <a href=\"https:\/\/www.small-foot.de\/en\/\">Small Foot<\/a> populaarne lauam\u00e4ng tutvustab lastele m\u00e4nguliselt sarnasuste ja erinevuste m\u00f5isteid. Lihtsate reeglite ja kiire m\u00e4ngutempoga sobib see ideaalselt igas vanuses m\u00e4ngijatele, aidates arendada loogilist m\u00f5tlemist, kombinatsioonioskusi ja keskendumisv\u00f5imet.<\/p>\n<p><strong>M\u00f5\u00f5dud:<\/strong> M\u00e4ngulaud: 30 x 23 x 1 cm, \u00f5un: 3,5 x 3 x 0,5 cm.<\/p>\n<p>Sobib lastele alates 4. eluaastast.<\/p>\n<p>Tutvu ka meie teiste <a href=\"https:\/\/sulin.ee\/tootekategooria\/mangimine\/oppemangud\/motoorika\/\">arendavate m\u00e4nguasjadega<\/a>, mis pakuvad r\u00f5\u00f5mu ja toetavad lapse arengut igas vanuses!<\/p>\n","protected":false},"excerpt":{"rendered":"<p><strong>Lauam\u00e4ng &#8220;Arva kes &#8211; 4 s\u00f5pra&#8221; on l\u00f5bus ja hariv m\u00e4ng, kus m\u00e4ngijad peavad loogikat ja t\u00e4helepanelikkust kasutades tuvastama kahtlusaluse tegelase. Sobib lastele alates 4. eluaastast, arendades keskendumisv\u00f5imet ja kombinatsioonioskusi.\u00a0<\/strong><\/p>\n","protected":false},"featured_media":24841,"comment_status":"open","ping_status":"closed","template":"","meta":[],"product_brand":[],"product_cat":[110,1162,1165,1166,942,1006],"product_tag":[],"class_list":{"0":"post-24824","1":"product","2":"type-product","3":"status-publish","4":"has-post-thumbnail","6":"product_cat-mangimine","7":"product_cat-kingituseks","8":"product_cat-3-5-aastat","9":"product_cat-6-8-aastat","10":"product_cat-lauamangud","11":"product_cat-small-foot","12":"has-post-title","13":"has-post-date","14":"has-post-category","15":"has-post-tag","16":"has-post-comment","17":"has-post-author","18":"","20":"first","21":"instock","22":"sale","23":"taxable","24":"shipping-taxable","25":"purchasable","26":"product-type-simple"},"yoast_head":"<!-- This site is optimized with the Yoast SEO plugin v26.8 - https:\/\/yoast.com\/product\/yoast-seo-wordpress\/ -->\n<title>Lauam\u00e4ng &quot;Arva kes - 4 s\u00f5pra&quot; - sulin.ee<\/title>\n<meta name=\"description\" content=\"Lauam\u00e4ng &quot;Arva kes - 4 s\u00f5pra&quot; on l\u00f5bus ja hariv m\u00e4ng, kus m\u00e4ngijad peavad loogikat ja t\u00e4helepanelikkust kasutades tuvastama kahtlusaluse tegelase.\" \/>\n<meta name=\"robots\" content=\"index, follow, max-snippet:-1, max-image-preview:large, max-video-preview:-1\" \/>\n<link rel=\"canonical\" href=\"https:\/\/sulin.ee\/en\/toode\/lauamang-arva-kes-4-sopra\/\" \/>\n<meta property=\"og:locale\" content=\"en_US\" \/>\n<meta property=\"og:type\" content=\"article\" \/>\n<meta property=\"og:title\" content=\"Lauam\u00e4ng &quot;Arva kes - 4 s\u00f5pra&quot; - sulin.ee\" \/>\n<meta property=\"og:description\" content=\"Lauam\u00e4ng &quot;Arva kes - 4 s\u00f5pra&quot; on l\u00f5bus ja hariv m\u00e4ng, kus m\u00e4ngijad peavad loogikat ja t\u00e4helepanelikkust kasutades tuvastama kahtlusaluse tegelase.\" \/>\n<meta property=\"og:url\" content=\"https:\/\/sulin.ee\/en\/toode\/lauamang-arva-kes-4-sopra\/\" \/>\n<meta property=\"og:site_name\" content=\"sulin.ee\" \/>\n<meta property=\"article:publisher\" content=\"https:\/\/www.facebook.com\/www.sulin.ee\/\" \/>\n<meta property=\"article:modified_time\" content=\"2025-09-07T21:40:02+00:00\" \/>\n<meta property=\"og:image\" content=\"https:\/\/sulin.ee\/wp-content\/uploads\/2024\/11\/Piltide-korrektuurid-kodulehel-2024-11-28T114653.265.png\" \/>\n\t<meta property=\"og:image:width\" content=\"1080\" \/>\n\t<meta property=\"og:image:height\" content=\"1080\" \/>\n\t<meta property=\"og:image:type\" content=\"image\/png\" \/>\n<meta name=\"twitter:card\" content=\"summary_large_image\" \/>\n<meta name=\"twitter:label1\" content=\"Est. reading time\" \/>\n\t<meta name=\"twitter:data1\" content=\"2 minutes\" \/>\n<script type=\"application\/ld+json\" class=\"yoast-schema-graph\">{\"@context\":\"https:\/\/schema.org\",\"@graph\":[{\"@type\":\"WebPage\",\"@id\":\"https:\/\/sulin.ee\/en\/toode\/lauamang-arva-kes-4-sopra\/\",\"url\":\"https:\/\/sulin.ee\/en\/toode\/lauamang-arva-kes-4-sopra\/\",\"name\":\"Lauam\u00e4ng \\\"Arva kes - 4 s\u00f5pra\\\" - sulin.ee\",\"isPartOf\":{\"@id\":\"https:\/\/sulin.ee\/en\/#website\"},\"primaryImageOfPage\":{\"@id\":\"https:\/\/sulin.ee\/en\/toode\/lauamang-arva-kes-4-sopra\/#primaryimage\"},\"image\":{\"@id\":\"https:\/\/sulin.ee\/en\/toode\/lauamang-arva-kes-4-sopra\/#primaryimage\"},\"thumbnailUrl\":\"https:\/\/sulin.ee\/wp-content\/uploads\/2024\/11\/Piltide-korrektuurid-kodulehel-2024-11-28T114653.265.png\",\"datePublished\":\"2024-11-28T09:54:43+00:00\",\"dateModified\":\"2025-09-07T21:40:02+00:00\",\"description\":\"Lauam\u00e4ng \\\"Arva kes - 4 s\u00f5pra\\\" on l\u00f5bus ja hariv m\u00e4ng, kus m\u00e4ngijad peavad loogikat ja t\u00e4helepanelikkust kasutades tuvastama kahtlusaluse tegelase.\",\"breadcrumb\":{\"@id\":\"https:\/\/sulin.ee\/en\/toode\/lauamang-arva-kes-4-sopra\/#breadcrumb\"},\"inLanguage\":\"en-US\",\"potentialAction\":[{\"@type\":\"ReadAction\",\"target\":[\"https:\/\/sulin.ee\/en\/toode\/lauamang-arva-kes-4-sopra\/\"]}]},{\"@type\":\"ImageObject\",\"inLanguage\":\"en-US\",\"@id\":\"https:\/\/sulin.ee\/en\/toode\/lauamang-arva-kes-4-sopra\/#primaryimage\",\"url\":\"https:\/\/sulin.ee\/wp-content\/uploads\/2024\/11\/Piltide-korrektuurid-kodulehel-2024-11-28T114653.265.png\",\"contentUrl\":\"https:\/\/sulin.ee\/wp-content\/uploads\/2024\/11\/Piltide-korrektuurid-kodulehel-2024-11-28T114653.265.png\",\"width\":1080,\"height\":1080,\"caption\":\"Lauam\u00e4ng \\\"Arva kes - 4 s\u00f5pra\\\"\"},{\"@type\":\"BreadcrumbList\",\"@id\":\"https:\/\/sulin.ee\/en\/toode\/lauamang-arva-kes-4-sopra\/#breadcrumb\",\"itemListElement\":[{\"@type\":\"ListItem\",\"position\":1,\"name\":\"Home\",\"item\":\"https:\/\/sulin.ee\/en\/\"},{\"@type\":\"ListItem\",\"position\":2,\"name\":\"Sulin.ee e-pood\",\"item\":\"https:\/\/sulin.ee\/shop\/\"},{\"@type\":\"ListItem\",\"position\":3,\"name\":\"Lauam\u00e4ng &#8220;Arva kes &#8211; 4 s\u00f5pra&#8221;\"}]},{\"@type\":\"WebSite\",\"@id\":\"https:\/\/sulin.ee\/en\/#website\",\"url\":\"https:\/\/sulin.ee\/en\/\",\"name\":\"sulin.ee\",\"description\":\"\",\"publisher\":{\"@id\":\"https:\/\/sulin.ee\/en\/#organization\"},\"potentialAction\":[{\"@type\":\"SearchAction\",\"target\":{\"@type\":\"EntryPoint\",\"urlTemplate\":\"https:\/\/sulin.ee\/en\/?s={search_term_string}\"},\"query-input\":{\"@type\":\"PropertyValueSpecification\",\"valueRequired\":true,\"valueName\":\"search_term_string\"}}],\"inLanguage\":\"en-US\"},{\"@type\":\"Organization\",\"@id\":\"https:\/\/sulin.ee\/en\/#organization\",\"name\":\"SULIN TRADE O\u00dc\",\"url\":\"https:\/\/sulin.ee\/en\/\",\"logo\":{\"@type\":\"ImageObject\",\"inLanguage\":\"en-US\",\"@id\":\"https:\/\/sulin.ee\/en\/#\/schema\/logo\/image\/\",\"url\":\"https:\/\/sulin.ee\/wp-content\/uploads\/2022\/11\/sulin-logo.png\",\"contentUrl\":\"https:\/\/sulin.ee\/wp-content\/uploads\/2022\/11\/sulin-logo.png\",\"width\":871,\"height\":321,\"caption\":\"SULIN TRADE O\u00dc\"},\"image\":{\"@id\":\"https:\/\/sulin.ee\/en\/#\/schema\/logo\/image\/\"},\"sameAs\":[\"https:\/\/www.facebook.com\/www.sulin.ee\/\",\"https:\/\/www.instagram.com\/sulintrade\/\"]}]}<\/script>\n<!-- \/ Yoast SEO plugin. -->","yoast_head_json":{"title":"Lauam\u00e4ng \"Arva kes - 4 s\u00f5pra\" - sulin.ee","description":"Lauam\u00e4ng \"Arva kes - 4 s\u00f5pra\" on l\u00f5bus ja hariv m\u00e4ng, kus m\u00e4ngijad peavad loogikat ja t\u00e4helepanelikkust kasutades tuvastama kahtlusaluse tegelase.","robots":{"index":"index","follow":"follow","max-snippet":"max-snippet:-1","max-image-preview":"max-image-preview:large","max-video-preview":"max-video-preview:-1"},"canonical":"https:\/\/sulin.ee\/en\/toode\/lauamang-arva-kes-4-sopra\/","og_locale":"en_US","og_type":"article","og_title":"Lauam\u00e4ng \"Arva kes - 4 s\u00f5pra\" - sulin.ee","og_description":"Lauam\u00e4ng \"Arva kes - 4 s\u00f5pra\" on l\u00f5bus ja hariv m\u00e4ng, kus m\u00e4ngijad peavad loogikat ja t\u00e4helepanelikkust kasutades tuvastama kahtlusaluse tegelase.","og_url":"https:\/\/sulin.ee\/en\/toode\/lauamang-arva-kes-4-sopra\/","og_site_name":"sulin.ee","article_publisher":"https:\/\/www.facebook.com\/www.sulin.ee\/","article_modified_time":"2025-09-07T21:40:02+00:00","og_image":[{"width":1080,"height":1080,"url":"https:\/\/sulin.ee\/wp-content\/uploads\/2024\/11\/Piltide-korrektuurid-kodulehel-2024-11-28T114653.265.png","type":"image\/png"}],"twitter_card":"summary_large_image","twitter_misc":{"Est. reading time":"2 minutes"},"schema":{"@context":"https:\/\/schema.org","@graph":[{"@type":"WebPage","@id":"https:\/\/sulin.ee\/en\/toode\/lauamang-arva-kes-4-sopra\/","url":"https:\/\/sulin.ee\/en\/toode\/lauamang-arva-kes-4-sopra\/","name":"Lauam\u00e4ng \"Arva kes - 4 s\u00f5pra\" - sulin.ee","isPartOf":{"@id":"https:\/\/sulin.ee\/en\/#website"},"primaryImageOfPage":{"@id":"https:\/\/sulin.ee\/en\/toode\/lauamang-arva-kes-4-sopra\/#primaryimage"},"image":{"@id":"https:\/\/sulin.ee\/en\/toode\/lauamang-arva-kes-4-sopra\/#primaryimage"},"thumbnailUrl":"https:\/\/sulin.ee\/wp-content\/uploads\/2024\/11\/Piltide-korrektuurid-kodulehel-2024-11-28T114653.265.png","datePublished":"2024-11-28T09:54:43+00:00","dateModified":"2025-09-07T21:40:02+00:00","description":"Lauam\u00e4ng \"Arva kes - 4 s\u00f5pra\" on l\u00f5bus ja hariv m\u00e4ng, kus m\u00e4ngijad peavad loogikat ja t\u00e4helepanelikkust kasutades tuvastama kahtlusaluse tegelase.","breadcrumb":{"@id":"https:\/\/sulin.ee\/en\/toode\/lauamang-arva-kes-4-sopra\/#breadcrumb"},"inLanguage":"en-US","potentialAction":[{"@type":"ReadAction","target":["https:\/\/sulin.ee\/en\/toode\/lauamang-arva-kes-4-sopra\/"]}]},{"@type":"ImageObject","inLanguage":"en-US","@id":"https:\/\/sulin.ee\/en\/toode\/lauamang-arva-kes-4-sopra\/#primaryimage","url":"https:\/\/sulin.ee\/wp-content\/uploads\/2024\/11\/Piltide-korrektuurid-kodulehel-2024-11-28T114653.265.png","contentUrl":"https:\/\/sulin.ee\/wp-content\/uploads\/2024\/11\/Piltide-korrektuurid-kodulehel-2024-11-28T114653.265.png","width":1080,"height":1080,"caption":"Lauam\u00e4ng \"Arva kes - 4 s\u00f5pra\""},{"@type":"BreadcrumbList","@id":"https:\/\/sulin.ee\/en\/toode\/lauamang-arva-kes-4-sopra\/#breadcrumb","itemListElement":[{"@type":"ListItem","position":1,"name":"Home","item":"https:\/\/sulin.ee\/en\/"},{"@type":"ListItem","position":2,"name":"Sulin.ee e-pood","item":"https:\/\/sulin.ee\/shop\/"},{"@type":"ListItem","position":3,"name":"Lauam\u00e4ng &#8220;Arva kes &#8211; 4 s\u00f5pra&#8221;"}]},{"@type":"WebSite","@id":"https:\/\/sulin.ee\/en\/#website","url":"https:\/\/sulin.ee\/en\/","name":"sulin.ee","description":"","publisher":{"@id":"https:\/\/sulin.ee\/en\/#organization"},"potentialAction":[{"@type":"SearchAction","target":{"@type":"EntryPoint","urlTemplate":"https:\/\/sulin.ee\/en\/?s={search_term_string}"},"query-input":{"@type":"PropertyValueSpecification","valueRequired":true,"valueName":"search_term_string"}}],"inLanguage":"en-US"},{"@type":"Organization","@id":"https:\/\/sulin.ee\/en\/#organization","name":"SULIN TRADE O\u00dc","url":"https:\/\/sulin.ee\/en\/","logo":{"@type":"ImageObject","inLanguage":"en-US","@id":"https:\/\/sulin.ee\/en\/#\/schema\/logo\/image\/","url":"https:\/\/sulin.ee\/wp-content\/uploads\/2022\/11\/sulin-logo.png","contentUrl":"https:\/\/sulin.ee\/wp-content\/uploads\/2022\/11\/sulin-logo.png","width":871,"height":321,"caption":"SULIN TRADE O\u00dc"},"image":{"@id":"https:\/\/sulin.ee\/en\/#\/schema\/logo\/image\/"},"sameAs":["https:\/\/www.facebook.com\/www.sulin.ee\/","https:\/\/www.instagram.com\/sulintrade\/"]}]}},"builder_content":"","_links":{"self":[{"href":"https:\/\/sulin.ee\/en\/wp-json\/wp\/v2\/product\/24824","targetHints":{"allow":["GET"]}}],"collection":[{"href":"https:\/\/sulin.ee\/en\/wp-json\/wp\/v2\/product"}],"about":[{"href":"https:\/\/sulin.ee\/en\/wp-json\/wp\/v2\/types\/product"}],"replies":[{"embeddable":true,"href":"https:\/\/sulin.ee\/en\/wp-json\/wp\/v2\/comments?post=24824"}],"wp:featuredmedia":[{"embeddable":true,"href":"https:\/\/sulin.ee\/en\/wp-json\/wp\/v2\/media\/24841"}],"wp:attachment":[{"href":"https:\/\/sulin.ee\/en\/wp-json\/wp\/v2\/media?parent=24824"}],"wp:term":[{"taxonomy":"product_brand","embeddable":true,"href":"https:\/\/sulin.ee\/en\/wp-json\/wp\/v2\/product_brand?post=24824"},{"taxonomy":"product_cat","embeddable":true,"href":"https:\/\/sulin.ee\/en\/wp-json\/wp\/v2\/product_cat?post=24824"},{"taxonomy":"product_tag","embeddable":true,"href":"https:\/\/sulin.ee\/en\/wp-json\/wp\/v2\/product_tag?post=24824"}],"curies":[{"name":"wp","href":"https:\/\/api.w.org\/{rel}","templated":true}]}}