{"id":24770,"date":"2024-11-28T09:25:59","date_gmt":"2024-11-28T09:25:59","guid":{"rendered":"https:\/\/sulin.ee\/?post_type=product&#038;p=24770"},"modified":"2025-09-07T21:40:02","modified_gmt":"2025-09-07T21:40:02","slug":"lauamang-loomade-ludo","status":"publish","type":"product","link":"https:\/\/sulin.ee\/en\/toode\/lauamang-loomade-ludo\/","title":{"rendered":"Lauam\u00e4ng &#8220;Loomade Ludo&#8221;"},"content":{"rendered":"<p><strong>Lauam\u00e4ng &#8220;Loomade Ludo&#8221;<\/strong> toob klassikalise Ludo m\u00e4ngu l\u00f5busa loomade temaatikaga uude kuude! Selle m\u00e4ngu keskmes on armsad loomakujukesed, mis asendavad traditsioonilisi m\u00e4ngunuppe, muutes m\u00e4ngu lastele kaasahaaravamaks ja visuaalselt p\u00f5nevamaks. Eriline detail on numbrit\u00e4ring, mis aitab noorematel m\u00e4ngijatel harjutada loendamist, pakkudes samal ajal harivat meelelahutust.<\/p>\n<p>M\u00e4ngu eesm\u00e4rk on liigutada oma loomakujud &#8220;kodusest pesast&#8221; l\u00e4bi m\u00e4nguv\u00e4lja fini\u0161isse, v\u00e4ltides teisi m\u00e4ngijaid, kes v\u00f5ivad sinu loomad rajalt tagasi algusesse saata. K\u00f5ik m\u00e4ngunupud ja t\u00e4ring on mugavalt hoiustatud hingedega puidust karbis, mis teeb m\u00e4ngu lihtsasti hoiustatavaks ja kaasaskantavaks.<\/p>\n<p><strong>\u00a0<a href=\"https:\/\/www.small-foot.de\/en\/\">Small Foot<\/a> Lauam\u00e4ng &#8220;Loomade Ludo&#8221;<\/strong> arendab laste strateegilist m\u00f5tlemist, keskendumisv\u00f5imet ja koost\u00f6\u00f6oskusi, pakkudes samal ajal l\u00f5busaid hetki kogu perele. Sobib ideaalselt lastele alates 4. eluaastast, olles lihtne ja l\u00f5bus m\u00e4ng igas vanuses m\u00e4ngijatele.<\/p>\n<p><strong>M\u00f5\u00f5dud:<\/strong> 27 x 27 x 1,5 cm, m\u00e4ngunupu k\u00f5rgus: 4 cm, l\u00e4bim\u00f5\u00f5t: 1,5 cm.<\/p>\n<p>Avastage ka meie teised p\u00f5nevad <a href=\"https:\/\/sulin.ee\/tootekategooria\/mangimine\/lauamangud\/\" target=\"_blank\" rel=\"noopener\">lauam\u00e4ngud<\/a>, mis pakuvad r\u00f5\u00f5mu ja arendavat meelelahutust kogu perele!<\/p>\n","protected":false},"excerpt":{"rendered":"<p><strong>Lauam\u00e4ng &#8220;Loomade Ludo&#8221; on l\u00f5bus ja hariv klassikaline Ludo m\u00e4ng, kus m\u00e4ngunuppudeks on armsad loomakujud ja t\u00e4ringul numbrid. Sobib lastele alates 4. eluaastast, arendades strateegilist m\u00f5tlemist ja pakkudes l\u00f5busaid hetki kogu perele.\u00a0<\/strong><\/p>\n","protected":false},"featured_media":24771,"comment_status":"open","ping_status":"closed","template":"","meta":[],"product_brand":[],"product_cat":[110,1162,1165,1166,942,1006],"product_tag":[],"class_list":{"0":"post-24770","1":"product","2":"type-product","3":"status-publish","4":"has-post-thumbnail","6":"product_cat-mangimine","7":"product_cat-kingituseks","8":"product_cat-3-5-aastat","9":"product_cat-6-8-aastat","10":"product_cat-lauamangud","11":"product_cat-small-foot","12":"has-post-title","13":"has-post-date","14":"has-post-category","15":"has-post-tag","16":"has-post-comment","17":"has-post-author","18":"","20":"first","21":"instock","22":"sale","23":"taxable","24":"shipping-taxable","25":"purchasable","26":"product-type-simple"},"yoast_head":"<!-- This site is optimized with the Yoast SEO plugin v26.8 - https:\/\/yoast.com\/product\/yoast-seo-wordpress\/ -->\n<title>Lauam\u00e4ng &quot;Loomade Ludo&quot; - sulin.ee<\/title>\n<meta name=\"description\" content=\"Lauam\u00e4ng &quot;Loomade Ludo&quot; on l\u00f5bus ja hariv klassikaline Ludo m\u00e4ng, kus m\u00e4ngunuppudeks on armsad loomakujud ja t\u00e4ringul numbrid. \u00a0\" \/>\n<meta name=\"robots\" content=\"index, follow, max-snippet:-1, max-image-preview:large, max-video-preview:-1\" \/>\n<link rel=\"canonical\" href=\"https:\/\/sulin.ee\/en\/toode\/lauamang-loomade-ludo\/\" \/>\n<meta property=\"og:locale\" content=\"en_US\" \/>\n<meta property=\"og:type\" content=\"article\" \/>\n<meta property=\"og:title\" content=\"Lauam\u00e4ng &quot;Loomade Ludo&quot; - sulin.ee\" \/>\n<meta property=\"og:description\" content=\"Lauam\u00e4ng &quot;Loomade Ludo&quot; on l\u00f5bus ja hariv klassikaline Ludo m\u00e4ng, kus m\u00e4ngunuppudeks on armsad loomakujud ja t\u00e4ringul numbrid. \u00a0\" \/>\n<meta property=\"og:url\" content=\"https:\/\/sulin.ee\/en\/toode\/lauamang-loomade-ludo\/\" \/>\n<meta property=\"og:site_name\" content=\"sulin.ee\" \/>\n<meta property=\"article:publisher\" content=\"https:\/\/www.facebook.com\/www.sulin.ee\/\" \/>\n<meta property=\"article:modified_time\" content=\"2025-09-07T21:40:02+00:00\" \/>\n<meta property=\"og:image\" content=\"https:\/\/sulin.ee\/wp-content\/uploads\/2024\/11\/Piltide-korrektuurid-kodulehel-2024-11-28T112112.984.png\" \/>\n\t<meta property=\"og:image:width\" content=\"1080\" \/>\n\t<meta property=\"og:image:height\" content=\"1080\" \/>\n\t<meta property=\"og:image:type\" content=\"image\/png\" \/>\n<meta name=\"twitter:card\" content=\"summary_large_image\" \/>\n<meta name=\"twitter:label1\" content=\"Est. reading time\" \/>\n\t<meta name=\"twitter:data1\" content=\"1 minute\" \/>\n<script type=\"application\/ld+json\" class=\"yoast-schema-graph\">{\"@context\":\"https:\/\/schema.org\",\"@graph\":[{\"@type\":\"WebPage\",\"@id\":\"https:\/\/sulin.ee\/en\/toode\/lauamang-loomade-ludo\/\",\"url\":\"https:\/\/sulin.ee\/en\/toode\/lauamang-loomade-ludo\/\",\"name\":\"Lauam\u00e4ng \\\"Loomade Ludo\\\" - sulin.ee\",\"isPartOf\":{\"@id\":\"https:\/\/sulin.ee\/en\/#website\"},\"primaryImageOfPage\":{\"@id\":\"https:\/\/sulin.ee\/en\/toode\/lauamang-loomade-ludo\/#primaryimage\"},\"image\":{\"@id\":\"https:\/\/sulin.ee\/en\/toode\/lauamang-loomade-ludo\/#primaryimage\"},\"thumbnailUrl\":\"https:\/\/sulin.ee\/wp-content\/uploads\/2024\/11\/Piltide-korrektuurid-kodulehel-2024-11-28T112112.984.png\",\"datePublished\":\"2024-11-28T09:25:59+00:00\",\"dateModified\":\"2025-09-07T21:40:02+00:00\",\"description\":\"Lauam\u00e4ng \\\"Loomade Ludo\\\" on l\u00f5bus ja hariv klassikaline Ludo m\u00e4ng, kus m\u00e4ngunuppudeks on armsad loomakujud ja t\u00e4ringul numbrid. \u00a0\",\"breadcrumb\":{\"@id\":\"https:\/\/sulin.ee\/en\/toode\/lauamang-loomade-ludo\/#breadcrumb\"},\"inLanguage\":\"en-US\",\"potentialAction\":[{\"@type\":\"ReadAction\",\"target\":[\"https:\/\/sulin.ee\/en\/toode\/lauamang-loomade-ludo\/\"]}]},{\"@type\":\"ImageObject\",\"inLanguage\":\"en-US\",\"@id\":\"https:\/\/sulin.ee\/en\/toode\/lauamang-loomade-ludo\/#primaryimage\",\"url\":\"https:\/\/sulin.ee\/wp-content\/uploads\/2024\/11\/Piltide-korrektuurid-kodulehel-2024-11-28T112112.984.png\",\"contentUrl\":\"https:\/\/sulin.ee\/wp-content\/uploads\/2024\/11\/Piltide-korrektuurid-kodulehel-2024-11-28T112112.984.png\",\"width\":1080,\"height\":1080,\"caption\":\"Lauam\u00e4ng Loomade Ludo\"},{\"@type\":\"BreadcrumbList\",\"@id\":\"https:\/\/sulin.ee\/en\/toode\/lauamang-loomade-ludo\/#breadcrumb\",\"itemListElement\":[{\"@type\":\"ListItem\",\"position\":1,\"name\":\"Home\",\"item\":\"https:\/\/sulin.ee\/en\/\"},{\"@type\":\"ListItem\",\"position\":2,\"name\":\"Sulin.ee e-pood\",\"item\":\"https:\/\/sulin.ee\/shop\/\"},{\"@type\":\"ListItem\",\"position\":3,\"name\":\"Lauam\u00e4ng &#8220;Loomade Ludo&#8221;\"}]},{\"@type\":\"WebSite\",\"@id\":\"https:\/\/sulin.ee\/en\/#website\",\"url\":\"https:\/\/sulin.ee\/en\/\",\"name\":\"sulin.ee\",\"description\":\"\",\"publisher\":{\"@id\":\"https:\/\/sulin.ee\/en\/#organization\"},\"potentialAction\":[{\"@type\":\"SearchAction\",\"target\":{\"@type\":\"EntryPoint\",\"urlTemplate\":\"https:\/\/sulin.ee\/en\/?s={search_term_string}\"},\"query-input\":{\"@type\":\"PropertyValueSpecification\",\"valueRequired\":true,\"valueName\":\"search_term_string\"}}],\"inLanguage\":\"en-US\"},{\"@type\":\"Organization\",\"@id\":\"https:\/\/sulin.ee\/en\/#organization\",\"name\":\"SULIN TRADE O\u00dc\",\"url\":\"https:\/\/sulin.ee\/en\/\",\"logo\":{\"@type\":\"ImageObject\",\"inLanguage\":\"en-US\",\"@id\":\"https:\/\/sulin.ee\/en\/#\/schema\/logo\/image\/\",\"url\":\"https:\/\/sulin.ee\/wp-content\/uploads\/2022\/11\/sulin-logo.png\",\"contentUrl\":\"https:\/\/sulin.ee\/wp-content\/uploads\/2022\/11\/sulin-logo.png\",\"width\":871,\"height\":321,\"caption\":\"SULIN TRADE O\u00dc\"},\"image\":{\"@id\":\"https:\/\/sulin.ee\/en\/#\/schema\/logo\/image\/\"},\"sameAs\":[\"https:\/\/www.facebook.com\/www.sulin.ee\/\",\"https:\/\/www.instagram.com\/sulintrade\/\"]}]}<\/script>\n<!-- \/ Yoast SEO plugin. -->","yoast_head_json":{"title":"Lauam\u00e4ng \"Loomade Ludo\" - sulin.ee","description":"Lauam\u00e4ng \"Loomade Ludo\" on l\u00f5bus ja hariv klassikaline Ludo m\u00e4ng, kus m\u00e4ngunuppudeks on armsad loomakujud ja t\u00e4ringul numbrid. \u00a0","robots":{"index":"index","follow":"follow","max-snippet":"max-snippet:-1","max-image-preview":"max-image-preview:large","max-video-preview":"max-video-preview:-1"},"canonical":"https:\/\/sulin.ee\/en\/toode\/lauamang-loomade-ludo\/","og_locale":"en_US","og_type":"article","og_title":"Lauam\u00e4ng \"Loomade Ludo\" - sulin.ee","og_description":"Lauam\u00e4ng \"Loomade Ludo\" on l\u00f5bus ja hariv klassikaline Ludo m\u00e4ng, kus m\u00e4ngunuppudeks on armsad loomakujud ja t\u00e4ringul numbrid. \u00a0","og_url":"https:\/\/sulin.ee\/en\/toode\/lauamang-loomade-ludo\/","og_site_name":"sulin.ee","article_publisher":"https:\/\/www.facebook.com\/www.sulin.ee\/","article_modified_time":"2025-09-07T21:40:02+00:00","og_image":[{"width":1080,"height":1080,"url":"https:\/\/sulin.ee\/wp-content\/uploads\/2024\/11\/Piltide-korrektuurid-kodulehel-2024-11-28T112112.984.png","type":"image\/png"}],"twitter_card":"summary_large_image","twitter_misc":{"Est. reading time":"1 minute"},"schema":{"@context":"https:\/\/schema.org","@graph":[{"@type":"WebPage","@id":"https:\/\/sulin.ee\/en\/toode\/lauamang-loomade-ludo\/","url":"https:\/\/sulin.ee\/en\/toode\/lauamang-loomade-ludo\/","name":"Lauam\u00e4ng \"Loomade Ludo\" - sulin.ee","isPartOf":{"@id":"https:\/\/sulin.ee\/en\/#website"},"primaryImageOfPage":{"@id":"https:\/\/sulin.ee\/en\/toode\/lauamang-loomade-ludo\/#primaryimage"},"image":{"@id":"https:\/\/sulin.ee\/en\/toode\/lauamang-loomade-ludo\/#primaryimage"},"thumbnailUrl":"https:\/\/sulin.ee\/wp-content\/uploads\/2024\/11\/Piltide-korrektuurid-kodulehel-2024-11-28T112112.984.png","datePublished":"2024-11-28T09:25:59+00:00","dateModified":"2025-09-07T21:40:02+00:00","description":"Lauam\u00e4ng \"Loomade Ludo\" on l\u00f5bus ja hariv klassikaline Ludo m\u00e4ng, kus m\u00e4ngunuppudeks on armsad loomakujud ja t\u00e4ringul numbrid. \u00a0","breadcrumb":{"@id":"https:\/\/sulin.ee\/en\/toode\/lauamang-loomade-ludo\/#breadcrumb"},"inLanguage":"en-US","potentialAction":[{"@type":"ReadAction","target":["https:\/\/sulin.ee\/en\/toode\/lauamang-loomade-ludo\/"]}]},{"@type":"ImageObject","inLanguage":"en-US","@id":"https:\/\/sulin.ee\/en\/toode\/lauamang-loomade-ludo\/#primaryimage","url":"https:\/\/sulin.ee\/wp-content\/uploads\/2024\/11\/Piltide-korrektuurid-kodulehel-2024-11-28T112112.984.png","contentUrl":"https:\/\/sulin.ee\/wp-content\/uploads\/2024\/11\/Piltide-korrektuurid-kodulehel-2024-11-28T112112.984.png","width":1080,"height":1080,"caption":"Lauam\u00e4ng Loomade Ludo"},{"@type":"BreadcrumbList","@id":"https:\/\/sulin.ee\/en\/toode\/lauamang-loomade-ludo\/#breadcrumb","itemListElement":[{"@type":"ListItem","position":1,"name":"Home","item":"https:\/\/sulin.ee\/en\/"},{"@type":"ListItem","position":2,"name":"Sulin.ee e-pood","item":"https:\/\/sulin.ee\/shop\/"},{"@type":"ListItem","position":3,"name":"Lauam\u00e4ng &#8220;Loomade Ludo&#8221;"}]},{"@type":"WebSite","@id":"https:\/\/sulin.ee\/en\/#website","url":"https:\/\/sulin.ee\/en\/","name":"sulin.ee","description":"","publisher":{"@id":"https:\/\/sulin.ee\/en\/#organization"},"potentialAction":[{"@type":"SearchAction","target":{"@type":"EntryPoint","urlTemplate":"https:\/\/sulin.ee\/en\/?s={search_term_string}"},"query-input":{"@type":"PropertyValueSpecification","valueRequired":true,"valueName":"search_term_string"}}],"inLanguage":"en-US"},{"@type":"Organization","@id":"https:\/\/sulin.ee\/en\/#organization","name":"SULIN TRADE O\u00dc","url":"https:\/\/sulin.ee\/en\/","logo":{"@type":"ImageObject","inLanguage":"en-US","@id":"https:\/\/sulin.ee\/en\/#\/schema\/logo\/image\/","url":"https:\/\/sulin.ee\/wp-content\/uploads\/2022\/11\/sulin-logo.png","contentUrl":"https:\/\/sulin.ee\/wp-content\/uploads\/2022\/11\/sulin-logo.png","width":871,"height":321,"caption":"SULIN TRADE O\u00dc"},"image":{"@id":"https:\/\/sulin.ee\/en\/#\/schema\/logo\/image\/"},"sameAs":["https:\/\/www.facebook.com\/www.sulin.ee\/","https:\/\/www.instagram.com\/sulintrade\/"]}]}},"builder_content":"","_links":{"self":[{"href":"https:\/\/sulin.ee\/en\/wp-json\/wp\/v2\/product\/24770","targetHints":{"allow":["GET"]}}],"collection":[{"href":"https:\/\/sulin.ee\/en\/wp-json\/wp\/v2\/product"}],"about":[{"href":"https:\/\/sulin.ee\/en\/wp-json\/wp\/v2\/types\/product"}],"replies":[{"embeddable":true,"href":"https:\/\/sulin.ee\/en\/wp-json\/wp\/v2\/comments?post=24770"}],"wp:featuredmedia":[{"embeddable":true,"href":"https:\/\/sulin.ee\/en\/wp-json\/wp\/v2\/media\/24771"}],"wp:attachment":[{"href":"https:\/\/sulin.ee\/en\/wp-json\/wp\/v2\/media?parent=24770"}],"wp:term":[{"taxonomy":"product_brand","embeddable":true,"href":"https:\/\/sulin.ee\/en\/wp-json\/wp\/v2\/product_brand?post=24770"},{"taxonomy":"product_cat","embeddable":true,"href":"https:\/\/sulin.ee\/en\/wp-json\/wp\/v2\/product_cat?post=24770"},{"taxonomy":"product_tag","embeddable":true,"href":"https:\/\/sulin.ee\/en\/wp-json\/wp\/v2\/product_tag?post=24770"}],"curies":[{"name":"wp","href":"https:\/\/api.w.org\/{rel}","templated":true}]}}