{"id":24688,"date":"2024-11-28T08:35:23","date_gmt":"2024-11-28T08:35:23","guid":{"rendered":"https:\/\/sulin.ee\/?post_type=product&#038;p=24688"},"modified":"2025-09-07T21:40:02","modified_gmt":"2025-09-07T21:40:02","slug":"trips-traps-trull","status":"publish","type":"product","link":"https:\/\/sulin.ee\/en\/toode\/trips-traps-trull\/","title":{"rendered":"Trips traps trull"},"content":{"rendered":"<p><strong>Trips traps trull<\/strong> on klassikaline m\u00e4ng, mis on saanud uue ja l\u00f5busa kujunduse kasside ja hiirte teemal! Magnetilised puidust m\u00e4ngunupud p\u00fcsivad kindlalt m\u00e4ngulaual t\u00e4nu tugevale magnetile, muutes m\u00e4ngimise lihtsaks ka liikumise ajal. Metallist karp toimib samaaegselt nii m\u00e4ngulaua kui ka hoiukohana, tagades, et k\u00f5ik m\u00e4ngut\u00fckid p\u00fcsivad turvaliselt koos.<\/p>\n<p>Selle kompaktsed m\u00f5\u00f5dud (metallkarp 10 x 10 x 2,5 cm, nupud 3 x 2,5 x 1 cm) teevad <a href=\"https:\/\/www.small-foot.de\/en\/\">Small Foot<\/a> trips traps trulli ideaalseks reisikaaslaseks v\u00f5i kaasav\u00f5tmiseks igale m\u00e4ngu\u00f5htule.<\/p>\n<p>Sobib lastele <strong>alates 5. eluaastast<\/strong>, pakkudes klassikalist m\u00e4ngur\u00f5\u00f5mu, mis arendab loogilist m\u00f5tlemist ja strateegilist planeerimist. L\u00f5bus ja praktiline valik nii koduseks ajaveetmiseks kui ka reisidele!<\/p>\n<p>Avastage ka meie teised p\u00f5nevad <a href=\"https:\/\/sulin.ee\/tootekategooria\/mangimine\/lauamangud\/\" target=\"_blank\" rel=\"noopener\">lauam\u00e4ngud<\/a>, mis pakuvad r\u00f5\u00f5mu ja arendavat meelelahutust kogu perele!<\/p>\n","protected":false},"excerpt":{"rendered":"<p><strong>Trips Traps Trull<\/strong> <strong>on kasside ja hiirte teemaline magnetiline m\u00e4ng, kus m\u00e4ngut\u00fckid p\u00fcsivad kindlalt metallkarbil, mis toimib nii m\u00e4ngulaua kui ka hoiukohana. Kompaktne ja kaasaskantav, sobib suurep\u00e4raselt reisikaaslaseks ja l\u00f5busateks m\u00e4nguhetkedeks lastele alates 5. eluaastast!<\/strong><\/p>\n","protected":false},"featured_media":24691,"comment_status":"open","ping_status":"closed","template":"","meta":[],"product_brand":[],"product_cat":[110,1162,1165,1166,942,1006],"product_tag":[],"class_list":{"0":"post-24688","1":"product","2":"type-product","3":"status-publish","4":"has-post-thumbnail","6":"product_cat-mangimine","7":"product_cat-kingituseks","8":"product_cat-3-5-aastat","9":"product_cat-6-8-aastat","10":"product_cat-lauamangud","11":"product_cat-small-foot","12":"has-post-title","13":"has-post-date","14":"has-post-category","15":"has-post-tag","16":"has-post-comment","17":"has-post-author","18":"","20":"first","21":"instock","22":"sale","23":"taxable","24":"shipping-taxable","25":"purchasable","26":"product-type-simple"},"yoast_head":"<!-- This site is optimized with the Yoast SEO plugin v26.8 - https:\/\/yoast.com\/product\/yoast-seo-wordpress\/ -->\n<title>Trips traps trull - sulin.ee<\/title>\n<meta name=\"description\" content=\"Trips Traps Trull on kasside ja hiirte teemaline magnetiline m\u00e4ng, kus m\u00e4ngut\u00fckid p\u00fcsivad kindlalt metallkarbil, mis toimib nii m\u00e4ngulaua kui ka hoiukohana.\" \/>\n<meta name=\"robots\" content=\"index, follow, max-snippet:-1, max-image-preview:large, max-video-preview:-1\" \/>\n<link rel=\"canonical\" href=\"https:\/\/sulin.ee\/en\/toode\/trips-traps-trull\/\" \/>\n<meta property=\"og:locale\" content=\"en_US\" \/>\n<meta property=\"og:type\" content=\"article\" \/>\n<meta property=\"og:title\" content=\"Trips traps trull - sulin.ee\" \/>\n<meta property=\"og:description\" content=\"Trips Traps Trull on kasside ja hiirte teemaline magnetiline m\u00e4ng, kus m\u00e4ngut\u00fckid p\u00fcsivad kindlalt metallkarbil, mis toimib nii m\u00e4ngulaua kui ka hoiukohana.\" \/>\n<meta property=\"og:url\" content=\"https:\/\/sulin.ee\/en\/toode\/trips-traps-trull\/\" \/>\n<meta property=\"og:site_name\" content=\"sulin.ee\" \/>\n<meta property=\"article:publisher\" content=\"https:\/\/www.facebook.com\/www.sulin.ee\/\" \/>\n<meta property=\"article:modified_time\" content=\"2025-09-07T21:40:02+00:00\" \/>\n<meta property=\"og:image\" content=\"https:\/\/sulin.ee\/wp-content\/uploads\/2024\/11\/Piltide-korrektuurid-kodulehel-2024-11-28T102741.806.png\" \/>\n\t<meta property=\"og:image:width\" content=\"1080\" \/>\n\t<meta property=\"og:image:height\" content=\"1080\" \/>\n\t<meta property=\"og:image:type\" content=\"image\/png\" \/>\n<meta name=\"twitter:card\" content=\"summary_large_image\" \/>\n<meta name=\"twitter:label1\" content=\"Est. reading time\" \/>\n\t<meta name=\"twitter:data1\" content=\"1 minute\" \/>\n<script type=\"application\/ld+json\" class=\"yoast-schema-graph\">{\"@context\":\"https:\/\/schema.org\",\"@graph\":[{\"@type\":\"WebPage\",\"@id\":\"https:\/\/sulin.ee\/en\/toode\/trips-traps-trull\/\",\"url\":\"https:\/\/sulin.ee\/en\/toode\/trips-traps-trull\/\",\"name\":\"Trips traps trull - sulin.ee\",\"isPartOf\":{\"@id\":\"https:\/\/sulin.ee\/en\/#website\"},\"primaryImageOfPage\":{\"@id\":\"https:\/\/sulin.ee\/en\/toode\/trips-traps-trull\/#primaryimage\"},\"image\":{\"@id\":\"https:\/\/sulin.ee\/en\/toode\/trips-traps-trull\/#primaryimage\"},\"thumbnailUrl\":\"https:\/\/sulin.ee\/wp-content\/uploads\/2024\/11\/Piltide-korrektuurid-kodulehel-2024-11-28T102741.806.png\",\"datePublished\":\"2024-11-28T08:35:23+00:00\",\"dateModified\":\"2025-09-07T21:40:02+00:00\",\"description\":\"Trips Traps Trull on kasside ja hiirte teemaline magnetiline m\u00e4ng, kus m\u00e4ngut\u00fckid p\u00fcsivad kindlalt metallkarbil, mis toimib nii m\u00e4ngulaua kui ka hoiukohana.\",\"breadcrumb\":{\"@id\":\"https:\/\/sulin.ee\/en\/toode\/trips-traps-trull\/#breadcrumb\"},\"inLanguage\":\"en-US\",\"potentialAction\":[{\"@type\":\"ReadAction\",\"target\":[\"https:\/\/sulin.ee\/en\/toode\/trips-traps-trull\/\"]}]},{\"@type\":\"ImageObject\",\"inLanguage\":\"en-US\",\"@id\":\"https:\/\/sulin.ee\/en\/toode\/trips-traps-trull\/#primaryimage\",\"url\":\"https:\/\/sulin.ee\/wp-content\/uploads\/2024\/11\/Piltide-korrektuurid-kodulehel-2024-11-28T102741.806.png\",\"contentUrl\":\"https:\/\/sulin.ee\/wp-content\/uploads\/2024\/11\/Piltide-korrektuurid-kodulehel-2024-11-28T102741.806.png\",\"width\":1080,\"height\":1080,\"caption\":\"Trips traps trull\"},{\"@type\":\"BreadcrumbList\",\"@id\":\"https:\/\/sulin.ee\/en\/toode\/trips-traps-trull\/#breadcrumb\",\"itemListElement\":[{\"@type\":\"ListItem\",\"position\":1,\"name\":\"Home\",\"item\":\"https:\/\/sulin.ee\/en\/\"},{\"@type\":\"ListItem\",\"position\":2,\"name\":\"Sulin.ee e-pood\",\"item\":\"https:\/\/sulin.ee\/shop\/\"},{\"@type\":\"ListItem\",\"position\":3,\"name\":\"Trips traps trull\"}]},{\"@type\":\"WebSite\",\"@id\":\"https:\/\/sulin.ee\/en\/#website\",\"url\":\"https:\/\/sulin.ee\/en\/\",\"name\":\"sulin.ee\",\"description\":\"\",\"publisher\":{\"@id\":\"https:\/\/sulin.ee\/en\/#organization\"},\"potentialAction\":[{\"@type\":\"SearchAction\",\"target\":{\"@type\":\"EntryPoint\",\"urlTemplate\":\"https:\/\/sulin.ee\/en\/?s={search_term_string}\"},\"query-input\":{\"@type\":\"PropertyValueSpecification\",\"valueRequired\":true,\"valueName\":\"search_term_string\"}}],\"inLanguage\":\"en-US\"},{\"@type\":\"Organization\",\"@id\":\"https:\/\/sulin.ee\/en\/#organization\",\"name\":\"SULIN TRADE O\u00dc\",\"url\":\"https:\/\/sulin.ee\/en\/\",\"logo\":{\"@type\":\"ImageObject\",\"inLanguage\":\"en-US\",\"@id\":\"https:\/\/sulin.ee\/en\/#\/schema\/logo\/image\/\",\"url\":\"https:\/\/sulin.ee\/wp-content\/uploads\/2022\/11\/sulin-logo.png\",\"contentUrl\":\"https:\/\/sulin.ee\/wp-content\/uploads\/2022\/11\/sulin-logo.png\",\"width\":871,\"height\":321,\"caption\":\"SULIN TRADE O\u00dc\"},\"image\":{\"@id\":\"https:\/\/sulin.ee\/en\/#\/schema\/logo\/image\/\"},\"sameAs\":[\"https:\/\/www.facebook.com\/www.sulin.ee\/\",\"https:\/\/www.instagram.com\/sulintrade\/\"]}]}<\/script>\n<!-- \/ Yoast SEO plugin. -->","yoast_head_json":{"title":"Trips traps trull - sulin.ee","description":"Trips Traps Trull on kasside ja hiirte teemaline magnetiline m\u00e4ng, kus m\u00e4ngut\u00fckid p\u00fcsivad kindlalt metallkarbil, mis toimib nii m\u00e4ngulaua kui ka hoiukohana.","robots":{"index":"index","follow":"follow","max-snippet":"max-snippet:-1","max-image-preview":"max-image-preview:large","max-video-preview":"max-video-preview:-1"},"canonical":"https:\/\/sulin.ee\/en\/toode\/trips-traps-trull\/","og_locale":"en_US","og_type":"article","og_title":"Trips traps trull - sulin.ee","og_description":"Trips Traps Trull on kasside ja hiirte teemaline magnetiline m\u00e4ng, kus m\u00e4ngut\u00fckid p\u00fcsivad kindlalt metallkarbil, mis toimib nii m\u00e4ngulaua kui ka hoiukohana.","og_url":"https:\/\/sulin.ee\/en\/toode\/trips-traps-trull\/","og_site_name":"sulin.ee","article_publisher":"https:\/\/www.facebook.com\/www.sulin.ee\/","article_modified_time":"2025-09-07T21:40:02+00:00","og_image":[{"width":1080,"height":1080,"url":"https:\/\/sulin.ee\/wp-content\/uploads\/2024\/11\/Piltide-korrektuurid-kodulehel-2024-11-28T102741.806.png","type":"image\/png"}],"twitter_card":"summary_large_image","twitter_misc":{"Est. reading time":"1 minute"},"schema":{"@context":"https:\/\/schema.org","@graph":[{"@type":"WebPage","@id":"https:\/\/sulin.ee\/en\/toode\/trips-traps-trull\/","url":"https:\/\/sulin.ee\/en\/toode\/trips-traps-trull\/","name":"Trips traps trull - sulin.ee","isPartOf":{"@id":"https:\/\/sulin.ee\/en\/#website"},"primaryImageOfPage":{"@id":"https:\/\/sulin.ee\/en\/toode\/trips-traps-trull\/#primaryimage"},"image":{"@id":"https:\/\/sulin.ee\/en\/toode\/trips-traps-trull\/#primaryimage"},"thumbnailUrl":"https:\/\/sulin.ee\/wp-content\/uploads\/2024\/11\/Piltide-korrektuurid-kodulehel-2024-11-28T102741.806.png","datePublished":"2024-11-28T08:35:23+00:00","dateModified":"2025-09-07T21:40:02+00:00","description":"Trips Traps Trull on kasside ja hiirte teemaline magnetiline m\u00e4ng, kus m\u00e4ngut\u00fckid p\u00fcsivad kindlalt metallkarbil, mis toimib nii m\u00e4ngulaua kui ka hoiukohana.","breadcrumb":{"@id":"https:\/\/sulin.ee\/en\/toode\/trips-traps-trull\/#breadcrumb"},"inLanguage":"en-US","potentialAction":[{"@type":"ReadAction","target":["https:\/\/sulin.ee\/en\/toode\/trips-traps-trull\/"]}]},{"@type":"ImageObject","inLanguage":"en-US","@id":"https:\/\/sulin.ee\/en\/toode\/trips-traps-trull\/#primaryimage","url":"https:\/\/sulin.ee\/wp-content\/uploads\/2024\/11\/Piltide-korrektuurid-kodulehel-2024-11-28T102741.806.png","contentUrl":"https:\/\/sulin.ee\/wp-content\/uploads\/2024\/11\/Piltide-korrektuurid-kodulehel-2024-11-28T102741.806.png","width":1080,"height":1080,"caption":"Trips traps trull"},{"@type":"BreadcrumbList","@id":"https:\/\/sulin.ee\/en\/toode\/trips-traps-trull\/#breadcrumb","itemListElement":[{"@type":"ListItem","position":1,"name":"Home","item":"https:\/\/sulin.ee\/en\/"},{"@type":"ListItem","position":2,"name":"Sulin.ee e-pood","item":"https:\/\/sulin.ee\/shop\/"},{"@type":"ListItem","position":3,"name":"Trips traps trull"}]},{"@type":"WebSite","@id":"https:\/\/sulin.ee\/en\/#website","url":"https:\/\/sulin.ee\/en\/","name":"sulin.ee","description":"","publisher":{"@id":"https:\/\/sulin.ee\/en\/#organization"},"potentialAction":[{"@type":"SearchAction","target":{"@type":"EntryPoint","urlTemplate":"https:\/\/sulin.ee\/en\/?s={search_term_string}"},"query-input":{"@type":"PropertyValueSpecification","valueRequired":true,"valueName":"search_term_string"}}],"inLanguage":"en-US"},{"@type":"Organization","@id":"https:\/\/sulin.ee\/en\/#organization","name":"SULIN TRADE O\u00dc","url":"https:\/\/sulin.ee\/en\/","logo":{"@type":"ImageObject","inLanguage":"en-US","@id":"https:\/\/sulin.ee\/en\/#\/schema\/logo\/image\/","url":"https:\/\/sulin.ee\/wp-content\/uploads\/2022\/11\/sulin-logo.png","contentUrl":"https:\/\/sulin.ee\/wp-content\/uploads\/2022\/11\/sulin-logo.png","width":871,"height":321,"caption":"SULIN TRADE O\u00dc"},"image":{"@id":"https:\/\/sulin.ee\/en\/#\/schema\/logo\/image\/"},"sameAs":["https:\/\/www.facebook.com\/www.sulin.ee\/","https:\/\/www.instagram.com\/sulintrade\/"]}]}},"builder_content":"","_links":{"self":[{"href":"https:\/\/sulin.ee\/en\/wp-json\/wp\/v2\/product\/24688","targetHints":{"allow":["GET"]}}],"collection":[{"href":"https:\/\/sulin.ee\/en\/wp-json\/wp\/v2\/product"}],"about":[{"href":"https:\/\/sulin.ee\/en\/wp-json\/wp\/v2\/types\/product"}],"replies":[{"embeddable":true,"href":"https:\/\/sulin.ee\/en\/wp-json\/wp\/v2\/comments?post=24688"}],"wp:featuredmedia":[{"embeddable":true,"href":"https:\/\/sulin.ee\/en\/wp-json\/wp\/v2\/media\/24691"}],"wp:attachment":[{"href":"https:\/\/sulin.ee\/en\/wp-json\/wp\/v2\/media?parent=24688"}],"wp:term":[{"taxonomy":"product_brand","embeddable":true,"href":"https:\/\/sulin.ee\/en\/wp-json\/wp\/v2\/product_brand?post=24688"},{"taxonomy":"product_cat","embeddable":true,"href":"https:\/\/sulin.ee\/en\/wp-json\/wp\/v2\/product_cat?post=24688"},{"taxonomy":"product_tag","embeddable":true,"href":"https:\/\/sulin.ee\/en\/wp-json\/wp\/v2\/product_tag?post=24688"}],"curies":[{"name":"wp","href":"https:\/\/api.w.org\/{rel}","templated":true}]}}