{"id":24432,"date":"2024-11-22T13:55:39","date_gmt":"2024-11-22T13:55:39","guid":{"rendered":"https:\/\/sulin.ee\/?post_type=product&#038;p=24432"},"modified":"2025-09-07T21:40:11","modified_gmt":"2025-09-07T21:40:11","slug":"interaktiivne-pildiraamat-politseiseiklus","status":"publish","type":"product","link":"https:\/\/sulin.ee\/en\/toode\/interaktiivne-pildiraamat-politseiseiklus\/","title":{"rendered":"Interaktiivne pildiraamat &#8220;Politseiseiklus&#8221;"},"content":{"rendered":"<p><strong>Interaktiivne pildiraamat &#8220;Politseiseiklus&#8221;<\/strong> toob lastele p\u00f5neva politseioperatsiooni otse nende m\u00e4ngutuppa! FSC\u00ae 100%-sertifikaadiga puidust valmistatud raamat on t\u00e4is v\u00e4rvikirevaid illustreeritud lehti, mis viivad v\u00e4ikeseid avastajaid politsei j\u00e4lituse maailma. Kaasasoleva politseiauto abil saavad lapsed kurikaela tabada ja \u00f5ppida politsei t\u00f6\u00f6, \u00fclesannete ning vastutuse kohta.<\/p>\n<p>Puidust tegelased \u00e4ratavad ellu laste fantaasiad, andes neile v\u00f5imaluse luua oma lugusid ja m\u00e4ngida neid l\u00e4bi raamatu lehek\u00fclgedel. P\u00e4rast seiklusi saab m\u00f5lemad puidust autod takjakinnituste abil turvaliselt raamatu tagak\u00fcljele kinnitada. See hariv raamat arendab lugude jutustamise oskust ning innustab lapsi looma ja kujutlema. <strong>Interaktiivne pildiraamat &#8220;Politseiseiklus&#8221;<\/strong> on osa <a href=\"https:\/\/www.small-foot.de\/en\/\" target=\"_blank\" rel=\"noopener\">Small Foot<\/a> interaktiivsete puidust raamatute seeriast ning sobib ideaalselt lastele, kes armastavad seiklusi ja rollim\u00e4nge!<\/p>\n<p>Valmistatud FSC\u00ae 100%-sertifikaadiga puidust valmistatud raamat. Vaata veel raamatuid <a href=\"https:\/\/sulin.ee\/tootekategooria\/mangimine\/raamatud\/\">siit.<\/a><\/p>\n<p><strong>Raamatu m\u00f5\u00f5tmed:<\/strong> 18 x 15 x 2 cm;\u00a0rebane ja hirv 6 x 7 x 1,5 cm.<\/p>\n<div class=\"post-video\"><iframe loading=\"lazy\" width=\"1165\" height=\"655\" src=\"https:\/\/www.youtube.com\/embed\/2zmUatoNT0U?feature=oembed\" frameborder=\"0\" allow=\"accelerometer; autoplay; clipboard-write; encrypted-media; gyroscope; picture-in-picture; web-share\" allowfullscreen><\/iframe><\/div>\n","protected":false},"excerpt":{"rendered":"<div class=\"flex max-w-full flex-col flex-grow\">\n<div class=\"min-h-8 text-message flex w-full flex-col items-end gap-2 whitespace-normal break-words [.text-message+&amp;]:mt-5\" dir=\"auto\" data-message-author-role=\"assistant\" data-message-id=\"c656c833-1477-45d3-9491-d0de06350ad7\" data-client-thread-id=\"673cea61-2194-800b-804c-49a8d0fd791e\" data-message-model-slug=\"gpt-4o\">\n<div class=\"flex w-full flex-col gap-1 empty:hidden first:pt-[3px]\">\n<div class=\"markdown prose w-full break-words dark:prose-invert light\">\n<p><strong>Interaktiivne pildiraamat &#8220;Politseiseiklus&#8221;<\/strong> <strong>viib lapsed p\u00f5nevale j\u00e4litusoperatsioonile, kus politseiauto ja kurikaela abil saavad nad avastada politsei t\u00f6\u00f6 maailma. Puidust raamat arendab loovust ja jutustamisoskust, pakkudes tundideks l\u00f5busat ja harivat m\u00e4nguaega!<\/strong><\/p>\n<\/div>\n<\/div>\n<\/div>\n<\/div>\n","protected":false},"featured_media":24451,"comment_status":"open","ping_status":"closed","template":"","meta":[],"product_brand":[],"product_cat":[769,1000,110,1162,1163,1164,1207,1006],"product_tag":[],"class_list":{"0":"post-24432","1":"product","2":"type-product","3":"status-publish","4":"has-post-thumbnail","6":"product_cat-manguasjad","7":"product_cat-pusled-beebidele","8":"product_cat-mangimine","9":"product_cat-kingituseks","10":"product_cat-0-1-aasta","11":"product_cat-1-3-aastat","12":"product_cat-raamatud","13":"product_cat-small-foot","14":"has-post-title","15":"has-post-date","16":"has-post-category","17":"has-post-tag","18":"has-post-comment","19":"has-post-author","20":"","22":"first","23":"instock","24":"sale","25":"taxable","26":"shipping-taxable","27":"purchasable","28":"product-type-simple"},"yoast_head":"<!-- This site is optimized with the Yoast SEO plugin v26.8 - https:\/\/yoast.com\/product\/yoast-seo-wordpress\/ -->\n<title>Interaktiivne pildiraamat &quot;Politseiseiklus&quot; - sulin.ee<\/title>\n<meta name=\"description\" content=\"Interaktiivne pildiraamat &quot;Politseiseiklus&quot; viib lapsed p\u00f5nevale j\u00e4litusoperatsioonile, kus politseiauto ja kurikaela abil saavad avastada politsei t\u00f6\u00f6d.\" \/>\n<meta name=\"robots\" content=\"index, follow, max-snippet:-1, max-image-preview:large, max-video-preview:-1\" \/>\n<link rel=\"canonical\" href=\"https:\/\/sulin.ee\/en\/toode\/interaktiivne-pildiraamat-politseiseiklus\/\" \/>\n<meta property=\"og:locale\" content=\"en_US\" \/>\n<meta property=\"og:type\" content=\"article\" \/>\n<meta property=\"og:title\" content=\"Interaktiivne pildiraamat &quot;Politseiseiklus&quot; - sulin.ee\" \/>\n<meta property=\"og:description\" content=\"Interaktiivne pildiraamat &quot;Politseiseiklus&quot; viib lapsed p\u00f5nevale j\u00e4litusoperatsioonile, kus politseiauto ja kurikaela abil saavad avastada politsei t\u00f6\u00f6d.\" \/>\n<meta property=\"og:url\" content=\"https:\/\/sulin.ee\/en\/toode\/interaktiivne-pildiraamat-politseiseiklus\/\" \/>\n<meta property=\"og:site_name\" content=\"sulin.ee\" \/>\n<meta property=\"article:publisher\" content=\"https:\/\/www.facebook.com\/www.sulin.ee\/\" \/>\n<meta property=\"article:modified_time\" content=\"2025-09-07T21:40:11+00:00\" \/>\n<meta property=\"og:image\" content=\"https:\/\/sulin.ee\/wp-content\/uploads\/2024\/11\/Piltide-korrektuurid-kodulehel-2024-11-22T154912.834.png\" \/>\n\t<meta property=\"og:image:width\" content=\"1080\" \/>\n\t<meta property=\"og:image:height\" content=\"1080\" \/>\n\t<meta property=\"og:image:type\" content=\"image\/png\" \/>\n<meta name=\"twitter:card\" content=\"summary_large_image\" \/>\n<meta name=\"twitter:label1\" content=\"Est. reading time\" \/>\n\t<meta name=\"twitter:data1\" content=\"1 minute\" \/>\n<script type=\"application\/ld+json\" class=\"yoast-schema-graph\">{\"@context\":\"https:\/\/schema.org\",\"@graph\":[{\"@type\":\"WebPage\",\"@id\":\"https:\/\/sulin.ee\/en\/toode\/interaktiivne-pildiraamat-politseiseiklus\/\",\"url\":\"https:\/\/sulin.ee\/en\/toode\/interaktiivne-pildiraamat-politseiseiklus\/\",\"name\":\"Interaktiivne pildiraamat \\\"Politseiseiklus\\\" - sulin.ee\",\"isPartOf\":{\"@id\":\"https:\/\/sulin.ee\/en\/#website\"},\"primaryImageOfPage\":{\"@id\":\"https:\/\/sulin.ee\/en\/toode\/interaktiivne-pildiraamat-politseiseiklus\/#primaryimage\"},\"image\":{\"@id\":\"https:\/\/sulin.ee\/en\/toode\/interaktiivne-pildiraamat-politseiseiklus\/#primaryimage\"},\"thumbnailUrl\":\"https:\/\/sulin.ee\/wp-content\/uploads\/2024\/11\/Piltide-korrektuurid-kodulehel-2024-11-22T154912.834.png\",\"datePublished\":\"2024-11-22T13:55:39+00:00\",\"dateModified\":\"2025-09-07T21:40:11+00:00\",\"description\":\"Interaktiivne pildiraamat \\\"Politseiseiklus\\\" viib lapsed p\u00f5nevale j\u00e4litusoperatsioonile, kus politseiauto ja kurikaela abil saavad avastada politsei t\u00f6\u00f6d.\",\"breadcrumb\":{\"@id\":\"https:\/\/sulin.ee\/en\/toode\/interaktiivne-pildiraamat-politseiseiklus\/#breadcrumb\"},\"inLanguage\":\"en-US\",\"potentialAction\":[{\"@type\":\"ReadAction\",\"target\":[\"https:\/\/sulin.ee\/en\/toode\/interaktiivne-pildiraamat-politseiseiklus\/\"]}]},{\"@type\":\"ImageObject\",\"inLanguage\":\"en-US\",\"@id\":\"https:\/\/sulin.ee\/en\/toode\/interaktiivne-pildiraamat-politseiseiklus\/#primaryimage\",\"url\":\"https:\/\/sulin.ee\/wp-content\/uploads\/2024\/11\/Piltide-korrektuurid-kodulehel-2024-11-22T154912.834.png\",\"contentUrl\":\"https:\/\/sulin.ee\/wp-content\/uploads\/2024\/11\/Piltide-korrektuurid-kodulehel-2024-11-22T154912.834.png\",\"width\":1080,\"height\":1080,\"caption\":\"Interaktiivne pildiraamat \\\"Politseiseiklus\\\"\"},{\"@type\":\"BreadcrumbList\",\"@id\":\"https:\/\/sulin.ee\/en\/toode\/interaktiivne-pildiraamat-politseiseiklus\/#breadcrumb\",\"itemListElement\":[{\"@type\":\"ListItem\",\"position\":1,\"name\":\"Home\",\"item\":\"https:\/\/sulin.ee\/en\/\"},{\"@type\":\"ListItem\",\"position\":2,\"name\":\"Sulin.ee e-pood\",\"item\":\"https:\/\/sulin.ee\/shop\/\"},{\"@type\":\"ListItem\",\"position\":3,\"name\":\"Interaktiivne pildiraamat &#8220;Politseiseiklus&#8221;\"}]},{\"@type\":\"WebSite\",\"@id\":\"https:\/\/sulin.ee\/en\/#website\",\"url\":\"https:\/\/sulin.ee\/en\/\",\"name\":\"sulin.ee\",\"description\":\"\",\"publisher\":{\"@id\":\"https:\/\/sulin.ee\/en\/#organization\"},\"potentialAction\":[{\"@type\":\"SearchAction\",\"target\":{\"@type\":\"EntryPoint\",\"urlTemplate\":\"https:\/\/sulin.ee\/en\/?s={search_term_string}\"},\"query-input\":{\"@type\":\"PropertyValueSpecification\",\"valueRequired\":true,\"valueName\":\"search_term_string\"}}],\"inLanguage\":\"en-US\"},{\"@type\":\"Organization\",\"@id\":\"https:\/\/sulin.ee\/en\/#organization\",\"name\":\"SULIN TRADE O\u00dc\",\"url\":\"https:\/\/sulin.ee\/en\/\",\"logo\":{\"@type\":\"ImageObject\",\"inLanguage\":\"en-US\",\"@id\":\"https:\/\/sulin.ee\/en\/#\/schema\/logo\/image\/\",\"url\":\"https:\/\/sulin.ee\/wp-content\/uploads\/2022\/11\/sulin-logo.png\",\"contentUrl\":\"https:\/\/sulin.ee\/wp-content\/uploads\/2022\/11\/sulin-logo.png\",\"width\":871,\"height\":321,\"caption\":\"SULIN TRADE O\u00dc\"},\"image\":{\"@id\":\"https:\/\/sulin.ee\/en\/#\/schema\/logo\/image\/\"},\"sameAs\":[\"https:\/\/www.facebook.com\/www.sulin.ee\/\",\"https:\/\/www.instagram.com\/sulintrade\/\"]}]}<\/script>\n<!-- \/ Yoast SEO plugin. -->","yoast_head_json":{"title":"Interaktiivne pildiraamat \"Politseiseiklus\" - sulin.ee","description":"Interaktiivne pildiraamat \"Politseiseiklus\" viib lapsed p\u00f5nevale j\u00e4litusoperatsioonile, kus politseiauto ja kurikaela abil saavad avastada politsei t\u00f6\u00f6d.","robots":{"index":"index","follow":"follow","max-snippet":"max-snippet:-1","max-image-preview":"max-image-preview:large","max-video-preview":"max-video-preview:-1"},"canonical":"https:\/\/sulin.ee\/en\/toode\/interaktiivne-pildiraamat-politseiseiklus\/","og_locale":"en_US","og_type":"article","og_title":"Interaktiivne pildiraamat \"Politseiseiklus\" - sulin.ee","og_description":"Interaktiivne pildiraamat \"Politseiseiklus\" viib lapsed p\u00f5nevale j\u00e4litusoperatsioonile, kus politseiauto ja kurikaela abil saavad avastada politsei t\u00f6\u00f6d.","og_url":"https:\/\/sulin.ee\/en\/toode\/interaktiivne-pildiraamat-politseiseiklus\/","og_site_name":"sulin.ee","article_publisher":"https:\/\/www.facebook.com\/www.sulin.ee\/","article_modified_time":"2025-09-07T21:40:11+00:00","og_image":[{"width":1080,"height":1080,"url":"https:\/\/sulin.ee\/wp-content\/uploads\/2024\/11\/Piltide-korrektuurid-kodulehel-2024-11-22T154912.834.png","type":"image\/png"}],"twitter_card":"summary_large_image","twitter_misc":{"Est. reading time":"1 minute"},"schema":{"@context":"https:\/\/schema.org","@graph":[{"@type":"WebPage","@id":"https:\/\/sulin.ee\/en\/toode\/interaktiivne-pildiraamat-politseiseiklus\/","url":"https:\/\/sulin.ee\/en\/toode\/interaktiivne-pildiraamat-politseiseiklus\/","name":"Interaktiivne pildiraamat \"Politseiseiklus\" - sulin.ee","isPartOf":{"@id":"https:\/\/sulin.ee\/en\/#website"},"primaryImageOfPage":{"@id":"https:\/\/sulin.ee\/en\/toode\/interaktiivne-pildiraamat-politseiseiklus\/#primaryimage"},"image":{"@id":"https:\/\/sulin.ee\/en\/toode\/interaktiivne-pildiraamat-politseiseiklus\/#primaryimage"},"thumbnailUrl":"https:\/\/sulin.ee\/wp-content\/uploads\/2024\/11\/Piltide-korrektuurid-kodulehel-2024-11-22T154912.834.png","datePublished":"2024-11-22T13:55:39+00:00","dateModified":"2025-09-07T21:40:11+00:00","description":"Interaktiivne pildiraamat \"Politseiseiklus\" viib lapsed p\u00f5nevale j\u00e4litusoperatsioonile, kus politseiauto ja kurikaela abil saavad avastada politsei t\u00f6\u00f6d.","breadcrumb":{"@id":"https:\/\/sulin.ee\/en\/toode\/interaktiivne-pildiraamat-politseiseiklus\/#breadcrumb"},"inLanguage":"en-US","potentialAction":[{"@type":"ReadAction","target":["https:\/\/sulin.ee\/en\/toode\/interaktiivne-pildiraamat-politseiseiklus\/"]}]},{"@type":"ImageObject","inLanguage":"en-US","@id":"https:\/\/sulin.ee\/en\/toode\/interaktiivne-pildiraamat-politseiseiklus\/#primaryimage","url":"https:\/\/sulin.ee\/wp-content\/uploads\/2024\/11\/Piltide-korrektuurid-kodulehel-2024-11-22T154912.834.png","contentUrl":"https:\/\/sulin.ee\/wp-content\/uploads\/2024\/11\/Piltide-korrektuurid-kodulehel-2024-11-22T154912.834.png","width":1080,"height":1080,"caption":"Interaktiivne pildiraamat \"Politseiseiklus\""},{"@type":"BreadcrumbList","@id":"https:\/\/sulin.ee\/en\/toode\/interaktiivne-pildiraamat-politseiseiklus\/#breadcrumb","itemListElement":[{"@type":"ListItem","position":1,"name":"Home","item":"https:\/\/sulin.ee\/en\/"},{"@type":"ListItem","position":2,"name":"Sulin.ee e-pood","item":"https:\/\/sulin.ee\/shop\/"},{"@type":"ListItem","position":3,"name":"Interaktiivne pildiraamat &#8220;Politseiseiklus&#8221;"}]},{"@type":"WebSite","@id":"https:\/\/sulin.ee\/en\/#website","url":"https:\/\/sulin.ee\/en\/","name":"sulin.ee","description":"","publisher":{"@id":"https:\/\/sulin.ee\/en\/#organization"},"potentialAction":[{"@type":"SearchAction","target":{"@type":"EntryPoint","urlTemplate":"https:\/\/sulin.ee\/en\/?s={search_term_string}"},"query-input":{"@type":"PropertyValueSpecification","valueRequired":true,"valueName":"search_term_string"}}],"inLanguage":"en-US"},{"@type":"Organization","@id":"https:\/\/sulin.ee\/en\/#organization","name":"SULIN TRADE O\u00dc","url":"https:\/\/sulin.ee\/en\/","logo":{"@type":"ImageObject","inLanguage":"en-US","@id":"https:\/\/sulin.ee\/en\/#\/schema\/logo\/image\/","url":"https:\/\/sulin.ee\/wp-content\/uploads\/2022\/11\/sulin-logo.png","contentUrl":"https:\/\/sulin.ee\/wp-content\/uploads\/2022\/11\/sulin-logo.png","width":871,"height":321,"caption":"SULIN TRADE O\u00dc"},"image":{"@id":"https:\/\/sulin.ee\/en\/#\/schema\/logo\/image\/"},"sameAs":["https:\/\/www.facebook.com\/www.sulin.ee\/","https:\/\/www.instagram.com\/sulintrade\/"]}]}},"builder_content":"","_links":{"self":[{"href":"https:\/\/sulin.ee\/en\/wp-json\/wp\/v2\/product\/24432","targetHints":{"allow":["GET"]}}],"collection":[{"href":"https:\/\/sulin.ee\/en\/wp-json\/wp\/v2\/product"}],"about":[{"href":"https:\/\/sulin.ee\/en\/wp-json\/wp\/v2\/types\/product"}],"replies":[{"embeddable":true,"href":"https:\/\/sulin.ee\/en\/wp-json\/wp\/v2\/comments?post=24432"}],"wp:featuredmedia":[{"embeddable":true,"href":"https:\/\/sulin.ee\/en\/wp-json\/wp\/v2\/media\/24451"}],"wp:attachment":[{"href":"https:\/\/sulin.ee\/en\/wp-json\/wp\/v2\/media?parent=24432"}],"wp:term":[{"taxonomy":"product_brand","embeddable":true,"href":"https:\/\/sulin.ee\/en\/wp-json\/wp\/v2\/product_brand?post=24432"},{"taxonomy":"product_cat","embeddable":true,"href":"https:\/\/sulin.ee\/en\/wp-json\/wp\/v2\/product_cat?post=24432"},{"taxonomy":"product_tag","embeddable":true,"href":"https:\/\/sulin.ee\/en\/wp-json\/wp\/v2\/product_tag?post=24432"}],"curies":[{"name":"wp","href":"https:\/\/api.w.org\/{rel}","templated":true}]}}