{"id":24351,"date":"2024-11-20T15:21:18","date_gmt":"2024-11-20T15:21:18","guid":{"rendered":"https:\/\/sulin.ee\/?post_type=product&#038;p=24351"},"modified":"2025-09-07T21:40:11","modified_gmt":"2025-09-07T21:40:11","slug":"varviline-voidusoidurada","status":"publish","type":"product","link":"https:\/\/sulin.ee\/en\/toode\/varviline-voidusoidurada\/","title":{"rendered":"V\u00e4rviline v\u00f5idus\u00f5idurada"},"content":{"rendered":"<p><strong>V\u00e4rviline v\u00f5idus\u00f5idurada<\/strong> <strong>on kiire ja kaasahaarav kaskaaditorn, mis toob lastele p\u00f5nevust ja naeru! See erksates toonides puidust valmistatud stabiilne rada, m\u00f5\u00f5tmetega 25 x 10 x 29 cm, pakub unustamatuid m\u00e4nguhetki, kui neli v\u00e4ikest v\u00e4rvilist autot kihutavad rajal alla ja teevad teel l\u00f5busaid saltosid.<\/strong><\/p>\n<p>Autod on spetsiaalselt loodud nii, et neid oleks lihtne v\u00e4ikestel k\u00e4tel haarata, pakkudes v\u00f5imalust korduvateks startideks ja veelgi rohkemaks m\u00e4ngur\u00f5\u00f5muks. See rada arendab lapse motoorikat ja koordinatsiooni, pakkudes arendavat ja l\u00f5busat tegevust lastele alates 18. elukuust.<\/p>\n<p><a href=\"https:\/\/www.small-foot.de\/en\/\" target=\"_blank\" rel=\"noopener\"><strong>Small Foot<\/strong> <\/a>v\u00e4rviline v\u00f5idus\u00f5idurada on ideaalne valik k\u00f5ikidele v\u00e4ikestele kiirusef\u00e4nnidele, pakkudes tundideks p\u00f5nevat ja aktiivset m\u00e4ngimist. See on t\u00e4iuslik kombinatsioon l\u00f5bust ja \u00f5ppimisest, mis toob m\u00e4ngutuppa kiire v\u00f5idus\u00f5idu meeleolu!<\/p>\n<p>Avasta ka meie teised <a href=\"https:\/\/sulin.ee\/tootekategooria\/beebile\/manguasjad\/motoorika-manguasjad\/\" target=\"_blank\" rel=\"noopener\">motoorika arendamiseks m\u00f5eldud m\u00e4nguasjad<\/a>, mis pakuvad lastele veelgi rohkem l\u00f5busat ja \u00f5petlikku tegevust!<\/p>\n","protected":false},"excerpt":{"rendered":"<p><strong>V\u00e4rviline v\u00f5idus\u00f5idurada<\/strong> <strong>on kiire ja kaasahaarav kaskaaditorn, mis toob lastele p\u00f5nevust ja naeru! See erksates toonides puidust valmistatud stabiilne rada pakub unustamatuid m\u00e4nguhetki, kui neli v\u00e4ikest v\u00e4rvilist autot kihutavad rajal alla ja teevad teel l\u00f5busaid saltosid.<\/strong><\/p>\n","protected":false},"featured_media":24364,"comment_status":"open","ping_status":"closed","template":"","meta":[],"product_brand":[],"product_cat":[110,1162,1164,1165,1002,1023,175,1006],"product_tag":[],"class_list":{"0":"post-24351","1":"product","2":"type-product","3":"status-publish","4":"has-post-thumbnail","6":"product_cat-mangimine","7":"product_cat-kingituseks","8":"product_cat-1-3-aastat","9":"product_cat-3-5-aastat","10":"product_cat-oppemangud","11":"product_cat-motoorika","12":"product_cat-puidust-manguasjad","13":"product_cat-small-foot","14":"has-post-title","15":"has-post-date","16":"has-post-category","17":"has-post-tag","18":"has-post-comment","19":"has-post-author","20":"","22":"first","23":"instock","24":"sale","25":"taxable","26":"shipping-taxable","27":"purchasable","28":"product-type-simple"},"yoast_head":"<!-- This site is optimized with the Yoast SEO plugin v26.8 - https:\/\/yoast.com\/product\/yoast-seo-wordpress\/ -->\n<title>V\u00e4rviline v\u00f5idus\u00f5idurada - sulin.ee<\/title>\n<meta name=\"description\" content=\"V\u00e4rviline v\u00f5idus\u00f5idurada on kiire ja kaasahaarav kaskaaditorn, mis toob lastele p\u00f5nevust ja naeru! stabiilne rada pakub unustamatuid m\u00e4nguhetki.\" \/>\n<meta name=\"robots\" content=\"index, follow, max-snippet:-1, max-image-preview:large, max-video-preview:-1\" \/>\n<link rel=\"canonical\" href=\"https:\/\/sulin.ee\/en\/toode\/varviline-voidusoidurada\/\" \/>\n<meta property=\"og:locale\" content=\"en_US\" \/>\n<meta property=\"og:type\" content=\"article\" \/>\n<meta property=\"og:title\" content=\"V\u00e4rviline v\u00f5idus\u00f5idurada - sulin.ee\" \/>\n<meta property=\"og:description\" content=\"V\u00e4rviline v\u00f5idus\u00f5idurada on kiire ja kaasahaarav kaskaaditorn, mis toob lastele p\u00f5nevust ja naeru! stabiilne rada pakub unustamatuid m\u00e4nguhetki.\" \/>\n<meta property=\"og:url\" content=\"https:\/\/sulin.ee\/en\/toode\/varviline-voidusoidurada\/\" \/>\n<meta property=\"og:site_name\" content=\"sulin.ee\" \/>\n<meta property=\"article:publisher\" content=\"https:\/\/www.facebook.com\/www.sulin.ee\/\" \/>\n<meta property=\"article:modified_time\" content=\"2025-09-07T21:40:11+00:00\" \/>\n<meta property=\"og:image\" content=\"https:\/\/sulin.ee\/wp-content\/uploads\/2024\/11\/Piltide-korrektuurid-kodulehel-2024-11-20T171318.640.png\" \/>\n\t<meta property=\"og:image:width\" content=\"1080\" \/>\n\t<meta property=\"og:image:height\" content=\"1080\" \/>\n\t<meta property=\"og:image:type\" content=\"image\/png\" \/>\n<meta name=\"twitter:card\" content=\"summary_large_image\" \/>\n<meta name=\"twitter:label1\" content=\"Est. reading time\" \/>\n\t<meta name=\"twitter:data1\" content=\"1 minute\" \/>\n<script type=\"application\/ld+json\" class=\"yoast-schema-graph\">{\"@context\":\"https:\/\/schema.org\",\"@graph\":[{\"@type\":\"WebPage\",\"@id\":\"https:\/\/sulin.ee\/en\/toode\/varviline-voidusoidurada\/\",\"url\":\"https:\/\/sulin.ee\/en\/toode\/varviline-voidusoidurada\/\",\"name\":\"V\u00e4rviline v\u00f5idus\u00f5idurada - sulin.ee\",\"isPartOf\":{\"@id\":\"https:\/\/sulin.ee\/en\/#website\"},\"primaryImageOfPage\":{\"@id\":\"https:\/\/sulin.ee\/en\/toode\/varviline-voidusoidurada\/#primaryimage\"},\"image\":{\"@id\":\"https:\/\/sulin.ee\/en\/toode\/varviline-voidusoidurada\/#primaryimage\"},\"thumbnailUrl\":\"https:\/\/sulin.ee\/wp-content\/uploads\/2024\/11\/Piltide-korrektuurid-kodulehel-2024-11-20T171318.640.png\",\"datePublished\":\"2024-11-20T15:21:18+00:00\",\"dateModified\":\"2025-09-07T21:40:11+00:00\",\"description\":\"V\u00e4rviline v\u00f5idus\u00f5idurada on kiire ja kaasahaarav kaskaaditorn, mis toob lastele p\u00f5nevust ja naeru! stabiilne rada pakub unustamatuid m\u00e4nguhetki.\",\"breadcrumb\":{\"@id\":\"https:\/\/sulin.ee\/en\/toode\/varviline-voidusoidurada\/#breadcrumb\"},\"inLanguage\":\"en-US\",\"potentialAction\":[{\"@type\":\"ReadAction\",\"target\":[\"https:\/\/sulin.ee\/en\/toode\/varviline-voidusoidurada\/\"]}]},{\"@type\":\"ImageObject\",\"inLanguage\":\"en-US\",\"@id\":\"https:\/\/sulin.ee\/en\/toode\/varviline-voidusoidurada\/#primaryimage\",\"url\":\"https:\/\/sulin.ee\/wp-content\/uploads\/2024\/11\/Piltide-korrektuurid-kodulehel-2024-11-20T171318.640.png\",\"contentUrl\":\"https:\/\/sulin.ee\/wp-content\/uploads\/2024\/11\/Piltide-korrektuurid-kodulehel-2024-11-20T171318.640.png\",\"width\":1080,\"height\":1080,\"caption\":\"V\u00e4rviline v\u00f5idus\u00f5idurada\"},{\"@type\":\"BreadcrumbList\",\"@id\":\"https:\/\/sulin.ee\/en\/toode\/varviline-voidusoidurada\/#breadcrumb\",\"itemListElement\":[{\"@type\":\"ListItem\",\"position\":1,\"name\":\"Home\",\"item\":\"https:\/\/sulin.ee\/en\/\"},{\"@type\":\"ListItem\",\"position\":2,\"name\":\"Sulin.ee e-pood\",\"item\":\"https:\/\/sulin.ee\/shop\/\"},{\"@type\":\"ListItem\",\"position\":3,\"name\":\"V\u00e4rviline v\u00f5idus\u00f5idurada\"}]},{\"@type\":\"WebSite\",\"@id\":\"https:\/\/sulin.ee\/en\/#website\",\"url\":\"https:\/\/sulin.ee\/en\/\",\"name\":\"sulin.ee\",\"description\":\"\",\"publisher\":{\"@id\":\"https:\/\/sulin.ee\/en\/#organization\"},\"potentialAction\":[{\"@type\":\"SearchAction\",\"target\":{\"@type\":\"EntryPoint\",\"urlTemplate\":\"https:\/\/sulin.ee\/en\/?s={search_term_string}\"},\"query-input\":{\"@type\":\"PropertyValueSpecification\",\"valueRequired\":true,\"valueName\":\"search_term_string\"}}],\"inLanguage\":\"en-US\"},{\"@type\":\"Organization\",\"@id\":\"https:\/\/sulin.ee\/en\/#organization\",\"name\":\"SULIN TRADE O\u00dc\",\"url\":\"https:\/\/sulin.ee\/en\/\",\"logo\":{\"@type\":\"ImageObject\",\"inLanguage\":\"en-US\",\"@id\":\"https:\/\/sulin.ee\/en\/#\/schema\/logo\/image\/\",\"url\":\"https:\/\/sulin.ee\/wp-content\/uploads\/2022\/11\/sulin-logo.png\",\"contentUrl\":\"https:\/\/sulin.ee\/wp-content\/uploads\/2022\/11\/sulin-logo.png\",\"width\":871,\"height\":321,\"caption\":\"SULIN TRADE O\u00dc\"},\"image\":{\"@id\":\"https:\/\/sulin.ee\/en\/#\/schema\/logo\/image\/\"},\"sameAs\":[\"https:\/\/www.facebook.com\/www.sulin.ee\/\",\"https:\/\/www.instagram.com\/sulintrade\/\"]}]}<\/script>\n<!-- \/ Yoast SEO plugin. -->","yoast_head_json":{"title":"V\u00e4rviline v\u00f5idus\u00f5idurada - sulin.ee","description":"V\u00e4rviline v\u00f5idus\u00f5idurada on kiire ja kaasahaarav kaskaaditorn, mis toob lastele p\u00f5nevust ja naeru! stabiilne rada pakub unustamatuid m\u00e4nguhetki.","robots":{"index":"index","follow":"follow","max-snippet":"max-snippet:-1","max-image-preview":"max-image-preview:large","max-video-preview":"max-video-preview:-1"},"canonical":"https:\/\/sulin.ee\/en\/toode\/varviline-voidusoidurada\/","og_locale":"en_US","og_type":"article","og_title":"V\u00e4rviline v\u00f5idus\u00f5idurada - sulin.ee","og_description":"V\u00e4rviline v\u00f5idus\u00f5idurada on kiire ja kaasahaarav kaskaaditorn, mis toob lastele p\u00f5nevust ja naeru! stabiilne rada pakub unustamatuid m\u00e4nguhetki.","og_url":"https:\/\/sulin.ee\/en\/toode\/varviline-voidusoidurada\/","og_site_name":"sulin.ee","article_publisher":"https:\/\/www.facebook.com\/www.sulin.ee\/","article_modified_time":"2025-09-07T21:40:11+00:00","og_image":[{"width":1080,"height":1080,"url":"https:\/\/sulin.ee\/wp-content\/uploads\/2024\/11\/Piltide-korrektuurid-kodulehel-2024-11-20T171318.640.png","type":"image\/png"}],"twitter_card":"summary_large_image","twitter_misc":{"Est. reading time":"1 minute"},"schema":{"@context":"https:\/\/schema.org","@graph":[{"@type":"WebPage","@id":"https:\/\/sulin.ee\/en\/toode\/varviline-voidusoidurada\/","url":"https:\/\/sulin.ee\/en\/toode\/varviline-voidusoidurada\/","name":"V\u00e4rviline v\u00f5idus\u00f5idurada - sulin.ee","isPartOf":{"@id":"https:\/\/sulin.ee\/en\/#website"},"primaryImageOfPage":{"@id":"https:\/\/sulin.ee\/en\/toode\/varviline-voidusoidurada\/#primaryimage"},"image":{"@id":"https:\/\/sulin.ee\/en\/toode\/varviline-voidusoidurada\/#primaryimage"},"thumbnailUrl":"https:\/\/sulin.ee\/wp-content\/uploads\/2024\/11\/Piltide-korrektuurid-kodulehel-2024-11-20T171318.640.png","datePublished":"2024-11-20T15:21:18+00:00","dateModified":"2025-09-07T21:40:11+00:00","description":"V\u00e4rviline v\u00f5idus\u00f5idurada on kiire ja kaasahaarav kaskaaditorn, mis toob lastele p\u00f5nevust ja naeru! stabiilne rada pakub unustamatuid m\u00e4nguhetki.","breadcrumb":{"@id":"https:\/\/sulin.ee\/en\/toode\/varviline-voidusoidurada\/#breadcrumb"},"inLanguage":"en-US","potentialAction":[{"@type":"ReadAction","target":["https:\/\/sulin.ee\/en\/toode\/varviline-voidusoidurada\/"]}]},{"@type":"ImageObject","inLanguage":"en-US","@id":"https:\/\/sulin.ee\/en\/toode\/varviline-voidusoidurada\/#primaryimage","url":"https:\/\/sulin.ee\/wp-content\/uploads\/2024\/11\/Piltide-korrektuurid-kodulehel-2024-11-20T171318.640.png","contentUrl":"https:\/\/sulin.ee\/wp-content\/uploads\/2024\/11\/Piltide-korrektuurid-kodulehel-2024-11-20T171318.640.png","width":1080,"height":1080,"caption":"V\u00e4rviline v\u00f5idus\u00f5idurada"},{"@type":"BreadcrumbList","@id":"https:\/\/sulin.ee\/en\/toode\/varviline-voidusoidurada\/#breadcrumb","itemListElement":[{"@type":"ListItem","position":1,"name":"Home","item":"https:\/\/sulin.ee\/en\/"},{"@type":"ListItem","position":2,"name":"Sulin.ee e-pood","item":"https:\/\/sulin.ee\/shop\/"},{"@type":"ListItem","position":3,"name":"V\u00e4rviline v\u00f5idus\u00f5idurada"}]},{"@type":"WebSite","@id":"https:\/\/sulin.ee\/en\/#website","url":"https:\/\/sulin.ee\/en\/","name":"sulin.ee","description":"","publisher":{"@id":"https:\/\/sulin.ee\/en\/#organization"},"potentialAction":[{"@type":"SearchAction","target":{"@type":"EntryPoint","urlTemplate":"https:\/\/sulin.ee\/en\/?s={search_term_string}"},"query-input":{"@type":"PropertyValueSpecification","valueRequired":true,"valueName":"search_term_string"}}],"inLanguage":"en-US"},{"@type":"Organization","@id":"https:\/\/sulin.ee\/en\/#organization","name":"SULIN TRADE O\u00dc","url":"https:\/\/sulin.ee\/en\/","logo":{"@type":"ImageObject","inLanguage":"en-US","@id":"https:\/\/sulin.ee\/en\/#\/schema\/logo\/image\/","url":"https:\/\/sulin.ee\/wp-content\/uploads\/2022\/11\/sulin-logo.png","contentUrl":"https:\/\/sulin.ee\/wp-content\/uploads\/2022\/11\/sulin-logo.png","width":871,"height":321,"caption":"SULIN TRADE O\u00dc"},"image":{"@id":"https:\/\/sulin.ee\/en\/#\/schema\/logo\/image\/"},"sameAs":["https:\/\/www.facebook.com\/www.sulin.ee\/","https:\/\/www.instagram.com\/sulintrade\/"]}]}},"builder_content":"","_links":{"self":[{"href":"https:\/\/sulin.ee\/en\/wp-json\/wp\/v2\/product\/24351","targetHints":{"allow":["GET"]}}],"collection":[{"href":"https:\/\/sulin.ee\/en\/wp-json\/wp\/v2\/product"}],"about":[{"href":"https:\/\/sulin.ee\/en\/wp-json\/wp\/v2\/types\/product"}],"replies":[{"embeddable":true,"href":"https:\/\/sulin.ee\/en\/wp-json\/wp\/v2\/comments?post=24351"}],"wp:featuredmedia":[{"embeddable":true,"href":"https:\/\/sulin.ee\/en\/wp-json\/wp\/v2\/media\/24364"}],"wp:attachment":[{"href":"https:\/\/sulin.ee\/en\/wp-json\/wp\/v2\/media?parent=24351"}],"wp:term":[{"taxonomy":"product_brand","embeddable":true,"href":"https:\/\/sulin.ee\/en\/wp-json\/wp\/v2\/product_brand?post=24351"},{"taxonomy":"product_cat","embeddable":true,"href":"https:\/\/sulin.ee\/en\/wp-json\/wp\/v2\/product_cat?post=24351"},{"taxonomy":"product_tag","embeddable":true,"href":"https:\/\/sulin.ee\/en\/wp-json\/wp\/v2\/product_tag?post=24351"}],"curies":[{"name":"wp","href":"https:\/\/api.w.org\/{rel}","templated":true}]}}