{"id":24331,"date":"2024-11-20T14:58:57","date_gmt":"2024-11-20T14:58:57","guid":{"rendered":"https:\/\/sulin.ee\/?post_type=product&#038;p=24331"},"modified":"2025-09-07T21:55:48","modified_gmt":"2025-09-07T21:55:48","slug":"puidust-rong-safari","status":"publish","type":"product","link":"https:\/\/sulin.ee\/en\/toode\/puidust-rong-safari\/","title":{"rendered":"Puidust rong &#8220;Safari&#8221;"},"content":{"rendered":"<p><strong>Puidust rong &#8220;Safari&#8221;<\/strong> viib v\u00e4ikesed seiklejad p\u00f5nevale reisile l\u00e4bi m\u00e4ngutoa! See FSC\u00ae 100%-sertifikaadiga puidust valmistatud rong on kaunites ja modernsetes toonides ning ootab, et elevant, kaelkirjak, sebra ja teised safariloomad peale astuksid. Lisaks rongis\u00f5idule pakub m\u00e4nguasi lastele ladumis- ja kujundite sobitamise v\u00f5imalust, kus erinevaid plokke saab kasutada ka eraldi ehitusklotsidena, lastes fantaasial vabalt lennata. J\u00e4rgmine peatus: Safari!<\/p>\n<p>M\u00e4ngimine ja rongi kokkupanek arendavad lapse peenmotoorikat ning loovust, pakkudes mitmek\u00fclgset ja pikaajalist m\u00e4ngur\u00f5\u00f5mu. Rongi m\u00f5\u00f5tmed on 12 x 7 x 11 cm, klotside m\u00f5\u00f5tmed ligikaudu 4 x 3,5 x 4 cm, mis teeb need ideaalseks v\u00e4ikeste k\u00e4te jaoks.<\/p>\n<p><strong><a href=\"https:\/\/www.small-foot.de\/en\/\" target=\"_blank\" rel=\"noopener\">Small Foot<\/a> Puidust rong &#8220;Safari&#8221;<\/strong> kuulub &#8220;Safari&#8221; tooteseeriasse ning p\u00fc\u00fcab pilku oma naturaalse puidu tekstuuri, kvaliteetsete illustratsioonide ja kaasaegse disainiga. See on ideaalne valik igale safari-f\u00e4nnile ja oluline lisandus puidust m\u00e4ngurongide kollektsioonile!<\/p>\n<p>Avasta ka meie teised <a href=\"https:\/\/sulin.ee\/tootekategooria\/beebile\/manguasjad\/motoorika-manguasjad\/\" target=\"_blank\" rel=\"noopener\">motoorika arendamiseks m\u00f5eldud m\u00e4nguasjad<\/a>, mis pakuvad lastele veelgi rohkem l\u00f5busat ja \u00f5petlikku tegevust!<\/p>\n","protected":false},"excerpt":{"rendered":"<p><strong>Puidust Rong &#8220;Safari&#8221; on vahva puidust m\u00e4nguasi, mis \u00fchendab rongis\u00f5idu l\u00f5bu ja ladumis- ning kujundite sobitamism\u00e4ngu. Kaasaegsetes toonides rong koos safariloomadega arendab lapse motoorikat ja loovust, pakkudes l\u00f5putut m\u00e4ngur\u00f5\u00f5mu!<\/strong><\/p>\n","protected":false},"featured_media":24333,"comment_status":"open","ping_status":"closed","template":"","meta":[],"product_brand":[],"product_cat":[179,769,1003,1004,1001,110,1162,1163,1164,1022,1023,175,1006],"product_tag":[],"class_list":{"0":"post-24331","1":"product","2":"type-product","3":"status-publish","4":"has-post-thumbnail","6":"product_cat-beebile","7":"product_cat-manguasjad","8":"product_cat-motoorika-manguasjad-beebile","9":"product_cat-lukatavad-ja-tommatavad-manguasjad","10":"product_cat-sorteerimismangud","11":"product_cat-mangimine","12":"product_cat-kingituseks","13":"product_cat-0-1-aasta","14":"product_cat-1-3-aastat","15":"product_cat-varvid-ja-kujundid","16":"product_cat-motoorika","17":"product_cat-puidust-manguasjad","18":"product_cat-small-foot","19":"has-post-title","20":"has-post-date","21":"has-post-category","22":"has-post-tag","23":"has-post-comment","24":"has-post-author","25":"","27":"first","28":"instock","29":"sale","30":"taxable","31":"shipping-taxable","32":"purchasable","33":"product-type-simple"},"yoast_head":"<!-- This site is optimized with the Yoast SEO plugin v26.8 - https:\/\/yoast.com\/product\/yoast-seo-wordpress\/ -->\n<title>Puidust rong &quot;Safari&quot; - sulin.ee<\/title>\n<meta name=\"description\" content=\"Puidust Rong &quot;Safari&quot; on vahva puidust m\u00e4nguasi, mis \u00fchendab rongis\u00f5idu l\u00f5bu ja ladumis- ning kujundite sobitamism\u00e4ngu. Kaasaegsetes toonides rong.\" \/>\n<meta name=\"robots\" content=\"index, follow, max-snippet:-1, max-image-preview:large, max-video-preview:-1\" \/>\n<link rel=\"canonical\" href=\"https:\/\/sulin.ee\/en\/toode\/puidust-rong-safari\/\" \/>\n<meta property=\"og:locale\" content=\"en_US\" \/>\n<meta property=\"og:type\" content=\"article\" \/>\n<meta property=\"og:title\" content=\"Puidust rong &quot;Safari&quot; - sulin.ee\" \/>\n<meta property=\"og:description\" content=\"Puidust Rong &quot;Safari&quot; on vahva puidust m\u00e4nguasi, mis \u00fchendab rongis\u00f5idu l\u00f5bu ja ladumis- ning kujundite sobitamism\u00e4ngu. Kaasaegsetes toonides rong.\" \/>\n<meta property=\"og:url\" content=\"https:\/\/sulin.ee\/en\/toode\/puidust-rong-safari\/\" \/>\n<meta property=\"og:site_name\" content=\"sulin.ee\" \/>\n<meta property=\"article:publisher\" content=\"https:\/\/www.facebook.com\/www.sulin.ee\/\" \/>\n<meta property=\"article:modified_time\" content=\"2025-09-07T21:55:48+00:00\" \/>\n<meta property=\"og:image\" content=\"https:\/\/sulin.ee\/wp-content\/uploads\/2024\/11\/Piltide-korrektuurid-kodulehel-2024-11-20T165158.653.png\" \/>\n\t<meta property=\"og:image:width\" content=\"1080\" \/>\n\t<meta property=\"og:image:height\" content=\"1080\" \/>\n\t<meta property=\"og:image:type\" content=\"image\/png\" \/>\n<meta name=\"twitter:card\" content=\"summary_large_image\" \/>\n<meta name=\"twitter:label1\" content=\"Est. reading time\" \/>\n\t<meta name=\"twitter:data1\" content=\"1 minute\" \/>\n<script type=\"application\/ld+json\" class=\"yoast-schema-graph\">{\"@context\":\"https:\/\/schema.org\",\"@graph\":[{\"@type\":\"WebPage\",\"@id\":\"https:\/\/sulin.ee\/en\/toode\/puidust-rong-safari\/\",\"url\":\"https:\/\/sulin.ee\/en\/toode\/puidust-rong-safari\/\",\"name\":\"Puidust rong \\\"Safari\\\" - sulin.ee\",\"isPartOf\":{\"@id\":\"https:\/\/sulin.ee\/en\/#website\"},\"primaryImageOfPage\":{\"@id\":\"https:\/\/sulin.ee\/en\/toode\/puidust-rong-safari\/#primaryimage\"},\"image\":{\"@id\":\"https:\/\/sulin.ee\/en\/toode\/puidust-rong-safari\/#primaryimage\"},\"thumbnailUrl\":\"https:\/\/sulin.ee\/wp-content\/uploads\/2024\/11\/Piltide-korrektuurid-kodulehel-2024-11-20T165158.653.png\",\"datePublished\":\"2024-11-20T14:58:57+00:00\",\"dateModified\":\"2025-09-07T21:55:48+00:00\",\"description\":\"Puidust Rong \\\"Safari\\\" on vahva puidust m\u00e4nguasi, mis \u00fchendab rongis\u00f5idu l\u00f5bu ja ladumis- ning kujundite sobitamism\u00e4ngu. Kaasaegsetes toonides rong.\",\"breadcrumb\":{\"@id\":\"https:\/\/sulin.ee\/en\/toode\/puidust-rong-safari\/#breadcrumb\"},\"inLanguage\":\"en-US\",\"potentialAction\":[{\"@type\":\"ReadAction\",\"target\":[\"https:\/\/sulin.ee\/en\/toode\/puidust-rong-safari\/\"]}]},{\"@type\":\"ImageObject\",\"inLanguage\":\"en-US\",\"@id\":\"https:\/\/sulin.ee\/en\/toode\/puidust-rong-safari\/#primaryimage\",\"url\":\"https:\/\/sulin.ee\/wp-content\/uploads\/2024\/11\/Piltide-korrektuurid-kodulehel-2024-11-20T165158.653.png\",\"contentUrl\":\"https:\/\/sulin.ee\/wp-content\/uploads\/2024\/11\/Piltide-korrektuurid-kodulehel-2024-11-20T165158.653.png\",\"width\":1080,\"height\":1080,\"caption\":\"Puidust rong \\\"Safari\\\"\"},{\"@type\":\"BreadcrumbList\",\"@id\":\"https:\/\/sulin.ee\/en\/toode\/puidust-rong-safari\/#breadcrumb\",\"itemListElement\":[{\"@type\":\"ListItem\",\"position\":1,\"name\":\"Home\",\"item\":\"https:\/\/sulin.ee\/en\/\"},{\"@type\":\"ListItem\",\"position\":2,\"name\":\"Sulin.ee e-pood\",\"item\":\"https:\/\/sulin.ee\/shop\/\"},{\"@type\":\"ListItem\",\"position\":3,\"name\":\"Puidust rong &#8220;Safari&#8221;\"}]},{\"@type\":\"WebSite\",\"@id\":\"https:\/\/sulin.ee\/en\/#website\",\"url\":\"https:\/\/sulin.ee\/en\/\",\"name\":\"sulin.ee\",\"description\":\"\",\"publisher\":{\"@id\":\"https:\/\/sulin.ee\/en\/#organization\"},\"potentialAction\":[{\"@type\":\"SearchAction\",\"target\":{\"@type\":\"EntryPoint\",\"urlTemplate\":\"https:\/\/sulin.ee\/en\/?s={search_term_string}\"},\"query-input\":{\"@type\":\"PropertyValueSpecification\",\"valueRequired\":true,\"valueName\":\"search_term_string\"}}],\"inLanguage\":\"en-US\"},{\"@type\":\"Organization\",\"@id\":\"https:\/\/sulin.ee\/en\/#organization\",\"name\":\"SULIN TRADE O\u00dc\",\"url\":\"https:\/\/sulin.ee\/en\/\",\"logo\":{\"@type\":\"ImageObject\",\"inLanguage\":\"en-US\",\"@id\":\"https:\/\/sulin.ee\/en\/#\/schema\/logo\/image\/\",\"url\":\"https:\/\/sulin.ee\/wp-content\/uploads\/2022\/11\/sulin-logo.png\",\"contentUrl\":\"https:\/\/sulin.ee\/wp-content\/uploads\/2022\/11\/sulin-logo.png\",\"width\":871,\"height\":321,\"caption\":\"SULIN TRADE O\u00dc\"},\"image\":{\"@id\":\"https:\/\/sulin.ee\/en\/#\/schema\/logo\/image\/\"},\"sameAs\":[\"https:\/\/www.facebook.com\/www.sulin.ee\/\",\"https:\/\/www.instagram.com\/sulintrade\/\"]}]}<\/script>\n<!-- \/ Yoast SEO plugin. -->","yoast_head_json":{"title":"Puidust rong \"Safari\" - sulin.ee","description":"Puidust Rong \"Safari\" on vahva puidust m\u00e4nguasi, mis \u00fchendab rongis\u00f5idu l\u00f5bu ja ladumis- ning kujundite sobitamism\u00e4ngu. Kaasaegsetes toonides rong.","robots":{"index":"index","follow":"follow","max-snippet":"max-snippet:-1","max-image-preview":"max-image-preview:large","max-video-preview":"max-video-preview:-1"},"canonical":"https:\/\/sulin.ee\/en\/toode\/puidust-rong-safari\/","og_locale":"en_US","og_type":"article","og_title":"Puidust rong \"Safari\" - sulin.ee","og_description":"Puidust Rong \"Safari\" on vahva puidust m\u00e4nguasi, mis \u00fchendab rongis\u00f5idu l\u00f5bu ja ladumis- ning kujundite sobitamism\u00e4ngu. Kaasaegsetes toonides rong.","og_url":"https:\/\/sulin.ee\/en\/toode\/puidust-rong-safari\/","og_site_name":"sulin.ee","article_publisher":"https:\/\/www.facebook.com\/www.sulin.ee\/","article_modified_time":"2025-09-07T21:55:48+00:00","og_image":[{"width":1080,"height":1080,"url":"https:\/\/sulin.ee\/wp-content\/uploads\/2024\/11\/Piltide-korrektuurid-kodulehel-2024-11-20T165158.653.png","type":"image\/png"}],"twitter_card":"summary_large_image","twitter_misc":{"Est. reading time":"1 minute"},"schema":{"@context":"https:\/\/schema.org","@graph":[{"@type":"WebPage","@id":"https:\/\/sulin.ee\/en\/toode\/puidust-rong-safari\/","url":"https:\/\/sulin.ee\/en\/toode\/puidust-rong-safari\/","name":"Puidust rong \"Safari\" - sulin.ee","isPartOf":{"@id":"https:\/\/sulin.ee\/en\/#website"},"primaryImageOfPage":{"@id":"https:\/\/sulin.ee\/en\/toode\/puidust-rong-safari\/#primaryimage"},"image":{"@id":"https:\/\/sulin.ee\/en\/toode\/puidust-rong-safari\/#primaryimage"},"thumbnailUrl":"https:\/\/sulin.ee\/wp-content\/uploads\/2024\/11\/Piltide-korrektuurid-kodulehel-2024-11-20T165158.653.png","datePublished":"2024-11-20T14:58:57+00:00","dateModified":"2025-09-07T21:55:48+00:00","description":"Puidust Rong \"Safari\" on vahva puidust m\u00e4nguasi, mis \u00fchendab rongis\u00f5idu l\u00f5bu ja ladumis- ning kujundite sobitamism\u00e4ngu. Kaasaegsetes toonides rong.","breadcrumb":{"@id":"https:\/\/sulin.ee\/en\/toode\/puidust-rong-safari\/#breadcrumb"},"inLanguage":"en-US","potentialAction":[{"@type":"ReadAction","target":["https:\/\/sulin.ee\/en\/toode\/puidust-rong-safari\/"]}]},{"@type":"ImageObject","inLanguage":"en-US","@id":"https:\/\/sulin.ee\/en\/toode\/puidust-rong-safari\/#primaryimage","url":"https:\/\/sulin.ee\/wp-content\/uploads\/2024\/11\/Piltide-korrektuurid-kodulehel-2024-11-20T165158.653.png","contentUrl":"https:\/\/sulin.ee\/wp-content\/uploads\/2024\/11\/Piltide-korrektuurid-kodulehel-2024-11-20T165158.653.png","width":1080,"height":1080,"caption":"Puidust rong \"Safari\""},{"@type":"BreadcrumbList","@id":"https:\/\/sulin.ee\/en\/toode\/puidust-rong-safari\/#breadcrumb","itemListElement":[{"@type":"ListItem","position":1,"name":"Home","item":"https:\/\/sulin.ee\/en\/"},{"@type":"ListItem","position":2,"name":"Sulin.ee e-pood","item":"https:\/\/sulin.ee\/shop\/"},{"@type":"ListItem","position":3,"name":"Puidust rong &#8220;Safari&#8221;"}]},{"@type":"WebSite","@id":"https:\/\/sulin.ee\/en\/#website","url":"https:\/\/sulin.ee\/en\/","name":"sulin.ee","description":"","publisher":{"@id":"https:\/\/sulin.ee\/en\/#organization"},"potentialAction":[{"@type":"SearchAction","target":{"@type":"EntryPoint","urlTemplate":"https:\/\/sulin.ee\/en\/?s={search_term_string}"},"query-input":{"@type":"PropertyValueSpecification","valueRequired":true,"valueName":"search_term_string"}}],"inLanguage":"en-US"},{"@type":"Organization","@id":"https:\/\/sulin.ee\/en\/#organization","name":"SULIN TRADE O\u00dc","url":"https:\/\/sulin.ee\/en\/","logo":{"@type":"ImageObject","inLanguage":"en-US","@id":"https:\/\/sulin.ee\/en\/#\/schema\/logo\/image\/","url":"https:\/\/sulin.ee\/wp-content\/uploads\/2022\/11\/sulin-logo.png","contentUrl":"https:\/\/sulin.ee\/wp-content\/uploads\/2022\/11\/sulin-logo.png","width":871,"height":321,"caption":"SULIN TRADE O\u00dc"},"image":{"@id":"https:\/\/sulin.ee\/en\/#\/schema\/logo\/image\/"},"sameAs":["https:\/\/www.facebook.com\/www.sulin.ee\/","https:\/\/www.instagram.com\/sulintrade\/"]}]}},"builder_content":"","_links":{"self":[{"href":"https:\/\/sulin.ee\/en\/wp-json\/wp\/v2\/product\/24331","targetHints":{"allow":["GET"]}}],"collection":[{"href":"https:\/\/sulin.ee\/en\/wp-json\/wp\/v2\/product"}],"about":[{"href":"https:\/\/sulin.ee\/en\/wp-json\/wp\/v2\/types\/product"}],"replies":[{"embeddable":true,"href":"https:\/\/sulin.ee\/en\/wp-json\/wp\/v2\/comments?post=24331"}],"wp:featuredmedia":[{"embeddable":true,"href":"https:\/\/sulin.ee\/en\/wp-json\/wp\/v2\/media\/24333"}],"wp:attachment":[{"href":"https:\/\/sulin.ee\/en\/wp-json\/wp\/v2\/media?parent=24331"}],"wp:term":[{"taxonomy":"product_brand","embeddable":true,"href":"https:\/\/sulin.ee\/en\/wp-json\/wp\/v2\/product_brand?post=24331"},{"taxonomy":"product_cat","embeddable":true,"href":"https:\/\/sulin.ee\/en\/wp-json\/wp\/v2\/product_cat?post=24331"},{"taxonomy":"product_tag","embeddable":true,"href":"https:\/\/sulin.ee\/en\/wp-json\/wp\/v2\/product_tag?post=24331"}],"curies":[{"name":"wp","href":"https:\/\/api.w.org\/{rel}","templated":true}]}}