{"id":24233,"date":"2024-11-20T12:50:36","date_gmt":"2024-11-20T12:50:36","guid":{"rendered":"https:\/\/sulin.ee\/?post_type=product&#038;p=24233"},"modified":"2025-09-07T21:55:49","modified_gmt":"2025-09-07T21:55:49","slug":"ladumistorn-move-it","status":"publish","type":"product","link":"https:\/\/sulin.ee\/en\/toode\/ladumistorn-move-it\/","title":{"rendered":"Ladumistorn &#8220;Move it&#8221;"},"content":{"rendered":"<p><strong>Ladumistorn &#8220;Move it&#8221;<\/strong> on kaasahaarav ja hariv m\u00e4nguasi, mis paneb proovile laste kannatlikkuse ja t\u00e4psuse. FSC\u00ae 100%-sertifikaadiga puidust valmistatud osad on vastupidavad ja ohutud ning pakuvad v\u00e4ljakutset k\u00f5ik detailid \u00f5igesse j\u00e4rjekorda virnastada. See m\u00e4ng ei ole pelgalt l\u00f5bus, vaid aitab arendada ka lapse peenmotoorikat, keskendumisv\u00f5imet ja loogilist m\u00f5tlemist t\u00e4iesti m\u00e4ngulisel viisil.<\/p>\n<p>Virnastamise torn on 12 cm k\u00f5rge ja l\u00e4bim\u00f5\u00f5duga 8,5 cm, muutes selle sobivaks v\u00e4ikeste k\u00e4te jaoks. M\u00e4nguasi on loodud lastele <strong>alates 12. elukuust<\/strong>, olles ideaalne valik nii arendavaks tegevuseks kodus kui ka kingituseks. <strong><a href=\"https:\/\/www.small-foot.de\/en\/\" target=\"_blank\" rel=\"noopener\">Small Foot<\/a><\/strong> Ladumistorn &#8220;Move it&#8221;\u00a0on suurep\u00e4rane viis lapse motoorsete oskuste ja probleemilahendusv\u00f5ime toetamiseks l\u00e4bi m\u00e4ngu!<\/p>\n<p>Avasta ka meie teisi motoorika arendamiseks loodud <strong><a href=\"https:\/\/sulin.ee\/tootekategooria\/beebile\/manguasjad\/motoorika-manguasjad\/\" target=\"_blank\" rel=\"noopener\">m\u00e4nguasju ja tooteid<\/a><\/strong>, mis pakuvad beebidele ja v\u00e4ikelastele veelgi rohkem avastamis- ja m\u00e4ngur\u00f5\u00f5mu!<\/p>\n","protected":false},"excerpt":{"rendered":"<div class=\"flex max-w-full flex-col flex-grow\">\n<div class=\"min-h-8 text-message flex w-full flex-col items-end gap-2 whitespace-normal break-words [.text-message+&amp;]:mt-5\" dir=\"auto\" data-message-author-role=\"assistant\" data-message-id=\"1eb89a0f-0aa7-4bfe-bd8a-2b813c0a06be\" data-message-model-slug=\"gpt-4o\">\n<div class=\"flex w-full flex-col gap-1 empty:hidden first:pt-[3px]\">\n<div class=\"markdown prose w-full break-words dark:prose-invert light\">\n<p><strong>Ladumistorn &#8220;Move it&#8221; on vahva puidust m\u00e4nguasi, mis arendab peenmotoorikat ja loogilist m\u00f5tlemist l\u00e4bi l\u00f5busa virnastamise. Sobib lastele alates 12. elukuust, k\u00f5rgus 12 cm ja l\u00e4bim\u00f5\u00f5t 8,5 cm \u2013 ideaalne valik m\u00e4nguks ja \u00f5ppimiseks!<\/strong><\/p>\n<\/div>\n<\/div>\n<\/div>\n<\/div>\n","protected":false},"featured_media":24238,"comment_status":"open","ping_status":"closed","template":"","meta":[],"product_brand":[],"product_cat":[179,769,1003,999,110,1162,1163,1164,1023,175,1006],"product_tag":[],"class_list":{"0":"post-24233","1":"product","2":"type-product","3":"status-publish","4":"has-post-thumbnail","6":"product_cat-beebile","7":"product_cat-manguasjad","8":"product_cat-motoorika-manguasjad-beebile","9":"product_cat-ladumistornid","10":"product_cat-mangimine","11":"product_cat-kingituseks","12":"product_cat-0-1-aasta","13":"product_cat-1-3-aastat","14":"product_cat-motoorika","15":"product_cat-puidust-manguasjad","16":"product_cat-small-foot","17":"has-post-title","18":"has-post-date","19":"has-post-category","20":"has-post-tag","21":"has-post-comment","22":"has-post-author","23":"","25":"first","26":"instock","27":"sale","28":"taxable","29":"shipping-taxable","30":"purchasable","31":"product-type-simple"},"yoast_head":"<!-- This site is optimized with the Yoast SEO plugin v26.8 - https:\/\/yoast.com\/product\/yoast-seo-wordpress\/ -->\n<title>Ladumistorn &quot;Move it&quot; - sulin.ee<\/title>\n<meta name=\"description\" content=\"Ladumistorn &quot;Move it&quot; on vahva puidust m\u00e4nguasi, mis arendab peenmotoorikat ja loogilist m\u00f5tlemist l\u00e4bi l\u00f5busa virnastamise.\" \/>\n<meta name=\"robots\" content=\"index, follow, max-snippet:-1, max-image-preview:large, max-video-preview:-1\" \/>\n<link rel=\"canonical\" href=\"https:\/\/sulin.ee\/en\/toode\/ladumistorn-move-it\/\" \/>\n<meta property=\"og:locale\" content=\"en_US\" \/>\n<meta property=\"og:type\" content=\"article\" \/>\n<meta property=\"og:title\" content=\"Ladumistorn &quot;Move it&quot; - sulin.ee\" \/>\n<meta property=\"og:description\" content=\"Ladumistorn &quot;Move it&quot; on vahva puidust m\u00e4nguasi, mis arendab peenmotoorikat ja loogilist m\u00f5tlemist l\u00e4bi l\u00f5busa virnastamise.\" \/>\n<meta property=\"og:url\" content=\"https:\/\/sulin.ee\/en\/toode\/ladumistorn-move-it\/\" \/>\n<meta property=\"og:site_name\" content=\"sulin.ee\" \/>\n<meta property=\"article:publisher\" content=\"https:\/\/www.facebook.com\/www.sulin.ee\/\" \/>\n<meta property=\"article:modified_time\" content=\"2025-09-07T21:55:49+00:00\" \/>\n<meta property=\"og:image\" content=\"https:\/\/sulin.ee\/wp-content\/uploads\/2024\/11\/1-5.png\" \/>\n\t<meta property=\"og:image:width\" content=\"1080\" \/>\n\t<meta property=\"og:image:height\" content=\"1080\" \/>\n\t<meta property=\"og:image:type\" content=\"image\/png\" \/>\n<meta name=\"twitter:card\" content=\"summary_large_image\" \/>\n<meta name=\"twitter:label1\" content=\"Est. reading time\" \/>\n\t<meta name=\"twitter:data1\" content=\"1 minute\" \/>\n<script type=\"application\/ld+json\" class=\"yoast-schema-graph\">{\"@context\":\"https:\/\/schema.org\",\"@graph\":[{\"@type\":\"WebPage\",\"@id\":\"https:\/\/sulin.ee\/en\/toode\/ladumistorn-move-it\/\",\"url\":\"https:\/\/sulin.ee\/en\/toode\/ladumistorn-move-it\/\",\"name\":\"Ladumistorn \\\"Move it\\\" - sulin.ee\",\"isPartOf\":{\"@id\":\"https:\/\/sulin.ee\/en\/#website\"},\"primaryImageOfPage\":{\"@id\":\"https:\/\/sulin.ee\/en\/toode\/ladumistorn-move-it\/#primaryimage\"},\"image\":{\"@id\":\"https:\/\/sulin.ee\/en\/toode\/ladumistorn-move-it\/#primaryimage\"},\"thumbnailUrl\":\"https:\/\/sulin.ee\/wp-content\/uploads\/2024\/11\/1-5.png\",\"datePublished\":\"2024-11-20T12:50:36+00:00\",\"dateModified\":\"2025-09-07T21:55:49+00:00\",\"description\":\"Ladumistorn \\\"Move it\\\" on vahva puidust m\u00e4nguasi, mis arendab peenmotoorikat ja loogilist m\u00f5tlemist l\u00e4bi l\u00f5busa virnastamise.\",\"breadcrumb\":{\"@id\":\"https:\/\/sulin.ee\/en\/toode\/ladumistorn-move-it\/#breadcrumb\"},\"inLanguage\":\"en-US\",\"potentialAction\":[{\"@type\":\"ReadAction\",\"target\":[\"https:\/\/sulin.ee\/en\/toode\/ladumistorn-move-it\/\"]}]},{\"@type\":\"ImageObject\",\"inLanguage\":\"en-US\",\"@id\":\"https:\/\/sulin.ee\/en\/toode\/ladumistorn-move-it\/#primaryimage\",\"url\":\"https:\/\/sulin.ee\/wp-content\/uploads\/2024\/11\/1-5.png\",\"contentUrl\":\"https:\/\/sulin.ee\/wp-content\/uploads\/2024\/11\/1-5.png\",\"width\":1080,\"height\":1080,\"caption\":\"Ladumistorn \\\"Move it\\\"\"},{\"@type\":\"BreadcrumbList\",\"@id\":\"https:\/\/sulin.ee\/en\/toode\/ladumistorn-move-it\/#breadcrumb\",\"itemListElement\":[{\"@type\":\"ListItem\",\"position\":1,\"name\":\"Home\",\"item\":\"https:\/\/sulin.ee\/en\/\"},{\"@type\":\"ListItem\",\"position\":2,\"name\":\"Sulin.ee e-pood\",\"item\":\"https:\/\/sulin.ee\/shop\/\"},{\"@type\":\"ListItem\",\"position\":3,\"name\":\"Ladumistorn &#8220;Move it&#8221;\"}]},{\"@type\":\"WebSite\",\"@id\":\"https:\/\/sulin.ee\/en\/#website\",\"url\":\"https:\/\/sulin.ee\/en\/\",\"name\":\"sulin.ee\",\"description\":\"\",\"publisher\":{\"@id\":\"https:\/\/sulin.ee\/en\/#organization\"},\"potentialAction\":[{\"@type\":\"SearchAction\",\"target\":{\"@type\":\"EntryPoint\",\"urlTemplate\":\"https:\/\/sulin.ee\/en\/?s={search_term_string}\"},\"query-input\":{\"@type\":\"PropertyValueSpecification\",\"valueRequired\":true,\"valueName\":\"search_term_string\"}}],\"inLanguage\":\"en-US\"},{\"@type\":\"Organization\",\"@id\":\"https:\/\/sulin.ee\/en\/#organization\",\"name\":\"SULIN TRADE O\u00dc\",\"url\":\"https:\/\/sulin.ee\/en\/\",\"logo\":{\"@type\":\"ImageObject\",\"inLanguage\":\"en-US\",\"@id\":\"https:\/\/sulin.ee\/en\/#\/schema\/logo\/image\/\",\"url\":\"https:\/\/sulin.ee\/wp-content\/uploads\/2022\/11\/sulin-logo.png\",\"contentUrl\":\"https:\/\/sulin.ee\/wp-content\/uploads\/2022\/11\/sulin-logo.png\",\"width\":871,\"height\":321,\"caption\":\"SULIN TRADE O\u00dc\"},\"image\":{\"@id\":\"https:\/\/sulin.ee\/en\/#\/schema\/logo\/image\/\"},\"sameAs\":[\"https:\/\/www.facebook.com\/www.sulin.ee\/\",\"https:\/\/www.instagram.com\/sulintrade\/\"]}]}<\/script>\n<!-- \/ Yoast SEO plugin. -->","yoast_head_json":{"title":"Ladumistorn \"Move it\" - sulin.ee","description":"Ladumistorn \"Move it\" on vahva puidust m\u00e4nguasi, mis arendab peenmotoorikat ja loogilist m\u00f5tlemist l\u00e4bi l\u00f5busa virnastamise.","robots":{"index":"index","follow":"follow","max-snippet":"max-snippet:-1","max-image-preview":"max-image-preview:large","max-video-preview":"max-video-preview:-1"},"canonical":"https:\/\/sulin.ee\/en\/toode\/ladumistorn-move-it\/","og_locale":"en_US","og_type":"article","og_title":"Ladumistorn \"Move it\" - sulin.ee","og_description":"Ladumistorn \"Move it\" on vahva puidust m\u00e4nguasi, mis arendab peenmotoorikat ja loogilist m\u00f5tlemist l\u00e4bi l\u00f5busa virnastamise.","og_url":"https:\/\/sulin.ee\/en\/toode\/ladumistorn-move-it\/","og_site_name":"sulin.ee","article_publisher":"https:\/\/www.facebook.com\/www.sulin.ee\/","article_modified_time":"2025-09-07T21:55:49+00:00","og_image":[{"width":1080,"height":1080,"url":"https:\/\/sulin.ee\/wp-content\/uploads\/2024\/11\/1-5.png","type":"image\/png"}],"twitter_card":"summary_large_image","twitter_misc":{"Est. reading time":"1 minute"},"schema":{"@context":"https:\/\/schema.org","@graph":[{"@type":"WebPage","@id":"https:\/\/sulin.ee\/en\/toode\/ladumistorn-move-it\/","url":"https:\/\/sulin.ee\/en\/toode\/ladumistorn-move-it\/","name":"Ladumistorn \"Move it\" - sulin.ee","isPartOf":{"@id":"https:\/\/sulin.ee\/en\/#website"},"primaryImageOfPage":{"@id":"https:\/\/sulin.ee\/en\/toode\/ladumistorn-move-it\/#primaryimage"},"image":{"@id":"https:\/\/sulin.ee\/en\/toode\/ladumistorn-move-it\/#primaryimage"},"thumbnailUrl":"https:\/\/sulin.ee\/wp-content\/uploads\/2024\/11\/1-5.png","datePublished":"2024-11-20T12:50:36+00:00","dateModified":"2025-09-07T21:55:49+00:00","description":"Ladumistorn \"Move it\" on vahva puidust m\u00e4nguasi, mis arendab peenmotoorikat ja loogilist m\u00f5tlemist l\u00e4bi l\u00f5busa virnastamise.","breadcrumb":{"@id":"https:\/\/sulin.ee\/en\/toode\/ladumistorn-move-it\/#breadcrumb"},"inLanguage":"en-US","potentialAction":[{"@type":"ReadAction","target":["https:\/\/sulin.ee\/en\/toode\/ladumistorn-move-it\/"]}]},{"@type":"ImageObject","inLanguage":"en-US","@id":"https:\/\/sulin.ee\/en\/toode\/ladumistorn-move-it\/#primaryimage","url":"https:\/\/sulin.ee\/wp-content\/uploads\/2024\/11\/1-5.png","contentUrl":"https:\/\/sulin.ee\/wp-content\/uploads\/2024\/11\/1-5.png","width":1080,"height":1080,"caption":"Ladumistorn \"Move it\""},{"@type":"BreadcrumbList","@id":"https:\/\/sulin.ee\/en\/toode\/ladumistorn-move-it\/#breadcrumb","itemListElement":[{"@type":"ListItem","position":1,"name":"Home","item":"https:\/\/sulin.ee\/en\/"},{"@type":"ListItem","position":2,"name":"Sulin.ee e-pood","item":"https:\/\/sulin.ee\/shop\/"},{"@type":"ListItem","position":3,"name":"Ladumistorn &#8220;Move it&#8221;"}]},{"@type":"WebSite","@id":"https:\/\/sulin.ee\/en\/#website","url":"https:\/\/sulin.ee\/en\/","name":"sulin.ee","description":"","publisher":{"@id":"https:\/\/sulin.ee\/en\/#organization"},"potentialAction":[{"@type":"SearchAction","target":{"@type":"EntryPoint","urlTemplate":"https:\/\/sulin.ee\/en\/?s={search_term_string}"},"query-input":{"@type":"PropertyValueSpecification","valueRequired":true,"valueName":"search_term_string"}}],"inLanguage":"en-US"},{"@type":"Organization","@id":"https:\/\/sulin.ee\/en\/#organization","name":"SULIN TRADE O\u00dc","url":"https:\/\/sulin.ee\/en\/","logo":{"@type":"ImageObject","inLanguage":"en-US","@id":"https:\/\/sulin.ee\/en\/#\/schema\/logo\/image\/","url":"https:\/\/sulin.ee\/wp-content\/uploads\/2022\/11\/sulin-logo.png","contentUrl":"https:\/\/sulin.ee\/wp-content\/uploads\/2022\/11\/sulin-logo.png","width":871,"height":321,"caption":"SULIN TRADE O\u00dc"},"image":{"@id":"https:\/\/sulin.ee\/en\/#\/schema\/logo\/image\/"},"sameAs":["https:\/\/www.facebook.com\/www.sulin.ee\/","https:\/\/www.instagram.com\/sulintrade\/"]}]}},"builder_content":"","_links":{"self":[{"href":"https:\/\/sulin.ee\/en\/wp-json\/wp\/v2\/product\/24233","targetHints":{"allow":["GET"]}}],"collection":[{"href":"https:\/\/sulin.ee\/en\/wp-json\/wp\/v2\/product"}],"about":[{"href":"https:\/\/sulin.ee\/en\/wp-json\/wp\/v2\/types\/product"}],"replies":[{"embeddable":true,"href":"https:\/\/sulin.ee\/en\/wp-json\/wp\/v2\/comments?post=24233"}],"wp:featuredmedia":[{"embeddable":true,"href":"https:\/\/sulin.ee\/en\/wp-json\/wp\/v2\/media\/24238"}],"wp:attachment":[{"href":"https:\/\/sulin.ee\/en\/wp-json\/wp\/v2\/media?parent=24233"}],"wp:term":[{"taxonomy":"product_brand","embeddable":true,"href":"https:\/\/sulin.ee\/en\/wp-json\/wp\/v2\/product_brand?post=24233"},{"taxonomy":"product_cat","embeddable":true,"href":"https:\/\/sulin.ee\/en\/wp-json\/wp\/v2\/product_cat?post=24233"},{"taxonomy":"product_tag","embeddable":true,"href":"https:\/\/sulin.ee\/en\/wp-json\/wp\/v2\/product_tag?post=24233"}],"curies":[{"name":"wp","href":"https:\/\/api.w.org\/{rel}","templated":true}]}}