{"id":24139,"date":"2024-11-19T20:04:47","date_gmt":"2024-11-19T20:04:47","guid":{"rendered":"https:\/\/sulin.ee\/?post_type=product&#038;p=24139"},"modified":"2025-09-07T21:41:12","modified_gmt":"2025-09-07T21:41:12","slug":"petit-monkey-kausid-lammy-2tk","status":"publish","type":"product","link":"https:\/\/sulin.ee\/en\/toode\/petit-monkey-kausid-lammy-2tk\/","title":{"rendered":"Petit Monkey kausid Lammy (2tk)"},"content":{"rendered":"<p><strong>Petit Monkey kausid<\/strong> toovad m\u00e4ngulisuse ja stiili teie igap\u00e4evasesse toiduserveerimisse. Need matt-viimistlusega loomakujulised kausid on disainitud praktilisust ja ilu silmas pidades. Kausid on virnastatavad ning sobivad ideaalselt kokku teiste loomakujuliste mudelitega, kuna neil on \u00fchesugune alus. Kausi p\u00f5hja kaunistab armas loomakujuline n\u00e4gu ning k\u00fclgedel asuvad k\u00f5rvad, mida saab mugavalt kausi t\u00f5stmiseks kasutada.<\/p>\n<p>Kausid on valmistatud <strong>100% pol\u00fcprop\u00fcleenist (PP)<\/strong>, mis on vastupidav ja keskkonnas\u00f5bralik plastmaterjal. Pol\u00fcprop\u00fcleen on toiduohutu, BPA-vaba, kerge ja vastupidav. See materjal sobib ideaalselt igap\u00e4evaseks kasutamiseks, kuna on mikrolaineahjus kuumutamiseks ohutu ja n\u00f5udepesumasinas pestav.<\/p>\n<p>Kausid sobivad suurep\u00e4raselt hommikus\u00f6\u00f6gi, puuviljade, suupistete ja isegi beebitoidu serveerimiseks. Iga komplekt on elegantselt pakitud siidpaberisse ning kaunistatud banderooliga, muutes need ideaalseks kingituseks v\u00f5i stiilseks t\u00e4ienduseks teie k\u00f6\u00f6gin\u00f5udele. <strong><a href=\"https:\/\/petitmonkey.com\/\" target=\"_blank\" rel=\"noopener\">Petit Monkey<\/a> kausid<\/strong> on loodud pakkuma praktilist funktsionaalsust koos armsa ja r\u00f5\u00f5msameelse disainiga.<\/p>\n<p><strong>M\u00f5\u00f5dud:<\/strong> 12 x 5 cm.<\/p>\n<p><strong>Komplektis:<\/strong> 2 kaussi.<\/p>\n<p>Avastage ka meie teised <a href=\"https:\/\/sulin.ee\/tootekategooria\/lapsele\/soomine\/sooginoud\/\" target=\"_blank\" rel=\"noopener\"><strong>kvaliteetsed ja stiilsed toidun\u00f5ud lastele<\/strong><\/a>, mis toovad teie k\u00f6\u00f6ki r\u00f5\u00f5mu ja praktilisust!<\/p>\n<p>&nbsp;<\/p>\n","protected":false},"excerpt":{"rendered":"<p><strong>Petit Monkey kausid<\/strong> <strong>on 100% pol\u00fcprop\u00fcleenist valmistatud m\u00e4ngulise loomakujundusega virnastatavad kausid, mis sobivad ideaalselt hommikus\u00f6\u00f6gi, suupistete ja beebitoidu serveerimiseks. Need on BPA-vabad, toiduohutud ning mikrolaineahjus ja n\u00f5udepesumasinas kasutatavad.<\/strong><\/p>\n","protected":false},"featured_media":24144,"comment_status":"open","ping_status":"closed","template":"","meta":[],"product_brand":[],"product_cat":[179,489,490,43,171,178,1126],"product_tag":[],"class_list":{"0":"post-24139","1":"product","2":"type-product","3":"status-publish","4":"has-post-thumbnail","6":"product_cat-beebile","7":"product_cat-beebitarbed-toitmiseks","8":"product_cat-beebi-sooginoud","9":"product_cat-lastele","10":"product_cat-soomine","11":"product_cat-sooginoud-lastele","12":"product_cat-petit-monkey","13":"has-post-title","14":"has-post-date","15":"has-post-category","16":"has-post-tag","17":"has-post-comment","18":"has-post-author","19":"","21":"first","22":"instock","23":"sale","24":"taxable","25":"shipping-taxable","26":"purchasable","27":"product-type-variable"},"yoast_head":"<!-- This site is optimized with the Yoast SEO plugin v26.8 - https:\/\/yoast.com\/product\/yoast-seo-wordpress\/ -->\n<title>Petit Monkey kausid Lammy (2tk) - sulin.ee<\/title>\n<meta name=\"description\" content=\"Petit Monkey kausid on BPA-vabad, toiduohutud ning mikrolaineahjus ja n\u00f5udepesumasinas kasutatavad. 100% pol\u00fcprop\u00fcleenist valmistatud.\" \/>\n<meta name=\"robots\" content=\"index, follow, max-snippet:-1, max-image-preview:large, max-video-preview:-1\" \/>\n<link rel=\"canonical\" href=\"https:\/\/sulin.ee\/en\/toode\/petit-monkey-kausid-lammy-2tk\/\" \/>\n<meta property=\"og:locale\" content=\"en_US\" \/>\n<meta property=\"og:type\" content=\"article\" \/>\n<meta property=\"og:title\" content=\"Petit Monkey kausid Lammy (2tk) - sulin.ee\" \/>\n<meta property=\"og:description\" content=\"Petit Monkey kausid on BPA-vabad, toiduohutud ning mikrolaineahjus ja n\u00f5udepesumasinas kasutatavad. 100% pol\u00fcprop\u00fcleenist valmistatud.\" \/>\n<meta property=\"og:url\" content=\"https:\/\/sulin.ee\/en\/toode\/petit-monkey-kausid-lammy-2tk\/\" \/>\n<meta property=\"og:site_name\" content=\"sulin.ee\" \/>\n<meta property=\"article:publisher\" content=\"https:\/\/www.facebook.com\/www.sulin.ee\/\" \/>\n<meta property=\"article:modified_time\" content=\"2025-09-07T21:41:12+00:00\" \/>\n<meta property=\"og:image\" content=\"https:\/\/sulin.ee\/wp-content\/uploads\/2024\/11\/IMG_8664_x2000.webp\" \/>\n\t<meta property=\"og:image:width\" content=\"900\" \/>\n\t<meta property=\"og:image:height\" content=\"900\" \/>\n\t<meta property=\"og:image:type\" content=\"image\/webp\" \/>\n<meta name=\"twitter:card\" content=\"summary_large_image\" \/>\n<meta name=\"twitter:label1\" content=\"Est. reading time\" \/>\n\t<meta name=\"twitter:data1\" content=\"2 minutes\" \/>\n<script type=\"application\/ld+json\" class=\"yoast-schema-graph\">{\"@context\":\"https:\/\/schema.org\",\"@graph\":[{\"@type\":\"WebPage\",\"@id\":\"https:\/\/sulin.ee\/en\/toode\/petit-monkey-kausid-lammy-2tk\/\",\"url\":\"https:\/\/sulin.ee\/en\/toode\/petit-monkey-kausid-lammy-2tk\/\",\"name\":\"Petit Monkey kausid Lammy (2tk) - sulin.ee\",\"isPartOf\":{\"@id\":\"https:\/\/sulin.ee\/en\/#website\"},\"primaryImageOfPage\":{\"@id\":\"https:\/\/sulin.ee\/en\/toode\/petit-monkey-kausid-lammy-2tk\/#primaryimage\"},\"image\":{\"@id\":\"https:\/\/sulin.ee\/en\/toode\/petit-monkey-kausid-lammy-2tk\/#primaryimage\"},\"thumbnailUrl\":\"https:\/\/sulin.ee\/wp-content\/uploads\/2024\/11\/IMG_8664_x2000.webp\",\"datePublished\":\"2024-11-19T20:04:47+00:00\",\"dateModified\":\"2025-09-07T21:41:12+00:00\",\"description\":\"Petit Monkey kausid on BPA-vabad, toiduohutud ning mikrolaineahjus ja n\u00f5udepesumasinas kasutatavad. 100% pol\u00fcprop\u00fcleenist valmistatud.\",\"breadcrumb\":{\"@id\":\"https:\/\/sulin.ee\/en\/toode\/petit-monkey-kausid-lammy-2tk\/#breadcrumb\"},\"inLanguage\":\"en-US\",\"potentialAction\":[{\"@type\":\"ReadAction\",\"target\":[\"https:\/\/sulin.ee\/en\/toode\/petit-monkey-kausid-lammy-2tk\/\"]}]},{\"@type\":\"ImageObject\",\"inLanguage\":\"en-US\",\"@id\":\"https:\/\/sulin.ee\/en\/toode\/petit-monkey-kausid-lammy-2tk\/#primaryimage\",\"url\":\"https:\/\/sulin.ee\/wp-content\/uploads\/2024\/11\/IMG_8664_x2000.webp\",\"contentUrl\":\"https:\/\/sulin.ee\/wp-content\/uploads\/2024\/11\/IMG_8664_x2000.webp\",\"width\":900,\"height\":900,\"caption\":\"Petit Monkey kausid Lammy\"},{\"@type\":\"BreadcrumbList\",\"@id\":\"https:\/\/sulin.ee\/en\/toode\/petit-monkey-kausid-lammy-2tk\/#breadcrumb\",\"itemListElement\":[{\"@type\":\"ListItem\",\"position\":1,\"name\":\"Home\",\"item\":\"https:\/\/sulin.ee\/en\/\"},{\"@type\":\"ListItem\",\"position\":2,\"name\":\"Sulin.ee e-pood\",\"item\":\"https:\/\/sulin.ee\/shop\/\"},{\"@type\":\"ListItem\",\"position\":3,\"name\":\"Petit Monkey kausid Lammy (2tk)\"}]},{\"@type\":\"WebSite\",\"@id\":\"https:\/\/sulin.ee\/en\/#website\",\"url\":\"https:\/\/sulin.ee\/en\/\",\"name\":\"sulin.ee\",\"description\":\"\",\"publisher\":{\"@id\":\"https:\/\/sulin.ee\/en\/#organization\"},\"potentialAction\":[{\"@type\":\"SearchAction\",\"target\":{\"@type\":\"EntryPoint\",\"urlTemplate\":\"https:\/\/sulin.ee\/en\/?s={search_term_string}\"},\"query-input\":{\"@type\":\"PropertyValueSpecification\",\"valueRequired\":true,\"valueName\":\"search_term_string\"}}],\"inLanguage\":\"en-US\"},{\"@type\":\"Organization\",\"@id\":\"https:\/\/sulin.ee\/en\/#organization\",\"name\":\"SULIN TRADE O\u00dc\",\"url\":\"https:\/\/sulin.ee\/en\/\",\"logo\":{\"@type\":\"ImageObject\",\"inLanguage\":\"en-US\",\"@id\":\"https:\/\/sulin.ee\/en\/#\/schema\/logo\/image\/\",\"url\":\"https:\/\/sulin.ee\/wp-content\/uploads\/2022\/11\/sulin-logo.png\",\"contentUrl\":\"https:\/\/sulin.ee\/wp-content\/uploads\/2022\/11\/sulin-logo.png\",\"width\":871,\"height\":321,\"caption\":\"SULIN TRADE O\u00dc\"},\"image\":{\"@id\":\"https:\/\/sulin.ee\/en\/#\/schema\/logo\/image\/\"},\"sameAs\":[\"https:\/\/www.facebook.com\/www.sulin.ee\/\",\"https:\/\/www.instagram.com\/sulintrade\/\"]}]}<\/script>\n<!-- \/ Yoast SEO plugin. -->","yoast_head_json":{"title":"Petit Monkey kausid Lammy (2tk) - sulin.ee","description":"Petit Monkey kausid on BPA-vabad, toiduohutud ning mikrolaineahjus ja n\u00f5udepesumasinas kasutatavad. 100% pol\u00fcprop\u00fcleenist valmistatud.","robots":{"index":"index","follow":"follow","max-snippet":"max-snippet:-1","max-image-preview":"max-image-preview:large","max-video-preview":"max-video-preview:-1"},"canonical":"https:\/\/sulin.ee\/en\/toode\/petit-monkey-kausid-lammy-2tk\/","og_locale":"en_US","og_type":"article","og_title":"Petit Monkey kausid Lammy (2tk) - sulin.ee","og_description":"Petit Monkey kausid on BPA-vabad, toiduohutud ning mikrolaineahjus ja n\u00f5udepesumasinas kasutatavad. 100% pol\u00fcprop\u00fcleenist valmistatud.","og_url":"https:\/\/sulin.ee\/en\/toode\/petit-monkey-kausid-lammy-2tk\/","og_site_name":"sulin.ee","article_publisher":"https:\/\/www.facebook.com\/www.sulin.ee\/","article_modified_time":"2025-09-07T21:41:12+00:00","og_image":[{"width":900,"height":900,"url":"https:\/\/sulin.ee\/wp-content\/uploads\/2024\/11\/IMG_8664_x2000.webp","type":"image\/webp"}],"twitter_card":"summary_large_image","twitter_misc":{"Est. reading time":"2 minutes"},"schema":{"@context":"https:\/\/schema.org","@graph":[{"@type":"WebPage","@id":"https:\/\/sulin.ee\/en\/toode\/petit-monkey-kausid-lammy-2tk\/","url":"https:\/\/sulin.ee\/en\/toode\/petit-monkey-kausid-lammy-2tk\/","name":"Petit Monkey kausid Lammy (2tk) - sulin.ee","isPartOf":{"@id":"https:\/\/sulin.ee\/en\/#website"},"primaryImageOfPage":{"@id":"https:\/\/sulin.ee\/en\/toode\/petit-monkey-kausid-lammy-2tk\/#primaryimage"},"image":{"@id":"https:\/\/sulin.ee\/en\/toode\/petit-monkey-kausid-lammy-2tk\/#primaryimage"},"thumbnailUrl":"https:\/\/sulin.ee\/wp-content\/uploads\/2024\/11\/IMG_8664_x2000.webp","datePublished":"2024-11-19T20:04:47+00:00","dateModified":"2025-09-07T21:41:12+00:00","description":"Petit Monkey kausid on BPA-vabad, toiduohutud ning mikrolaineahjus ja n\u00f5udepesumasinas kasutatavad. 100% pol\u00fcprop\u00fcleenist valmistatud.","breadcrumb":{"@id":"https:\/\/sulin.ee\/en\/toode\/petit-monkey-kausid-lammy-2tk\/#breadcrumb"},"inLanguage":"en-US","potentialAction":[{"@type":"ReadAction","target":["https:\/\/sulin.ee\/en\/toode\/petit-monkey-kausid-lammy-2tk\/"]}]},{"@type":"ImageObject","inLanguage":"en-US","@id":"https:\/\/sulin.ee\/en\/toode\/petit-monkey-kausid-lammy-2tk\/#primaryimage","url":"https:\/\/sulin.ee\/wp-content\/uploads\/2024\/11\/IMG_8664_x2000.webp","contentUrl":"https:\/\/sulin.ee\/wp-content\/uploads\/2024\/11\/IMG_8664_x2000.webp","width":900,"height":900,"caption":"Petit Monkey kausid Lammy"},{"@type":"BreadcrumbList","@id":"https:\/\/sulin.ee\/en\/toode\/petit-monkey-kausid-lammy-2tk\/#breadcrumb","itemListElement":[{"@type":"ListItem","position":1,"name":"Home","item":"https:\/\/sulin.ee\/en\/"},{"@type":"ListItem","position":2,"name":"Sulin.ee e-pood","item":"https:\/\/sulin.ee\/shop\/"},{"@type":"ListItem","position":3,"name":"Petit Monkey kausid Lammy (2tk)"}]},{"@type":"WebSite","@id":"https:\/\/sulin.ee\/en\/#website","url":"https:\/\/sulin.ee\/en\/","name":"sulin.ee","description":"","publisher":{"@id":"https:\/\/sulin.ee\/en\/#organization"},"potentialAction":[{"@type":"SearchAction","target":{"@type":"EntryPoint","urlTemplate":"https:\/\/sulin.ee\/en\/?s={search_term_string}"},"query-input":{"@type":"PropertyValueSpecification","valueRequired":true,"valueName":"search_term_string"}}],"inLanguage":"en-US"},{"@type":"Organization","@id":"https:\/\/sulin.ee\/en\/#organization","name":"SULIN TRADE O\u00dc","url":"https:\/\/sulin.ee\/en\/","logo":{"@type":"ImageObject","inLanguage":"en-US","@id":"https:\/\/sulin.ee\/en\/#\/schema\/logo\/image\/","url":"https:\/\/sulin.ee\/wp-content\/uploads\/2022\/11\/sulin-logo.png","contentUrl":"https:\/\/sulin.ee\/wp-content\/uploads\/2022\/11\/sulin-logo.png","width":871,"height":321,"caption":"SULIN TRADE O\u00dc"},"image":{"@id":"https:\/\/sulin.ee\/en\/#\/schema\/logo\/image\/"},"sameAs":["https:\/\/www.facebook.com\/www.sulin.ee\/","https:\/\/www.instagram.com\/sulintrade\/"]}]}},"builder_content":"","_links":{"self":[{"href":"https:\/\/sulin.ee\/en\/wp-json\/wp\/v2\/product\/24139","targetHints":{"allow":["GET"]}}],"collection":[{"href":"https:\/\/sulin.ee\/en\/wp-json\/wp\/v2\/product"}],"about":[{"href":"https:\/\/sulin.ee\/en\/wp-json\/wp\/v2\/types\/product"}],"replies":[{"embeddable":true,"href":"https:\/\/sulin.ee\/en\/wp-json\/wp\/v2\/comments?post=24139"}],"wp:featuredmedia":[{"embeddable":true,"href":"https:\/\/sulin.ee\/en\/wp-json\/wp\/v2\/media\/24144"}],"wp:attachment":[{"href":"https:\/\/sulin.ee\/en\/wp-json\/wp\/v2\/media?parent=24139"}],"wp:term":[{"taxonomy":"product_brand","embeddable":true,"href":"https:\/\/sulin.ee\/en\/wp-json\/wp\/v2\/product_brand?post=24139"},{"taxonomy":"product_cat","embeddable":true,"href":"https:\/\/sulin.ee\/en\/wp-json\/wp\/v2\/product_cat?post=24139"},{"taxonomy":"product_tag","embeddable":true,"href":"https:\/\/sulin.ee\/en\/wp-json\/wp\/v2\/product_tag?post=24139"}],"curies":[{"name":"wp","href":"https:\/\/api.w.org\/{rel}","templated":true}]}}