{"id":24098,"date":"2024-11-17T16:24:38","date_gmt":"2024-11-17T16:24:38","guid":{"rendered":"https:\/\/sulin.ee\/?post_type=product&#038;p=24098"},"modified":"2025-09-07T21:48:12","modified_gmt":"2025-09-07T21:48:12","slug":"kaardimang-motomo-junior","status":"publish","type":"product","link":"https:\/\/sulin.ee\/en\/toode\/kaardimang-motomo-junior\/","title":{"rendered":"Kaardim\u00e4ng &#8220;MotoMo Junior&#8221;"},"content":{"rendered":"<p><strong>Kaardim\u00e4ng &#8220;MotoMo Junior&#8221;<\/strong> kutsub m\u00e4ngijaid meeskondlikule s\u00f5naseiklusele, kus loovus ja keskendumine on v\u00f5idu v\u00f5ti. M\u00e4ngijad kirjeldavad kaardil olevaid nelja pilti, kasutades iga pildi jaoks vaid \u00fcht s\u00f5na, et aidata oma meeskonnakaaslasel pildid \u00e4ra arvata. See l\u00f5bus ja kaasahaarav m\u00e4ng on suurep\u00e4rane sissejuhatus keele- ja s\u00f5nam\u00e4ngudesse, arendades lastel s\u00f5navara, keskendumisv\u00f5imet ja suhtlusoskust. Kuna m\u00e4ng p\u00f5hineb illustratsioonidel, ei ole vaja osata lugeda, mist\u00f5ttu sobib see ka k\u00f5ige noorematele.<\/p>\n<p>Komplekt sisaldab 40 vastupidavat ja kvaliteetset kaarti, millel iga\u00fchel on neli pilti. M\u00e4ng sobib 4 v\u00f5i 6 m\u00e4ngijale, moodustades tiimid kahest m\u00e4ngijast. Esimene tiim, kes v\u00f5idab viis kaarti, kroonitakse v\u00f5itjaks. Kompaktne ja kergesti kaasaskantav karp muudab selle ideaalseks nii koduseks m\u00e4nguks kui ka reisidel kaasav\u00f5tmiseks. Sobib lastele vanuses 5\u201310 aastat.<\/p>\n<p><strong><a href=\"https:\/\/www.djeco.com\/en\" target=\"_blank\" rel=\"noopener\">Djeco<\/a> kaardim\u00e4ng &#8220;MotoMo Junior&#8221;<\/strong> on ideaalne m\u00e4ng pere\u00f5htuteks v\u00f5i s\u00f5prade seltsis m\u00e4ngimiseks, pakkudes tunde naeru ja l\u00f5busaid v\u00e4ljakutseid.<\/p>\n<p><strong>Hoiatus! Ei sobi alla 3-aastastele lastele v\u00e4ikeste osade t\u00f5ttu, mis v\u00f5ivad p\u00f5hjustada l\u00e4mbumisohu.<\/strong><\/p>\n<p>Avasta ka meie teised p\u00f5nevad ja kaasahaaravad <strong><a href=\"https:\/\/sulin.ee\/tootekategooria\/mangimine\/lauamangud\/\" target=\"_blank\" rel=\"noopener\">lauam\u00e4ngud<\/a><\/strong>, mis pakuvad r\u00f5\u00f5mu ja v\u00e4ljakutseid kogu perele!<\/p>\n","protected":false},"excerpt":{"rendered":"<p><strong>Kaardim\u00e4ng &#8220;MotoMo Junior&#8221;<\/strong> <strong>on l\u00f5bus ja kaasahaarav s\u00f5nam\u00e4ng, kus m\u00e4ngijad kirjeldavad pilte \u00fche s\u00f5naga, et aidata oma meeskonnakaaslasel need \u00e4ra arvata. Sobib 4\u20136 m\u00e4ngijale vanuses 5\u201310 aastat, pakkudes meeleolukat ja arendavat ajaviidet perele ja s\u00f5pradele!<\/strong><\/p>\n","protected":false},"featured_media":24103,"comment_status":"open","ping_status":"closed","template":"","meta":[],"product_brand":[],"product_cat":[110,1162,1166,942,928],"product_tag":[],"class_list":{"0":"post-24098","1":"product","2":"type-product","3":"status-publish","4":"has-post-thumbnail","6":"product_cat-mangimine","7":"product_cat-kingituseks","8":"product_cat-6-8-aastat","9":"product_cat-lauamangud","10":"product_cat-djeco","11":"has-post-title","12":"has-post-date","13":"has-post-category","14":"has-post-tag","15":"has-post-comment","16":"has-post-author","17":"","19":"first","20":"instock","21":"sale","22":"taxable","23":"shipping-taxable","24":"purchasable","25":"product-type-simple"},"yoast_head":"<!-- This site is optimized with the Yoast SEO plugin v26.8 - https:\/\/yoast.com\/product\/yoast-seo-wordpress\/ -->\n<title>Kaardim\u00e4ng &quot;MotoMo Junior&quot; - sulin.ee<\/title>\n<meta name=\"description\" content=\"Kaardim\u00e4ng &quot;MotoMo Junior&quot; on l\u00f5bus ja kaasahaarav s\u00f5nam\u00e4ng, kus m\u00e4ngijad kirjeldavad pilte \u00fche s\u00f5naga, et aidata oma meeskonnakaaslasel need \u00e4ra arvata.\" \/>\n<meta name=\"robots\" content=\"index, follow, max-snippet:-1, max-image-preview:large, max-video-preview:-1\" \/>\n<link rel=\"canonical\" href=\"https:\/\/sulin.ee\/en\/toode\/kaardimang-motomo-junior\/\" \/>\n<meta property=\"og:locale\" content=\"en_US\" \/>\n<meta property=\"og:type\" content=\"article\" \/>\n<meta property=\"og:title\" content=\"Kaardim\u00e4ng &quot;MotoMo Junior&quot; - sulin.ee\" \/>\n<meta property=\"og:description\" content=\"Kaardim\u00e4ng &quot;MotoMo Junior&quot; on l\u00f5bus ja kaasahaarav s\u00f5nam\u00e4ng, kus m\u00e4ngijad kirjeldavad pilte \u00fche s\u00f5naga, et aidata oma meeskonnakaaslasel need \u00e4ra arvata.\" \/>\n<meta property=\"og:url\" content=\"https:\/\/sulin.ee\/en\/toode\/kaardimang-motomo-junior\/\" \/>\n<meta property=\"og:site_name\" content=\"sulin.ee\" \/>\n<meta property=\"article:publisher\" content=\"https:\/\/www.facebook.com\/www.sulin.ee\/\" \/>\n<meta property=\"article:modified_time\" content=\"2025-09-07T21:48:12+00:00\" \/>\n<meta property=\"og:image\" content=\"https:\/\/sulin.ee\/wp-content\/uploads\/2024\/11\/10227-DJ05094-card-game-motamo-junior.jpg\" \/>\n\t<meta property=\"og:image:width\" content=\"600\" \/>\n\t<meta property=\"og:image:height\" content=\"600\" \/>\n\t<meta property=\"og:image:type\" content=\"image\/jpeg\" \/>\n<meta name=\"twitter:card\" content=\"summary_large_image\" \/>\n<meta name=\"twitter:label1\" content=\"Est. reading time\" \/>\n\t<meta name=\"twitter:data1\" content=\"2 minutes\" \/>\n<script type=\"application\/ld+json\" class=\"yoast-schema-graph\">{\"@context\":\"https:\/\/schema.org\",\"@graph\":[{\"@type\":\"WebPage\",\"@id\":\"https:\/\/sulin.ee\/en\/toode\/kaardimang-motomo-junior\/\",\"url\":\"https:\/\/sulin.ee\/en\/toode\/kaardimang-motomo-junior\/\",\"name\":\"Kaardim\u00e4ng \\\"MotoMo Junior\\\" - sulin.ee\",\"isPartOf\":{\"@id\":\"https:\/\/sulin.ee\/en\/#website\"},\"primaryImageOfPage\":{\"@id\":\"https:\/\/sulin.ee\/en\/toode\/kaardimang-motomo-junior\/#primaryimage\"},\"image\":{\"@id\":\"https:\/\/sulin.ee\/en\/toode\/kaardimang-motomo-junior\/#primaryimage\"},\"thumbnailUrl\":\"https:\/\/sulin.ee\/wp-content\/uploads\/2024\/11\/10227-DJ05094-card-game-motamo-junior.jpg\",\"datePublished\":\"2024-11-17T16:24:38+00:00\",\"dateModified\":\"2025-09-07T21:48:12+00:00\",\"description\":\"Kaardim\u00e4ng \\\"MotoMo Junior\\\" on l\u00f5bus ja kaasahaarav s\u00f5nam\u00e4ng, kus m\u00e4ngijad kirjeldavad pilte \u00fche s\u00f5naga, et aidata oma meeskonnakaaslasel need \u00e4ra arvata.\",\"breadcrumb\":{\"@id\":\"https:\/\/sulin.ee\/en\/toode\/kaardimang-motomo-junior\/#breadcrumb\"},\"inLanguage\":\"en-US\",\"potentialAction\":[{\"@type\":\"ReadAction\",\"target\":[\"https:\/\/sulin.ee\/en\/toode\/kaardimang-motomo-junior\/\"]}]},{\"@type\":\"ImageObject\",\"inLanguage\":\"en-US\",\"@id\":\"https:\/\/sulin.ee\/en\/toode\/kaardimang-motomo-junior\/#primaryimage\",\"url\":\"https:\/\/sulin.ee\/wp-content\/uploads\/2024\/11\/10227-DJ05094-card-game-motamo-junior.jpg\",\"contentUrl\":\"https:\/\/sulin.ee\/wp-content\/uploads\/2024\/11\/10227-DJ05094-card-game-motamo-junior.jpg\",\"width\":600,\"height\":600,\"caption\":\"Kaardim\u00e4ng \\\"MotoMo Junior\\\"\"},{\"@type\":\"BreadcrumbList\",\"@id\":\"https:\/\/sulin.ee\/en\/toode\/kaardimang-motomo-junior\/#breadcrumb\",\"itemListElement\":[{\"@type\":\"ListItem\",\"position\":1,\"name\":\"Home\",\"item\":\"https:\/\/sulin.ee\/en\/\"},{\"@type\":\"ListItem\",\"position\":2,\"name\":\"Sulin.ee e-pood\",\"item\":\"https:\/\/sulin.ee\/shop\/\"},{\"@type\":\"ListItem\",\"position\":3,\"name\":\"Kaardim\u00e4ng &#8220;MotoMo Junior&#8221;\"}]},{\"@type\":\"WebSite\",\"@id\":\"https:\/\/sulin.ee\/en\/#website\",\"url\":\"https:\/\/sulin.ee\/en\/\",\"name\":\"sulin.ee\",\"description\":\"\",\"publisher\":{\"@id\":\"https:\/\/sulin.ee\/en\/#organization\"},\"potentialAction\":[{\"@type\":\"SearchAction\",\"target\":{\"@type\":\"EntryPoint\",\"urlTemplate\":\"https:\/\/sulin.ee\/en\/?s={search_term_string}\"},\"query-input\":{\"@type\":\"PropertyValueSpecification\",\"valueRequired\":true,\"valueName\":\"search_term_string\"}}],\"inLanguage\":\"en-US\"},{\"@type\":\"Organization\",\"@id\":\"https:\/\/sulin.ee\/en\/#organization\",\"name\":\"SULIN TRADE O\u00dc\",\"url\":\"https:\/\/sulin.ee\/en\/\",\"logo\":{\"@type\":\"ImageObject\",\"inLanguage\":\"en-US\",\"@id\":\"https:\/\/sulin.ee\/en\/#\/schema\/logo\/image\/\",\"url\":\"https:\/\/sulin.ee\/wp-content\/uploads\/2022\/11\/sulin-logo.png\",\"contentUrl\":\"https:\/\/sulin.ee\/wp-content\/uploads\/2022\/11\/sulin-logo.png\",\"width\":871,\"height\":321,\"caption\":\"SULIN TRADE O\u00dc\"},\"image\":{\"@id\":\"https:\/\/sulin.ee\/en\/#\/schema\/logo\/image\/\"},\"sameAs\":[\"https:\/\/www.facebook.com\/www.sulin.ee\/\",\"https:\/\/www.instagram.com\/sulintrade\/\"]}]}<\/script>\n<!-- \/ Yoast SEO plugin. -->","yoast_head_json":{"title":"Kaardim\u00e4ng \"MotoMo Junior\" - sulin.ee","description":"Kaardim\u00e4ng \"MotoMo Junior\" on l\u00f5bus ja kaasahaarav s\u00f5nam\u00e4ng, kus m\u00e4ngijad kirjeldavad pilte \u00fche s\u00f5naga, et aidata oma meeskonnakaaslasel need \u00e4ra arvata.","robots":{"index":"index","follow":"follow","max-snippet":"max-snippet:-1","max-image-preview":"max-image-preview:large","max-video-preview":"max-video-preview:-1"},"canonical":"https:\/\/sulin.ee\/en\/toode\/kaardimang-motomo-junior\/","og_locale":"en_US","og_type":"article","og_title":"Kaardim\u00e4ng \"MotoMo Junior\" - sulin.ee","og_description":"Kaardim\u00e4ng \"MotoMo Junior\" on l\u00f5bus ja kaasahaarav s\u00f5nam\u00e4ng, kus m\u00e4ngijad kirjeldavad pilte \u00fche s\u00f5naga, et aidata oma meeskonnakaaslasel need \u00e4ra arvata.","og_url":"https:\/\/sulin.ee\/en\/toode\/kaardimang-motomo-junior\/","og_site_name":"sulin.ee","article_publisher":"https:\/\/www.facebook.com\/www.sulin.ee\/","article_modified_time":"2025-09-07T21:48:12+00:00","og_image":[{"width":600,"height":600,"url":"https:\/\/sulin.ee\/wp-content\/uploads\/2024\/11\/10227-DJ05094-card-game-motamo-junior.jpg","type":"image\/jpeg"}],"twitter_card":"summary_large_image","twitter_misc":{"Est. reading time":"2 minutes"},"schema":{"@context":"https:\/\/schema.org","@graph":[{"@type":"WebPage","@id":"https:\/\/sulin.ee\/en\/toode\/kaardimang-motomo-junior\/","url":"https:\/\/sulin.ee\/en\/toode\/kaardimang-motomo-junior\/","name":"Kaardim\u00e4ng \"MotoMo Junior\" - sulin.ee","isPartOf":{"@id":"https:\/\/sulin.ee\/en\/#website"},"primaryImageOfPage":{"@id":"https:\/\/sulin.ee\/en\/toode\/kaardimang-motomo-junior\/#primaryimage"},"image":{"@id":"https:\/\/sulin.ee\/en\/toode\/kaardimang-motomo-junior\/#primaryimage"},"thumbnailUrl":"https:\/\/sulin.ee\/wp-content\/uploads\/2024\/11\/10227-DJ05094-card-game-motamo-junior.jpg","datePublished":"2024-11-17T16:24:38+00:00","dateModified":"2025-09-07T21:48:12+00:00","description":"Kaardim\u00e4ng \"MotoMo Junior\" on l\u00f5bus ja kaasahaarav s\u00f5nam\u00e4ng, kus m\u00e4ngijad kirjeldavad pilte \u00fche s\u00f5naga, et aidata oma meeskonnakaaslasel need \u00e4ra arvata.","breadcrumb":{"@id":"https:\/\/sulin.ee\/en\/toode\/kaardimang-motomo-junior\/#breadcrumb"},"inLanguage":"en-US","potentialAction":[{"@type":"ReadAction","target":["https:\/\/sulin.ee\/en\/toode\/kaardimang-motomo-junior\/"]}]},{"@type":"ImageObject","inLanguage":"en-US","@id":"https:\/\/sulin.ee\/en\/toode\/kaardimang-motomo-junior\/#primaryimage","url":"https:\/\/sulin.ee\/wp-content\/uploads\/2024\/11\/10227-DJ05094-card-game-motamo-junior.jpg","contentUrl":"https:\/\/sulin.ee\/wp-content\/uploads\/2024\/11\/10227-DJ05094-card-game-motamo-junior.jpg","width":600,"height":600,"caption":"Kaardim\u00e4ng \"MotoMo Junior\""},{"@type":"BreadcrumbList","@id":"https:\/\/sulin.ee\/en\/toode\/kaardimang-motomo-junior\/#breadcrumb","itemListElement":[{"@type":"ListItem","position":1,"name":"Home","item":"https:\/\/sulin.ee\/en\/"},{"@type":"ListItem","position":2,"name":"Sulin.ee e-pood","item":"https:\/\/sulin.ee\/shop\/"},{"@type":"ListItem","position":3,"name":"Kaardim\u00e4ng &#8220;MotoMo Junior&#8221;"}]},{"@type":"WebSite","@id":"https:\/\/sulin.ee\/en\/#website","url":"https:\/\/sulin.ee\/en\/","name":"sulin.ee","description":"","publisher":{"@id":"https:\/\/sulin.ee\/en\/#organization"},"potentialAction":[{"@type":"SearchAction","target":{"@type":"EntryPoint","urlTemplate":"https:\/\/sulin.ee\/en\/?s={search_term_string}"},"query-input":{"@type":"PropertyValueSpecification","valueRequired":true,"valueName":"search_term_string"}}],"inLanguage":"en-US"},{"@type":"Organization","@id":"https:\/\/sulin.ee\/en\/#organization","name":"SULIN TRADE O\u00dc","url":"https:\/\/sulin.ee\/en\/","logo":{"@type":"ImageObject","inLanguage":"en-US","@id":"https:\/\/sulin.ee\/en\/#\/schema\/logo\/image\/","url":"https:\/\/sulin.ee\/wp-content\/uploads\/2022\/11\/sulin-logo.png","contentUrl":"https:\/\/sulin.ee\/wp-content\/uploads\/2022\/11\/sulin-logo.png","width":871,"height":321,"caption":"SULIN TRADE O\u00dc"},"image":{"@id":"https:\/\/sulin.ee\/en\/#\/schema\/logo\/image\/"},"sameAs":["https:\/\/www.facebook.com\/www.sulin.ee\/","https:\/\/www.instagram.com\/sulintrade\/"]}]}},"builder_content":"","_links":{"self":[{"href":"https:\/\/sulin.ee\/en\/wp-json\/wp\/v2\/product\/24098","targetHints":{"allow":["GET"]}}],"collection":[{"href":"https:\/\/sulin.ee\/en\/wp-json\/wp\/v2\/product"}],"about":[{"href":"https:\/\/sulin.ee\/en\/wp-json\/wp\/v2\/types\/product"}],"replies":[{"embeddable":true,"href":"https:\/\/sulin.ee\/en\/wp-json\/wp\/v2\/comments?post=24098"}],"wp:featuredmedia":[{"embeddable":true,"href":"https:\/\/sulin.ee\/en\/wp-json\/wp\/v2\/media\/24103"}],"wp:attachment":[{"href":"https:\/\/sulin.ee\/en\/wp-json\/wp\/v2\/media?parent=24098"}],"wp:term":[{"taxonomy":"product_brand","embeddable":true,"href":"https:\/\/sulin.ee\/en\/wp-json\/wp\/v2\/product_brand?post=24098"},{"taxonomy":"product_cat","embeddable":true,"href":"https:\/\/sulin.ee\/en\/wp-json\/wp\/v2\/product_cat?post=24098"},{"taxonomy":"product_tag","embeddable":true,"href":"https:\/\/sulin.ee\/en\/wp-json\/wp\/v2\/product_tag?post=24098"}],"curies":[{"name":"wp","href":"https:\/\/api.w.org\/{rel}","templated":true}]}}