{"id":24088,"date":"2024-11-17T16:17:03","date_gmt":"2024-11-17T16:17:03","guid":{"rendered":"https:\/\/sulin.ee\/?post_type=product&#038;p=24088"},"modified":"2025-09-07T21:48:12","modified_gmt":"2025-09-07T21:48:12","slug":"kaardimang-diamoniak","status":"publish","type":"product","link":"https:\/\/sulin.ee\/en\/toode\/kaardimang-diamoniak\/","title":{"rendered":"Kaardim\u00e4ng &#8220;Diamoniak&#8221;"},"content":{"rendered":"<p><strong>Kaardim\u00e4ng &#8220;Diamoniak&#8221;<\/strong> viib m\u00e4ngijad p\u00f5nevale seiklusele, kus iga\u00fcks kehastub printsessiks, kelle \u00fclesanne on ehitada oma loss kuuest kaardist. M\u00e4ngijad saavad valida oma strateegia \u2013 kas tegutseda julgelt ja seiklushimuliselt v\u00f5i ettevaatlikult ja taktikaliselt. Lossi ehitamiseks saab kasutada teemantkaarte v\u00f5i m\u00e4ngida haldjakaardi, et neutraliseerida n\u00f5idade loitsud. Kuid ole ettevaatlik, sest n\u00f5iad v\u00f5ivad su plaanid segi ajada!<\/p>\n<p>M\u00e4ng arendab strateegilist m\u00f5tlemist ja pakub suurep\u00e4rast l\u00f5bu kogu perele. Komplekt sisaldab 55 vastupidavat ja kvaliteetset kaarti, mis sobivad suurep\u00e4raselt 2\u20134 m\u00e4ngijale. M\u00e4ng kestab umbes 15 minutit ja on ideaalne lastele alates 5. eluaastast.<\/p>\n<p><strong><a href=\"https:\/\/www.djeco.com\/en\" target=\"_blank\" rel=\"noopener\">Djeco<\/a> kaardim\u00e4ng &#8220;Diamoniak&#8221;<\/strong> on kaasahaarav ja loov kaardim\u00e4ng, mis toob m\u00e4ngulusti igasse pereringi v\u00f5i s\u00f5prade seltskonda.<\/p>\n<p><strong>Hoiatus! Ei sobi alla 3-aastastele lastele v\u00e4ikeste osade t\u00f5ttu, mis v\u00f5ivad p\u00f5hjustada l\u00e4mbumisohu.<\/strong><\/p>\n<p>Avasta ka meie teised p\u00f5nevad ja kaasahaaravad <strong><a href=\"https:\/\/sulin.ee\/tootekategooria\/mangimine\/lauamangud\/\" target=\"_blank\" rel=\"noopener\">lauam\u00e4ngud<\/a><\/strong>, mis pakuvad r\u00f5\u00f5mu ja v\u00e4ljakutseid kogu perele!<\/p>\n","protected":false},"excerpt":{"rendered":"<p><strong>Kaardim\u00e4ng &#8220;Diamoniak&#8221;<\/strong> <strong>on p\u00f5nev strateegiam\u00e4ng, kus m\u00e4ngijad kehastuvad printsessideks ja v\u00f5istlevad oma lossi ehitamises, kaitstes seda n\u00f5idade loitsude eest. Sobib 2\u20134 m\u00e4ngijale alates 5. eluaastast, pakkudes l\u00f5busat ja kaasahaaravat meelelahutust!<\/strong><\/p>\n","protected":false},"featured_media":24095,"comment_status":"open","ping_status":"closed","template":"","meta":[],"product_brand":[],"product_cat":[110,1162,1166,942,928],"product_tag":[],"class_list":{"0":"post-24088","1":"product","2":"type-product","3":"status-publish","4":"has-post-thumbnail","6":"product_cat-mangimine","7":"product_cat-kingituseks","8":"product_cat-6-8-aastat","9":"product_cat-lauamangud","10":"product_cat-djeco","11":"has-post-title","12":"has-post-date","13":"has-post-category","14":"has-post-tag","15":"has-post-comment","16":"has-post-author","17":"","19":"first","20":"instock","21":"sale","22":"taxable","23":"shipping-taxable","24":"purchasable","25":"product-type-simple"},"yoast_head":"<!-- This site is optimized with the Yoast SEO plugin v26.8 - https:\/\/yoast.com\/product\/yoast-seo-wordpress\/ -->\n<title>Kaardim\u00e4ng &quot;Diamoniak&quot; - sulin.ee<\/title>\n<meta name=\"description\" content=\"Kaardim\u00e4ng &quot;Diamoniak&quot; on p\u00f5nev strateegiam\u00e4ng, kus m\u00e4ngijad kehastuvad printsessideks ja v\u00f5istlevad oma lossi ehitamises, kaitstes seda n\u00f5idade eest.\" \/>\n<meta name=\"robots\" content=\"index, follow, max-snippet:-1, max-image-preview:large, max-video-preview:-1\" \/>\n<link rel=\"canonical\" href=\"https:\/\/sulin.ee\/en\/toode\/kaardimang-diamoniak\/\" \/>\n<meta property=\"og:locale\" content=\"en_US\" \/>\n<meta property=\"og:type\" content=\"article\" \/>\n<meta property=\"og:title\" content=\"Kaardim\u00e4ng &quot;Diamoniak&quot; - sulin.ee\" \/>\n<meta property=\"og:description\" content=\"Kaardim\u00e4ng &quot;Diamoniak&quot; on p\u00f5nev strateegiam\u00e4ng, kus m\u00e4ngijad kehastuvad printsessideks ja v\u00f5istlevad oma lossi ehitamises, kaitstes seda n\u00f5idade eest.\" \/>\n<meta property=\"og:url\" content=\"https:\/\/sulin.ee\/en\/toode\/kaardimang-diamoniak\/\" \/>\n<meta property=\"og:site_name\" content=\"sulin.ee\" \/>\n<meta property=\"article:publisher\" content=\"https:\/\/www.facebook.com\/www.sulin.ee\/\" \/>\n<meta property=\"article:modified_time\" content=\"2025-09-07T21:48:12+00:00\" \/>\n<meta property=\"og:image\" content=\"https:\/\/sulin.ee\/wp-content\/uploads\/2024\/11\/5429-DJ05117-card-game-diamoniak.jpg\" \/>\n\t<meta property=\"og:image:width\" content=\"600\" \/>\n\t<meta property=\"og:image:height\" content=\"600\" \/>\n\t<meta property=\"og:image:type\" content=\"image\/jpeg\" \/>\n<meta name=\"twitter:card\" content=\"summary_large_image\" \/>\n<meta name=\"twitter:label1\" content=\"Est. reading time\" \/>\n\t<meta name=\"twitter:data1\" content=\"1 minute\" \/>\n<script type=\"application\/ld+json\" class=\"yoast-schema-graph\">{\"@context\":\"https:\/\/schema.org\",\"@graph\":[{\"@type\":\"WebPage\",\"@id\":\"https:\/\/sulin.ee\/en\/toode\/kaardimang-diamoniak\/\",\"url\":\"https:\/\/sulin.ee\/en\/toode\/kaardimang-diamoniak\/\",\"name\":\"Kaardim\u00e4ng \\\"Diamoniak\\\" - sulin.ee\",\"isPartOf\":{\"@id\":\"https:\/\/sulin.ee\/en\/#website\"},\"primaryImageOfPage\":{\"@id\":\"https:\/\/sulin.ee\/en\/toode\/kaardimang-diamoniak\/#primaryimage\"},\"image\":{\"@id\":\"https:\/\/sulin.ee\/en\/toode\/kaardimang-diamoniak\/#primaryimage\"},\"thumbnailUrl\":\"https:\/\/sulin.ee\/wp-content\/uploads\/2024\/11\/5429-DJ05117-card-game-diamoniak.jpg\",\"datePublished\":\"2024-11-17T16:17:03+00:00\",\"dateModified\":\"2025-09-07T21:48:12+00:00\",\"description\":\"Kaardim\u00e4ng \\\"Diamoniak\\\" on p\u00f5nev strateegiam\u00e4ng, kus m\u00e4ngijad kehastuvad printsessideks ja v\u00f5istlevad oma lossi ehitamises, kaitstes seda n\u00f5idade eest.\",\"breadcrumb\":{\"@id\":\"https:\/\/sulin.ee\/en\/toode\/kaardimang-diamoniak\/#breadcrumb\"},\"inLanguage\":\"en-US\",\"potentialAction\":[{\"@type\":\"ReadAction\",\"target\":[\"https:\/\/sulin.ee\/en\/toode\/kaardimang-diamoniak\/\"]}]},{\"@type\":\"ImageObject\",\"inLanguage\":\"en-US\",\"@id\":\"https:\/\/sulin.ee\/en\/toode\/kaardimang-diamoniak\/#primaryimage\",\"url\":\"https:\/\/sulin.ee\/wp-content\/uploads\/2024\/11\/5429-DJ05117-card-game-diamoniak.jpg\",\"contentUrl\":\"https:\/\/sulin.ee\/wp-content\/uploads\/2024\/11\/5429-DJ05117-card-game-diamoniak.jpg\",\"width\":600,\"height\":600,\"caption\":\"Kaardim\u00e4ng \\\"Diamoniak\\\"\"},{\"@type\":\"BreadcrumbList\",\"@id\":\"https:\/\/sulin.ee\/en\/toode\/kaardimang-diamoniak\/#breadcrumb\",\"itemListElement\":[{\"@type\":\"ListItem\",\"position\":1,\"name\":\"Home\",\"item\":\"https:\/\/sulin.ee\/en\/\"},{\"@type\":\"ListItem\",\"position\":2,\"name\":\"Sulin.ee e-pood\",\"item\":\"https:\/\/sulin.ee\/shop\/\"},{\"@type\":\"ListItem\",\"position\":3,\"name\":\"Kaardim\u00e4ng &#8220;Diamoniak&#8221;\"}]},{\"@type\":\"WebSite\",\"@id\":\"https:\/\/sulin.ee\/en\/#website\",\"url\":\"https:\/\/sulin.ee\/en\/\",\"name\":\"sulin.ee\",\"description\":\"\",\"publisher\":{\"@id\":\"https:\/\/sulin.ee\/en\/#organization\"},\"potentialAction\":[{\"@type\":\"SearchAction\",\"target\":{\"@type\":\"EntryPoint\",\"urlTemplate\":\"https:\/\/sulin.ee\/en\/?s={search_term_string}\"},\"query-input\":{\"@type\":\"PropertyValueSpecification\",\"valueRequired\":true,\"valueName\":\"search_term_string\"}}],\"inLanguage\":\"en-US\"},{\"@type\":\"Organization\",\"@id\":\"https:\/\/sulin.ee\/en\/#organization\",\"name\":\"SULIN TRADE O\u00dc\",\"url\":\"https:\/\/sulin.ee\/en\/\",\"logo\":{\"@type\":\"ImageObject\",\"inLanguage\":\"en-US\",\"@id\":\"https:\/\/sulin.ee\/en\/#\/schema\/logo\/image\/\",\"url\":\"https:\/\/sulin.ee\/wp-content\/uploads\/2022\/11\/sulin-logo.png\",\"contentUrl\":\"https:\/\/sulin.ee\/wp-content\/uploads\/2022\/11\/sulin-logo.png\",\"width\":871,\"height\":321,\"caption\":\"SULIN TRADE O\u00dc\"},\"image\":{\"@id\":\"https:\/\/sulin.ee\/en\/#\/schema\/logo\/image\/\"},\"sameAs\":[\"https:\/\/www.facebook.com\/www.sulin.ee\/\",\"https:\/\/www.instagram.com\/sulintrade\/\"]}]}<\/script>\n<!-- \/ Yoast SEO plugin. -->","yoast_head_json":{"title":"Kaardim\u00e4ng \"Diamoniak\" - sulin.ee","description":"Kaardim\u00e4ng \"Diamoniak\" on p\u00f5nev strateegiam\u00e4ng, kus m\u00e4ngijad kehastuvad printsessideks ja v\u00f5istlevad oma lossi ehitamises, kaitstes seda n\u00f5idade eest.","robots":{"index":"index","follow":"follow","max-snippet":"max-snippet:-1","max-image-preview":"max-image-preview:large","max-video-preview":"max-video-preview:-1"},"canonical":"https:\/\/sulin.ee\/en\/toode\/kaardimang-diamoniak\/","og_locale":"en_US","og_type":"article","og_title":"Kaardim\u00e4ng \"Diamoniak\" - sulin.ee","og_description":"Kaardim\u00e4ng \"Diamoniak\" on p\u00f5nev strateegiam\u00e4ng, kus m\u00e4ngijad kehastuvad printsessideks ja v\u00f5istlevad oma lossi ehitamises, kaitstes seda n\u00f5idade eest.","og_url":"https:\/\/sulin.ee\/en\/toode\/kaardimang-diamoniak\/","og_site_name":"sulin.ee","article_publisher":"https:\/\/www.facebook.com\/www.sulin.ee\/","article_modified_time":"2025-09-07T21:48:12+00:00","og_image":[{"width":600,"height":600,"url":"https:\/\/sulin.ee\/wp-content\/uploads\/2024\/11\/5429-DJ05117-card-game-diamoniak.jpg","type":"image\/jpeg"}],"twitter_card":"summary_large_image","twitter_misc":{"Est. reading time":"1 minute"},"schema":{"@context":"https:\/\/schema.org","@graph":[{"@type":"WebPage","@id":"https:\/\/sulin.ee\/en\/toode\/kaardimang-diamoniak\/","url":"https:\/\/sulin.ee\/en\/toode\/kaardimang-diamoniak\/","name":"Kaardim\u00e4ng \"Diamoniak\" - sulin.ee","isPartOf":{"@id":"https:\/\/sulin.ee\/en\/#website"},"primaryImageOfPage":{"@id":"https:\/\/sulin.ee\/en\/toode\/kaardimang-diamoniak\/#primaryimage"},"image":{"@id":"https:\/\/sulin.ee\/en\/toode\/kaardimang-diamoniak\/#primaryimage"},"thumbnailUrl":"https:\/\/sulin.ee\/wp-content\/uploads\/2024\/11\/5429-DJ05117-card-game-diamoniak.jpg","datePublished":"2024-11-17T16:17:03+00:00","dateModified":"2025-09-07T21:48:12+00:00","description":"Kaardim\u00e4ng \"Diamoniak\" on p\u00f5nev strateegiam\u00e4ng, kus m\u00e4ngijad kehastuvad printsessideks ja v\u00f5istlevad oma lossi ehitamises, kaitstes seda n\u00f5idade eest.","breadcrumb":{"@id":"https:\/\/sulin.ee\/en\/toode\/kaardimang-diamoniak\/#breadcrumb"},"inLanguage":"en-US","potentialAction":[{"@type":"ReadAction","target":["https:\/\/sulin.ee\/en\/toode\/kaardimang-diamoniak\/"]}]},{"@type":"ImageObject","inLanguage":"en-US","@id":"https:\/\/sulin.ee\/en\/toode\/kaardimang-diamoniak\/#primaryimage","url":"https:\/\/sulin.ee\/wp-content\/uploads\/2024\/11\/5429-DJ05117-card-game-diamoniak.jpg","contentUrl":"https:\/\/sulin.ee\/wp-content\/uploads\/2024\/11\/5429-DJ05117-card-game-diamoniak.jpg","width":600,"height":600,"caption":"Kaardim\u00e4ng \"Diamoniak\""},{"@type":"BreadcrumbList","@id":"https:\/\/sulin.ee\/en\/toode\/kaardimang-diamoniak\/#breadcrumb","itemListElement":[{"@type":"ListItem","position":1,"name":"Home","item":"https:\/\/sulin.ee\/en\/"},{"@type":"ListItem","position":2,"name":"Sulin.ee e-pood","item":"https:\/\/sulin.ee\/shop\/"},{"@type":"ListItem","position":3,"name":"Kaardim\u00e4ng &#8220;Diamoniak&#8221;"}]},{"@type":"WebSite","@id":"https:\/\/sulin.ee\/en\/#website","url":"https:\/\/sulin.ee\/en\/","name":"sulin.ee","description":"","publisher":{"@id":"https:\/\/sulin.ee\/en\/#organization"},"potentialAction":[{"@type":"SearchAction","target":{"@type":"EntryPoint","urlTemplate":"https:\/\/sulin.ee\/en\/?s={search_term_string}"},"query-input":{"@type":"PropertyValueSpecification","valueRequired":true,"valueName":"search_term_string"}}],"inLanguage":"en-US"},{"@type":"Organization","@id":"https:\/\/sulin.ee\/en\/#organization","name":"SULIN TRADE O\u00dc","url":"https:\/\/sulin.ee\/en\/","logo":{"@type":"ImageObject","inLanguage":"en-US","@id":"https:\/\/sulin.ee\/en\/#\/schema\/logo\/image\/","url":"https:\/\/sulin.ee\/wp-content\/uploads\/2022\/11\/sulin-logo.png","contentUrl":"https:\/\/sulin.ee\/wp-content\/uploads\/2022\/11\/sulin-logo.png","width":871,"height":321,"caption":"SULIN TRADE O\u00dc"},"image":{"@id":"https:\/\/sulin.ee\/en\/#\/schema\/logo\/image\/"},"sameAs":["https:\/\/www.facebook.com\/www.sulin.ee\/","https:\/\/www.instagram.com\/sulintrade\/"]}]}},"builder_content":"","_links":{"self":[{"href":"https:\/\/sulin.ee\/en\/wp-json\/wp\/v2\/product\/24088","targetHints":{"allow":["GET"]}}],"collection":[{"href":"https:\/\/sulin.ee\/en\/wp-json\/wp\/v2\/product"}],"about":[{"href":"https:\/\/sulin.ee\/en\/wp-json\/wp\/v2\/types\/product"}],"replies":[{"embeddable":true,"href":"https:\/\/sulin.ee\/en\/wp-json\/wp\/v2\/comments?post=24088"}],"wp:featuredmedia":[{"embeddable":true,"href":"https:\/\/sulin.ee\/en\/wp-json\/wp\/v2\/media\/24095"}],"wp:attachment":[{"href":"https:\/\/sulin.ee\/en\/wp-json\/wp\/v2\/media?parent=24088"}],"wp:term":[{"taxonomy":"product_brand","embeddable":true,"href":"https:\/\/sulin.ee\/en\/wp-json\/wp\/v2\/product_brand?post=24088"},{"taxonomy":"product_cat","embeddable":true,"href":"https:\/\/sulin.ee\/en\/wp-json\/wp\/v2\/product_cat?post=24088"},{"taxonomy":"product_tag","embeddable":true,"href":"https:\/\/sulin.ee\/en\/wp-json\/wp\/v2\/product_tag?post=24088"}],"curies":[{"name":"wp","href":"https:\/\/api.w.org\/{rel}","templated":true}]}}