{"id":24074,"date":"2024-11-17T15:59:45","date_gmt":"2024-11-17T15:59:45","guid":{"rendered":"https:\/\/sulin.ee\/?post_type=product&#038;p=24074"},"modified":"2025-09-07T21:48:21","modified_gmt":"2025-09-07T21:48:21","slug":"kaardimang-swip-sheep","status":"publish","type":"product","link":"https:\/\/sulin.ee\/en\/toode\/kaardimang-swip-sheep\/","title":{"rendered":"Kaardim\u00e4ng &#8220;Swip Sheep&#8221;"},"content":{"rendered":"<p><strong>Kaardim\u00e4ng &#8220;Swip Sheep&#8221;<\/strong> on kaasahaarav strateegiam\u00e4ng 3\u20135 m\u00e4ngijale, kus iga\u00fcks p\u00fc\u00fcab kaitsta oma lambaid huntide r\u00fcnnakute eest ja samal ajal varastada vastaste karjast. M\u00e4ngijad kasutavad oma k\u00e4ikudes nutikalt huntide, koerte ja lammaste kaarte, et teenida punkte ning hoida oma kari v\u00f5imalikult suur. M\u00e4ngu eesm\u00e4rk on koguda k\u00f5ige rohkem lambaid \u2013 aga ole ettevaatlik, sest vale k\u00e4ik v\u00f5ib maksta karja!<\/p>\n<p>M\u00e4ng sisaldab 32 vastupidavat ja kvaliteetset kaarti, mis on kaunistatud l\u00f5busate huntide, koerte ja lammaste illustratsioonidega, mis r\u00f5\u00f5mustavad m\u00e4ngijaid igas vanuses. Kompaktne ja kergesti kaasaskantav karp muudab selle ideaalseks nii koduseks ajaviiteks kui ka reisidel kaasav\u00f5tmiseks.<\/p>\n<p>Sobib lastele alates 5. eluaastast.<\/p>\n<p><strong><a href=\"https:\/\/www.djeco.com\/en\" target=\"_blank\" rel=\"noopener\">Djeco<\/a> kaardim\u00e4ng &#8220;Swip Sheep&#8221;<\/strong> on ideaalne valik peredele ja s\u00f5pradele, pakkudes l\u00f5busat strateegilist v\u00e4ljakutset ja v\u00f5imalust koos aega veeta.<\/p>\n<p>Avasta ka meie teised p\u00f5nevad ja kaasahaaravad <strong><a href=\"https:\/\/sulin.ee\/tootekategooria\/mangimine\/lauamangud\/\" target=\"_blank\" rel=\"noopener\">lauam\u00e4ngud<\/a><\/strong>, mis pakuvad r\u00f5\u00f5mu ja v\u00e4ljakutseid kogu perele!<\/p>\n<div class=\"post-video\"><iframe loading=\"lazy\" title=\"DJ05145 Djeco Game - Swip&#039;Sheep\" width=\"1165\" height=\"655\" src=\"https:\/\/www.youtube.com\/embed\/5uHwHz-yT8I?feature=oembed\" frameborder=\"0\" allow=\"accelerometer; autoplay; clipboard-write; encrypted-media; gyroscope; picture-in-picture; web-share\" referrerpolicy=\"strict-origin-when-cross-origin\" allowfullscreen><\/iframe><\/div>\n","protected":false},"excerpt":{"rendered":"<p><strong>Kaardim\u00e4ng &#8220;Swip Sheep&#8221;<\/strong> <strong>on l\u00f5bus strateegiam\u00e4ng, kus m\u00e4ngijad kaitsevad oma lambaid huntide eest ja p\u00fc\u00fcavad vastaste karja h\u00f5ivata. Sobib 3\u20135 m\u00e4ngijale alates 5. eluaastast, pakkudes p\u00f5nevat ajaviidet igas vanuses m\u00e4ngijatele!<\/strong><\/p>\n","protected":false},"featured_media":24079,"comment_status":"open","ping_status":"closed","template":"","meta":[],"product_brand":[],"product_cat":[110,1162,1166,942,928],"product_tag":[],"class_list":{"0":"post-24074","1":"product","2":"type-product","3":"status-publish","4":"has-post-thumbnail","6":"product_cat-mangimine","7":"product_cat-kingituseks","8":"product_cat-6-8-aastat","9":"product_cat-lauamangud","10":"product_cat-djeco","11":"has-post-title","12":"has-post-date","13":"has-post-category","14":"has-post-tag","15":"has-post-comment","16":"has-post-author","17":"","19":"first","20":"instock","21":"sale","22":"taxable","23":"shipping-taxable","24":"purchasable","25":"product-type-simple"},"yoast_head":"<!-- This site is optimized with the Yoast SEO plugin v26.8 - https:\/\/yoast.com\/product\/yoast-seo-wordpress\/ -->\n<title>Kaardim\u00e4ng &quot;Swip Sheep&quot; - sulin.ee<\/title>\n<meta name=\"description\" content=\"Kaardim\u00e4ng &quot;Swip Sheep&quot; on kaasahaarav strateegiam\u00e4ng 3\u20135 m\u00e4ngijale, kus iga\u00fcks p\u00fc\u00fcab kaitsta oma lambaid huntide r\u00fcnnakute eest.\" \/>\n<meta name=\"robots\" content=\"index, follow, max-snippet:-1, max-image-preview:large, max-video-preview:-1\" \/>\n<link rel=\"canonical\" href=\"https:\/\/sulin.ee\/en\/toode\/kaardimang-swip-sheep\/\" \/>\n<meta property=\"og:locale\" content=\"en_US\" \/>\n<meta property=\"og:type\" content=\"article\" \/>\n<meta property=\"og:title\" content=\"Kaardim\u00e4ng &quot;Swip Sheep&quot; - sulin.ee\" \/>\n<meta property=\"og:description\" content=\"Kaardim\u00e4ng &quot;Swip Sheep&quot; on kaasahaarav strateegiam\u00e4ng 3\u20135 m\u00e4ngijale, kus iga\u00fcks p\u00fc\u00fcab kaitsta oma lambaid huntide r\u00fcnnakute eest.\" \/>\n<meta property=\"og:url\" content=\"https:\/\/sulin.ee\/en\/toode\/kaardimang-swip-sheep\/\" \/>\n<meta property=\"og:site_name\" content=\"sulin.ee\" \/>\n<meta property=\"article:publisher\" content=\"https:\/\/www.facebook.com\/www.sulin.ee\/\" \/>\n<meta property=\"article:modified_time\" content=\"2025-09-07T21:48:21+00:00\" \/>\n<meta property=\"og:image\" content=\"https:\/\/sulin.ee\/wp-content\/uploads\/2024\/11\/9180-DJ05145-card-game-swipsheep.jpg\" \/>\n\t<meta property=\"og:image:width\" content=\"600\" \/>\n\t<meta property=\"og:image:height\" content=\"600\" \/>\n\t<meta property=\"og:image:type\" content=\"image\/jpeg\" \/>\n<meta name=\"twitter:card\" content=\"summary_large_image\" \/>\n<meta name=\"twitter:label1\" content=\"Est. reading time\" \/>\n\t<meta name=\"twitter:data1\" content=\"1 minute\" \/>\n<script type=\"application\/ld+json\" class=\"yoast-schema-graph\">{\"@context\":\"https:\/\/schema.org\",\"@graph\":[{\"@type\":\"WebPage\",\"@id\":\"https:\/\/sulin.ee\/en\/toode\/kaardimang-swip-sheep\/\",\"url\":\"https:\/\/sulin.ee\/en\/toode\/kaardimang-swip-sheep\/\",\"name\":\"Kaardim\u00e4ng \\\"Swip Sheep\\\" - sulin.ee\",\"isPartOf\":{\"@id\":\"https:\/\/sulin.ee\/en\/#website\"},\"primaryImageOfPage\":{\"@id\":\"https:\/\/sulin.ee\/en\/toode\/kaardimang-swip-sheep\/#primaryimage\"},\"image\":{\"@id\":\"https:\/\/sulin.ee\/en\/toode\/kaardimang-swip-sheep\/#primaryimage\"},\"thumbnailUrl\":\"https:\/\/sulin.ee\/wp-content\/uploads\/2024\/11\/9180-DJ05145-card-game-swipsheep.jpg\",\"datePublished\":\"2024-11-17T15:59:45+00:00\",\"dateModified\":\"2025-09-07T21:48:21+00:00\",\"description\":\"Kaardim\u00e4ng \\\"Swip Sheep\\\" on kaasahaarav strateegiam\u00e4ng 3\u20135 m\u00e4ngijale, kus iga\u00fcks p\u00fc\u00fcab kaitsta oma lambaid huntide r\u00fcnnakute eest.\",\"breadcrumb\":{\"@id\":\"https:\/\/sulin.ee\/en\/toode\/kaardimang-swip-sheep\/#breadcrumb\"},\"inLanguage\":\"en-US\",\"potentialAction\":[{\"@type\":\"ReadAction\",\"target\":[\"https:\/\/sulin.ee\/en\/toode\/kaardimang-swip-sheep\/\"]}]},{\"@type\":\"ImageObject\",\"inLanguage\":\"en-US\",\"@id\":\"https:\/\/sulin.ee\/en\/toode\/kaardimang-swip-sheep\/#primaryimage\",\"url\":\"https:\/\/sulin.ee\/wp-content\/uploads\/2024\/11\/9180-DJ05145-card-game-swipsheep.jpg\",\"contentUrl\":\"https:\/\/sulin.ee\/wp-content\/uploads\/2024\/11\/9180-DJ05145-card-game-swipsheep.jpg\",\"width\":600,\"height\":600,\"caption\":\"Kaardim\u00e4ng \\\"Swip Sheep\\\"\"},{\"@type\":\"BreadcrumbList\",\"@id\":\"https:\/\/sulin.ee\/en\/toode\/kaardimang-swip-sheep\/#breadcrumb\",\"itemListElement\":[{\"@type\":\"ListItem\",\"position\":1,\"name\":\"Home\",\"item\":\"https:\/\/sulin.ee\/en\/\"},{\"@type\":\"ListItem\",\"position\":2,\"name\":\"Sulin.ee e-pood\",\"item\":\"https:\/\/sulin.ee\/shop\/\"},{\"@type\":\"ListItem\",\"position\":3,\"name\":\"Kaardim\u00e4ng &#8220;Swip Sheep&#8221;\"}]},{\"@type\":\"WebSite\",\"@id\":\"https:\/\/sulin.ee\/en\/#website\",\"url\":\"https:\/\/sulin.ee\/en\/\",\"name\":\"sulin.ee\",\"description\":\"\",\"publisher\":{\"@id\":\"https:\/\/sulin.ee\/en\/#organization\"},\"potentialAction\":[{\"@type\":\"SearchAction\",\"target\":{\"@type\":\"EntryPoint\",\"urlTemplate\":\"https:\/\/sulin.ee\/en\/?s={search_term_string}\"},\"query-input\":{\"@type\":\"PropertyValueSpecification\",\"valueRequired\":true,\"valueName\":\"search_term_string\"}}],\"inLanguage\":\"en-US\"},{\"@type\":\"Organization\",\"@id\":\"https:\/\/sulin.ee\/en\/#organization\",\"name\":\"SULIN TRADE O\u00dc\",\"url\":\"https:\/\/sulin.ee\/en\/\",\"logo\":{\"@type\":\"ImageObject\",\"inLanguage\":\"en-US\",\"@id\":\"https:\/\/sulin.ee\/en\/#\/schema\/logo\/image\/\",\"url\":\"https:\/\/sulin.ee\/wp-content\/uploads\/2022\/11\/sulin-logo.png\",\"contentUrl\":\"https:\/\/sulin.ee\/wp-content\/uploads\/2022\/11\/sulin-logo.png\",\"width\":871,\"height\":321,\"caption\":\"SULIN TRADE O\u00dc\"},\"image\":{\"@id\":\"https:\/\/sulin.ee\/en\/#\/schema\/logo\/image\/\"},\"sameAs\":[\"https:\/\/www.facebook.com\/www.sulin.ee\/\",\"https:\/\/www.instagram.com\/sulintrade\/\"]}]}<\/script>\n<!-- \/ Yoast SEO plugin. -->","yoast_head_json":{"title":"Kaardim\u00e4ng \"Swip Sheep\" - sulin.ee","description":"Kaardim\u00e4ng \"Swip Sheep\" on kaasahaarav strateegiam\u00e4ng 3\u20135 m\u00e4ngijale, kus iga\u00fcks p\u00fc\u00fcab kaitsta oma lambaid huntide r\u00fcnnakute eest.","robots":{"index":"index","follow":"follow","max-snippet":"max-snippet:-1","max-image-preview":"max-image-preview:large","max-video-preview":"max-video-preview:-1"},"canonical":"https:\/\/sulin.ee\/en\/toode\/kaardimang-swip-sheep\/","og_locale":"en_US","og_type":"article","og_title":"Kaardim\u00e4ng \"Swip Sheep\" - sulin.ee","og_description":"Kaardim\u00e4ng \"Swip Sheep\" on kaasahaarav strateegiam\u00e4ng 3\u20135 m\u00e4ngijale, kus iga\u00fcks p\u00fc\u00fcab kaitsta oma lambaid huntide r\u00fcnnakute eest.","og_url":"https:\/\/sulin.ee\/en\/toode\/kaardimang-swip-sheep\/","og_site_name":"sulin.ee","article_publisher":"https:\/\/www.facebook.com\/www.sulin.ee\/","article_modified_time":"2025-09-07T21:48:21+00:00","og_image":[{"width":600,"height":600,"url":"https:\/\/sulin.ee\/wp-content\/uploads\/2024\/11\/9180-DJ05145-card-game-swipsheep.jpg","type":"image\/jpeg"}],"twitter_card":"summary_large_image","twitter_misc":{"Est. reading time":"1 minute"},"schema":{"@context":"https:\/\/schema.org","@graph":[{"@type":"WebPage","@id":"https:\/\/sulin.ee\/en\/toode\/kaardimang-swip-sheep\/","url":"https:\/\/sulin.ee\/en\/toode\/kaardimang-swip-sheep\/","name":"Kaardim\u00e4ng \"Swip Sheep\" - sulin.ee","isPartOf":{"@id":"https:\/\/sulin.ee\/en\/#website"},"primaryImageOfPage":{"@id":"https:\/\/sulin.ee\/en\/toode\/kaardimang-swip-sheep\/#primaryimage"},"image":{"@id":"https:\/\/sulin.ee\/en\/toode\/kaardimang-swip-sheep\/#primaryimage"},"thumbnailUrl":"https:\/\/sulin.ee\/wp-content\/uploads\/2024\/11\/9180-DJ05145-card-game-swipsheep.jpg","datePublished":"2024-11-17T15:59:45+00:00","dateModified":"2025-09-07T21:48:21+00:00","description":"Kaardim\u00e4ng \"Swip Sheep\" on kaasahaarav strateegiam\u00e4ng 3\u20135 m\u00e4ngijale, kus iga\u00fcks p\u00fc\u00fcab kaitsta oma lambaid huntide r\u00fcnnakute eest.","breadcrumb":{"@id":"https:\/\/sulin.ee\/en\/toode\/kaardimang-swip-sheep\/#breadcrumb"},"inLanguage":"en-US","potentialAction":[{"@type":"ReadAction","target":["https:\/\/sulin.ee\/en\/toode\/kaardimang-swip-sheep\/"]}]},{"@type":"ImageObject","inLanguage":"en-US","@id":"https:\/\/sulin.ee\/en\/toode\/kaardimang-swip-sheep\/#primaryimage","url":"https:\/\/sulin.ee\/wp-content\/uploads\/2024\/11\/9180-DJ05145-card-game-swipsheep.jpg","contentUrl":"https:\/\/sulin.ee\/wp-content\/uploads\/2024\/11\/9180-DJ05145-card-game-swipsheep.jpg","width":600,"height":600,"caption":"Kaardim\u00e4ng \"Swip Sheep\""},{"@type":"BreadcrumbList","@id":"https:\/\/sulin.ee\/en\/toode\/kaardimang-swip-sheep\/#breadcrumb","itemListElement":[{"@type":"ListItem","position":1,"name":"Home","item":"https:\/\/sulin.ee\/en\/"},{"@type":"ListItem","position":2,"name":"Sulin.ee e-pood","item":"https:\/\/sulin.ee\/shop\/"},{"@type":"ListItem","position":3,"name":"Kaardim\u00e4ng &#8220;Swip Sheep&#8221;"}]},{"@type":"WebSite","@id":"https:\/\/sulin.ee\/en\/#website","url":"https:\/\/sulin.ee\/en\/","name":"sulin.ee","description":"","publisher":{"@id":"https:\/\/sulin.ee\/en\/#organization"},"potentialAction":[{"@type":"SearchAction","target":{"@type":"EntryPoint","urlTemplate":"https:\/\/sulin.ee\/en\/?s={search_term_string}"},"query-input":{"@type":"PropertyValueSpecification","valueRequired":true,"valueName":"search_term_string"}}],"inLanguage":"en-US"},{"@type":"Organization","@id":"https:\/\/sulin.ee\/en\/#organization","name":"SULIN TRADE O\u00dc","url":"https:\/\/sulin.ee\/en\/","logo":{"@type":"ImageObject","inLanguage":"en-US","@id":"https:\/\/sulin.ee\/en\/#\/schema\/logo\/image\/","url":"https:\/\/sulin.ee\/wp-content\/uploads\/2022\/11\/sulin-logo.png","contentUrl":"https:\/\/sulin.ee\/wp-content\/uploads\/2022\/11\/sulin-logo.png","width":871,"height":321,"caption":"SULIN TRADE O\u00dc"},"image":{"@id":"https:\/\/sulin.ee\/en\/#\/schema\/logo\/image\/"},"sameAs":["https:\/\/www.facebook.com\/www.sulin.ee\/","https:\/\/www.instagram.com\/sulintrade\/"]}]}},"builder_content":"","_links":{"self":[{"href":"https:\/\/sulin.ee\/en\/wp-json\/wp\/v2\/product\/24074","targetHints":{"allow":["GET"]}}],"collection":[{"href":"https:\/\/sulin.ee\/en\/wp-json\/wp\/v2\/product"}],"about":[{"href":"https:\/\/sulin.ee\/en\/wp-json\/wp\/v2\/types\/product"}],"replies":[{"embeddable":true,"href":"https:\/\/sulin.ee\/en\/wp-json\/wp\/v2\/comments?post=24074"}],"wp:featuredmedia":[{"embeddable":true,"href":"https:\/\/sulin.ee\/en\/wp-json\/wp\/v2\/media\/24079"}],"wp:attachment":[{"href":"https:\/\/sulin.ee\/en\/wp-json\/wp\/v2\/media?parent=24074"}],"wp:term":[{"taxonomy":"product_brand","embeddable":true,"href":"https:\/\/sulin.ee\/en\/wp-json\/wp\/v2\/product_brand?post=24074"},{"taxonomy":"product_cat","embeddable":true,"href":"https:\/\/sulin.ee\/en\/wp-json\/wp\/v2\/product_cat?post=24074"},{"taxonomy":"product_tag","embeddable":true,"href":"https:\/\/sulin.ee\/en\/wp-json\/wp\/v2\/product_tag?post=24074"}],"curies":[{"name":"wp","href":"https:\/\/api.w.org\/{rel}","templated":true}]}}