{"id":24007,"date":"2024-11-17T15:13:03","date_gmt":"2024-11-17T15:13:03","guid":{"rendered":"https:\/\/sulin.ee\/?post_type=product&#038;p=24007"},"modified":"2025-09-07T21:41:08","modified_gmt":"2025-09-07T21:41:08","slug":"mitmeotstarbeline-komplekt-dinosauruste-maailm","status":"publish","type":"product","link":"https:\/\/sulin.ee\/en\/toode\/mitmeotstarbeline-komplekt-dinosauruste-maailm\/","title":{"rendered":"Mitmeotstarbeline komplekt &#8220;Dinosauruste maailm&#8221;"},"content":{"rendered":"<p><strong>Mitmeotstarbeline komplekt &#8220;Dinosauruste maailm&#8221;<\/strong> pakub lastele v\u00f5imalust sukelduda dinosauruste ajastusse l\u00e4bi kuue erineva kunstilise ja meisterdamistegevuse. See p\u00f5hjalikult koostatud komplekt sisaldab k\u00f5ike, mida vaja, et maalida, joonistada, luua kollaa\u017ee, meisterdada 3D-mudeleid, kaunistada kraapimistahvleid ja valmistada muljetavaldavaid 3D-stseene. Iga projekt on hoolikalt juhendatud detailsete samm-sammuliste juhiste abil, et tagada loomisr\u00f5\u00f5m ja rahulolu igal sammul.<\/p>\n<p>Komplektis leidub k\u00f5ik vajalik, alates kvaliteetsetest t\u00f6\u00f6vahenditest kuni detailsete kaartideni, mis aitavad lastel arendada loovust, k\u00e4elist osavust ja visuaalset m\u00f5tlemist. Lapsed saavad luua oma dinosauruste maailma, kus iga tegevus on uus avastus ja iga meisterdatud ese ainulaadne looming. Sobib suurep\u00e4raselt lastele vanuses 6\u201310 aastat, kes armastavad loovust, seiklusi ja uusi v\u00e4ljakutseid.<\/p>\n<p><strong>See <a href=\"https:\/\/www.djeco.com\/en\" target=\"_blank\" rel=\"noopener\">Djeco<\/a> mitmek\u00fclgne ja l\u00f5bus komplekt on ideaalne kingitus igale noorele dinosaurusef\u00e4nnile ja kunstihuvilisele, pakkudes tunde sisukat ja inspireerivat tegevust!<\/strong><\/p>\n<p>Avasta ka meie teised <a href=\"https:\/\/sulin.ee\/tootekategooria\/mangimine\/kunstivahendid\/meisterdamine\/\" target=\"_blank\" rel=\"noopener\"><strong>meisterdamiskomplektid ja loovusvahendid,<\/strong><\/a> mis pakuvad lastele veelgi rohkem l\u00f5busat ja inspireerivat tegevust!<\/p>\n<div class=\"post-video\"><iframe loading=\"lazy\" width=\"1165\" height=\"655\" src=\"https:\/\/www.youtube.com\/embed\/owWbiw_xP90?feature=oembed\" frameborder=\"0\" allow=\"accelerometer; autoplay; clipboard-write; encrypted-media; gyroscope; picture-in-picture; web-share\" allowfullscreen><\/iframe><\/div>\n","protected":false},"excerpt":{"rendered":"<p><strong>Mitmeotstarbeline komplekt &#8220;Dinosauruste maailm&#8221;<\/strong> <strong>pakub kuut erinevat loovtegevust, sealhulgas maalimist, joonistamist ja 3D-mudelite meisterdamist. Sobib lastele vanuses 6\u201310 aastat, arendades nende loovust ja k\u00e4elist osavust, pakkudes samas tundideks p\u00f5nevat tegevust.<\/strong><\/p>\n","protected":false},"featured_media":24017,"comment_status":"open","ping_status":"closed","template":"","meta":[],"product_brand":[],"product_cat":[110,1162,1166,102,1017,928],"product_tag":[],"class_list":{"0":"post-24007","1":"product","2":"type-product","3":"status-publish","4":"has-post-thumbnail","6":"product_cat-mangimine","7":"product_cat-kingituseks","8":"product_cat-6-8-aastat","9":"product_cat-kunstivahendid","10":"product_cat-meisterdamine","11":"product_cat-djeco","12":"has-post-title","13":"has-post-date","14":"has-post-category","15":"has-post-tag","16":"has-post-comment","17":"has-post-author","18":"","20":"first","21":"instock","22":"sale","23":"taxable","24":"shipping-taxable","25":"purchasable","26":"product-type-simple"},"yoast_head":"<!-- This site is optimized with the Yoast SEO plugin v26.8 - https:\/\/yoast.com\/product\/yoast-seo-wordpress\/ -->\n<title>Mitmeotstarbeline komplekt &quot;Dinosauruste maailm&quot; - sulin.ee<\/title>\n<meta name=\"description\" content=\"Mitmeotstarbeline komplekt &quot;Dinosauruste maailm&quot; pakub lastele v\u00f5imalust sukelduda dinosauruste ajastusse l\u00e4bi kuue erineva meisterdamistegevuse.\" \/>\n<meta name=\"robots\" content=\"index, follow, max-snippet:-1, max-image-preview:large, max-video-preview:-1\" \/>\n<link rel=\"canonical\" href=\"https:\/\/sulin.ee\/en\/toode\/mitmeotstarbeline-komplekt-dinosauruste-maailm\/\" \/>\n<meta property=\"og:locale\" content=\"en_US\" \/>\n<meta property=\"og:type\" content=\"article\" \/>\n<meta property=\"og:title\" content=\"Mitmeotstarbeline komplekt &quot;Dinosauruste maailm&quot; - sulin.ee\" \/>\n<meta property=\"og:description\" content=\"Mitmeotstarbeline komplekt &quot;Dinosauruste maailm&quot; pakub lastele v\u00f5imalust sukelduda dinosauruste ajastusse l\u00e4bi kuue erineva meisterdamistegevuse.\" \/>\n<meta property=\"og:url\" content=\"https:\/\/sulin.ee\/en\/toode\/mitmeotstarbeline-komplekt-dinosauruste-maailm\/\" \/>\n<meta property=\"og:site_name\" content=\"sulin.ee\" \/>\n<meta property=\"article:publisher\" content=\"https:\/\/www.facebook.com\/www.sulin.ee\/\" \/>\n<meta property=\"article:modified_time\" content=\"2025-09-07T21:41:08+00:00\" \/>\n<meta property=\"og:image\" content=\"https:\/\/sulin.ee\/wp-content\/uploads\/2024\/11\/9300-DJ09331-multi-activity-kits-the-world-of-dinosaurs.jpg\" \/>\n\t<meta property=\"og:image:width\" content=\"600\" \/>\n\t<meta property=\"og:image:height\" content=\"600\" \/>\n\t<meta property=\"og:image:type\" content=\"image\/jpeg\" \/>\n<meta name=\"twitter:card\" content=\"summary_large_image\" \/>\n<meta name=\"twitter:label1\" content=\"Est. reading time\" \/>\n\t<meta name=\"twitter:data1\" content=\"1 minute\" \/>\n<script type=\"application\/ld+json\" class=\"yoast-schema-graph\">{\"@context\":\"https:\/\/schema.org\",\"@graph\":[{\"@type\":\"WebPage\",\"@id\":\"https:\/\/sulin.ee\/en\/toode\/mitmeotstarbeline-komplekt-dinosauruste-maailm\/\",\"url\":\"https:\/\/sulin.ee\/en\/toode\/mitmeotstarbeline-komplekt-dinosauruste-maailm\/\",\"name\":\"Mitmeotstarbeline komplekt \\\"Dinosauruste maailm\\\" - sulin.ee\",\"isPartOf\":{\"@id\":\"https:\/\/sulin.ee\/en\/#website\"},\"primaryImageOfPage\":{\"@id\":\"https:\/\/sulin.ee\/en\/toode\/mitmeotstarbeline-komplekt-dinosauruste-maailm\/#primaryimage\"},\"image\":{\"@id\":\"https:\/\/sulin.ee\/en\/toode\/mitmeotstarbeline-komplekt-dinosauruste-maailm\/#primaryimage\"},\"thumbnailUrl\":\"https:\/\/sulin.ee\/wp-content\/uploads\/2024\/11\/9300-DJ09331-multi-activity-kits-the-world-of-dinosaurs.jpg\",\"datePublished\":\"2024-11-17T15:13:03+00:00\",\"dateModified\":\"2025-09-07T21:41:08+00:00\",\"description\":\"Mitmeotstarbeline komplekt \\\"Dinosauruste maailm\\\" pakub lastele v\u00f5imalust sukelduda dinosauruste ajastusse l\u00e4bi kuue erineva meisterdamistegevuse.\",\"breadcrumb\":{\"@id\":\"https:\/\/sulin.ee\/en\/toode\/mitmeotstarbeline-komplekt-dinosauruste-maailm\/#breadcrumb\"},\"inLanguage\":\"en-US\",\"potentialAction\":[{\"@type\":\"ReadAction\",\"target\":[\"https:\/\/sulin.ee\/en\/toode\/mitmeotstarbeline-komplekt-dinosauruste-maailm\/\"]}]},{\"@type\":\"ImageObject\",\"inLanguage\":\"en-US\",\"@id\":\"https:\/\/sulin.ee\/en\/toode\/mitmeotstarbeline-komplekt-dinosauruste-maailm\/#primaryimage\",\"url\":\"https:\/\/sulin.ee\/wp-content\/uploads\/2024\/11\/9300-DJ09331-multi-activity-kits-the-world-of-dinosaurs.jpg\",\"contentUrl\":\"https:\/\/sulin.ee\/wp-content\/uploads\/2024\/11\/9300-DJ09331-multi-activity-kits-the-world-of-dinosaurs.jpg\",\"width\":600,\"height\":600,\"caption\":\"Mitmeotstarbeline komplekt \\\"Dinosauruste maailm\\\"\"},{\"@type\":\"BreadcrumbList\",\"@id\":\"https:\/\/sulin.ee\/en\/toode\/mitmeotstarbeline-komplekt-dinosauruste-maailm\/#breadcrumb\",\"itemListElement\":[{\"@type\":\"ListItem\",\"position\":1,\"name\":\"Home\",\"item\":\"https:\/\/sulin.ee\/en\/\"},{\"@type\":\"ListItem\",\"position\":2,\"name\":\"Sulin.ee e-pood\",\"item\":\"https:\/\/sulin.ee\/shop\/\"},{\"@type\":\"ListItem\",\"position\":3,\"name\":\"Mitmeotstarbeline komplekt &#8220;Dinosauruste maailm&#8221;\"}]},{\"@type\":\"WebSite\",\"@id\":\"https:\/\/sulin.ee\/en\/#website\",\"url\":\"https:\/\/sulin.ee\/en\/\",\"name\":\"sulin.ee\",\"description\":\"\",\"publisher\":{\"@id\":\"https:\/\/sulin.ee\/en\/#organization\"},\"potentialAction\":[{\"@type\":\"SearchAction\",\"target\":{\"@type\":\"EntryPoint\",\"urlTemplate\":\"https:\/\/sulin.ee\/en\/?s={search_term_string}\"},\"query-input\":{\"@type\":\"PropertyValueSpecification\",\"valueRequired\":true,\"valueName\":\"search_term_string\"}}],\"inLanguage\":\"en-US\"},{\"@type\":\"Organization\",\"@id\":\"https:\/\/sulin.ee\/en\/#organization\",\"name\":\"SULIN TRADE O\u00dc\",\"url\":\"https:\/\/sulin.ee\/en\/\",\"logo\":{\"@type\":\"ImageObject\",\"inLanguage\":\"en-US\",\"@id\":\"https:\/\/sulin.ee\/en\/#\/schema\/logo\/image\/\",\"url\":\"https:\/\/sulin.ee\/wp-content\/uploads\/2022\/11\/sulin-logo.png\",\"contentUrl\":\"https:\/\/sulin.ee\/wp-content\/uploads\/2022\/11\/sulin-logo.png\",\"width\":871,\"height\":321,\"caption\":\"SULIN TRADE O\u00dc\"},\"image\":{\"@id\":\"https:\/\/sulin.ee\/en\/#\/schema\/logo\/image\/\"},\"sameAs\":[\"https:\/\/www.facebook.com\/www.sulin.ee\/\",\"https:\/\/www.instagram.com\/sulintrade\/\"]}]}<\/script>\n<!-- \/ Yoast SEO plugin. -->","yoast_head_json":{"title":"Mitmeotstarbeline komplekt \"Dinosauruste maailm\" - sulin.ee","description":"Mitmeotstarbeline komplekt \"Dinosauruste maailm\" pakub lastele v\u00f5imalust sukelduda dinosauruste ajastusse l\u00e4bi kuue erineva meisterdamistegevuse.","robots":{"index":"index","follow":"follow","max-snippet":"max-snippet:-1","max-image-preview":"max-image-preview:large","max-video-preview":"max-video-preview:-1"},"canonical":"https:\/\/sulin.ee\/en\/toode\/mitmeotstarbeline-komplekt-dinosauruste-maailm\/","og_locale":"en_US","og_type":"article","og_title":"Mitmeotstarbeline komplekt \"Dinosauruste maailm\" - sulin.ee","og_description":"Mitmeotstarbeline komplekt \"Dinosauruste maailm\" pakub lastele v\u00f5imalust sukelduda dinosauruste ajastusse l\u00e4bi kuue erineva meisterdamistegevuse.","og_url":"https:\/\/sulin.ee\/en\/toode\/mitmeotstarbeline-komplekt-dinosauruste-maailm\/","og_site_name":"sulin.ee","article_publisher":"https:\/\/www.facebook.com\/www.sulin.ee\/","article_modified_time":"2025-09-07T21:41:08+00:00","og_image":[{"width":600,"height":600,"url":"https:\/\/sulin.ee\/wp-content\/uploads\/2024\/11\/9300-DJ09331-multi-activity-kits-the-world-of-dinosaurs.jpg","type":"image\/jpeg"}],"twitter_card":"summary_large_image","twitter_misc":{"Est. reading time":"1 minute"},"schema":{"@context":"https:\/\/schema.org","@graph":[{"@type":"WebPage","@id":"https:\/\/sulin.ee\/en\/toode\/mitmeotstarbeline-komplekt-dinosauruste-maailm\/","url":"https:\/\/sulin.ee\/en\/toode\/mitmeotstarbeline-komplekt-dinosauruste-maailm\/","name":"Mitmeotstarbeline komplekt \"Dinosauruste maailm\" - sulin.ee","isPartOf":{"@id":"https:\/\/sulin.ee\/en\/#website"},"primaryImageOfPage":{"@id":"https:\/\/sulin.ee\/en\/toode\/mitmeotstarbeline-komplekt-dinosauruste-maailm\/#primaryimage"},"image":{"@id":"https:\/\/sulin.ee\/en\/toode\/mitmeotstarbeline-komplekt-dinosauruste-maailm\/#primaryimage"},"thumbnailUrl":"https:\/\/sulin.ee\/wp-content\/uploads\/2024\/11\/9300-DJ09331-multi-activity-kits-the-world-of-dinosaurs.jpg","datePublished":"2024-11-17T15:13:03+00:00","dateModified":"2025-09-07T21:41:08+00:00","description":"Mitmeotstarbeline komplekt \"Dinosauruste maailm\" pakub lastele v\u00f5imalust sukelduda dinosauruste ajastusse l\u00e4bi kuue erineva meisterdamistegevuse.","breadcrumb":{"@id":"https:\/\/sulin.ee\/en\/toode\/mitmeotstarbeline-komplekt-dinosauruste-maailm\/#breadcrumb"},"inLanguage":"en-US","potentialAction":[{"@type":"ReadAction","target":["https:\/\/sulin.ee\/en\/toode\/mitmeotstarbeline-komplekt-dinosauruste-maailm\/"]}]},{"@type":"ImageObject","inLanguage":"en-US","@id":"https:\/\/sulin.ee\/en\/toode\/mitmeotstarbeline-komplekt-dinosauruste-maailm\/#primaryimage","url":"https:\/\/sulin.ee\/wp-content\/uploads\/2024\/11\/9300-DJ09331-multi-activity-kits-the-world-of-dinosaurs.jpg","contentUrl":"https:\/\/sulin.ee\/wp-content\/uploads\/2024\/11\/9300-DJ09331-multi-activity-kits-the-world-of-dinosaurs.jpg","width":600,"height":600,"caption":"Mitmeotstarbeline komplekt \"Dinosauruste maailm\""},{"@type":"BreadcrumbList","@id":"https:\/\/sulin.ee\/en\/toode\/mitmeotstarbeline-komplekt-dinosauruste-maailm\/#breadcrumb","itemListElement":[{"@type":"ListItem","position":1,"name":"Home","item":"https:\/\/sulin.ee\/en\/"},{"@type":"ListItem","position":2,"name":"Sulin.ee e-pood","item":"https:\/\/sulin.ee\/shop\/"},{"@type":"ListItem","position":3,"name":"Mitmeotstarbeline komplekt &#8220;Dinosauruste maailm&#8221;"}]},{"@type":"WebSite","@id":"https:\/\/sulin.ee\/en\/#website","url":"https:\/\/sulin.ee\/en\/","name":"sulin.ee","description":"","publisher":{"@id":"https:\/\/sulin.ee\/en\/#organization"},"potentialAction":[{"@type":"SearchAction","target":{"@type":"EntryPoint","urlTemplate":"https:\/\/sulin.ee\/en\/?s={search_term_string}"},"query-input":{"@type":"PropertyValueSpecification","valueRequired":true,"valueName":"search_term_string"}}],"inLanguage":"en-US"},{"@type":"Organization","@id":"https:\/\/sulin.ee\/en\/#organization","name":"SULIN TRADE O\u00dc","url":"https:\/\/sulin.ee\/en\/","logo":{"@type":"ImageObject","inLanguage":"en-US","@id":"https:\/\/sulin.ee\/en\/#\/schema\/logo\/image\/","url":"https:\/\/sulin.ee\/wp-content\/uploads\/2022\/11\/sulin-logo.png","contentUrl":"https:\/\/sulin.ee\/wp-content\/uploads\/2022\/11\/sulin-logo.png","width":871,"height":321,"caption":"SULIN TRADE O\u00dc"},"image":{"@id":"https:\/\/sulin.ee\/en\/#\/schema\/logo\/image\/"},"sameAs":["https:\/\/www.facebook.com\/www.sulin.ee\/","https:\/\/www.instagram.com\/sulintrade\/"]}]}},"builder_content":"","_links":{"self":[{"href":"https:\/\/sulin.ee\/en\/wp-json\/wp\/v2\/product\/24007","targetHints":{"allow":["GET"]}}],"collection":[{"href":"https:\/\/sulin.ee\/en\/wp-json\/wp\/v2\/product"}],"about":[{"href":"https:\/\/sulin.ee\/en\/wp-json\/wp\/v2\/types\/product"}],"replies":[{"embeddable":true,"href":"https:\/\/sulin.ee\/en\/wp-json\/wp\/v2\/comments?post=24007"}],"wp:featuredmedia":[{"embeddable":true,"href":"https:\/\/sulin.ee\/en\/wp-json\/wp\/v2\/media\/24017"}],"wp:attachment":[{"href":"https:\/\/sulin.ee\/en\/wp-json\/wp\/v2\/media?parent=24007"}],"wp:term":[{"taxonomy":"product_brand","embeddable":true,"href":"https:\/\/sulin.ee\/en\/wp-json\/wp\/v2\/product_brand?post=24007"},{"taxonomy":"product_cat","embeddable":true,"href":"https:\/\/sulin.ee\/en\/wp-json\/wp\/v2\/product_cat?post=24007"},{"taxonomy":"product_tag","embeddable":true,"href":"https:\/\/sulin.ee\/en\/wp-json\/wp\/v2\/product_tag?post=24007"}],"curies":[{"name":"wp","href":"https:\/\/api.w.org\/{rel}","templated":true}]}}