{"id":23947,"date":"2024-11-17T13:58:50","date_gmt":"2024-11-17T13:58:50","guid":{"rendered":"https:\/\/sulin.ee\/?post_type=product&#038;p=23947"},"modified":"2025-09-07T21:41:09","modified_gmt":"2025-09-07T21:41:09","slug":"siluettpusle-kosmoselaev","status":"publish","type":"product","link":"https:\/\/sulin.ee\/en\/toode\/siluettpusle-kosmoselaev\/","title":{"rendered":"Siluettpusle &#8220;Kosmoselaev&#8221;"},"content":{"rendered":"<p><strong>Siluettpusle &#8220;Kosmoselaev&#8221; \u2013 lustlik seiklus t\u00e4htede poole!<\/strong><\/p>\n<p>Astuge pardale ja alustage kosmosereisi koos selle kaunilt illustreeritud ja l\u00f5busa puslega! <strong><a href=\"https:\/\/www.djeco.com\/en\" target=\"_blank\" rel=\"noopener\">Djeco<\/a> siluettpusle &#8220;Kosmoselaev&#8221;<\/strong> pakub m\u00e4ngulist v\u00e4ljakutset ja loovat l\u00f5bu v\u00e4ikestele avastajatele. Pusle on pakitud ainulaadselt kujundatud siluettkarpi, mis toimib ka stiilse dekoratsioonina lapse toas. Suured ja kergesti k\u00e4sitsetavad t\u00fckid muudavad selle ideaalseks v\u00e4ikestele k\u00e4tele ning kvaliteetne disain v\u00f5imaldab puslet korduvalt kokku panna.<\/p>\n<p>Valmis pildi suurus on 25 x 25 cm, pakkudes p\u00f5nevat l\u00f5bu lastele alates 3. eluaastast.<\/p>\n<p><strong>Hoiatus! Ei sobi alla 3-aastastele lastele v\u00e4ikeste osade t\u00f5ttu, mis v\u00f5ivad p\u00f5hjustada l\u00e4mbumisohu.<\/strong><\/p>\n<p>See pusle on suurep\u00e4rane kingiidee ja ideaalne v\u00f5imalus sukelduda kosmosev\u00f5ludesse!<\/p>\n<p>Avasta ka meie teised <a href=\"https:\/\/sulin.ee\/tootekategooria\/mangimine\/pusled\/\" target=\"_blank\" rel=\"noopener\"><strong>loovad ja l\u00f5busad pusled<\/strong><\/a>, mis pakuvad tundideks m\u00e4ngulusti ja uusi avastusi!<\/p>\n","protected":false},"excerpt":{"rendered":"<p><strong>Siluettpusle &#8220;Kosmoselaev&#8221; kutsub lapsi p\u00f5nevale seiklusele kosmosesse! Suurte, lihtsasti k\u00e4sitsetavate t\u00fckkide ja dekoratiivse siluettkarbiga on see ideaalne valik loovaks ja korduvaks m\u00e4nguks lastele alates 3. eluaastast.<\/strong><\/p>\n","protected":false},"featured_media":23957,"comment_status":"open","ping_status":"closed","template":"","meta":[],"product_brand":[],"product_cat":[110,1162,1165,1166,925,928],"product_tag":[],"class_list":{"0":"post-23947","1":"product","2":"type-product","3":"status-publish","4":"has-post-thumbnail","6":"product_cat-mangimine","7":"product_cat-kingituseks","8":"product_cat-3-5-aastat","9":"product_cat-6-8-aastat","10":"product_cat-pusled","11":"product_cat-djeco","12":"has-post-title","13":"has-post-date","14":"has-post-category","15":"has-post-tag","16":"has-post-comment","17":"has-post-author","18":"","20":"first","21":"instock","22":"sale","23":"taxable","24":"shipping-taxable","25":"purchasable","26":"product-type-simple"},"yoast_head":"<!-- This site is optimized with the Yoast SEO plugin v26.8 - https:\/\/yoast.com\/product\/yoast-seo-wordpress\/ -->\n<title>Siluettpusle &quot;Kosmoselaev&quot; - sulin.ee<\/title>\n<meta name=\"description\" content=\"Siluettpusle &quot;Kosmoselaev&quot; kutsub lapsi p\u00f5nevale seiklusele kosmosesse! Ideaalne valik loovaks ja korduvaks m\u00e4nguks lastele alates 3. eluaastast.\" \/>\n<meta name=\"robots\" content=\"index, follow, max-snippet:-1, max-image-preview:large, max-video-preview:-1\" \/>\n<link rel=\"canonical\" href=\"https:\/\/sulin.ee\/en\/toode\/siluettpusle-kosmoselaev\/\" \/>\n<meta property=\"og:locale\" content=\"en_US\" \/>\n<meta property=\"og:type\" content=\"article\" \/>\n<meta property=\"og:title\" content=\"Siluettpusle &quot;Kosmoselaev&quot; - sulin.ee\" \/>\n<meta property=\"og:description\" content=\"Siluettpusle &quot;Kosmoselaev&quot; kutsub lapsi p\u00f5nevale seiklusele kosmosesse! Ideaalne valik loovaks ja korduvaks m\u00e4nguks lastele alates 3. eluaastast.\" \/>\n<meta property=\"og:url\" content=\"https:\/\/sulin.ee\/en\/toode\/siluettpusle-kosmoselaev\/\" \/>\n<meta property=\"og:site_name\" content=\"sulin.ee\" \/>\n<meta property=\"article:publisher\" content=\"https:\/\/www.facebook.com\/www.sulin.ee\/\" \/>\n<meta property=\"article:modified_time\" content=\"2025-09-07T21:41:09+00:00\" \/>\n<meta property=\"og:image\" content=\"https:\/\/sulin.ee\/wp-content\/uploads\/2024\/11\/9131-DJ07271-silhouette-puzzles-spaceship-16-pcs-5.jpg\" \/>\n\t<meta property=\"og:image:width\" content=\"600\" \/>\n\t<meta property=\"og:image:height\" content=\"600\" \/>\n\t<meta property=\"og:image:type\" content=\"image\/jpeg\" \/>\n<meta name=\"twitter:card\" content=\"summary_large_image\" \/>\n<meta name=\"twitter:label1\" content=\"Est. reading time\" \/>\n\t<meta name=\"twitter:data1\" content=\"1 minute\" \/>\n<script type=\"application\/ld+json\" class=\"yoast-schema-graph\">{\"@context\":\"https:\/\/schema.org\",\"@graph\":[{\"@type\":\"WebPage\",\"@id\":\"https:\/\/sulin.ee\/en\/toode\/siluettpusle-kosmoselaev\/\",\"url\":\"https:\/\/sulin.ee\/en\/toode\/siluettpusle-kosmoselaev\/\",\"name\":\"Siluettpusle \\\"Kosmoselaev\\\" - sulin.ee\",\"isPartOf\":{\"@id\":\"https:\/\/sulin.ee\/en\/#website\"},\"primaryImageOfPage\":{\"@id\":\"https:\/\/sulin.ee\/en\/toode\/siluettpusle-kosmoselaev\/#primaryimage\"},\"image\":{\"@id\":\"https:\/\/sulin.ee\/en\/toode\/siluettpusle-kosmoselaev\/#primaryimage\"},\"thumbnailUrl\":\"https:\/\/sulin.ee\/wp-content\/uploads\/2024\/11\/9131-DJ07271-silhouette-puzzles-spaceship-16-pcs-5.jpg\",\"datePublished\":\"2024-11-17T13:58:50+00:00\",\"dateModified\":\"2025-09-07T21:41:09+00:00\",\"description\":\"Siluettpusle \\\"Kosmoselaev\\\" kutsub lapsi p\u00f5nevale seiklusele kosmosesse! Ideaalne valik loovaks ja korduvaks m\u00e4nguks lastele alates 3. eluaastast.\",\"breadcrumb\":{\"@id\":\"https:\/\/sulin.ee\/en\/toode\/siluettpusle-kosmoselaev\/#breadcrumb\"},\"inLanguage\":\"en-US\",\"potentialAction\":[{\"@type\":\"ReadAction\",\"target\":[\"https:\/\/sulin.ee\/en\/toode\/siluettpusle-kosmoselaev\/\"]}]},{\"@type\":\"ImageObject\",\"inLanguage\":\"en-US\",\"@id\":\"https:\/\/sulin.ee\/en\/toode\/siluettpusle-kosmoselaev\/#primaryimage\",\"url\":\"https:\/\/sulin.ee\/wp-content\/uploads\/2024\/11\/9131-DJ07271-silhouette-puzzles-spaceship-16-pcs-5.jpg\",\"contentUrl\":\"https:\/\/sulin.ee\/wp-content\/uploads\/2024\/11\/9131-DJ07271-silhouette-puzzles-spaceship-16-pcs-5.jpg\",\"width\":600,\"height\":600,\"caption\":\"Siluettpusle \\\"Kosmoselaev\\\"\"},{\"@type\":\"BreadcrumbList\",\"@id\":\"https:\/\/sulin.ee\/en\/toode\/siluettpusle-kosmoselaev\/#breadcrumb\",\"itemListElement\":[{\"@type\":\"ListItem\",\"position\":1,\"name\":\"Home\",\"item\":\"https:\/\/sulin.ee\/en\/\"},{\"@type\":\"ListItem\",\"position\":2,\"name\":\"Sulin.ee e-pood\",\"item\":\"https:\/\/sulin.ee\/shop\/\"},{\"@type\":\"ListItem\",\"position\":3,\"name\":\"Siluettpusle &#8220;Kosmoselaev&#8221;\"}]},{\"@type\":\"WebSite\",\"@id\":\"https:\/\/sulin.ee\/en\/#website\",\"url\":\"https:\/\/sulin.ee\/en\/\",\"name\":\"sulin.ee\",\"description\":\"\",\"publisher\":{\"@id\":\"https:\/\/sulin.ee\/en\/#organization\"},\"potentialAction\":[{\"@type\":\"SearchAction\",\"target\":{\"@type\":\"EntryPoint\",\"urlTemplate\":\"https:\/\/sulin.ee\/en\/?s={search_term_string}\"},\"query-input\":{\"@type\":\"PropertyValueSpecification\",\"valueRequired\":true,\"valueName\":\"search_term_string\"}}],\"inLanguage\":\"en-US\"},{\"@type\":\"Organization\",\"@id\":\"https:\/\/sulin.ee\/en\/#organization\",\"name\":\"SULIN TRADE O\u00dc\",\"url\":\"https:\/\/sulin.ee\/en\/\",\"logo\":{\"@type\":\"ImageObject\",\"inLanguage\":\"en-US\",\"@id\":\"https:\/\/sulin.ee\/en\/#\/schema\/logo\/image\/\",\"url\":\"https:\/\/sulin.ee\/wp-content\/uploads\/2022\/11\/sulin-logo.png\",\"contentUrl\":\"https:\/\/sulin.ee\/wp-content\/uploads\/2022\/11\/sulin-logo.png\",\"width\":871,\"height\":321,\"caption\":\"SULIN TRADE O\u00dc\"},\"image\":{\"@id\":\"https:\/\/sulin.ee\/en\/#\/schema\/logo\/image\/\"},\"sameAs\":[\"https:\/\/www.facebook.com\/www.sulin.ee\/\",\"https:\/\/www.instagram.com\/sulintrade\/\"]}]}<\/script>\n<!-- \/ Yoast SEO plugin. -->","yoast_head_json":{"title":"Siluettpusle \"Kosmoselaev\" - sulin.ee","description":"Siluettpusle \"Kosmoselaev\" kutsub lapsi p\u00f5nevale seiklusele kosmosesse! Ideaalne valik loovaks ja korduvaks m\u00e4nguks lastele alates 3. eluaastast.","robots":{"index":"index","follow":"follow","max-snippet":"max-snippet:-1","max-image-preview":"max-image-preview:large","max-video-preview":"max-video-preview:-1"},"canonical":"https:\/\/sulin.ee\/en\/toode\/siluettpusle-kosmoselaev\/","og_locale":"en_US","og_type":"article","og_title":"Siluettpusle \"Kosmoselaev\" - sulin.ee","og_description":"Siluettpusle \"Kosmoselaev\" kutsub lapsi p\u00f5nevale seiklusele kosmosesse! Ideaalne valik loovaks ja korduvaks m\u00e4nguks lastele alates 3. eluaastast.","og_url":"https:\/\/sulin.ee\/en\/toode\/siluettpusle-kosmoselaev\/","og_site_name":"sulin.ee","article_publisher":"https:\/\/www.facebook.com\/www.sulin.ee\/","article_modified_time":"2025-09-07T21:41:09+00:00","og_image":[{"width":600,"height":600,"url":"https:\/\/sulin.ee\/wp-content\/uploads\/2024\/11\/9131-DJ07271-silhouette-puzzles-spaceship-16-pcs-5.jpg","type":"image\/jpeg"}],"twitter_card":"summary_large_image","twitter_misc":{"Est. reading time":"1 minute"},"schema":{"@context":"https:\/\/schema.org","@graph":[{"@type":"WebPage","@id":"https:\/\/sulin.ee\/en\/toode\/siluettpusle-kosmoselaev\/","url":"https:\/\/sulin.ee\/en\/toode\/siluettpusle-kosmoselaev\/","name":"Siluettpusle \"Kosmoselaev\" - sulin.ee","isPartOf":{"@id":"https:\/\/sulin.ee\/en\/#website"},"primaryImageOfPage":{"@id":"https:\/\/sulin.ee\/en\/toode\/siluettpusle-kosmoselaev\/#primaryimage"},"image":{"@id":"https:\/\/sulin.ee\/en\/toode\/siluettpusle-kosmoselaev\/#primaryimage"},"thumbnailUrl":"https:\/\/sulin.ee\/wp-content\/uploads\/2024\/11\/9131-DJ07271-silhouette-puzzles-spaceship-16-pcs-5.jpg","datePublished":"2024-11-17T13:58:50+00:00","dateModified":"2025-09-07T21:41:09+00:00","description":"Siluettpusle \"Kosmoselaev\" kutsub lapsi p\u00f5nevale seiklusele kosmosesse! Ideaalne valik loovaks ja korduvaks m\u00e4nguks lastele alates 3. eluaastast.","breadcrumb":{"@id":"https:\/\/sulin.ee\/en\/toode\/siluettpusle-kosmoselaev\/#breadcrumb"},"inLanguage":"en-US","potentialAction":[{"@type":"ReadAction","target":["https:\/\/sulin.ee\/en\/toode\/siluettpusle-kosmoselaev\/"]}]},{"@type":"ImageObject","inLanguage":"en-US","@id":"https:\/\/sulin.ee\/en\/toode\/siluettpusle-kosmoselaev\/#primaryimage","url":"https:\/\/sulin.ee\/wp-content\/uploads\/2024\/11\/9131-DJ07271-silhouette-puzzles-spaceship-16-pcs-5.jpg","contentUrl":"https:\/\/sulin.ee\/wp-content\/uploads\/2024\/11\/9131-DJ07271-silhouette-puzzles-spaceship-16-pcs-5.jpg","width":600,"height":600,"caption":"Siluettpusle \"Kosmoselaev\""},{"@type":"BreadcrumbList","@id":"https:\/\/sulin.ee\/en\/toode\/siluettpusle-kosmoselaev\/#breadcrumb","itemListElement":[{"@type":"ListItem","position":1,"name":"Home","item":"https:\/\/sulin.ee\/en\/"},{"@type":"ListItem","position":2,"name":"Sulin.ee e-pood","item":"https:\/\/sulin.ee\/shop\/"},{"@type":"ListItem","position":3,"name":"Siluettpusle &#8220;Kosmoselaev&#8221;"}]},{"@type":"WebSite","@id":"https:\/\/sulin.ee\/en\/#website","url":"https:\/\/sulin.ee\/en\/","name":"sulin.ee","description":"","publisher":{"@id":"https:\/\/sulin.ee\/en\/#organization"},"potentialAction":[{"@type":"SearchAction","target":{"@type":"EntryPoint","urlTemplate":"https:\/\/sulin.ee\/en\/?s={search_term_string}"},"query-input":{"@type":"PropertyValueSpecification","valueRequired":true,"valueName":"search_term_string"}}],"inLanguage":"en-US"},{"@type":"Organization","@id":"https:\/\/sulin.ee\/en\/#organization","name":"SULIN TRADE O\u00dc","url":"https:\/\/sulin.ee\/en\/","logo":{"@type":"ImageObject","inLanguage":"en-US","@id":"https:\/\/sulin.ee\/en\/#\/schema\/logo\/image\/","url":"https:\/\/sulin.ee\/wp-content\/uploads\/2022\/11\/sulin-logo.png","contentUrl":"https:\/\/sulin.ee\/wp-content\/uploads\/2022\/11\/sulin-logo.png","width":871,"height":321,"caption":"SULIN TRADE O\u00dc"},"image":{"@id":"https:\/\/sulin.ee\/en\/#\/schema\/logo\/image\/"},"sameAs":["https:\/\/www.facebook.com\/www.sulin.ee\/","https:\/\/www.instagram.com\/sulintrade\/"]}]}},"builder_content":"","_links":{"self":[{"href":"https:\/\/sulin.ee\/en\/wp-json\/wp\/v2\/product\/23947","targetHints":{"allow":["GET"]}}],"collection":[{"href":"https:\/\/sulin.ee\/en\/wp-json\/wp\/v2\/product"}],"about":[{"href":"https:\/\/sulin.ee\/en\/wp-json\/wp\/v2\/types\/product"}],"replies":[{"embeddable":true,"href":"https:\/\/sulin.ee\/en\/wp-json\/wp\/v2\/comments?post=23947"}],"wp:featuredmedia":[{"embeddable":true,"href":"https:\/\/sulin.ee\/en\/wp-json\/wp\/v2\/media\/23957"}],"wp:attachment":[{"href":"https:\/\/sulin.ee\/en\/wp-json\/wp\/v2\/media?parent=23947"}],"wp:term":[{"taxonomy":"product_brand","embeddable":true,"href":"https:\/\/sulin.ee\/en\/wp-json\/wp\/v2\/product_brand?post=23947"},{"taxonomy":"product_cat","embeddable":true,"href":"https:\/\/sulin.ee\/en\/wp-json\/wp\/v2\/product_cat?post=23947"},{"taxonomy":"product_tag","embeddable":true,"href":"https:\/\/sulin.ee\/en\/wp-json\/wp\/v2\/product_tag?post=23947"}],"curies":[{"name":"wp","href":"https:\/\/api.w.org\/{rel}","templated":true}]}}