{"id":23575,"date":"2024-11-10T16:48:48","date_gmt":"2024-11-10T16:48:48","guid":{"rendered":"https:\/\/sulin.ee\/?post_type=product&#038;p=23575"},"modified":"2026-01-18T18:54:41","modified_gmt":"2026-01-18T18:54:41","slug":"petit-monkey-roostevabast-terasest-joogipudel-korrega-350ml","status":"publish","type":"product","link":"https:\/\/sulin.ee\/en\/toode\/petit-monkey-roostevabast-terasest-joogipudel-korrega-350ml\/","title":{"rendered":"Petit Monkey roostevabast terasest joogipudel k\u00f5rrega, 350ml"},"content":{"rendered":"<p><strong>Petit Monkey roostevabast terasest joogipudel k\u00f5rrega<\/strong>\u00a0on ideaalne kaaslane, et hoida joogid k\u00fclmana \u00fcle 12 tunni!<\/p>\n<p>Pudel mahutab 350 ml vedelikku ja on valmistatud <strong>k\u00f5rgekvaliteetsest toiduklassi kahekihilisest roostevabast terasest<\/strong>, mis tagab pikaealisuse ja ohutuse.<\/p>\n<p><a href=\"https:\/\/petitmonkey.com\/\" target=\"_blank\" rel=\"noopener\">Petit Monkey <\/a>roostevabast terasest joogipudel k\u00f5rrega <strong>on m\u00fcrgivaba, BPA-vaba, plii- ja ftalaadivaba<\/strong> \u2013 loodud pakkuma turvalist joogikogemust nii lastele kui t\u00e4iskasvanutele. Pudeli disainis on <strong>praktiline sisseehitatud k\u00f5rs<\/strong>, mis teeb joomise lihtsaks ja mugavaks, eriti liikvel olles. Lisaks on pudelil TPR-st flip-kate \u2013 elastne ja vastupidav detail, mis kaitseb k\u00f5rt, hoides seda puhtana ja joogivalmis igal hetkel.<\/p>\n<p>Kaunistatud Suzy Ultmani loodud pandamustritega, lisab see pudel l\u00f5busat stiili igap\u00e4evasele veetarbimisele. <strong>Lihtne puhastada<\/strong>, kuigi soovitame tr\u00fckitud kujunduse pikaealisuse s\u00e4ilitamiseks k\u00e4sipesu.<\/p>\n<p>Vaata veel lastele m\u00f5eldud joogipudeleid <a href=\"https:\/\/sulin.ee\/tootekategooria\/lapsele\/soomine\/joogipudelid-lastele\/\" target=\"_blank\" rel=\"noopener\">siit.<\/a><\/p>\n","protected":false},"excerpt":{"rendered":"<p><strong>Kerge roostevabast terasest joogipudel hoiab joogid k\u00fclmana \u00fcle 12 tunni ja mahutab 350 ml.\u00a0<\/strong><\/p>\n","protected":false},"featured_media":23577,"comment_status":"open","ping_status":"closed","template":"","meta":[],"product_brand":[],"product_cat":[1164,1165,1166,20,66,929,1162,43,1126,171],"product_tag":[],"class_list":{"0":"post-23575","1":"product","2":"type-product","3":"status-publish","4":"has-post-thumbnail","6":"product_cat-1-3-aastat","7":"product_cat-3-5-aastat","8":"product_cat-6-8-aastat","9":"product_cat-elustiil","10":"product_cat-joogipudelid","11":"product_cat-joogipudelid-lastele","12":"product_cat-kingituseks","13":"product_cat-lastele","14":"product_cat-petit-monkey","15":"product_cat-soomine","16":"has-post-title","17":"has-post-date","18":"has-post-category","19":"has-post-tag","20":"has-post-comment","21":"has-post-author","22":"","24":"first","25":"instock","26":"sale","27":"taxable","28":"shipping-taxable","29":"purchasable","30":"product-type-simple"},"yoast_head":"<!-- This site is optimized with the Yoast SEO plugin v27.6 - https:\/\/yoast.com\/product\/yoast-seo-wordpress\/ -->\n<title>Petit Monkey roostevabast terasest joogipudel k\u00f5rrega, 350ml - sulin.ee<\/title>\n<meta name=\"description\" content=\"Petit Monkey roostevabast terasest joogipudel k\u00f5rrega\u00a0on ideaalne kaaslane, et hoida joogid k\u00fclmana \u00fcle 12 tunni!\" \/>\n<meta name=\"robots\" content=\"index, follow, max-snippet:-1, max-image-preview:large, max-video-preview:-1\" \/>\n<link rel=\"canonical\" href=\"https:\/\/sulin.ee\/en\/toode\/petit-monkey-roostevabast-terasest-joogipudel-korrega-350ml\/\" \/>\n<meta property=\"og:locale\" content=\"en_US\" \/>\n<meta property=\"og:type\" content=\"article\" \/>\n<meta property=\"og:title\" content=\"Petit Monkey roostevabast terasest joogipudel k\u00f5rrega, 350ml - sulin.ee\" \/>\n<meta property=\"og:description\" content=\"Petit Monkey roostevabast terasest joogipudel k\u00f5rrega\u00a0on ideaalne kaaslane, et hoida joogid k\u00fclmana \u00fcle 12 tunni!\" \/>\n<meta property=\"og:url\" content=\"https:\/\/sulin.ee\/en\/toode\/petit-monkey-roostevabast-terasest-joogipudel-korrega-350ml\/\" \/>\n<meta property=\"og:site_name\" content=\"sulin.ee\" \/>\n<meta property=\"article:publisher\" content=\"https:\/\/www.facebook.com\/www.sulin.ee\/\" \/>\n<meta property=\"article:modified_time\" content=\"2026-01-18T18:54:41+00:00\" \/>\n<meta property=\"og:image\" content=\"https:\/\/sulin.ee\/wp-content\/uploads\/2024\/11\/1-3.png\" \/>\n\t<meta property=\"og:image:width\" content=\"1080\" \/>\n\t<meta property=\"og:image:height\" content=\"1080\" \/>\n\t<meta property=\"og:image:type\" content=\"image\/png\" \/>\n<meta name=\"twitter:card\" content=\"summary_large_image\" \/>\n<meta name=\"twitter:label1\" content=\"Est. reading time\" \/>\n\t<meta name=\"twitter:data1\" content=\"1 minute\" \/>\n<script type=\"application\/ld+json\" class=\"yoast-schema-graph\">{\"@context\":\"https:\\\/\\\/schema.org\",\"@graph\":[{\"@type\":\"WebPage\",\"@id\":\"https:\\\/\\\/sulin.ee\\\/en\\\/toode\\\/petit-monkey-roostevabast-terasest-joogipudel-korrega-350ml\\\/\",\"url\":\"https:\\\/\\\/sulin.ee\\\/en\\\/toode\\\/petit-monkey-roostevabast-terasest-joogipudel-korrega-350ml\\\/\",\"name\":\"Petit Monkey roostevabast terasest joogipudel k\u00f5rrega, 350ml - sulin.ee\",\"isPartOf\":{\"@id\":\"https:\\\/\\\/sulin.ee\\\/en\\\/#website\"},\"primaryImageOfPage\":{\"@id\":\"https:\\\/\\\/sulin.ee\\\/en\\\/toode\\\/petit-monkey-roostevabast-terasest-joogipudel-korrega-350ml\\\/#primaryimage\"},\"image\":{\"@id\":\"https:\\\/\\\/sulin.ee\\\/en\\\/toode\\\/petit-monkey-roostevabast-terasest-joogipudel-korrega-350ml\\\/#primaryimage\"},\"thumbnailUrl\":\"https:\\\/\\\/sulin.ee\\\/wp-content\\\/uploads\\\/2024\\\/11\\\/1-3.png\",\"datePublished\":\"2024-11-10T16:48:48+00:00\",\"dateModified\":\"2026-01-18T18:54:41+00:00\",\"description\":\"Petit Monkey roostevabast terasest joogipudel k\u00f5rrega\u00a0on ideaalne kaaslane, et hoida joogid k\u00fclmana \u00fcle 12 tunni!\",\"breadcrumb\":{\"@id\":\"https:\\\/\\\/sulin.ee\\\/en\\\/toode\\\/petit-monkey-roostevabast-terasest-joogipudel-korrega-350ml\\\/#breadcrumb\"},\"inLanguage\":\"en-US\",\"potentialAction\":[{\"@type\":\"ReadAction\",\"target\":[\"https:\\\/\\\/sulin.ee\\\/en\\\/toode\\\/petit-monkey-roostevabast-terasest-joogipudel-korrega-350ml\\\/\"]}]},{\"@type\":\"ImageObject\",\"inLanguage\":\"en-US\",\"@id\":\"https:\\\/\\\/sulin.ee\\\/en\\\/toode\\\/petit-monkey-roostevabast-terasest-joogipudel-korrega-350ml\\\/#primaryimage\",\"url\":\"https:\\\/\\\/sulin.ee\\\/wp-content\\\/uploads\\\/2024\\\/11\\\/1-3.png\",\"contentUrl\":\"https:\\\/\\\/sulin.ee\\\/wp-content\\\/uploads\\\/2024\\\/11\\\/1-3.png\",\"width\":1080,\"height\":1080,\"caption\":\"Petit Monkey roostevabast terasest joogipudel k\u00f5rrega\"},{\"@type\":\"BreadcrumbList\",\"@id\":\"https:\\\/\\\/sulin.ee\\\/en\\\/toode\\\/petit-monkey-roostevabast-terasest-joogipudel-korrega-350ml\\\/#breadcrumb\",\"itemListElement\":[{\"@type\":\"ListItem\",\"position\":1,\"name\":\"Home\",\"item\":\"https:\\\/\\\/sulin.ee\\\/en\\\/\"},{\"@type\":\"ListItem\",\"position\":2,\"name\":\"Sulin.ee e-pood\",\"item\":\"https:\\\/\\\/sulin.ee\\\/shop\\\/\"},{\"@type\":\"ListItem\",\"position\":3,\"name\":\"Petit Monkey roostevabast terasest joogipudel k\u00f5rrega, 350ml\"}]},{\"@type\":\"WebSite\",\"@id\":\"https:\\\/\\\/sulin.ee\\\/en\\\/#website\",\"url\":\"https:\\\/\\\/sulin.ee\\\/en\\\/\",\"name\":\"sulin.ee\",\"description\":\"\",\"publisher\":{\"@id\":\"https:\\\/\\\/sulin.ee\\\/en\\\/#organization\"},\"potentialAction\":[{\"@type\":\"SearchAction\",\"target\":{\"@type\":\"EntryPoint\",\"urlTemplate\":\"https:\\\/\\\/sulin.ee\\\/en\\\/?s={search_term_string}\"},\"query-input\":{\"@type\":\"PropertyValueSpecification\",\"valueRequired\":true,\"valueName\":\"search_term_string\"}}],\"inLanguage\":\"en-US\"},{\"@type\":\"Organization\",\"@id\":\"https:\\\/\\\/sulin.ee\\\/en\\\/#organization\",\"name\":\"SULIN TRADE O\u00dc\",\"url\":\"https:\\\/\\\/sulin.ee\\\/en\\\/\",\"logo\":{\"@type\":\"ImageObject\",\"inLanguage\":\"en-US\",\"@id\":\"https:\\\/\\\/sulin.ee\\\/en\\\/#\\\/schema\\\/logo\\\/image\\\/\",\"url\":\"https:\\\/\\\/sulin.ee\\\/wp-content\\\/uploads\\\/2022\\\/11\\\/sulin-logo.png\",\"contentUrl\":\"https:\\\/\\\/sulin.ee\\\/wp-content\\\/uploads\\\/2022\\\/11\\\/sulin-logo.png\",\"width\":871,\"height\":321,\"caption\":\"SULIN TRADE O\u00dc\"},\"image\":{\"@id\":\"https:\\\/\\\/sulin.ee\\\/en\\\/#\\\/schema\\\/logo\\\/image\\\/\"},\"sameAs\":[\"https:\\\/\\\/www.facebook.com\\\/www.sulin.ee\\\/\",\"https:\\\/\\\/www.instagram.com\\\/sulintrade\\\/\"]}]}<\/script>\n<!-- \/ Yoast SEO plugin. -->","yoast_head_json":{"title":"Petit Monkey roostevabast terasest joogipudel k\u00f5rrega, 350ml - sulin.ee","description":"Petit Monkey roostevabast terasest joogipudel k\u00f5rrega\u00a0on ideaalne kaaslane, et hoida joogid k\u00fclmana \u00fcle 12 tunni!","robots":{"index":"index","follow":"follow","max-snippet":"max-snippet:-1","max-image-preview":"max-image-preview:large","max-video-preview":"max-video-preview:-1"},"canonical":"https:\/\/sulin.ee\/en\/toode\/petit-monkey-roostevabast-terasest-joogipudel-korrega-350ml\/","og_locale":"en_US","og_type":"article","og_title":"Petit Monkey roostevabast terasest joogipudel k\u00f5rrega, 350ml - sulin.ee","og_description":"Petit Monkey roostevabast terasest joogipudel k\u00f5rrega\u00a0on ideaalne kaaslane, et hoida joogid k\u00fclmana \u00fcle 12 tunni!","og_url":"https:\/\/sulin.ee\/en\/toode\/petit-monkey-roostevabast-terasest-joogipudel-korrega-350ml\/","og_site_name":"sulin.ee","article_publisher":"https:\/\/www.facebook.com\/www.sulin.ee\/","article_modified_time":"2026-01-18T18:54:41+00:00","og_image":[{"width":1080,"height":1080,"url":"https:\/\/sulin.ee\/wp-content\/uploads\/2024\/11\/1-3.png","type":"image\/png"}],"twitter_card":"summary_large_image","twitter_misc":{"Est. reading time":"1 minute"},"schema":{"@context":"https:\/\/schema.org","@graph":[{"@type":"WebPage","@id":"https:\/\/sulin.ee\/en\/toode\/petit-monkey-roostevabast-terasest-joogipudel-korrega-350ml\/","url":"https:\/\/sulin.ee\/en\/toode\/petit-monkey-roostevabast-terasest-joogipudel-korrega-350ml\/","name":"Petit Monkey roostevabast terasest joogipudel k\u00f5rrega, 350ml - sulin.ee","isPartOf":{"@id":"https:\/\/sulin.ee\/en\/#website"},"primaryImageOfPage":{"@id":"https:\/\/sulin.ee\/en\/toode\/petit-monkey-roostevabast-terasest-joogipudel-korrega-350ml\/#primaryimage"},"image":{"@id":"https:\/\/sulin.ee\/en\/toode\/petit-monkey-roostevabast-terasest-joogipudel-korrega-350ml\/#primaryimage"},"thumbnailUrl":"https:\/\/sulin.ee\/wp-content\/uploads\/2024\/11\/1-3.png","datePublished":"2024-11-10T16:48:48+00:00","dateModified":"2026-01-18T18:54:41+00:00","description":"Petit Monkey roostevabast terasest joogipudel k\u00f5rrega\u00a0on ideaalne kaaslane, et hoida joogid k\u00fclmana \u00fcle 12 tunni!","breadcrumb":{"@id":"https:\/\/sulin.ee\/en\/toode\/petit-monkey-roostevabast-terasest-joogipudel-korrega-350ml\/#breadcrumb"},"inLanguage":"en-US","potentialAction":[{"@type":"ReadAction","target":["https:\/\/sulin.ee\/en\/toode\/petit-monkey-roostevabast-terasest-joogipudel-korrega-350ml\/"]}]},{"@type":"ImageObject","inLanguage":"en-US","@id":"https:\/\/sulin.ee\/en\/toode\/petit-monkey-roostevabast-terasest-joogipudel-korrega-350ml\/#primaryimage","url":"https:\/\/sulin.ee\/wp-content\/uploads\/2024\/11\/1-3.png","contentUrl":"https:\/\/sulin.ee\/wp-content\/uploads\/2024\/11\/1-3.png","width":1080,"height":1080,"caption":"Petit Monkey roostevabast terasest joogipudel k\u00f5rrega"},{"@type":"BreadcrumbList","@id":"https:\/\/sulin.ee\/en\/toode\/petit-monkey-roostevabast-terasest-joogipudel-korrega-350ml\/#breadcrumb","itemListElement":[{"@type":"ListItem","position":1,"name":"Home","item":"https:\/\/sulin.ee\/en\/"},{"@type":"ListItem","position":2,"name":"Sulin.ee e-pood","item":"https:\/\/sulin.ee\/shop\/"},{"@type":"ListItem","position":3,"name":"Petit Monkey roostevabast terasest joogipudel k\u00f5rrega, 350ml"}]},{"@type":"WebSite","@id":"https:\/\/sulin.ee\/en\/#website","url":"https:\/\/sulin.ee\/en\/","name":"sulin.ee","description":"","publisher":{"@id":"https:\/\/sulin.ee\/en\/#organization"},"potentialAction":[{"@type":"SearchAction","target":{"@type":"EntryPoint","urlTemplate":"https:\/\/sulin.ee\/en\/?s={search_term_string}"},"query-input":{"@type":"PropertyValueSpecification","valueRequired":true,"valueName":"search_term_string"}}],"inLanguage":"en-US"},{"@type":"Organization","@id":"https:\/\/sulin.ee\/en\/#organization","name":"SULIN TRADE O\u00dc","url":"https:\/\/sulin.ee\/en\/","logo":{"@type":"ImageObject","inLanguage":"en-US","@id":"https:\/\/sulin.ee\/en\/#\/schema\/logo\/image\/","url":"https:\/\/sulin.ee\/wp-content\/uploads\/2022\/11\/sulin-logo.png","contentUrl":"https:\/\/sulin.ee\/wp-content\/uploads\/2022\/11\/sulin-logo.png","width":871,"height":321,"caption":"SULIN TRADE O\u00dc"},"image":{"@id":"https:\/\/sulin.ee\/en\/#\/schema\/logo\/image\/"},"sameAs":["https:\/\/www.facebook.com\/www.sulin.ee\/","https:\/\/www.instagram.com\/sulintrade\/"]}]}},"builder_content":"","_links":{"self":[{"href":"https:\/\/sulin.ee\/en\/wp-json\/wp\/v2\/product\/23575","targetHints":{"allow":["GET"]}}],"collection":[{"href":"https:\/\/sulin.ee\/en\/wp-json\/wp\/v2\/product"}],"about":[{"href":"https:\/\/sulin.ee\/en\/wp-json\/wp\/v2\/types\/product"}],"replies":[{"embeddable":true,"href":"https:\/\/sulin.ee\/en\/wp-json\/wp\/v2\/comments?post=23575"}],"wp:featuredmedia":[{"embeddable":true,"href":"https:\/\/sulin.ee\/en\/wp-json\/wp\/v2\/media\/23577"}],"wp:attachment":[{"href":"https:\/\/sulin.ee\/en\/wp-json\/wp\/v2\/media?parent=23575"}],"wp:term":[{"taxonomy":"product_brand","embeddable":true,"href":"https:\/\/sulin.ee\/en\/wp-json\/wp\/v2\/product_brand?post=23575"},{"taxonomy":"product_cat","embeddable":true,"href":"https:\/\/sulin.ee\/en\/wp-json\/wp\/v2\/product_cat?post=23575"},{"taxonomy":"product_tag","embeddable":true,"href":"https:\/\/sulin.ee\/en\/wp-json\/wp\/v2\/product_tag?post=23575"}],"curies":[{"name":"wp","href":"https:\/\/api.w.org\/{rel}","templated":true}]}}