{"id":23486,"date":"2024-11-07T10:59:57","date_gmt":"2024-11-07T10:59:57","guid":{"rendered":"https:\/\/sulin.ee\/?post_type=product&#038;p=23486"},"modified":"2025-09-09T11:07:44","modified_gmt":"2025-09-09T11:07:44","slug":"jouluvurr","status":"publish","type":"product","link":"https:\/\/sulin.ee\/en\/toode\/jouluvurr\/","title":{"rendered":"J\u00f5uluvurr"},"content":{"rendered":"<p><strong>J\u00f5uluvurr<\/strong> on armas ja m\u00e4nguline j\u00f5uluteemaline vurr, mis on saadaval kuusepuu, lumememme ja j\u00f5uluvana kujul, tuues igasse koju t\u00f5elist p\u00fchademeeleolu. Iga vurr on hoolikalt disainitud, et olla lihtsasti haaratav ja keereldes pilkup\u00fc\u00fcdev nii lastele kui t\u00e4iskasvanutele.<\/p>\n<p>Tegu on toreda kingiideega, mis sobib h\u00e4sti nii advendikalendrisse kui ka v\u00e4ikese dekoratsioonina j\u00f5ulude ajal. <a href=\"https:\/\/www.small-foot.de\/en\/?srsltid=AfmBOop0cTG2yVC9-8yBdVZYVChlj9H3JWQJbYrV5Bg5x80V9Ga1aPM4\" target=\"_blank\" rel=\"noopener\">Small Foot<\/a> vurr\u00a0on armas ja m\u00e4nguline j\u00f5uluteemaline vurr, mis on saadaval kuusepuu, lumememme ja j\u00f5uluvana kujul, tuues igasse koju t\u00f5elist p\u00fchademeeleolu. m\u00e4ngulised ja vahvad vurrid loovad kindlasti j\u00f5ulutunnet ja pakuvad r\u00f5\u00f5mu kogu p\u00fchadehooaja v\u00e4ltel.<\/p>\n<p>M\u00fc\u00fcgil \u00fchekaupa \u2013 kujuke <strong>saadetakse juhuslikkuse alusel<\/strong>, lisades v\u00e4ikese \u00fcllatusmomendi!<\/p>\n<p><strong>M\u00f5\u00f5dud:<\/strong> k\u00f5rgus 6 cm.<\/p>\n<p>Vaata veel tooteid, mis sobivad h\u00e4sti <strong><a href=\"https:\/\/sulin.ee\/tootekategooria\/%f0%9f%8e%84joulud%f0%9f%8e%84\/sussi-sisse\/\" target=\"_blank\" rel=\"noopener\">sussi sisse.<\/a><\/strong><\/p>\n","protected":false},"excerpt":{"rendered":"<p>J\u00f5uluvurr on armas ja m\u00e4nguline j\u00f5uluteemaline vurr, mis on saadaval kuusepuu, lumememme ja j\u00f5uluvana kujul, tuues igasse koju t\u00f5elist p\u00fchademeeleolu. Iga vurr on hoolikalt disainitud, et olla lihtsasti haaratav ja keereldes pilkup\u00fc\u00fcdev nii lastele kui t\u00e4iskasvanutele. Tegu on toreda kingiideega, mis sobib h\u00e4sti nii advendikalendrisse kui ka v\u00e4ikese dekoratsioonina j\u00f5ulude ajal. Small Foot vurr\u00a0on armas [&hellip;]<\/p>\n","protected":false},"featured_media":23487,"comment_status":"open","ping_status":"closed","template":"","meta":[],"product_brand":[],"product_cat":[175,1006],"product_tag":[],"class_list":{"0":"post-23486","1":"product","2":"type-product","3":"status-publish","4":"has-post-thumbnail","6":"product_cat-puidust-manguasjad","7":"product_cat-small-foot","8":"has-post-title","9":"has-post-date","10":"has-post-category","11":"has-post-tag","12":"has-post-comment","13":"has-post-author","14":"","16":"first","17":"instock","18":"sale","19":"taxable","20":"shipping-taxable","21":"purchasable","22":"product-type-simple"},"yoast_head":"<!-- This site is optimized with the Yoast SEO plugin v26.8 - https:\/\/yoast.com\/product\/yoast-seo-wordpress\/ -->\n<title>J\u00f5uluvurr - sulin.ee<\/title>\n<meta name=\"description\" content=\"J\u00f5uluvurr on armas ja m\u00e4nguline j\u00f5uluteemaline vurr, mis on saadaval kuusepuu, lumememme ja j\u00f5uluvana kujul, tuues igasse koju t\u00f5elist p\u00fchademeeleolu.\" \/>\n<meta name=\"robots\" content=\"index, follow, max-snippet:-1, max-image-preview:large, max-video-preview:-1\" \/>\n<link rel=\"canonical\" href=\"https:\/\/sulin.ee\/en\/toode\/jouluvurr\/\" \/>\n<meta property=\"og:locale\" content=\"en_US\" \/>\n<meta property=\"og:type\" content=\"article\" \/>\n<meta property=\"og:title\" content=\"J\u00f5uluvurr - sulin.ee\" \/>\n<meta property=\"og:description\" content=\"J\u00f5uluvurr on armas ja m\u00e4nguline j\u00f5uluteemaline vurr, mis on saadaval kuusepuu, lumememme ja j\u00f5uluvana kujul, tuues igasse koju t\u00f5elist p\u00fchademeeleolu.\" \/>\n<meta property=\"og:url\" content=\"https:\/\/sulin.ee\/en\/toode\/jouluvurr\/\" \/>\n<meta property=\"og:site_name\" content=\"sulin.ee\" \/>\n<meta property=\"article:publisher\" content=\"https:\/\/www.facebook.com\/www.sulin.ee\/\" \/>\n<meta property=\"article:modified_time\" content=\"2025-09-09T11:07:44+00:00\" \/>\n<meta property=\"og:image\" content=\"https:\/\/sulin.ee\/wp-content\/uploads\/2024\/11\/1-1.png\" \/>\n\t<meta property=\"og:image:width\" content=\"1080\" \/>\n\t<meta property=\"og:image:height\" content=\"1080\" \/>\n\t<meta property=\"og:image:type\" content=\"image\/png\" \/>\n<meta name=\"twitter:card\" content=\"summary_large_image\" \/>\n<meta name=\"twitter:label1\" content=\"Est. reading time\" \/>\n\t<meta name=\"twitter:data1\" content=\"1 minute\" \/>\n<script type=\"application\/ld+json\" class=\"yoast-schema-graph\">{\"@context\":\"https:\/\/schema.org\",\"@graph\":[{\"@type\":\"WebPage\",\"@id\":\"https:\/\/sulin.ee\/en\/toode\/jouluvurr\/\",\"url\":\"https:\/\/sulin.ee\/en\/toode\/jouluvurr\/\",\"name\":\"J\u00f5uluvurr - sulin.ee\",\"isPartOf\":{\"@id\":\"https:\/\/sulin.ee\/en\/#website\"},\"primaryImageOfPage\":{\"@id\":\"https:\/\/sulin.ee\/en\/toode\/jouluvurr\/#primaryimage\"},\"image\":{\"@id\":\"https:\/\/sulin.ee\/en\/toode\/jouluvurr\/#primaryimage\"},\"thumbnailUrl\":\"https:\/\/sulin.ee\/wp-content\/uploads\/2024\/11\/1-1.png\",\"datePublished\":\"2024-11-07T10:59:57+00:00\",\"dateModified\":\"2025-09-09T11:07:44+00:00\",\"description\":\"J\u00f5uluvurr on armas ja m\u00e4nguline j\u00f5uluteemaline vurr, mis on saadaval kuusepuu, lumememme ja j\u00f5uluvana kujul, tuues igasse koju t\u00f5elist p\u00fchademeeleolu.\",\"breadcrumb\":{\"@id\":\"https:\/\/sulin.ee\/en\/toode\/jouluvurr\/#breadcrumb\"},\"inLanguage\":\"en-US\",\"potentialAction\":[{\"@type\":\"ReadAction\",\"target\":[\"https:\/\/sulin.ee\/en\/toode\/jouluvurr\/\"]}]},{\"@type\":\"ImageObject\",\"inLanguage\":\"en-US\",\"@id\":\"https:\/\/sulin.ee\/en\/toode\/jouluvurr\/#primaryimage\",\"url\":\"https:\/\/sulin.ee\/wp-content\/uploads\/2024\/11\/1-1.png\",\"contentUrl\":\"https:\/\/sulin.ee\/wp-content\/uploads\/2024\/11\/1-1.png\",\"width\":1080,\"height\":1080,\"caption\":\"J\u00f5uluvurr\"},{\"@type\":\"BreadcrumbList\",\"@id\":\"https:\/\/sulin.ee\/en\/toode\/jouluvurr\/#breadcrumb\",\"itemListElement\":[{\"@type\":\"ListItem\",\"position\":1,\"name\":\"Home\",\"item\":\"https:\/\/sulin.ee\/en\/\"},{\"@type\":\"ListItem\",\"position\":2,\"name\":\"Sulin.ee e-pood\",\"item\":\"https:\/\/sulin.ee\/shop\/\"},{\"@type\":\"ListItem\",\"position\":3,\"name\":\"J\u00f5uluvurr\"}]},{\"@type\":\"WebSite\",\"@id\":\"https:\/\/sulin.ee\/en\/#website\",\"url\":\"https:\/\/sulin.ee\/en\/\",\"name\":\"sulin.ee\",\"description\":\"\",\"publisher\":{\"@id\":\"https:\/\/sulin.ee\/en\/#organization\"},\"potentialAction\":[{\"@type\":\"SearchAction\",\"target\":{\"@type\":\"EntryPoint\",\"urlTemplate\":\"https:\/\/sulin.ee\/en\/?s={search_term_string}\"},\"query-input\":{\"@type\":\"PropertyValueSpecification\",\"valueRequired\":true,\"valueName\":\"search_term_string\"}}],\"inLanguage\":\"en-US\"},{\"@type\":\"Organization\",\"@id\":\"https:\/\/sulin.ee\/en\/#organization\",\"name\":\"SULIN TRADE O\u00dc\",\"url\":\"https:\/\/sulin.ee\/en\/\",\"logo\":{\"@type\":\"ImageObject\",\"inLanguage\":\"en-US\",\"@id\":\"https:\/\/sulin.ee\/en\/#\/schema\/logo\/image\/\",\"url\":\"https:\/\/sulin.ee\/wp-content\/uploads\/2022\/11\/sulin-logo.png\",\"contentUrl\":\"https:\/\/sulin.ee\/wp-content\/uploads\/2022\/11\/sulin-logo.png\",\"width\":871,\"height\":321,\"caption\":\"SULIN TRADE O\u00dc\"},\"image\":{\"@id\":\"https:\/\/sulin.ee\/en\/#\/schema\/logo\/image\/\"},\"sameAs\":[\"https:\/\/www.facebook.com\/www.sulin.ee\/\",\"https:\/\/www.instagram.com\/sulintrade\/\"]}]}<\/script>\n<!-- \/ Yoast SEO plugin. -->","yoast_head_json":{"title":"J\u00f5uluvurr - sulin.ee","description":"J\u00f5uluvurr on armas ja m\u00e4nguline j\u00f5uluteemaline vurr, mis on saadaval kuusepuu, lumememme ja j\u00f5uluvana kujul, tuues igasse koju t\u00f5elist p\u00fchademeeleolu.","robots":{"index":"index","follow":"follow","max-snippet":"max-snippet:-1","max-image-preview":"max-image-preview:large","max-video-preview":"max-video-preview:-1"},"canonical":"https:\/\/sulin.ee\/en\/toode\/jouluvurr\/","og_locale":"en_US","og_type":"article","og_title":"J\u00f5uluvurr - sulin.ee","og_description":"J\u00f5uluvurr on armas ja m\u00e4nguline j\u00f5uluteemaline vurr, mis on saadaval kuusepuu, lumememme ja j\u00f5uluvana kujul, tuues igasse koju t\u00f5elist p\u00fchademeeleolu.","og_url":"https:\/\/sulin.ee\/en\/toode\/jouluvurr\/","og_site_name":"sulin.ee","article_publisher":"https:\/\/www.facebook.com\/www.sulin.ee\/","article_modified_time":"2025-09-09T11:07:44+00:00","og_image":[{"width":1080,"height":1080,"url":"https:\/\/sulin.ee\/wp-content\/uploads\/2024\/11\/1-1.png","type":"image\/png"}],"twitter_card":"summary_large_image","twitter_misc":{"Est. reading time":"1 minute"},"schema":{"@context":"https:\/\/schema.org","@graph":[{"@type":"WebPage","@id":"https:\/\/sulin.ee\/en\/toode\/jouluvurr\/","url":"https:\/\/sulin.ee\/en\/toode\/jouluvurr\/","name":"J\u00f5uluvurr - sulin.ee","isPartOf":{"@id":"https:\/\/sulin.ee\/en\/#website"},"primaryImageOfPage":{"@id":"https:\/\/sulin.ee\/en\/toode\/jouluvurr\/#primaryimage"},"image":{"@id":"https:\/\/sulin.ee\/en\/toode\/jouluvurr\/#primaryimage"},"thumbnailUrl":"https:\/\/sulin.ee\/wp-content\/uploads\/2024\/11\/1-1.png","datePublished":"2024-11-07T10:59:57+00:00","dateModified":"2025-09-09T11:07:44+00:00","description":"J\u00f5uluvurr on armas ja m\u00e4nguline j\u00f5uluteemaline vurr, mis on saadaval kuusepuu, lumememme ja j\u00f5uluvana kujul, tuues igasse koju t\u00f5elist p\u00fchademeeleolu.","breadcrumb":{"@id":"https:\/\/sulin.ee\/en\/toode\/jouluvurr\/#breadcrumb"},"inLanguage":"en-US","potentialAction":[{"@type":"ReadAction","target":["https:\/\/sulin.ee\/en\/toode\/jouluvurr\/"]}]},{"@type":"ImageObject","inLanguage":"en-US","@id":"https:\/\/sulin.ee\/en\/toode\/jouluvurr\/#primaryimage","url":"https:\/\/sulin.ee\/wp-content\/uploads\/2024\/11\/1-1.png","contentUrl":"https:\/\/sulin.ee\/wp-content\/uploads\/2024\/11\/1-1.png","width":1080,"height":1080,"caption":"J\u00f5uluvurr"},{"@type":"BreadcrumbList","@id":"https:\/\/sulin.ee\/en\/toode\/jouluvurr\/#breadcrumb","itemListElement":[{"@type":"ListItem","position":1,"name":"Home","item":"https:\/\/sulin.ee\/en\/"},{"@type":"ListItem","position":2,"name":"Sulin.ee e-pood","item":"https:\/\/sulin.ee\/shop\/"},{"@type":"ListItem","position":3,"name":"J\u00f5uluvurr"}]},{"@type":"WebSite","@id":"https:\/\/sulin.ee\/en\/#website","url":"https:\/\/sulin.ee\/en\/","name":"sulin.ee","description":"","publisher":{"@id":"https:\/\/sulin.ee\/en\/#organization"},"potentialAction":[{"@type":"SearchAction","target":{"@type":"EntryPoint","urlTemplate":"https:\/\/sulin.ee\/en\/?s={search_term_string}"},"query-input":{"@type":"PropertyValueSpecification","valueRequired":true,"valueName":"search_term_string"}}],"inLanguage":"en-US"},{"@type":"Organization","@id":"https:\/\/sulin.ee\/en\/#organization","name":"SULIN TRADE O\u00dc","url":"https:\/\/sulin.ee\/en\/","logo":{"@type":"ImageObject","inLanguage":"en-US","@id":"https:\/\/sulin.ee\/en\/#\/schema\/logo\/image\/","url":"https:\/\/sulin.ee\/wp-content\/uploads\/2022\/11\/sulin-logo.png","contentUrl":"https:\/\/sulin.ee\/wp-content\/uploads\/2022\/11\/sulin-logo.png","width":871,"height":321,"caption":"SULIN TRADE O\u00dc"},"image":{"@id":"https:\/\/sulin.ee\/en\/#\/schema\/logo\/image\/"},"sameAs":["https:\/\/www.facebook.com\/www.sulin.ee\/","https:\/\/www.instagram.com\/sulintrade\/"]}]}},"builder_content":"","_links":{"self":[{"href":"https:\/\/sulin.ee\/en\/wp-json\/wp\/v2\/product\/23486","targetHints":{"allow":["GET"]}}],"collection":[{"href":"https:\/\/sulin.ee\/en\/wp-json\/wp\/v2\/product"}],"about":[{"href":"https:\/\/sulin.ee\/en\/wp-json\/wp\/v2\/types\/product"}],"replies":[{"embeddable":true,"href":"https:\/\/sulin.ee\/en\/wp-json\/wp\/v2\/comments?post=23486"}],"wp:featuredmedia":[{"embeddable":true,"href":"https:\/\/sulin.ee\/en\/wp-json\/wp\/v2\/media\/23487"}],"wp:attachment":[{"href":"https:\/\/sulin.ee\/en\/wp-json\/wp\/v2\/media?parent=23486"}],"wp:term":[{"taxonomy":"product_brand","embeddable":true,"href":"https:\/\/sulin.ee\/en\/wp-json\/wp\/v2\/product_brand?post=23486"},{"taxonomy":"product_cat","embeddable":true,"href":"https:\/\/sulin.ee\/en\/wp-json\/wp\/v2\/product_cat?post=23486"},{"taxonomy":"product_tag","embeddable":true,"href":"https:\/\/sulin.ee\/en\/wp-json\/wp\/v2\/product_tag?post=23486"}],"curies":[{"name":"wp","href":"https:\/\/api.w.org\/{rel}","templated":true}]}}