{"id":23459,"date":"2024-11-07T09:59:31","date_gmt":"2024-11-07T09:59:31","guid":{"rendered":"https:\/\/sulin.ee\/?post_type=product&#038;p=23459"},"modified":"2025-12-27T16:38:15","modified_gmt":"2025-12-27T16:38:15","slug":"tantsiv-joulukujuke","status":"publish","type":"product","link":"https:\/\/sulin.ee\/en\/toode\/tantsiv-joulukujuke\/","title":{"rendered":"Tantsiv j\u00f5ulukujuke (erinevad valikud)"},"content":{"rendered":"<p><strong>Tantsiv j\u00f5ulukujuke<\/strong> toob pidulikku r\u00f5\u00f5mu ja m\u00e4ngulist elavust igasse kodusse. Iga figuur on hoolikalt viimistletud, et peegeldada klassikalist j\u00f5uluh\u00f5ngu \u2013 alates traditsioonilistest p\u00e4kapikkudest ja lumememmedest kuni armsate p\u00f5hjap\u00f5trade ja j\u00f5uluvanadeni. Kujukese all olevat nuppu vajutades hakkab figuur liikuma ja v\u00f5tab uusi l\u00f5busaid poose, tuues naeratuse n\u00e4ole nii lastele kui ka t\u00e4iskasvanutele.<\/p>\n<p><a href=\"https:\/\/www.small-foot.de\/en\/?srsltid=AfmBOop0cTG2yVC9-8yBdVZYVChlj9H3JWQJbYrV5Bg5x80V9Ga1aPM4\" target=\"_blank\" rel=\"noopener\">Small Foot<\/a> kujuke on ideaalne kingitus j\u00f5uluootuse ajaks! Sobib suurep\u00e4raselt advendikalendrisse, j\u00f5ulusoki sisse v\u00f5i j\u00f5uluehteks riiulile ja aknalauale. J\u00f5ulukujuke loob sooja ja r\u00f5\u00f5msa atmosf\u00e4\u00e4ri, mida saab jagada kogu perega. Olgu see siis v\u00e4ike \u00fcllatus kallile inimesele v\u00f5i r\u00f5\u00f5msameelne t\u00e4iendus j\u00f5ulukaunistuste hulka \u2013 tantsiv j\u00f5ulukujuke pakub kindlasti erilist r\u00f5\u00f5mu ja t\u00f5elist j\u00f5ulutunnet.<\/p>\n<p><strong>M\u00f5\u00f5dud:<\/strong> k\u00f5rgus 12 cm.<\/p>\n<p>Vaata veel tooteid, mis sobivad h\u00e4sti <strong><a href=\"https:\/\/sulin.ee\/tootekategooria\/%f0%9f%8e%84joulud%f0%9f%8e%84\/sussi-sisse\/\" target=\"_blank\" rel=\"noopener\">sussi sisse.<\/a><\/strong><\/p>\n","protected":false},"excerpt":{"rendered":"<p>Tantsiv j\u00f5ulukujuke toob pidulikku r\u00f5\u00f5mu ja m\u00e4ngulist elavust igasse kodusse. Iga figuur on hoolikalt viimistletud, et peegeldada klassikalist j\u00f5uluh\u00f5ngu \u2013 alates traditsioonilistest p\u00e4kapikkudest ja lumememmedest kuni armsate p\u00f5hjap\u00f5trade ja j\u00f5uluvanadeni. Kujukese all olevat nuppu vajutades hakkab figuur liikuma ja v\u00f5tab uusi l\u00f5busaid poose, tuues naeratuse n\u00e4ole nii lastele kui ka t\u00e4iskasvanutele. Small Foot kujuke on [&hellip;]<\/p>\n","protected":false},"featured_media":23466,"comment_status":"open","ping_status":"closed","template":"","meta":[],"product_brand":[],"product_cat":[110,1023,175,1006],"product_tag":[],"class_list":{"0":"post-23459","1":"product","2":"type-product","3":"status-publish","4":"has-post-thumbnail","6":"product_cat-mangimine","7":"product_cat-motoorika","8":"product_cat-puidust-manguasjad","9":"product_cat-small-foot","10":"has-post-title","11":"has-post-date","12":"has-post-category","13":"has-post-tag","14":"has-post-comment","15":"has-post-author","16":"","18":"first","19":"instock","20":"sale","21":"taxable","22":"shipping-taxable","23":"purchasable","24":"product-type-variable"},"yoast_head":"<!-- This site is optimized with the Yoast SEO plugin v26.8 - https:\/\/yoast.com\/product\/yoast-seo-wordpress\/ -->\n<title>Tantsiv j\u00f5ulukujuke (erinevad valikud) - sulin.ee<\/title>\n<meta name=\"description\" content=\"Tantsiv j\u00f5ulukujuke toob pidulikku r\u00f5\u00f5mu ja m\u00e4ngulist elavust igasse kodusse. Iga figuur on hoolikalt viimistletud, et peegeldada klassikalist j\u00f5uluh\u00f5ngu.\" \/>\n<meta name=\"robots\" content=\"index, follow, max-snippet:-1, max-image-preview:large, max-video-preview:-1\" \/>\n<link rel=\"canonical\" href=\"https:\/\/sulin.ee\/en\/toode\/tantsiv-joulukujuke\/\" \/>\n<meta property=\"og:locale\" content=\"en_US\" \/>\n<meta property=\"og:type\" content=\"article\" \/>\n<meta property=\"og:title\" content=\"Tantsiv j\u00f5ulukujuke (erinevad valikud) - sulin.ee\" \/>\n<meta property=\"og:description\" content=\"Tantsiv j\u00f5ulukujuke toob pidulikku r\u00f5\u00f5mu ja m\u00e4ngulist elavust igasse kodusse. Iga figuur on hoolikalt viimistletud, et peegeldada klassikalist j\u00f5uluh\u00f5ngu.\" \/>\n<meta property=\"og:url\" content=\"https:\/\/sulin.ee\/en\/toode\/tantsiv-joulukujuke\/\" \/>\n<meta property=\"og:site_name\" content=\"sulin.ee\" \/>\n<meta property=\"article:publisher\" content=\"https:\/\/www.facebook.com\/www.sulin.ee\/\" \/>\n<meta property=\"article:modified_time\" content=\"2025-12-27T16:38:15+00:00\" \/>\n<meta property=\"og:image\" content=\"https:\/\/sulin.ee\/wp-content\/uploads\/2024\/11\/2.png\" \/>\n\t<meta property=\"og:image:width\" content=\"1080\" \/>\n\t<meta property=\"og:image:height\" content=\"1080\" \/>\n\t<meta property=\"og:image:type\" content=\"image\/png\" \/>\n<meta name=\"twitter:card\" content=\"summary_large_image\" \/>\n<meta name=\"twitter:label1\" content=\"Est. reading time\" \/>\n\t<meta name=\"twitter:data1\" content=\"1 minute\" \/>\n<script type=\"application\/ld+json\" class=\"yoast-schema-graph\">{\"@context\":\"https:\/\/schema.org\",\"@graph\":[{\"@type\":\"WebPage\",\"@id\":\"https:\/\/sulin.ee\/en\/toode\/tantsiv-joulukujuke\/\",\"url\":\"https:\/\/sulin.ee\/en\/toode\/tantsiv-joulukujuke\/\",\"name\":\"Tantsiv j\u00f5ulukujuke (erinevad valikud) - sulin.ee\",\"isPartOf\":{\"@id\":\"https:\/\/sulin.ee\/en\/#website\"},\"primaryImageOfPage\":{\"@id\":\"https:\/\/sulin.ee\/en\/toode\/tantsiv-joulukujuke\/#primaryimage\"},\"image\":{\"@id\":\"https:\/\/sulin.ee\/en\/toode\/tantsiv-joulukujuke\/#primaryimage\"},\"thumbnailUrl\":\"https:\/\/sulin.ee\/wp-content\/uploads\/2024\/11\/2.png\",\"datePublished\":\"2024-11-07T09:59:31+00:00\",\"dateModified\":\"2025-12-27T16:38:15+00:00\",\"description\":\"Tantsiv j\u00f5ulukujuke toob pidulikku r\u00f5\u00f5mu ja m\u00e4ngulist elavust igasse kodusse. Iga figuur on hoolikalt viimistletud, et peegeldada klassikalist j\u00f5uluh\u00f5ngu.\",\"breadcrumb\":{\"@id\":\"https:\/\/sulin.ee\/en\/toode\/tantsiv-joulukujuke\/#breadcrumb\"},\"inLanguage\":\"en-US\",\"potentialAction\":[{\"@type\":\"ReadAction\",\"target\":[\"https:\/\/sulin.ee\/en\/toode\/tantsiv-joulukujuke\/\"]}]},{\"@type\":\"ImageObject\",\"inLanguage\":\"en-US\",\"@id\":\"https:\/\/sulin.ee\/en\/toode\/tantsiv-joulukujuke\/#primaryimage\",\"url\":\"https:\/\/sulin.ee\/wp-content\/uploads\/2024\/11\/2.png\",\"contentUrl\":\"https:\/\/sulin.ee\/wp-content\/uploads\/2024\/11\/2.png\",\"width\":1080,\"height\":1080,\"caption\":\"Tantsiv j\u00f5ulukujuke\"},{\"@type\":\"BreadcrumbList\",\"@id\":\"https:\/\/sulin.ee\/en\/toode\/tantsiv-joulukujuke\/#breadcrumb\",\"itemListElement\":[{\"@type\":\"ListItem\",\"position\":1,\"name\":\"Home\",\"item\":\"https:\/\/sulin.ee\/en\/\"},{\"@type\":\"ListItem\",\"position\":2,\"name\":\"Sulin.ee e-pood\",\"item\":\"https:\/\/sulin.ee\/shop\/\"},{\"@type\":\"ListItem\",\"position\":3,\"name\":\"Tantsiv j\u00f5ulukujuke (erinevad valikud)\"}]},{\"@type\":\"WebSite\",\"@id\":\"https:\/\/sulin.ee\/en\/#website\",\"url\":\"https:\/\/sulin.ee\/en\/\",\"name\":\"sulin.ee\",\"description\":\"\",\"publisher\":{\"@id\":\"https:\/\/sulin.ee\/en\/#organization\"},\"potentialAction\":[{\"@type\":\"SearchAction\",\"target\":{\"@type\":\"EntryPoint\",\"urlTemplate\":\"https:\/\/sulin.ee\/en\/?s={search_term_string}\"},\"query-input\":{\"@type\":\"PropertyValueSpecification\",\"valueRequired\":true,\"valueName\":\"search_term_string\"}}],\"inLanguage\":\"en-US\"},{\"@type\":\"Organization\",\"@id\":\"https:\/\/sulin.ee\/en\/#organization\",\"name\":\"SULIN TRADE O\u00dc\",\"url\":\"https:\/\/sulin.ee\/en\/\",\"logo\":{\"@type\":\"ImageObject\",\"inLanguage\":\"en-US\",\"@id\":\"https:\/\/sulin.ee\/en\/#\/schema\/logo\/image\/\",\"url\":\"https:\/\/sulin.ee\/wp-content\/uploads\/2022\/11\/sulin-logo.png\",\"contentUrl\":\"https:\/\/sulin.ee\/wp-content\/uploads\/2022\/11\/sulin-logo.png\",\"width\":871,\"height\":321,\"caption\":\"SULIN TRADE O\u00dc\"},\"image\":{\"@id\":\"https:\/\/sulin.ee\/en\/#\/schema\/logo\/image\/\"},\"sameAs\":[\"https:\/\/www.facebook.com\/www.sulin.ee\/\",\"https:\/\/www.instagram.com\/sulintrade\/\"]}]}<\/script>\n<!-- \/ Yoast SEO plugin. -->","yoast_head_json":{"title":"Tantsiv j\u00f5ulukujuke (erinevad valikud) - sulin.ee","description":"Tantsiv j\u00f5ulukujuke toob pidulikku r\u00f5\u00f5mu ja m\u00e4ngulist elavust igasse kodusse. Iga figuur on hoolikalt viimistletud, et peegeldada klassikalist j\u00f5uluh\u00f5ngu.","robots":{"index":"index","follow":"follow","max-snippet":"max-snippet:-1","max-image-preview":"max-image-preview:large","max-video-preview":"max-video-preview:-1"},"canonical":"https:\/\/sulin.ee\/en\/toode\/tantsiv-joulukujuke\/","og_locale":"en_US","og_type":"article","og_title":"Tantsiv j\u00f5ulukujuke (erinevad valikud) - sulin.ee","og_description":"Tantsiv j\u00f5ulukujuke toob pidulikku r\u00f5\u00f5mu ja m\u00e4ngulist elavust igasse kodusse. Iga figuur on hoolikalt viimistletud, et peegeldada klassikalist j\u00f5uluh\u00f5ngu.","og_url":"https:\/\/sulin.ee\/en\/toode\/tantsiv-joulukujuke\/","og_site_name":"sulin.ee","article_publisher":"https:\/\/www.facebook.com\/www.sulin.ee\/","article_modified_time":"2025-12-27T16:38:15+00:00","og_image":[{"width":1080,"height":1080,"url":"https:\/\/sulin.ee\/wp-content\/uploads\/2024\/11\/2.png","type":"image\/png"}],"twitter_card":"summary_large_image","twitter_misc":{"Est. reading time":"1 minute"},"schema":{"@context":"https:\/\/schema.org","@graph":[{"@type":"WebPage","@id":"https:\/\/sulin.ee\/en\/toode\/tantsiv-joulukujuke\/","url":"https:\/\/sulin.ee\/en\/toode\/tantsiv-joulukujuke\/","name":"Tantsiv j\u00f5ulukujuke (erinevad valikud) - sulin.ee","isPartOf":{"@id":"https:\/\/sulin.ee\/en\/#website"},"primaryImageOfPage":{"@id":"https:\/\/sulin.ee\/en\/toode\/tantsiv-joulukujuke\/#primaryimage"},"image":{"@id":"https:\/\/sulin.ee\/en\/toode\/tantsiv-joulukujuke\/#primaryimage"},"thumbnailUrl":"https:\/\/sulin.ee\/wp-content\/uploads\/2024\/11\/2.png","datePublished":"2024-11-07T09:59:31+00:00","dateModified":"2025-12-27T16:38:15+00:00","description":"Tantsiv j\u00f5ulukujuke toob pidulikku r\u00f5\u00f5mu ja m\u00e4ngulist elavust igasse kodusse. Iga figuur on hoolikalt viimistletud, et peegeldada klassikalist j\u00f5uluh\u00f5ngu.","breadcrumb":{"@id":"https:\/\/sulin.ee\/en\/toode\/tantsiv-joulukujuke\/#breadcrumb"},"inLanguage":"en-US","potentialAction":[{"@type":"ReadAction","target":["https:\/\/sulin.ee\/en\/toode\/tantsiv-joulukujuke\/"]}]},{"@type":"ImageObject","inLanguage":"en-US","@id":"https:\/\/sulin.ee\/en\/toode\/tantsiv-joulukujuke\/#primaryimage","url":"https:\/\/sulin.ee\/wp-content\/uploads\/2024\/11\/2.png","contentUrl":"https:\/\/sulin.ee\/wp-content\/uploads\/2024\/11\/2.png","width":1080,"height":1080,"caption":"Tantsiv j\u00f5ulukujuke"},{"@type":"BreadcrumbList","@id":"https:\/\/sulin.ee\/en\/toode\/tantsiv-joulukujuke\/#breadcrumb","itemListElement":[{"@type":"ListItem","position":1,"name":"Home","item":"https:\/\/sulin.ee\/en\/"},{"@type":"ListItem","position":2,"name":"Sulin.ee e-pood","item":"https:\/\/sulin.ee\/shop\/"},{"@type":"ListItem","position":3,"name":"Tantsiv j\u00f5ulukujuke (erinevad valikud)"}]},{"@type":"WebSite","@id":"https:\/\/sulin.ee\/en\/#website","url":"https:\/\/sulin.ee\/en\/","name":"sulin.ee","description":"","publisher":{"@id":"https:\/\/sulin.ee\/en\/#organization"},"potentialAction":[{"@type":"SearchAction","target":{"@type":"EntryPoint","urlTemplate":"https:\/\/sulin.ee\/en\/?s={search_term_string}"},"query-input":{"@type":"PropertyValueSpecification","valueRequired":true,"valueName":"search_term_string"}}],"inLanguage":"en-US"},{"@type":"Organization","@id":"https:\/\/sulin.ee\/en\/#organization","name":"SULIN TRADE O\u00dc","url":"https:\/\/sulin.ee\/en\/","logo":{"@type":"ImageObject","inLanguage":"en-US","@id":"https:\/\/sulin.ee\/en\/#\/schema\/logo\/image\/","url":"https:\/\/sulin.ee\/wp-content\/uploads\/2022\/11\/sulin-logo.png","contentUrl":"https:\/\/sulin.ee\/wp-content\/uploads\/2022\/11\/sulin-logo.png","width":871,"height":321,"caption":"SULIN TRADE O\u00dc"},"image":{"@id":"https:\/\/sulin.ee\/en\/#\/schema\/logo\/image\/"},"sameAs":["https:\/\/www.facebook.com\/www.sulin.ee\/","https:\/\/www.instagram.com\/sulintrade\/"]}]}},"builder_content":"","_links":{"self":[{"href":"https:\/\/sulin.ee\/en\/wp-json\/wp\/v2\/product\/23459","targetHints":{"allow":["GET"]}}],"collection":[{"href":"https:\/\/sulin.ee\/en\/wp-json\/wp\/v2\/product"}],"about":[{"href":"https:\/\/sulin.ee\/en\/wp-json\/wp\/v2\/types\/product"}],"replies":[{"embeddable":true,"href":"https:\/\/sulin.ee\/en\/wp-json\/wp\/v2\/comments?post=23459"}],"wp:featuredmedia":[{"embeddable":true,"href":"https:\/\/sulin.ee\/en\/wp-json\/wp\/v2\/media\/23466"}],"wp:attachment":[{"href":"https:\/\/sulin.ee\/en\/wp-json\/wp\/v2\/media?parent=23459"}],"wp:term":[{"taxonomy":"product_brand","embeddable":true,"href":"https:\/\/sulin.ee\/en\/wp-json\/wp\/v2\/product_brand?post=23459"},{"taxonomy":"product_cat","embeddable":true,"href":"https:\/\/sulin.ee\/en\/wp-json\/wp\/v2\/product_cat?post=23459"},{"taxonomy":"product_tag","embeddable":true,"href":"https:\/\/sulin.ee\/en\/wp-json\/wp\/v2\/product_tag?post=23459"}],"curies":[{"name":"wp","href":"https:\/\/api.w.org\/{rel}","templated":true}]}}