{"id":23371,"date":"2024-10-31T10:42:34","date_gmt":"2024-10-31T10:42:34","guid":{"rendered":"https:\/\/sulin.ee\/?post_type=product&#038;p=23371"},"modified":"2025-09-07T21:48:45","modified_gmt":"2025-09-07T21:48:45","slug":"petit-monkey-kauss","status":"publish","type":"product","link":"https:\/\/sulin.ee\/en\/toode\/petit-monkey-kauss\/","title":{"rendered":"Petit Monkey kauss"},"content":{"rendered":"<p><strong><a href=\"https:\/\/petitmonkey.com\/\" target=\"_blank\" rel=\"noopener\">Petit Monkey<\/a> kauss<\/strong> on praktiline ja stiilne lisandus igap\u00e4evasele toidulauale. Kaussi iseloomustab pehmetes pastelsetes v\u00e4rvides v\u00e4lisk\u00fclg ja vastupidav melamiinmaterjal, mis on ideaalne nii hommikus\u00f6\u00f6gi kui ka muude roogade jaoks. Kauss on valmistatud kvaliteetsetest materjalidest, mis tagavad vastupidavuse ja sobivuse igap\u00e4evaseks kasutamiseks.<\/p>\n<p><strong>Petit Monkey kauss on n\u00f5udepesumasinas pestav<\/strong>, muutes selle hooldamise lihtsaks ja kiireks. Samas ei sobi kauss mikrolaineahjus kasutamiseks.<\/p>\n<p><strong>M\u00f5\u00f5dud<\/strong>: 16 x 5.8 cm \u2013 see suurus sobib erinevate toitude serveerimiseks, pakkudes praktilist ja mahukat lahendust, olgu see siis hommikuhelbed, supp v\u00f5i v\u00e4rske salat.<\/p>\n<p>Vaata veel s\u00f6\u00f6gin\u00f5usid lastele <strong><a href=\"https:\/\/sulin.ee\/tootekategooria\/lapsele\/soomine\/sooginoud\/\" target=\"_blank\" rel=\"noopener\">siit.<\/a><\/strong><\/p>\n","protected":false},"excerpt":{"rendered":"<p>Petit Monkey kauss on praktiline ja stiilne lisandus igap\u00e4evasele toidulauale. Kaussi iseloomustab pehmetes pastelsetes v\u00e4rvides v\u00e4lisk\u00fclg ja vastupidav melamiinmaterjal, mis on ideaalne nii hommikus\u00f6\u00f6gi kui ka muude roogade jaoks. Kauss on valmistatud kvaliteetsetest materjalidest, mis tagavad vastupidavuse ja sobivuse igap\u00e4evaseks kasutamiseks. Petit Monkey kauss on n\u00f5udepesumasinas pestav, muutes selle hooldamise lihtsaks ja kiireks. Samas ei [&hellip;]<\/p>\n","protected":false},"featured_media":23372,"comment_status":"open","ping_status":"closed","template":"","meta":[],"product_brand":[],"product_cat":[179,489,490,43,171,178,1126],"product_tag":[],"class_list":{"0":"post-23371","1":"product","2":"type-product","3":"status-publish","4":"has-post-thumbnail","6":"product_cat-beebile","7":"product_cat-beebitarbed-toitmiseks","8":"product_cat-beebi-sooginoud","9":"product_cat-lastele","10":"product_cat-soomine","11":"product_cat-sooginoud-lastele","12":"product_cat-petit-monkey","13":"has-post-title","14":"has-post-date","15":"has-post-category","16":"has-post-tag","17":"has-post-comment","18":"has-post-author","19":"","21":"first","22":"instock","23":"sale","24":"taxable","25":"shipping-taxable","26":"purchasable","27":"product-type-variable"},"yoast_head":"<!-- This site is optimized with the Yoast SEO plugin v26.8 - https:\/\/yoast.com\/product\/yoast-seo-wordpress\/ -->\n<title>Petit Monkey kauss - sulin.ee<\/title>\n<meta name=\"description\" content=\"Petit Monkey kauss on praktiline ja stiilne lisandus igap\u00e4evasele toidulauale. Kaussi iseloomustab vastupidav melamiinmaterjal.\" \/>\n<meta name=\"robots\" content=\"index, follow, max-snippet:-1, max-image-preview:large, max-video-preview:-1\" \/>\n<link rel=\"canonical\" href=\"https:\/\/sulin.ee\/en\/toode\/petit-monkey-kauss\/\" \/>\n<meta property=\"og:locale\" content=\"en_US\" \/>\n<meta property=\"og:type\" content=\"article\" \/>\n<meta property=\"og:title\" content=\"Petit Monkey kauss - sulin.ee\" \/>\n<meta property=\"og:description\" content=\"Petit Monkey kauss on praktiline ja stiilne lisandus igap\u00e4evasele toidulauale. Kaussi iseloomustab vastupidav melamiinmaterjal.\" \/>\n<meta property=\"og:url\" content=\"https:\/\/sulin.ee\/en\/toode\/petit-monkey-kauss\/\" \/>\n<meta property=\"og:site_name\" content=\"sulin.ee\" \/>\n<meta property=\"article:publisher\" content=\"https:\/\/www.facebook.com\/www.sulin.ee\/\" \/>\n<meta property=\"article:modified_time\" content=\"2025-09-07T21:48:45+00:00\" \/>\n<meta property=\"og:image\" content=\"https:\/\/sulin.ee\/wp-content\/uploads\/2024\/10\/ps17-036_1_13_x705_crop_center.webp\" \/>\n\t<meta property=\"og:image:width\" content=\"501\" \/>\n\t<meta property=\"og:image:height\" content=\"705\" \/>\n\t<meta property=\"og:image:type\" content=\"image\/webp\" \/>\n<meta name=\"twitter:card\" content=\"summary_large_image\" \/>\n<meta name=\"twitter:label1\" content=\"Est. reading time\" \/>\n\t<meta name=\"twitter:data1\" content=\"1 minute\" \/>\n<script type=\"application\/ld+json\" class=\"yoast-schema-graph\">{\"@context\":\"https:\/\/schema.org\",\"@graph\":[{\"@type\":\"WebPage\",\"@id\":\"https:\/\/sulin.ee\/en\/toode\/petit-monkey-kauss\/\",\"url\":\"https:\/\/sulin.ee\/en\/toode\/petit-monkey-kauss\/\",\"name\":\"Petit Monkey kauss - sulin.ee\",\"isPartOf\":{\"@id\":\"https:\/\/sulin.ee\/en\/#website\"},\"primaryImageOfPage\":{\"@id\":\"https:\/\/sulin.ee\/en\/toode\/petit-monkey-kauss\/#primaryimage\"},\"image\":{\"@id\":\"https:\/\/sulin.ee\/en\/toode\/petit-monkey-kauss\/#primaryimage\"},\"thumbnailUrl\":\"https:\/\/sulin.ee\/wp-content\/uploads\/2024\/10\/ps17-036_1_13_x705_crop_center.webp\",\"datePublished\":\"2024-10-31T10:42:34+00:00\",\"dateModified\":\"2025-09-07T21:48:45+00:00\",\"description\":\"Petit Monkey kauss on praktiline ja stiilne lisandus igap\u00e4evasele toidulauale. Kaussi iseloomustab vastupidav melamiinmaterjal.\",\"breadcrumb\":{\"@id\":\"https:\/\/sulin.ee\/en\/toode\/petit-monkey-kauss\/#breadcrumb\"},\"inLanguage\":\"en-US\",\"potentialAction\":[{\"@type\":\"ReadAction\",\"target\":[\"https:\/\/sulin.ee\/en\/toode\/petit-monkey-kauss\/\"]}]},{\"@type\":\"ImageObject\",\"inLanguage\":\"en-US\",\"@id\":\"https:\/\/sulin.ee\/en\/toode\/petit-monkey-kauss\/#primaryimage\",\"url\":\"https:\/\/sulin.ee\/wp-content\/uploads\/2024\/10\/ps17-036_1_13_x705_crop_center.webp\",\"contentUrl\":\"https:\/\/sulin.ee\/wp-content\/uploads\/2024\/10\/ps17-036_1_13_x705_crop_center.webp\",\"width\":501,\"height\":705,\"caption\":\"Petit Monkey kauss\"},{\"@type\":\"BreadcrumbList\",\"@id\":\"https:\/\/sulin.ee\/en\/toode\/petit-monkey-kauss\/#breadcrumb\",\"itemListElement\":[{\"@type\":\"ListItem\",\"position\":1,\"name\":\"Home\",\"item\":\"https:\/\/sulin.ee\/en\/\"},{\"@type\":\"ListItem\",\"position\":2,\"name\":\"Sulin.ee e-pood\",\"item\":\"https:\/\/sulin.ee\/shop\/\"},{\"@type\":\"ListItem\",\"position\":3,\"name\":\"Petit Monkey kauss\"}]},{\"@type\":\"WebSite\",\"@id\":\"https:\/\/sulin.ee\/en\/#website\",\"url\":\"https:\/\/sulin.ee\/en\/\",\"name\":\"sulin.ee\",\"description\":\"\",\"publisher\":{\"@id\":\"https:\/\/sulin.ee\/en\/#organization\"},\"potentialAction\":[{\"@type\":\"SearchAction\",\"target\":{\"@type\":\"EntryPoint\",\"urlTemplate\":\"https:\/\/sulin.ee\/en\/?s={search_term_string}\"},\"query-input\":{\"@type\":\"PropertyValueSpecification\",\"valueRequired\":true,\"valueName\":\"search_term_string\"}}],\"inLanguage\":\"en-US\"},{\"@type\":\"Organization\",\"@id\":\"https:\/\/sulin.ee\/en\/#organization\",\"name\":\"SULIN TRADE O\u00dc\",\"url\":\"https:\/\/sulin.ee\/en\/\",\"logo\":{\"@type\":\"ImageObject\",\"inLanguage\":\"en-US\",\"@id\":\"https:\/\/sulin.ee\/en\/#\/schema\/logo\/image\/\",\"url\":\"https:\/\/sulin.ee\/wp-content\/uploads\/2022\/11\/sulin-logo.png\",\"contentUrl\":\"https:\/\/sulin.ee\/wp-content\/uploads\/2022\/11\/sulin-logo.png\",\"width\":871,\"height\":321,\"caption\":\"SULIN TRADE O\u00dc\"},\"image\":{\"@id\":\"https:\/\/sulin.ee\/en\/#\/schema\/logo\/image\/\"},\"sameAs\":[\"https:\/\/www.facebook.com\/www.sulin.ee\/\",\"https:\/\/www.instagram.com\/sulintrade\/\"]}]}<\/script>\n<!-- \/ Yoast SEO plugin. -->","yoast_head_json":{"title":"Petit Monkey kauss - sulin.ee","description":"Petit Monkey kauss on praktiline ja stiilne lisandus igap\u00e4evasele toidulauale. Kaussi iseloomustab vastupidav melamiinmaterjal.","robots":{"index":"index","follow":"follow","max-snippet":"max-snippet:-1","max-image-preview":"max-image-preview:large","max-video-preview":"max-video-preview:-1"},"canonical":"https:\/\/sulin.ee\/en\/toode\/petit-monkey-kauss\/","og_locale":"en_US","og_type":"article","og_title":"Petit Monkey kauss - sulin.ee","og_description":"Petit Monkey kauss on praktiline ja stiilne lisandus igap\u00e4evasele toidulauale. Kaussi iseloomustab vastupidav melamiinmaterjal.","og_url":"https:\/\/sulin.ee\/en\/toode\/petit-monkey-kauss\/","og_site_name":"sulin.ee","article_publisher":"https:\/\/www.facebook.com\/www.sulin.ee\/","article_modified_time":"2025-09-07T21:48:45+00:00","og_image":[{"width":501,"height":705,"url":"https:\/\/sulin.ee\/wp-content\/uploads\/2024\/10\/ps17-036_1_13_x705_crop_center.webp","type":"image\/webp"}],"twitter_card":"summary_large_image","twitter_misc":{"Est. reading time":"1 minute"},"schema":{"@context":"https:\/\/schema.org","@graph":[{"@type":"WebPage","@id":"https:\/\/sulin.ee\/en\/toode\/petit-monkey-kauss\/","url":"https:\/\/sulin.ee\/en\/toode\/petit-monkey-kauss\/","name":"Petit Monkey kauss - sulin.ee","isPartOf":{"@id":"https:\/\/sulin.ee\/en\/#website"},"primaryImageOfPage":{"@id":"https:\/\/sulin.ee\/en\/toode\/petit-monkey-kauss\/#primaryimage"},"image":{"@id":"https:\/\/sulin.ee\/en\/toode\/petit-monkey-kauss\/#primaryimage"},"thumbnailUrl":"https:\/\/sulin.ee\/wp-content\/uploads\/2024\/10\/ps17-036_1_13_x705_crop_center.webp","datePublished":"2024-10-31T10:42:34+00:00","dateModified":"2025-09-07T21:48:45+00:00","description":"Petit Monkey kauss on praktiline ja stiilne lisandus igap\u00e4evasele toidulauale. Kaussi iseloomustab vastupidav melamiinmaterjal.","breadcrumb":{"@id":"https:\/\/sulin.ee\/en\/toode\/petit-monkey-kauss\/#breadcrumb"},"inLanguage":"en-US","potentialAction":[{"@type":"ReadAction","target":["https:\/\/sulin.ee\/en\/toode\/petit-monkey-kauss\/"]}]},{"@type":"ImageObject","inLanguage":"en-US","@id":"https:\/\/sulin.ee\/en\/toode\/petit-monkey-kauss\/#primaryimage","url":"https:\/\/sulin.ee\/wp-content\/uploads\/2024\/10\/ps17-036_1_13_x705_crop_center.webp","contentUrl":"https:\/\/sulin.ee\/wp-content\/uploads\/2024\/10\/ps17-036_1_13_x705_crop_center.webp","width":501,"height":705,"caption":"Petit Monkey kauss"},{"@type":"BreadcrumbList","@id":"https:\/\/sulin.ee\/en\/toode\/petit-monkey-kauss\/#breadcrumb","itemListElement":[{"@type":"ListItem","position":1,"name":"Home","item":"https:\/\/sulin.ee\/en\/"},{"@type":"ListItem","position":2,"name":"Sulin.ee e-pood","item":"https:\/\/sulin.ee\/shop\/"},{"@type":"ListItem","position":3,"name":"Petit Monkey kauss"}]},{"@type":"WebSite","@id":"https:\/\/sulin.ee\/en\/#website","url":"https:\/\/sulin.ee\/en\/","name":"sulin.ee","description":"","publisher":{"@id":"https:\/\/sulin.ee\/en\/#organization"},"potentialAction":[{"@type":"SearchAction","target":{"@type":"EntryPoint","urlTemplate":"https:\/\/sulin.ee\/en\/?s={search_term_string}"},"query-input":{"@type":"PropertyValueSpecification","valueRequired":true,"valueName":"search_term_string"}}],"inLanguage":"en-US"},{"@type":"Organization","@id":"https:\/\/sulin.ee\/en\/#organization","name":"SULIN TRADE O\u00dc","url":"https:\/\/sulin.ee\/en\/","logo":{"@type":"ImageObject","inLanguage":"en-US","@id":"https:\/\/sulin.ee\/en\/#\/schema\/logo\/image\/","url":"https:\/\/sulin.ee\/wp-content\/uploads\/2022\/11\/sulin-logo.png","contentUrl":"https:\/\/sulin.ee\/wp-content\/uploads\/2022\/11\/sulin-logo.png","width":871,"height":321,"caption":"SULIN TRADE O\u00dc"},"image":{"@id":"https:\/\/sulin.ee\/en\/#\/schema\/logo\/image\/"},"sameAs":["https:\/\/www.facebook.com\/www.sulin.ee\/","https:\/\/www.instagram.com\/sulintrade\/"]}]}},"builder_content":"","_links":{"self":[{"href":"https:\/\/sulin.ee\/en\/wp-json\/wp\/v2\/product\/23371","targetHints":{"allow":["GET"]}}],"collection":[{"href":"https:\/\/sulin.ee\/en\/wp-json\/wp\/v2\/product"}],"about":[{"href":"https:\/\/sulin.ee\/en\/wp-json\/wp\/v2\/types\/product"}],"replies":[{"embeddable":true,"href":"https:\/\/sulin.ee\/en\/wp-json\/wp\/v2\/comments?post=23371"}],"wp:featuredmedia":[{"embeddable":true,"href":"https:\/\/sulin.ee\/en\/wp-json\/wp\/v2\/media\/23372"}],"wp:attachment":[{"href":"https:\/\/sulin.ee\/en\/wp-json\/wp\/v2\/media?parent=23371"}],"wp:term":[{"taxonomy":"product_brand","embeddable":true,"href":"https:\/\/sulin.ee\/en\/wp-json\/wp\/v2\/product_brand?post=23371"},{"taxonomy":"product_cat","embeddable":true,"href":"https:\/\/sulin.ee\/en\/wp-json\/wp\/v2\/product_cat?post=23371"},{"taxonomy":"product_tag","embeddable":true,"href":"https:\/\/sulin.ee\/en\/wp-json\/wp\/v2\/product_tag?post=23371"}],"curies":[{"name":"wp","href":"https:\/\/api.w.org\/{rel}","templated":true}]}}