{"id":23349,"date":"2024-10-31T10:11:32","date_gmt":"2024-10-31T10:11:32","guid":{"rendered":"https:\/\/sulin.ee\/?post_type=product&#038;p=23349"},"modified":"2025-09-07T21:48:43","modified_gmt":"2025-09-07T21:48:43","slug":"petit-monkey-laste-joogitass-mouse-mint","status":"publish","type":"product","link":"https:\/\/sulin.ee\/en\/toode\/petit-monkey-laste-joogitass-mouse-mint\/","title":{"rendered":"Petit Monkey laste joogitass Mouse Mint"},"content":{"rendered":"<p><strong><a href=\"https:\/\/petitmonkey.com\/\" target=\"_blank\" rel=\"noopener\">Petit Monkey<\/a> laste joogitass<\/strong> Mouse Mint on ideaalne abiline, et toetada lapse iseseisva joomise \u00f5ppimist. Tassi disain sobib suurep\u00e4raselt v\u00e4ikestele k\u00e4tele \u2013 <strong>mugavad sangad<\/strong> v\u00f5imaldavad tassist kindlalt kinni haarata ja annavad lapsele enesekindluse oma joomisoskuse arendamisel. <strong>Keeratav kaas<\/strong> hoiab vedeliku kindlalt tassis, v\u00e4hendades lekkeohtu ja pakkudes lapsevanematele meelerahu.<\/p>\n<p>Petit Monkey laste joogitass on valmistatud <strong>toiduk\u00f5lblikust ja ohutust materjalist<\/strong>, olles BPA-, PVC- ja ftalaadivaba, mis teeb selle v\u00e4ikelastele t\u00e4iesti ohutuks. Tass on <strong>n\u00f5udepesumasinas pestav<\/strong>, mis muudab selle igap\u00e4evase puhastamise lihtsaks ja mugavaks. Siiski tuleb meeles pidada, et tass ei sobi mikrolaineahjus kasutamiseks.<\/p>\n<p><strong>M\u00f5\u00f5dud<\/strong>: 10,5 x 11 cm \u2013 ideaalne suurus v\u00e4ikelastele, kes alles harjutavad iseseisvat joomist, pakkudes mugavat ja praktilist lahendust igaks joogipausiks.<\/p>\n<p>Vaata veel beebile m\u00f5eldud toidun\u00f5usid <a href=\"https:\/\/sulin.ee\/tootekategooria\/beebile\/toitmine\/beebi-sooginoud\/?orderby=date\" target=\"_blank\" rel=\"noopener\">siit<\/a>.<\/p>\n","protected":false},"excerpt":{"rendered":"<p class=\"\" data-start=\"94\" data-end=\"278\"><strong>Petit Monkey Mouse Mint laste joogitass toetab lapse iseseisvat joomise \u00f5ppimist. BPA-vaba, lekkekindel ja mugavate sangadega \u2013 ideaalne esimene joogitass beebile.<\/strong><\/p>\n","protected":false},"featured_media":23358,"comment_status":"open","ping_status":"closed","template":"","meta":[],"product_brand":[],"product_cat":[179,489,851,1126],"product_tag":[],"class_list":{"0":"post-23349","1":"product","2":"type-product","3":"status-publish","4":"has-post-thumbnail","6":"product_cat-beebile","7":"product_cat-beebitarbed-toitmiseks","8":"product_cat-joogipudelid-ja-tassid-beebile","9":"product_cat-petit-monkey","10":"has-post-title","11":"has-post-date","12":"has-post-category","13":"has-post-tag","14":"has-post-comment","15":"has-post-author","16":"","18":"first","19":"instock","20":"sale","21":"taxable","22":"shipping-taxable","23":"purchasable","24":"product-type-simple"},"yoast_head":"<!-- This site is optimized with the Yoast SEO plugin v26.8 - https:\/\/yoast.com\/product\/yoast-seo-wordpress\/ -->\n<title>Petit Monkey laste joogitass Mouse Mint - sulin.ee<\/title>\n<meta name=\"description\" content=\"Petit Monkey laste joogitass on ideaalne abiline, et toetada lapse iseseisva joomise \u00f5ppimist. Tassi disain sobib suurep\u00e4raselt v\u00e4ikestele k\u00e4tele\" \/>\n<meta name=\"robots\" content=\"index, follow, max-snippet:-1, max-image-preview:large, max-video-preview:-1\" \/>\n<link rel=\"canonical\" href=\"https:\/\/sulin.ee\/en\/toode\/petit-monkey-laste-joogitass-mouse-mint\/\" \/>\n<meta property=\"og:locale\" content=\"en_US\" \/>\n<meta property=\"og:type\" content=\"article\" \/>\n<meta property=\"og:title\" content=\"Petit Monkey laste joogitass Mouse Mint - sulin.ee\" \/>\n<meta property=\"og:description\" content=\"Petit Monkey laste joogitass on ideaalne abiline, et toetada lapse iseseisva joomise \u00f5ppimist. Tassi disain sobib suurep\u00e4raselt v\u00e4ikestele k\u00e4tele\" \/>\n<meta property=\"og:url\" content=\"https:\/\/sulin.ee\/en\/toode\/petit-monkey-laste-joogitass-mouse-mint\/\" \/>\n<meta property=\"og:site_name\" content=\"sulin.ee\" \/>\n<meta property=\"article:publisher\" content=\"https:\/\/www.facebook.com\/www.sulin.ee\/\" \/>\n<meta property=\"article:modified_time\" content=\"2025-09-07T21:48:43+00:00\" \/>\n<meta property=\"og:image\" content=\"https:\/\/sulin.ee\/wp-content\/uploads\/2024\/10\/IMG_8098-scaled.jpg\" \/>\n\t<meta property=\"og:image:width\" content=\"2560\" \/>\n\t<meta property=\"og:image:height\" content=\"2560\" \/>\n\t<meta property=\"og:image:type\" content=\"image\/jpeg\" \/>\n<meta name=\"twitter:card\" content=\"summary_large_image\" \/>\n<meta name=\"twitter:label1\" content=\"Est. reading time\" \/>\n\t<meta name=\"twitter:data1\" content=\"1 minute\" \/>\n<script type=\"application\/ld+json\" class=\"yoast-schema-graph\">{\"@context\":\"https:\/\/schema.org\",\"@graph\":[{\"@type\":\"WebPage\",\"@id\":\"https:\/\/sulin.ee\/en\/toode\/petit-monkey-laste-joogitass-mouse-mint\/\",\"url\":\"https:\/\/sulin.ee\/en\/toode\/petit-monkey-laste-joogitass-mouse-mint\/\",\"name\":\"Petit Monkey laste joogitass Mouse Mint - sulin.ee\",\"isPartOf\":{\"@id\":\"https:\/\/sulin.ee\/en\/#website\"},\"primaryImageOfPage\":{\"@id\":\"https:\/\/sulin.ee\/en\/toode\/petit-monkey-laste-joogitass-mouse-mint\/#primaryimage\"},\"image\":{\"@id\":\"https:\/\/sulin.ee\/en\/toode\/petit-monkey-laste-joogitass-mouse-mint\/#primaryimage\"},\"thumbnailUrl\":\"https:\/\/sulin.ee\/wp-content\/uploads\/2024\/10\/IMG_8098-scaled.jpg\",\"datePublished\":\"2024-10-31T10:11:32+00:00\",\"dateModified\":\"2025-09-07T21:48:43+00:00\",\"description\":\"Petit Monkey laste joogitass on ideaalne abiline, et toetada lapse iseseisva joomise \u00f5ppimist. Tassi disain sobib suurep\u00e4raselt v\u00e4ikestele k\u00e4tele\",\"breadcrumb\":{\"@id\":\"https:\/\/sulin.ee\/en\/toode\/petit-monkey-laste-joogitass-mouse-mint\/#breadcrumb\"},\"inLanguage\":\"en-US\",\"potentialAction\":[{\"@type\":\"ReadAction\",\"target\":[\"https:\/\/sulin.ee\/en\/toode\/petit-monkey-laste-joogitass-mouse-mint\/\"]}]},{\"@type\":\"ImageObject\",\"inLanguage\":\"en-US\",\"@id\":\"https:\/\/sulin.ee\/en\/toode\/petit-monkey-laste-joogitass-mouse-mint\/#primaryimage\",\"url\":\"https:\/\/sulin.ee\/wp-content\/uploads\/2024\/10\/IMG_8098-scaled.jpg\",\"contentUrl\":\"https:\/\/sulin.ee\/wp-content\/uploads\/2024\/10\/IMG_8098-scaled.jpg\",\"width\":2560,\"height\":2560},{\"@type\":\"BreadcrumbList\",\"@id\":\"https:\/\/sulin.ee\/en\/toode\/petit-monkey-laste-joogitass-mouse-mint\/#breadcrumb\",\"itemListElement\":[{\"@type\":\"ListItem\",\"position\":1,\"name\":\"Home\",\"item\":\"https:\/\/sulin.ee\/en\/\"},{\"@type\":\"ListItem\",\"position\":2,\"name\":\"Sulin.ee e-pood\",\"item\":\"https:\/\/sulin.ee\/shop\/\"},{\"@type\":\"ListItem\",\"position\":3,\"name\":\"Petit Monkey laste joogitass Mouse Mint\"}]},{\"@type\":\"WebSite\",\"@id\":\"https:\/\/sulin.ee\/en\/#website\",\"url\":\"https:\/\/sulin.ee\/en\/\",\"name\":\"sulin.ee\",\"description\":\"\",\"publisher\":{\"@id\":\"https:\/\/sulin.ee\/en\/#organization\"},\"potentialAction\":[{\"@type\":\"SearchAction\",\"target\":{\"@type\":\"EntryPoint\",\"urlTemplate\":\"https:\/\/sulin.ee\/en\/?s={search_term_string}\"},\"query-input\":{\"@type\":\"PropertyValueSpecification\",\"valueRequired\":true,\"valueName\":\"search_term_string\"}}],\"inLanguage\":\"en-US\"},{\"@type\":\"Organization\",\"@id\":\"https:\/\/sulin.ee\/en\/#organization\",\"name\":\"SULIN TRADE O\u00dc\",\"url\":\"https:\/\/sulin.ee\/en\/\",\"logo\":{\"@type\":\"ImageObject\",\"inLanguage\":\"en-US\",\"@id\":\"https:\/\/sulin.ee\/en\/#\/schema\/logo\/image\/\",\"url\":\"https:\/\/sulin.ee\/wp-content\/uploads\/2022\/11\/sulin-logo.png\",\"contentUrl\":\"https:\/\/sulin.ee\/wp-content\/uploads\/2022\/11\/sulin-logo.png\",\"width\":871,\"height\":321,\"caption\":\"SULIN TRADE O\u00dc\"},\"image\":{\"@id\":\"https:\/\/sulin.ee\/en\/#\/schema\/logo\/image\/\"},\"sameAs\":[\"https:\/\/www.facebook.com\/www.sulin.ee\/\",\"https:\/\/www.instagram.com\/sulintrade\/\"]}]}<\/script>\n<!-- \/ Yoast SEO plugin. -->","yoast_head_json":{"title":"Petit Monkey laste joogitass Mouse Mint - sulin.ee","description":"Petit Monkey laste joogitass on ideaalne abiline, et toetada lapse iseseisva joomise \u00f5ppimist. Tassi disain sobib suurep\u00e4raselt v\u00e4ikestele k\u00e4tele","robots":{"index":"index","follow":"follow","max-snippet":"max-snippet:-1","max-image-preview":"max-image-preview:large","max-video-preview":"max-video-preview:-1"},"canonical":"https:\/\/sulin.ee\/en\/toode\/petit-monkey-laste-joogitass-mouse-mint\/","og_locale":"en_US","og_type":"article","og_title":"Petit Monkey laste joogitass Mouse Mint - sulin.ee","og_description":"Petit Monkey laste joogitass on ideaalne abiline, et toetada lapse iseseisva joomise \u00f5ppimist. Tassi disain sobib suurep\u00e4raselt v\u00e4ikestele k\u00e4tele","og_url":"https:\/\/sulin.ee\/en\/toode\/petit-monkey-laste-joogitass-mouse-mint\/","og_site_name":"sulin.ee","article_publisher":"https:\/\/www.facebook.com\/www.sulin.ee\/","article_modified_time":"2025-09-07T21:48:43+00:00","og_image":[{"width":2560,"height":2560,"url":"https:\/\/sulin.ee\/wp-content\/uploads\/2024\/10\/IMG_8098-scaled.jpg","type":"image\/jpeg"}],"twitter_card":"summary_large_image","twitter_misc":{"Est. reading time":"1 minute"},"schema":{"@context":"https:\/\/schema.org","@graph":[{"@type":"WebPage","@id":"https:\/\/sulin.ee\/en\/toode\/petit-monkey-laste-joogitass-mouse-mint\/","url":"https:\/\/sulin.ee\/en\/toode\/petit-monkey-laste-joogitass-mouse-mint\/","name":"Petit Monkey laste joogitass Mouse Mint - sulin.ee","isPartOf":{"@id":"https:\/\/sulin.ee\/en\/#website"},"primaryImageOfPage":{"@id":"https:\/\/sulin.ee\/en\/toode\/petit-monkey-laste-joogitass-mouse-mint\/#primaryimage"},"image":{"@id":"https:\/\/sulin.ee\/en\/toode\/petit-monkey-laste-joogitass-mouse-mint\/#primaryimage"},"thumbnailUrl":"https:\/\/sulin.ee\/wp-content\/uploads\/2024\/10\/IMG_8098-scaled.jpg","datePublished":"2024-10-31T10:11:32+00:00","dateModified":"2025-09-07T21:48:43+00:00","description":"Petit Monkey laste joogitass on ideaalne abiline, et toetada lapse iseseisva joomise \u00f5ppimist. Tassi disain sobib suurep\u00e4raselt v\u00e4ikestele k\u00e4tele","breadcrumb":{"@id":"https:\/\/sulin.ee\/en\/toode\/petit-monkey-laste-joogitass-mouse-mint\/#breadcrumb"},"inLanguage":"en-US","potentialAction":[{"@type":"ReadAction","target":["https:\/\/sulin.ee\/en\/toode\/petit-monkey-laste-joogitass-mouse-mint\/"]}]},{"@type":"ImageObject","inLanguage":"en-US","@id":"https:\/\/sulin.ee\/en\/toode\/petit-monkey-laste-joogitass-mouse-mint\/#primaryimage","url":"https:\/\/sulin.ee\/wp-content\/uploads\/2024\/10\/IMG_8098-scaled.jpg","contentUrl":"https:\/\/sulin.ee\/wp-content\/uploads\/2024\/10\/IMG_8098-scaled.jpg","width":2560,"height":2560},{"@type":"BreadcrumbList","@id":"https:\/\/sulin.ee\/en\/toode\/petit-monkey-laste-joogitass-mouse-mint\/#breadcrumb","itemListElement":[{"@type":"ListItem","position":1,"name":"Home","item":"https:\/\/sulin.ee\/en\/"},{"@type":"ListItem","position":2,"name":"Sulin.ee e-pood","item":"https:\/\/sulin.ee\/shop\/"},{"@type":"ListItem","position":3,"name":"Petit Monkey laste joogitass Mouse Mint"}]},{"@type":"WebSite","@id":"https:\/\/sulin.ee\/en\/#website","url":"https:\/\/sulin.ee\/en\/","name":"sulin.ee","description":"","publisher":{"@id":"https:\/\/sulin.ee\/en\/#organization"},"potentialAction":[{"@type":"SearchAction","target":{"@type":"EntryPoint","urlTemplate":"https:\/\/sulin.ee\/en\/?s={search_term_string}"},"query-input":{"@type":"PropertyValueSpecification","valueRequired":true,"valueName":"search_term_string"}}],"inLanguage":"en-US"},{"@type":"Organization","@id":"https:\/\/sulin.ee\/en\/#organization","name":"SULIN TRADE O\u00dc","url":"https:\/\/sulin.ee\/en\/","logo":{"@type":"ImageObject","inLanguage":"en-US","@id":"https:\/\/sulin.ee\/en\/#\/schema\/logo\/image\/","url":"https:\/\/sulin.ee\/wp-content\/uploads\/2022\/11\/sulin-logo.png","contentUrl":"https:\/\/sulin.ee\/wp-content\/uploads\/2022\/11\/sulin-logo.png","width":871,"height":321,"caption":"SULIN TRADE O\u00dc"},"image":{"@id":"https:\/\/sulin.ee\/en\/#\/schema\/logo\/image\/"},"sameAs":["https:\/\/www.facebook.com\/www.sulin.ee\/","https:\/\/www.instagram.com\/sulintrade\/"]}]}},"builder_content":"","_links":{"self":[{"href":"https:\/\/sulin.ee\/en\/wp-json\/wp\/v2\/product\/23349","targetHints":{"allow":["GET"]}}],"collection":[{"href":"https:\/\/sulin.ee\/en\/wp-json\/wp\/v2\/product"}],"about":[{"href":"https:\/\/sulin.ee\/en\/wp-json\/wp\/v2\/types\/product"}],"replies":[{"embeddable":true,"href":"https:\/\/sulin.ee\/en\/wp-json\/wp\/v2\/comments?post=23349"}],"wp:featuredmedia":[{"embeddable":true,"href":"https:\/\/sulin.ee\/en\/wp-json\/wp\/v2\/media\/23358"}],"wp:attachment":[{"href":"https:\/\/sulin.ee\/en\/wp-json\/wp\/v2\/media?parent=23349"}],"wp:term":[{"taxonomy":"product_brand","embeddable":true,"href":"https:\/\/sulin.ee\/en\/wp-json\/wp\/v2\/product_brand?post=23349"},{"taxonomy":"product_cat","embeddable":true,"href":"https:\/\/sulin.ee\/en\/wp-json\/wp\/v2\/product_cat?post=23349"},{"taxonomy":"product_tag","embeddable":true,"href":"https:\/\/sulin.ee\/en\/wp-json\/wp\/v2\/product_tag?post=23349"}],"curies":[{"name":"wp","href":"https:\/\/api.w.org\/{rel}","templated":true}]}}