{"id":23344,"date":"2024-10-31T08:59:22","date_gmt":"2024-10-31T08:59:22","guid":{"rendered":"https:\/\/sulin.ee\/?post_type=product&#038;p=23344"},"modified":"2025-09-07T21:48:44","modified_gmt":"2025-09-07T21:48:44","slug":"petit-monkey-laste-tass-hiir","status":"publish","type":"product","link":"https:\/\/sulin.ee\/en\/toode\/petit-monkey-laste-tass-hiir\/","title":{"rendered":"Petit Monkey laste tass &#8220;Hiir&#8221;"},"content":{"rendered":"<p><strong><a href=\"https:\/\/petitmonkey.com\/\" target=\"_blank\" rel=\"noopener\">Petit Monkey<\/a> laste tass &#8220;Hiir&#8221;<\/strong> on ideaalne valik v\u00e4ikestele joojatele, tuues igasse p\u00e4eva m\u00e4ngulisust ja sooja ilmet. Cristina, Haciendo el Indio kunstnik, on loonud armsa ja minimalistliku kujunduse, kus hiir ja kivikesed loovad rahuliku ja loodusl\u00e4hedase meeleolu, mis k\u00f6idab laste t\u00e4helepanu ja teeb iga joogipausi eriliseks.<\/p>\n<p><strong>Tass on praktiline igap\u00e4evaseks kasutamiseks<\/strong> ning selle hooldus on lihtne \u2013 see on pestav n\u00f5udepesumasinas, mis muudab tassi puhastamise kiireks ja mugavaks. Valmistatud vastupidavast <strong>100% melamiinist<\/strong>, on see kerge ja purunemiskindel, mist\u00f5ttu on tass ideaalne valik v\u00e4ikestele lastele. Melamiin tagab, et tass on ohutu ja kindel k\u00e4es hoida, kuid tuleb arvestada, et tass ei sobi mikrolaineahjus kasutamiseks, kuna melamiin ei talu mikrolainekiirgust.<\/p>\n<p><strong>Tassi m\u00f5\u00f5tmed<\/strong>: 8 cm k\u00f5rgune ja 7 cm l\u00e4bim\u00f5\u00f5duga, mahutavusega <strong>180 ml<\/strong> \u2013 sobilik suurus v\u00e4iksemateks joogikogusteks, ideaalne vee, mahla v\u00f5i piima pakkumiseks.<\/p>\n<p><strong>Kunstnik<\/strong>: Cristina (Haciendo el Indio), tuntud oma minimalistlike ja loodusest inspireeritud illustratsioonide poolest, mis lisavad igale esemele rahulikkust ja m\u00e4ngulisust, pakkudes lastele sooja ja s\u00f5bralikku kujundust igas joogipausis.<\/p>\n<p>Vaata veel lastele m\u00f5eldud s\u00f6\u00f6gin\u00f5usid <strong><a href=\"https:\/\/sulin.ee\/tootekategooria\/lapsele\/soomine\/sooginoud\/\" target=\"_blank\" rel=\"noopener\">siit.<\/a><\/strong><\/p>\n","protected":false},"excerpt":{"rendered":"<p>Petit Monkey laste tass &#8220;Hiir&#8221; on ideaalne valik v\u00e4ikestele joojatele, tuues igasse p\u00e4eva m\u00e4ngulisust ja sooja ilmet. Cristina, Haciendo el Indio kunstnik, on loonud armsa ja minimalistliku kujunduse, kus hiir ja kivikesed loovad rahuliku ja loodusl\u00e4hedase meeleolu, mis k\u00f6idab laste t\u00e4helepanu ja teeb iga joogipausi eriliseks. Tass on praktiline igap\u00e4evaseks kasutamiseks ning selle hooldus on [&hellip;]<\/p>\n","protected":false},"featured_media":23346,"comment_status":"open","ping_status":"closed","template":"","meta":[],"product_brand":[],"product_cat":[179,489,490,43,171,178,1126],"product_tag":[],"class_list":{"0":"post-23344","1":"product","2":"type-product","3":"status-publish","4":"has-post-thumbnail","6":"product_cat-beebile","7":"product_cat-beebitarbed-toitmiseks","8":"product_cat-beebi-sooginoud","9":"product_cat-lastele","10":"product_cat-soomine","11":"product_cat-sooginoud-lastele","12":"product_cat-petit-monkey","13":"has-post-title","14":"has-post-date","15":"has-post-category","16":"has-post-tag","17":"has-post-comment","18":"has-post-author","19":"","21":"first","22":"instock","23":"sale","24":"taxable","25":"shipping-taxable","26":"purchasable","27":"product-type-simple"},"yoast_head":"<!-- This site is optimized with the Yoast SEO plugin v26.8 - https:\/\/yoast.com\/product\/yoast-seo-wordpress\/ -->\n<title>Petit Monkey laste tass &quot;Hiir&quot; - sulin.ee<\/title>\n<meta name=\"description\" content=\"Petit Monkey laste tass &quot;Hiir&quot; on ideaalne valik v\u00e4ikestele joojatele, tuues igasse p\u00e4eva m\u00e4ngulisust ja sooja ilmet. Armsas ja minimalistlik kujundus.\" \/>\n<meta name=\"robots\" content=\"index, follow, max-snippet:-1, max-image-preview:large, max-video-preview:-1\" \/>\n<link rel=\"canonical\" href=\"https:\/\/sulin.ee\/en\/toode\/petit-monkey-laste-tass-hiir\/\" \/>\n<meta property=\"og:locale\" content=\"en_US\" \/>\n<meta property=\"og:type\" content=\"article\" \/>\n<meta property=\"og:title\" content=\"Petit Monkey laste tass &quot;Hiir&quot; - sulin.ee\" \/>\n<meta property=\"og:description\" content=\"Petit Monkey laste tass &quot;Hiir&quot; on ideaalne valik v\u00e4ikestele joojatele, tuues igasse p\u00e4eva m\u00e4ngulisust ja sooja ilmet. Armsas ja minimalistlik kujundus.\" \/>\n<meta property=\"og:url\" content=\"https:\/\/sulin.ee\/en\/toode\/petit-monkey-laste-tass-hiir\/\" \/>\n<meta property=\"og:site_name\" content=\"sulin.ee\" \/>\n<meta property=\"article:publisher\" content=\"https:\/\/www.facebook.com\/www.sulin.ee\/\" \/>\n<meta property=\"article:modified_time\" content=\"2025-09-07T21:48:44+00:00\" \/>\n<meta property=\"og:image\" content=\"https:\/\/sulin.ee\/wp-content\/uploads\/2024\/10\/melamine_cup_mouse_drops_mcb12_web_x2000.webp\" \/>\n\t<meta property=\"og:image:width\" content=\"1000\" \/>\n\t<meta property=\"og:image:height\" content=\"1000\" \/>\n\t<meta property=\"og:image:type\" content=\"image\/webp\" \/>\n<meta name=\"twitter:card\" content=\"summary_large_image\" \/>\n<meta name=\"twitter:label1\" content=\"Est. reading time\" \/>\n\t<meta name=\"twitter:data1\" content=\"2 minutes\" \/>\n<script type=\"application\/ld+json\" class=\"yoast-schema-graph\">{\"@context\":\"https:\/\/schema.org\",\"@graph\":[{\"@type\":\"WebPage\",\"@id\":\"https:\/\/sulin.ee\/en\/toode\/petit-monkey-laste-tass-hiir\/\",\"url\":\"https:\/\/sulin.ee\/en\/toode\/petit-monkey-laste-tass-hiir\/\",\"name\":\"Petit Monkey laste tass \\\"Hiir\\\" - sulin.ee\",\"isPartOf\":{\"@id\":\"https:\/\/sulin.ee\/en\/#website\"},\"primaryImageOfPage\":{\"@id\":\"https:\/\/sulin.ee\/en\/toode\/petit-monkey-laste-tass-hiir\/#primaryimage\"},\"image\":{\"@id\":\"https:\/\/sulin.ee\/en\/toode\/petit-monkey-laste-tass-hiir\/#primaryimage\"},\"thumbnailUrl\":\"https:\/\/sulin.ee\/wp-content\/uploads\/2024\/10\/melamine_cup_mouse_drops_mcb12_web_x2000.webp\",\"datePublished\":\"2024-10-31T08:59:22+00:00\",\"dateModified\":\"2025-09-07T21:48:44+00:00\",\"description\":\"Petit Monkey laste tass \\\"Hiir\\\" on ideaalne valik v\u00e4ikestele joojatele, tuues igasse p\u00e4eva m\u00e4ngulisust ja sooja ilmet. Armsas ja minimalistlik kujundus.\",\"breadcrumb\":{\"@id\":\"https:\/\/sulin.ee\/en\/toode\/petit-monkey-laste-tass-hiir\/#breadcrumb\"},\"inLanguage\":\"en-US\",\"potentialAction\":[{\"@type\":\"ReadAction\",\"target\":[\"https:\/\/sulin.ee\/en\/toode\/petit-monkey-laste-tass-hiir\/\"]}]},{\"@type\":\"ImageObject\",\"inLanguage\":\"en-US\",\"@id\":\"https:\/\/sulin.ee\/en\/toode\/petit-monkey-laste-tass-hiir\/#primaryimage\",\"url\":\"https:\/\/sulin.ee\/wp-content\/uploads\/2024\/10\/melamine_cup_mouse_drops_mcb12_web_x2000.webp\",\"contentUrl\":\"https:\/\/sulin.ee\/wp-content\/uploads\/2024\/10\/melamine_cup_mouse_drops_mcb12_web_x2000.webp\",\"width\":1000,\"height\":1000,\"caption\":\"Petit Monkey laste tass \\\"Hiir\\\"\"},{\"@type\":\"BreadcrumbList\",\"@id\":\"https:\/\/sulin.ee\/en\/toode\/petit-monkey-laste-tass-hiir\/#breadcrumb\",\"itemListElement\":[{\"@type\":\"ListItem\",\"position\":1,\"name\":\"Home\",\"item\":\"https:\/\/sulin.ee\/en\/\"},{\"@type\":\"ListItem\",\"position\":2,\"name\":\"Sulin.ee e-pood\",\"item\":\"https:\/\/sulin.ee\/shop\/\"},{\"@type\":\"ListItem\",\"position\":3,\"name\":\"Petit Monkey laste tass &#8220;Hiir&#8221;\"}]},{\"@type\":\"WebSite\",\"@id\":\"https:\/\/sulin.ee\/en\/#website\",\"url\":\"https:\/\/sulin.ee\/en\/\",\"name\":\"sulin.ee\",\"description\":\"\",\"publisher\":{\"@id\":\"https:\/\/sulin.ee\/en\/#organization\"},\"potentialAction\":[{\"@type\":\"SearchAction\",\"target\":{\"@type\":\"EntryPoint\",\"urlTemplate\":\"https:\/\/sulin.ee\/en\/?s={search_term_string}\"},\"query-input\":{\"@type\":\"PropertyValueSpecification\",\"valueRequired\":true,\"valueName\":\"search_term_string\"}}],\"inLanguage\":\"en-US\"},{\"@type\":\"Organization\",\"@id\":\"https:\/\/sulin.ee\/en\/#organization\",\"name\":\"SULIN TRADE O\u00dc\",\"url\":\"https:\/\/sulin.ee\/en\/\",\"logo\":{\"@type\":\"ImageObject\",\"inLanguage\":\"en-US\",\"@id\":\"https:\/\/sulin.ee\/en\/#\/schema\/logo\/image\/\",\"url\":\"https:\/\/sulin.ee\/wp-content\/uploads\/2022\/11\/sulin-logo.png\",\"contentUrl\":\"https:\/\/sulin.ee\/wp-content\/uploads\/2022\/11\/sulin-logo.png\",\"width\":871,\"height\":321,\"caption\":\"SULIN TRADE O\u00dc\"},\"image\":{\"@id\":\"https:\/\/sulin.ee\/en\/#\/schema\/logo\/image\/\"},\"sameAs\":[\"https:\/\/www.facebook.com\/www.sulin.ee\/\",\"https:\/\/www.instagram.com\/sulintrade\/\"]}]}<\/script>\n<!-- \/ Yoast SEO plugin. -->","yoast_head_json":{"title":"Petit Monkey laste tass \"Hiir\" - sulin.ee","description":"Petit Monkey laste tass \"Hiir\" on ideaalne valik v\u00e4ikestele joojatele, tuues igasse p\u00e4eva m\u00e4ngulisust ja sooja ilmet. Armsas ja minimalistlik kujundus.","robots":{"index":"index","follow":"follow","max-snippet":"max-snippet:-1","max-image-preview":"max-image-preview:large","max-video-preview":"max-video-preview:-1"},"canonical":"https:\/\/sulin.ee\/en\/toode\/petit-monkey-laste-tass-hiir\/","og_locale":"en_US","og_type":"article","og_title":"Petit Monkey laste tass \"Hiir\" - sulin.ee","og_description":"Petit Monkey laste tass \"Hiir\" on ideaalne valik v\u00e4ikestele joojatele, tuues igasse p\u00e4eva m\u00e4ngulisust ja sooja ilmet. Armsas ja minimalistlik kujundus.","og_url":"https:\/\/sulin.ee\/en\/toode\/petit-monkey-laste-tass-hiir\/","og_site_name":"sulin.ee","article_publisher":"https:\/\/www.facebook.com\/www.sulin.ee\/","article_modified_time":"2025-09-07T21:48:44+00:00","og_image":[{"width":1000,"height":1000,"url":"https:\/\/sulin.ee\/wp-content\/uploads\/2024\/10\/melamine_cup_mouse_drops_mcb12_web_x2000.webp","type":"image\/webp"}],"twitter_card":"summary_large_image","twitter_misc":{"Est. reading time":"2 minutes"},"schema":{"@context":"https:\/\/schema.org","@graph":[{"@type":"WebPage","@id":"https:\/\/sulin.ee\/en\/toode\/petit-monkey-laste-tass-hiir\/","url":"https:\/\/sulin.ee\/en\/toode\/petit-monkey-laste-tass-hiir\/","name":"Petit Monkey laste tass \"Hiir\" - sulin.ee","isPartOf":{"@id":"https:\/\/sulin.ee\/en\/#website"},"primaryImageOfPage":{"@id":"https:\/\/sulin.ee\/en\/toode\/petit-monkey-laste-tass-hiir\/#primaryimage"},"image":{"@id":"https:\/\/sulin.ee\/en\/toode\/petit-monkey-laste-tass-hiir\/#primaryimage"},"thumbnailUrl":"https:\/\/sulin.ee\/wp-content\/uploads\/2024\/10\/melamine_cup_mouse_drops_mcb12_web_x2000.webp","datePublished":"2024-10-31T08:59:22+00:00","dateModified":"2025-09-07T21:48:44+00:00","description":"Petit Monkey laste tass \"Hiir\" on ideaalne valik v\u00e4ikestele joojatele, tuues igasse p\u00e4eva m\u00e4ngulisust ja sooja ilmet. Armsas ja minimalistlik kujundus.","breadcrumb":{"@id":"https:\/\/sulin.ee\/en\/toode\/petit-monkey-laste-tass-hiir\/#breadcrumb"},"inLanguage":"en-US","potentialAction":[{"@type":"ReadAction","target":["https:\/\/sulin.ee\/en\/toode\/petit-monkey-laste-tass-hiir\/"]}]},{"@type":"ImageObject","inLanguage":"en-US","@id":"https:\/\/sulin.ee\/en\/toode\/petit-monkey-laste-tass-hiir\/#primaryimage","url":"https:\/\/sulin.ee\/wp-content\/uploads\/2024\/10\/melamine_cup_mouse_drops_mcb12_web_x2000.webp","contentUrl":"https:\/\/sulin.ee\/wp-content\/uploads\/2024\/10\/melamine_cup_mouse_drops_mcb12_web_x2000.webp","width":1000,"height":1000,"caption":"Petit Monkey laste tass \"Hiir\""},{"@type":"BreadcrumbList","@id":"https:\/\/sulin.ee\/en\/toode\/petit-monkey-laste-tass-hiir\/#breadcrumb","itemListElement":[{"@type":"ListItem","position":1,"name":"Home","item":"https:\/\/sulin.ee\/en\/"},{"@type":"ListItem","position":2,"name":"Sulin.ee e-pood","item":"https:\/\/sulin.ee\/shop\/"},{"@type":"ListItem","position":3,"name":"Petit Monkey laste tass &#8220;Hiir&#8221;"}]},{"@type":"WebSite","@id":"https:\/\/sulin.ee\/en\/#website","url":"https:\/\/sulin.ee\/en\/","name":"sulin.ee","description":"","publisher":{"@id":"https:\/\/sulin.ee\/en\/#organization"},"potentialAction":[{"@type":"SearchAction","target":{"@type":"EntryPoint","urlTemplate":"https:\/\/sulin.ee\/en\/?s={search_term_string}"},"query-input":{"@type":"PropertyValueSpecification","valueRequired":true,"valueName":"search_term_string"}}],"inLanguage":"en-US"},{"@type":"Organization","@id":"https:\/\/sulin.ee\/en\/#organization","name":"SULIN TRADE O\u00dc","url":"https:\/\/sulin.ee\/en\/","logo":{"@type":"ImageObject","inLanguage":"en-US","@id":"https:\/\/sulin.ee\/en\/#\/schema\/logo\/image\/","url":"https:\/\/sulin.ee\/wp-content\/uploads\/2022\/11\/sulin-logo.png","contentUrl":"https:\/\/sulin.ee\/wp-content\/uploads\/2022\/11\/sulin-logo.png","width":871,"height":321,"caption":"SULIN TRADE O\u00dc"},"image":{"@id":"https:\/\/sulin.ee\/en\/#\/schema\/logo\/image\/"},"sameAs":["https:\/\/www.facebook.com\/www.sulin.ee\/","https:\/\/www.instagram.com\/sulintrade\/"]}]}},"builder_content":"","_links":{"self":[{"href":"https:\/\/sulin.ee\/en\/wp-json\/wp\/v2\/product\/23344","targetHints":{"allow":["GET"]}}],"collection":[{"href":"https:\/\/sulin.ee\/en\/wp-json\/wp\/v2\/product"}],"about":[{"href":"https:\/\/sulin.ee\/en\/wp-json\/wp\/v2\/types\/product"}],"replies":[{"embeddable":true,"href":"https:\/\/sulin.ee\/en\/wp-json\/wp\/v2\/comments?post=23344"}],"wp:featuredmedia":[{"embeddable":true,"href":"https:\/\/sulin.ee\/en\/wp-json\/wp\/v2\/media\/23346"}],"wp:attachment":[{"href":"https:\/\/sulin.ee\/en\/wp-json\/wp\/v2\/media?parent=23344"}],"wp:term":[{"taxonomy":"product_brand","embeddable":true,"href":"https:\/\/sulin.ee\/en\/wp-json\/wp\/v2\/product_brand?post=23344"},{"taxonomy":"product_cat","embeddable":true,"href":"https:\/\/sulin.ee\/en\/wp-json\/wp\/v2\/product_cat?post=23344"},{"taxonomy":"product_tag","embeddable":true,"href":"https:\/\/sulin.ee\/en\/wp-json\/wp\/v2\/product_tag?post=23344"}],"curies":[{"name":"wp","href":"https:\/\/api.w.org\/{rel}","templated":true}]}}