{"id":23329,"date":"2024-10-31T08:37:51","date_gmt":"2024-10-31T08:37:51","guid":{"rendered":"https:\/\/sulin.ee\/?post_type=product&#038;p=23329"},"modified":"2025-09-07T21:48:44","modified_gmt":"2025-09-07T21:48:44","slug":"petit-monkey-laste-tass-kassid","status":"publish","type":"product","link":"https:\/\/sulin.ee\/en\/toode\/petit-monkey-laste-tass-kassid\/","title":{"rendered":"Petit Monkey laste tass &#8220;Kassid&#8221;"},"content":{"rendered":"<p><strong><a href=\"https:\/\/petitmonkey.com\/\" target=\"_blank\" rel=\"noopener\">Petit Monkey<\/a> laste tass<\/strong>\u00a0toob r\u00f5\u00f5mu ja m\u00e4ngulisust igasse p\u00e4eva, olles suurep\u00e4rane valik nii kodus kui ka lasteaias v\u00f5i piknikul kasutamiseks. Tassi kaunistavad Helen Dardiku m\u00e4ngulised kassimotiivid, mis pakuvad lastele p\u00f5nevust ja muudavad igap\u00e4evased joogipausid meeldej\u00e4\u00e4vaks. V\u00e4rvilised kassipildid loovad erilise ja fantaasiarikka kujunduse, mis toob lapse n\u00e4ole naeratuse iga lonksuga.<\/p>\n<p><strong>Tass sobib ideaalselt igap\u00e4evaseks kasutamiseks<\/strong> ja on kergesti hooldatav \u2013 see on n\u00f5udepesumasinas pestav, mist\u00f5ttu on puhastamine lihtne ja kiire. Tassi valmistamiseks on kasutatud kvaliteetset <strong>100% melamiini<\/strong>, mis on kerge ja purunemiskindel, olles lapsele ohutu ning samas ka vastupidav. See on loodud v\u00e4ikeste k\u00e4te jaoks, pakkudes mugavat haaret ja kindlustunnet, et tass p\u00fcsib turvaliselt k\u00e4es. Oluline on teada, et tass ei sobi mikrolaineahjus kasutamiseks, kuna melamiin ei talu mikrolainekiirgust.<\/p>\n<p><strong>Tassi m\u00f5\u00f5tmed<\/strong>: 10 cm x 8 cm, mahutavusega <strong>340 ml<\/strong>, mis on sobilik nii vee, mahla kui ka piima jaoks \u2013 ideaalne suurus lastele, pakkudes piisava koguse jooki igaks toidukorraks v\u00f5i joogipausiks.<\/p>\n<p><strong>Disainer<\/strong>: Helen Dardik, kelle m\u00e4ngulised ja v\u00e4rvik\u00fcllased illustratsioonid toovad igasse esemevalikusse fantaasiat ja elu, pakkudes nii lastele kui ka t\u00e4iskasvanutele ainulaadseid ja r\u00f5\u00f5msaid kujundusi.<\/p>\n<p>Vaata veel lastele m\u00f5eldud s\u00f6\u00f6gin\u00f5usid <strong><a href=\"https:\/\/sulin.ee\/tootekategooria\/lapsele\/soomine\/sooginoud\/\" target=\"_blank\" rel=\"noopener\">siit.<\/a><\/strong><\/p>\n","protected":false},"excerpt":{"rendered":"<p>Petit Monkey laste tass\u00a0toob r\u00f5\u00f5mu ja m\u00e4ngulisust igasse p\u00e4eva, olles suurep\u00e4rane valik nii kodus kui ka lasteaias v\u00f5i piknikul kasutamiseks. Tassi kaunistavad Helen Dardiku m\u00e4ngulised kassimotiivid, mis pakuvad lastele p\u00f5nevust ja muudavad igap\u00e4evased joogipausid meeldej\u00e4\u00e4vaks. V\u00e4rvilised kassipildid loovad erilise ja fantaasiarikka kujunduse, mis toob lapse n\u00e4ole naeratuse iga lonksuga. Tass sobib ideaalselt igap\u00e4evaseks kasutamiseks ja [&hellip;]<\/p>\n","protected":false},"featured_media":23332,"comment_status":"open","ping_status":"closed","template":"","meta":[],"product_brand":[],"product_cat":[179,489,490,43,171,178,1126],"product_tag":[],"class_list":{"0":"post-23329","1":"product","2":"type-product","3":"status-publish","4":"has-post-thumbnail","6":"product_cat-beebile","7":"product_cat-beebitarbed-toitmiseks","8":"product_cat-beebi-sooginoud","9":"product_cat-lastele","10":"product_cat-soomine","11":"product_cat-sooginoud-lastele","12":"product_cat-petit-monkey","13":"has-post-title","14":"has-post-date","15":"has-post-category","16":"has-post-tag","17":"has-post-comment","18":"has-post-author","19":"","21":"first","22":"instock","23":"sale","24":"taxable","25":"shipping-taxable","26":"purchasable","27":"product-type-simple"},"yoast_head":"<!-- This site is optimized with the Yoast SEO plugin v26.8 - https:\/\/yoast.com\/product\/yoast-seo-wordpress\/ -->\n<title>Petit Monkey laste tass &quot;Kassid&quot; - sulin.ee<\/title>\n<meta name=\"description\" content=\"Petit Monkey laste tass\u00a0toob r\u00f5\u00f5mu ja m\u00e4ngulisust igasse p\u00e4eva, olles suurep\u00e4rane valik nii kodus kui ka lasteaias v\u00f5i piknikul kasutamiseks.\" \/>\n<meta name=\"robots\" content=\"index, follow, max-snippet:-1, max-image-preview:large, max-video-preview:-1\" \/>\n<link rel=\"canonical\" href=\"https:\/\/sulin.ee\/en\/toode\/petit-monkey-laste-tass-kassid\/\" \/>\n<meta property=\"og:locale\" content=\"en_US\" \/>\n<meta property=\"og:type\" content=\"article\" \/>\n<meta property=\"og:title\" content=\"Petit Monkey laste tass &quot;Kassid&quot; - sulin.ee\" \/>\n<meta property=\"og:description\" content=\"Petit Monkey laste tass\u00a0toob r\u00f5\u00f5mu ja m\u00e4ngulisust igasse p\u00e4eva, olles suurep\u00e4rane valik nii kodus kui ka lasteaias v\u00f5i piknikul kasutamiseks.\" \/>\n<meta property=\"og:url\" content=\"https:\/\/sulin.ee\/en\/toode\/petit-monkey-laste-tass-kassid\/\" \/>\n<meta property=\"og:site_name\" content=\"sulin.ee\" \/>\n<meta property=\"article:publisher\" content=\"https:\/\/www.facebook.com\/www.sulin.ee\/\" \/>\n<meta property=\"article:modified_time\" content=\"2025-09-07T21:48:44+00:00\" \/>\n<meta property=\"og:image\" content=\"https:\/\/sulin.ee\/wp-content\/uploads\/2024\/10\/melamince_cup_pink_cats_mc1_x2000.webp\" \/>\n\t<meta property=\"og:image:width\" content=\"1000\" \/>\n\t<meta property=\"og:image:height\" content=\"1000\" \/>\n\t<meta property=\"og:image:type\" content=\"image\/webp\" \/>\n<meta name=\"twitter:card\" content=\"summary_large_image\" \/>\n<meta name=\"twitter:label1\" content=\"Est. reading time\" \/>\n\t<meta name=\"twitter:data1\" content=\"2 minutes\" \/>\n<script type=\"application\/ld+json\" class=\"yoast-schema-graph\">{\"@context\":\"https:\/\/schema.org\",\"@graph\":[{\"@type\":\"WebPage\",\"@id\":\"https:\/\/sulin.ee\/en\/toode\/petit-monkey-laste-tass-kassid\/\",\"url\":\"https:\/\/sulin.ee\/en\/toode\/petit-monkey-laste-tass-kassid\/\",\"name\":\"Petit Monkey laste tass \\\"Kassid\\\" - sulin.ee\",\"isPartOf\":{\"@id\":\"https:\/\/sulin.ee\/en\/#website\"},\"primaryImageOfPage\":{\"@id\":\"https:\/\/sulin.ee\/en\/toode\/petit-monkey-laste-tass-kassid\/#primaryimage\"},\"image\":{\"@id\":\"https:\/\/sulin.ee\/en\/toode\/petit-monkey-laste-tass-kassid\/#primaryimage\"},\"thumbnailUrl\":\"https:\/\/sulin.ee\/wp-content\/uploads\/2024\/10\/melamince_cup_pink_cats_mc1_x2000.webp\",\"datePublished\":\"2024-10-31T08:37:51+00:00\",\"dateModified\":\"2025-09-07T21:48:44+00:00\",\"description\":\"Petit Monkey laste tass\u00a0toob r\u00f5\u00f5mu ja m\u00e4ngulisust igasse p\u00e4eva, olles suurep\u00e4rane valik nii kodus kui ka lasteaias v\u00f5i piknikul kasutamiseks.\",\"breadcrumb\":{\"@id\":\"https:\/\/sulin.ee\/en\/toode\/petit-monkey-laste-tass-kassid\/#breadcrumb\"},\"inLanguage\":\"en-US\",\"potentialAction\":[{\"@type\":\"ReadAction\",\"target\":[\"https:\/\/sulin.ee\/en\/toode\/petit-monkey-laste-tass-kassid\/\"]}]},{\"@type\":\"ImageObject\",\"inLanguage\":\"en-US\",\"@id\":\"https:\/\/sulin.ee\/en\/toode\/petit-monkey-laste-tass-kassid\/#primaryimage\",\"url\":\"https:\/\/sulin.ee\/wp-content\/uploads\/2024\/10\/melamince_cup_pink_cats_mc1_x2000.webp\",\"contentUrl\":\"https:\/\/sulin.ee\/wp-content\/uploads\/2024\/10\/melamince_cup_pink_cats_mc1_x2000.webp\",\"width\":1000,\"height\":1000,\"caption\":\"Petit Monkey laste tass\"},{\"@type\":\"BreadcrumbList\",\"@id\":\"https:\/\/sulin.ee\/en\/toode\/petit-monkey-laste-tass-kassid\/#breadcrumb\",\"itemListElement\":[{\"@type\":\"ListItem\",\"position\":1,\"name\":\"Home\",\"item\":\"https:\/\/sulin.ee\/en\/\"},{\"@type\":\"ListItem\",\"position\":2,\"name\":\"Sulin.ee e-pood\",\"item\":\"https:\/\/sulin.ee\/shop\/\"},{\"@type\":\"ListItem\",\"position\":3,\"name\":\"Petit Monkey laste tass &#8220;Kassid&#8221;\"}]},{\"@type\":\"WebSite\",\"@id\":\"https:\/\/sulin.ee\/en\/#website\",\"url\":\"https:\/\/sulin.ee\/en\/\",\"name\":\"sulin.ee\",\"description\":\"\",\"publisher\":{\"@id\":\"https:\/\/sulin.ee\/en\/#organization\"},\"potentialAction\":[{\"@type\":\"SearchAction\",\"target\":{\"@type\":\"EntryPoint\",\"urlTemplate\":\"https:\/\/sulin.ee\/en\/?s={search_term_string}\"},\"query-input\":{\"@type\":\"PropertyValueSpecification\",\"valueRequired\":true,\"valueName\":\"search_term_string\"}}],\"inLanguage\":\"en-US\"},{\"@type\":\"Organization\",\"@id\":\"https:\/\/sulin.ee\/en\/#organization\",\"name\":\"SULIN TRADE O\u00dc\",\"url\":\"https:\/\/sulin.ee\/en\/\",\"logo\":{\"@type\":\"ImageObject\",\"inLanguage\":\"en-US\",\"@id\":\"https:\/\/sulin.ee\/en\/#\/schema\/logo\/image\/\",\"url\":\"https:\/\/sulin.ee\/wp-content\/uploads\/2022\/11\/sulin-logo.png\",\"contentUrl\":\"https:\/\/sulin.ee\/wp-content\/uploads\/2022\/11\/sulin-logo.png\",\"width\":871,\"height\":321,\"caption\":\"SULIN TRADE O\u00dc\"},\"image\":{\"@id\":\"https:\/\/sulin.ee\/en\/#\/schema\/logo\/image\/\"},\"sameAs\":[\"https:\/\/www.facebook.com\/www.sulin.ee\/\",\"https:\/\/www.instagram.com\/sulintrade\/\"]}]}<\/script>\n<!-- \/ Yoast SEO plugin. -->","yoast_head_json":{"title":"Petit Monkey laste tass \"Kassid\" - sulin.ee","description":"Petit Monkey laste tass\u00a0toob r\u00f5\u00f5mu ja m\u00e4ngulisust igasse p\u00e4eva, olles suurep\u00e4rane valik nii kodus kui ka lasteaias v\u00f5i piknikul kasutamiseks.","robots":{"index":"index","follow":"follow","max-snippet":"max-snippet:-1","max-image-preview":"max-image-preview:large","max-video-preview":"max-video-preview:-1"},"canonical":"https:\/\/sulin.ee\/en\/toode\/petit-monkey-laste-tass-kassid\/","og_locale":"en_US","og_type":"article","og_title":"Petit Monkey laste tass \"Kassid\" - sulin.ee","og_description":"Petit Monkey laste tass\u00a0toob r\u00f5\u00f5mu ja m\u00e4ngulisust igasse p\u00e4eva, olles suurep\u00e4rane valik nii kodus kui ka lasteaias v\u00f5i piknikul kasutamiseks.","og_url":"https:\/\/sulin.ee\/en\/toode\/petit-monkey-laste-tass-kassid\/","og_site_name":"sulin.ee","article_publisher":"https:\/\/www.facebook.com\/www.sulin.ee\/","article_modified_time":"2025-09-07T21:48:44+00:00","og_image":[{"width":1000,"height":1000,"url":"https:\/\/sulin.ee\/wp-content\/uploads\/2024\/10\/melamince_cup_pink_cats_mc1_x2000.webp","type":"image\/webp"}],"twitter_card":"summary_large_image","twitter_misc":{"Est. reading time":"2 minutes"},"schema":{"@context":"https:\/\/schema.org","@graph":[{"@type":"WebPage","@id":"https:\/\/sulin.ee\/en\/toode\/petit-monkey-laste-tass-kassid\/","url":"https:\/\/sulin.ee\/en\/toode\/petit-monkey-laste-tass-kassid\/","name":"Petit Monkey laste tass \"Kassid\" - sulin.ee","isPartOf":{"@id":"https:\/\/sulin.ee\/en\/#website"},"primaryImageOfPage":{"@id":"https:\/\/sulin.ee\/en\/toode\/petit-monkey-laste-tass-kassid\/#primaryimage"},"image":{"@id":"https:\/\/sulin.ee\/en\/toode\/petit-monkey-laste-tass-kassid\/#primaryimage"},"thumbnailUrl":"https:\/\/sulin.ee\/wp-content\/uploads\/2024\/10\/melamince_cup_pink_cats_mc1_x2000.webp","datePublished":"2024-10-31T08:37:51+00:00","dateModified":"2025-09-07T21:48:44+00:00","description":"Petit Monkey laste tass\u00a0toob r\u00f5\u00f5mu ja m\u00e4ngulisust igasse p\u00e4eva, olles suurep\u00e4rane valik nii kodus kui ka lasteaias v\u00f5i piknikul kasutamiseks.","breadcrumb":{"@id":"https:\/\/sulin.ee\/en\/toode\/petit-monkey-laste-tass-kassid\/#breadcrumb"},"inLanguage":"en-US","potentialAction":[{"@type":"ReadAction","target":["https:\/\/sulin.ee\/en\/toode\/petit-monkey-laste-tass-kassid\/"]}]},{"@type":"ImageObject","inLanguage":"en-US","@id":"https:\/\/sulin.ee\/en\/toode\/petit-monkey-laste-tass-kassid\/#primaryimage","url":"https:\/\/sulin.ee\/wp-content\/uploads\/2024\/10\/melamince_cup_pink_cats_mc1_x2000.webp","contentUrl":"https:\/\/sulin.ee\/wp-content\/uploads\/2024\/10\/melamince_cup_pink_cats_mc1_x2000.webp","width":1000,"height":1000,"caption":"Petit Monkey laste tass"},{"@type":"BreadcrumbList","@id":"https:\/\/sulin.ee\/en\/toode\/petit-monkey-laste-tass-kassid\/#breadcrumb","itemListElement":[{"@type":"ListItem","position":1,"name":"Home","item":"https:\/\/sulin.ee\/en\/"},{"@type":"ListItem","position":2,"name":"Sulin.ee e-pood","item":"https:\/\/sulin.ee\/shop\/"},{"@type":"ListItem","position":3,"name":"Petit Monkey laste tass &#8220;Kassid&#8221;"}]},{"@type":"WebSite","@id":"https:\/\/sulin.ee\/en\/#website","url":"https:\/\/sulin.ee\/en\/","name":"sulin.ee","description":"","publisher":{"@id":"https:\/\/sulin.ee\/en\/#organization"},"potentialAction":[{"@type":"SearchAction","target":{"@type":"EntryPoint","urlTemplate":"https:\/\/sulin.ee\/en\/?s={search_term_string}"},"query-input":{"@type":"PropertyValueSpecification","valueRequired":true,"valueName":"search_term_string"}}],"inLanguage":"en-US"},{"@type":"Organization","@id":"https:\/\/sulin.ee\/en\/#organization","name":"SULIN TRADE O\u00dc","url":"https:\/\/sulin.ee\/en\/","logo":{"@type":"ImageObject","inLanguage":"en-US","@id":"https:\/\/sulin.ee\/en\/#\/schema\/logo\/image\/","url":"https:\/\/sulin.ee\/wp-content\/uploads\/2022\/11\/sulin-logo.png","contentUrl":"https:\/\/sulin.ee\/wp-content\/uploads\/2022\/11\/sulin-logo.png","width":871,"height":321,"caption":"SULIN TRADE O\u00dc"},"image":{"@id":"https:\/\/sulin.ee\/en\/#\/schema\/logo\/image\/"},"sameAs":["https:\/\/www.facebook.com\/www.sulin.ee\/","https:\/\/www.instagram.com\/sulintrade\/"]}]}},"builder_content":"","_links":{"self":[{"href":"https:\/\/sulin.ee\/en\/wp-json\/wp\/v2\/product\/23329","targetHints":{"allow":["GET"]}}],"collection":[{"href":"https:\/\/sulin.ee\/en\/wp-json\/wp\/v2\/product"}],"about":[{"href":"https:\/\/sulin.ee\/en\/wp-json\/wp\/v2\/types\/product"}],"replies":[{"embeddable":true,"href":"https:\/\/sulin.ee\/en\/wp-json\/wp\/v2\/comments?post=23329"}],"wp:featuredmedia":[{"embeddable":true,"href":"https:\/\/sulin.ee\/en\/wp-json\/wp\/v2\/media\/23332"}],"wp:attachment":[{"href":"https:\/\/sulin.ee\/en\/wp-json\/wp\/v2\/media?parent=23329"}],"wp:term":[{"taxonomy":"product_brand","embeddable":true,"href":"https:\/\/sulin.ee\/en\/wp-json\/wp\/v2\/product_brand?post=23329"},{"taxonomy":"product_cat","embeddable":true,"href":"https:\/\/sulin.ee\/en\/wp-json\/wp\/v2\/product_cat?post=23329"},{"taxonomy":"product_tag","embeddable":true,"href":"https:\/\/sulin.ee\/en\/wp-json\/wp\/v2\/product_tag?post=23329"}],"curies":[{"name":"wp","href":"https:\/\/api.w.org\/{rel}","templated":true}]}}