{"id":23160,"date":"2024-10-27T14:16:45","date_gmt":"2024-10-27T14:16:45","guid":{"rendered":"https:\/\/sulin.ee\/?post_type=product&#038;p=23160"},"modified":"2025-09-07T21:41:13","modified_gmt":"2025-09-07T21:41:13","slug":"silikoonist-iminapaga-kauss-lovi","status":"publish","type":"product","link":"https:\/\/sulin.ee\/en\/toode\/silikoonist-iminapaga-kauss-lovi\/","title":{"rendered":"Silikoonist iminapaga kauss &#8211; L\u00f5vi"},"content":{"rendered":"<p><strong>Silikoonist iminapaga kauss &#8211; L\u00f5vi<\/strong>\u00a0<a href=\"https:\/\/petitmonkey.com\/\" target=\"_blank\" rel=\"noopener\">Petit Monkeylt<\/a> on praktiline ja armas kauss, mis on m\u00f5eldud just beebidele ja v\u00e4ikestele lastele. Kauss on varustatud iminapaga, mis kinnitub tugevalt lauale v\u00f5i s\u00f6\u00f6gitoolile, hoides seda paigal ka k\u00f5ige energilisemate s\u00f6\u00f6jate puhul. Valmistatud pehmest ja purunemiskindlast silikoonist, muudab see s\u00f6\u00f6giaja m\u00e4nguliseks ja ohutuks. Kauss sobib h\u00e4sti n\u00e4putoitude jaoks, aidates lapsel iseseisvalt s\u00f6\u00f6ma \u00f5ppida.<\/p>\n<p><strong>Olulised omadused ja eelised:<\/strong><\/p>\n<p><strong>Materjal:<\/strong> Valmistatud LFGB-sertifikaadiga toidusilikoonist, mis on keskkonnas\u00f5bralik ning vaba BPA-st, PVC-st, lateksist, pliist ja ftalaatidest.<\/p>\n<p><strong>Lihtne puhastada:<\/strong> Topsi saab pesta n\u00f5udepesumasina \u00fclemisel restil, mis teeb hooldamise lihtsaks ja kiireks.<\/p>\n<p><strong>Temperatuuritaluvus:<\/strong> Kausi maksimaalne temperatuuritaluvus on +220 \u00b0C ja minimaalne -40 \u00b0C, mist\u00f5ttu on see v\u00e4ga vastupidav.<\/p>\n<p><strong>Universaalne sobivus:<\/strong> Kausi iminapp kinnitub enamikule s\u00f6\u00f6gitoolidele ja pindadele, pakkudes stabiilset ja turvalist s\u00f6\u00f6gikogemust.<\/p>\n<p><strong>Esimene kasutuskord:<\/strong> Enne esimest kasutust soovitatakse kaussi keeta, pesta n\u00f5udepesumasinas v\u00f5i puhastada sooja vee ja pesuvahendiga, et eemaldada tootmisj\u00e4\u00e4gid.<\/p>\n<p><strong>M\u00f5\u00f5dud:<\/strong> 12 \u00d7 12 cm<\/p>\n<p>See karukujuline iminapaga kauss on suurep\u00e4rane valik v\u00e4ikelastele, muutes s\u00f6\u00f6giaja lihtsamaks ja nauditavamaks!<\/p>\n<p>Vaata veel s\u00f6\u00f6gin\u00f5usid lastele <strong><a href=\"https:\/\/sulin.ee\/tootekategooria\/lapsele\/soomine\/sooginoud\/\" target=\"_blank\" rel=\"noopener\">siit.<\/a><\/strong><\/p>\n","protected":false},"excerpt":{"rendered":"<p>Silikoonist iminapaga kauss &#8211; L\u00f5vi\u00a0Petit Monkeylt on praktiline ja armas kauss, mis on m\u00f5eldud just beebidele ja v\u00e4ikestele lastele. Kauss on varustatud iminapaga, mis kinnitub tugevalt lauale v\u00f5i s\u00f6\u00f6gitoolile, hoides seda paigal ka k\u00f5ige energilisemate s\u00f6\u00f6jate puhul. Valmistatud pehmest ja purunemiskindlast silikoonist, muudab see s\u00f6\u00f6giaja m\u00e4nguliseks ja ohutuks. Kauss sobib h\u00e4sti n\u00e4putoitude jaoks, aidates lapsel [&hellip;]<\/p>\n","protected":false},"featured_media":23163,"comment_status":"open","ping_status":"closed","template":"","meta":[],"product_brand":[],"product_cat":[179,489,490,43,171,178,1126],"product_tag":[],"class_list":{"0":"post-23160","1":"product","2":"type-product","3":"status-publish","4":"has-post-thumbnail","6":"product_cat-beebile","7":"product_cat-beebitarbed-toitmiseks","8":"product_cat-beebi-sooginoud","9":"product_cat-lastele","10":"product_cat-soomine","11":"product_cat-sooginoud-lastele","12":"product_cat-petit-monkey","13":"has-post-title","14":"has-post-date","15":"has-post-category","16":"has-post-tag","17":"has-post-comment","18":"has-post-author","19":"","21":"first","22":"instock","23":"sale","24":"taxable","25":"shipping-taxable","26":"purchasable","27":"product-type-variable"},"yoast_head":"<!-- This site is optimized with the Yoast SEO plugin v26.8 - https:\/\/yoast.com\/product\/yoast-seo-wordpress\/ -->\n<title>Silikoonist iminapaga kauss - L\u00f5vi - sulin.ee<\/title>\n<meta name=\"description\" content=\"Silikoonist iminapaga kauss - L\u00f5vi\u00a0on varustatud iminapaga, mis kinnitub tugevalt lauale v\u00f5i s\u00f6\u00f6gitoolile. M\u00f5\u00f5dud: 12 \u00d7 12 cm\" \/>\n<meta name=\"robots\" content=\"index, follow, max-snippet:-1, max-image-preview:large, max-video-preview:-1\" \/>\n<link rel=\"canonical\" href=\"https:\/\/sulin.ee\/en\/toode\/silikoonist-iminapaga-kauss-lovi\/\" \/>\n<meta property=\"og:locale\" content=\"en_US\" \/>\n<meta property=\"og:type\" content=\"article\" \/>\n<meta property=\"og:title\" content=\"Silikoonist iminapaga kauss - L\u00f5vi - sulin.ee\" \/>\n<meta property=\"og:description\" content=\"Silikoonist iminapaga kauss - L\u00f5vi\u00a0on varustatud iminapaga, mis kinnitub tugevalt lauale v\u00f5i s\u00f6\u00f6gitoolile. M\u00f5\u00f5dud: 12 \u00d7 12 cm\" \/>\n<meta property=\"og:url\" content=\"https:\/\/sulin.ee\/en\/toode\/silikoonist-iminapaga-kauss-lovi\/\" \/>\n<meta property=\"og:site_name\" content=\"sulin.ee\" \/>\n<meta property=\"article:publisher\" content=\"https:\/\/www.facebook.com\/www.sulin.ee\/\" \/>\n<meta property=\"article:modified_time\" content=\"2025-09-07T21:41:13+00:00\" \/>\n<meta property=\"og:image\" content=\"https:\/\/sulin.ee\/wp-content\/uploads\/2024\/10\/IMG_4276_x2000.webp\" \/>\n\t<meta property=\"og:image:width\" content=\"900\" \/>\n\t<meta property=\"og:image:height\" content=\"900\" \/>\n\t<meta property=\"og:image:type\" content=\"image\/webp\" \/>\n<meta name=\"twitter:card\" content=\"summary_large_image\" \/>\n<meta name=\"twitter:label1\" content=\"Est. reading time\" \/>\n\t<meta name=\"twitter:data1\" content=\"2 minutes\" \/>\n<script type=\"application\/ld+json\" class=\"yoast-schema-graph\">{\"@context\":\"https:\/\/schema.org\",\"@graph\":[{\"@type\":\"WebPage\",\"@id\":\"https:\/\/sulin.ee\/en\/toode\/silikoonist-iminapaga-kauss-lovi\/\",\"url\":\"https:\/\/sulin.ee\/en\/toode\/silikoonist-iminapaga-kauss-lovi\/\",\"name\":\"Silikoonist iminapaga kauss - L\u00f5vi - sulin.ee\",\"isPartOf\":{\"@id\":\"https:\/\/sulin.ee\/en\/#website\"},\"primaryImageOfPage\":{\"@id\":\"https:\/\/sulin.ee\/en\/toode\/silikoonist-iminapaga-kauss-lovi\/#primaryimage\"},\"image\":{\"@id\":\"https:\/\/sulin.ee\/en\/toode\/silikoonist-iminapaga-kauss-lovi\/#primaryimage\"},\"thumbnailUrl\":\"https:\/\/sulin.ee\/wp-content\/uploads\/2024\/10\/IMG_4276_x2000.webp\",\"datePublished\":\"2024-10-27T14:16:45+00:00\",\"dateModified\":\"2025-09-07T21:41:13+00:00\",\"description\":\"Silikoonist iminapaga kauss - L\u00f5vi\u00a0on varustatud iminapaga, mis kinnitub tugevalt lauale v\u00f5i s\u00f6\u00f6gitoolile. M\u00f5\u00f5dud: 12 \u00d7 12 cm\",\"breadcrumb\":{\"@id\":\"https:\/\/sulin.ee\/en\/toode\/silikoonist-iminapaga-kauss-lovi\/#breadcrumb\"},\"inLanguage\":\"en-US\",\"potentialAction\":[{\"@type\":\"ReadAction\",\"target\":[\"https:\/\/sulin.ee\/en\/toode\/silikoonist-iminapaga-kauss-lovi\/\"]}]},{\"@type\":\"ImageObject\",\"inLanguage\":\"en-US\",\"@id\":\"https:\/\/sulin.ee\/en\/toode\/silikoonist-iminapaga-kauss-lovi\/#primaryimage\",\"url\":\"https:\/\/sulin.ee\/wp-content\/uploads\/2024\/10\/IMG_4276_x2000.webp\",\"contentUrl\":\"https:\/\/sulin.ee\/wp-content\/uploads\/2024\/10\/IMG_4276_x2000.webp\",\"width\":900,\"height\":900,\"caption\":\"Silikoonist iminapaga kauss - L\u00f5vi\"},{\"@type\":\"BreadcrumbList\",\"@id\":\"https:\/\/sulin.ee\/en\/toode\/silikoonist-iminapaga-kauss-lovi\/#breadcrumb\",\"itemListElement\":[{\"@type\":\"ListItem\",\"position\":1,\"name\":\"Home\",\"item\":\"https:\/\/sulin.ee\/en\/\"},{\"@type\":\"ListItem\",\"position\":2,\"name\":\"Sulin.ee e-pood\",\"item\":\"https:\/\/sulin.ee\/shop\/\"},{\"@type\":\"ListItem\",\"position\":3,\"name\":\"Silikoonist iminapaga kauss &#8211; L\u00f5vi\"}]},{\"@type\":\"WebSite\",\"@id\":\"https:\/\/sulin.ee\/en\/#website\",\"url\":\"https:\/\/sulin.ee\/en\/\",\"name\":\"sulin.ee\",\"description\":\"\",\"publisher\":{\"@id\":\"https:\/\/sulin.ee\/en\/#organization\"},\"potentialAction\":[{\"@type\":\"SearchAction\",\"target\":{\"@type\":\"EntryPoint\",\"urlTemplate\":\"https:\/\/sulin.ee\/en\/?s={search_term_string}\"},\"query-input\":{\"@type\":\"PropertyValueSpecification\",\"valueRequired\":true,\"valueName\":\"search_term_string\"}}],\"inLanguage\":\"en-US\"},{\"@type\":\"Organization\",\"@id\":\"https:\/\/sulin.ee\/en\/#organization\",\"name\":\"SULIN TRADE O\u00dc\",\"url\":\"https:\/\/sulin.ee\/en\/\",\"logo\":{\"@type\":\"ImageObject\",\"inLanguage\":\"en-US\",\"@id\":\"https:\/\/sulin.ee\/en\/#\/schema\/logo\/image\/\",\"url\":\"https:\/\/sulin.ee\/wp-content\/uploads\/2022\/11\/sulin-logo.png\",\"contentUrl\":\"https:\/\/sulin.ee\/wp-content\/uploads\/2022\/11\/sulin-logo.png\",\"width\":871,\"height\":321,\"caption\":\"SULIN TRADE O\u00dc\"},\"image\":{\"@id\":\"https:\/\/sulin.ee\/en\/#\/schema\/logo\/image\/\"},\"sameAs\":[\"https:\/\/www.facebook.com\/www.sulin.ee\/\",\"https:\/\/www.instagram.com\/sulintrade\/\"]}]}<\/script>\n<!-- \/ Yoast SEO plugin. -->","yoast_head_json":{"title":"Silikoonist iminapaga kauss - L\u00f5vi - sulin.ee","description":"Silikoonist iminapaga kauss - L\u00f5vi\u00a0on varustatud iminapaga, mis kinnitub tugevalt lauale v\u00f5i s\u00f6\u00f6gitoolile. M\u00f5\u00f5dud: 12 \u00d7 12 cm","robots":{"index":"index","follow":"follow","max-snippet":"max-snippet:-1","max-image-preview":"max-image-preview:large","max-video-preview":"max-video-preview:-1"},"canonical":"https:\/\/sulin.ee\/en\/toode\/silikoonist-iminapaga-kauss-lovi\/","og_locale":"en_US","og_type":"article","og_title":"Silikoonist iminapaga kauss - L\u00f5vi - sulin.ee","og_description":"Silikoonist iminapaga kauss - L\u00f5vi\u00a0on varustatud iminapaga, mis kinnitub tugevalt lauale v\u00f5i s\u00f6\u00f6gitoolile. M\u00f5\u00f5dud: 12 \u00d7 12 cm","og_url":"https:\/\/sulin.ee\/en\/toode\/silikoonist-iminapaga-kauss-lovi\/","og_site_name":"sulin.ee","article_publisher":"https:\/\/www.facebook.com\/www.sulin.ee\/","article_modified_time":"2025-09-07T21:41:13+00:00","og_image":[{"width":900,"height":900,"url":"https:\/\/sulin.ee\/wp-content\/uploads\/2024\/10\/IMG_4276_x2000.webp","type":"image\/webp"}],"twitter_card":"summary_large_image","twitter_misc":{"Est. reading time":"2 minutes"},"schema":{"@context":"https:\/\/schema.org","@graph":[{"@type":"WebPage","@id":"https:\/\/sulin.ee\/en\/toode\/silikoonist-iminapaga-kauss-lovi\/","url":"https:\/\/sulin.ee\/en\/toode\/silikoonist-iminapaga-kauss-lovi\/","name":"Silikoonist iminapaga kauss - L\u00f5vi - sulin.ee","isPartOf":{"@id":"https:\/\/sulin.ee\/en\/#website"},"primaryImageOfPage":{"@id":"https:\/\/sulin.ee\/en\/toode\/silikoonist-iminapaga-kauss-lovi\/#primaryimage"},"image":{"@id":"https:\/\/sulin.ee\/en\/toode\/silikoonist-iminapaga-kauss-lovi\/#primaryimage"},"thumbnailUrl":"https:\/\/sulin.ee\/wp-content\/uploads\/2024\/10\/IMG_4276_x2000.webp","datePublished":"2024-10-27T14:16:45+00:00","dateModified":"2025-09-07T21:41:13+00:00","description":"Silikoonist iminapaga kauss - L\u00f5vi\u00a0on varustatud iminapaga, mis kinnitub tugevalt lauale v\u00f5i s\u00f6\u00f6gitoolile. M\u00f5\u00f5dud: 12 \u00d7 12 cm","breadcrumb":{"@id":"https:\/\/sulin.ee\/en\/toode\/silikoonist-iminapaga-kauss-lovi\/#breadcrumb"},"inLanguage":"en-US","potentialAction":[{"@type":"ReadAction","target":["https:\/\/sulin.ee\/en\/toode\/silikoonist-iminapaga-kauss-lovi\/"]}]},{"@type":"ImageObject","inLanguage":"en-US","@id":"https:\/\/sulin.ee\/en\/toode\/silikoonist-iminapaga-kauss-lovi\/#primaryimage","url":"https:\/\/sulin.ee\/wp-content\/uploads\/2024\/10\/IMG_4276_x2000.webp","contentUrl":"https:\/\/sulin.ee\/wp-content\/uploads\/2024\/10\/IMG_4276_x2000.webp","width":900,"height":900,"caption":"Silikoonist iminapaga kauss - L\u00f5vi"},{"@type":"BreadcrumbList","@id":"https:\/\/sulin.ee\/en\/toode\/silikoonist-iminapaga-kauss-lovi\/#breadcrumb","itemListElement":[{"@type":"ListItem","position":1,"name":"Home","item":"https:\/\/sulin.ee\/en\/"},{"@type":"ListItem","position":2,"name":"Sulin.ee e-pood","item":"https:\/\/sulin.ee\/shop\/"},{"@type":"ListItem","position":3,"name":"Silikoonist iminapaga kauss &#8211; L\u00f5vi"}]},{"@type":"WebSite","@id":"https:\/\/sulin.ee\/en\/#website","url":"https:\/\/sulin.ee\/en\/","name":"sulin.ee","description":"","publisher":{"@id":"https:\/\/sulin.ee\/en\/#organization"},"potentialAction":[{"@type":"SearchAction","target":{"@type":"EntryPoint","urlTemplate":"https:\/\/sulin.ee\/en\/?s={search_term_string}"},"query-input":{"@type":"PropertyValueSpecification","valueRequired":true,"valueName":"search_term_string"}}],"inLanguage":"en-US"},{"@type":"Organization","@id":"https:\/\/sulin.ee\/en\/#organization","name":"SULIN TRADE O\u00dc","url":"https:\/\/sulin.ee\/en\/","logo":{"@type":"ImageObject","inLanguage":"en-US","@id":"https:\/\/sulin.ee\/en\/#\/schema\/logo\/image\/","url":"https:\/\/sulin.ee\/wp-content\/uploads\/2022\/11\/sulin-logo.png","contentUrl":"https:\/\/sulin.ee\/wp-content\/uploads\/2022\/11\/sulin-logo.png","width":871,"height":321,"caption":"SULIN TRADE O\u00dc"},"image":{"@id":"https:\/\/sulin.ee\/en\/#\/schema\/logo\/image\/"},"sameAs":["https:\/\/www.facebook.com\/www.sulin.ee\/","https:\/\/www.instagram.com\/sulintrade\/"]}]}},"builder_content":"","_links":{"self":[{"href":"https:\/\/sulin.ee\/en\/wp-json\/wp\/v2\/product\/23160","targetHints":{"allow":["GET"]}}],"collection":[{"href":"https:\/\/sulin.ee\/en\/wp-json\/wp\/v2\/product"}],"about":[{"href":"https:\/\/sulin.ee\/en\/wp-json\/wp\/v2\/types\/product"}],"replies":[{"embeddable":true,"href":"https:\/\/sulin.ee\/en\/wp-json\/wp\/v2\/comments?post=23160"}],"wp:featuredmedia":[{"embeddable":true,"href":"https:\/\/sulin.ee\/en\/wp-json\/wp\/v2\/media\/23163"}],"wp:attachment":[{"href":"https:\/\/sulin.ee\/en\/wp-json\/wp\/v2\/media?parent=23160"}],"wp:term":[{"taxonomy":"product_brand","embeddable":true,"href":"https:\/\/sulin.ee\/en\/wp-json\/wp\/v2\/product_brand?post=23160"},{"taxonomy":"product_cat","embeddable":true,"href":"https:\/\/sulin.ee\/en\/wp-json\/wp\/v2\/product_cat?post=23160"},{"taxonomy":"product_tag","embeddable":true,"href":"https:\/\/sulin.ee\/en\/wp-json\/wp\/v2\/product_tag?post=23160"}],"curies":[{"name":"wp","href":"https:\/\/api.w.org\/{rel}","templated":true}]}}