{"id":23015,"date":"2024-10-27T14:16:49","date_gmt":"2024-10-27T14:16:49","guid":{"rendered":"https:\/\/sulin.ee\/?post_type=product&#038;p=23015"},"modified":"2025-12-12T18:58:07","modified_gmt":"2025-12-12T18:58:07","slug":"tatoveeringud-lastele-2-lehte-erinevad-pildid","status":"publish","type":"product","link":"https:\/\/sulin.ee\/en\/toode\/tatoveeringud-lastele-2-lehte-erinevad-pildid\/","title":{"rendered":"T\u00e4toveeringud lastele (2 lehte) &#8211; erinevad pildid"},"content":{"rendered":"<p><strong>T\u00e4toveeringud lastele<\/strong> on r\u00f5\u00f5msameelsete ja mitmekesiste illustratsioonidega t\u00e4toveeringukomplekt, mis pakub v\u00e4ikestele ajutist t\u00e4toveerimiskogemust. Komplektis on kaks t\u00e4toveeringulehte, mis pakuvad palju valikuid ja v\u00f5imaldavad lastel oma lemmikud v\u00e4lja valida. T\u00e4toveeringud on pakitud v\u00e4rvilisse kartong\u00fcmbrisesse ning sobib ideaalselt ka kingituseks.<\/p>\n<p>Kasutamiseks l\u00f5igake t\u00e4toveering v\u00e4lja, eemaldage l\u00e4bipaistev kile, asetage t\u00e4toveering naha vastu ja niisutage. Vajutage 20 sekundit ja eemaldage paber. T\u00e4toveeringu saab eemaldada beebi\u00f5liga. Mitte kanda tundlikule v\u00f5i kahjustatud nahale ega kasutada n\u00e4o piirkonnas.<\/p>\n<p><strong>Koostisosad:<\/strong> aqua, akr\u00fclaatkopol\u00fcmeer, vin\u00fc\u00fclkopol\u00fcmeer, vin\u00fc\u00fclatsetaat, pol\u00fcet\u00fcleen, CI77891, CI77266, CI19140, CI42090, CI15850, et\u00fc\u00fclatsetaat.<\/p>\n<p><strong><a href=\"https:\/\/petitmonkey.com\/\" target=\"_blank\" rel=\"noopener\">Petit Monkey<\/a><\/strong> t\u00e4toveeringud lastele sobivad<strong> vanusele 3+ aastat<\/strong> ning on dermatoloogiliselt ja ja CE-sertifitseeritud.<\/p>\n<p>Vaata veel lastele m\u00f5eldud kunstivahendeid <a href=\"https:\/\/sulin.ee\/en\/tootekategooria\/mangimine\/kunstivahendid\/\" target=\"_blank\" rel=\"noopener\">siit<\/a>.<\/p>\n","protected":false},"excerpt":{"rendered":"<p><strong>T\u00e4toveeringud lastele on l\u00f5bus t\u00e4toveeringukomplekt, mis sisaldab kahte illustratsioonidega t\u00e4toveeringulehte. Sobib vanusele 3+ aastat, dermatoloogiliselt testitud ja CE-sertifitseeritud, tagades turvalise ja l\u00f5busa ajutise t\u00e4toveerimiskogemuse.<\/strong><\/p>\n","protected":false},"featured_media":45625,"comment_status":"open","ping_status":"closed","template":"","meta":[],"product_brand":[],"product_cat":[1096,110,1162,1164,102,1017,176,1015,1126],"product_tag":[],"class_list":{"0":"post-23015","1":"product","2":"type-product","3":"status-publish","4":"has-post-thumbnail","6":"product_cat-kosmeetika-ja-aksessuaarid","7":"product_cat-mangimine","8":"product_cat-kingituseks","9":"product_cat-1-3-aastat","10":"product_cat-kunstivahendid","11":"product_cat-meisterdamine","12":"product_cat-rollimangud","13":"product_cat-muud-rollimangud","14":"product_cat-petit-monkey","15":"has-post-title","16":"has-post-date","17":"has-post-category","18":"has-post-tag","19":"has-post-comment","20":"has-post-author","21":"","23":"first","24":"instock","25":"sale","26":"taxable","27":"shipping-taxable","28":"purchasable","29":"product-type-variable"},"yoast_head":"<!-- This site is optimized with the Yoast SEO plugin v26.8 - https:\/\/yoast.com\/product\/yoast-seo-wordpress\/ -->\n<title>T\u00e4toveeringud lastele (2 lehte) - erinevad pildid - sulin.ee<\/title>\n<meta name=\"description\" content=\"T\u00e4toveeringud lastele on kahe t\u00e4toveeringulehe komplekt, millel on l\u00f5busad illustratsioonid, et pakkuda lastele p\u00f5nevat ajutist t\u00e4toveerimiskogemust.\" \/>\n<meta name=\"robots\" content=\"index, follow, max-snippet:-1, max-image-preview:large, max-video-preview:-1\" \/>\n<link rel=\"canonical\" href=\"https:\/\/sulin.ee\/en\/toode\/tatoveeringud-lastele-2-lehte-erinevad-pildid\/\" \/>\n<meta property=\"og:locale\" content=\"en_US\" \/>\n<meta property=\"og:type\" content=\"article\" \/>\n<meta property=\"og:title\" content=\"T\u00e4toveeringud lastele (2 lehte) - erinevad pildid - sulin.ee\" \/>\n<meta property=\"og:description\" content=\"T\u00e4toveeringud lastele on kahe t\u00e4toveeringulehe komplekt, millel on l\u00f5busad illustratsioonid, et pakkuda lastele p\u00f5nevat ajutist t\u00e4toveerimiskogemust.\" \/>\n<meta property=\"og:url\" content=\"https:\/\/sulin.ee\/en\/toode\/tatoveeringud-lastele-2-lehte-erinevad-pildid\/\" \/>\n<meta property=\"og:site_name\" content=\"sulin.ee\" \/>\n<meta property=\"article:publisher\" content=\"https:\/\/www.facebook.com\/www.sulin.ee\/\" \/>\n<meta property=\"article:modified_time\" content=\"2025-12-12T18:58:07+00:00\" \/>\n<meta property=\"og:image\" content=\"https:\/\/sulin.ee\/wp-content\/uploads\/2024\/10\/Piltide-korrektuurid-kodulehel-2025-03-28T094609.553.png\" \/>\n\t<meta property=\"og:image:width\" content=\"1080\" \/>\n\t<meta property=\"og:image:height\" content=\"1080\" \/>\n\t<meta property=\"og:image:type\" content=\"image\/png\" \/>\n<meta name=\"twitter:card\" content=\"summary_large_image\" \/>\n<meta name=\"twitter:label1\" content=\"Est. reading time\" \/>\n\t<meta name=\"twitter:data1\" content=\"1 minute\" \/>\n<script type=\"application\/ld+json\" class=\"yoast-schema-graph\">{\"@context\":\"https:\/\/schema.org\",\"@graph\":[{\"@type\":\"WebPage\",\"@id\":\"https:\/\/sulin.ee\/en\/toode\/tatoveeringud-lastele-2-lehte-erinevad-pildid\/\",\"url\":\"https:\/\/sulin.ee\/en\/toode\/tatoveeringud-lastele-2-lehte-erinevad-pildid\/\",\"name\":\"T\u00e4toveeringud lastele (2 lehte) - erinevad pildid - sulin.ee\",\"isPartOf\":{\"@id\":\"https:\/\/sulin.ee\/en\/#website\"},\"primaryImageOfPage\":{\"@id\":\"https:\/\/sulin.ee\/en\/toode\/tatoveeringud-lastele-2-lehte-erinevad-pildid\/#primaryimage\"},\"image\":{\"@id\":\"https:\/\/sulin.ee\/en\/toode\/tatoveeringud-lastele-2-lehte-erinevad-pildid\/#primaryimage\"},\"thumbnailUrl\":\"https:\/\/sulin.ee\/wp-content\/uploads\/2024\/10\/Piltide-korrektuurid-kodulehel-2025-03-28T094609.553.png\",\"datePublished\":\"2024-10-27T14:16:49+00:00\",\"dateModified\":\"2025-12-12T18:58:07+00:00\",\"description\":\"T\u00e4toveeringud lastele on kahe t\u00e4toveeringulehe komplekt, millel on l\u00f5busad illustratsioonid, et pakkuda lastele p\u00f5nevat ajutist t\u00e4toveerimiskogemust.\",\"breadcrumb\":{\"@id\":\"https:\/\/sulin.ee\/en\/toode\/tatoveeringud-lastele-2-lehte-erinevad-pildid\/#breadcrumb\"},\"inLanguage\":\"en-US\",\"potentialAction\":[{\"@type\":\"ReadAction\",\"target\":[\"https:\/\/sulin.ee\/en\/toode\/tatoveeringud-lastele-2-lehte-erinevad-pildid\/\"]}]},{\"@type\":\"ImageObject\",\"inLanguage\":\"en-US\",\"@id\":\"https:\/\/sulin.ee\/en\/toode\/tatoveeringud-lastele-2-lehte-erinevad-pildid\/#primaryimage\",\"url\":\"https:\/\/sulin.ee\/wp-content\/uploads\/2024\/10\/Piltide-korrektuurid-kodulehel-2025-03-28T094609.553.png\",\"contentUrl\":\"https:\/\/sulin.ee\/wp-content\/uploads\/2024\/10\/Piltide-korrektuurid-kodulehel-2025-03-28T094609.553.png\",\"width\":1080,\"height\":1080,\"caption\":\"T\u00e4toveeringud lastele\"},{\"@type\":\"BreadcrumbList\",\"@id\":\"https:\/\/sulin.ee\/en\/toode\/tatoveeringud-lastele-2-lehte-erinevad-pildid\/#breadcrumb\",\"itemListElement\":[{\"@type\":\"ListItem\",\"position\":1,\"name\":\"Home\",\"item\":\"https:\/\/sulin.ee\/en\/\"},{\"@type\":\"ListItem\",\"position\":2,\"name\":\"Sulin.ee e-pood\",\"item\":\"https:\/\/sulin.ee\/shop\/\"},{\"@type\":\"ListItem\",\"position\":3,\"name\":\"T\u00e4toveeringud lastele (2 lehte) &#8211; erinevad pildid\"}]},{\"@type\":\"WebSite\",\"@id\":\"https:\/\/sulin.ee\/en\/#website\",\"url\":\"https:\/\/sulin.ee\/en\/\",\"name\":\"sulin.ee\",\"description\":\"\",\"publisher\":{\"@id\":\"https:\/\/sulin.ee\/en\/#organization\"},\"potentialAction\":[{\"@type\":\"SearchAction\",\"target\":{\"@type\":\"EntryPoint\",\"urlTemplate\":\"https:\/\/sulin.ee\/en\/?s={search_term_string}\"},\"query-input\":{\"@type\":\"PropertyValueSpecification\",\"valueRequired\":true,\"valueName\":\"search_term_string\"}}],\"inLanguage\":\"en-US\"},{\"@type\":\"Organization\",\"@id\":\"https:\/\/sulin.ee\/en\/#organization\",\"name\":\"SULIN TRADE O\u00dc\",\"url\":\"https:\/\/sulin.ee\/en\/\",\"logo\":{\"@type\":\"ImageObject\",\"inLanguage\":\"en-US\",\"@id\":\"https:\/\/sulin.ee\/en\/#\/schema\/logo\/image\/\",\"url\":\"https:\/\/sulin.ee\/wp-content\/uploads\/2022\/11\/sulin-logo.png\",\"contentUrl\":\"https:\/\/sulin.ee\/wp-content\/uploads\/2022\/11\/sulin-logo.png\",\"width\":871,\"height\":321,\"caption\":\"SULIN TRADE O\u00dc\"},\"image\":{\"@id\":\"https:\/\/sulin.ee\/en\/#\/schema\/logo\/image\/\"},\"sameAs\":[\"https:\/\/www.facebook.com\/www.sulin.ee\/\",\"https:\/\/www.instagram.com\/sulintrade\/\"]}]}<\/script>\n<!-- \/ Yoast SEO plugin. -->","yoast_head_json":{"title":"T\u00e4toveeringud lastele (2 lehte) - erinevad pildid - sulin.ee","description":"T\u00e4toveeringud lastele on kahe t\u00e4toveeringulehe komplekt, millel on l\u00f5busad illustratsioonid, et pakkuda lastele p\u00f5nevat ajutist t\u00e4toveerimiskogemust.","robots":{"index":"index","follow":"follow","max-snippet":"max-snippet:-1","max-image-preview":"max-image-preview:large","max-video-preview":"max-video-preview:-1"},"canonical":"https:\/\/sulin.ee\/en\/toode\/tatoveeringud-lastele-2-lehte-erinevad-pildid\/","og_locale":"en_US","og_type":"article","og_title":"T\u00e4toveeringud lastele (2 lehte) - erinevad pildid - sulin.ee","og_description":"T\u00e4toveeringud lastele on kahe t\u00e4toveeringulehe komplekt, millel on l\u00f5busad illustratsioonid, et pakkuda lastele p\u00f5nevat ajutist t\u00e4toveerimiskogemust.","og_url":"https:\/\/sulin.ee\/en\/toode\/tatoveeringud-lastele-2-lehte-erinevad-pildid\/","og_site_name":"sulin.ee","article_publisher":"https:\/\/www.facebook.com\/www.sulin.ee\/","article_modified_time":"2025-12-12T18:58:07+00:00","og_image":[{"width":1080,"height":1080,"url":"https:\/\/sulin.ee\/wp-content\/uploads\/2024\/10\/Piltide-korrektuurid-kodulehel-2025-03-28T094609.553.png","type":"image\/png"}],"twitter_card":"summary_large_image","twitter_misc":{"Est. reading time":"1 minute"},"schema":{"@context":"https:\/\/schema.org","@graph":[{"@type":"WebPage","@id":"https:\/\/sulin.ee\/en\/toode\/tatoveeringud-lastele-2-lehte-erinevad-pildid\/","url":"https:\/\/sulin.ee\/en\/toode\/tatoveeringud-lastele-2-lehte-erinevad-pildid\/","name":"T\u00e4toveeringud lastele (2 lehte) - erinevad pildid - sulin.ee","isPartOf":{"@id":"https:\/\/sulin.ee\/en\/#website"},"primaryImageOfPage":{"@id":"https:\/\/sulin.ee\/en\/toode\/tatoveeringud-lastele-2-lehte-erinevad-pildid\/#primaryimage"},"image":{"@id":"https:\/\/sulin.ee\/en\/toode\/tatoveeringud-lastele-2-lehte-erinevad-pildid\/#primaryimage"},"thumbnailUrl":"https:\/\/sulin.ee\/wp-content\/uploads\/2024\/10\/Piltide-korrektuurid-kodulehel-2025-03-28T094609.553.png","datePublished":"2024-10-27T14:16:49+00:00","dateModified":"2025-12-12T18:58:07+00:00","description":"T\u00e4toveeringud lastele on kahe t\u00e4toveeringulehe komplekt, millel on l\u00f5busad illustratsioonid, et pakkuda lastele p\u00f5nevat ajutist t\u00e4toveerimiskogemust.","breadcrumb":{"@id":"https:\/\/sulin.ee\/en\/toode\/tatoveeringud-lastele-2-lehte-erinevad-pildid\/#breadcrumb"},"inLanguage":"en-US","potentialAction":[{"@type":"ReadAction","target":["https:\/\/sulin.ee\/en\/toode\/tatoveeringud-lastele-2-lehte-erinevad-pildid\/"]}]},{"@type":"ImageObject","inLanguage":"en-US","@id":"https:\/\/sulin.ee\/en\/toode\/tatoveeringud-lastele-2-lehte-erinevad-pildid\/#primaryimage","url":"https:\/\/sulin.ee\/wp-content\/uploads\/2024\/10\/Piltide-korrektuurid-kodulehel-2025-03-28T094609.553.png","contentUrl":"https:\/\/sulin.ee\/wp-content\/uploads\/2024\/10\/Piltide-korrektuurid-kodulehel-2025-03-28T094609.553.png","width":1080,"height":1080,"caption":"T\u00e4toveeringud lastele"},{"@type":"BreadcrumbList","@id":"https:\/\/sulin.ee\/en\/toode\/tatoveeringud-lastele-2-lehte-erinevad-pildid\/#breadcrumb","itemListElement":[{"@type":"ListItem","position":1,"name":"Home","item":"https:\/\/sulin.ee\/en\/"},{"@type":"ListItem","position":2,"name":"Sulin.ee e-pood","item":"https:\/\/sulin.ee\/shop\/"},{"@type":"ListItem","position":3,"name":"T\u00e4toveeringud lastele (2 lehte) &#8211; erinevad pildid"}]},{"@type":"WebSite","@id":"https:\/\/sulin.ee\/en\/#website","url":"https:\/\/sulin.ee\/en\/","name":"sulin.ee","description":"","publisher":{"@id":"https:\/\/sulin.ee\/en\/#organization"},"potentialAction":[{"@type":"SearchAction","target":{"@type":"EntryPoint","urlTemplate":"https:\/\/sulin.ee\/en\/?s={search_term_string}"},"query-input":{"@type":"PropertyValueSpecification","valueRequired":true,"valueName":"search_term_string"}}],"inLanguage":"en-US"},{"@type":"Organization","@id":"https:\/\/sulin.ee\/en\/#organization","name":"SULIN TRADE O\u00dc","url":"https:\/\/sulin.ee\/en\/","logo":{"@type":"ImageObject","inLanguage":"en-US","@id":"https:\/\/sulin.ee\/en\/#\/schema\/logo\/image\/","url":"https:\/\/sulin.ee\/wp-content\/uploads\/2022\/11\/sulin-logo.png","contentUrl":"https:\/\/sulin.ee\/wp-content\/uploads\/2022\/11\/sulin-logo.png","width":871,"height":321,"caption":"SULIN TRADE O\u00dc"},"image":{"@id":"https:\/\/sulin.ee\/en\/#\/schema\/logo\/image\/"},"sameAs":["https:\/\/www.facebook.com\/www.sulin.ee\/","https:\/\/www.instagram.com\/sulintrade\/"]}]}},"builder_content":"","_links":{"self":[{"href":"https:\/\/sulin.ee\/en\/wp-json\/wp\/v2\/product\/23015","targetHints":{"allow":["GET"]}}],"collection":[{"href":"https:\/\/sulin.ee\/en\/wp-json\/wp\/v2\/product"}],"about":[{"href":"https:\/\/sulin.ee\/en\/wp-json\/wp\/v2\/types\/product"}],"replies":[{"embeddable":true,"href":"https:\/\/sulin.ee\/en\/wp-json\/wp\/v2\/comments?post=23015"}],"wp:featuredmedia":[{"embeddable":true,"href":"https:\/\/sulin.ee\/en\/wp-json\/wp\/v2\/media\/45625"}],"wp:attachment":[{"href":"https:\/\/sulin.ee\/en\/wp-json\/wp\/v2\/media?parent=23015"}],"wp:term":[{"taxonomy":"product_brand","embeddable":true,"href":"https:\/\/sulin.ee\/en\/wp-json\/wp\/v2\/product_brand?post=23015"},{"taxonomy":"product_cat","embeddable":true,"href":"https:\/\/sulin.ee\/en\/wp-json\/wp\/v2\/product_cat?post=23015"},{"taxonomy":"product_tag","embeddable":true,"href":"https:\/\/sulin.ee\/en\/wp-json\/wp\/v2\/product_tag?post=23015"}],"curies":[{"name":"wp","href":"https:\/\/api.w.org\/{rel}","templated":true}]}}