{"id":22872,"date":"2024-10-22T07:37:23","date_gmt":"2024-10-22T07:37:23","guid":{"rendered":"https:\/\/sulin.ee\/?post_type=product&#038;p=22872"},"modified":"2025-09-07T21:41:15","modified_gmt":"2025-09-07T21:41:15","slug":"hiiglaslik-pusle-farm","status":"publish","type":"product","link":"https:\/\/sulin.ee\/en\/toode\/hiiglaslik-pusle-farm\/","title":{"rendered":"Hiiglaslik pusle &#8220;Farm&#8221;"},"content":{"rendered":"<p><strong>Hiiglaslik pusle &#8220;Farm&#8221;<\/strong> arendab lapse t\u00e4helepanu ja k\u00e4elisi oskusi, tuues p\u00f5nevust taluloomade avastamisse. Komplekt sisaldab <strong>suurt 20-osalist puslet<\/strong>, millel on <strong>8 erinevat talulooma<\/strong> \u2013 lehm, koer, kass, j\u00e4nes, konn, mesilane, kana ja lammas. Laps saab pusle kokku panna, asetades iga looma \u00f5igesse kohta ja \u00f5ppides tundma nende kujusid ja detaile.<\/p>\n<p>Pusle suurus on <strong>70 x 50 cm<\/strong> ning selle <strong>suured ja paksud puslet\u00fckid<\/strong> on kergesti haaratavad, sobides h\u00e4sti v\u00e4ikestele k\u00e4tele.<\/p>\n<p><a href=\"https:\/\/www.djeco.com\/en\" target=\"_blank\" rel=\"noopener\">Djeco<\/a> hiiglaslik pusle &#8220;Farm&#8221; sobib kasutamiseks lastele <strong>alates 3. eluaastast<\/strong>, pakkudes harivat ja l\u00f5busat ajaviidet.<\/p>\n<p><strong>Hoiatus:<\/strong> Ei sobi alla 3-aastastele lastele, kuna sisaldab v\u00e4ikeseid osi, mis v\u00f5ivad p\u00f5hjustada l\u00e4mbumisohtu.<\/p>\n<p>Vaata veel vahvaid puslesid <a href=\"https:\/\/sulin.ee\/tootekategooria\/mangimine\/pusled\/\" target=\"_blank\" rel=\"noopener\">siit<\/a>.<\/p>\n","protected":false},"excerpt":{"rendered":"<p><strong>See hiiglaslik 20-osaline pusle sisaldab 8 talulooma, mille lapsed saavad kokku panna ja avastada. Suured puslet\u00fckid on kergesti haaratavad, sobides lastele alates 3. eluaastast.<\/strong><\/p>\n","protected":false},"featured_media":22870,"comment_status":"open","ping_status":"closed","template":"","meta":[],"product_brand":[],"product_cat":[110,1162,1164,1165,925,928],"product_tag":[],"class_list":{"0":"post-22872","1":"product","2":"type-product","3":"status-publish","4":"has-post-thumbnail","6":"product_cat-mangimine","7":"product_cat-kingituseks","8":"product_cat-1-3-aastat","9":"product_cat-3-5-aastat","10":"product_cat-pusled","11":"product_cat-djeco","12":"has-post-title","13":"has-post-date","14":"has-post-category","15":"has-post-tag","16":"has-post-comment","17":"has-post-author","18":"","20":"first","21":"instock","22":"sale","23":"taxable","24":"shipping-taxable","25":"purchasable","26":"product-type-simple"},"yoast_head":"<!-- This site is optimized with the Yoast SEO plugin v26.8 - https:\/\/yoast.com\/product\/yoast-seo-wordpress\/ -->\n<title>Hiiglaslik pusle &quot;Farm&quot; - sulin.ee<\/title>\n<meta name=\"description\" content=\"Hiiglaslik pusle &quot;Farm&quot; arendab lapse t\u00e4helepanu ja k\u00e4elisi oskusi, tuues p\u00f5nevust taluloomade avastamisse. Komplekt sisaldab suurt 20-osalist puslet\" \/>\n<meta name=\"robots\" content=\"index, follow, max-snippet:-1, max-image-preview:large, max-video-preview:-1\" \/>\n<link rel=\"canonical\" href=\"https:\/\/sulin.ee\/en\/toode\/hiiglaslik-pusle-farm\/\" \/>\n<meta property=\"og:locale\" content=\"en_US\" \/>\n<meta property=\"og:type\" content=\"article\" \/>\n<meta property=\"og:title\" content=\"Hiiglaslik pusle &quot;Farm&quot; - sulin.ee\" \/>\n<meta property=\"og:description\" content=\"Hiiglaslik pusle &quot;Farm&quot; arendab lapse t\u00e4helepanu ja k\u00e4elisi oskusi, tuues p\u00f5nevust taluloomade avastamisse. Komplekt sisaldab suurt 20-osalist puslet\" \/>\n<meta property=\"og:url\" content=\"https:\/\/sulin.ee\/en\/toode\/hiiglaslik-pusle-farm\/\" \/>\n<meta property=\"og:site_name\" content=\"sulin.ee\" \/>\n<meta property=\"article:publisher\" content=\"https:\/\/www.facebook.com\/www.sulin.ee\/\" \/>\n<meta property=\"article:modified_time\" content=\"2025-09-07T21:41:15+00:00\" \/>\n<meta property=\"og:image\" content=\"https:\/\/sulin.ee\/wp-content\/uploads\/2024\/10\/5545-DJ07117-giant-puzzles-tactile-puzzle-farm.jpg\" \/>\n\t<meta property=\"og:image:width\" content=\"800\" \/>\n\t<meta property=\"og:image:height\" content=\"800\" \/>\n\t<meta property=\"og:image:type\" content=\"image\/jpeg\" \/>\n<meta name=\"twitter:card\" content=\"summary_large_image\" \/>\n<meta name=\"twitter:label1\" content=\"Est. reading time\" \/>\n\t<meta name=\"twitter:data1\" content=\"1 minute\" \/>\n<script type=\"application\/ld+json\" class=\"yoast-schema-graph\">{\"@context\":\"https:\/\/schema.org\",\"@graph\":[{\"@type\":\"WebPage\",\"@id\":\"https:\/\/sulin.ee\/en\/toode\/hiiglaslik-pusle-farm\/\",\"url\":\"https:\/\/sulin.ee\/en\/toode\/hiiglaslik-pusle-farm\/\",\"name\":\"Hiiglaslik pusle \\\"Farm\\\" - sulin.ee\",\"isPartOf\":{\"@id\":\"https:\/\/sulin.ee\/en\/#website\"},\"primaryImageOfPage\":{\"@id\":\"https:\/\/sulin.ee\/en\/toode\/hiiglaslik-pusle-farm\/#primaryimage\"},\"image\":{\"@id\":\"https:\/\/sulin.ee\/en\/toode\/hiiglaslik-pusle-farm\/#primaryimage\"},\"thumbnailUrl\":\"https:\/\/sulin.ee\/wp-content\/uploads\/2024\/10\/5545-DJ07117-giant-puzzles-tactile-puzzle-farm.jpg\",\"datePublished\":\"2024-10-22T07:37:23+00:00\",\"dateModified\":\"2025-09-07T21:41:15+00:00\",\"description\":\"Hiiglaslik pusle \\\"Farm\\\" arendab lapse t\u00e4helepanu ja k\u00e4elisi oskusi, tuues p\u00f5nevust taluloomade avastamisse. Komplekt sisaldab suurt 20-osalist puslet\",\"breadcrumb\":{\"@id\":\"https:\/\/sulin.ee\/en\/toode\/hiiglaslik-pusle-farm\/#breadcrumb\"},\"inLanguage\":\"en-US\",\"potentialAction\":[{\"@type\":\"ReadAction\",\"target\":[\"https:\/\/sulin.ee\/en\/toode\/hiiglaslik-pusle-farm\/\"]}]},{\"@type\":\"ImageObject\",\"inLanguage\":\"en-US\",\"@id\":\"https:\/\/sulin.ee\/en\/toode\/hiiglaslik-pusle-farm\/#primaryimage\",\"url\":\"https:\/\/sulin.ee\/wp-content\/uploads\/2024\/10\/5545-DJ07117-giant-puzzles-tactile-puzzle-farm.jpg\",\"contentUrl\":\"https:\/\/sulin.ee\/wp-content\/uploads\/2024\/10\/5545-DJ07117-giant-puzzles-tactile-puzzle-farm.jpg\",\"width\":800,\"height\":800,\"caption\":\"Hiiglaslik pusle \\\"Farm\\\"\"},{\"@type\":\"BreadcrumbList\",\"@id\":\"https:\/\/sulin.ee\/en\/toode\/hiiglaslik-pusle-farm\/#breadcrumb\",\"itemListElement\":[{\"@type\":\"ListItem\",\"position\":1,\"name\":\"Home\",\"item\":\"https:\/\/sulin.ee\/en\/\"},{\"@type\":\"ListItem\",\"position\":2,\"name\":\"Sulin.ee e-pood\",\"item\":\"https:\/\/sulin.ee\/shop\/\"},{\"@type\":\"ListItem\",\"position\":3,\"name\":\"Hiiglaslik pusle &#8220;Farm&#8221;\"}]},{\"@type\":\"WebSite\",\"@id\":\"https:\/\/sulin.ee\/en\/#website\",\"url\":\"https:\/\/sulin.ee\/en\/\",\"name\":\"sulin.ee\",\"description\":\"\",\"publisher\":{\"@id\":\"https:\/\/sulin.ee\/en\/#organization\"},\"potentialAction\":[{\"@type\":\"SearchAction\",\"target\":{\"@type\":\"EntryPoint\",\"urlTemplate\":\"https:\/\/sulin.ee\/en\/?s={search_term_string}\"},\"query-input\":{\"@type\":\"PropertyValueSpecification\",\"valueRequired\":true,\"valueName\":\"search_term_string\"}}],\"inLanguage\":\"en-US\"},{\"@type\":\"Organization\",\"@id\":\"https:\/\/sulin.ee\/en\/#organization\",\"name\":\"SULIN TRADE O\u00dc\",\"url\":\"https:\/\/sulin.ee\/en\/\",\"logo\":{\"@type\":\"ImageObject\",\"inLanguage\":\"en-US\",\"@id\":\"https:\/\/sulin.ee\/en\/#\/schema\/logo\/image\/\",\"url\":\"https:\/\/sulin.ee\/wp-content\/uploads\/2022\/11\/sulin-logo.png\",\"contentUrl\":\"https:\/\/sulin.ee\/wp-content\/uploads\/2022\/11\/sulin-logo.png\",\"width\":871,\"height\":321,\"caption\":\"SULIN TRADE O\u00dc\"},\"image\":{\"@id\":\"https:\/\/sulin.ee\/en\/#\/schema\/logo\/image\/\"},\"sameAs\":[\"https:\/\/www.facebook.com\/www.sulin.ee\/\",\"https:\/\/www.instagram.com\/sulintrade\/\"]}]}<\/script>\n<!-- \/ Yoast SEO plugin. -->","yoast_head_json":{"title":"Hiiglaslik pusle \"Farm\" - sulin.ee","description":"Hiiglaslik pusle \"Farm\" arendab lapse t\u00e4helepanu ja k\u00e4elisi oskusi, tuues p\u00f5nevust taluloomade avastamisse. Komplekt sisaldab suurt 20-osalist puslet","robots":{"index":"index","follow":"follow","max-snippet":"max-snippet:-1","max-image-preview":"max-image-preview:large","max-video-preview":"max-video-preview:-1"},"canonical":"https:\/\/sulin.ee\/en\/toode\/hiiglaslik-pusle-farm\/","og_locale":"en_US","og_type":"article","og_title":"Hiiglaslik pusle \"Farm\" - sulin.ee","og_description":"Hiiglaslik pusle \"Farm\" arendab lapse t\u00e4helepanu ja k\u00e4elisi oskusi, tuues p\u00f5nevust taluloomade avastamisse. Komplekt sisaldab suurt 20-osalist puslet","og_url":"https:\/\/sulin.ee\/en\/toode\/hiiglaslik-pusle-farm\/","og_site_name":"sulin.ee","article_publisher":"https:\/\/www.facebook.com\/www.sulin.ee\/","article_modified_time":"2025-09-07T21:41:15+00:00","og_image":[{"width":800,"height":800,"url":"https:\/\/sulin.ee\/wp-content\/uploads\/2024\/10\/5545-DJ07117-giant-puzzles-tactile-puzzle-farm.jpg","type":"image\/jpeg"}],"twitter_card":"summary_large_image","twitter_misc":{"Est. reading time":"1 minute"},"schema":{"@context":"https:\/\/schema.org","@graph":[{"@type":"WebPage","@id":"https:\/\/sulin.ee\/en\/toode\/hiiglaslik-pusle-farm\/","url":"https:\/\/sulin.ee\/en\/toode\/hiiglaslik-pusle-farm\/","name":"Hiiglaslik pusle \"Farm\" - sulin.ee","isPartOf":{"@id":"https:\/\/sulin.ee\/en\/#website"},"primaryImageOfPage":{"@id":"https:\/\/sulin.ee\/en\/toode\/hiiglaslik-pusle-farm\/#primaryimage"},"image":{"@id":"https:\/\/sulin.ee\/en\/toode\/hiiglaslik-pusle-farm\/#primaryimage"},"thumbnailUrl":"https:\/\/sulin.ee\/wp-content\/uploads\/2024\/10\/5545-DJ07117-giant-puzzles-tactile-puzzle-farm.jpg","datePublished":"2024-10-22T07:37:23+00:00","dateModified":"2025-09-07T21:41:15+00:00","description":"Hiiglaslik pusle \"Farm\" arendab lapse t\u00e4helepanu ja k\u00e4elisi oskusi, tuues p\u00f5nevust taluloomade avastamisse. Komplekt sisaldab suurt 20-osalist puslet","breadcrumb":{"@id":"https:\/\/sulin.ee\/en\/toode\/hiiglaslik-pusle-farm\/#breadcrumb"},"inLanguage":"en-US","potentialAction":[{"@type":"ReadAction","target":["https:\/\/sulin.ee\/en\/toode\/hiiglaslik-pusle-farm\/"]}]},{"@type":"ImageObject","inLanguage":"en-US","@id":"https:\/\/sulin.ee\/en\/toode\/hiiglaslik-pusle-farm\/#primaryimage","url":"https:\/\/sulin.ee\/wp-content\/uploads\/2024\/10\/5545-DJ07117-giant-puzzles-tactile-puzzle-farm.jpg","contentUrl":"https:\/\/sulin.ee\/wp-content\/uploads\/2024\/10\/5545-DJ07117-giant-puzzles-tactile-puzzle-farm.jpg","width":800,"height":800,"caption":"Hiiglaslik pusle \"Farm\""},{"@type":"BreadcrumbList","@id":"https:\/\/sulin.ee\/en\/toode\/hiiglaslik-pusle-farm\/#breadcrumb","itemListElement":[{"@type":"ListItem","position":1,"name":"Home","item":"https:\/\/sulin.ee\/en\/"},{"@type":"ListItem","position":2,"name":"Sulin.ee e-pood","item":"https:\/\/sulin.ee\/shop\/"},{"@type":"ListItem","position":3,"name":"Hiiglaslik pusle &#8220;Farm&#8221;"}]},{"@type":"WebSite","@id":"https:\/\/sulin.ee\/en\/#website","url":"https:\/\/sulin.ee\/en\/","name":"sulin.ee","description":"","publisher":{"@id":"https:\/\/sulin.ee\/en\/#organization"},"potentialAction":[{"@type":"SearchAction","target":{"@type":"EntryPoint","urlTemplate":"https:\/\/sulin.ee\/en\/?s={search_term_string}"},"query-input":{"@type":"PropertyValueSpecification","valueRequired":true,"valueName":"search_term_string"}}],"inLanguage":"en-US"},{"@type":"Organization","@id":"https:\/\/sulin.ee\/en\/#organization","name":"SULIN TRADE O\u00dc","url":"https:\/\/sulin.ee\/en\/","logo":{"@type":"ImageObject","inLanguage":"en-US","@id":"https:\/\/sulin.ee\/en\/#\/schema\/logo\/image\/","url":"https:\/\/sulin.ee\/wp-content\/uploads\/2022\/11\/sulin-logo.png","contentUrl":"https:\/\/sulin.ee\/wp-content\/uploads\/2022\/11\/sulin-logo.png","width":871,"height":321,"caption":"SULIN TRADE O\u00dc"},"image":{"@id":"https:\/\/sulin.ee\/en\/#\/schema\/logo\/image\/"},"sameAs":["https:\/\/www.facebook.com\/www.sulin.ee\/","https:\/\/www.instagram.com\/sulintrade\/"]}]}},"builder_content":"","_links":{"self":[{"href":"https:\/\/sulin.ee\/en\/wp-json\/wp\/v2\/product\/22872","targetHints":{"allow":["GET"]}}],"collection":[{"href":"https:\/\/sulin.ee\/en\/wp-json\/wp\/v2\/product"}],"about":[{"href":"https:\/\/sulin.ee\/en\/wp-json\/wp\/v2\/types\/product"}],"replies":[{"embeddable":true,"href":"https:\/\/sulin.ee\/en\/wp-json\/wp\/v2\/comments?post=22872"}],"wp:featuredmedia":[{"embeddable":true,"href":"https:\/\/sulin.ee\/en\/wp-json\/wp\/v2\/media\/22870"}],"wp:attachment":[{"href":"https:\/\/sulin.ee\/en\/wp-json\/wp\/v2\/media?parent=22872"}],"wp:term":[{"taxonomy":"product_brand","embeddable":true,"href":"https:\/\/sulin.ee\/en\/wp-json\/wp\/v2\/product_brand?post=22872"},{"taxonomy":"product_cat","embeddable":true,"href":"https:\/\/sulin.ee\/en\/wp-json\/wp\/v2\/product_cat?post=22872"},{"taxonomy":"product_tag","embeddable":true,"href":"https:\/\/sulin.ee\/en\/wp-json\/wp\/v2\/product_tag?post=22872"}],"curies":[{"name":"wp","href":"https:\/\/api.w.org\/{rel}","templated":true}]}}