{"id":22834,"date":"2024-10-21T12:42:46","date_gmt":"2024-10-21T12:42:46","guid":{"rendered":"https:\/\/sulin.ee\/?post_type=product&#038;p=22834"},"modified":"2025-09-07T21:49:01","modified_gmt":"2025-09-07T21:49:01","slug":"varvimis-ja-mangukomplekt-ookean","status":"publish","type":"product","link":"https:\/\/sulin.ee\/en\/toode\/varvimis-ja-mangukomplekt-ookean\/","title":{"rendered":"V\u00e4rvimis- ja m\u00e4ngukomplekt &#8220;Ookean&#8221;"},"content":{"rendered":"<p><strong>V\u00e4rvimis- ja m\u00e4ngukomplekt &#8220;Ookean&#8221;<\/strong> pakub lastele p\u00f5nevat ja loovat ookeanimaailma avastamist.<\/p>\n<p>Komplekt sisaldab <strong>10 v\u00e4rvimislehte ja 10 m\u00e4ngulehte<\/strong>, k\u00f5ik ilusas karbis. T\u00f5mba v\u00e4lja ja rebi esimene leht \u2013 kas see on v\u00e4rvimisleht v\u00f5i m\u00e4nguleht? See j\u00e4\u00e4b alati \u00fcllatuseks, pakkudes vaheldust ja p\u00f5nevust igal kasutuskorral! Nutikas ja ainulaadne karbis\u00fcsteem tagab, et lehed tulevad <strong>sirged ja lamedad<\/strong>, olles kohe valmis v\u00e4rvimiseks v\u00f5i m\u00e4ngimiseks.<\/p>\n<p><strong><a href=\"https:\/\/www.djeco.com\/en\" target=\"_blank\" rel=\"noopener\">Djeco<\/a> v\u00e4rvimis- ja m\u00e4ngukomplekt &#8220;Ookean&#8221; sisaldab:<\/strong> 10 v\u00e4rvimislehte ja 10 m\u00e4ngulehte (20 x 20 cm), mida on lihtne lahti rebida.<\/p>\n<p>Lehed on valmistatud <strong>FSC\u00ae sertifikaadiga paberist ja papist<\/strong>, pakkudes keskkonnas\u00f5bralikku ja turvalist lahendust.<\/p>\n<p>Sobib lastele <strong>vanuses 3 kuni 6 aastat<\/strong>, pakkudes arendavat ja l\u00f5busat ajaviidet, mis toetab lapse kujutlusv\u00f5ime ja loovuse arengut.<\/p>\n<p><strong>Hoiatus:<\/strong> Ei sobi alla 3-aastastele lastele, kuna sisaldab v\u00e4ikeseid osi, mis v\u00f5ivad p\u00f5hjustada l\u00e4mbumisohtu.<\/p>\n<p>Vaata ka teisi joonistamisvahendeid <a href=\"https:\/\/sulin.ee\/tootekategooria\/mangimine\/kunstivahendid\/joonistamine\/\" target=\"_blank\" rel=\"noopener\">siit<\/a>.<\/p>\n","protected":false},"excerpt":{"rendered":"<p>V\u00e4rvimis- ja m\u00e4ngukomplekt &#8220;Ookean&#8221; pakub lastele p\u00f5nevat ja loovat ookeanimaailma avastamist. Komplekt sisaldab 10 v\u00e4rvimislehte ja 10 m\u00e4ngulehte, k\u00f5ik ilusas karbis. T\u00f5mba v\u00e4lja ja rebi esimene leht \u2013 kas see on v\u00e4rvimisleht v\u00f5i m\u00e4nguleht? See j\u00e4\u00e4b alati \u00fcllatuseks, pakkudes vaheldust ja p\u00f5nevust igal kasutuskorral! Nutikas ja ainulaadne karbis\u00fcsteem tagab, et lehed tulevad sirged ja lamedad, [&hellip;]<\/p>\n","protected":false},"featured_media":22839,"comment_status":"open","ping_status":"closed","template":"","meta":[],"product_brand":[],"product_cat":[1162,1165,1166,102,927,928],"product_tag":[],"class_list":{"0":"post-22834","1":"product","2":"type-product","3":"status-publish","4":"has-post-thumbnail","6":"product_cat-kingituseks","7":"product_cat-3-5-aastat","8":"product_cat-6-8-aastat","9":"product_cat-kunstivahendid","10":"product_cat-joonistamine","11":"product_cat-djeco","12":"has-post-title","13":"has-post-date","14":"has-post-category","15":"has-post-tag","16":"has-post-comment","17":"has-post-author","18":"","20":"first","21":"instock","22":"sale","23":"taxable","24":"shipping-taxable","25":"purchasable","26":"product-type-simple"},"yoast_head":"<!-- This site is optimized with the Yoast SEO plugin v26.8 - https:\/\/yoast.com\/product\/yoast-seo-wordpress\/ -->\n<title>V\u00e4rvimis- ja m\u00e4ngukomplekt &quot;Ookean&quot; - sulin.ee<\/title>\n<meta name=\"description\" content=\"V\u00e4rvimis- ja m\u00e4ngukomplekt &quot;Ookean&quot; pakub lastele p\u00f5nevat ja loovat ookeanimaailma avastamist.\" \/>\n<meta name=\"robots\" content=\"index, follow, max-snippet:-1, max-image-preview:large, max-video-preview:-1\" \/>\n<link rel=\"canonical\" href=\"https:\/\/sulin.ee\/en\/toode\/varvimis-ja-mangukomplekt-ookean\/\" \/>\n<meta property=\"og:locale\" content=\"en_US\" \/>\n<meta property=\"og:type\" content=\"article\" \/>\n<meta property=\"og:title\" content=\"V\u00e4rvimis- ja m\u00e4ngukomplekt &quot;Ookean&quot; - sulin.ee\" \/>\n<meta property=\"og:description\" content=\"V\u00e4rvimis- ja m\u00e4ngukomplekt &quot;Ookean&quot; pakub lastele p\u00f5nevat ja loovat ookeanimaailma avastamist.\" \/>\n<meta property=\"og:url\" content=\"https:\/\/sulin.ee\/en\/toode\/varvimis-ja-mangukomplekt-ookean\/\" \/>\n<meta property=\"og:site_name\" content=\"sulin.ee\" \/>\n<meta property=\"article:publisher\" content=\"https:\/\/www.facebook.com\/www.sulin.ee\/\" \/>\n<meta property=\"article:modified_time\" content=\"2025-09-07T21:49:01+00:00\" \/>\n<meta property=\"og:image\" content=\"https:\/\/sulin.ee\/wp-content\/uploads\/2024\/10\/11806-DJ00051-colouring-dispenser-ocean-80782.jpg\" \/>\n\t<meta property=\"og:image:width\" content=\"800\" \/>\n\t<meta property=\"og:image:height\" content=\"800\" \/>\n\t<meta property=\"og:image:type\" content=\"image\/jpeg\" \/>\n<meta name=\"twitter:card\" content=\"summary_large_image\" \/>\n<meta name=\"twitter:label1\" content=\"Est. reading time\" \/>\n\t<meta name=\"twitter:data1\" content=\"1 minute\" \/>\n<script type=\"application\/ld+json\" class=\"yoast-schema-graph\">{\"@context\":\"https:\/\/schema.org\",\"@graph\":[{\"@type\":\"WebPage\",\"@id\":\"https:\/\/sulin.ee\/en\/toode\/varvimis-ja-mangukomplekt-ookean\/\",\"url\":\"https:\/\/sulin.ee\/en\/toode\/varvimis-ja-mangukomplekt-ookean\/\",\"name\":\"V\u00e4rvimis- ja m\u00e4ngukomplekt \\\"Ookean\\\" - sulin.ee\",\"isPartOf\":{\"@id\":\"https:\/\/sulin.ee\/en\/#website\"},\"primaryImageOfPage\":{\"@id\":\"https:\/\/sulin.ee\/en\/toode\/varvimis-ja-mangukomplekt-ookean\/#primaryimage\"},\"image\":{\"@id\":\"https:\/\/sulin.ee\/en\/toode\/varvimis-ja-mangukomplekt-ookean\/#primaryimage\"},\"thumbnailUrl\":\"https:\/\/sulin.ee\/wp-content\/uploads\/2024\/10\/11806-DJ00051-colouring-dispenser-ocean-80782.jpg\",\"datePublished\":\"2024-10-21T12:42:46+00:00\",\"dateModified\":\"2025-09-07T21:49:01+00:00\",\"description\":\"V\u00e4rvimis- ja m\u00e4ngukomplekt \\\"Ookean\\\" pakub lastele p\u00f5nevat ja loovat ookeanimaailma avastamist.\",\"breadcrumb\":{\"@id\":\"https:\/\/sulin.ee\/en\/toode\/varvimis-ja-mangukomplekt-ookean\/#breadcrumb\"},\"inLanguage\":\"en-US\",\"potentialAction\":[{\"@type\":\"ReadAction\",\"target\":[\"https:\/\/sulin.ee\/en\/toode\/varvimis-ja-mangukomplekt-ookean\/\"]}]},{\"@type\":\"ImageObject\",\"inLanguage\":\"en-US\",\"@id\":\"https:\/\/sulin.ee\/en\/toode\/varvimis-ja-mangukomplekt-ookean\/#primaryimage\",\"url\":\"https:\/\/sulin.ee\/wp-content\/uploads\/2024\/10\/11806-DJ00051-colouring-dispenser-ocean-80782.jpg\",\"contentUrl\":\"https:\/\/sulin.ee\/wp-content\/uploads\/2024\/10\/11806-DJ00051-colouring-dispenser-ocean-80782.jpg\",\"width\":800,\"height\":800,\"caption\":\"V\u00e4rvimis- ja m\u00e4ngukomplekt \\\"Ookean\\\"\"},{\"@type\":\"BreadcrumbList\",\"@id\":\"https:\/\/sulin.ee\/en\/toode\/varvimis-ja-mangukomplekt-ookean\/#breadcrumb\",\"itemListElement\":[{\"@type\":\"ListItem\",\"position\":1,\"name\":\"Home\",\"item\":\"https:\/\/sulin.ee\/en\/\"},{\"@type\":\"ListItem\",\"position\":2,\"name\":\"Sulin.ee e-pood\",\"item\":\"https:\/\/sulin.ee\/shop\/\"},{\"@type\":\"ListItem\",\"position\":3,\"name\":\"V\u00e4rvimis- ja m\u00e4ngukomplekt &#8220;Ookean&#8221;\"}]},{\"@type\":\"WebSite\",\"@id\":\"https:\/\/sulin.ee\/en\/#website\",\"url\":\"https:\/\/sulin.ee\/en\/\",\"name\":\"sulin.ee\",\"description\":\"\",\"publisher\":{\"@id\":\"https:\/\/sulin.ee\/en\/#organization\"},\"potentialAction\":[{\"@type\":\"SearchAction\",\"target\":{\"@type\":\"EntryPoint\",\"urlTemplate\":\"https:\/\/sulin.ee\/en\/?s={search_term_string}\"},\"query-input\":{\"@type\":\"PropertyValueSpecification\",\"valueRequired\":true,\"valueName\":\"search_term_string\"}}],\"inLanguage\":\"en-US\"},{\"@type\":\"Organization\",\"@id\":\"https:\/\/sulin.ee\/en\/#organization\",\"name\":\"SULIN TRADE O\u00dc\",\"url\":\"https:\/\/sulin.ee\/en\/\",\"logo\":{\"@type\":\"ImageObject\",\"inLanguage\":\"en-US\",\"@id\":\"https:\/\/sulin.ee\/en\/#\/schema\/logo\/image\/\",\"url\":\"https:\/\/sulin.ee\/wp-content\/uploads\/2022\/11\/sulin-logo.png\",\"contentUrl\":\"https:\/\/sulin.ee\/wp-content\/uploads\/2022\/11\/sulin-logo.png\",\"width\":871,\"height\":321,\"caption\":\"SULIN TRADE O\u00dc\"},\"image\":{\"@id\":\"https:\/\/sulin.ee\/en\/#\/schema\/logo\/image\/\"},\"sameAs\":[\"https:\/\/www.facebook.com\/www.sulin.ee\/\",\"https:\/\/www.instagram.com\/sulintrade\/\"]}]}<\/script>\n<!-- \/ Yoast SEO plugin. -->","yoast_head_json":{"title":"V\u00e4rvimis- ja m\u00e4ngukomplekt \"Ookean\" - sulin.ee","description":"V\u00e4rvimis- ja m\u00e4ngukomplekt \"Ookean\" pakub lastele p\u00f5nevat ja loovat ookeanimaailma avastamist.","robots":{"index":"index","follow":"follow","max-snippet":"max-snippet:-1","max-image-preview":"max-image-preview:large","max-video-preview":"max-video-preview:-1"},"canonical":"https:\/\/sulin.ee\/en\/toode\/varvimis-ja-mangukomplekt-ookean\/","og_locale":"en_US","og_type":"article","og_title":"V\u00e4rvimis- ja m\u00e4ngukomplekt \"Ookean\" - sulin.ee","og_description":"V\u00e4rvimis- ja m\u00e4ngukomplekt \"Ookean\" pakub lastele p\u00f5nevat ja loovat ookeanimaailma avastamist.","og_url":"https:\/\/sulin.ee\/en\/toode\/varvimis-ja-mangukomplekt-ookean\/","og_site_name":"sulin.ee","article_publisher":"https:\/\/www.facebook.com\/www.sulin.ee\/","article_modified_time":"2025-09-07T21:49:01+00:00","og_image":[{"width":800,"height":800,"url":"https:\/\/sulin.ee\/wp-content\/uploads\/2024\/10\/11806-DJ00051-colouring-dispenser-ocean-80782.jpg","type":"image\/jpeg"}],"twitter_card":"summary_large_image","twitter_misc":{"Est. reading time":"1 minute"},"schema":{"@context":"https:\/\/schema.org","@graph":[{"@type":"WebPage","@id":"https:\/\/sulin.ee\/en\/toode\/varvimis-ja-mangukomplekt-ookean\/","url":"https:\/\/sulin.ee\/en\/toode\/varvimis-ja-mangukomplekt-ookean\/","name":"V\u00e4rvimis- ja m\u00e4ngukomplekt \"Ookean\" - sulin.ee","isPartOf":{"@id":"https:\/\/sulin.ee\/en\/#website"},"primaryImageOfPage":{"@id":"https:\/\/sulin.ee\/en\/toode\/varvimis-ja-mangukomplekt-ookean\/#primaryimage"},"image":{"@id":"https:\/\/sulin.ee\/en\/toode\/varvimis-ja-mangukomplekt-ookean\/#primaryimage"},"thumbnailUrl":"https:\/\/sulin.ee\/wp-content\/uploads\/2024\/10\/11806-DJ00051-colouring-dispenser-ocean-80782.jpg","datePublished":"2024-10-21T12:42:46+00:00","dateModified":"2025-09-07T21:49:01+00:00","description":"V\u00e4rvimis- ja m\u00e4ngukomplekt \"Ookean\" pakub lastele p\u00f5nevat ja loovat ookeanimaailma avastamist.","breadcrumb":{"@id":"https:\/\/sulin.ee\/en\/toode\/varvimis-ja-mangukomplekt-ookean\/#breadcrumb"},"inLanguage":"en-US","potentialAction":[{"@type":"ReadAction","target":["https:\/\/sulin.ee\/en\/toode\/varvimis-ja-mangukomplekt-ookean\/"]}]},{"@type":"ImageObject","inLanguage":"en-US","@id":"https:\/\/sulin.ee\/en\/toode\/varvimis-ja-mangukomplekt-ookean\/#primaryimage","url":"https:\/\/sulin.ee\/wp-content\/uploads\/2024\/10\/11806-DJ00051-colouring-dispenser-ocean-80782.jpg","contentUrl":"https:\/\/sulin.ee\/wp-content\/uploads\/2024\/10\/11806-DJ00051-colouring-dispenser-ocean-80782.jpg","width":800,"height":800,"caption":"V\u00e4rvimis- ja m\u00e4ngukomplekt \"Ookean\""},{"@type":"BreadcrumbList","@id":"https:\/\/sulin.ee\/en\/toode\/varvimis-ja-mangukomplekt-ookean\/#breadcrumb","itemListElement":[{"@type":"ListItem","position":1,"name":"Home","item":"https:\/\/sulin.ee\/en\/"},{"@type":"ListItem","position":2,"name":"Sulin.ee e-pood","item":"https:\/\/sulin.ee\/shop\/"},{"@type":"ListItem","position":3,"name":"V\u00e4rvimis- ja m\u00e4ngukomplekt &#8220;Ookean&#8221;"}]},{"@type":"WebSite","@id":"https:\/\/sulin.ee\/en\/#website","url":"https:\/\/sulin.ee\/en\/","name":"sulin.ee","description":"","publisher":{"@id":"https:\/\/sulin.ee\/en\/#organization"},"potentialAction":[{"@type":"SearchAction","target":{"@type":"EntryPoint","urlTemplate":"https:\/\/sulin.ee\/en\/?s={search_term_string}"},"query-input":{"@type":"PropertyValueSpecification","valueRequired":true,"valueName":"search_term_string"}}],"inLanguage":"en-US"},{"@type":"Organization","@id":"https:\/\/sulin.ee\/en\/#organization","name":"SULIN TRADE O\u00dc","url":"https:\/\/sulin.ee\/en\/","logo":{"@type":"ImageObject","inLanguage":"en-US","@id":"https:\/\/sulin.ee\/en\/#\/schema\/logo\/image\/","url":"https:\/\/sulin.ee\/wp-content\/uploads\/2022\/11\/sulin-logo.png","contentUrl":"https:\/\/sulin.ee\/wp-content\/uploads\/2022\/11\/sulin-logo.png","width":871,"height":321,"caption":"SULIN TRADE O\u00dc"},"image":{"@id":"https:\/\/sulin.ee\/en\/#\/schema\/logo\/image\/"},"sameAs":["https:\/\/www.facebook.com\/www.sulin.ee\/","https:\/\/www.instagram.com\/sulintrade\/"]}]}},"builder_content":"","_links":{"self":[{"href":"https:\/\/sulin.ee\/en\/wp-json\/wp\/v2\/product\/22834","targetHints":{"allow":["GET"]}}],"collection":[{"href":"https:\/\/sulin.ee\/en\/wp-json\/wp\/v2\/product"}],"about":[{"href":"https:\/\/sulin.ee\/en\/wp-json\/wp\/v2\/types\/product"}],"replies":[{"embeddable":true,"href":"https:\/\/sulin.ee\/en\/wp-json\/wp\/v2\/comments?post=22834"}],"wp:featuredmedia":[{"embeddable":true,"href":"https:\/\/sulin.ee\/en\/wp-json\/wp\/v2\/media\/22839"}],"wp:attachment":[{"href":"https:\/\/sulin.ee\/en\/wp-json\/wp\/v2\/media?parent=22834"}],"wp:term":[{"taxonomy":"product_brand","embeddable":true,"href":"https:\/\/sulin.ee\/en\/wp-json\/wp\/v2\/product_brand?post=22834"},{"taxonomy":"product_cat","embeddable":true,"href":"https:\/\/sulin.ee\/en\/wp-json\/wp\/v2\/product_cat?post=22834"},{"taxonomy":"product_tag","embeddable":true,"href":"https:\/\/sulin.ee\/en\/wp-json\/wp\/v2\/product_tag?post=22834"}],"curies":[{"name":"wp","href":"https:\/\/api.w.org\/{rel}","templated":true}]}}