{"id":22818,"date":"2024-10-21T12:28:22","date_gmt":"2024-10-21T12:28:22","guid":{"rendered":"https:\/\/sulin.ee\/?post_type=product&#038;p=22818"},"modified":"2025-09-07T21:49:01","modified_gmt":"2025-09-07T21:49:01","slug":"varvimis-ja-mangukomplekt-farm","status":"publish","type":"product","link":"https:\/\/sulin.ee\/en\/toode\/varvimis-ja-mangukomplekt-farm\/","title":{"rendered":"V\u00e4rvimis- ja m\u00e4ngukomplekt &#8220;Farm&#8221;"},"content":{"rendered":"<p><strong>V\u00e4rvimis- ja m\u00e4ngukomplekt<\/strong> pakub lapsele p\u00f5nevat ja loovat tegevust, tuues igasse p\u00e4eva uusi \u00fcllatusi.<\/p>\n<p>Komplekt sisaldab <strong>10 v\u00e4rvimislehte ja 10 m\u00e4ngulehte<\/strong>, k\u00f5ik armsas karbis. T\u00f5mba v\u00e4lja ja rebi esimene leht \u2013 kas see on v\u00e4rvimisleht v\u00f5i m\u00e4nguleht? See j\u00e4\u00e4b alati \u00fcllatuseks! Nutikas ja praktiline karbis\u00fcsteem tagab, et lehed v\u00e4ljuvad <strong>sirged ja lamedad<\/strong>, olles kohe valmis v\u00e4rvimiseks v\u00f5i m\u00e4ngimiseks.<\/p>\n<p><strong><a href=\"https:\/\/www.djeco.com\/en\" target=\"_blank\" rel=\"noopener\">Djeco<\/a> v\u00e4rvimis- ja m\u00e4ngukomplekt sisaldab: <\/strong>10 v\u00e4rvimislehte ja 10 m\u00e4ngulehte (20 x 20 cm), mida on lihtne lahti rebida.<\/p>\n<p>Lehed on valmistatud <strong>FSC\u00ae sertifikaadiga paberist ja papist<\/strong>, pakkudes keskkonnas\u00f5bralikku ja turvalist lahendust.<\/p>\n<p>Sobib lastele <strong>vanuses 3 kuni 6 aastat<\/strong>, pakkudes arendavat ja l\u00f5busat ajaviidet, mis stimuleerib kujutlusv\u00f5imet ja loovust.<\/p>\n<p><strong>Hoiatus:<\/strong> Ei sobi alla 3-aastastele lastele, kuna sisaldab v\u00e4ikeseid osi, mis v\u00f5ivad p\u00f5hjustada l\u00e4mbumisohtu.<\/p>\n<p>Vaata ka teisi joonistamisvahendeid <a href=\"https:\/\/sulin.ee\/tootekategooria\/mangimine\/kunstivahendid\/joonistamine\/\" target=\"_blank\" rel=\"noopener\">siit<\/a>.<\/p>\n","protected":false},"excerpt":{"rendered":"<p>V\u00e4rvimis- ja m\u00e4ngukomplekt pakub lapsele p\u00f5nevat ja loovat tegevust, tuues igasse p\u00e4eva uusi \u00fcllatusi. Komplekt sisaldab 10 v\u00e4rvimislehte ja 10 m\u00e4ngulehte, k\u00f5ik armsas karbis. T\u00f5mba v\u00e4lja ja rebi esimene leht \u2013 kas see on v\u00e4rvimisleht v\u00f5i m\u00e4nguleht? See j\u00e4\u00e4b alati \u00fcllatuseks! Nutikas ja praktiline karbis\u00fcsteem tagab, et lehed v\u00e4ljuvad sirged ja lamedad, olles kohe valmis [&hellip;]<\/p>\n","protected":false},"featured_media":22819,"comment_status":"open","ping_status":"closed","template":"","meta":[],"product_brand":[],"product_cat":[43,1165,1166,102,927,928],"product_tag":[],"class_list":{"0":"post-22818","1":"product","2":"type-product","3":"status-publish","4":"has-post-thumbnail","6":"product_cat-lastele","7":"product_cat-3-5-aastat","8":"product_cat-6-8-aastat","9":"product_cat-kunstivahendid","10":"product_cat-joonistamine","11":"product_cat-djeco","12":"has-post-title","13":"has-post-date","14":"has-post-category","15":"has-post-tag","16":"has-post-comment","17":"has-post-author","18":"","20":"first","21":"instock","22":"sale","23":"taxable","24":"shipping-taxable","25":"purchasable","26":"product-type-simple"},"yoast_head":"<!-- This site is optimized with the Yoast SEO plugin v26.8 - https:\/\/yoast.com\/product\/yoast-seo-wordpress\/ -->\n<title>V\u00e4rvimis- ja m\u00e4ngukomplekt &quot;Farm&quot; - sulin.ee<\/title>\n<meta name=\"description\" content=\"V\u00e4rvimis- ja m\u00e4ngukomplekt pakub lapsele p\u00f5nevat ja loovat tegevust, tuues igasse p\u00e4eva uusi \u00fcllatusi.\" \/>\n<meta name=\"robots\" content=\"index, follow, max-snippet:-1, max-image-preview:large, max-video-preview:-1\" \/>\n<link rel=\"canonical\" href=\"https:\/\/sulin.ee\/en\/toode\/varvimis-ja-mangukomplekt-farm\/\" \/>\n<meta property=\"og:locale\" content=\"en_US\" \/>\n<meta property=\"og:type\" content=\"article\" \/>\n<meta property=\"og:title\" content=\"V\u00e4rvimis- ja m\u00e4ngukomplekt &quot;Farm&quot; - sulin.ee\" \/>\n<meta property=\"og:description\" content=\"V\u00e4rvimis- ja m\u00e4ngukomplekt pakub lapsele p\u00f5nevat ja loovat tegevust, tuues igasse p\u00e4eva uusi \u00fcllatusi.\" \/>\n<meta property=\"og:url\" content=\"https:\/\/sulin.ee\/en\/toode\/varvimis-ja-mangukomplekt-farm\/\" \/>\n<meta property=\"og:site_name\" content=\"sulin.ee\" \/>\n<meta property=\"article:publisher\" content=\"https:\/\/www.facebook.com\/www.sulin.ee\/\" \/>\n<meta property=\"article:modified_time\" content=\"2025-09-07T21:49:01+00:00\" \/>\n<meta property=\"og:image\" content=\"https:\/\/sulin.ee\/wp-content\/uploads\/2024\/10\/11805-DJ00050-pildietteandja-farm-80779.jpg\" \/>\n\t<meta property=\"og:image:width\" content=\"800\" \/>\n\t<meta property=\"og:image:height\" content=\"800\" \/>\n\t<meta property=\"og:image:type\" content=\"image\/jpeg\" \/>\n<meta name=\"twitter:card\" content=\"summary_large_image\" \/>\n<meta name=\"twitter:label1\" content=\"Est. reading time\" \/>\n\t<meta name=\"twitter:data1\" content=\"1 minute\" \/>\n<script type=\"application\/ld+json\" class=\"yoast-schema-graph\">{\"@context\":\"https:\/\/schema.org\",\"@graph\":[{\"@type\":\"WebPage\",\"@id\":\"https:\/\/sulin.ee\/en\/toode\/varvimis-ja-mangukomplekt-farm\/\",\"url\":\"https:\/\/sulin.ee\/en\/toode\/varvimis-ja-mangukomplekt-farm\/\",\"name\":\"V\u00e4rvimis- ja m\u00e4ngukomplekt \\\"Farm\\\" - sulin.ee\",\"isPartOf\":{\"@id\":\"https:\/\/sulin.ee\/en\/#website\"},\"primaryImageOfPage\":{\"@id\":\"https:\/\/sulin.ee\/en\/toode\/varvimis-ja-mangukomplekt-farm\/#primaryimage\"},\"image\":{\"@id\":\"https:\/\/sulin.ee\/en\/toode\/varvimis-ja-mangukomplekt-farm\/#primaryimage\"},\"thumbnailUrl\":\"https:\/\/sulin.ee\/wp-content\/uploads\/2024\/10\/11805-DJ00050-pildietteandja-farm-80779.jpg\",\"datePublished\":\"2024-10-21T12:28:22+00:00\",\"dateModified\":\"2025-09-07T21:49:01+00:00\",\"description\":\"V\u00e4rvimis- ja m\u00e4ngukomplekt pakub lapsele p\u00f5nevat ja loovat tegevust, tuues igasse p\u00e4eva uusi \u00fcllatusi.\",\"breadcrumb\":{\"@id\":\"https:\/\/sulin.ee\/en\/toode\/varvimis-ja-mangukomplekt-farm\/#breadcrumb\"},\"inLanguage\":\"en-US\",\"potentialAction\":[{\"@type\":\"ReadAction\",\"target\":[\"https:\/\/sulin.ee\/en\/toode\/varvimis-ja-mangukomplekt-farm\/\"]}]},{\"@type\":\"ImageObject\",\"inLanguage\":\"en-US\",\"@id\":\"https:\/\/sulin.ee\/en\/toode\/varvimis-ja-mangukomplekt-farm\/#primaryimage\",\"url\":\"https:\/\/sulin.ee\/wp-content\/uploads\/2024\/10\/11805-DJ00050-pildietteandja-farm-80779.jpg\",\"contentUrl\":\"https:\/\/sulin.ee\/wp-content\/uploads\/2024\/10\/11805-DJ00050-pildietteandja-farm-80779.jpg\",\"width\":800,\"height\":800,\"caption\":\"V\u00e4rvimis- ja m\u00e4ngukomplekt\"},{\"@type\":\"BreadcrumbList\",\"@id\":\"https:\/\/sulin.ee\/en\/toode\/varvimis-ja-mangukomplekt-farm\/#breadcrumb\",\"itemListElement\":[{\"@type\":\"ListItem\",\"position\":1,\"name\":\"Home\",\"item\":\"https:\/\/sulin.ee\/en\/\"},{\"@type\":\"ListItem\",\"position\":2,\"name\":\"Sulin.ee e-pood\",\"item\":\"https:\/\/sulin.ee\/shop\/\"},{\"@type\":\"ListItem\",\"position\":3,\"name\":\"V\u00e4rvimis- ja m\u00e4ngukomplekt &#8220;Farm&#8221;\"}]},{\"@type\":\"WebSite\",\"@id\":\"https:\/\/sulin.ee\/en\/#website\",\"url\":\"https:\/\/sulin.ee\/en\/\",\"name\":\"sulin.ee\",\"description\":\"\",\"publisher\":{\"@id\":\"https:\/\/sulin.ee\/en\/#organization\"},\"potentialAction\":[{\"@type\":\"SearchAction\",\"target\":{\"@type\":\"EntryPoint\",\"urlTemplate\":\"https:\/\/sulin.ee\/en\/?s={search_term_string}\"},\"query-input\":{\"@type\":\"PropertyValueSpecification\",\"valueRequired\":true,\"valueName\":\"search_term_string\"}}],\"inLanguage\":\"en-US\"},{\"@type\":\"Organization\",\"@id\":\"https:\/\/sulin.ee\/en\/#organization\",\"name\":\"SULIN TRADE O\u00dc\",\"url\":\"https:\/\/sulin.ee\/en\/\",\"logo\":{\"@type\":\"ImageObject\",\"inLanguage\":\"en-US\",\"@id\":\"https:\/\/sulin.ee\/en\/#\/schema\/logo\/image\/\",\"url\":\"https:\/\/sulin.ee\/wp-content\/uploads\/2022\/11\/sulin-logo.png\",\"contentUrl\":\"https:\/\/sulin.ee\/wp-content\/uploads\/2022\/11\/sulin-logo.png\",\"width\":871,\"height\":321,\"caption\":\"SULIN TRADE O\u00dc\"},\"image\":{\"@id\":\"https:\/\/sulin.ee\/en\/#\/schema\/logo\/image\/\"},\"sameAs\":[\"https:\/\/www.facebook.com\/www.sulin.ee\/\",\"https:\/\/www.instagram.com\/sulintrade\/\"]}]}<\/script>\n<!-- \/ Yoast SEO plugin. -->","yoast_head_json":{"title":"V\u00e4rvimis- ja m\u00e4ngukomplekt \"Farm\" - sulin.ee","description":"V\u00e4rvimis- ja m\u00e4ngukomplekt pakub lapsele p\u00f5nevat ja loovat tegevust, tuues igasse p\u00e4eva uusi \u00fcllatusi.","robots":{"index":"index","follow":"follow","max-snippet":"max-snippet:-1","max-image-preview":"max-image-preview:large","max-video-preview":"max-video-preview:-1"},"canonical":"https:\/\/sulin.ee\/en\/toode\/varvimis-ja-mangukomplekt-farm\/","og_locale":"en_US","og_type":"article","og_title":"V\u00e4rvimis- ja m\u00e4ngukomplekt \"Farm\" - sulin.ee","og_description":"V\u00e4rvimis- ja m\u00e4ngukomplekt pakub lapsele p\u00f5nevat ja loovat tegevust, tuues igasse p\u00e4eva uusi \u00fcllatusi.","og_url":"https:\/\/sulin.ee\/en\/toode\/varvimis-ja-mangukomplekt-farm\/","og_site_name":"sulin.ee","article_publisher":"https:\/\/www.facebook.com\/www.sulin.ee\/","article_modified_time":"2025-09-07T21:49:01+00:00","og_image":[{"width":800,"height":800,"url":"https:\/\/sulin.ee\/wp-content\/uploads\/2024\/10\/11805-DJ00050-pildietteandja-farm-80779.jpg","type":"image\/jpeg"}],"twitter_card":"summary_large_image","twitter_misc":{"Est. reading time":"1 minute"},"schema":{"@context":"https:\/\/schema.org","@graph":[{"@type":"WebPage","@id":"https:\/\/sulin.ee\/en\/toode\/varvimis-ja-mangukomplekt-farm\/","url":"https:\/\/sulin.ee\/en\/toode\/varvimis-ja-mangukomplekt-farm\/","name":"V\u00e4rvimis- ja m\u00e4ngukomplekt \"Farm\" - sulin.ee","isPartOf":{"@id":"https:\/\/sulin.ee\/en\/#website"},"primaryImageOfPage":{"@id":"https:\/\/sulin.ee\/en\/toode\/varvimis-ja-mangukomplekt-farm\/#primaryimage"},"image":{"@id":"https:\/\/sulin.ee\/en\/toode\/varvimis-ja-mangukomplekt-farm\/#primaryimage"},"thumbnailUrl":"https:\/\/sulin.ee\/wp-content\/uploads\/2024\/10\/11805-DJ00050-pildietteandja-farm-80779.jpg","datePublished":"2024-10-21T12:28:22+00:00","dateModified":"2025-09-07T21:49:01+00:00","description":"V\u00e4rvimis- ja m\u00e4ngukomplekt pakub lapsele p\u00f5nevat ja loovat tegevust, tuues igasse p\u00e4eva uusi \u00fcllatusi.","breadcrumb":{"@id":"https:\/\/sulin.ee\/en\/toode\/varvimis-ja-mangukomplekt-farm\/#breadcrumb"},"inLanguage":"en-US","potentialAction":[{"@type":"ReadAction","target":["https:\/\/sulin.ee\/en\/toode\/varvimis-ja-mangukomplekt-farm\/"]}]},{"@type":"ImageObject","inLanguage":"en-US","@id":"https:\/\/sulin.ee\/en\/toode\/varvimis-ja-mangukomplekt-farm\/#primaryimage","url":"https:\/\/sulin.ee\/wp-content\/uploads\/2024\/10\/11805-DJ00050-pildietteandja-farm-80779.jpg","contentUrl":"https:\/\/sulin.ee\/wp-content\/uploads\/2024\/10\/11805-DJ00050-pildietteandja-farm-80779.jpg","width":800,"height":800,"caption":"V\u00e4rvimis- ja m\u00e4ngukomplekt"},{"@type":"BreadcrumbList","@id":"https:\/\/sulin.ee\/en\/toode\/varvimis-ja-mangukomplekt-farm\/#breadcrumb","itemListElement":[{"@type":"ListItem","position":1,"name":"Home","item":"https:\/\/sulin.ee\/en\/"},{"@type":"ListItem","position":2,"name":"Sulin.ee e-pood","item":"https:\/\/sulin.ee\/shop\/"},{"@type":"ListItem","position":3,"name":"V\u00e4rvimis- ja m\u00e4ngukomplekt &#8220;Farm&#8221;"}]},{"@type":"WebSite","@id":"https:\/\/sulin.ee\/en\/#website","url":"https:\/\/sulin.ee\/en\/","name":"sulin.ee","description":"","publisher":{"@id":"https:\/\/sulin.ee\/en\/#organization"},"potentialAction":[{"@type":"SearchAction","target":{"@type":"EntryPoint","urlTemplate":"https:\/\/sulin.ee\/en\/?s={search_term_string}"},"query-input":{"@type":"PropertyValueSpecification","valueRequired":true,"valueName":"search_term_string"}}],"inLanguage":"en-US"},{"@type":"Organization","@id":"https:\/\/sulin.ee\/en\/#organization","name":"SULIN TRADE O\u00dc","url":"https:\/\/sulin.ee\/en\/","logo":{"@type":"ImageObject","inLanguage":"en-US","@id":"https:\/\/sulin.ee\/en\/#\/schema\/logo\/image\/","url":"https:\/\/sulin.ee\/wp-content\/uploads\/2022\/11\/sulin-logo.png","contentUrl":"https:\/\/sulin.ee\/wp-content\/uploads\/2022\/11\/sulin-logo.png","width":871,"height":321,"caption":"SULIN TRADE O\u00dc"},"image":{"@id":"https:\/\/sulin.ee\/en\/#\/schema\/logo\/image\/"},"sameAs":["https:\/\/www.facebook.com\/www.sulin.ee\/","https:\/\/www.instagram.com\/sulintrade\/"]}]}},"builder_content":"","_links":{"self":[{"href":"https:\/\/sulin.ee\/en\/wp-json\/wp\/v2\/product\/22818","targetHints":{"allow":["GET"]}}],"collection":[{"href":"https:\/\/sulin.ee\/en\/wp-json\/wp\/v2\/product"}],"about":[{"href":"https:\/\/sulin.ee\/en\/wp-json\/wp\/v2\/types\/product"}],"replies":[{"embeddable":true,"href":"https:\/\/sulin.ee\/en\/wp-json\/wp\/v2\/comments?post=22818"}],"wp:featuredmedia":[{"embeddable":true,"href":"https:\/\/sulin.ee\/en\/wp-json\/wp\/v2\/media\/22819"}],"wp:attachment":[{"href":"https:\/\/sulin.ee\/en\/wp-json\/wp\/v2\/media?parent=22818"}],"wp:term":[{"taxonomy":"product_brand","embeddable":true,"href":"https:\/\/sulin.ee\/en\/wp-json\/wp\/v2\/product_brand?post=22818"},{"taxonomy":"product_cat","embeddable":true,"href":"https:\/\/sulin.ee\/en\/wp-json\/wp\/v2\/product_cat?post=22818"},{"taxonomy":"product_tag","embeddable":true,"href":"https:\/\/sulin.ee\/en\/wp-json\/wp\/v2\/product_tag?post=22818"}],"curies":[{"name":"wp","href":"https:\/\/api.w.org\/{rel}","templated":true}]}}