{"id":22723,"date":"2024-10-20T12:19:07","date_gmt":"2024-10-20T12:19:07","guid":{"rendered":"https:\/\/sulin.ee\/?post_type=product&#038;p=22723"},"modified":"2025-09-07T21:41:33","modified_gmt":"2025-09-07T21:41:33","slug":"b-box-toidutermos-335ml","status":"publish","type":"product","link":"https:\/\/sulin.ee\/en\/toode\/b-box-toidutermos-335ml\/","title":{"rendered":"b.box toidutermos 335ml"},"content":{"rendered":"<p>b.box <strong>toidutermos<\/strong> hoiab toidu t\u00e4iuslikul temperatuuril kogu p\u00e4eva jooksul, olgu selleks soe pasta l\u00f5unaks v\u00f5i v\u00e4rskendav k\u00fclm puuvili ja jogurt.<\/p>\n<p><strong>335 ml mahutavusega<\/strong> termos sobib suurep\u00e4raselt lasteaeda ja kooli kaasa v\u00f5tmiseks. Komplektis on <strong>kahvellusiks<\/strong>, mis mahub mugavalt termose k\u00fcljes olevasse hoidikusse. <strong>Kergesti haaratav k\u00e4epide<\/strong> annab lapsele parema haarde ja v\u00f5imaldab tal termost iseseisvalt avada, arendades nii iseseisvust.<\/p>\n<p><strong>Eemaldatavad k\u00e4epidemed ja kaitser\u00f5ngas<\/strong> v\u00f5imaldavad kohandada termost vanema lapse vajadustele. Termose unikaalne <strong>peatusmehhanism<\/strong>\u00a0takistab kaane liiga tihedat sulgemist.<\/p>\n<p><strong><a href=\"https:\/\/bbox.com.au\/#modal-newsletter-popup\" target=\"_blank\" rel=\"noopener\">b.box<\/a><\/strong> toidutermos on <strong>n\u00f5udepesumasinas ja steriliseerijas pestav<\/strong> ning valmistatud <strong>BPA, ftalaatide ja PVC vabadest materjalidest<\/strong>, tagades ohutuse. &#8216;<\/p>\n<p><strong>Kasutamine:<\/strong> Parima tulemuse saavutamiseks sooja toidu hoidmisel tuleks t\u00e4ita termose esmalt kuuma veega, lasta seista paar minutit, valada v\u00e4lja ja seej\u00e4rel t\u00e4ita kuuma toiduga. Termos suudab hoida <strong>toitu k\u00fclmana kuni 7 tundi<\/strong> ja <strong>soojana kuni 5 tundi<\/strong>, pakkudes seega suurep\u00e4rast lahendust igaks s\u00f6\u00f6gikorraks.<\/p>\n<p>Vaata ka teisi termoseid ja termospudeleid <a href=\"https:\/\/sulin.ee\/tootekategooria\/kodu\/elustiil\/termospudelid\/\" target=\"_blank\" rel=\"noopener\">siit.<\/a><\/p>\n","protected":false},"excerpt":{"rendered":"<p><strong>b.box toidutermos hoiab toitu k\u00fclmana kuni 7 tundi ja soojana kuni 5 tundi, sobides ideaalselt kooli v\u00f5i lasteaeda. Eemaldatavad k\u00e4epidemed ja kahvellusika hoidik v\u00f5imaldavad termost kohandada vastavalt lapse vanusele ja vajadustele.<\/strong><\/p>\n","protected":false},"featured_media":22724,"comment_status":"open","ping_status":"closed","template":"","meta":[],"product_brand":[],"product_cat":[179,489,490,43,171,178,1473,20,71,161,852],"product_tag":[],"class_list":{"0":"post-22723","1":"product","2":"type-product","3":"status-publish","4":"has-post-thumbnail","6":"product_cat-beebile","7":"product_cat-beebitarbed-toitmiseks","8":"product_cat-beebi-sooginoud","9":"product_cat-lastele","10":"product_cat-soomine","11":"product_cat-sooginoud-lastele","12":"product_cat-lounasoogikarbid-lastele","13":"product_cat-elustiil","14":"product_cat-termospudelid","15":"product_cat-toidukarbid-elustiil","16":"product_cat-b-box","17":"has-post-title","18":"has-post-date","19":"has-post-category","20":"has-post-tag","21":"has-post-comment","22":"has-post-author","23":"","25":"first","26":"instock","27":"sale","28":"taxable","29":"shipping-taxable","30":"purchasable","31":"product-type-variable"},"yoast_head":"<!-- This site is optimized with the Yoast SEO plugin v26.8 - https:\/\/yoast.com\/product\/yoast-seo-wordpress\/ -->\n<title>b.box toidutermos 335ml - sulin.ee<\/title>\n<meta name=\"description\" content=\"b.box toidutermos hoiab toidu t\u00e4iuslikul temperatuuril kogu p\u00e4eva jooksul, olgu selleks soe pasta l\u00f5unaks v\u00f5i v\u00e4rskendav k\u00fclm puuvili ja jogurt.\" \/>\n<meta name=\"robots\" content=\"index, follow, max-snippet:-1, max-image-preview:large, max-video-preview:-1\" \/>\n<link rel=\"canonical\" href=\"https:\/\/sulin.ee\/en\/toode\/b-box-toidutermos-335ml\/\" \/>\n<meta property=\"og:locale\" content=\"en_US\" \/>\n<meta property=\"og:type\" content=\"article\" \/>\n<meta property=\"og:title\" content=\"b.box toidutermos 335ml - sulin.ee\" \/>\n<meta property=\"og:description\" content=\"b.box toidutermos hoiab toidu t\u00e4iuslikul temperatuuril kogu p\u00e4eva jooksul, olgu selleks soe pasta l\u00f5unaks v\u00f5i v\u00e4rskendav k\u00fclm puuvili ja jogurt.\" \/>\n<meta property=\"og:url\" content=\"https:\/\/sulin.ee\/en\/toode\/b-box-toidutermos-335ml\/\" \/>\n<meta property=\"og:site_name\" content=\"sulin.ee\" \/>\n<meta property=\"article:publisher\" content=\"https:\/\/www.facebook.com\/www.sulin.ee\/\" \/>\n<meta property=\"article:modified_time\" content=\"2025-09-07T21:41:33+00:00\" \/>\n<meta property=\"og:image\" content=\"https:\/\/sulin.ee\/wp-content\/uploads\/2024\/10\/13938_6.jpg\" \/>\n\t<meta property=\"og:image:width\" content=\"800\" \/>\n\t<meta property=\"og:image:height\" content=\"800\" \/>\n\t<meta property=\"og:image:type\" content=\"image\/jpeg\" \/>\n<meta name=\"twitter:card\" content=\"summary_large_image\" \/>\n<meta name=\"twitter:label1\" content=\"Est. reading time\" \/>\n\t<meta name=\"twitter:data1\" content=\"1 minute\" \/>\n<script type=\"application\/ld+json\" class=\"yoast-schema-graph\">{\"@context\":\"https:\/\/schema.org\",\"@graph\":[{\"@type\":\"WebPage\",\"@id\":\"https:\/\/sulin.ee\/en\/toode\/b-box-toidutermos-335ml\/\",\"url\":\"https:\/\/sulin.ee\/en\/toode\/b-box-toidutermos-335ml\/\",\"name\":\"b.box toidutermos 335ml - sulin.ee\",\"isPartOf\":{\"@id\":\"https:\/\/sulin.ee\/en\/#website\"},\"primaryImageOfPage\":{\"@id\":\"https:\/\/sulin.ee\/en\/toode\/b-box-toidutermos-335ml\/#primaryimage\"},\"image\":{\"@id\":\"https:\/\/sulin.ee\/en\/toode\/b-box-toidutermos-335ml\/#primaryimage\"},\"thumbnailUrl\":\"https:\/\/sulin.ee\/wp-content\/uploads\/2024\/10\/13938_6.jpg\",\"datePublished\":\"2024-10-20T12:19:07+00:00\",\"dateModified\":\"2025-09-07T21:41:33+00:00\",\"description\":\"b.box toidutermos hoiab toidu t\u00e4iuslikul temperatuuril kogu p\u00e4eva jooksul, olgu selleks soe pasta l\u00f5unaks v\u00f5i v\u00e4rskendav k\u00fclm puuvili ja jogurt.\",\"breadcrumb\":{\"@id\":\"https:\/\/sulin.ee\/en\/toode\/b-box-toidutermos-335ml\/#breadcrumb\"},\"inLanguage\":\"en-US\",\"potentialAction\":[{\"@type\":\"ReadAction\",\"target\":[\"https:\/\/sulin.ee\/en\/toode\/b-box-toidutermos-335ml\/\"]}]},{\"@type\":\"ImageObject\",\"inLanguage\":\"en-US\",\"@id\":\"https:\/\/sulin.ee\/en\/toode\/b-box-toidutermos-335ml\/#primaryimage\",\"url\":\"https:\/\/sulin.ee\/wp-content\/uploads\/2024\/10\/13938_6.jpg\",\"contentUrl\":\"https:\/\/sulin.ee\/wp-content\/uploads\/2024\/10\/13938_6.jpg\",\"width\":800,\"height\":800,\"caption\":\"xr:d:DAFnR5d84bc:49,j:1761302513850587401,t:23063013\"},{\"@type\":\"BreadcrumbList\",\"@id\":\"https:\/\/sulin.ee\/en\/toode\/b-box-toidutermos-335ml\/#breadcrumb\",\"itemListElement\":[{\"@type\":\"ListItem\",\"position\":1,\"name\":\"Home\",\"item\":\"https:\/\/sulin.ee\/en\/\"},{\"@type\":\"ListItem\",\"position\":2,\"name\":\"Sulin.ee e-pood\",\"item\":\"https:\/\/sulin.ee\/shop\/\"},{\"@type\":\"ListItem\",\"position\":3,\"name\":\"b.box toidutermos 335ml\"}]},{\"@type\":\"WebSite\",\"@id\":\"https:\/\/sulin.ee\/en\/#website\",\"url\":\"https:\/\/sulin.ee\/en\/\",\"name\":\"sulin.ee\",\"description\":\"\",\"publisher\":{\"@id\":\"https:\/\/sulin.ee\/en\/#organization\"},\"potentialAction\":[{\"@type\":\"SearchAction\",\"target\":{\"@type\":\"EntryPoint\",\"urlTemplate\":\"https:\/\/sulin.ee\/en\/?s={search_term_string}\"},\"query-input\":{\"@type\":\"PropertyValueSpecification\",\"valueRequired\":true,\"valueName\":\"search_term_string\"}}],\"inLanguage\":\"en-US\"},{\"@type\":\"Organization\",\"@id\":\"https:\/\/sulin.ee\/en\/#organization\",\"name\":\"SULIN TRADE O\u00dc\",\"url\":\"https:\/\/sulin.ee\/en\/\",\"logo\":{\"@type\":\"ImageObject\",\"inLanguage\":\"en-US\",\"@id\":\"https:\/\/sulin.ee\/en\/#\/schema\/logo\/image\/\",\"url\":\"https:\/\/sulin.ee\/wp-content\/uploads\/2022\/11\/sulin-logo.png\",\"contentUrl\":\"https:\/\/sulin.ee\/wp-content\/uploads\/2022\/11\/sulin-logo.png\",\"width\":871,\"height\":321,\"caption\":\"SULIN TRADE O\u00dc\"},\"image\":{\"@id\":\"https:\/\/sulin.ee\/en\/#\/schema\/logo\/image\/\"},\"sameAs\":[\"https:\/\/www.facebook.com\/www.sulin.ee\/\",\"https:\/\/www.instagram.com\/sulintrade\/\"]}]}<\/script>\n<!-- \/ Yoast SEO plugin. -->","yoast_head_json":{"title":"b.box toidutermos 335ml - sulin.ee","description":"b.box toidutermos hoiab toidu t\u00e4iuslikul temperatuuril kogu p\u00e4eva jooksul, olgu selleks soe pasta l\u00f5unaks v\u00f5i v\u00e4rskendav k\u00fclm puuvili ja jogurt.","robots":{"index":"index","follow":"follow","max-snippet":"max-snippet:-1","max-image-preview":"max-image-preview:large","max-video-preview":"max-video-preview:-1"},"canonical":"https:\/\/sulin.ee\/en\/toode\/b-box-toidutermos-335ml\/","og_locale":"en_US","og_type":"article","og_title":"b.box toidutermos 335ml - sulin.ee","og_description":"b.box toidutermos hoiab toidu t\u00e4iuslikul temperatuuril kogu p\u00e4eva jooksul, olgu selleks soe pasta l\u00f5unaks v\u00f5i v\u00e4rskendav k\u00fclm puuvili ja jogurt.","og_url":"https:\/\/sulin.ee\/en\/toode\/b-box-toidutermos-335ml\/","og_site_name":"sulin.ee","article_publisher":"https:\/\/www.facebook.com\/www.sulin.ee\/","article_modified_time":"2025-09-07T21:41:33+00:00","og_image":[{"width":800,"height":800,"url":"https:\/\/sulin.ee\/wp-content\/uploads\/2024\/10\/13938_6.jpg","type":"image\/jpeg"}],"twitter_card":"summary_large_image","twitter_misc":{"Est. reading time":"1 minute"},"schema":{"@context":"https:\/\/schema.org","@graph":[{"@type":"WebPage","@id":"https:\/\/sulin.ee\/en\/toode\/b-box-toidutermos-335ml\/","url":"https:\/\/sulin.ee\/en\/toode\/b-box-toidutermos-335ml\/","name":"b.box toidutermos 335ml - sulin.ee","isPartOf":{"@id":"https:\/\/sulin.ee\/en\/#website"},"primaryImageOfPage":{"@id":"https:\/\/sulin.ee\/en\/toode\/b-box-toidutermos-335ml\/#primaryimage"},"image":{"@id":"https:\/\/sulin.ee\/en\/toode\/b-box-toidutermos-335ml\/#primaryimage"},"thumbnailUrl":"https:\/\/sulin.ee\/wp-content\/uploads\/2024\/10\/13938_6.jpg","datePublished":"2024-10-20T12:19:07+00:00","dateModified":"2025-09-07T21:41:33+00:00","description":"b.box toidutermos hoiab toidu t\u00e4iuslikul temperatuuril kogu p\u00e4eva jooksul, olgu selleks soe pasta l\u00f5unaks v\u00f5i v\u00e4rskendav k\u00fclm puuvili ja jogurt.","breadcrumb":{"@id":"https:\/\/sulin.ee\/en\/toode\/b-box-toidutermos-335ml\/#breadcrumb"},"inLanguage":"en-US","potentialAction":[{"@type":"ReadAction","target":["https:\/\/sulin.ee\/en\/toode\/b-box-toidutermos-335ml\/"]}]},{"@type":"ImageObject","inLanguage":"en-US","@id":"https:\/\/sulin.ee\/en\/toode\/b-box-toidutermos-335ml\/#primaryimage","url":"https:\/\/sulin.ee\/wp-content\/uploads\/2024\/10\/13938_6.jpg","contentUrl":"https:\/\/sulin.ee\/wp-content\/uploads\/2024\/10\/13938_6.jpg","width":800,"height":800,"caption":"xr:d:DAFnR5d84bc:49,j:1761302513850587401,t:23063013"},{"@type":"BreadcrumbList","@id":"https:\/\/sulin.ee\/en\/toode\/b-box-toidutermos-335ml\/#breadcrumb","itemListElement":[{"@type":"ListItem","position":1,"name":"Home","item":"https:\/\/sulin.ee\/en\/"},{"@type":"ListItem","position":2,"name":"Sulin.ee e-pood","item":"https:\/\/sulin.ee\/shop\/"},{"@type":"ListItem","position":3,"name":"b.box toidutermos 335ml"}]},{"@type":"WebSite","@id":"https:\/\/sulin.ee\/en\/#website","url":"https:\/\/sulin.ee\/en\/","name":"sulin.ee","description":"","publisher":{"@id":"https:\/\/sulin.ee\/en\/#organization"},"potentialAction":[{"@type":"SearchAction","target":{"@type":"EntryPoint","urlTemplate":"https:\/\/sulin.ee\/en\/?s={search_term_string}"},"query-input":{"@type":"PropertyValueSpecification","valueRequired":true,"valueName":"search_term_string"}}],"inLanguage":"en-US"},{"@type":"Organization","@id":"https:\/\/sulin.ee\/en\/#organization","name":"SULIN TRADE O\u00dc","url":"https:\/\/sulin.ee\/en\/","logo":{"@type":"ImageObject","inLanguage":"en-US","@id":"https:\/\/sulin.ee\/en\/#\/schema\/logo\/image\/","url":"https:\/\/sulin.ee\/wp-content\/uploads\/2022\/11\/sulin-logo.png","contentUrl":"https:\/\/sulin.ee\/wp-content\/uploads\/2022\/11\/sulin-logo.png","width":871,"height":321,"caption":"SULIN TRADE O\u00dc"},"image":{"@id":"https:\/\/sulin.ee\/en\/#\/schema\/logo\/image\/"},"sameAs":["https:\/\/www.facebook.com\/www.sulin.ee\/","https:\/\/www.instagram.com\/sulintrade\/"]}]}},"builder_content":"","_links":{"self":[{"href":"https:\/\/sulin.ee\/en\/wp-json\/wp\/v2\/product\/22723","targetHints":{"allow":["GET"]}}],"collection":[{"href":"https:\/\/sulin.ee\/en\/wp-json\/wp\/v2\/product"}],"about":[{"href":"https:\/\/sulin.ee\/en\/wp-json\/wp\/v2\/types\/product"}],"replies":[{"embeddable":true,"href":"https:\/\/sulin.ee\/en\/wp-json\/wp\/v2\/comments?post=22723"}],"wp:featuredmedia":[{"embeddable":true,"href":"https:\/\/sulin.ee\/en\/wp-json\/wp\/v2\/media\/22724"}],"wp:attachment":[{"href":"https:\/\/sulin.ee\/en\/wp-json\/wp\/v2\/media?parent=22723"}],"wp:term":[{"taxonomy":"product_brand","embeddable":true,"href":"https:\/\/sulin.ee\/en\/wp-json\/wp\/v2\/product_brand?post=22723"},{"taxonomy":"product_cat","embeddable":true,"href":"https:\/\/sulin.ee\/en\/wp-json\/wp\/v2\/product_cat?post=22723"},{"taxonomy":"product_tag","embeddable":true,"href":"https:\/\/sulin.ee\/en\/wp-json\/wp\/v2\/product_tag?post=22723"}],"curies":[{"name":"wp","href":"https:\/\/api.w.org\/{rel}","templated":true}]}}