{"id":22703,"date":"2024-10-20T11:55:27","date_gmt":"2024-10-20T11:55:27","guid":{"rendered":"https:\/\/sulin.ee\/?post_type=product&#038;p=22703"},"modified":"2026-02-10T21:29:43","modified_gmt":"2026-02-10T21:29:43","slug":"b-box-termos-240-ml","status":"publish","type":"product","link":"https:\/\/sulin.ee\/en\/toode\/b-box-termos-240-ml\/","title":{"rendered":"b.box termos 240 ml"},"content":{"rendered":"<p>b.box <strong>termos<\/strong> on ideaalne kaaslane laste s\u00f6\u00f6giaegadele, tagades, et toit p\u00fcsib v\u00e4rske ja sobival temperatuuril kogu p\u00e4eva v\u00e4ltel. Valmistatud <strong>kvaliteetsest topeltseintega roostevabast terasest. <\/strong>T\u00e4nu sellele hoiab see toidu <strong>soojana kuni 4 tundi ja k\u00fclmana kuni 6 tundi<\/strong>, olenemata sellest, kus te viibite. Termos on loodud nii, et oleks lihtne t\u00e4ita ja selle <strong>lekkekindel disain<\/strong> muudab selle usaldusv\u00e4\u00e4rseks nii v\u00e4ikeste einekorvide kui ka suuremate s\u00f6\u00f6maaegade puhul.<\/p>\n<p><strong>210 ml mahutavus<\/strong> teeb selle sobivaks nii v\u00e4ikestele kui ka suurematele lastele, pakkudes ideaalset suurust, mis on kompaktne ja samas mahukas piisavalt, et mahutada t\u00e4isv\u00e4\u00e4rtuslik eine v\u00f5i suupisted. <strong>Unikaalne peatusmehhanism<\/strong> termose korgil takistab vanematel kaane liiga tihedat sulgemist, mis aitab lapsel ise kaant avada ja sulgeda, arendades sellega tema iseseisvust ja oskusi.<\/p>\n<p><a href=\"https:\/\/bbox.com.au\/#modal-newsletter-popup\" target=\"_blank\" rel=\"noopener\"><strong>b.box<\/strong><\/a> termos sobib suurep\u00e4raselt ka vanematele lastele, kes soovivad kaasa v\u00f5tta suupisteid v\u00f5i v\u00e4iksemaid eineid. Kuigi termos on valmistatud vastupidavatest materjalidest, on soovitatav seda <strong>k\u00e4sitsi pesta<\/strong>, et s\u00e4ilitada tr\u00fcki ja materjali kvaliteet, tagades termose pika eluea. <strong>BPA- ja ftalaadivaba<\/strong> termos pakub turvalist lahendust, et hoida lapse eineid v\u00e4rskena ja sobival temperatuuril, olles samas stiilne ja praktiline lahendus igaks p\u00e4evaks.<\/p>\n<p>Vaata ka teisi termoseid ja termospudeleid <a href=\"https:\/\/sulin.ee\/tootekategooria\/kodu\/elustiil\/termospudelid\/\" target=\"_blank\" rel=\"noopener\">siit.<\/a><\/p>\n","protected":false},"excerpt":{"rendered":"<p>b.box termos hoiab toidu soojana kuni 4 tundi ja k\u00fclmana kuni 6 tundi. Kompaktne ja lekkekindel disain arendab lapse iseseisvust t\u00e4nu peatusmehhanismile, mis lihtsustab kaane avamist.<\/p>\n","protected":false},"featured_media":22715,"comment_status":"open","ping_status":"closed","template":"","meta":[],"product_brand":[],"product_cat":[179,489,490,43,171,178,1473,71,161,852],"product_tag":[],"class_list":{"0":"post-22703","1":"product","2":"type-product","3":"status-publish","4":"has-post-thumbnail","6":"product_cat-beebile","7":"product_cat-beebitarbed-toitmiseks","8":"product_cat-beebi-sooginoud","9":"product_cat-lastele","10":"product_cat-soomine","11":"product_cat-sooginoud-lastele","12":"product_cat-lounasoogikarbid-lastele","13":"product_cat-termospudelid","14":"product_cat-toidukarbid-elustiil","15":"product_cat-b-box","16":"has-post-title","17":"has-post-date","18":"has-post-category","19":"has-post-tag","20":"has-post-comment","21":"has-post-author","22":"","24":"first","25":"instock","26":"sale","27":"taxable","28":"shipping-taxable","29":"purchasable","30":"product-type-variable"},"yoast_head":"<!-- This site is optimized with the Yoast SEO plugin v26.8 - https:\/\/yoast.com\/product\/yoast-seo-wordpress\/ -->\n<title>b.box termos 240 ml - sulin.ee<\/title>\n<meta name=\"description\" content=\"b.box termos on ideaalne kaaslane laste s\u00f6\u00f6giaegadele, tagades, et toit p\u00fcsib v\u00e4rske ja sobival temperatuuril kogu p\u00e4eva v\u00e4ltel.\" \/>\n<meta name=\"robots\" content=\"index, follow, max-snippet:-1, max-image-preview:large, max-video-preview:-1\" \/>\n<link rel=\"canonical\" href=\"https:\/\/sulin.ee\/en\/toode\/b-box-termos-240-ml\/\" \/>\n<meta property=\"og:locale\" content=\"en_US\" \/>\n<meta property=\"og:type\" content=\"article\" \/>\n<meta property=\"og:title\" content=\"b.box termos 240 ml - sulin.ee\" \/>\n<meta property=\"og:description\" content=\"b.box termos on ideaalne kaaslane laste s\u00f6\u00f6giaegadele, tagades, et toit p\u00fcsib v\u00e4rske ja sobival temperatuuril kogu p\u00e4eva v\u00e4ltel.\" \/>\n<meta property=\"og:url\" content=\"https:\/\/sulin.ee\/en\/toode\/b-box-termos-240-ml\/\" \/>\n<meta property=\"og:site_name\" content=\"sulin.ee\" \/>\n<meta property=\"article:publisher\" content=\"https:\/\/www.facebook.com\/www.sulin.ee\/\" \/>\n<meta property=\"article:modified_time\" content=\"2026-02-10T21:29:43+00:00\" \/>\n<meta property=\"og:image\" content=\"https:\/\/sulin.ee\/wp-content\/uploads\/2024\/10\/18720_8.jpg\" \/>\n\t<meta property=\"og:image:width\" content=\"800\" \/>\n\t<meta property=\"og:image:height\" content=\"800\" \/>\n\t<meta property=\"og:image:type\" content=\"image\/jpeg\" \/>\n<meta name=\"twitter:card\" content=\"summary_large_image\" \/>\n<meta name=\"twitter:label1\" content=\"Est. reading time\" \/>\n\t<meta name=\"twitter:data1\" content=\"2 minutes\" \/>\n<script type=\"application\/ld+json\" class=\"yoast-schema-graph\">{\"@context\":\"https:\/\/schema.org\",\"@graph\":[{\"@type\":\"WebPage\",\"@id\":\"https:\/\/sulin.ee\/en\/toode\/b-box-termos-240-ml\/\",\"url\":\"https:\/\/sulin.ee\/en\/toode\/b-box-termos-240-ml\/\",\"name\":\"b.box termos 240 ml - sulin.ee\",\"isPartOf\":{\"@id\":\"https:\/\/sulin.ee\/en\/#website\"},\"primaryImageOfPage\":{\"@id\":\"https:\/\/sulin.ee\/en\/toode\/b-box-termos-240-ml\/#primaryimage\"},\"image\":{\"@id\":\"https:\/\/sulin.ee\/en\/toode\/b-box-termos-240-ml\/#primaryimage\"},\"thumbnailUrl\":\"https:\/\/sulin.ee\/wp-content\/uploads\/2024\/10\/18720_8.jpg\",\"datePublished\":\"2024-10-20T11:55:27+00:00\",\"dateModified\":\"2026-02-10T21:29:43+00:00\",\"description\":\"b.box termos on ideaalne kaaslane laste s\u00f6\u00f6giaegadele, tagades, et toit p\u00fcsib v\u00e4rske ja sobival temperatuuril kogu p\u00e4eva v\u00e4ltel.\",\"breadcrumb\":{\"@id\":\"https:\/\/sulin.ee\/en\/toode\/b-box-termos-240-ml\/#breadcrumb\"},\"inLanguage\":\"en-US\",\"potentialAction\":[{\"@type\":\"ReadAction\",\"target\":[\"https:\/\/sulin.ee\/en\/toode\/b-box-termos-240-ml\/\"]}]},{\"@type\":\"ImageObject\",\"inLanguage\":\"en-US\",\"@id\":\"https:\/\/sulin.ee\/en\/toode\/b-box-termos-240-ml\/#primaryimage\",\"url\":\"https:\/\/sulin.ee\/wp-content\/uploads\/2024\/10\/18720_8.jpg\",\"contentUrl\":\"https:\/\/sulin.ee\/wp-content\/uploads\/2024\/10\/18720_8.jpg\",\"width\":800,\"height\":800,\"caption\":\"xr:d:DAFnSLdK1sA:44,j:1459561319074626832,t:23063009\"},{\"@type\":\"BreadcrumbList\",\"@id\":\"https:\/\/sulin.ee\/en\/toode\/b-box-termos-240-ml\/#breadcrumb\",\"itemListElement\":[{\"@type\":\"ListItem\",\"position\":1,\"name\":\"Home\",\"item\":\"https:\/\/sulin.ee\/en\/\"},{\"@type\":\"ListItem\",\"position\":2,\"name\":\"Sulin.ee e-pood\",\"item\":\"https:\/\/sulin.ee\/shop\/\"},{\"@type\":\"ListItem\",\"position\":3,\"name\":\"b.box termos 240 ml\"}]},{\"@type\":\"WebSite\",\"@id\":\"https:\/\/sulin.ee\/en\/#website\",\"url\":\"https:\/\/sulin.ee\/en\/\",\"name\":\"sulin.ee\",\"description\":\"\",\"publisher\":{\"@id\":\"https:\/\/sulin.ee\/en\/#organization\"},\"potentialAction\":[{\"@type\":\"SearchAction\",\"target\":{\"@type\":\"EntryPoint\",\"urlTemplate\":\"https:\/\/sulin.ee\/en\/?s={search_term_string}\"},\"query-input\":{\"@type\":\"PropertyValueSpecification\",\"valueRequired\":true,\"valueName\":\"search_term_string\"}}],\"inLanguage\":\"en-US\"},{\"@type\":\"Organization\",\"@id\":\"https:\/\/sulin.ee\/en\/#organization\",\"name\":\"SULIN TRADE O\u00dc\",\"url\":\"https:\/\/sulin.ee\/en\/\",\"logo\":{\"@type\":\"ImageObject\",\"inLanguage\":\"en-US\",\"@id\":\"https:\/\/sulin.ee\/en\/#\/schema\/logo\/image\/\",\"url\":\"https:\/\/sulin.ee\/wp-content\/uploads\/2022\/11\/sulin-logo.png\",\"contentUrl\":\"https:\/\/sulin.ee\/wp-content\/uploads\/2022\/11\/sulin-logo.png\",\"width\":871,\"height\":321,\"caption\":\"SULIN TRADE O\u00dc\"},\"image\":{\"@id\":\"https:\/\/sulin.ee\/en\/#\/schema\/logo\/image\/\"},\"sameAs\":[\"https:\/\/www.facebook.com\/www.sulin.ee\/\",\"https:\/\/www.instagram.com\/sulintrade\/\"]}]}<\/script>\n<!-- \/ Yoast SEO plugin. -->","yoast_head_json":{"title":"b.box termos 240 ml - sulin.ee","description":"b.box termos on ideaalne kaaslane laste s\u00f6\u00f6giaegadele, tagades, et toit p\u00fcsib v\u00e4rske ja sobival temperatuuril kogu p\u00e4eva v\u00e4ltel.","robots":{"index":"index","follow":"follow","max-snippet":"max-snippet:-1","max-image-preview":"max-image-preview:large","max-video-preview":"max-video-preview:-1"},"canonical":"https:\/\/sulin.ee\/en\/toode\/b-box-termos-240-ml\/","og_locale":"en_US","og_type":"article","og_title":"b.box termos 240 ml - sulin.ee","og_description":"b.box termos on ideaalne kaaslane laste s\u00f6\u00f6giaegadele, tagades, et toit p\u00fcsib v\u00e4rske ja sobival temperatuuril kogu p\u00e4eva v\u00e4ltel.","og_url":"https:\/\/sulin.ee\/en\/toode\/b-box-termos-240-ml\/","og_site_name":"sulin.ee","article_publisher":"https:\/\/www.facebook.com\/www.sulin.ee\/","article_modified_time":"2026-02-10T21:29:43+00:00","og_image":[{"width":800,"height":800,"url":"https:\/\/sulin.ee\/wp-content\/uploads\/2024\/10\/18720_8.jpg","type":"image\/jpeg"}],"twitter_card":"summary_large_image","twitter_misc":{"Est. reading time":"2 minutes"},"schema":{"@context":"https:\/\/schema.org","@graph":[{"@type":"WebPage","@id":"https:\/\/sulin.ee\/en\/toode\/b-box-termos-240-ml\/","url":"https:\/\/sulin.ee\/en\/toode\/b-box-termos-240-ml\/","name":"b.box termos 240 ml - sulin.ee","isPartOf":{"@id":"https:\/\/sulin.ee\/en\/#website"},"primaryImageOfPage":{"@id":"https:\/\/sulin.ee\/en\/toode\/b-box-termos-240-ml\/#primaryimage"},"image":{"@id":"https:\/\/sulin.ee\/en\/toode\/b-box-termos-240-ml\/#primaryimage"},"thumbnailUrl":"https:\/\/sulin.ee\/wp-content\/uploads\/2024\/10\/18720_8.jpg","datePublished":"2024-10-20T11:55:27+00:00","dateModified":"2026-02-10T21:29:43+00:00","description":"b.box termos on ideaalne kaaslane laste s\u00f6\u00f6giaegadele, tagades, et toit p\u00fcsib v\u00e4rske ja sobival temperatuuril kogu p\u00e4eva v\u00e4ltel.","breadcrumb":{"@id":"https:\/\/sulin.ee\/en\/toode\/b-box-termos-240-ml\/#breadcrumb"},"inLanguage":"en-US","potentialAction":[{"@type":"ReadAction","target":["https:\/\/sulin.ee\/en\/toode\/b-box-termos-240-ml\/"]}]},{"@type":"ImageObject","inLanguage":"en-US","@id":"https:\/\/sulin.ee\/en\/toode\/b-box-termos-240-ml\/#primaryimage","url":"https:\/\/sulin.ee\/wp-content\/uploads\/2024\/10\/18720_8.jpg","contentUrl":"https:\/\/sulin.ee\/wp-content\/uploads\/2024\/10\/18720_8.jpg","width":800,"height":800,"caption":"xr:d:DAFnSLdK1sA:44,j:1459561319074626832,t:23063009"},{"@type":"BreadcrumbList","@id":"https:\/\/sulin.ee\/en\/toode\/b-box-termos-240-ml\/#breadcrumb","itemListElement":[{"@type":"ListItem","position":1,"name":"Home","item":"https:\/\/sulin.ee\/en\/"},{"@type":"ListItem","position":2,"name":"Sulin.ee e-pood","item":"https:\/\/sulin.ee\/shop\/"},{"@type":"ListItem","position":3,"name":"b.box termos 240 ml"}]},{"@type":"WebSite","@id":"https:\/\/sulin.ee\/en\/#website","url":"https:\/\/sulin.ee\/en\/","name":"sulin.ee","description":"","publisher":{"@id":"https:\/\/sulin.ee\/en\/#organization"},"potentialAction":[{"@type":"SearchAction","target":{"@type":"EntryPoint","urlTemplate":"https:\/\/sulin.ee\/en\/?s={search_term_string}"},"query-input":{"@type":"PropertyValueSpecification","valueRequired":true,"valueName":"search_term_string"}}],"inLanguage":"en-US"},{"@type":"Organization","@id":"https:\/\/sulin.ee\/en\/#organization","name":"SULIN TRADE O\u00dc","url":"https:\/\/sulin.ee\/en\/","logo":{"@type":"ImageObject","inLanguage":"en-US","@id":"https:\/\/sulin.ee\/en\/#\/schema\/logo\/image\/","url":"https:\/\/sulin.ee\/wp-content\/uploads\/2022\/11\/sulin-logo.png","contentUrl":"https:\/\/sulin.ee\/wp-content\/uploads\/2022\/11\/sulin-logo.png","width":871,"height":321,"caption":"SULIN TRADE O\u00dc"},"image":{"@id":"https:\/\/sulin.ee\/en\/#\/schema\/logo\/image\/"},"sameAs":["https:\/\/www.facebook.com\/www.sulin.ee\/","https:\/\/www.instagram.com\/sulintrade\/"]}]}},"builder_content":"","_links":{"self":[{"href":"https:\/\/sulin.ee\/en\/wp-json\/wp\/v2\/product\/22703","targetHints":{"allow":["GET"]}}],"collection":[{"href":"https:\/\/sulin.ee\/en\/wp-json\/wp\/v2\/product"}],"about":[{"href":"https:\/\/sulin.ee\/en\/wp-json\/wp\/v2\/types\/product"}],"replies":[{"embeddable":true,"href":"https:\/\/sulin.ee\/en\/wp-json\/wp\/v2\/comments?post=22703"}],"wp:featuredmedia":[{"embeddable":true,"href":"https:\/\/sulin.ee\/en\/wp-json\/wp\/v2\/media\/22715"}],"wp:attachment":[{"href":"https:\/\/sulin.ee\/en\/wp-json\/wp\/v2\/media?parent=22703"}],"wp:term":[{"taxonomy":"product_brand","embeddable":true,"href":"https:\/\/sulin.ee\/en\/wp-json\/wp\/v2\/product_brand?post=22703"},{"taxonomy":"product_cat","embeddable":true,"href":"https:\/\/sulin.ee\/en\/wp-json\/wp\/v2\/product_cat?post=22703"},{"taxonomy":"product_tag","embeddable":true,"href":"https:\/\/sulin.ee\/en\/wp-json\/wp\/v2\/product_tag?post=22703"}],"curies":[{"name":"wp","href":"https:\/\/api.w.org\/{rel}","templated":true}]}}