{"id":22644,"date":"2024-10-20T10:47:05","date_gmt":"2024-10-20T10:47:05","guid":{"rendered":"https:\/\/sulin.ee\/?post_type=product&#038;p=22644"},"modified":"2026-02-11T08:59:34","modified_gmt":"2026-02-11T08:59:34","slug":"b-box-laste-joogitops-240ml","status":"publish","type":"product","link":"https:\/\/sulin.ee\/en\/toode\/b-box-laste-joogitops-240ml\/","title":{"rendered":"b.box laste joogitops 240ml"},"content":{"rendered":"<p>b.box laste joogitops 240ml on suurep\u00e4rane abivahend, mis aitab v\u00e4ikelapsel \u00f5ppida jooma nagu suur laps. <strong>Joogitops on ideaalne vahend, et \u00f5petada last tassist jooma<\/strong>, j\u00e4ljendades suure lapse tassi vooluhulka ja suunates vedeliku \u00e4\u00e4rele, et v\u00f5imaldada lihtsat ja vabalt voolavat joomist.<\/p>\n<p>Topsi kaanel on ainulaadne <strong>veetase j\u00e4lgimise aken<\/strong>, mis aitab lapsel joomise ajal n\u00e4ha vedeliku taset ja hinnata, kui palju tassi kallutada, arendades nii k\u00e4e-silma koordinatsiooni. Topsi vahetatavad p\u00f5hi ja kaas pakuvad paindlikkust, v\u00f5imaldades kasutada vajadusel tila-, mokakruusi- v\u00f5i treeningkaant vastavalt lapse kasvule ja arengule.<\/p>\n<p>Topsi mahutavus on <strong>240 ml,<\/strong>\u00a0mis on ideaalne suurus, et \u00f5petada lapsele kontrolli joogikoguse \u00fcle ning arendada tema iseseisvust ja enesekindlust. Joogitops on valmistatud <strong>BPA, ftalaatide ja PVC vabadest materjalidest<\/strong>, tagades turvalisuse ja kvaliteedi, mida vanemad v\u00f5ivad usaldada. Lisaks on tops <strong>n\u00f5udepesumasinas pestav<\/strong>, mis teeb selle hooldamise lihtsaks ja mugavaks. Tops sobib nii igap\u00e4evaseks kasutamiseks kodus kui ka liikvel olles, pakkudes lapsele turvalist ja arendavat joomiskogemust igal ajal.<\/p>\n","protected":false},"excerpt":{"rendered":"<p>b.box laste joogitops 240ml on suurep\u00e4rane abivahend, mis aitab v\u00e4ikelapsel \u00f5ppida jooma nagu suur laps. Joogitops on ideaalne vahend, et \u00f5petada last tassist jooma, j\u00e4ljendades suure lapse tassi vooluhulka ja suunates vedeliku \u00e4\u00e4rele, et v\u00f5imaldada lihtsat ja vabalt voolavat joomist. Topsi kaanel on ainulaadne veetase j\u00e4lgimise aken, mis aitab lapsel joomise ajal n\u00e4ha vedeliku taset [&hellip;]<\/p>\n","protected":false},"featured_media":22653,"comment_status":"open","ping_status":"closed","template":"","meta":[],"product_brand":[],"product_cat":[489,851,490,171,178,852],"product_tag":[],"class_list":{"0":"post-22644","1":"product","2":"type-product","3":"status-publish","4":"has-post-thumbnail","6":"product_cat-beebitarbed-toitmiseks","7":"product_cat-joogipudelid-ja-tassid-beebile","8":"product_cat-beebi-sooginoud","9":"product_cat-soomine","10":"product_cat-sooginoud-lastele","11":"product_cat-b-box","12":"has-post-title","13":"has-post-date","14":"has-post-category","15":"has-post-tag","16":"has-post-comment","17":"has-post-author","18":"","20":"first","21":"instock","22":"sale","23":"taxable","24":"shipping-taxable","25":"purchasable","26":"product-type-variable"},"yoast_head":"<!-- This site is optimized with the Yoast SEO plugin v26.8 - https:\/\/yoast.com\/product\/yoast-seo-wordpress\/ -->\n<title>b.box laste joogitops 240ml - sulin.ee<\/title>\n<meta name=\"description\" content=\"b.box laste joogitops 240ml on suurep\u00e4rane abivahend, mis aitab v\u00e4ikelapsel \u00f5ppida jooma nagu suur laps. Ideaalne vahend, et \u00f5petada last tassist jooma,\" \/>\n<meta name=\"robots\" content=\"index, follow, max-snippet:-1, max-image-preview:large, max-video-preview:-1\" \/>\n<link rel=\"canonical\" href=\"https:\/\/sulin.ee\/en\/toode\/b-box-laste-joogitops-240ml\/\" \/>\n<meta property=\"og:locale\" content=\"en_US\" \/>\n<meta property=\"og:type\" content=\"article\" \/>\n<meta property=\"og:title\" content=\"b.box laste joogitops 240ml - sulin.ee\" \/>\n<meta property=\"og:description\" content=\"b.box laste joogitops 240ml on suurep\u00e4rane abivahend, mis aitab v\u00e4ikelapsel \u00f5ppida jooma nagu suur laps. Ideaalne vahend, et \u00f5petada last tassist jooma,\" \/>\n<meta property=\"og:url\" content=\"https:\/\/sulin.ee\/en\/toode\/b-box-laste-joogitops-240ml\/\" \/>\n<meta property=\"og:site_name\" content=\"sulin.ee\" \/>\n<meta property=\"article:publisher\" content=\"https:\/\/www.facebook.com\/www.sulin.ee\/\" \/>\n<meta property=\"article:modified_time\" content=\"2026-02-11T08:59:34+00:00\" \/>\n<meta property=\"og:image\" content=\"https:\/\/sulin.ee\/wp-content\/uploads\/2024\/10\/20318_3.jpg\" \/>\n\t<meta property=\"og:image:width\" content=\"800\" \/>\n\t<meta property=\"og:image:height\" content=\"800\" \/>\n\t<meta property=\"og:image:type\" content=\"image\/jpeg\" \/>\n<meta name=\"twitter:card\" content=\"summary_large_image\" \/>\n<meta name=\"twitter:label1\" content=\"Est. reading time\" \/>\n\t<meta name=\"twitter:data1\" content=\"2 minutes\" \/>\n<script type=\"application\/ld+json\" class=\"yoast-schema-graph\">{\"@context\":\"https:\/\/schema.org\",\"@graph\":[{\"@type\":\"WebPage\",\"@id\":\"https:\/\/sulin.ee\/en\/toode\/b-box-laste-joogitops-240ml\/\",\"url\":\"https:\/\/sulin.ee\/en\/toode\/b-box-laste-joogitops-240ml\/\",\"name\":\"b.box laste joogitops 240ml - sulin.ee\",\"isPartOf\":{\"@id\":\"https:\/\/sulin.ee\/en\/#website\"},\"primaryImageOfPage\":{\"@id\":\"https:\/\/sulin.ee\/en\/toode\/b-box-laste-joogitops-240ml\/#primaryimage\"},\"image\":{\"@id\":\"https:\/\/sulin.ee\/en\/toode\/b-box-laste-joogitops-240ml\/#primaryimage\"},\"thumbnailUrl\":\"https:\/\/sulin.ee\/wp-content\/uploads\/2024\/10\/20318_3.jpg\",\"datePublished\":\"2024-10-20T10:47:05+00:00\",\"dateModified\":\"2026-02-11T08:59:34+00:00\",\"description\":\"b.box laste joogitops 240ml on suurep\u00e4rane abivahend, mis aitab v\u00e4ikelapsel \u00f5ppida jooma nagu suur laps. Ideaalne vahend, et \u00f5petada last tassist jooma,\",\"breadcrumb\":{\"@id\":\"https:\/\/sulin.ee\/en\/toode\/b-box-laste-joogitops-240ml\/#breadcrumb\"},\"inLanguage\":\"en-US\",\"potentialAction\":[{\"@type\":\"ReadAction\",\"target\":[\"https:\/\/sulin.ee\/en\/toode\/b-box-laste-joogitops-240ml\/\"]}]},{\"@type\":\"ImageObject\",\"inLanguage\":\"en-US\",\"@id\":\"https:\/\/sulin.ee\/en\/toode\/b-box-laste-joogitops-240ml\/#primaryimage\",\"url\":\"https:\/\/sulin.ee\/wp-content\/uploads\/2024\/10\/20318_3.jpg\",\"contentUrl\":\"https:\/\/sulin.ee\/wp-content\/uploads\/2024\/10\/20318_3.jpg\",\"width\":800,\"height\":800,\"caption\":\"b.box laste joogitops 240ml\"},{\"@type\":\"BreadcrumbList\",\"@id\":\"https:\/\/sulin.ee\/en\/toode\/b-box-laste-joogitops-240ml\/#breadcrumb\",\"itemListElement\":[{\"@type\":\"ListItem\",\"position\":1,\"name\":\"Home\",\"item\":\"https:\/\/sulin.ee\/en\/\"},{\"@type\":\"ListItem\",\"position\":2,\"name\":\"Sulin.ee e-pood\",\"item\":\"https:\/\/sulin.ee\/shop\/\"},{\"@type\":\"ListItem\",\"position\":3,\"name\":\"b.box laste joogitops 240ml\"}]},{\"@type\":\"WebSite\",\"@id\":\"https:\/\/sulin.ee\/en\/#website\",\"url\":\"https:\/\/sulin.ee\/en\/\",\"name\":\"sulin.ee\",\"description\":\"\",\"publisher\":{\"@id\":\"https:\/\/sulin.ee\/en\/#organization\"},\"potentialAction\":[{\"@type\":\"SearchAction\",\"target\":{\"@type\":\"EntryPoint\",\"urlTemplate\":\"https:\/\/sulin.ee\/en\/?s={search_term_string}\"},\"query-input\":{\"@type\":\"PropertyValueSpecification\",\"valueRequired\":true,\"valueName\":\"search_term_string\"}}],\"inLanguage\":\"en-US\"},{\"@type\":\"Organization\",\"@id\":\"https:\/\/sulin.ee\/en\/#organization\",\"name\":\"SULIN TRADE O\u00dc\",\"url\":\"https:\/\/sulin.ee\/en\/\",\"logo\":{\"@type\":\"ImageObject\",\"inLanguage\":\"en-US\",\"@id\":\"https:\/\/sulin.ee\/en\/#\/schema\/logo\/image\/\",\"url\":\"https:\/\/sulin.ee\/wp-content\/uploads\/2022\/11\/sulin-logo.png\",\"contentUrl\":\"https:\/\/sulin.ee\/wp-content\/uploads\/2022\/11\/sulin-logo.png\",\"width\":871,\"height\":321,\"caption\":\"SULIN TRADE O\u00dc\"},\"image\":{\"@id\":\"https:\/\/sulin.ee\/en\/#\/schema\/logo\/image\/\"},\"sameAs\":[\"https:\/\/www.facebook.com\/www.sulin.ee\/\",\"https:\/\/www.instagram.com\/sulintrade\/\"]}]}<\/script>\n<!-- \/ Yoast SEO plugin. -->","yoast_head_json":{"title":"b.box laste joogitops 240ml - sulin.ee","description":"b.box laste joogitops 240ml on suurep\u00e4rane abivahend, mis aitab v\u00e4ikelapsel \u00f5ppida jooma nagu suur laps. Ideaalne vahend, et \u00f5petada last tassist jooma,","robots":{"index":"index","follow":"follow","max-snippet":"max-snippet:-1","max-image-preview":"max-image-preview:large","max-video-preview":"max-video-preview:-1"},"canonical":"https:\/\/sulin.ee\/en\/toode\/b-box-laste-joogitops-240ml\/","og_locale":"en_US","og_type":"article","og_title":"b.box laste joogitops 240ml - sulin.ee","og_description":"b.box laste joogitops 240ml on suurep\u00e4rane abivahend, mis aitab v\u00e4ikelapsel \u00f5ppida jooma nagu suur laps. Ideaalne vahend, et \u00f5petada last tassist jooma,","og_url":"https:\/\/sulin.ee\/en\/toode\/b-box-laste-joogitops-240ml\/","og_site_name":"sulin.ee","article_publisher":"https:\/\/www.facebook.com\/www.sulin.ee\/","article_modified_time":"2026-02-11T08:59:34+00:00","og_image":[{"width":800,"height":800,"url":"https:\/\/sulin.ee\/wp-content\/uploads\/2024\/10\/20318_3.jpg","type":"image\/jpeg"}],"twitter_card":"summary_large_image","twitter_misc":{"Est. reading time":"2 minutes"},"schema":{"@context":"https:\/\/schema.org","@graph":[{"@type":"WebPage","@id":"https:\/\/sulin.ee\/en\/toode\/b-box-laste-joogitops-240ml\/","url":"https:\/\/sulin.ee\/en\/toode\/b-box-laste-joogitops-240ml\/","name":"b.box laste joogitops 240ml - sulin.ee","isPartOf":{"@id":"https:\/\/sulin.ee\/en\/#website"},"primaryImageOfPage":{"@id":"https:\/\/sulin.ee\/en\/toode\/b-box-laste-joogitops-240ml\/#primaryimage"},"image":{"@id":"https:\/\/sulin.ee\/en\/toode\/b-box-laste-joogitops-240ml\/#primaryimage"},"thumbnailUrl":"https:\/\/sulin.ee\/wp-content\/uploads\/2024\/10\/20318_3.jpg","datePublished":"2024-10-20T10:47:05+00:00","dateModified":"2026-02-11T08:59:34+00:00","description":"b.box laste joogitops 240ml on suurep\u00e4rane abivahend, mis aitab v\u00e4ikelapsel \u00f5ppida jooma nagu suur laps. Ideaalne vahend, et \u00f5petada last tassist jooma,","breadcrumb":{"@id":"https:\/\/sulin.ee\/en\/toode\/b-box-laste-joogitops-240ml\/#breadcrumb"},"inLanguage":"en-US","potentialAction":[{"@type":"ReadAction","target":["https:\/\/sulin.ee\/en\/toode\/b-box-laste-joogitops-240ml\/"]}]},{"@type":"ImageObject","inLanguage":"en-US","@id":"https:\/\/sulin.ee\/en\/toode\/b-box-laste-joogitops-240ml\/#primaryimage","url":"https:\/\/sulin.ee\/wp-content\/uploads\/2024\/10\/20318_3.jpg","contentUrl":"https:\/\/sulin.ee\/wp-content\/uploads\/2024\/10\/20318_3.jpg","width":800,"height":800,"caption":"b.box laste joogitops 240ml"},{"@type":"BreadcrumbList","@id":"https:\/\/sulin.ee\/en\/toode\/b-box-laste-joogitops-240ml\/#breadcrumb","itemListElement":[{"@type":"ListItem","position":1,"name":"Home","item":"https:\/\/sulin.ee\/en\/"},{"@type":"ListItem","position":2,"name":"Sulin.ee e-pood","item":"https:\/\/sulin.ee\/shop\/"},{"@type":"ListItem","position":3,"name":"b.box laste joogitops 240ml"}]},{"@type":"WebSite","@id":"https:\/\/sulin.ee\/en\/#website","url":"https:\/\/sulin.ee\/en\/","name":"sulin.ee","description":"","publisher":{"@id":"https:\/\/sulin.ee\/en\/#organization"},"potentialAction":[{"@type":"SearchAction","target":{"@type":"EntryPoint","urlTemplate":"https:\/\/sulin.ee\/en\/?s={search_term_string}"},"query-input":{"@type":"PropertyValueSpecification","valueRequired":true,"valueName":"search_term_string"}}],"inLanguage":"en-US"},{"@type":"Organization","@id":"https:\/\/sulin.ee\/en\/#organization","name":"SULIN TRADE O\u00dc","url":"https:\/\/sulin.ee\/en\/","logo":{"@type":"ImageObject","inLanguage":"en-US","@id":"https:\/\/sulin.ee\/en\/#\/schema\/logo\/image\/","url":"https:\/\/sulin.ee\/wp-content\/uploads\/2022\/11\/sulin-logo.png","contentUrl":"https:\/\/sulin.ee\/wp-content\/uploads\/2022\/11\/sulin-logo.png","width":871,"height":321,"caption":"SULIN TRADE O\u00dc"},"image":{"@id":"https:\/\/sulin.ee\/en\/#\/schema\/logo\/image\/"},"sameAs":["https:\/\/www.facebook.com\/www.sulin.ee\/","https:\/\/www.instagram.com\/sulintrade\/"]}]}},"builder_content":"","_links":{"self":[{"href":"https:\/\/sulin.ee\/en\/wp-json\/wp\/v2\/product\/22644","targetHints":{"allow":["GET"]}}],"collection":[{"href":"https:\/\/sulin.ee\/en\/wp-json\/wp\/v2\/product"}],"about":[{"href":"https:\/\/sulin.ee\/en\/wp-json\/wp\/v2\/types\/product"}],"replies":[{"embeddable":true,"href":"https:\/\/sulin.ee\/en\/wp-json\/wp\/v2\/comments?post=22644"}],"wp:featuredmedia":[{"embeddable":true,"href":"https:\/\/sulin.ee\/en\/wp-json\/wp\/v2\/media\/22653"}],"wp:attachment":[{"href":"https:\/\/sulin.ee\/en\/wp-json\/wp\/v2\/media?parent=22644"}],"wp:term":[{"taxonomy":"product_brand","embeddable":true,"href":"https:\/\/sulin.ee\/en\/wp-json\/wp\/v2\/product_brand?post=22644"},{"taxonomy":"product_cat","embeddable":true,"href":"https:\/\/sulin.ee\/en\/wp-json\/wp\/v2\/product_cat?post=22644"},{"taxonomy":"product_tag","embeddable":true,"href":"https:\/\/sulin.ee\/en\/wp-json\/wp\/v2\/product_tag?post=22644"}],"curies":[{"name":"wp","href":"https:\/\/api.w.org\/{rel}","templated":true}]}}