{"id":22596,"date":"2024-10-18T10:59:38","date_gmt":"2024-10-18T10:59:38","guid":{"rendered":"https:\/\/sulin.ee\/?post_type=product&#038;p=22596"},"modified":"2025-09-07T21:41:31","modified_gmt":"2025-09-07T21:41:31","slug":"jollein-puidust-mini-motoorikakeskus-jungle-jambo-croco","status":"publish","type":"product","link":"https:\/\/sulin.ee\/en\/toode\/jollein-puidust-mini-motoorikakeskus-jungle-jambo-croco\/","title":{"rendered":"Jollein puidust mini motoorikakeskus Jungle Jambo &#8211; Croco"},"content":{"rendered":"<p><strong>Jollein puidust mini motoorikakeskus krokodilli kujul \u2013 arendav ja l\u00f5bus m\u00e4ng v\u00e4ikestele seiklejatele<\/strong><\/p>\n<p>Tutvu <strong>Jolleini<\/strong> uue <strong>puidust mini motoorikakeskusega<\/strong>, mis on loodud v\u00e4ikestele seiklejatele! See <strong>krokodilli kujuline<\/strong> m\u00e4nguasi koosneb neljast erksav\u00e4rvilisest klotsist, mis pakuvad l\u00f5putut ladumis- ja m\u00e4ngur\u00f5\u00f5mu. Lisaks sisaldab keskus ka <strong>kuut helmekest<\/strong>, mis liiguvad m\u00f6\u00f6da spiraali. M\u00e4nguasi pakub lapsele l\u00f5busat tegevust ja samal ajal arendab tema <strong>peenmotoorikat<\/strong>.<\/p>\n<p>M\u00e4nguasja stiilsed toonid \u2013 <strong>salveiroheline, sinepikollane, kreemjas bee\u017e ja m\u00fcndiroheline<\/strong> \u2013 teevad sellest mini motoorikakeskusest mitte ainult arendava m\u00e4nguasja, vaid ka kauni sisustuselemendi, mis sobib suurep\u00e4raselt igasse lastetuppa.<\/p>\n<p><strong><a href=\"https:\/\/jollein.com\/\" target=\"_blank\" rel=\"noopener\">Jollein<\/a> puidust mini<\/strong>\u00a0motoorikakeskus on valmistatud <strong>100% FSC-sertifitseeritud puidust<\/strong>, olles keskkonnas\u00f5bralik ja vastupidav valik, mis toetab lapse arengut m\u00e4ngulisel ja turvalisel viisil. See m\u00e4nguasi pakub v\u00e4ikestele avastajatele l\u00f5busat ja arendavat kogemust, aidates neil oskusi m\u00e4ngu kaudu arendada.<\/p>\n<p><strong>M\u00f5\u00f5dud:<\/strong> 12 x 18 cm.<\/p>\n<p>Avasta ka teisi beebile m\u00f5eldud m\u00e4nguasju <a href=\"https:\/\/sulin.ee\/tootekategooria\/beebile\/manguasjad\/\" target=\"_blank\" rel=\"noopener\">siit.<\/a><\/p>\n","protected":false},"excerpt":{"rendered":"<p>Jollein puidust mini motoorikakeskus krokodilli kujul \u2013 arendav ja l\u00f5bus m\u00e4ng v\u00e4ikestele seiklejatele Tutvu Jolleini uue puidust mini motoorikakeskusega, mis on loodud v\u00e4ikestele seiklejatele! See krokodilli kujuline m\u00e4nguasi koosneb neljast erksav\u00e4rvilisest klotsist, mis pakuvad l\u00f5putut ladumis- ja m\u00e4ngur\u00f5\u00f5mu. Lisaks sisaldab keskus ka kuut helmekest, mis liiguvad m\u00f6\u00f6da spiraali. M\u00e4nguasi pakub lapsele l\u00f5busat tegevust ja samal [&hellip;]<\/p>\n","protected":false},"featured_media":22590,"comment_status":"open","ping_status":"closed","template":"","meta":[],"product_brand":[],"product_cat":[769,1003,1016,1162,1163,776],"product_tag":[],"class_list":{"0":"post-22596","1":"product","2":"type-product","3":"status-publish","4":"has-post-thumbnail","6":"product_cat-manguasjad","7":"product_cat-motoorika-manguasjad-beebile","8":"product_cat-motoorikakeskused","9":"product_cat-kingituseks","10":"product_cat-0-1-aasta","11":"product_cat-jollein-2","12":"has-post-title","13":"has-post-date","14":"has-post-category","15":"has-post-tag","16":"has-post-comment","17":"has-post-author","18":"","20":"first","21":"instock","22":"sale","23":"taxable","24":"shipping-taxable","25":"purchasable","26":"product-type-simple"},"yoast_head":"<!-- This site is optimized with the Yoast SEO plugin v26.8 - https:\/\/yoast.com\/product\/yoast-seo-wordpress\/ -->\n<title>Jollein puidust mini motoorikakeskus Jungle Jambo - Croco - sulin.ee<\/title>\n<meta name=\"description\" content=\"Jollein puidust mini\u00a0motoorikakeskus toetab lapse arengut m\u00e4ngulisel ja turvalisel viisil. M\u00e4nguasi on valmistatud 100% FSC-sertifitseeritud puidust.\" \/>\n<meta name=\"robots\" content=\"index, follow, max-snippet:-1, max-image-preview:large, max-video-preview:-1\" \/>\n<link rel=\"canonical\" href=\"https:\/\/sulin.ee\/en\/toode\/jollein-puidust-mini-motoorikakeskus-jungle-jambo-croco\/\" \/>\n<meta property=\"og:locale\" content=\"en_US\" \/>\n<meta property=\"og:type\" content=\"article\" \/>\n<meta property=\"og:title\" content=\"Jollein puidust mini motoorikakeskus Jungle Jambo - Croco - sulin.ee\" \/>\n<meta property=\"og:description\" content=\"Jollein puidust mini\u00a0motoorikakeskus toetab lapse arengut m\u00e4ngulisel ja turvalisel viisil. M\u00e4nguasi on valmistatud 100% FSC-sertifitseeritud puidust.\" \/>\n<meta property=\"og:url\" content=\"https:\/\/sulin.ee\/en\/toode\/jollein-puidust-mini-motoorikakeskus-jungle-jambo-croco\/\" \/>\n<meta property=\"og:site_name\" content=\"sulin.ee\" \/>\n<meta property=\"article:publisher\" content=\"https:\/\/www.facebook.com\/www.sulin.ee\/\" \/>\n<meta property=\"article:modified_time\" content=\"2025-09-07T21:41:31+00:00\" \/>\n<meta property=\"og:image\" content=\"https:\/\/sulin.ee\/wp-content\/uploads\/2024\/10\/2-3.png\" \/>\n\t<meta property=\"og:image:width\" content=\"1080\" \/>\n\t<meta property=\"og:image:height\" content=\"1080\" \/>\n\t<meta property=\"og:image:type\" content=\"image\/png\" \/>\n<meta name=\"twitter:card\" content=\"summary_large_image\" \/>\n<meta name=\"twitter:label1\" content=\"Est. reading time\" \/>\n\t<meta name=\"twitter:data1\" content=\"1 minute\" \/>\n<script type=\"application\/ld+json\" class=\"yoast-schema-graph\">{\"@context\":\"https:\/\/schema.org\",\"@graph\":[{\"@type\":\"WebPage\",\"@id\":\"https:\/\/sulin.ee\/en\/toode\/jollein-puidust-mini-motoorikakeskus-jungle-jambo-croco\/\",\"url\":\"https:\/\/sulin.ee\/en\/toode\/jollein-puidust-mini-motoorikakeskus-jungle-jambo-croco\/\",\"name\":\"Jollein puidust mini motoorikakeskus Jungle Jambo - Croco - sulin.ee\",\"isPartOf\":{\"@id\":\"https:\/\/sulin.ee\/en\/#website\"},\"primaryImageOfPage\":{\"@id\":\"https:\/\/sulin.ee\/en\/toode\/jollein-puidust-mini-motoorikakeskus-jungle-jambo-croco\/#primaryimage\"},\"image\":{\"@id\":\"https:\/\/sulin.ee\/en\/toode\/jollein-puidust-mini-motoorikakeskus-jungle-jambo-croco\/#primaryimage\"},\"thumbnailUrl\":\"https:\/\/sulin.ee\/wp-content\/uploads\/2024\/10\/2-3.png\",\"datePublished\":\"2024-10-18T10:59:38+00:00\",\"dateModified\":\"2025-09-07T21:41:31+00:00\",\"description\":\"Jollein puidust mini\u00a0motoorikakeskus toetab lapse arengut m\u00e4ngulisel ja turvalisel viisil. M\u00e4nguasi on valmistatud 100% FSC-sertifitseeritud puidust.\",\"breadcrumb\":{\"@id\":\"https:\/\/sulin.ee\/en\/toode\/jollein-puidust-mini-motoorikakeskus-jungle-jambo-croco\/#breadcrumb\"},\"inLanguage\":\"en-US\",\"potentialAction\":[{\"@type\":\"ReadAction\",\"target\":[\"https:\/\/sulin.ee\/en\/toode\/jollein-puidust-mini-motoorikakeskus-jungle-jambo-croco\/\"]}]},{\"@type\":\"ImageObject\",\"inLanguage\":\"en-US\",\"@id\":\"https:\/\/sulin.ee\/en\/toode\/jollein-puidust-mini-motoorikakeskus-jungle-jambo-croco\/#primaryimage\",\"url\":\"https:\/\/sulin.ee\/wp-content\/uploads\/2024\/10\/2-3.png\",\"contentUrl\":\"https:\/\/sulin.ee\/wp-content\/uploads\/2024\/10\/2-3.png\",\"width\":1080,\"height\":1080,\"caption\":\"Jollein puidust mini motoorikakeskus\"},{\"@type\":\"BreadcrumbList\",\"@id\":\"https:\/\/sulin.ee\/en\/toode\/jollein-puidust-mini-motoorikakeskus-jungle-jambo-croco\/#breadcrumb\",\"itemListElement\":[{\"@type\":\"ListItem\",\"position\":1,\"name\":\"Home\",\"item\":\"https:\/\/sulin.ee\/en\/\"},{\"@type\":\"ListItem\",\"position\":2,\"name\":\"Sulin.ee e-pood\",\"item\":\"https:\/\/sulin.ee\/shop\/\"},{\"@type\":\"ListItem\",\"position\":3,\"name\":\"Jollein puidust mini motoorikakeskus Jungle Jambo &#8211; Croco\"}]},{\"@type\":\"WebSite\",\"@id\":\"https:\/\/sulin.ee\/en\/#website\",\"url\":\"https:\/\/sulin.ee\/en\/\",\"name\":\"sulin.ee\",\"description\":\"\",\"publisher\":{\"@id\":\"https:\/\/sulin.ee\/en\/#organization\"},\"potentialAction\":[{\"@type\":\"SearchAction\",\"target\":{\"@type\":\"EntryPoint\",\"urlTemplate\":\"https:\/\/sulin.ee\/en\/?s={search_term_string}\"},\"query-input\":{\"@type\":\"PropertyValueSpecification\",\"valueRequired\":true,\"valueName\":\"search_term_string\"}}],\"inLanguage\":\"en-US\"},{\"@type\":\"Organization\",\"@id\":\"https:\/\/sulin.ee\/en\/#organization\",\"name\":\"SULIN TRADE O\u00dc\",\"url\":\"https:\/\/sulin.ee\/en\/\",\"logo\":{\"@type\":\"ImageObject\",\"inLanguage\":\"en-US\",\"@id\":\"https:\/\/sulin.ee\/en\/#\/schema\/logo\/image\/\",\"url\":\"https:\/\/sulin.ee\/wp-content\/uploads\/2022\/11\/sulin-logo.png\",\"contentUrl\":\"https:\/\/sulin.ee\/wp-content\/uploads\/2022\/11\/sulin-logo.png\",\"width\":871,\"height\":321,\"caption\":\"SULIN TRADE O\u00dc\"},\"image\":{\"@id\":\"https:\/\/sulin.ee\/en\/#\/schema\/logo\/image\/\"},\"sameAs\":[\"https:\/\/www.facebook.com\/www.sulin.ee\/\",\"https:\/\/www.instagram.com\/sulintrade\/\"]}]}<\/script>\n<!-- \/ Yoast SEO plugin. -->","yoast_head_json":{"title":"Jollein puidust mini motoorikakeskus Jungle Jambo - Croco - sulin.ee","description":"Jollein puidust mini\u00a0motoorikakeskus toetab lapse arengut m\u00e4ngulisel ja turvalisel viisil. M\u00e4nguasi on valmistatud 100% FSC-sertifitseeritud puidust.","robots":{"index":"index","follow":"follow","max-snippet":"max-snippet:-1","max-image-preview":"max-image-preview:large","max-video-preview":"max-video-preview:-1"},"canonical":"https:\/\/sulin.ee\/en\/toode\/jollein-puidust-mini-motoorikakeskus-jungle-jambo-croco\/","og_locale":"en_US","og_type":"article","og_title":"Jollein puidust mini motoorikakeskus Jungle Jambo - Croco - sulin.ee","og_description":"Jollein puidust mini\u00a0motoorikakeskus toetab lapse arengut m\u00e4ngulisel ja turvalisel viisil. M\u00e4nguasi on valmistatud 100% FSC-sertifitseeritud puidust.","og_url":"https:\/\/sulin.ee\/en\/toode\/jollein-puidust-mini-motoorikakeskus-jungle-jambo-croco\/","og_site_name":"sulin.ee","article_publisher":"https:\/\/www.facebook.com\/www.sulin.ee\/","article_modified_time":"2025-09-07T21:41:31+00:00","og_image":[{"width":1080,"height":1080,"url":"https:\/\/sulin.ee\/wp-content\/uploads\/2024\/10\/2-3.png","type":"image\/png"}],"twitter_card":"summary_large_image","twitter_misc":{"Est. reading time":"1 minute"},"schema":{"@context":"https:\/\/schema.org","@graph":[{"@type":"WebPage","@id":"https:\/\/sulin.ee\/en\/toode\/jollein-puidust-mini-motoorikakeskus-jungle-jambo-croco\/","url":"https:\/\/sulin.ee\/en\/toode\/jollein-puidust-mini-motoorikakeskus-jungle-jambo-croco\/","name":"Jollein puidust mini motoorikakeskus Jungle Jambo - Croco - sulin.ee","isPartOf":{"@id":"https:\/\/sulin.ee\/en\/#website"},"primaryImageOfPage":{"@id":"https:\/\/sulin.ee\/en\/toode\/jollein-puidust-mini-motoorikakeskus-jungle-jambo-croco\/#primaryimage"},"image":{"@id":"https:\/\/sulin.ee\/en\/toode\/jollein-puidust-mini-motoorikakeskus-jungle-jambo-croco\/#primaryimage"},"thumbnailUrl":"https:\/\/sulin.ee\/wp-content\/uploads\/2024\/10\/2-3.png","datePublished":"2024-10-18T10:59:38+00:00","dateModified":"2025-09-07T21:41:31+00:00","description":"Jollein puidust mini\u00a0motoorikakeskus toetab lapse arengut m\u00e4ngulisel ja turvalisel viisil. M\u00e4nguasi on valmistatud 100% FSC-sertifitseeritud puidust.","breadcrumb":{"@id":"https:\/\/sulin.ee\/en\/toode\/jollein-puidust-mini-motoorikakeskus-jungle-jambo-croco\/#breadcrumb"},"inLanguage":"en-US","potentialAction":[{"@type":"ReadAction","target":["https:\/\/sulin.ee\/en\/toode\/jollein-puidust-mini-motoorikakeskus-jungle-jambo-croco\/"]}]},{"@type":"ImageObject","inLanguage":"en-US","@id":"https:\/\/sulin.ee\/en\/toode\/jollein-puidust-mini-motoorikakeskus-jungle-jambo-croco\/#primaryimage","url":"https:\/\/sulin.ee\/wp-content\/uploads\/2024\/10\/2-3.png","contentUrl":"https:\/\/sulin.ee\/wp-content\/uploads\/2024\/10\/2-3.png","width":1080,"height":1080,"caption":"Jollein puidust mini motoorikakeskus"},{"@type":"BreadcrumbList","@id":"https:\/\/sulin.ee\/en\/toode\/jollein-puidust-mini-motoorikakeskus-jungle-jambo-croco\/#breadcrumb","itemListElement":[{"@type":"ListItem","position":1,"name":"Home","item":"https:\/\/sulin.ee\/en\/"},{"@type":"ListItem","position":2,"name":"Sulin.ee e-pood","item":"https:\/\/sulin.ee\/shop\/"},{"@type":"ListItem","position":3,"name":"Jollein puidust mini motoorikakeskus Jungle Jambo &#8211; Croco"}]},{"@type":"WebSite","@id":"https:\/\/sulin.ee\/en\/#website","url":"https:\/\/sulin.ee\/en\/","name":"sulin.ee","description":"","publisher":{"@id":"https:\/\/sulin.ee\/en\/#organization"},"potentialAction":[{"@type":"SearchAction","target":{"@type":"EntryPoint","urlTemplate":"https:\/\/sulin.ee\/en\/?s={search_term_string}"},"query-input":{"@type":"PropertyValueSpecification","valueRequired":true,"valueName":"search_term_string"}}],"inLanguage":"en-US"},{"@type":"Organization","@id":"https:\/\/sulin.ee\/en\/#organization","name":"SULIN TRADE O\u00dc","url":"https:\/\/sulin.ee\/en\/","logo":{"@type":"ImageObject","inLanguage":"en-US","@id":"https:\/\/sulin.ee\/en\/#\/schema\/logo\/image\/","url":"https:\/\/sulin.ee\/wp-content\/uploads\/2022\/11\/sulin-logo.png","contentUrl":"https:\/\/sulin.ee\/wp-content\/uploads\/2022\/11\/sulin-logo.png","width":871,"height":321,"caption":"SULIN TRADE O\u00dc"},"image":{"@id":"https:\/\/sulin.ee\/en\/#\/schema\/logo\/image\/"},"sameAs":["https:\/\/www.facebook.com\/www.sulin.ee\/","https:\/\/www.instagram.com\/sulintrade\/"]}]}},"builder_content":"","_links":{"self":[{"href":"https:\/\/sulin.ee\/en\/wp-json\/wp\/v2\/product\/22596","targetHints":{"allow":["GET"]}}],"collection":[{"href":"https:\/\/sulin.ee\/en\/wp-json\/wp\/v2\/product"}],"about":[{"href":"https:\/\/sulin.ee\/en\/wp-json\/wp\/v2\/types\/product"}],"replies":[{"embeddable":true,"href":"https:\/\/sulin.ee\/en\/wp-json\/wp\/v2\/comments?post=22596"}],"wp:featuredmedia":[{"embeddable":true,"href":"https:\/\/sulin.ee\/en\/wp-json\/wp\/v2\/media\/22590"}],"wp:attachment":[{"href":"https:\/\/sulin.ee\/en\/wp-json\/wp\/v2\/media?parent=22596"}],"wp:term":[{"taxonomy":"product_brand","embeddable":true,"href":"https:\/\/sulin.ee\/en\/wp-json\/wp\/v2\/product_brand?post=22596"},{"taxonomy":"product_cat","embeddable":true,"href":"https:\/\/sulin.ee\/en\/wp-json\/wp\/v2\/product_cat?post=22596"},{"taxonomy":"product_tag","embeddable":true,"href":"https:\/\/sulin.ee\/en\/wp-json\/wp\/v2\/product_tag?post=22596"}],"curies":[{"name":"wp","href":"https:\/\/api.w.org\/{rel}","templated":true}]}}