{"id":22547,"date":"2024-10-15T12:31:59","date_gmt":"2024-10-15T12:31:59","guid":{"rendered":"https:\/\/sulin.ee\/?post_type=product&#038;p=22547"},"modified":"2025-09-07T21:49:22","modified_gmt":"2025-09-07T21:49:22","slug":"jollein-puidust-ladumistorn-jungle-jambo","status":"publish","type":"product","link":"https:\/\/sulin.ee\/en\/toode\/jollein-puidust-ladumistorn-jungle-jambo\/","title":{"rendered":"Jollein puidust ladumistorn &#8211; Jungle Jambo"},"content":{"rendered":"<p>Jollein puidust ladumistorn on l\u00f5bus ja arendav m\u00e4ng. See armas <strong>gepardi kujuline tasakaalum\u00e4ng<\/strong> on osa d\u017eungli-teemast ja pakub palju l\u00f5bu ning samal ajal toetab lapse arengut. M\u00e4nguasi koosneb 5 klotsist ja peast, mida saab laduda \u00fcksteise otsa, kutsudes last \u00fcles looma torni ja samal ajal tasakaalu hoidma. See tegevus arendab lapse <strong>peenmotoorikat<\/strong>, treenib <strong>k\u00e4e ja silma koost\u00f6\u00f6d<\/strong> ning soodustab loogilist m\u00f5tlemist.<\/p>\n<p><strong>Tasakaalum\u00e4ng<\/strong> on suurep\u00e4rane vahend, mis aitab lapsel \u00f5ppida keskendumist ja p\u00fcsivust, samal ajal kui ta l\u00f5busalt m\u00e4ngib ja avastab. Gepardim\u00e4nguasi ei ole mitte ainult hariv, vaid ka visuaalselt meeldiv \u2013 selle <strong>d\u017eungli-teemaline<\/strong> disain sobib h\u00e4sti ka toakaunistuseks. M\u00e4nguasi on l\u00f5bus lisand igale m\u00e4ngunurgale.<\/p>\n<p>Valmistatud <strong>100% FSC-sertifitseeritud puidust<\/strong>, on see m\u00e4nguasi j\u00e4tkusuutlik valik, mis sobib keskkonnateadlikele peredele. <a href=\"https:\/\/jollein.com\/\" target=\"_blank\" rel=\"noopener\">Jollein<\/a> puidust m\u00e4nguasjad on vastupidavad ja kestavad kaua, pakkudes lapsele aastateks m\u00e4ngur\u00f5\u00f5mu. Lisaks on see m\u00e4nguasi ideaalne kingitus s\u00fcnnip\u00e4evaks v\u00f5i eriliseks s\u00fcndmuseks, pakkudes nii meelelahutust kui ka praktilist kasu lapse arengule.<\/p>\n<p><strong>M\u00f5\u00f5dud:<\/strong> 17 x 10 cm.<\/p>\n<p>Vaata veel beebile m\u00f5eldud m\u00e4nguasju <a href=\"https:\/\/sulin.ee\/tootekategooria\/beebile\/manguasjad\/\" target=\"_blank\" rel=\"noopener\">siit<\/a>.<\/p>\n","protected":false},"excerpt":{"rendered":"<p><strong>Jollein puidust ladumistorn on l\u00f5bus ja arendav m\u00e4ng, mis aitab arendada lapse peenmotoorikat ja k\u00e4e-silma koordinatsiooni.<\/strong><\/p>\n","protected":false},"featured_media":22548,"comment_status":"open","ping_status":"closed","template":"","meta":[],"product_brand":[],"product_cat":[769,1003,999,1162,1163,776],"product_tag":[],"class_list":{"0":"post-22547","1":"product","2":"type-product","3":"status-publish","4":"has-post-thumbnail","6":"product_cat-manguasjad","7":"product_cat-motoorika-manguasjad-beebile","8":"product_cat-ladumistornid","9":"product_cat-kingituseks","10":"product_cat-0-1-aasta","11":"product_cat-jollein-2","12":"has-post-title","13":"has-post-date","14":"has-post-category","15":"has-post-tag","16":"has-post-comment","17":"has-post-author","18":"","20":"first","21":"instock","22":"sale","23":"taxable","24":"shipping-taxable","25":"purchasable","26":"product-type-simple"},"yoast_head":"<!-- This site is optimized with the Yoast SEO plugin v26.8 - https:\/\/yoast.com\/product\/yoast-seo-wordpress\/ -->\n<title>Jollein puidust ladumistorn - Jungle Jambo - sulin.ee<\/title>\n<meta name=\"description\" content=\"Jollein puidust ladumistorn on l\u00f5bus ja arendav m\u00e4ng, mis aitab arendada lapse peenmotoorikat ja k\u00e4e-silma koordinatsiooni.\" \/>\n<meta name=\"robots\" content=\"index, follow, max-snippet:-1, max-image-preview:large, max-video-preview:-1\" \/>\n<link rel=\"canonical\" href=\"https:\/\/sulin.ee\/en\/toode\/jollein-puidust-ladumistorn-jungle-jambo\/\" \/>\n<meta property=\"og:locale\" content=\"en_US\" \/>\n<meta property=\"og:type\" content=\"article\" \/>\n<meta property=\"og:title\" content=\"Jollein puidust ladumistorn - Jungle Jambo - sulin.ee\" \/>\n<meta property=\"og:description\" content=\"Jollein puidust ladumistorn on l\u00f5bus ja arendav m\u00e4ng, mis aitab arendada lapse peenmotoorikat ja k\u00e4e-silma koordinatsiooni.\" \/>\n<meta property=\"og:url\" content=\"https:\/\/sulin.ee\/en\/toode\/jollein-puidust-ladumistorn-jungle-jambo\/\" \/>\n<meta property=\"og:site_name\" content=\"sulin.ee\" \/>\n<meta property=\"article:publisher\" content=\"https:\/\/www.facebook.com\/www.sulin.ee\/\" \/>\n<meta property=\"article:modified_time\" content=\"2025-09-07T21:49:22+00:00\" \/>\n<meta property=\"og:image\" content=\"https:\/\/sulin.ee\/wp-content\/uploads\/2024\/10\/Piltide-korrektuurid-kodulehel-2024-10-15T151406.682.png\" \/>\n\t<meta property=\"og:image:width\" content=\"1080\" \/>\n\t<meta property=\"og:image:height\" content=\"1080\" \/>\n\t<meta property=\"og:image:type\" content=\"image\/png\" \/>\n<meta name=\"twitter:card\" content=\"summary_large_image\" \/>\n<meta name=\"twitter:label1\" content=\"Est. reading time\" \/>\n\t<meta name=\"twitter:data1\" content=\"2 minutes\" \/>\n<script type=\"application\/ld+json\" class=\"yoast-schema-graph\">{\"@context\":\"https:\/\/schema.org\",\"@graph\":[{\"@type\":\"WebPage\",\"@id\":\"https:\/\/sulin.ee\/en\/toode\/jollein-puidust-ladumistorn-jungle-jambo\/\",\"url\":\"https:\/\/sulin.ee\/en\/toode\/jollein-puidust-ladumistorn-jungle-jambo\/\",\"name\":\"Jollein puidust ladumistorn - Jungle Jambo - sulin.ee\",\"isPartOf\":{\"@id\":\"https:\/\/sulin.ee\/en\/#website\"},\"primaryImageOfPage\":{\"@id\":\"https:\/\/sulin.ee\/en\/toode\/jollein-puidust-ladumistorn-jungle-jambo\/#primaryimage\"},\"image\":{\"@id\":\"https:\/\/sulin.ee\/en\/toode\/jollein-puidust-ladumistorn-jungle-jambo\/#primaryimage\"},\"thumbnailUrl\":\"https:\/\/sulin.ee\/wp-content\/uploads\/2024\/10\/Piltide-korrektuurid-kodulehel-2024-10-15T151406.682.png\",\"datePublished\":\"2024-10-15T12:31:59+00:00\",\"dateModified\":\"2025-09-07T21:49:22+00:00\",\"description\":\"Jollein puidust ladumistorn on l\u00f5bus ja arendav m\u00e4ng, mis aitab arendada lapse peenmotoorikat ja k\u00e4e-silma koordinatsiooni.\",\"breadcrumb\":{\"@id\":\"https:\/\/sulin.ee\/en\/toode\/jollein-puidust-ladumistorn-jungle-jambo\/#breadcrumb\"},\"inLanguage\":\"en-US\",\"potentialAction\":[{\"@type\":\"ReadAction\",\"target\":[\"https:\/\/sulin.ee\/en\/toode\/jollein-puidust-ladumistorn-jungle-jambo\/\"]}]},{\"@type\":\"ImageObject\",\"inLanguage\":\"en-US\",\"@id\":\"https:\/\/sulin.ee\/en\/toode\/jollein-puidust-ladumistorn-jungle-jambo\/#primaryimage\",\"url\":\"https:\/\/sulin.ee\/wp-content\/uploads\/2024\/10\/Piltide-korrektuurid-kodulehel-2024-10-15T151406.682.png\",\"contentUrl\":\"https:\/\/sulin.ee\/wp-content\/uploads\/2024\/10\/Piltide-korrektuurid-kodulehel-2024-10-15T151406.682.png\",\"width\":1080,\"height\":1080,\"caption\":\"Jollein puidust ladumistorn\"},{\"@type\":\"BreadcrumbList\",\"@id\":\"https:\/\/sulin.ee\/en\/toode\/jollein-puidust-ladumistorn-jungle-jambo\/#breadcrumb\",\"itemListElement\":[{\"@type\":\"ListItem\",\"position\":1,\"name\":\"Home\",\"item\":\"https:\/\/sulin.ee\/en\/\"},{\"@type\":\"ListItem\",\"position\":2,\"name\":\"Sulin.ee e-pood\",\"item\":\"https:\/\/sulin.ee\/shop\/\"},{\"@type\":\"ListItem\",\"position\":3,\"name\":\"Jollein puidust ladumistorn &#8211; Jungle Jambo\"}]},{\"@type\":\"WebSite\",\"@id\":\"https:\/\/sulin.ee\/en\/#website\",\"url\":\"https:\/\/sulin.ee\/en\/\",\"name\":\"sulin.ee\",\"description\":\"\",\"publisher\":{\"@id\":\"https:\/\/sulin.ee\/en\/#organization\"},\"potentialAction\":[{\"@type\":\"SearchAction\",\"target\":{\"@type\":\"EntryPoint\",\"urlTemplate\":\"https:\/\/sulin.ee\/en\/?s={search_term_string}\"},\"query-input\":{\"@type\":\"PropertyValueSpecification\",\"valueRequired\":true,\"valueName\":\"search_term_string\"}}],\"inLanguage\":\"en-US\"},{\"@type\":\"Organization\",\"@id\":\"https:\/\/sulin.ee\/en\/#organization\",\"name\":\"SULIN TRADE O\u00dc\",\"url\":\"https:\/\/sulin.ee\/en\/\",\"logo\":{\"@type\":\"ImageObject\",\"inLanguage\":\"en-US\",\"@id\":\"https:\/\/sulin.ee\/en\/#\/schema\/logo\/image\/\",\"url\":\"https:\/\/sulin.ee\/wp-content\/uploads\/2022\/11\/sulin-logo.png\",\"contentUrl\":\"https:\/\/sulin.ee\/wp-content\/uploads\/2022\/11\/sulin-logo.png\",\"width\":871,\"height\":321,\"caption\":\"SULIN TRADE O\u00dc\"},\"image\":{\"@id\":\"https:\/\/sulin.ee\/en\/#\/schema\/logo\/image\/\"},\"sameAs\":[\"https:\/\/www.facebook.com\/www.sulin.ee\/\",\"https:\/\/www.instagram.com\/sulintrade\/\"]}]}<\/script>\n<!-- \/ Yoast SEO plugin. -->","yoast_head_json":{"title":"Jollein puidust ladumistorn - Jungle Jambo - sulin.ee","description":"Jollein puidust ladumistorn on l\u00f5bus ja arendav m\u00e4ng, mis aitab arendada lapse peenmotoorikat ja k\u00e4e-silma koordinatsiooni.","robots":{"index":"index","follow":"follow","max-snippet":"max-snippet:-1","max-image-preview":"max-image-preview:large","max-video-preview":"max-video-preview:-1"},"canonical":"https:\/\/sulin.ee\/en\/toode\/jollein-puidust-ladumistorn-jungle-jambo\/","og_locale":"en_US","og_type":"article","og_title":"Jollein puidust ladumistorn - Jungle Jambo - sulin.ee","og_description":"Jollein puidust ladumistorn on l\u00f5bus ja arendav m\u00e4ng, mis aitab arendada lapse peenmotoorikat ja k\u00e4e-silma koordinatsiooni.","og_url":"https:\/\/sulin.ee\/en\/toode\/jollein-puidust-ladumistorn-jungle-jambo\/","og_site_name":"sulin.ee","article_publisher":"https:\/\/www.facebook.com\/www.sulin.ee\/","article_modified_time":"2025-09-07T21:49:22+00:00","og_image":[{"width":1080,"height":1080,"url":"https:\/\/sulin.ee\/wp-content\/uploads\/2024\/10\/Piltide-korrektuurid-kodulehel-2024-10-15T151406.682.png","type":"image\/png"}],"twitter_card":"summary_large_image","twitter_misc":{"Est. reading time":"2 minutes"},"schema":{"@context":"https:\/\/schema.org","@graph":[{"@type":"WebPage","@id":"https:\/\/sulin.ee\/en\/toode\/jollein-puidust-ladumistorn-jungle-jambo\/","url":"https:\/\/sulin.ee\/en\/toode\/jollein-puidust-ladumistorn-jungle-jambo\/","name":"Jollein puidust ladumistorn - Jungle Jambo - sulin.ee","isPartOf":{"@id":"https:\/\/sulin.ee\/en\/#website"},"primaryImageOfPage":{"@id":"https:\/\/sulin.ee\/en\/toode\/jollein-puidust-ladumistorn-jungle-jambo\/#primaryimage"},"image":{"@id":"https:\/\/sulin.ee\/en\/toode\/jollein-puidust-ladumistorn-jungle-jambo\/#primaryimage"},"thumbnailUrl":"https:\/\/sulin.ee\/wp-content\/uploads\/2024\/10\/Piltide-korrektuurid-kodulehel-2024-10-15T151406.682.png","datePublished":"2024-10-15T12:31:59+00:00","dateModified":"2025-09-07T21:49:22+00:00","description":"Jollein puidust ladumistorn on l\u00f5bus ja arendav m\u00e4ng, mis aitab arendada lapse peenmotoorikat ja k\u00e4e-silma koordinatsiooni.","breadcrumb":{"@id":"https:\/\/sulin.ee\/en\/toode\/jollein-puidust-ladumistorn-jungle-jambo\/#breadcrumb"},"inLanguage":"en-US","potentialAction":[{"@type":"ReadAction","target":["https:\/\/sulin.ee\/en\/toode\/jollein-puidust-ladumistorn-jungle-jambo\/"]}]},{"@type":"ImageObject","inLanguage":"en-US","@id":"https:\/\/sulin.ee\/en\/toode\/jollein-puidust-ladumistorn-jungle-jambo\/#primaryimage","url":"https:\/\/sulin.ee\/wp-content\/uploads\/2024\/10\/Piltide-korrektuurid-kodulehel-2024-10-15T151406.682.png","contentUrl":"https:\/\/sulin.ee\/wp-content\/uploads\/2024\/10\/Piltide-korrektuurid-kodulehel-2024-10-15T151406.682.png","width":1080,"height":1080,"caption":"Jollein puidust ladumistorn"},{"@type":"BreadcrumbList","@id":"https:\/\/sulin.ee\/en\/toode\/jollein-puidust-ladumistorn-jungle-jambo\/#breadcrumb","itemListElement":[{"@type":"ListItem","position":1,"name":"Home","item":"https:\/\/sulin.ee\/en\/"},{"@type":"ListItem","position":2,"name":"Sulin.ee e-pood","item":"https:\/\/sulin.ee\/shop\/"},{"@type":"ListItem","position":3,"name":"Jollein puidust ladumistorn &#8211; Jungle Jambo"}]},{"@type":"WebSite","@id":"https:\/\/sulin.ee\/en\/#website","url":"https:\/\/sulin.ee\/en\/","name":"sulin.ee","description":"","publisher":{"@id":"https:\/\/sulin.ee\/en\/#organization"},"potentialAction":[{"@type":"SearchAction","target":{"@type":"EntryPoint","urlTemplate":"https:\/\/sulin.ee\/en\/?s={search_term_string}"},"query-input":{"@type":"PropertyValueSpecification","valueRequired":true,"valueName":"search_term_string"}}],"inLanguage":"en-US"},{"@type":"Organization","@id":"https:\/\/sulin.ee\/en\/#organization","name":"SULIN TRADE O\u00dc","url":"https:\/\/sulin.ee\/en\/","logo":{"@type":"ImageObject","inLanguage":"en-US","@id":"https:\/\/sulin.ee\/en\/#\/schema\/logo\/image\/","url":"https:\/\/sulin.ee\/wp-content\/uploads\/2022\/11\/sulin-logo.png","contentUrl":"https:\/\/sulin.ee\/wp-content\/uploads\/2022\/11\/sulin-logo.png","width":871,"height":321,"caption":"SULIN TRADE O\u00dc"},"image":{"@id":"https:\/\/sulin.ee\/en\/#\/schema\/logo\/image\/"},"sameAs":["https:\/\/www.facebook.com\/www.sulin.ee\/","https:\/\/www.instagram.com\/sulintrade\/"]}]}},"builder_content":"","_links":{"self":[{"href":"https:\/\/sulin.ee\/en\/wp-json\/wp\/v2\/product\/22547","targetHints":{"allow":["GET"]}}],"collection":[{"href":"https:\/\/sulin.ee\/en\/wp-json\/wp\/v2\/product"}],"about":[{"href":"https:\/\/sulin.ee\/en\/wp-json\/wp\/v2\/types\/product"}],"replies":[{"embeddable":true,"href":"https:\/\/sulin.ee\/en\/wp-json\/wp\/v2\/comments?post=22547"}],"wp:featuredmedia":[{"embeddable":true,"href":"https:\/\/sulin.ee\/en\/wp-json\/wp\/v2\/media\/22548"}],"wp:attachment":[{"href":"https:\/\/sulin.ee\/en\/wp-json\/wp\/v2\/media?parent=22547"}],"wp:term":[{"taxonomy":"product_brand","embeddable":true,"href":"https:\/\/sulin.ee\/en\/wp-json\/wp\/v2\/product_brand?post=22547"},{"taxonomy":"product_cat","embeddable":true,"href":"https:\/\/sulin.ee\/en\/wp-json\/wp\/v2\/product_cat?post=22547"},{"taxonomy":"product_tag","embeddable":true,"href":"https:\/\/sulin.ee\/en\/wp-json\/wp\/v2\/product_tag?post=22547"}],"curies":[{"name":"wp","href":"https:\/\/api.w.org\/{rel}","templated":true}]}}