{"id":22524,"date":"2024-10-14T07:31:10","date_gmt":"2024-10-14T07:31:10","guid":{"rendered":"https:\/\/sulin.ee\/?post_type=product&#038;p=22524"},"modified":"2025-09-07T21:41:32","modified_gmt":"2025-09-07T21:41:32","slug":"jollein-veekindlad-polled-2tk-dreamy-mouse","status":"publish","type":"product","link":"https:\/\/sulin.ee\/en\/toode\/jollein-veekindlad-polled-2tk-dreamy-mouse\/","title":{"rendered":"Jollein veekindlad p\u00f5lled (2tk) &#8211; Dreamy Mouse"},"content":{"rendered":"<p><strong><a href=\"https:\/\/jollein.com\/\" target=\"_blank\" rel=\"noopener\">Jollein<\/a> veekindlad p\u00f5lled \u2013 ideaalne v\u00e4ikestele avastajatele.<\/strong><\/p>\n<p>Need <strong>praktilised veekindlad pudip\u00f5lled<\/strong> on suurep\u00e4rane valik energilistele lastele, kes alles \u00f5pivad iseseisvalt s\u00f6\u00f6ma ja jooma.\u00a0P\u00f5lle allosas olev <strong>kogumistasku<\/strong> p\u00fc\u00fcab kinni k\u00f5ik pudemed ja toidu, mis s\u00f6\u00f6misel alla kukub, hoides riided ja \u00fcmbritseva puhtana.<\/p>\n<p>T\u00e4nu <strong>veekindlale materjalile<\/strong> v\u00f5id lasta oma lapsel rahulikult toimetada \u2013 p\u00f5ll ei lase vedelikke l\u00e4bi ja kaitseb riideid. <strong>Takjakinnitus<\/strong> selja taga hoiab p\u00f5lle kindlalt paigal, tagades, et see ei nihkuks ega libiseks.<\/p>\n<p>Komplektis on <strong>2 pudip\u00f5lle<\/strong>, pakkudes suurep\u00e4rast lahendust igap\u00e4evaseks kasutamiseks.<\/p>\n<p>Vaata ka teisi Jolleini tooteid <a href=\"https:\/\/sulin.ee\/tootekategooria\/brandid\/jollein-2\/\" target=\"_blank\" rel=\"noopener\">siit<\/a>.<\/p>\n","protected":false},"excerpt":{"rendered":"<p>Jollein veekindlad p\u00f5lled \u2013 ideaalne v\u00e4ikestele avastajatele. Need praktilised veekindlad pudip\u00f5lled on suurep\u00e4rane valik energilistele lastele, kes alles \u00f5pivad iseseisvalt s\u00f6\u00f6ma ja jooma.\u00a0P\u00f5lle allosas olev kogumistasku p\u00fc\u00fcab kinni k\u00f5ik pudemed ja toidu, mis s\u00f6\u00f6misel alla kukub, hoides riided ja \u00fcmbritseva puhtana. T\u00e4nu veekindlale materjalile v\u00f5id lasta oma lapsel rahulikult toimetada \u2013 p\u00f5ll ei lase vedelikke [&hellip;]<\/p>\n","protected":false},"featured_media":22525,"comment_status":"open","ping_status":"closed","template":"","meta":[],"product_brand":[],"product_cat":[489,488,171,177,776],"product_tag":[],"class_list":{"0":"post-22524","1":"product","2":"type-product","3":"status-publish","4":"has-post-thumbnail","6":"product_cat-beebitarbed-toitmiseks","7":"product_cat-pudipolled","8":"product_cat-soomine","9":"product_cat-polled","10":"product_cat-jollein-2","11":"has-post-title","12":"has-post-date","13":"has-post-category","14":"has-post-tag","15":"has-post-comment","16":"has-post-author","17":"","19":"first","20":"instock","21":"sale","22":"taxable","23":"shipping-taxable","24":"purchasable","25":"product-type-simple"},"yoast_head":"<!-- This site is optimized with the Yoast SEO plugin v26.8 - https:\/\/yoast.com\/product\/yoast-seo-wordpress\/ -->\n<title>Jollein veekindlad p\u00f5lled (2tk) - Dreamy Mouse - sulin.ee<\/title>\n<meta name=\"description\" content=\"Jollein veekindlad p\u00f5lled \u2013 on suurep\u00e4rane valik energilistele lastele, kes alles \u00f5pivad iseseisvalt s\u00f6\u00f6ma ja jooma. Ideaalne v\u00e4ikestele avastajatele.\" \/>\n<meta name=\"robots\" content=\"index, follow, max-snippet:-1, max-image-preview:large, max-video-preview:-1\" \/>\n<link rel=\"canonical\" href=\"https:\/\/sulin.ee\/en\/toode\/jollein-veekindlad-polled-2tk-dreamy-mouse\/\" \/>\n<meta property=\"og:locale\" content=\"en_US\" \/>\n<meta property=\"og:type\" content=\"article\" \/>\n<meta property=\"og:title\" content=\"Jollein veekindlad p\u00f5lled (2tk) - Dreamy Mouse - sulin.ee\" \/>\n<meta property=\"og:description\" content=\"Jollein veekindlad p\u00f5lled \u2013 on suurep\u00e4rane valik energilistele lastele, kes alles \u00f5pivad iseseisvalt s\u00f6\u00f6ma ja jooma. Ideaalne v\u00e4ikestele avastajatele.\" \/>\n<meta property=\"og:url\" content=\"https:\/\/sulin.ee\/en\/toode\/jollein-veekindlad-polled-2tk-dreamy-mouse\/\" \/>\n<meta property=\"og:site_name\" content=\"sulin.ee\" \/>\n<meta property=\"article:publisher\" content=\"https:\/\/www.facebook.com\/www.sulin.ee\/\" \/>\n<meta property=\"article:modified_time\" content=\"2025-09-07T21:41:32+00:00\" \/>\n<meta property=\"og:image\" content=\"https:\/\/sulin.ee\/wp-content\/uploads\/2024\/10\/Piltide-korrektuurid-kodulehel-2024-10-14T102612.038.png\" \/>\n\t<meta property=\"og:image:width\" content=\"1080\" \/>\n\t<meta property=\"og:image:height\" content=\"1080\" \/>\n\t<meta property=\"og:image:type\" content=\"image\/png\" \/>\n<meta name=\"twitter:card\" content=\"summary_large_image\" \/>\n<meta name=\"twitter:label1\" content=\"Est. reading time\" \/>\n\t<meta name=\"twitter:data1\" content=\"1 minute\" \/>\n<script type=\"application\/ld+json\" class=\"yoast-schema-graph\">{\"@context\":\"https:\/\/schema.org\",\"@graph\":[{\"@type\":\"WebPage\",\"@id\":\"https:\/\/sulin.ee\/en\/toode\/jollein-veekindlad-polled-2tk-dreamy-mouse\/\",\"url\":\"https:\/\/sulin.ee\/en\/toode\/jollein-veekindlad-polled-2tk-dreamy-mouse\/\",\"name\":\"Jollein veekindlad p\u00f5lled (2tk) - Dreamy Mouse - sulin.ee\",\"isPartOf\":{\"@id\":\"https:\/\/sulin.ee\/en\/#website\"},\"primaryImageOfPage\":{\"@id\":\"https:\/\/sulin.ee\/en\/toode\/jollein-veekindlad-polled-2tk-dreamy-mouse\/#primaryimage\"},\"image\":{\"@id\":\"https:\/\/sulin.ee\/en\/toode\/jollein-veekindlad-polled-2tk-dreamy-mouse\/#primaryimage\"},\"thumbnailUrl\":\"https:\/\/sulin.ee\/wp-content\/uploads\/2024\/10\/Piltide-korrektuurid-kodulehel-2024-10-14T102612.038.png\",\"datePublished\":\"2024-10-14T07:31:10+00:00\",\"dateModified\":\"2025-09-07T21:41:32+00:00\",\"description\":\"Jollein veekindlad p\u00f5lled \u2013 on suurep\u00e4rane valik energilistele lastele, kes alles \u00f5pivad iseseisvalt s\u00f6\u00f6ma ja jooma. Ideaalne v\u00e4ikestele avastajatele.\",\"breadcrumb\":{\"@id\":\"https:\/\/sulin.ee\/en\/toode\/jollein-veekindlad-polled-2tk-dreamy-mouse\/#breadcrumb\"},\"inLanguage\":\"en-US\",\"potentialAction\":[{\"@type\":\"ReadAction\",\"target\":[\"https:\/\/sulin.ee\/en\/toode\/jollein-veekindlad-polled-2tk-dreamy-mouse\/\"]}]},{\"@type\":\"ImageObject\",\"inLanguage\":\"en-US\",\"@id\":\"https:\/\/sulin.ee\/en\/toode\/jollein-veekindlad-polled-2tk-dreamy-mouse\/#primaryimage\",\"url\":\"https:\/\/sulin.ee\/wp-content\/uploads\/2024\/10\/Piltide-korrektuurid-kodulehel-2024-10-14T102612.038.png\",\"contentUrl\":\"https:\/\/sulin.ee\/wp-content\/uploads\/2024\/10\/Piltide-korrektuurid-kodulehel-2024-10-14T102612.038.png\",\"width\":1080,\"height\":1080},{\"@type\":\"BreadcrumbList\",\"@id\":\"https:\/\/sulin.ee\/en\/toode\/jollein-veekindlad-polled-2tk-dreamy-mouse\/#breadcrumb\",\"itemListElement\":[{\"@type\":\"ListItem\",\"position\":1,\"name\":\"Home\",\"item\":\"https:\/\/sulin.ee\/en\/\"},{\"@type\":\"ListItem\",\"position\":2,\"name\":\"Sulin.ee e-pood\",\"item\":\"https:\/\/sulin.ee\/shop\/\"},{\"@type\":\"ListItem\",\"position\":3,\"name\":\"Jollein veekindlad p\u00f5lled (2tk) &#8211; Dreamy Mouse\"}]},{\"@type\":\"WebSite\",\"@id\":\"https:\/\/sulin.ee\/en\/#website\",\"url\":\"https:\/\/sulin.ee\/en\/\",\"name\":\"sulin.ee\",\"description\":\"\",\"publisher\":{\"@id\":\"https:\/\/sulin.ee\/en\/#organization\"},\"potentialAction\":[{\"@type\":\"SearchAction\",\"target\":{\"@type\":\"EntryPoint\",\"urlTemplate\":\"https:\/\/sulin.ee\/en\/?s={search_term_string}\"},\"query-input\":{\"@type\":\"PropertyValueSpecification\",\"valueRequired\":true,\"valueName\":\"search_term_string\"}}],\"inLanguage\":\"en-US\"},{\"@type\":\"Organization\",\"@id\":\"https:\/\/sulin.ee\/en\/#organization\",\"name\":\"SULIN TRADE O\u00dc\",\"url\":\"https:\/\/sulin.ee\/en\/\",\"logo\":{\"@type\":\"ImageObject\",\"inLanguage\":\"en-US\",\"@id\":\"https:\/\/sulin.ee\/en\/#\/schema\/logo\/image\/\",\"url\":\"https:\/\/sulin.ee\/wp-content\/uploads\/2022\/11\/sulin-logo.png\",\"contentUrl\":\"https:\/\/sulin.ee\/wp-content\/uploads\/2022\/11\/sulin-logo.png\",\"width\":871,\"height\":321,\"caption\":\"SULIN TRADE O\u00dc\"},\"image\":{\"@id\":\"https:\/\/sulin.ee\/en\/#\/schema\/logo\/image\/\"},\"sameAs\":[\"https:\/\/www.facebook.com\/www.sulin.ee\/\",\"https:\/\/www.instagram.com\/sulintrade\/\"]}]}<\/script>\n<!-- \/ Yoast SEO plugin. -->","yoast_head_json":{"title":"Jollein veekindlad p\u00f5lled (2tk) - Dreamy Mouse - sulin.ee","description":"Jollein veekindlad p\u00f5lled \u2013 on suurep\u00e4rane valik energilistele lastele, kes alles \u00f5pivad iseseisvalt s\u00f6\u00f6ma ja jooma. Ideaalne v\u00e4ikestele avastajatele.","robots":{"index":"index","follow":"follow","max-snippet":"max-snippet:-1","max-image-preview":"max-image-preview:large","max-video-preview":"max-video-preview:-1"},"canonical":"https:\/\/sulin.ee\/en\/toode\/jollein-veekindlad-polled-2tk-dreamy-mouse\/","og_locale":"en_US","og_type":"article","og_title":"Jollein veekindlad p\u00f5lled (2tk) - Dreamy Mouse - sulin.ee","og_description":"Jollein veekindlad p\u00f5lled \u2013 on suurep\u00e4rane valik energilistele lastele, kes alles \u00f5pivad iseseisvalt s\u00f6\u00f6ma ja jooma. Ideaalne v\u00e4ikestele avastajatele.","og_url":"https:\/\/sulin.ee\/en\/toode\/jollein-veekindlad-polled-2tk-dreamy-mouse\/","og_site_name":"sulin.ee","article_publisher":"https:\/\/www.facebook.com\/www.sulin.ee\/","article_modified_time":"2025-09-07T21:41:32+00:00","og_image":[{"width":1080,"height":1080,"url":"https:\/\/sulin.ee\/wp-content\/uploads\/2024\/10\/Piltide-korrektuurid-kodulehel-2024-10-14T102612.038.png","type":"image\/png"}],"twitter_card":"summary_large_image","twitter_misc":{"Est. reading time":"1 minute"},"schema":{"@context":"https:\/\/schema.org","@graph":[{"@type":"WebPage","@id":"https:\/\/sulin.ee\/en\/toode\/jollein-veekindlad-polled-2tk-dreamy-mouse\/","url":"https:\/\/sulin.ee\/en\/toode\/jollein-veekindlad-polled-2tk-dreamy-mouse\/","name":"Jollein veekindlad p\u00f5lled (2tk) - Dreamy Mouse - sulin.ee","isPartOf":{"@id":"https:\/\/sulin.ee\/en\/#website"},"primaryImageOfPage":{"@id":"https:\/\/sulin.ee\/en\/toode\/jollein-veekindlad-polled-2tk-dreamy-mouse\/#primaryimage"},"image":{"@id":"https:\/\/sulin.ee\/en\/toode\/jollein-veekindlad-polled-2tk-dreamy-mouse\/#primaryimage"},"thumbnailUrl":"https:\/\/sulin.ee\/wp-content\/uploads\/2024\/10\/Piltide-korrektuurid-kodulehel-2024-10-14T102612.038.png","datePublished":"2024-10-14T07:31:10+00:00","dateModified":"2025-09-07T21:41:32+00:00","description":"Jollein veekindlad p\u00f5lled \u2013 on suurep\u00e4rane valik energilistele lastele, kes alles \u00f5pivad iseseisvalt s\u00f6\u00f6ma ja jooma. Ideaalne v\u00e4ikestele avastajatele.","breadcrumb":{"@id":"https:\/\/sulin.ee\/en\/toode\/jollein-veekindlad-polled-2tk-dreamy-mouse\/#breadcrumb"},"inLanguage":"en-US","potentialAction":[{"@type":"ReadAction","target":["https:\/\/sulin.ee\/en\/toode\/jollein-veekindlad-polled-2tk-dreamy-mouse\/"]}]},{"@type":"ImageObject","inLanguage":"en-US","@id":"https:\/\/sulin.ee\/en\/toode\/jollein-veekindlad-polled-2tk-dreamy-mouse\/#primaryimage","url":"https:\/\/sulin.ee\/wp-content\/uploads\/2024\/10\/Piltide-korrektuurid-kodulehel-2024-10-14T102612.038.png","contentUrl":"https:\/\/sulin.ee\/wp-content\/uploads\/2024\/10\/Piltide-korrektuurid-kodulehel-2024-10-14T102612.038.png","width":1080,"height":1080},{"@type":"BreadcrumbList","@id":"https:\/\/sulin.ee\/en\/toode\/jollein-veekindlad-polled-2tk-dreamy-mouse\/#breadcrumb","itemListElement":[{"@type":"ListItem","position":1,"name":"Home","item":"https:\/\/sulin.ee\/en\/"},{"@type":"ListItem","position":2,"name":"Sulin.ee e-pood","item":"https:\/\/sulin.ee\/shop\/"},{"@type":"ListItem","position":3,"name":"Jollein veekindlad p\u00f5lled (2tk) &#8211; Dreamy Mouse"}]},{"@type":"WebSite","@id":"https:\/\/sulin.ee\/en\/#website","url":"https:\/\/sulin.ee\/en\/","name":"sulin.ee","description":"","publisher":{"@id":"https:\/\/sulin.ee\/en\/#organization"},"potentialAction":[{"@type":"SearchAction","target":{"@type":"EntryPoint","urlTemplate":"https:\/\/sulin.ee\/en\/?s={search_term_string}"},"query-input":{"@type":"PropertyValueSpecification","valueRequired":true,"valueName":"search_term_string"}}],"inLanguage":"en-US"},{"@type":"Organization","@id":"https:\/\/sulin.ee\/en\/#organization","name":"SULIN TRADE O\u00dc","url":"https:\/\/sulin.ee\/en\/","logo":{"@type":"ImageObject","inLanguage":"en-US","@id":"https:\/\/sulin.ee\/en\/#\/schema\/logo\/image\/","url":"https:\/\/sulin.ee\/wp-content\/uploads\/2022\/11\/sulin-logo.png","contentUrl":"https:\/\/sulin.ee\/wp-content\/uploads\/2022\/11\/sulin-logo.png","width":871,"height":321,"caption":"SULIN TRADE O\u00dc"},"image":{"@id":"https:\/\/sulin.ee\/en\/#\/schema\/logo\/image\/"},"sameAs":["https:\/\/www.facebook.com\/www.sulin.ee\/","https:\/\/www.instagram.com\/sulintrade\/"]}]}},"builder_content":"","_links":{"self":[{"href":"https:\/\/sulin.ee\/en\/wp-json\/wp\/v2\/product\/22524","targetHints":{"allow":["GET"]}}],"collection":[{"href":"https:\/\/sulin.ee\/en\/wp-json\/wp\/v2\/product"}],"about":[{"href":"https:\/\/sulin.ee\/en\/wp-json\/wp\/v2\/types\/product"}],"replies":[{"embeddable":true,"href":"https:\/\/sulin.ee\/en\/wp-json\/wp\/v2\/comments?post=22524"}],"wp:featuredmedia":[{"embeddable":true,"href":"https:\/\/sulin.ee\/en\/wp-json\/wp\/v2\/media\/22525"}],"wp:attachment":[{"href":"https:\/\/sulin.ee\/en\/wp-json\/wp\/v2\/media?parent=22524"}],"wp:term":[{"taxonomy":"product_brand","embeddable":true,"href":"https:\/\/sulin.ee\/en\/wp-json\/wp\/v2\/product_brand?post=22524"},{"taxonomy":"product_cat","embeddable":true,"href":"https:\/\/sulin.ee\/en\/wp-json\/wp\/v2\/product_cat?post=22524"},{"taxonomy":"product_tag","embeddable":true,"href":"https:\/\/sulin.ee\/en\/wp-json\/wp\/v2\/product_tag?post=22524"}],"curies":[{"name":"wp","href":"https:\/\/api.w.org\/{rel}","templated":true}]}}