{"id":22510,"date":"2024-10-10T19:46:28","date_gmt":"2024-10-10T19:46:28","guid":{"rendered":"https:\/\/sulin.ee\/?post_type=product&#038;p=22510"},"modified":"2025-09-07T21:41:32","modified_gmt":"2025-09-07T21:41:32","slug":"jollein-puidust-hobune-ratastel","status":"publish","type":"product","link":"https:\/\/sulin.ee\/en\/toode\/jollein-puidust-hobune-ratastel\/","title":{"rendered":"Jollein puidust hobune ratastel"},"content":{"rendered":"<p><strong><a href=\"https:\/\/jollein.com\/\" target=\"_blank\" rel=\"noopener\">Jollein<\/a> puidust hobune ratastel \u2013 m\u00e4ngur\u00f5\u00f5m ja stiilne sisustusdetail!<\/strong><\/p>\n<p><strong>Vrooooom!<\/strong> L\u00f5bus on garanteeritud selle toreda <strong>hobusega ratastel<\/strong>! M\u00e4nguasi pakub palju r\u00f5\u00f5mu nii kodus m\u00e4ngimiseks kui ka kaasa v\u00f5tmiseks. T\u00e4nu lihtsale disainile on hobust kerge k\u00e4es hoida, mist\u00f5ttu sobib see suurep\u00e4raselt juba 1-aastastele lastele. Kui su laps on veel liiga v\u00e4ike hobusega m\u00e4ngimiseks, sobib see suurep\u00e4raselt ka toakaunistuseks, lisades stiili igasse lastetuppa.<\/p>\n<p>See <strong>hobune ratastel<\/strong> on ideaalne kingitus v\u00f5i beebitervitamise kink, pakkudes nii m\u00e4ngur\u00f5\u00f5mu kui ka praktilist sisustuselementi.<\/p>\n<p><strong>M\u00f5\u00f5dud:<\/strong> pikkus 11,3 cm, k\u00f5rgus 10,5 cm.<\/p>\n<p>Vaata veel beebi motoorikat toetavaid m\u00e4nguasju <a href=\"https:\/\/sulin.ee\/tootekategooria\/beebile\/manguasjad\/motoorika-manguasjad\/\" target=\"_blank\" rel=\"noopener\">siit.<\/a><\/p>\n","protected":false},"excerpt":{"rendered":"<p>Jollein puidust hobune ratastel \u2013 m\u00e4ngur\u00f5\u00f5m ja stiilne sisustusdetail! Vrooooom! L\u00f5bus on garanteeritud selle toreda hobusega ratastel! M\u00e4nguasi pakub palju r\u00f5\u00f5mu nii kodus m\u00e4ngimiseks kui ka kaasa v\u00f5tmiseks. T\u00e4nu lihtsale disainile on hobust kerge k\u00e4es hoida, mist\u00f5ttu sobib see suurep\u00e4raselt juba 1-aastastele lastele. Kui su laps on veel liiga v\u00e4ike hobusega m\u00e4ngimiseks, sobib see suurep\u00e4raselt [&hellip;]<\/p>\n","protected":false},"featured_media":22513,"comment_status":"open","ping_status":"closed","template":"","meta":[],"product_brand":[],"product_cat":[769,1003,1004,1162,1163,175,776],"product_tag":[],"class_list":{"0":"post-22510","1":"product","2":"type-product","3":"status-publish","4":"has-post-thumbnail","6":"product_cat-manguasjad","7":"product_cat-motoorika-manguasjad-beebile","8":"product_cat-lukatavad-ja-tommatavad-manguasjad","9":"product_cat-kingituseks","10":"product_cat-0-1-aasta","11":"product_cat-puidust-manguasjad","12":"product_cat-jollein-2","13":"has-post-title","14":"has-post-date","15":"has-post-category","16":"has-post-tag","17":"has-post-comment","18":"has-post-author","19":"","21":"first","22":"instock","23":"sale","24":"taxable","25":"shipping-taxable","26":"purchasable","27":"product-type-simple"},"yoast_head":"<!-- This site is optimized with the Yoast SEO plugin v26.8 - https:\/\/yoast.com\/product\/yoast-seo-wordpress\/ -->\n<title>Jollein puidust hobune ratastel - sulin.ee<\/title>\n<meta name=\"description\" content=\"Jollein puidust hobune ratastel. L\u00f5bu on garanteeritud selle toreda hobusega. M\u00e4nguasi pakub palju r\u00f5\u00f5mu nii kodus m\u00e4ngimiseks kui ka kaasa v\u00f5tmiseks.\" \/>\n<meta name=\"robots\" content=\"index, follow, max-snippet:-1, max-image-preview:large, max-video-preview:-1\" \/>\n<link rel=\"canonical\" href=\"https:\/\/sulin.ee\/en\/toode\/jollein-puidust-hobune-ratastel\/\" \/>\n<meta property=\"og:locale\" content=\"en_US\" \/>\n<meta property=\"og:type\" content=\"article\" \/>\n<meta property=\"og:title\" content=\"Jollein puidust hobune ratastel - sulin.ee\" \/>\n<meta property=\"og:description\" content=\"Jollein puidust hobune ratastel. L\u00f5bu on garanteeritud selle toreda hobusega. M\u00e4nguasi pakub palju r\u00f5\u00f5mu nii kodus m\u00e4ngimiseks kui ka kaasa v\u00f5tmiseks.\" \/>\n<meta property=\"og:url\" content=\"https:\/\/sulin.ee\/en\/toode\/jollein-puidust-hobune-ratastel\/\" \/>\n<meta property=\"og:site_name\" content=\"sulin.ee\" \/>\n<meta property=\"article:publisher\" content=\"https:\/\/www.facebook.com\/www.sulin.ee\/\" \/>\n<meta property=\"article:modified_time\" content=\"2025-09-07T21:41:32+00:00\" \/>\n<meta property=\"og:image\" content=\"https:\/\/sulin.ee\/wp-content\/uploads\/2024\/10\/Piltide-korrektuurid-kodulehel-2024-10-10T223542.333.png\" \/>\n\t<meta property=\"og:image:width\" content=\"1080\" \/>\n\t<meta property=\"og:image:height\" content=\"1080\" \/>\n\t<meta property=\"og:image:type\" content=\"image\/png\" \/>\n<meta name=\"twitter:card\" content=\"summary_large_image\" \/>\n<meta name=\"twitter:label1\" content=\"Est. reading time\" \/>\n\t<meta name=\"twitter:data1\" content=\"1 minute\" \/>\n<script type=\"application\/ld+json\" class=\"yoast-schema-graph\">{\"@context\":\"https:\/\/schema.org\",\"@graph\":[{\"@type\":\"WebPage\",\"@id\":\"https:\/\/sulin.ee\/en\/toode\/jollein-puidust-hobune-ratastel\/\",\"url\":\"https:\/\/sulin.ee\/en\/toode\/jollein-puidust-hobune-ratastel\/\",\"name\":\"Jollein puidust hobune ratastel - sulin.ee\",\"isPartOf\":{\"@id\":\"https:\/\/sulin.ee\/en\/#website\"},\"primaryImageOfPage\":{\"@id\":\"https:\/\/sulin.ee\/en\/toode\/jollein-puidust-hobune-ratastel\/#primaryimage\"},\"image\":{\"@id\":\"https:\/\/sulin.ee\/en\/toode\/jollein-puidust-hobune-ratastel\/#primaryimage\"},\"thumbnailUrl\":\"https:\/\/sulin.ee\/wp-content\/uploads\/2024\/10\/Piltide-korrektuurid-kodulehel-2024-10-10T223542.333.png\",\"datePublished\":\"2024-10-10T19:46:28+00:00\",\"dateModified\":\"2025-09-07T21:41:32+00:00\",\"description\":\"Jollein puidust hobune ratastel. L\u00f5bu on garanteeritud selle toreda hobusega. M\u00e4nguasi pakub palju r\u00f5\u00f5mu nii kodus m\u00e4ngimiseks kui ka kaasa v\u00f5tmiseks.\",\"breadcrumb\":{\"@id\":\"https:\/\/sulin.ee\/en\/toode\/jollein-puidust-hobune-ratastel\/#breadcrumb\"},\"inLanguage\":\"en-US\",\"potentialAction\":[{\"@type\":\"ReadAction\",\"target\":[\"https:\/\/sulin.ee\/en\/toode\/jollein-puidust-hobune-ratastel\/\"]}]},{\"@type\":\"ImageObject\",\"inLanguage\":\"en-US\",\"@id\":\"https:\/\/sulin.ee\/en\/toode\/jollein-puidust-hobune-ratastel\/#primaryimage\",\"url\":\"https:\/\/sulin.ee\/wp-content\/uploads\/2024\/10\/Piltide-korrektuurid-kodulehel-2024-10-10T223542.333.png\",\"contentUrl\":\"https:\/\/sulin.ee\/wp-content\/uploads\/2024\/10\/Piltide-korrektuurid-kodulehel-2024-10-10T223542.333.png\",\"width\":1080,\"height\":1080,\"caption\":\"Jollein puidust hobune ratastel\"},{\"@type\":\"BreadcrumbList\",\"@id\":\"https:\/\/sulin.ee\/en\/toode\/jollein-puidust-hobune-ratastel\/#breadcrumb\",\"itemListElement\":[{\"@type\":\"ListItem\",\"position\":1,\"name\":\"Home\",\"item\":\"https:\/\/sulin.ee\/en\/\"},{\"@type\":\"ListItem\",\"position\":2,\"name\":\"Sulin.ee e-pood\",\"item\":\"https:\/\/sulin.ee\/shop\/\"},{\"@type\":\"ListItem\",\"position\":3,\"name\":\"Jollein puidust hobune ratastel\"}]},{\"@type\":\"WebSite\",\"@id\":\"https:\/\/sulin.ee\/en\/#website\",\"url\":\"https:\/\/sulin.ee\/en\/\",\"name\":\"sulin.ee\",\"description\":\"\",\"publisher\":{\"@id\":\"https:\/\/sulin.ee\/en\/#organization\"},\"potentialAction\":[{\"@type\":\"SearchAction\",\"target\":{\"@type\":\"EntryPoint\",\"urlTemplate\":\"https:\/\/sulin.ee\/en\/?s={search_term_string}\"},\"query-input\":{\"@type\":\"PropertyValueSpecification\",\"valueRequired\":true,\"valueName\":\"search_term_string\"}}],\"inLanguage\":\"en-US\"},{\"@type\":\"Organization\",\"@id\":\"https:\/\/sulin.ee\/en\/#organization\",\"name\":\"SULIN TRADE O\u00dc\",\"url\":\"https:\/\/sulin.ee\/en\/\",\"logo\":{\"@type\":\"ImageObject\",\"inLanguage\":\"en-US\",\"@id\":\"https:\/\/sulin.ee\/en\/#\/schema\/logo\/image\/\",\"url\":\"https:\/\/sulin.ee\/wp-content\/uploads\/2022\/11\/sulin-logo.png\",\"contentUrl\":\"https:\/\/sulin.ee\/wp-content\/uploads\/2022\/11\/sulin-logo.png\",\"width\":871,\"height\":321,\"caption\":\"SULIN TRADE O\u00dc\"},\"image\":{\"@id\":\"https:\/\/sulin.ee\/en\/#\/schema\/logo\/image\/\"},\"sameAs\":[\"https:\/\/www.facebook.com\/www.sulin.ee\/\",\"https:\/\/www.instagram.com\/sulintrade\/\"]}]}<\/script>\n<!-- \/ Yoast SEO plugin. -->","yoast_head_json":{"title":"Jollein puidust hobune ratastel - sulin.ee","description":"Jollein puidust hobune ratastel. L\u00f5bu on garanteeritud selle toreda hobusega. M\u00e4nguasi pakub palju r\u00f5\u00f5mu nii kodus m\u00e4ngimiseks kui ka kaasa v\u00f5tmiseks.","robots":{"index":"index","follow":"follow","max-snippet":"max-snippet:-1","max-image-preview":"max-image-preview:large","max-video-preview":"max-video-preview:-1"},"canonical":"https:\/\/sulin.ee\/en\/toode\/jollein-puidust-hobune-ratastel\/","og_locale":"en_US","og_type":"article","og_title":"Jollein puidust hobune ratastel - sulin.ee","og_description":"Jollein puidust hobune ratastel. L\u00f5bu on garanteeritud selle toreda hobusega. M\u00e4nguasi pakub palju r\u00f5\u00f5mu nii kodus m\u00e4ngimiseks kui ka kaasa v\u00f5tmiseks.","og_url":"https:\/\/sulin.ee\/en\/toode\/jollein-puidust-hobune-ratastel\/","og_site_name":"sulin.ee","article_publisher":"https:\/\/www.facebook.com\/www.sulin.ee\/","article_modified_time":"2025-09-07T21:41:32+00:00","og_image":[{"width":1080,"height":1080,"url":"https:\/\/sulin.ee\/wp-content\/uploads\/2024\/10\/Piltide-korrektuurid-kodulehel-2024-10-10T223542.333.png","type":"image\/png"}],"twitter_card":"summary_large_image","twitter_misc":{"Est. reading time":"1 minute"},"schema":{"@context":"https:\/\/schema.org","@graph":[{"@type":"WebPage","@id":"https:\/\/sulin.ee\/en\/toode\/jollein-puidust-hobune-ratastel\/","url":"https:\/\/sulin.ee\/en\/toode\/jollein-puidust-hobune-ratastel\/","name":"Jollein puidust hobune ratastel - sulin.ee","isPartOf":{"@id":"https:\/\/sulin.ee\/en\/#website"},"primaryImageOfPage":{"@id":"https:\/\/sulin.ee\/en\/toode\/jollein-puidust-hobune-ratastel\/#primaryimage"},"image":{"@id":"https:\/\/sulin.ee\/en\/toode\/jollein-puidust-hobune-ratastel\/#primaryimage"},"thumbnailUrl":"https:\/\/sulin.ee\/wp-content\/uploads\/2024\/10\/Piltide-korrektuurid-kodulehel-2024-10-10T223542.333.png","datePublished":"2024-10-10T19:46:28+00:00","dateModified":"2025-09-07T21:41:32+00:00","description":"Jollein puidust hobune ratastel. L\u00f5bu on garanteeritud selle toreda hobusega. M\u00e4nguasi pakub palju r\u00f5\u00f5mu nii kodus m\u00e4ngimiseks kui ka kaasa v\u00f5tmiseks.","breadcrumb":{"@id":"https:\/\/sulin.ee\/en\/toode\/jollein-puidust-hobune-ratastel\/#breadcrumb"},"inLanguage":"en-US","potentialAction":[{"@type":"ReadAction","target":["https:\/\/sulin.ee\/en\/toode\/jollein-puidust-hobune-ratastel\/"]}]},{"@type":"ImageObject","inLanguage":"en-US","@id":"https:\/\/sulin.ee\/en\/toode\/jollein-puidust-hobune-ratastel\/#primaryimage","url":"https:\/\/sulin.ee\/wp-content\/uploads\/2024\/10\/Piltide-korrektuurid-kodulehel-2024-10-10T223542.333.png","contentUrl":"https:\/\/sulin.ee\/wp-content\/uploads\/2024\/10\/Piltide-korrektuurid-kodulehel-2024-10-10T223542.333.png","width":1080,"height":1080,"caption":"Jollein puidust hobune ratastel"},{"@type":"BreadcrumbList","@id":"https:\/\/sulin.ee\/en\/toode\/jollein-puidust-hobune-ratastel\/#breadcrumb","itemListElement":[{"@type":"ListItem","position":1,"name":"Home","item":"https:\/\/sulin.ee\/en\/"},{"@type":"ListItem","position":2,"name":"Sulin.ee e-pood","item":"https:\/\/sulin.ee\/shop\/"},{"@type":"ListItem","position":3,"name":"Jollein puidust hobune ratastel"}]},{"@type":"WebSite","@id":"https:\/\/sulin.ee\/en\/#website","url":"https:\/\/sulin.ee\/en\/","name":"sulin.ee","description":"","publisher":{"@id":"https:\/\/sulin.ee\/en\/#organization"},"potentialAction":[{"@type":"SearchAction","target":{"@type":"EntryPoint","urlTemplate":"https:\/\/sulin.ee\/en\/?s={search_term_string}"},"query-input":{"@type":"PropertyValueSpecification","valueRequired":true,"valueName":"search_term_string"}}],"inLanguage":"en-US"},{"@type":"Organization","@id":"https:\/\/sulin.ee\/en\/#organization","name":"SULIN TRADE O\u00dc","url":"https:\/\/sulin.ee\/en\/","logo":{"@type":"ImageObject","inLanguage":"en-US","@id":"https:\/\/sulin.ee\/en\/#\/schema\/logo\/image\/","url":"https:\/\/sulin.ee\/wp-content\/uploads\/2022\/11\/sulin-logo.png","contentUrl":"https:\/\/sulin.ee\/wp-content\/uploads\/2022\/11\/sulin-logo.png","width":871,"height":321,"caption":"SULIN TRADE O\u00dc"},"image":{"@id":"https:\/\/sulin.ee\/en\/#\/schema\/logo\/image\/"},"sameAs":["https:\/\/www.facebook.com\/www.sulin.ee\/","https:\/\/www.instagram.com\/sulintrade\/"]}]}},"builder_content":"","_links":{"self":[{"href":"https:\/\/sulin.ee\/en\/wp-json\/wp\/v2\/product\/22510","targetHints":{"allow":["GET"]}}],"collection":[{"href":"https:\/\/sulin.ee\/en\/wp-json\/wp\/v2\/product"}],"about":[{"href":"https:\/\/sulin.ee\/en\/wp-json\/wp\/v2\/types\/product"}],"replies":[{"embeddable":true,"href":"https:\/\/sulin.ee\/en\/wp-json\/wp\/v2\/comments?post=22510"}],"wp:featuredmedia":[{"embeddable":true,"href":"https:\/\/sulin.ee\/en\/wp-json\/wp\/v2\/media\/22513"}],"wp:attachment":[{"href":"https:\/\/sulin.ee\/en\/wp-json\/wp\/v2\/media?parent=22510"}],"wp:term":[{"taxonomy":"product_brand","embeddable":true,"href":"https:\/\/sulin.ee\/en\/wp-json\/wp\/v2\/product_brand?post=22510"},{"taxonomy":"product_cat","embeddable":true,"href":"https:\/\/sulin.ee\/en\/wp-json\/wp\/v2\/product_cat?post=22510"},{"taxonomy":"product_tag","embeddable":true,"href":"https:\/\/sulin.ee\/en\/wp-json\/wp\/v2\/product_tag?post=22510"}],"curies":[{"name":"wp","href":"https:\/\/api.w.org\/{rel}","templated":true}]}}