{"id":225,"date":"2022-09-13T14:00:32","date_gmt":"2022-09-13T14:00:32","guid":{"rendered":"http:\/\/test.itson.ee\/sulin\/product\/ecoegg-pesupesemise-muna-lohnatu\/"},"modified":"2026-02-13T19:46:28","modified_gmt":"2026-02-13T19:46:28","slug":"ecoegg-pesumuna-lohnatu","status":"publish","type":"product","link":"https:\/\/sulin.ee\/en\/toode\/ecoegg-pesumuna-lohnatu\/","title":{"rendered":"Ecoegg\u00ae pesumuna l\u00f5hnatu"},"content":{"rendered":"<p style=\"text-align: justify;\"><span style=\"font-family: arial, helvetica, sans-serif; font-size: medium;\">Ecoegg pesumuna on innovatiivne toode riiete pesemiseks. See pesupesemise muna on korduvkasutatav ja taast\u00e4idetav ning sellest j\u00e4tkub 70 pesukorraks.\u00a0<\/span><\/p>\n<ul style=\"text-align: justify;\">\n<li><span style=\"font-family: arial, helvetica, sans-serif; font-size: medium;\">Asendab pesupulbrit, -geeli ja -pehmendit.<\/span><\/li>\n<li><span style=\"font-family: arial, helvetica, sans-serif; font-size: medium;\">Koostises naturaalsed mineraalid, ei sisalda kahjulikke kemikaale.<\/span><\/li>\n<li><span style=\"font-family: arial, helvetica, sans-serif; font-size: medium;\">Sobib tundlikule nahale.<\/span><\/li>\n<li><span style=\"font-family: arial, helvetica, sans-serif; font-size: medium;\">Aitab v\u00e4ltida \u00fchekordsete plastpakendite ostmist.<\/span><\/li>\n<li><span style=\"font-family: arial, helvetica, sans-serif; font-size: medium;\">Kuluefektiivne ja raha s\u00e4\u00e4stev\u00a0<\/span><\/li>\n<\/ul>\n<p style=\"text-align: justify;\"><span style=\"font-family: arial, helvetica, sans-serif; font-size: medium;\">Pesupesemise muna ei sisalda kahjulikke kemikaale ja on naha vastu leebe. Ecoegg pesumuna asendab t\u00e4ielikult nii pesupulbrit, pesugeeli kui ka pesuloputusvahendit, pakkudes sel moel leebemat pesupesemise lahendust.<\/span><\/p>\n<p style=\"text-align: justify;\"><strong><span style=\"font-family: arial, helvetica, sans-serif; font-size: medium;\">Kuidas\u00a0Ecoegg\u00ae Laundry Egg pesupesemise muna toimib?<\/span><\/strong><\/p>\n<p style=\"text-align: justify;\"><span style=\"font-family: arial, helvetica, sans-serif; font-size: medium;\">Esmalt on soovituslik pesumasin puhastada\u00a0Ecoegg pesumasina <a href=\"https:\/\/sulin.ee\/toode\/ecoegg-pesumasina-puhastustabletid\/\">puhastustablettidega<\/a>, mis eemaldavad eelmistest pesukordadest masinasse j\u00e4\u00e4nud pesuvahendite j\u00e4\u00e4gid.<\/span><\/p>\n<p style=\"text-align: justify;\"><span style=\"font-family: arial, helvetica, sans-serif; font-size: medium;\">Pesupesemise muna tuleb avada ja t\u00e4ita kaasasolevate kahte t\u00fc\u00fcpi mineraalsete graanulitega. Sulge muna, nii et kuuled kl\u00f5psatust, ning aseta see pesumasinasse pesu peale.<\/span><\/p>\n<p style=\"text-align: justify;\"><span style=\"font-family: arial, helvetica, sans-serif; font-size: medium;\">Mineraalsed graanulid eemaldavad efektiivselt riidekiududes oleva mustuse ja pehmendavad pesu vee pH muutmise l\u00e4bi. Pesu j\u00e4\u00e4b puhas ja pehme kahjulikke kemikaale kasutamata. Graanulid sobivad ideaalselt tundliku nahaga inimestele, need on mittebioloogilised, ei sisalda petrokemikaale, ens\u00fc\u00fcme, valgendit, fosfaate, parabeene, SLS\/SLESi, palmi\u00f5li ega mikroplasti.<\/span><\/p>\n<p style=\"text-align: justify;\"><span style=\"font-family: arial, helvetica, sans-serif; font-size: medium;\">Graanuleid tuleb munasse juurde lisada keskmiselt p\u00e4rast 2 kuud kasutamist, s\u00f5ltuvalt pesemise sagedusest ning kasutatud pesuprogrammist.<\/span><\/p>\n<p style=\"text-align: justify;\"><strong><span style=\"font-family: arial, helvetica, sans-serif; font-size: medium;\">Mille poolest on\u00a0Ecoegg\u00ae Laundry Egg hea valik?<\/span><\/strong><\/p>\n<p style=\"text-align: justify;\"><span style=\"font-family: arial, helvetica, sans-serif; font-size: medium;\">Pesupesemise muna t\u00f6\u00f6tati algselt v\u00e4lja just tundliku nahaga inimeste jaoks. See on dermatoloogilisest testitud toode, mis on saanud suurep\u00e4rase hinnangu. Looduslikud mineraalsed graanulid ei sisalda ohtlikke kemikaale. Allergy UK on omistanud pesumunale &#8220;Allergy Friendly Product&#8221; auhinna.<\/span><\/p>\n<p style=\"text-align: justify;\"><span style=\"font-family: arial, helvetica, sans-serif; font-size: medium;\">Pesupesemise muna aitab v\u00e4hendada \u00fchekordsete plastpakendite tarbimist. Umbes 70 pesukorra j\u00e4rel tuleb muna lihtsalt uuesti t\u00e4ita t\u00e4itegraanulitega ning saad seda j\u00e4lle korduvalt kasutada.<\/span><\/p>\n<p style=\"text-align: justify;\"><span style=\"font-family: arial, helvetica, sans-serif; font-size: medium;\">Ecoegg\u00ae Laundry Egg sobib veganitele, sest ei sisalda \u00fchtegi loomset koostisosa ja on julmusevaba toode.<\/span><\/p>\n<p style=\"text-align: justify;\"><span style=\"font-family: arial, helvetica, sans-serif; font-size: medium;\">Muna saab kasutada ka riiete k\u00e4sitsi pesemiseks. Selleks aseta muna vette 5-10 minutit enne pesema hakkamist ning pese seej\u00e4rel tavap\u00e4rasel viisil.<\/span><\/p>\n<p style=\"text-align: justify;\"><span style=\"font-family: arial, helvetica, sans-serif; font-size: medium;\">Pesupesemise muna on v\u00e4ga kuluefektiivne.<\/span><\/p>\n<p style=\"text-align: justify;\"><strong><span style=\"font-family: arial, helvetica, sans-serif; font-size: medium;\">Kasutamine:<\/span><\/strong><\/p>\n<p style=\"text-align: justify;\"><span style=\"font-family: arial, helvetica, sans-serif; font-size: medium;\">Pesupesemise muna max lubatud pesutemperatuur on 60\u2103. M\u00f5eldud kasutamiseks 6-8 kg pesule.<\/span><\/p>\n<p style=\"text-align: justify;\"><span style=\"font-family: arial, helvetica, sans-serif; font-size: medium;\">Avamiseks hoia muna k\u00e4es suurem pool allpool, vajuta nupule ning keera muna lahti. T\u00e4ida suurem pool graanulitega. Keera muna kinni ja aseta pesumasinasse riiete peale.<\/span><\/p>\n<p style=\"text-align: justify;\"><span style=\"font-family: arial, helvetica, sans-serif; font-size: medium;\">Pesukordade vahepeal lasta \u00f5hu k\u00e4es t\u00e4ielikult kuivada.<\/span><\/p>\n<p style=\"text-align: justify;\"><span style=\"font-family: arial, helvetica, sans-serif; font-size: medium;\">T\u00e4ida muna\u00a0<a href=\"https:\/\/www.elamisekergus.ee\/et\/search?page=1&amp;q=t%C3%A4idis\">t\u00e4idisgraanulitega<\/a>, kui muna alumises suuremas osas on graanuleid alla poole (m\u00e4rkejoon on ka muna peal).<\/span><\/p>\n<p style=\"text-align: justify;\"><span style=\"font-family: arial, helvetica, sans-serif; font-size: medium;\">Pesumasin-kuivati puhul tuleb muna enne kuivatusprogrammi k\u00e4ivitumist kindlasti masinast eemaldada.\u00a0<\/span><\/p>\n<p style=\"text-align: justify;\"><span style=\"font-family: arial, helvetica, sans-serif; font-size: medium;\"><strong>Koostis (INCI):<\/strong><span style=\"font-family: arial, helvetica, sans-serif;\">\u00a0&gt;30%\u00a0Anionic surfactants (anioonsed puhastusained), &gt;5% &#8211; 15%\u00a0Non-ionic surfactants (mitteioonsed puhastusained), &gt;11% Sodium carbonate (pesusooda), &gt;11% Sodium metasilicate, &gt;10% Calcium carbonate (kriit).<\/span><\/span><\/p>\n<div class=\"page\" title=\"Page 2\">\n<div class=\"layoutArea\">\n<div class=\"column\" style=\"text-align: justify;\"><span style=\"font-family: arial, helvetica, sans-serif; font-size: medium;\"><strong>NB!<\/strong> Hoida eemal lastest ja koduloomadest. P\u00e4rast kasutamist pesta k\u00e4es. Silma sattumisel loputada rohke veega.<\/span><\/div>\n<\/div>\n<\/div>\n","protected":false},"excerpt":{"rendered":"<p>Ecoegg pesumuna on innovatiivne toode riiete pesemiseks. See pesupesemise muna on korduvkasutatav ja taast\u00e4idetav ning sellest j\u00e4tkub 70 pesukorraks.\u00a0 Asendab pesupulbrit, -geeli ja -pehmendit. Koostises naturaalsed mineraalid, ei sisalda kahjulikke kemikaale. Sobib tundlikule nahale. Aitab v\u00e4ltida \u00fchekordsete plastpakendite ostmist. Kuluefektiivne ja raha s\u00e4\u00e4stev\u00a0 Pesupesemise muna ei sisalda kahjulikke kemikaale ja on naha vastu leebe. Ecoegg [&hellip;]<\/p>\n","protected":false},"featured_media":968,"comment_status":"open","ping_status":"closed","template":"","meta":[],"product_brand":[],"product_cat":[192,211,219],"product_tag":[],"class_list":{"0":"post-225","1":"product","2":"type-product","3":"status-publish","4":"has-post-thumbnail","6":"product_cat-hooldusvahendid-beebid","7":"product_cat-pesuvahendid","8":"product_cat-ecoegg","9":"has-post-title","10":"has-post-date","11":"has-post-category","12":"has-post-tag","13":"has-post-comment","14":"has-post-author","15":"","17":"first","18":"instock","19":"sale","20":"taxable","21":"shipping-taxable","22":"purchasable","23":"product-type-simple"},"yoast_head":"<!-- This site is optimized with the Yoast SEO plugin v26.8 - https:\/\/yoast.com\/product\/yoast-seo-wordpress\/ -->\n<title>Ecoegg\u00ae pesumuna l\u00f5hnatu - sulin.ee<\/title>\n<meta name=\"description\" content=\"Ecoegg pesumuna on innovatiivne toode riiete pesemiseks. See pesupesemise muna on korduvkasutatav ja taast\u00e4idetav ning sellest j\u00e4tkub 70 pesukorraks.\u00a0\" \/>\n<meta name=\"robots\" content=\"index, follow, max-snippet:-1, max-image-preview:large, max-video-preview:-1\" \/>\n<link rel=\"canonical\" href=\"https:\/\/sulin.ee\/en\/toode\/ecoegg-pesumuna-lohnatu\/\" \/>\n<meta property=\"og:locale\" content=\"en_US\" \/>\n<meta property=\"og:type\" content=\"article\" \/>\n<meta property=\"og:title\" content=\"Ecoegg\u00ae pesumuna l\u00f5hnatu - sulin.ee\" \/>\n<meta property=\"og:description\" content=\"Ecoegg pesumuna on innovatiivne toode riiete pesemiseks. See pesupesemise muna on korduvkasutatav ja taast\u00e4idetav ning sellest j\u00e4tkub 70 pesukorraks.\u00a0\" \/>\n<meta property=\"og:url\" content=\"https:\/\/sulin.ee\/en\/toode\/ecoegg-pesumuna-lohnatu\/\" \/>\n<meta property=\"og:site_name\" content=\"sulin.ee\" \/>\n<meta property=\"article:publisher\" content=\"https:\/\/www.facebook.com\/www.sulin.ee\/\" \/>\n<meta property=\"article:modified_time\" content=\"2026-02-13T19:46:28+00:00\" \/>\n<meta property=\"og:image\" content=\"https:\/\/sulin.ee\/wp-content\/uploads\/2022\/09\/FragnanceFree3.png\" \/>\n\t<meta property=\"og:image:width\" content=\"960\" \/>\n\t<meta property=\"og:image:height\" content=\"960\" \/>\n\t<meta property=\"og:image:type\" content=\"image\/png\" \/>\n<meta name=\"twitter:card\" content=\"summary_large_image\" \/>\n<meta name=\"twitter:label1\" content=\"Est. reading time\" \/>\n\t<meta name=\"twitter:data1\" content=\"3 minutes\" \/>\n<script type=\"application\/ld+json\" class=\"yoast-schema-graph\">{\"@context\":\"https:\/\/schema.org\",\"@graph\":[{\"@type\":\"WebPage\",\"@id\":\"https:\/\/sulin.ee\/en\/toode\/ecoegg-pesumuna-lohnatu\/\",\"url\":\"https:\/\/sulin.ee\/en\/toode\/ecoegg-pesumuna-lohnatu\/\",\"name\":\"Ecoegg\u00ae pesumuna l\u00f5hnatu - sulin.ee\",\"isPartOf\":{\"@id\":\"https:\/\/sulin.ee\/en\/#website\"},\"primaryImageOfPage\":{\"@id\":\"https:\/\/sulin.ee\/en\/toode\/ecoegg-pesumuna-lohnatu\/#primaryimage\"},\"image\":{\"@id\":\"https:\/\/sulin.ee\/en\/toode\/ecoegg-pesumuna-lohnatu\/#primaryimage\"},\"thumbnailUrl\":\"https:\/\/sulin.ee\/wp-content\/uploads\/2022\/09\/FragnanceFree3.png\",\"datePublished\":\"2022-09-13T14:00:32+00:00\",\"dateModified\":\"2026-02-13T19:46:28+00:00\",\"description\":\"Ecoegg pesumuna on innovatiivne toode riiete pesemiseks. See pesupesemise muna on korduvkasutatav ja taast\u00e4idetav ning sellest j\u00e4tkub 70 pesukorraks.\u00a0\",\"breadcrumb\":{\"@id\":\"https:\/\/sulin.ee\/en\/toode\/ecoegg-pesumuna-lohnatu\/#breadcrumb\"},\"inLanguage\":\"en-US\",\"potentialAction\":[{\"@type\":\"ReadAction\",\"target\":[\"https:\/\/sulin.ee\/en\/toode\/ecoegg-pesumuna-lohnatu\/\"]}]},{\"@type\":\"ImageObject\",\"inLanguage\":\"en-US\",\"@id\":\"https:\/\/sulin.ee\/en\/toode\/ecoegg-pesumuna-lohnatu\/#primaryimage\",\"url\":\"https:\/\/sulin.ee\/wp-content\/uploads\/2022\/09\/FragnanceFree3.png\",\"contentUrl\":\"https:\/\/sulin.ee\/wp-content\/uploads\/2022\/09\/FragnanceFree3.png\",\"width\":960,\"height\":960,\"caption\":\"Ecoegg pesumuna\"},{\"@type\":\"BreadcrumbList\",\"@id\":\"https:\/\/sulin.ee\/en\/toode\/ecoegg-pesumuna-lohnatu\/#breadcrumb\",\"itemListElement\":[{\"@type\":\"ListItem\",\"position\":1,\"name\":\"Home\",\"item\":\"https:\/\/sulin.ee\/en\/\"},{\"@type\":\"ListItem\",\"position\":2,\"name\":\"Sulin.ee e-pood\",\"item\":\"https:\/\/sulin.ee\/shop\/\"},{\"@type\":\"ListItem\",\"position\":3,\"name\":\"Ecoegg\u00ae pesumuna l\u00f5hnatu\"}]},{\"@type\":\"WebSite\",\"@id\":\"https:\/\/sulin.ee\/en\/#website\",\"url\":\"https:\/\/sulin.ee\/en\/\",\"name\":\"sulin.ee\",\"description\":\"\",\"publisher\":{\"@id\":\"https:\/\/sulin.ee\/en\/#organization\"},\"potentialAction\":[{\"@type\":\"SearchAction\",\"target\":{\"@type\":\"EntryPoint\",\"urlTemplate\":\"https:\/\/sulin.ee\/en\/?s={search_term_string}\"},\"query-input\":{\"@type\":\"PropertyValueSpecification\",\"valueRequired\":true,\"valueName\":\"search_term_string\"}}],\"inLanguage\":\"en-US\"},{\"@type\":\"Organization\",\"@id\":\"https:\/\/sulin.ee\/en\/#organization\",\"name\":\"SULIN TRADE O\u00dc\",\"url\":\"https:\/\/sulin.ee\/en\/\",\"logo\":{\"@type\":\"ImageObject\",\"inLanguage\":\"en-US\",\"@id\":\"https:\/\/sulin.ee\/en\/#\/schema\/logo\/image\/\",\"url\":\"https:\/\/sulin.ee\/wp-content\/uploads\/2022\/11\/sulin-logo.png\",\"contentUrl\":\"https:\/\/sulin.ee\/wp-content\/uploads\/2022\/11\/sulin-logo.png\",\"width\":871,\"height\":321,\"caption\":\"SULIN TRADE O\u00dc\"},\"image\":{\"@id\":\"https:\/\/sulin.ee\/en\/#\/schema\/logo\/image\/\"},\"sameAs\":[\"https:\/\/www.facebook.com\/www.sulin.ee\/\",\"https:\/\/www.instagram.com\/sulintrade\/\"]}]}<\/script>\n<!-- \/ Yoast SEO plugin. -->","yoast_head_json":{"title":"Ecoegg\u00ae pesumuna l\u00f5hnatu - sulin.ee","description":"Ecoegg pesumuna on innovatiivne toode riiete pesemiseks. See pesupesemise muna on korduvkasutatav ja taast\u00e4idetav ning sellest j\u00e4tkub 70 pesukorraks.\u00a0","robots":{"index":"index","follow":"follow","max-snippet":"max-snippet:-1","max-image-preview":"max-image-preview:large","max-video-preview":"max-video-preview:-1"},"canonical":"https:\/\/sulin.ee\/en\/toode\/ecoegg-pesumuna-lohnatu\/","og_locale":"en_US","og_type":"article","og_title":"Ecoegg\u00ae pesumuna l\u00f5hnatu - sulin.ee","og_description":"Ecoegg pesumuna on innovatiivne toode riiete pesemiseks. See pesupesemise muna on korduvkasutatav ja taast\u00e4idetav ning sellest j\u00e4tkub 70 pesukorraks.\u00a0","og_url":"https:\/\/sulin.ee\/en\/toode\/ecoegg-pesumuna-lohnatu\/","og_site_name":"sulin.ee","article_publisher":"https:\/\/www.facebook.com\/www.sulin.ee\/","article_modified_time":"2026-02-13T19:46:28+00:00","og_image":[{"width":960,"height":960,"url":"https:\/\/sulin.ee\/wp-content\/uploads\/2022\/09\/FragnanceFree3.png","type":"image\/png"}],"twitter_card":"summary_large_image","twitter_misc":{"Est. reading time":"3 minutes"},"schema":{"@context":"https:\/\/schema.org","@graph":[{"@type":"WebPage","@id":"https:\/\/sulin.ee\/en\/toode\/ecoegg-pesumuna-lohnatu\/","url":"https:\/\/sulin.ee\/en\/toode\/ecoegg-pesumuna-lohnatu\/","name":"Ecoegg\u00ae pesumuna l\u00f5hnatu - sulin.ee","isPartOf":{"@id":"https:\/\/sulin.ee\/en\/#website"},"primaryImageOfPage":{"@id":"https:\/\/sulin.ee\/en\/toode\/ecoegg-pesumuna-lohnatu\/#primaryimage"},"image":{"@id":"https:\/\/sulin.ee\/en\/toode\/ecoegg-pesumuna-lohnatu\/#primaryimage"},"thumbnailUrl":"https:\/\/sulin.ee\/wp-content\/uploads\/2022\/09\/FragnanceFree3.png","datePublished":"2022-09-13T14:00:32+00:00","dateModified":"2026-02-13T19:46:28+00:00","description":"Ecoegg pesumuna on innovatiivne toode riiete pesemiseks. See pesupesemise muna on korduvkasutatav ja taast\u00e4idetav ning sellest j\u00e4tkub 70 pesukorraks.\u00a0","breadcrumb":{"@id":"https:\/\/sulin.ee\/en\/toode\/ecoegg-pesumuna-lohnatu\/#breadcrumb"},"inLanguage":"en-US","potentialAction":[{"@type":"ReadAction","target":["https:\/\/sulin.ee\/en\/toode\/ecoegg-pesumuna-lohnatu\/"]}]},{"@type":"ImageObject","inLanguage":"en-US","@id":"https:\/\/sulin.ee\/en\/toode\/ecoegg-pesumuna-lohnatu\/#primaryimage","url":"https:\/\/sulin.ee\/wp-content\/uploads\/2022\/09\/FragnanceFree3.png","contentUrl":"https:\/\/sulin.ee\/wp-content\/uploads\/2022\/09\/FragnanceFree3.png","width":960,"height":960,"caption":"Ecoegg pesumuna"},{"@type":"BreadcrumbList","@id":"https:\/\/sulin.ee\/en\/toode\/ecoegg-pesumuna-lohnatu\/#breadcrumb","itemListElement":[{"@type":"ListItem","position":1,"name":"Home","item":"https:\/\/sulin.ee\/en\/"},{"@type":"ListItem","position":2,"name":"Sulin.ee e-pood","item":"https:\/\/sulin.ee\/shop\/"},{"@type":"ListItem","position":3,"name":"Ecoegg\u00ae pesumuna l\u00f5hnatu"}]},{"@type":"WebSite","@id":"https:\/\/sulin.ee\/en\/#website","url":"https:\/\/sulin.ee\/en\/","name":"sulin.ee","description":"","publisher":{"@id":"https:\/\/sulin.ee\/en\/#organization"},"potentialAction":[{"@type":"SearchAction","target":{"@type":"EntryPoint","urlTemplate":"https:\/\/sulin.ee\/en\/?s={search_term_string}"},"query-input":{"@type":"PropertyValueSpecification","valueRequired":true,"valueName":"search_term_string"}}],"inLanguage":"en-US"},{"@type":"Organization","@id":"https:\/\/sulin.ee\/en\/#organization","name":"SULIN TRADE O\u00dc","url":"https:\/\/sulin.ee\/en\/","logo":{"@type":"ImageObject","inLanguage":"en-US","@id":"https:\/\/sulin.ee\/en\/#\/schema\/logo\/image\/","url":"https:\/\/sulin.ee\/wp-content\/uploads\/2022\/11\/sulin-logo.png","contentUrl":"https:\/\/sulin.ee\/wp-content\/uploads\/2022\/11\/sulin-logo.png","width":871,"height":321,"caption":"SULIN TRADE O\u00dc"},"image":{"@id":"https:\/\/sulin.ee\/en\/#\/schema\/logo\/image\/"},"sameAs":["https:\/\/www.facebook.com\/www.sulin.ee\/","https:\/\/www.instagram.com\/sulintrade\/"]}]}},"builder_content":"","_links":{"self":[{"href":"https:\/\/sulin.ee\/en\/wp-json\/wp\/v2\/product\/225","targetHints":{"allow":["GET"]}}],"collection":[{"href":"https:\/\/sulin.ee\/en\/wp-json\/wp\/v2\/product"}],"about":[{"href":"https:\/\/sulin.ee\/en\/wp-json\/wp\/v2\/types\/product"}],"replies":[{"embeddable":true,"href":"https:\/\/sulin.ee\/en\/wp-json\/wp\/v2\/comments?post=225"}],"wp:featuredmedia":[{"embeddable":true,"href":"https:\/\/sulin.ee\/en\/wp-json\/wp\/v2\/media\/968"}],"wp:attachment":[{"href":"https:\/\/sulin.ee\/en\/wp-json\/wp\/v2\/media?parent=225"}],"wp:term":[{"taxonomy":"product_brand","embeddable":true,"href":"https:\/\/sulin.ee\/en\/wp-json\/wp\/v2\/product_brand?post=225"},{"taxonomy":"product_cat","embeddable":true,"href":"https:\/\/sulin.ee\/en\/wp-json\/wp\/v2\/product_cat?post=225"},{"taxonomy":"product_tag","embeddable":true,"href":"https:\/\/sulin.ee\/en\/wp-json\/wp\/v2\/product_tag?post=225"}],"curies":[{"name":"wp","href":"https:\/\/api.w.org\/{rel}","templated":true}]}}