{"id":22489,"date":"2024-10-10T19:12:17","date_gmt":"2024-10-10T19:12:17","guid":{"rendered":"https:\/\/sulin.ee\/?post_type=product&#038;p=22489"},"modified":"2025-09-07T21:49:22","modified_gmt":"2025-09-07T21:49:22","slug":"jollein-puidust-elevant-ratastel","status":"publish","type":"product","link":"https:\/\/sulin.ee\/en\/toode\/jollein-puidust-elevant-ratastel\/","title":{"rendered":"Jollein puidust elevant ratastel"},"content":{"rendered":"<p><strong><a href=\"https:\/\/jollein.com\/\" target=\"_blank\" rel=\"noopener\">Jollein<\/a> puidust elevant ratastel \u2013 m\u00e4ngur\u00f5\u00f5m ja stiilne sisustusdetail!<\/strong><\/p>\n<p><strong>Vrooooom!<\/strong> L\u00f5bu on garanteeritud selle armsa <strong>elevandiga ratastel<\/strong>! See m\u00e4nguasi pakub palju r\u00f5\u00f5mu nii kodus m\u00e4ngimiseks kui ka kaasa v\u00f5tmiseks. T\u00e4nu lihtsale disainile on elevanti kerge k\u00e4es hoida, mist\u00f5ttu sobib see suurep\u00e4raselt juba 1-aastasele lapsele. Kui su laps on veel liiga v\u00e4ike m\u00e4ngimiseks, sobib elevant ideaalselt ka toakaunistuseks \u2013 see sobitub suurep\u00e4raselt teiste <strong>Jungle Jambo<\/strong> teemaliste esemetega.<\/p>\n<p>Saadaval on nii <strong>krokodill<\/strong> kui ka <strong>elevant<\/strong>. Kumba valid sina? V\u00f5i hoopis m\u00f5lemad, et nad saaksid koos v\u00f5idus\u00f5itu teha! Lisaks teed vastutustundliku valiku, sest m\u00e4nguasi on valmistatud <strong>100% FSC-sertifitseeritud puidust<\/strong>. Suurep\u00e4rane kingitus v\u00f5i beebitervitamise kink!<\/p>\n<p><strong>M\u00f5\u00f5dud:<\/strong> pikkus 13 cm, k\u00f5rgus 9,3 cm.<\/p>\n<p>Vaata veel beebi motoorikat toetavaid m\u00e4nguasju <a href=\"https:\/\/sulin.ee\/tootekategooria\/beebile\/manguasjad\/motoorika-manguasjad\/\" target=\"_blank\" rel=\"noopener\">siit.<\/a><\/p>\n","protected":false},"excerpt":{"rendered":"<p>Jollein puidust elevant ratastel \u2013 m\u00e4ngur\u00f5\u00f5m ja stiilne sisustusdetail! Vrooooom! L\u00f5bu on garanteeritud selle armsa elevandiga ratastel! See m\u00e4nguasi pakub palju r\u00f5\u00f5mu nii kodus m\u00e4ngimiseks kui ka kaasa v\u00f5tmiseks. T\u00e4nu lihtsale disainile on elevanti kerge k\u00e4es hoida, mist\u00f5ttu sobib see suurep\u00e4raselt juba 1-aastasele lapsele. Kui su laps on veel liiga v\u00e4ike m\u00e4ngimiseks, sobib elevant ideaalselt [&hellip;]<\/p>\n","protected":false},"featured_media":22494,"comment_status":"open","ping_status":"closed","template":"","meta":[],"product_brand":[],"product_cat":[179,769,1003,1004,1162,1163,175,776],"product_tag":[],"class_list":{"0":"post-22489","1":"product","2":"type-product","3":"status-publish","4":"has-post-thumbnail","6":"product_cat-beebile","7":"product_cat-manguasjad","8":"product_cat-motoorika-manguasjad-beebile","9":"product_cat-lukatavad-ja-tommatavad-manguasjad","10":"product_cat-kingituseks","11":"product_cat-0-1-aasta","12":"product_cat-puidust-manguasjad","13":"product_cat-jollein-2","14":"has-post-title","15":"has-post-date","16":"has-post-category","17":"has-post-tag","18":"has-post-comment","19":"has-post-author","20":"","22":"first","23":"instock","24":"sale","25":"taxable","26":"shipping-taxable","27":"purchasable","28":"product-type-simple"},"yoast_head":"<!-- This site is optimized with the Yoast SEO plugin v26.8 - https:\/\/yoast.com\/product\/yoast-seo-wordpress\/ -->\n<title>Jollein puidust elevant ratastel - sulin.ee<\/title>\n<meta name=\"description\" content=\"Jollein puidust elevant ratastel. T\u00e4nu lihtsale disainile on elevanti kerge k\u00e4es hoida, mist\u00f5ttu sobib see suurep\u00e4raselt juba 1-aastasele lapsele.\" \/>\n<meta name=\"robots\" content=\"index, follow, max-snippet:-1, max-image-preview:large, max-video-preview:-1\" \/>\n<link rel=\"canonical\" href=\"https:\/\/sulin.ee\/en\/toode\/jollein-puidust-elevant-ratastel\/\" \/>\n<meta property=\"og:locale\" content=\"en_US\" \/>\n<meta property=\"og:type\" content=\"article\" \/>\n<meta property=\"og:title\" content=\"Jollein puidust elevant ratastel - sulin.ee\" \/>\n<meta property=\"og:description\" content=\"Jollein puidust elevant ratastel. T\u00e4nu lihtsale disainile on elevanti kerge k\u00e4es hoida, mist\u00f5ttu sobib see suurep\u00e4raselt juba 1-aastasele lapsele.\" \/>\n<meta property=\"og:url\" content=\"https:\/\/sulin.ee\/en\/toode\/jollein-puidust-elevant-ratastel\/\" \/>\n<meta property=\"og:site_name\" content=\"sulin.ee\" \/>\n<meta property=\"article:publisher\" content=\"https:\/\/www.facebook.com\/www.sulin.ee\/\" \/>\n<meta property=\"article:modified_time\" content=\"2025-09-07T21:49:22+00:00\" \/>\n<meta property=\"og:image\" content=\"https:\/\/sulin.ee\/wp-content\/uploads\/2024\/10\/112-001-67091-8717329388642_detail-0001-scaled.jpg\" \/>\n\t<meta property=\"og:image:width\" content=\"2560\" \/>\n\t<meta property=\"og:image:height\" content=\"1772\" \/>\n\t<meta property=\"og:image:type\" content=\"image\/jpeg\" \/>\n<meta name=\"twitter:card\" content=\"summary_large_image\" \/>\n<meta name=\"twitter:label1\" content=\"Est. reading time\" \/>\n\t<meta name=\"twitter:data1\" content=\"1 minute\" \/>\n<script type=\"application\/ld+json\" class=\"yoast-schema-graph\">{\"@context\":\"https:\/\/schema.org\",\"@graph\":[{\"@type\":\"WebPage\",\"@id\":\"https:\/\/sulin.ee\/en\/toode\/jollein-puidust-elevant-ratastel\/\",\"url\":\"https:\/\/sulin.ee\/en\/toode\/jollein-puidust-elevant-ratastel\/\",\"name\":\"Jollein puidust elevant ratastel - sulin.ee\",\"isPartOf\":{\"@id\":\"https:\/\/sulin.ee\/en\/#website\"},\"primaryImageOfPage\":{\"@id\":\"https:\/\/sulin.ee\/en\/toode\/jollein-puidust-elevant-ratastel\/#primaryimage\"},\"image\":{\"@id\":\"https:\/\/sulin.ee\/en\/toode\/jollein-puidust-elevant-ratastel\/#primaryimage\"},\"thumbnailUrl\":\"https:\/\/sulin.ee\/wp-content\/uploads\/2024\/10\/112-001-67091-8717329388642_detail-0001-scaled.jpg\",\"datePublished\":\"2024-10-10T19:12:17+00:00\",\"dateModified\":\"2025-09-07T21:49:22+00:00\",\"description\":\"Jollein puidust elevant ratastel. T\u00e4nu lihtsale disainile on elevanti kerge k\u00e4es hoida, mist\u00f5ttu sobib see suurep\u00e4raselt juba 1-aastasele lapsele.\",\"breadcrumb\":{\"@id\":\"https:\/\/sulin.ee\/en\/toode\/jollein-puidust-elevant-ratastel\/#breadcrumb\"},\"inLanguage\":\"en-US\",\"potentialAction\":[{\"@type\":\"ReadAction\",\"target\":[\"https:\/\/sulin.ee\/en\/toode\/jollein-puidust-elevant-ratastel\/\"]}]},{\"@type\":\"ImageObject\",\"inLanguage\":\"en-US\",\"@id\":\"https:\/\/sulin.ee\/en\/toode\/jollein-puidust-elevant-ratastel\/#primaryimage\",\"url\":\"https:\/\/sulin.ee\/wp-content\/uploads\/2024\/10\/112-001-67091-8717329388642_detail-0001-scaled.jpg\",\"contentUrl\":\"https:\/\/sulin.ee\/wp-content\/uploads\/2024\/10\/112-001-67091-8717329388642_detail-0001-scaled.jpg\",\"width\":2560,\"height\":1772,\"caption\":\"Jollein puidust elevant ratastel\"},{\"@type\":\"BreadcrumbList\",\"@id\":\"https:\/\/sulin.ee\/en\/toode\/jollein-puidust-elevant-ratastel\/#breadcrumb\",\"itemListElement\":[{\"@type\":\"ListItem\",\"position\":1,\"name\":\"Home\",\"item\":\"https:\/\/sulin.ee\/en\/\"},{\"@type\":\"ListItem\",\"position\":2,\"name\":\"Sulin.ee e-pood\",\"item\":\"https:\/\/sulin.ee\/shop\/\"},{\"@type\":\"ListItem\",\"position\":3,\"name\":\"Jollein puidust elevant ratastel\"}]},{\"@type\":\"WebSite\",\"@id\":\"https:\/\/sulin.ee\/en\/#website\",\"url\":\"https:\/\/sulin.ee\/en\/\",\"name\":\"sulin.ee\",\"description\":\"\",\"publisher\":{\"@id\":\"https:\/\/sulin.ee\/en\/#organization\"},\"potentialAction\":[{\"@type\":\"SearchAction\",\"target\":{\"@type\":\"EntryPoint\",\"urlTemplate\":\"https:\/\/sulin.ee\/en\/?s={search_term_string}\"},\"query-input\":{\"@type\":\"PropertyValueSpecification\",\"valueRequired\":true,\"valueName\":\"search_term_string\"}}],\"inLanguage\":\"en-US\"},{\"@type\":\"Organization\",\"@id\":\"https:\/\/sulin.ee\/en\/#organization\",\"name\":\"SULIN TRADE O\u00dc\",\"url\":\"https:\/\/sulin.ee\/en\/\",\"logo\":{\"@type\":\"ImageObject\",\"inLanguage\":\"en-US\",\"@id\":\"https:\/\/sulin.ee\/en\/#\/schema\/logo\/image\/\",\"url\":\"https:\/\/sulin.ee\/wp-content\/uploads\/2022\/11\/sulin-logo.png\",\"contentUrl\":\"https:\/\/sulin.ee\/wp-content\/uploads\/2022\/11\/sulin-logo.png\",\"width\":871,\"height\":321,\"caption\":\"SULIN TRADE O\u00dc\"},\"image\":{\"@id\":\"https:\/\/sulin.ee\/en\/#\/schema\/logo\/image\/\"},\"sameAs\":[\"https:\/\/www.facebook.com\/www.sulin.ee\/\",\"https:\/\/www.instagram.com\/sulintrade\/\"]}]}<\/script>\n<!-- \/ Yoast SEO plugin. -->","yoast_head_json":{"title":"Jollein puidust elevant ratastel - sulin.ee","description":"Jollein puidust elevant ratastel. T\u00e4nu lihtsale disainile on elevanti kerge k\u00e4es hoida, mist\u00f5ttu sobib see suurep\u00e4raselt juba 1-aastasele lapsele.","robots":{"index":"index","follow":"follow","max-snippet":"max-snippet:-1","max-image-preview":"max-image-preview:large","max-video-preview":"max-video-preview:-1"},"canonical":"https:\/\/sulin.ee\/en\/toode\/jollein-puidust-elevant-ratastel\/","og_locale":"en_US","og_type":"article","og_title":"Jollein puidust elevant ratastel - sulin.ee","og_description":"Jollein puidust elevant ratastel. T\u00e4nu lihtsale disainile on elevanti kerge k\u00e4es hoida, mist\u00f5ttu sobib see suurep\u00e4raselt juba 1-aastasele lapsele.","og_url":"https:\/\/sulin.ee\/en\/toode\/jollein-puidust-elevant-ratastel\/","og_site_name":"sulin.ee","article_publisher":"https:\/\/www.facebook.com\/www.sulin.ee\/","article_modified_time":"2025-09-07T21:49:22+00:00","og_image":[{"width":2560,"height":1772,"url":"https:\/\/sulin.ee\/wp-content\/uploads\/2024\/10\/112-001-67091-8717329388642_detail-0001-scaled.jpg","type":"image\/jpeg"}],"twitter_card":"summary_large_image","twitter_misc":{"Est. reading time":"1 minute"},"schema":{"@context":"https:\/\/schema.org","@graph":[{"@type":"WebPage","@id":"https:\/\/sulin.ee\/en\/toode\/jollein-puidust-elevant-ratastel\/","url":"https:\/\/sulin.ee\/en\/toode\/jollein-puidust-elevant-ratastel\/","name":"Jollein puidust elevant ratastel - sulin.ee","isPartOf":{"@id":"https:\/\/sulin.ee\/en\/#website"},"primaryImageOfPage":{"@id":"https:\/\/sulin.ee\/en\/toode\/jollein-puidust-elevant-ratastel\/#primaryimage"},"image":{"@id":"https:\/\/sulin.ee\/en\/toode\/jollein-puidust-elevant-ratastel\/#primaryimage"},"thumbnailUrl":"https:\/\/sulin.ee\/wp-content\/uploads\/2024\/10\/112-001-67091-8717329388642_detail-0001-scaled.jpg","datePublished":"2024-10-10T19:12:17+00:00","dateModified":"2025-09-07T21:49:22+00:00","description":"Jollein puidust elevant ratastel. T\u00e4nu lihtsale disainile on elevanti kerge k\u00e4es hoida, mist\u00f5ttu sobib see suurep\u00e4raselt juba 1-aastasele lapsele.","breadcrumb":{"@id":"https:\/\/sulin.ee\/en\/toode\/jollein-puidust-elevant-ratastel\/#breadcrumb"},"inLanguage":"en-US","potentialAction":[{"@type":"ReadAction","target":["https:\/\/sulin.ee\/en\/toode\/jollein-puidust-elevant-ratastel\/"]}]},{"@type":"ImageObject","inLanguage":"en-US","@id":"https:\/\/sulin.ee\/en\/toode\/jollein-puidust-elevant-ratastel\/#primaryimage","url":"https:\/\/sulin.ee\/wp-content\/uploads\/2024\/10\/112-001-67091-8717329388642_detail-0001-scaled.jpg","contentUrl":"https:\/\/sulin.ee\/wp-content\/uploads\/2024\/10\/112-001-67091-8717329388642_detail-0001-scaled.jpg","width":2560,"height":1772,"caption":"Jollein puidust elevant ratastel"},{"@type":"BreadcrumbList","@id":"https:\/\/sulin.ee\/en\/toode\/jollein-puidust-elevant-ratastel\/#breadcrumb","itemListElement":[{"@type":"ListItem","position":1,"name":"Home","item":"https:\/\/sulin.ee\/en\/"},{"@type":"ListItem","position":2,"name":"Sulin.ee e-pood","item":"https:\/\/sulin.ee\/shop\/"},{"@type":"ListItem","position":3,"name":"Jollein puidust elevant ratastel"}]},{"@type":"WebSite","@id":"https:\/\/sulin.ee\/en\/#website","url":"https:\/\/sulin.ee\/en\/","name":"sulin.ee","description":"","publisher":{"@id":"https:\/\/sulin.ee\/en\/#organization"},"potentialAction":[{"@type":"SearchAction","target":{"@type":"EntryPoint","urlTemplate":"https:\/\/sulin.ee\/en\/?s={search_term_string}"},"query-input":{"@type":"PropertyValueSpecification","valueRequired":true,"valueName":"search_term_string"}}],"inLanguage":"en-US"},{"@type":"Organization","@id":"https:\/\/sulin.ee\/en\/#organization","name":"SULIN TRADE O\u00dc","url":"https:\/\/sulin.ee\/en\/","logo":{"@type":"ImageObject","inLanguage":"en-US","@id":"https:\/\/sulin.ee\/en\/#\/schema\/logo\/image\/","url":"https:\/\/sulin.ee\/wp-content\/uploads\/2022\/11\/sulin-logo.png","contentUrl":"https:\/\/sulin.ee\/wp-content\/uploads\/2022\/11\/sulin-logo.png","width":871,"height":321,"caption":"SULIN TRADE O\u00dc"},"image":{"@id":"https:\/\/sulin.ee\/en\/#\/schema\/logo\/image\/"},"sameAs":["https:\/\/www.facebook.com\/www.sulin.ee\/","https:\/\/www.instagram.com\/sulintrade\/"]}]}},"builder_content":"","_links":{"self":[{"href":"https:\/\/sulin.ee\/en\/wp-json\/wp\/v2\/product\/22489","targetHints":{"allow":["GET"]}}],"collection":[{"href":"https:\/\/sulin.ee\/en\/wp-json\/wp\/v2\/product"}],"about":[{"href":"https:\/\/sulin.ee\/en\/wp-json\/wp\/v2\/types\/product"}],"replies":[{"embeddable":true,"href":"https:\/\/sulin.ee\/en\/wp-json\/wp\/v2\/comments?post=22489"}],"wp:featuredmedia":[{"embeddable":true,"href":"https:\/\/sulin.ee\/en\/wp-json\/wp\/v2\/media\/22494"}],"wp:attachment":[{"href":"https:\/\/sulin.ee\/en\/wp-json\/wp\/v2\/media?parent=22489"}],"wp:term":[{"taxonomy":"product_brand","embeddable":true,"href":"https:\/\/sulin.ee\/en\/wp-json\/wp\/v2\/product_brand?post=22489"},{"taxonomy":"product_cat","embeddable":true,"href":"https:\/\/sulin.ee\/en\/wp-json\/wp\/v2\/product_cat?post=22489"},{"taxonomy":"product_tag","embeddable":true,"href":"https:\/\/sulin.ee\/en\/wp-json\/wp\/v2\/product_tag?post=22489"}],"curies":[{"name":"wp","href":"https:\/\/api.w.org\/{rel}","templated":true}]}}