{"id":22455,"date":"2024-10-10T18:34:35","date_gmt":"2024-10-10T18:34:35","guid":{"rendered":"https:\/\/sulin.ee\/?post_type=product&#038;p=22455"},"modified":"2026-03-09T19:15:43","modified_gmt":"2026-03-09T19:15:43","slug":"pikkade-varrukatega-veekindel-poll-jollein-animals","status":"publish","type":"product","link":"https:\/\/sulin.ee\/en\/toode\/pikkade-varrukatega-veekindel-poll-jollein-animals\/","title":{"rendered":"Pikkade varrukatega veekindel p\u00f5ll Jollein &#8211; Animals"},"content":{"rendered":"<p><strong>Pikkade varrukatega veekindel p\u00f5ll <a href=\"https:\/\/jollein.com\/\" target=\"_blank\" rel=\"noopener\">Jollein<\/a>\u00a0 \u2013 ideaalne v\u00e4ikestele seiklejatele<\/strong><\/p>\n<p>Mine seiklema koos selle armsa p\u00f5llega! <strong>Pikkade varrukatega veekindel p\u00f5ll<\/strong> kaitseb beebi v\u00f5i v\u00e4ikelapse riideid ka k\u00f5ige suuremate segaduste eest. Praktilised varrukad ja veekindel materjal tagavad, et isegi k\u00f5ige aktiivsemad s\u00f6\u00f6jad p\u00fcsivad puhtad. T\u00e4nu velcro-kinnitusele on p\u00f5lle kiire ja lihtne kaela \u00fcmber kinnitada ning p\u00e4rast kasutamist sama lihtsalt eemaldada.<\/p>\n<p>P\u00f5lle alumises servas olev topeltkiht kangast toimib nutika kogumis\u00e4\u00e4rena, p\u00fc\u00fcdes kinni toidu, mis s\u00f6\u00f6misel pudeneda v\u00f5ib, hoides nii \u00fcmbruse puhtans. See teeb p\u00f5llest suurep\u00e4rase abilise mitte ainult s\u00f6\u00f6gikordade ajal, vaid ka meisterdamiseks ja n\u00e4puv\u00e4rvidega m\u00e4ngimiseks.<\/p>\n<p>Veekindel p\u00f5ll on saadaval v\u00e4rvitoonides <strong>Nougat<\/strong> ja <strong>Olive Green<\/strong>, sobides suurep\u00e4raselt igale v\u00e4ikesele seiklejale.<\/p>\n<p>Sobib lastele vanuses kuni 2 aastat.<\/p>\n<p>Vaata ka teisi Jolleini tooteid <a href=\"https:\/\/sulin.ee\/tootekategooria\/brandid\/jollein-2\/\" target=\"_blank\" rel=\"noopener\">siit<\/a>.<\/p>\n","protected":false},"excerpt":{"rendered":"<p>Pikkade varrukatega veekindel p\u00f5ll Jollein\u00a0 \u2013 ideaalne v\u00e4ikestele seiklejatele Mine seiklema koos selle armsa p\u00f5llega! Pikkade varrukatega veekindel p\u00f5ll kaitseb beebi v\u00f5i v\u00e4ikelapse riideid ka k\u00f5ige suuremate segaduste eest. Praktilised varrukad ja veekindel materjal tagavad, et isegi k\u00f5ige aktiivsemad s\u00f6\u00f6jad p\u00fcsivad puhtad. T\u00e4nu velcro-kinnitusele on p\u00f5lle kiire ja lihtne kaela \u00fcmber kinnitada ning p\u00e4rast kasutamist [&hellip;]<\/p>\n","protected":false},"featured_media":22457,"comment_status":"open","ping_status":"closed","template":"","meta":[],"product_brand":[],"product_cat":[489,488,171,177,776],"product_tag":[],"class_list":{"0":"post-22455","1":"product","2":"type-product","3":"status-publish","4":"has-post-thumbnail","6":"product_cat-beebitarbed-toitmiseks","7":"product_cat-pudipolled","8":"product_cat-soomine","9":"product_cat-polled","10":"product_cat-jollein-2","11":"has-post-title","12":"has-post-date","13":"has-post-category","14":"has-post-tag","15":"has-post-comment","16":"has-post-author","17":"","19":"first","20":"outofstock","21":"taxable","22":"shipping-taxable","23":"product-type-variable"},"yoast_head":"<!-- This site is optimized with the Yoast SEO plugin v26.8 - https:\/\/yoast.com\/product\/yoast-seo-wordpress\/ -->\n<title>Pikkade varrukatega veekindel p\u00f5ll Jollein - Animals - sulin.ee<\/title>\n<meta name=\"description\" content=\"Pikkade varrukatega veekindel p\u00f5ll Jollein\u00a0 \u2013 ideaalne v\u00e4ikestele seiklejateleMine seiklema koos selle armsa loomamustriga pudip\u00f5llega!\" \/>\n<meta name=\"robots\" content=\"index, follow, max-snippet:-1, max-image-preview:large, max-video-preview:-1\" \/>\n<link rel=\"canonical\" href=\"https:\/\/sulin.ee\/en\/toode\/pikkade-varrukatega-veekindel-poll-jollein-animals\/\" \/>\n<meta property=\"og:locale\" content=\"en_US\" \/>\n<meta property=\"og:type\" content=\"article\" \/>\n<meta property=\"og:title\" content=\"Pikkade varrukatega veekindel p\u00f5ll Jollein - Animals - sulin.ee\" \/>\n<meta property=\"og:description\" content=\"Pikkade varrukatega veekindel p\u00f5ll Jollein\u00a0 \u2013 ideaalne v\u00e4ikestele seiklejateleMine seiklema koos selle armsa loomamustriga pudip\u00f5llega!\" \/>\n<meta property=\"og:url\" content=\"https:\/\/sulin.ee\/en\/toode\/pikkade-varrukatega-veekindel-poll-jollein-animals\/\" \/>\n<meta property=\"og:site_name\" content=\"sulin.ee\" \/>\n<meta property=\"article:publisher\" content=\"https:\/\/www.facebook.com\/www.sulin.ee\/\" \/>\n<meta property=\"article:modified_time\" content=\"2026-03-09T19:15:43+00:00\" \/>\n<meta property=\"og:image\" content=\"https:\/\/sulin.ee\/wp-content\/uploads\/2024\/10\/Piltide-korrektuurid-kodulehel-100.png\" \/>\n\t<meta property=\"og:image:width\" content=\"1080\" \/>\n\t<meta property=\"og:image:height\" content=\"1080\" \/>\n\t<meta property=\"og:image:type\" content=\"image\/png\" \/>\n<meta name=\"twitter:card\" content=\"summary_large_image\" \/>\n<meta name=\"twitter:label1\" content=\"Est. reading time\" \/>\n\t<meta name=\"twitter:data1\" content=\"1 minute\" \/>\n<script type=\"application\/ld+json\" class=\"yoast-schema-graph\">{\"@context\":\"https:\/\/schema.org\",\"@graph\":[{\"@type\":\"WebPage\",\"@id\":\"https:\/\/sulin.ee\/en\/toode\/pikkade-varrukatega-veekindel-poll-jollein-animals\/\",\"url\":\"https:\/\/sulin.ee\/en\/toode\/pikkade-varrukatega-veekindel-poll-jollein-animals\/\",\"name\":\"Pikkade varrukatega veekindel p\u00f5ll Jollein - Animals - sulin.ee\",\"isPartOf\":{\"@id\":\"https:\/\/sulin.ee\/en\/#website\"},\"primaryImageOfPage\":{\"@id\":\"https:\/\/sulin.ee\/en\/toode\/pikkade-varrukatega-veekindel-poll-jollein-animals\/#primaryimage\"},\"image\":{\"@id\":\"https:\/\/sulin.ee\/en\/toode\/pikkade-varrukatega-veekindel-poll-jollein-animals\/#primaryimage\"},\"thumbnailUrl\":\"https:\/\/sulin.ee\/wp-content\/uploads\/2024\/10\/Piltide-korrektuurid-kodulehel-100.png\",\"datePublished\":\"2024-10-10T18:34:35+00:00\",\"dateModified\":\"2026-03-09T19:15:43+00:00\",\"description\":\"Pikkade varrukatega veekindel p\u00f5ll Jollein\u00a0 \u2013 ideaalne v\u00e4ikestele seiklejateleMine seiklema koos selle armsa loomamustriga pudip\u00f5llega!\",\"breadcrumb\":{\"@id\":\"https:\/\/sulin.ee\/en\/toode\/pikkade-varrukatega-veekindel-poll-jollein-animals\/#breadcrumb\"},\"inLanguage\":\"en-US\",\"potentialAction\":[{\"@type\":\"ReadAction\",\"target\":[\"https:\/\/sulin.ee\/en\/toode\/pikkade-varrukatega-veekindel-poll-jollein-animals\/\"]}]},{\"@type\":\"ImageObject\",\"inLanguage\":\"en-US\",\"@id\":\"https:\/\/sulin.ee\/en\/toode\/pikkade-varrukatega-veekindel-poll-jollein-animals\/#primaryimage\",\"url\":\"https:\/\/sulin.ee\/wp-content\/uploads\/2024\/10\/Piltide-korrektuurid-kodulehel-100.png\",\"contentUrl\":\"https:\/\/sulin.ee\/wp-content\/uploads\/2024\/10\/Piltide-korrektuurid-kodulehel-100.png\",\"width\":1080,\"height\":1080,\"caption\":\"Pikkade varrukatega veekindel p\u00f5ll\"},{\"@type\":\"BreadcrumbList\",\"@id\":\"https:\/\/sulin.ee\/en\/toode\/pikkade-varrukatega-veekindel-poll-jollein-animals\/#breadcrumb\",\"itemListElement\":[{\"@type\":\"ListItem\",\"position\":1,\"name\":\"Home\",\"item\":\"https:\/\/sulin.ee\/en\/\"},{\"@type\":\"ListItem\",\"position\":2,\"name\":\"Sulin.ee e-pood\",\"item\":\"https:\/\/sulin.ee\/shop\/\"},{\"@type\":\"ListItem\",\"position\":3,\"name\":\"Pikkade varrukatega veekindel p\u00f5ll Jollein &#8211; Animals\"}]},{\"@type\":\"WebSite\",\"@id\":\"https:\/\/sulin.ee\/en\/#website\",\"url\":\"https:\/\/sulin.ee\/en\/\",\"name\":\"sulin.ee\",\"description\":\"\",\"publisher\":{\"@id\":\"https:\/\/sulin.ee\/en\/#organization\"},\"potentialAction\":[{\"@type\":\"SearchAction\",\"target\":{\"@type\":\"EntryPoint\",\"urlTemplate\":\"https:\/\/sulin.ee\/en\/?s={search_term_string}\"},\"query-input\":{\"@type\":\"PropertyValueSpecification\",\"valueRequired\":true,\"valueName\":\"search_term_string\"}}],\"inLanguage\":\"en-US\"},{\"@type\":\"Organization\",\"@id\":\"https:\/\/sulin.ee\/en\/#organization\",\"name\":\"SULIN TRADE O\u00dc\",\"url\":\"https:\/\/sulin.ee\/en\/\",\"logo\":{\"@type\":\"ImageObject\",\"inLanguage\":\"en-US\",\"@id\":\"https:\/\/sulin.ee\/en\/#\/schema\/logo\/image\/\",\"url\":\"https:\/\/sulin.ee\/wp-content\/uploads\/2022\/11\/sulin-logo.png\",\"contentUrl\":\"https:\/\/sulin.ee\/wp-content\/uploads\/2022\/11\/sulin-logo.png\",\"width\":871,\"height\":321,\"caption\":\"SULIN TRADE O\u00dc\"},\"image\":{\"@id\":\"https:\/\/sulin.ee\/en\/#\/schema\/logo\/image\/\"},\"sameAs\":[\"https:\/\/www.facebook.com\/www.sulin.ee\/\",\"https:\/\/www.instagram.com\/sulintrade\/\"]}]}<\/script>\n<!-- \/ Yoast SEO plugin. -->","yoast_head_json":{"title":"Pikkade varrukatega veekindel p\u00f5ll Jollein - Animals - sulin.ee","description":"Pikkade varrukatega veekindel p\u00f5ll Jollein\u00a0 \u2013 ideaalne v\u00e4ikestele seiklejateleMine seiklema koos selle armsa loomamustriga pudip\u00f5llega!","robots":{"index":"index","follow":"follow","max-snippet":"max-snippet:-1","max-image-preview":"max-image-preview:large","max-video-preview":"max-video-preview:-1"},"canonical":"https:\/\/sulin.ee\/en\/toode\/pikkade-varrukatega-veekindel-poll-jollein-animals\/","og_locale":"en_US","og_type":"article","og_title":"Pikkade varrukatega veekindel p\u00f5ll Jollein - Animals - sulin.ee","og_description":"Pikkade varrukatega veekindel p\u00f5ll Jollein\u00a0 \u2013 ideaalne v\u00e4ikestele seiklejateleMine seiklema koos selle armsa loomamustriga pudip\u00f5llega!","og_url":"https:\/\/sulin.ee\/en\/toode\/pikkade-varrukatega-veekindel-poll-jollein-animals\/","og_site_name":"sulin.ee","article_publisher":"https:\/\/www.facebook.com\/www.sulin.ee\/","article_modified_time":"2026-03-09T19:15:43+00:00","og_image":[{"width":1080,"height":1080,"url":"https:\/\/sulin.ee\/wp-content\/uploads\/2024\/10\/Piltide-korrektuurid-kodulehel-100.png","type":"image\/png"}],"twitter_card":"summary_large_image","twitter_misc":{"Est. reading time":"1 minute"},"schema":{"@context":"https:\/\/schema.org","@graph":[{"@type":"WebPage","@id":"https:\/\/sulin.ee\/en\/toode\/pikkade-varrukatega-veekindel-poll-jollein-animals\/","url":"https:\/\/sulin.ee\/en\/toode\/pikkade-varrukatega-veekindel-poll-jollein-animals\/","name":"Pikkade varrukatega veekindel p\u00f5ll Jollein - Animals - sulin.ee","isPartOf":{"@id":"https:\/\/sulin.ee\/en\/#website"},"primaryImageOfPage":{"@id":"https:\/\/sulin.ee\/en\/toode\/pikkade-varrukatega-veekindel-poll-jollein-animals\/#primaryimage"},"image":{"@id":"https:\/\/sulin.ee\/en\/toode\/pikkade-varrukatega-veekindel-poll-jollein-animals\/#primaryimage"},"thumbnailUrl":"https:\/\/sulin.ee\/wp-content\/uploads\/2024\/10\/Piltide-korrektuurid-kodulehel-100.png","datePublished":"2024-10-10T18:34:35+00:00","dateModified":"2026-03-09T19:15:43+00:00","description":"Pikkade varrukatega veekindel p\u00f5ll Jollein\u00a0 \u2013 ideaalne v\u00e4ikestele seiklejateleMine seiklema koos selle armsa loomamustriga pudip\u00f5llega!","breadcrumb":{"@id":"https:\/\/sulin.ee\/en\/toode\/pikkade-varrukatega-veekindel-poll-jollein-animals\/#breadcrumb"},"inLanguage":"en-US","potentialAction":[{"@type":"ReadAction","target":["https:\/\/sulin.ee\/en\/toode\/pikkade-varrukatega-veekindel-poll-jollein-animals\/"]}]},{"@type":"ImageObject","inLanguage":"en-US","@id":"https:\/\/sulin.ee\/en\/toode\/pikkade-varrukatega-veekindel-poll-jollein-animals\/#primaryimage","url":"https:\/\/sulin.ee\/wp-content\/uploads\/2024\/10\/Piltide-korrektuurid-kodulehel-100.png","contentUrl":"https:\/\/sulin.ee\/wp-content\/uploads\/2024\/10\/Piltide-korrektuurid-kodulehel-100.png","width":1080,"height":1080,"caption":"Pikkade varrukatega veekindel p\u00f5ll"},{"@type":"BreadcrumbList","@id":"https:\/\/sulin.ee\/en\/toode\/pikkade-varrukatega-veekindel-poll-jollein-animals\/#breadcrumb","itemListElement":[{"@type":"ListItem","position":1,"name":"Home","item":"https:\/\/sulin.ee\/en\/"},{"@type":"ListItem","position":2,"name":"Sulin.ee e-pood","item":"https:\/\/sulin.ee\/shop\/"},{"@type":"ListItem","position":3,"name":"Pikkade varrukatega veekindel p\u00f5ll Jollein &#8211; Animals"}]},{"@type":"WebSite","@id":"https:\/\/sulin.ee\/en\/#website","url":"https:\/\/sulin.ee\/en\/","name":"sulin.ee","description":"","publisher":{"@id":"https:\/\/sulin.ee\/en\/#organization"},"potentialAction":[{"@type":"SearchAction","target":{"@type":"EntryPoint","urlTemplate":"https:\/\/sulin.ee\/en\/?s={search_term_string}"},"query-input":{"@type":"PropertyValueSpecification","valueRequired":true,"valueName":"search_term_string"}}],"inLanguage":"en-US"},{"@type":"Organization","@id":"https:\/\/sulin.ee\/en\/#organization","name":"SULIN TRADE O\u00dc","url":"https:\/\/sulin.ee\/en\/","logo":{"@type":"ImageObject","inLanguage":"en-US","@id":"https:\/\/sulin.ee\/en\/#\/schema\/logo\/image\/","url":"https:\/\/sulin.ee\/wp-content\/uploads\/2022\/11\/sulin-logo.png","contentUrl":"https:\/\/sulin.ee\/wp-content\/uploads\/2022\/11\/sulin-logo.png","width":871,"height":321,"caption":"SULIN TRADE O\u00dc"},"image":{"@id":"https:\/\/sulin.ee\/en\/#\/schema\/logo\/image\/"},"sameAs":["https:\/\/www.facebook.com\/www.sulin.ee\/","https:\/\/www.instagram.com\/sulintrade\/"]}]}},"builder_content":"","_links":{"self":[{"href":"https:\/\/sulin.ee\/en\/wp-json\/wp\/v2\/product\/22455","targetHints":{"allow":["GET"]}}],"collection":[{"href":"https:\/\/sulin.ee\/en\/wp-json\/wp\/v2\/product"}],"about":[{"href":"https:\/\/sulin.ee\/en\/wp-json\/wp\/v2\/types\/product"}],"replies":[{"embeddable":true,"href":"https:\/\/sulin.ee\/en\/wp-json\/wp\/v2\/comments?post=22455"}],"wp:featuredmedia":[{"embeddable":true,"href":"https:\/\/sulin.ee\/en\/wp-json\/wp\/v2\/media\/22457"}],"wp:attachment":[{"href":"https:\/\/sulin.ee\/en\/wp-json\/wp\/v2\/media?parent=22455"}],"wp:term":[{"taxonomy":"product_brand","embeddable":true,"href":"https:\/\/sulin.ee\/en\/wp-json\/wp\/v2\/product_brand?post=22455"},{"taxonomy":"product_cat","embeddable":true,"href":"https:\/\/sulin.ee\/en\/wp-json\/wp\/v2\/product_cat?post=22455"},{"taxonomy":"product_tag","embeddable":true,"href":"https:\/\/sulin.ee\/en\/wp-json\/wp\/v2\/product_tag?post=22455"}],"curies":[{"name":"wp","href":"https:\/\/api.w.org\/{rel}","templated":true}]}}