{"id":22431,"date":"2024-10-10T10:22:49","date_gmt":"2024-10-10T10:22:49","guid":{"rendered":"https:\/\/sulin.ee\/?post_type=product&#038;p=22431"},"modified":"2025-10-02T18:36:39","modified_gmt":"2025-10-02T18:36:39","slug":"pikkade-varrukatega-veekindel-poll-jollein-lovely-birds","status":"publish","type":"product","link":"https:\/\/sulin.ee\/en\/toode\/pikkade-varrukatega-veekindel-poll-jollein-lovely-birds\/","title":{"rendered":"Pikkade varrukatega veekindel p\u00f5ll Jollein &#8211; Lovely Birds"},"content":{"rendered":"<p><strong>Pikkade varrukatega veekindel p\u00f5ll <a href=\"https:\/\/jollein.com\/\" target=\"_blank\" rel=\"noopener\">Jollein<\/a> \u2013 praktiline ja armas lahendus<\/strong><\/p>\n<p>See pikkade varrukatega veekindel p\u00f5ll on t\u00f5eline abimees! See armas p\u00f5ll kaitseb beebi v\u00f5i v\u00e4ikelapse riideid suurep\u00e4raselt t\u00e4nu praktilistele varrukatele, mis hoiavad riided puhtana igas olukorras. Kas oled m\u00e4rganud, et p\u00f5lle allservas on topeltkiht kangast? See on spetsiaalselt disainitud nutikaks lahenduseks \u2013 iseseisvalt s\u00fc\u00fces kipub toit sageli pudenema, kuid p\u00f5lle serva moodustunud kogumis\u00e4\u00e4r p\u00fc\u00fcab selle kinni, hoides \u00fcmbrue puhtamana. Seda funktsiooni hindad kindlasti!<\/p>\n<p>P\u00f5ll ei ole mitte ainult kasulik s\u00f6\u00f6gikordade ajal, vaid ka meisterdamiseks ja n\u00e4puv\u00e4rvidega maalimiseks. Veelgi armsamaks teeb selle p\u00f5lle <strong>Lovely Birds<\/strong> teema, millel on linnud, oksakesed ja lisaks veel \u00f5iekujuline embleem.<\/p>\n<p>Sobib lastele vanuses kuni 2 aastat.<\/p>\n<p>Vaata ka teisi Jolleini tooteid <a href=\"https:\/\/sulin.ee\/tootekategooria\/brandid\/jollein-2\/\" target=\"_blank\" rel=\"noopener\">siit<\/a>.<\/p>\n","protected":false},"excerpt":{"rendered":"<p>Pikkade varrukatega veekindel p\u00f5ll Jollein \u2013 praktiline ja armas lahendus See pikkade varrukatega veekindel p\u00f5ll on t\u00f5eline abimees! See armas p\u00f5ll kaitseb beebi v\u00f5i v\u00e4ikelapse riideid suurep\u00e4raselt t\u00e4nu praktilistele varrukatele, mis hoiavad riided puhtana igas olukorras. Kas oled m\u00e4rganud, et p\u00f5lle allservas on topeltkiht kangast? See on spetsiaalselt disainitud nutikaks lahenduseks \u2013 iseseisvalt s\u00fc\u00fces kipub [&hellip;]<\/p>\n","protected":false},"featured_media":22440,"comment_status":"open","ping_status":"closed","template":"","meta":[],"product_brand":[],"product_cat":[489,488,177,776],"product_tag":[],"class_list":{"0":"post-22431","1":"product","2":"type-product","3":"status-publish","4":"has-post-thumbnail","6":"product_cat-beebitarbed-toitmiseks","7":"product_cat-pudipolled","8":"product_cat-polled","9":"product_cat-jollein-2","10":"has-post-title","11":"has-post-date","12":"has-post-category","13":"has-post-tag","14":"has-post-comment","15":"has-post-author","16":"","18":"first","19":"instock","20":"sale","21":"taxable","22":"shipping-taxable","23":"purchasable","24":"product-type-simple"},"yoast_head":"<!-- This site is optimized with the Yoast SEO plugin v26.8 - https:\/\/yoast.com\/product\/yoast-seo-wordpress\/ -->\n<title>Pikkade varrukatega veekindel p\u00f5ll Jollein - Lovely Birds - sulin.ee<\/title>\n<meta name=\"description\" content=\"pikkade varrukatega veekindel p\u00f5ll kaitseb v\u00e4ikelapse riideid suurep\u00e4raselt t\u00e4nu praktilistele varrukatele, mis hoiavad riided puhtana igas olukorras.\" \/>\n<meta name=\"robots\" content=\"index, follow, max-snippet:-1, max-image-preview:large, max-video-preview:-1\" \/>\n<link rel=\"canonical\" href=\"https:\/\/sulin.ee\/en\/toode\/pikkade-varrukatega-veekindel-poll-jollein-lovely-birds\/\" \/>\n<meta property=\"og:locale\" content=\"en_US\" \/>\n<meta property=\"og:type\" content=\"article\" \/>\n<meta property=\"og:title\" content=\"Pikkade varrukatega veekindel p\u00f5ll Jollein - Lovely Birds - sulin.ee\" \/>\n<meta property=\"og:description\" content=\"pikkade varrukatega veekindel p\u00f5ll kaitseb v\u00e4ikelapse riideid suurep\u00e4raselt t\u00e4nu praktilistele varrukatele, mis hoiavad riided puhtana igas olukorras.\" \/>\n<meta property=\"og:url\" content=\"https:\/\/sulin.ee\/en\/toode\/pikkade-varrukatega-veekindel-poll-jollein-lovely-birds\/\" \/>\n<meta property=\"og:site_name\" content=\"sulin.ee\" \/>\n<meta property=\"article:publisher\" content=\"https:\/\/www.facebook.com\/www.sulin.ee\/\" \/>\n<meta property=\"article:modified_time\" content=\"2025-10-02T18:36:39+00:00\" \/>\n<meta property=\"og:image\" content=\"https:\/\/sulin.ee\/wp-content\/uploads\/2024\/10\/Piltide-korrektuurid-kodulehel-98.png\" \/>\n\t<meta property=\"og:image:width\" content=\"1080\" \/>\n\t<meta property=\"og:image:height\" content=\"1080\" \/>\n\t<meta property=\"og:image:type\" content=\"image\/png\" \/>\n<meta name=\"twitter:card\" content=\"summary_large_image\" \/>\n<meta name=\"twitter:label1\" content=\"Est. reading time\" \/>\n\t<meta name=\"twitter:data1\" content=\"1 minute\" \/>\n<script type=\"application\/ld+json\" class=\"yoast-schema-graph\">{\"@context\":\"https:\/\/schema.org\",\"@graph\":[{\"@type\":\"WebPage\",\"@id\":\"https:\/\/sulin.ee\/en\/toode\/pikkade-varrukatega-veekindel-poll-jollein-lovely-birds\/\",\"url\":\"https:\/\/sulin.ee\/en\/toode\/pikkade-varrukatega-veekindel-poll-jollein-lovely-birds\/\",\"name\":\"Pikkade varrukatega veekindel p\u00f5ll Jollein - Lovely Birds - sulin.ee\",\"isPartOf\":{\"@id\":\"https:\/\/sulin.ee\/en\/#website\"},\"primaryImageOfPage\":{\"@id\":\"https:\/\/sulin.ee\/en\/toode\/pikkade-varrukatega-veekindel-poll-jollein-lovely-birds\/#primaryimage\"},\"image\":{\"@id\":\"https:\/\/sulin.ee\/en\/toode\/pikkade-varrukatega-veekindel-poll-jollein-lovely-birds\/#primaryimage\"},\"thumbnailUrl\":\"https:\/\/sulin.ee\/wp-content\/uploads\/2024\/10\/Piltide-korrektuurid-kodulehel-98.png\",\"datePublished\":\"2024-10-10T10:22:49+00:00\",\"dateModified\":\"2025-10-02T18:36:39+00:00\",\"description\":\"pikkade varrukatega veekindel p\u00f5ll kaitseb v\u00e4ikelapse riideid suurep\u00e4raselt t\u00e4nu praktilistele varrukatele, mis hoiavad riided puhtana igas olukorras.\",\"breadcrumb\":{\"@id\":\"https:\/\/sulin.ee\/en\/toode\/pikkade-varrukatega-veekindel-poll-jollein-lovely-birds\/#breadcrumb\"},\"inLanguage\":\"en-US\",\"potentialAction\":[{\"@type\":\"ReadAction\",\"target\":[\"https:\/\/sulin.ee\/en\/toode\/pikkade-varrukatega-veekindel-poll-jollein-lovely-birds\/\"]}]},{\"@type\":\"ImageObject\",\"inLanguage\":\"en-US\",\"@id\":\"https:\/\/sulin.ee\/en\/toode\/pikkade-varrukatega-veekindel-poll-jollein-lovely-birds\/#primaryimage\",\"url\":\"https:\/\/sulin.ee\/wp-content\/uploads\/2024\/10\/Piltide-korrektuurid-kodulehel-98.png\",\"contentUrl\":\"https:\/\/sulin.ee\/wp-content\/uploads\/2024\/10\/Piltide-korrektuurid-kodulehel-98.png\",\"width\":1080,\"height\":1080,\"caption\":\"Pikkade varrukatega veekindel p\u00f5ll\"},{\"@type\":\"BreadcrumbList\",\"@id\":\"https:\/\/sulin.ee\/en\/toode\/pikkade-varrukatega-veekindel-poll-jollein-lovely-birds\/#breadcrumb\",\"itemListElement\":[{\"@type\":\"ListItem\",\"position\":1,\"name\":\"Home\",\"item\":\"https:\/\/sulin.ee\/en\/\"},{\"@type\":\"ListItem\",\"position\":2,\"name\":\"Sulin.ee e-pood\",\"item\":\"https:\/\/sulin.ee\/shop\/\"},{\"@type\":\"ListItem\",\"position\":3,\"name\":\"Pikkade varrukatega veekindel p\u00f5ll Jollein &#8211; Lovely Birds\"}]},{\"@type\":\"WebSite\",\"@id\":\"https:\/\/sulin.ee\/en\/#website\",\"url\":\"https:\/\/sulin.ee\/en\/\",\"name\":\"sulin.ee\",\"description\":\"\",\"publisher\":{\"@id\":\"https:\/\/sulin.ee\/en\/#organization\"},\"potentialAction\":[{\"@type\":\"SearchAction\",\"target\":{\"@type\":\"EntryPoint\",\"urlTemplate\":\"https:\/\/sulin.ee\/en\/?s={search_term_string}\"},\"query-input\":{\"@type\":\"PropertyValueSpecification\",\"valueRequired\":true,\"valueName\":\"search_term_string\"}}],\"inLanguage\":\"en-US\"},{\"@type\":\"Organization\",\"@id\":\"https:\/\/sulin.ee\/en\/#organization\",\"name\":\"SULIN TRADE O\u00dc\",\"url\":\"https:\/\/sulin.ee\/en\/\",\"logo\":{\"@type\":\"ImageObject\",\"inLanguage\":\"en-US\",\"@id\":\"https:\/\/sulin.ee\/en\/#\/schema\/logo\/image\/\",\"url\":\"https:\/\/sulin.ee\/wp-content\/uploads\/2022\/11\/sulin-logo.png\",\"contentUrl\":\"https:\/\/sulin.ee\/wp-content\/uploads\/2022\/11\/sulin-logo.png\",\"width\":871,\"height\":321,\"caption\":\"SULIN TRADE O\u00dc\"},\"image\":{\"@id\":\"https:\/\/sulin.ee\/en\/#\/schema\/logo\/image\/\"},\"sameAs\":[\"https:\/\/www.facebook.com\/www.sulin.ee\/\",\"https:\/\/www.instagram.com\/sulintrade\/\"]}]}<\/script>\n<!-- \/ Yoast SEO plugin. -->","yoast_head_json":{"title":"Pikkade varrukatega veekindel p\u00f5ll Jollein - Lovely Birds - sulin.ee","description":"pikkade varrukatega veekindel p\u00f5ll kaitseb v\u00e4ikelapse riideid suurep\u00e4raselt t\u00e4nu praktilistele varrukatele, mis hoiavad riided puhtana igas olukorras.","robots":{"index":"index","follow":"follow","max-snippet":"max-snippet:-1","max-image-preview":"max-image-preview:large","max-video-preview":"max-video-preview:-1"},"canonical":"https:\/\/sulin.ee\/en\/toode\/pikkade-varrukatega-veekindel-poll-jollein-lovely-birds\/","og_locale":"en_US","og_type":"article","og_title":"Pikkade varrukatega veekindel p\u00f5ll Jollein - Lovely Birds - sulin.ee","og_description":"pikkade varrukatega veekindel p\u00f5ll kaitseb v\u00e4ikelapse riideid suurep\u00e4raselt t\u00e4nu praktilistele varrukatele, mis hoiavad riided puhtana igas olukorras.","og_url":"https:\/\/sulin.ee\/en\/toode\/pikkade-varrukatega-veekindel-poll-jollein-lovely-birds\/","og_site_name":"sulin.ee","article_publisher":"https:\/\/www.facebook.com\/www.sulin.ee\/","article_modified_time":"2025-10-02T18:36:39+00:00","og_image":[{"width":1080,"height":1080,"url":"https:\/\/sulin.ee\/wp-content\/uploads\/2024\/10\/Piltide-korrektuurid-kodulehel-98.png","type":"image\/png"}],"twitter_card":"summary_large_image","twitter_misc":{"Est. reading time":"1 minute"},"schema":{"@context":"https:\/\/schema.org","@graph":[{"@type":"WebPage","@id":"https:\/\/sulin.ee\/en\/toode\/pikkade-varrukatega-veekindel-poll-jollein-lovely-birds\/","url":"https:\/\/sulin.ee\/en\/toode\/pikkade-varrukatega-veekindel-poll-jollein-lovely-birds\/","name":"Pikkade varrukatega veekindel p\u00f5ll Jollein - Lovely Birds - sulin.ee","isPartOf":{"@id":"https:\/\/sulin.ee\/en\/#website"},"primaryImageOfPage":{"@id":"https:\/\/sulin.ee\/en\/toode\/pikkade-varrukatega-veekindel-poll-jollein-lovely-birds\/#primaryimage"},"image":{"@id":"https:\/\/sulin.ee\/en\/toode\/pikkade-varrukatega-veekindel-poll-jollein-lovely-birds\/#primaryimage"},"thumbnailUrl":"https:\/\/sulin.ee\/wp-content\/uploads\/2024\/10\/Piltide-korrektuurid-kodulehel-98.png","datePublished":"2024-10-10T10:22:49+00:00","dateModified":"2025-10-02T18:36:39+00:00","description":"pikkade varrukatega veekindel p\u00f5ll kaitseb v\u00e4ikelapse riideid suurep\u00e4raselt t\u00e4nu praktilistele varrukatele, mis hoiavad riided puhtana igas olukorras.","breadcrumb":{"@id":"https:\/\/sulin.ee\/en\/toode\/pikkade-varrukatega-veekindel-poll-jollein-lovely-birds\/#breadcrumb"},"inLanguage":"en-US","potentialAction":[{"@type":"ReadAction","target":["https:\/\/sulin.ee\/en\/toode\/pikkade-varrukatega-veekindel-poll-jollein-lovely-birds\/"]}]},{"@type":"ImageObject","inLanguage":"en-US","@id":"https:\/\/sulin.ee\/en\/toode\/pikkade-varrukatega-veekindel-poll-jollein-lovely-birds\/#primaryimage","url":"https:\/\/sulin.ee\/wp-content\/uploads\/2024\/10\/Piltide-korrektuurid-kodulehel-98.png","contentUrl":"https:\/\/sulin.ee\/wp-content\/uploads\/2024\/10\/Piltide-korrektuurid-kodulehel-98.png","width":1080,"height":1080,"caption":"Pikkade varrukatega veekindel p\u00f5ll"},{"@type":"BreadcrumbList","@id":"https:\/\/sulin.ee\/en\/toode\/pikkade-varrukatega-veekindel-poll-jollein-lovely-birds\/#breadcrumb","itemListElement":[{"@type":"ListItem","position":1,"name":"Home","item":"https:\/\/sulin.ee\/en\/"},{"@type":"ListItem","position":2,"name":"Sulin.ee e-pood","item":"https:\/\/sulin.ee\/shop\/"},{"@type":"ListItem","position":3,"name":"Pikkade varrukatega veekindel p\u00f5ll Jollein &#8211; Lovely Birds"}]},{"@type":"WebSite","@id":"https:\/\/sulin.ee\/en\/#website","url":"https:\/\/sulin.ee\/en\/","name":"sulin.ee","description":"","publisher":{"@id":"https:\/\/sulin.ee\/en\/#organization"},"potentialAction":[{"@type":"SearchAction","target":{"@type":"EntryPoint","urlTemplate":"https:\/\/sulin.ee\/en\/?s={search_term_string}"},"query-input":{"@type":"PropertyValueSpecification","valueRequired":true,"valueName":"search_term_string"}}],"inLanguage":"en-US"},{"@type":"Organization","@id":"https:\/\/sulin.ee\/en\/#organization","name":"SULIN TRADE O\u00dc","url":"https:\/\/sulin.ee\/en\/","logo":{"@type":"ImageObject","inLanguage":"en-US","@id":"https:\/\/sulin.ee\/en\/#\/schema\/logo\/image\/","url":"https:\/\/sulin.ee\/wp-content\/uploads\/2022\/11\/sulin-logo.png","contentUrl":"https:\/\/sulin.ee\/wp-content\/uploads\/2022\/11\/sulin-logo.png","width":871,"height":321,"caption":"SULIN TRADE O\u00dc"},"image":{"@id":"https:\/\/sulin.ee\/en\/#\/schema\/logo\/image\/"},"sameAs":["https:\/\/www.facebook.com\/www.sulin.ee\/","https:\/\/www.instagram.com\/sulintrade\/"]}]}},"builder_content":"","_links":{"self":[{"href":"https:\/\/sulin.ee\/en\/wp-json\/wp\/v2\/product\/22431","targetHints":{"allow":["GET"]}}],"collection":[{"href":"https:\/\/sulin.ee\/en\/wp-json\/wp\/v2\/product"}],"about":[{"href":"https:\/\/sulin.ee\/en\/wp-json\/wp\/v2\/types\/product"}],"replies":[{"embeddable":true,"href":"https:\/\/sulin.ee\/en\/wp-json\/wp\/v2\/comments?post=22431"}],"wp:featuredmedia":[{"embeddable":true,"href":"https:\/\/sulin.ee\/en\/wp-json\/wp\/v2\/media\/22440"}],"wp:attachment":[{"href":"https:\/\/sulin.ee\/en\/wp-json\/wp\/v2\/media?parent=22431"}],"wp:term":[{"taxonomy":"product_brand","embeddable":true,"href":"https:\/\/sulin.ee\/en\/wp-json\/wp\/v2\/product_brand?post=22431"},{"taxonomy":"product_cat","embeddable":true,"href":"https:\/\/sulin.ee\/en\/wp-json\/wp\/v2\/product_cat?post=22431"},{"taxonomy":"product_tag","embeddable":true,"href":"https:\/\/sulin.ee\/en\/wp-json\/wp\/v2\/product_tag?post=22431"}],"curies":[{"name":"wp","href":"https:\/\/api.w.org\/{rel}","templated":true}]}}