{"id":224,"date":"2022-09-13T14:00:32","date_gmt":"2022-09-13T14:00:32","guid":{"rendered":"http:\/\/test.itson.ee\/sulin\/product\/ecoegg-pesupesemise-muna-kevadlille-lohnaga\/"},"modified":"2026-02-03T10:51:44","modified_gmt":"2026-02-03T10:51:44","slug":"ecoegg-pesupesemise-muna-kevadlille-lohnaga","status":"publish","type":"product","link":"https:\/\/sulin.ee\/en\/toode\/ecoegg-pesupesemise-muna-kevadlille-lohnaga\/","title":{"rendered":"Ecoegg\u00ae pesupesemise muna kevadlille l\u00f5hnaga"},"content":{"rendered":"<p style=\"text-align: justify;\"><span style=\"font-family: arial, helvetica, sans-serif; font-size: medium;\">Ecoegg\u00ae Laundry Egg on innovatiivne toode riiete pesemiseks. See pesupesemise muna on korduvkasutatav ja taast\u00e4idetav ning sellest j\u00e4tkub 70 pesukorraks.\u00a0<\/span><\/p>\n<ul style=\"text-align: justify;\">\n<li><span style=\"font-family: arial, helvetica, sans-serif; font-size: medium;\">Asendab pesupulbrit, -geeli ja -pehmendit.<\/span><\/li>\n<li><span style=\"font-family: arial, helvetica, sans-serif; font-size: medium;\">Koostises naturaalsed mineraalid, ei sisalda kahjulikke kemikaale.<\/span><\/li>\n<li><span style=\"font-family: arial, helvetica, sans-serif; font-size: medium;\">Sobib tundlikule nahale.<\/span><\/li>\n<li><span style=\"font-family: arial, helvetica, sans-serif; font-size: medium;\">Aitab v\u00e4ltida \u00fchekordsete plastpakendite ostmist.<\/span><\/li>\n<li><span style=\"font-family: arial, helvetica, sans-serif; font-size: medium;\">Kuluefektiivne ja raha s\u00e4\u00e4stev.<\/span><\/li>\n<\/ul>\n<p style=\"text-align: justify;\"><span style=\"font-family: arial, helvetica, sans-serif; font-size: medium;\">Pesupesemise muna ei sisalda kahjulikke kemikaale ja on naha vastu leebe. Ecoegg muna asendab t\u00e4ielikult nii pesupulbrit, pesugeeli kui ka pesuloputusvahendit, pakkudes sel moel leebemat pesupesemise lahendust.<\/span><\/p>\n<p style=\"text-align: justify;\"><strong><span style=\"font-size: medium; font-family: arial, helvetica, sans-serif;\">Mille poolest on\u00a0Ecoegg\u00ae Laundry Egg hea valik?<\/span><\/strong><\/p>\n<p style=\"text-align: justify;\"><span style=\"font-family: arial, helvetica, sans-serif; font-size: medium;\">Pesupesemise muna t\u00f6\u00f6tati algselt v\u00e4lja just tundliku nahaga inimeste jaoks. See on dermatoloogilisest testitud toode, mis on saanud suurep\u00e4rase hinnangu. Looduslikud mineraalsed graanulid ei sisalda ohtlikke kemikaale. Allergy UK on omistanud pesumunale &#8220;Allergy Friendly Product&#8221; auhinna.<\/span><\/p>\n<p style=\"text-align: justify;\"><span style=\"font-family: arial, helvetica, sans-serif; font-size: medium;\">Pesupesemise muna aitab v\u00e4hendada \u00fchekordsete plastpakendite tarbimist. Umbes 70 pesukorra j\u00e4rel tuleb muna lihtsalt uuesti t\u00e4ita t\u00e4itegraanulitega ning saad seda j\u00e4lle korduvalt kasutada.<\/span><\/p>\n<p style=\"text-align: justify;\"><span style=\"font-family: arial, helvetica, sans-serif; font-size: medium;\">Ecoegg\u00ae Laundry Egg sobib veganitele, sest ei sisalda \u00fchtegi loomset koostisosa ja on julmusevaba toode.<\/span><\/p>\n<p style=\"text-align: justify;\"><span style=\"font-family: arial, helvetica, sans-serif; font-size: medium;\">Muna saab kasutada ka riiete k\u00e4sitsi pesemiseks. Selleks aseta muna vette 5-10 minutit enne pesema hakkamist ning pese seej\u00e4rel tavap\u00e4rasel viisil.<\/span><\/p>\n<p style=\"text-align: justify;\"><span style=\"font-family: arial, helvetica, sans-serif; font-size: medium;\">Pesupesemise muna on v\u00e4ga kuluefektiivne.<\/span><\/p>\n<p style=\"text-align: justify;\"><strong><span style=\"font-family: arial, helvetica, sans-serif; font-size: medium;\">Kasutamine:<\/span><\/strong><\/p>\n<p style=\"text-align: justify;\"><span style=\"font-family: arial, helvetica, sans-serif; font-size: medium;\">Pesupesemise muna max lubatud pesutemperatuur on 60\u2103. M\u00f5eldud kasutamiseks 6-8 kg pesule.<\/span><\/p>\n<p style=\"text-align: justify;\"><span style=\"font-family: arial, helvetica, sans-serif; font-size: medium;\">T\u00e4ida pesupesemise muna t\u00e4idisgraanulitega, kui oled muna kasutanud umbes 70 pesukorda v\u00f5i kui muna alumises suuremas osas on graanuleid alla poole (m\u00e4rkejoon on ka muna peal).<\/span><\/p>\n<p style=\"text-align: justify;\"><span style=\"font-family: arial, helvetica, sans-serif; font-size: medium;\">Avamiseks hoia muna k\u00e4es suurem pool allpool, vajuta nupule ning keera muna lahti. T\u00e4ida suurem pool graanulitega. Keera muna kinni ja aseta pesumasinasse riiete peale.<\/span><\/p>\n<p style=\"text-align: justify;\"><span style=\"font-family: arial, helvetica, sans-serif; font-size: medium;\">Pesukordade vahepeal lasta \u00f5hu k\u00e4es t\u00e4ielikult kuivada.<\/span><\/p>\n<p style=\"text-align: justify;\"><span style=\"font-family: arial, helvetica, sans-serif; font-size: medium;\">Pesumasin-kuivati puhul tuleb muna enne kuivatusprogrammi k\u00e4ivitumist kindlasti masinast eemaldada.\u00a0<\/span><\/p>\n<p style=\"text-align: justify;\"><strong><span style=\"font-family: arial, helvetica, sans-serif; font-size: medium;\">Koostis (INCI):\u00a0<\/span><\/strong><span style=\"font-family: arial, helvetica, sans-serif; font-size: medium;\">&gt;30%\u00a0Anionic surfactants (anioonsed puhastusained), &gt;5% &#8211; 15%\u00a0Non-ionic surfactants (mitteioonsed puhastusained), &gt;11% Sodium carbonate (pesusooda), &gt;11% Sodium metasilicate, &gt;10% Calcium carbonate (kriit), Perfume.<\/span><\/p>\n<div class=\"page\" title=\"Page 2\">\n<div class=\"layoutArea\">\n<div class=\"column\">\n<p style=\"text-align: justify;\"><strong><span style=\"font-family: arial, helvetica, sans-serif; font-size: medium;\">NB!\u00a0<\/span><\/strong><span style=\"font-family: arial, helvetica, sans-serif; font-size: medium;\">Hoida eemal lastest ja koduloomadest. P\u00e4rast kasutamist pesta k\u00e4es. Silma sattumisel loputada rohke veega.<\/span><\/p>\n<\/div>\n<\/div>\n<\/div>\n","protected":false},"excerpt":{"rendered":"<p>Ecoegg\u00ae Laundry Egg on innovatiivne toode riiete pesemiseks. See pesupesemise muna on korduvkasutatav ja taast\u00e4idetav ning sellest j\u00e4tkub 70 pesukorraks.\u00a0 Asendab pesupulbrit, -geeli ja -pehmendit. Koostises naturaalsed mineraalid, ei sisalda kahjulikke kemikaale. Sobib tundlikule nahale. Aitab v\u00e4ltida \u00fchekordsete plastpakendite ostmist. Kuluefektiivne ja raha s\u00e4\u00e4stev. Pesupesemise muna ei sisalda kahjulikke kemikaale ja on naha vastu leebe. [&hellip;]<\/p>\n","protected":false},"featured_media":967,"comment_status":"open","ping_status":"closed","template":"","meta":[],"product_brand":[],"product_cat":[192,211,219],"product_tag":[],"class_list":{"0":"post-224","1":"product","2":"type-product","3":"status-publish","4":"has-post-thumbnail","6":"product_cat-hooldusvahendid-beebid","7":"product_cat-pesuvahendid","8":"product_cat-ecoegg","9":"has-post-title","10":"has-post-date","11":"has-post-category","12":"has-post-tag","13":"has-post-comment","14":"has-post-author","15":"","17":"first","18":"instock","19":"sale","20":"taxable","21":"shipping-taxable","22":"purchasable","23":"product-type-simple"},"yoast_head":"<!-- This site is optimized with the Yoast SEO plugin v26.8 - https:\/\/yoast.com\/product\/yoast-seo-wordpress\/ -->\n<title>Ecoegg\u00ae pesupesemise muna kevadlille l\u00f5hnaga - sulin.ee<\/title>\n<meta name=\"robots\" content=\"index, follow, max-snippet:-1, max-image-preview:large, max-video-preview:-1\" \/>\n<link rel=\"canonical\" href=\"https:\/\/sulin.ee\/en\/toode\/ecoegg-pesupesemise-muna-kevadlille-lohnaga\/\" \/>\n<meta property=\"og:locale\" content=\"en_US\" \/>\n<meta property=\"og:type\" content=\"article\" \/>\n<meta property=\"og:title\" content=\"Ecoegg\u00ae pesupesemise muna kevadlille l\u00f5hnaga - sulin.ee\" \/>\n<meta property=\"og:description\" content=\"Ecoegg\u00ae Laundry Egg on innovatiivne toode riiete pesemiseks. See pesupesemise muna on korduvkasutatav ja taast\u00e4idetav ning sellest j\u00e4tkub 70 pesukorraks.\u00a0 Asendab pesupulbrit, -geeli ja -pehmendit. Koostises naturaalsed mineraalid, ei sisalda kahjulikke kemikaale. Sobib tundlikule nahale. Aitab v\u00e4ltida \u00fchekordsete plastpakendite ostmist. Kuluefektiivne ja raha s\u00e4\u00e4stev. Pesupesemise muna ei sisalda kahjulikke kemikaale ja on naha vastu leebe. [&hellip;]\" \/>\n<meta property=\"og:url\" content=\"https:\/\/sulin.ee\/en\/toode\/ecoegg-pesupesemise-muna-kevadlille-lohnaga\/\" \/>\n<meta property=\"og:site_name\" content=\"sulin.ee\" \/>\n<meta property=\"article:publisher\" content=\"https:\/\/www.facebook.com\/www.sulin.ee\/\" \/>\n<meta property=\"article:modified_time\" content=\"2026-02-03T10:51:44+00:00\" \/>\n<meta property=\"og:image\" content=\"https:\/\/sulin.ee\/wp-content\/uploads\/2022\/09\/SpringBlossom.png\" \/>\n\t<meta property=\"og:image:width\" content=\"960\" \/>\n\t<meta property=\"og:image:height\" content=\"960\" \/>\n\t<meta property=\"og:image:type\" content=\"image\/png\" \/>\n<meta name=\"twitter:card\" content=\"summary_large_image\" \/>\n<meta name=\"twitter:label1\" content=\"Est. reading time\" \/>\n\t<meta name=\"twitter:data1\" content=\"2 minutes\" \/>\n<script type=\"application\/ld+json\" class=\"yoast-schema-graph\">{\"@context\":\"https:\/\/schema.org\",\"@graph\":[{\"@type\":\"WebPage\",\"@id\":\"https:\/\/sulin.ee\/en\/toode\/ecoegg-pesupesemise-muna-kevadlille-lohnaga\/\",\"url\":\"https:\/\/sulin.ee\/en\/toode\/ecoegg-pesupesemise-muna-kevadlille-lohnaga\/\",\"name\":\"Ecoegg\u00ae pesupesemise muna kevadlille l\u00f5hnaga - sulin.ee\",\"isPartOf\":{\"@id\":\"https:\/\/sulin.ee\/en\/#website\"},\"primaryImageOfPage\":{\"@id\":\"https:\/\/sulin.ee\/en\/toode\/ecoegg-pesupesemise-muna-kevadlille-lohnaga\/#primaryimage\"},\"image\":{\"@id\":\"https:\/\/sulin.ee\/en\/toode\/ecoegg-pesupesemise-muna-kevadlille-lohnaga\/#primaryimage\"},\"thumbnailUrl\":\"https:\/\/sulin.ee\/wp-content\/uploads\/2022\/09\/SpringBlossom.png\",\"datePublished\":\"2022-09-13T14:00:32+00:00\",\"dateModified\":\"2026-02-03T10:51:44+00:00\",\"breadcrumb\":{\"@id\":\"https:\/\/sulin.ee\/en\/toode\/ecoegg-pesupesemise-muna-kevadlille-lohnaga\/#breadcrumb\"},\"inLanguage\":\"en-US\",\"potentialAction\":[{\"@type\":\"ReadAction\",\"target\":[\"https:\/\/sulin.ee\/en\/toode\/ecoegg-pesupesemise-muna-kevadlille-lohnaga\/\"]}]},{\"@type\":\"ImageObject\",\"inLanguage\":\"en-US\",\"@id\":\"https:\/\/sulin.ee\/en\/toode\/ecoegg-pesupesemise-muna-kevadlille-lohnaga\/#primaryimage\",\"url\":\"https:\/\/sulin.ee\/wp-content\/uploads\/2022\/09\/SpringBlossom.png\",\"contentUrl\":\"https:\/\/sulin.ee\/wp-content\/uploads\/2022\/09\/SpringBlossom.png\",\"width\":960,\"height\":960},{\"@type\":\"BreadcrumbList\",\"@id\":\"https:\/\/sulin.ee\/en\/toode\/ecoegg-pesupesemise-muna-kevadlille-lohnaga\/#breadcrumb\",\"itemListElement\":[{\"@type\":\"ListItem\",\"position\":1,\"name\":\"Home\",\"item\":\"https:\/\/sulin.ee\/en\/\"},{\"@type\":\"ListItem\",\"position\":2,\"name\":\"Sulin.ee e-pood\",\"item\":\"https:\/\/sulin.ee\/shop\/\"},{\"@type\":\"ListItem\",\"position\":3,\"name\":\"Ecoegg\u00ae pesupesemise muna kevadlille l\u00f5hnaga\"}]},{\"@type\":\"WebSite\",\"@id\":\"https:\/\/sulin.ee\/en\/#website\",\"url\":\"https:\/\/sulin.ee\/en\/\",\"name\":\"sulin.ee\",\"description\":\"\",\"publisher\":{\"@id\":\"https:\/\/sulin.ee\/en\/#organization\"},\"potentialAction\":[{\"@type\":\"SearchAction\",\"target\":{\"@type\":\"EntryPoint\",\"urlTemplate\":\"https:\/\/sulin.ee\/en\/?s={search_term_string}\"},\"query-input\":{\"@type\":\"PropertyValueSpecification\",\"valueRequired\":true,\"valueName\":\"search_term_string\"}}],\"inLanguage\":\"en-US\"},{\"@type\":\"Organization\",\"@id\":\"https:\/\/sulin.ee\/en\/#organization\",\"name\":\"SULIN TRADE O\u00dc\",\"url\":\"https:\/\/sulin.ee\/en\/\",\"logo\":{\"@type\":\"ImageObject\",\"inLanguage\":\"en-US\",\"@id\":\"https:\/\/sulin.ee\/en\/#\/schema\/logo\/image\/\",\"url\":\"https:\/\/sulin.ee\/wp-content\/uploads\/2022\/11\/sulin-logo.png\",\"contentUrl\":\"https:\/\/sulin.ee\/wp-content\/uploads\/2022\/11\/sulin-logo.png\",\"width\":871,\"height\":321,\"caption\":\"SULIN TRADE O\u00dc\"},\"image\":{\"@id\":\"https:\/\/sulin.ee\/en\/#\/schema\/logo\/image\/\"},\"sameAs\":[\"https:\/\/www.facebook.com\/www.sulin.ee\/\",\"https:\/\/www.instagram.com\/sulintrade\/\"]}]}<\/script>\n<!-- \/ Yoast SEO plugin. -->","yoast_head_json":{"title":"Ecoegg\u00ae pesupesemise muna kevadlille l\u00f5hnaga - sulin.ee","robots":{"index":"index","follow":"follow","max-snippet":"max-snippet:-1","max-image-preview":"max-image-preview:large","max-video-preview":"max-video-preview:-1"},"canonical":"https:\/\/sulin.ee\/en\/toode\/ecoegg-pesupesemise-muna-kevadlille-lohnaga\/","og_locale":"en_US","og_type":"article","og_title":"Ecoegg\u00ae pesupesemise muna kevadlille l\u00f5hnaga - sulin.ee","og_description":"Ecoegg\u00ae Laundry Egg on innovatiivne toode riiete pesemiseks. See pesupesemise muna on korduvkasutatav ja taast\u00e4idetav ning sellest j\u00e4tkub 70 pesukorraks.\u00a0 Asendab pesupulbrit, -geeli ja -pehmendit. Koostises naturaalsed mineraalid, ei sisalda kahjulikke kemikaale. Sobib tundlikule nahale. Aitab v\u00e4ltida \u00fchekordsete plastpakendite ostmist. Kuluefektiivne ja raha s\u00e4\u00e4stev. Pesupesemise muna ei sisalda kahjulikke kemikaale ja on naha vastu leebe. [&hellip;]","og_url":"https:\/\/sulin.ee\/en\/toode\/ecoegg-pesupesemise-muna-kevadlille-lohnaga\/","og_site_name":"sulin.ee","article_publisher":"https:\/\/www.facebook.com\/www.sulin.ee\/","article_modified_time":"2026-02-03T10:51:44+00:00","og_image":[{"width":960,"height":960,"url":"https:\/\/sulin.ee\/wp-content\/uploads\/2022\/09\/SpringBlossom.png","type":"image\/png"}],"twitter_card":"summary_large_image","twitter_misc":{"Est. reading time":"2 minutes"},"schema":{"@context":"https:\/\/schema.org","@graph":[{"@type":"WebPage","@id":"https:\/\/sulin.ee\/en\/toode\/ecoegg-pesupesemise-muna-kevadlille-lohnaga\/","url":"https:\/\/sulin.ee\/en\/toode\/ecoegg-pesupesemise-muna-kevadlille-lohnaga\/","name":"Ecoegg\u00ae pesupesemise muna kevadlille l\u00f5hnaga - sulin.ee","isPartOf":{"@id":"https:\/\/sulin.ee\/en\/#website"},"primaryImageOfPage":{"@id":"https:\/\/sulin.ee\/en\/toode\/ecoegg-pesupesemise-muna-kevadlille-lohnaga\/#primaryimage"},"image":{"@id":"https:\/\/sulin.ee\/en\/toode\/ecoegg-pesupesemise-muna-kevadlille-lohnaga\/#primaryimage"},"thumbnailUrl":"https:\/\/sulin.ee\/wp-content\/uploads\/2022\/09\/SpringBlossom.png","datePublished":"2022-09-13T14:00:32+00:00","dateModified":"2026-02-03T10:51:44+00:00","breadcrumb":{"@id":"https:\/\/sulin.ee\/en\/toode\/ecoegg-pesupesemise-muna-kevadlille-lohnaga\/#breadcrumb"},"inLanguage":"en-US","potentialAction":[{"@type":"ReadAction","target":["https:\/\/sulin.ee\/en\/toode\/ecoegg-pesupesemise-muna-kevadlille-lohnaga\/"]}]},{"@type":"ImageObject","inLanguage":"en-US","@id":"https:\/\/sulin.ee\/en\/toode\/ecoegg-pesupesemise-muna-kevadlille-lohnaga\/#primaryimage","url":"https:\/\/sulin.ee\/wp-content\/uploads\/2022\/09\/SpringBlossom.png","contentUrl":"https:\/\/sulin.ee\/wp-content\/uploads\/2022\/09\/SpringBlossom.png","width":960,"height":960},{"@type":"BreadcrumbList","@id":"https:\/\/sulin.ee\/en\/toode\/ecoegg-pesupesemise-muna-kevadlille-lohnaga\/#breadcrumb","itemListElement":[{"@type":"ListItem","position":1,"name":"Home","item":"https:\/\/sulin.ee\/en\/"},{"@type":"ListItem","position":2,"name":"Sulin.ee e-pood","item":"https:\/\/sulin.ee\/shop\/"},{"@type":"ListItem","position":3,"name":"Ecoegg\u00ae pesupesemise muna kevadlille l\u00f5hnaga"}]},{"@type":"WebSite","@id":"https:\/\/sulin.ee\/en\/#website","url":"https:\/\/sulin.ee\/en\/","name":"sulin.ee","description":"","publisher":{"@id":"https:\/\/sulin.ee\/en\/#organization"},"potentialAction":[{"@type":"SearchAction","target":{"@type":"EntryPoint","urlTemplate":"https:\/\/sulin.ee\/en\/?s={search_term_string}"},"query-input":{"@type":"PropertyValueSpecification","valueRequired":true,"valueName":"search_term_string"}}],"inLanguage":"en-US"},{"@type":"Organization","@id":"https:\/\/sulin.ee\/en\/#organization","name":"SULIN TRADE O\u00dc","url":"https:\/\/sulin.ee\/en\/","logo":{"@type":"ImageObject","inLanguage":"en-US","@id":"https:\/\/sulin.ee\/en\/#\/schema\/logo\/image\/","url":"https:\/\/sulin.ee\/wp-content\/uploads\/2022\/11\/sulin-logo.png","contentUrl":"https:\/\/sulin.ee\/wp-content\/uploads\/2022\/11\/sulin-logo.png","width":871,"height":321,"caption":"SULIN TRADE O\u00dc"},"image":{"@id":"https:\/\/sulin.ee\/en\/#\/schema\/logo\/image\/"},"sameAs":["https:\/\/www.facebook.com\/www.sulin.ee\/","https:\/\/www.instagram.com\/sulintrade\/"]}]}},"builder_content":"","_links":{"self":[{"href":"https:\/\/sulin.ee\/en\/wp-json\/wp\/v2\/product\/224","targetHints":{"allow":["GET"]}}],"collection":[{"href":"https:\/\/sulin.ee\/en\/wp-json\/wp\/v2\/product"}],"about":[{"href":"https:\/\/sulin.ee\/en\/wp-json\/wp\/v2\/types\/product"}],"replies":[{"embeddable":true,"href":"https:\/\/sulin.ee\/en\/wp-json\/wp\/v2\/comments?post=224"}],"wp:featuredmedia":[{"embeddable":true,"href":"https:\/\/sulin.ee\/en\/wp-json\/wp\/v2\/media\/967"}],"wp:attachment":[{"href":"https:\/\/sulin.ee\/en\/wp-json\/wp\/v2\/media?parent=224"}],"wp:term":[{"taxonomy":"product_brand","embeddable":true,"href":"https:\/\/sulin.ee\/en\/wp-json\/wp\/v2\/product_brand?post=224"},{"taxonomy":"product_cat","embeddable":true,"href":"https:\/\/sulin.ee\/en\/wp-json\/wp\/v2\/product_cat?post=224"},{"taxonomy":"product_tag","embeddable":true,"href":"https:\/\/sulin.ee\/en\/wp-json\/wp\/v2\/product_tag?post=224"}],"curies":[{"name":"wp","href":"https:\/\/api.w.org\/{rel}","templated":true}]}}