{"id":22316,"date":"2024-10-08T11:22:04","date_gmt":"2024-10-08T11:22:04","guid":{"rendered":"https:\/\/sulin.ee\/?post_type=product&#038;p=22316"},"modified":"2026-03-09T22:35:45","modified_gmt":"2026-03-09T22:35:45","slug":"puuvillane-beebitekk-4-season-100x135-cm-jollein","status":"publish","type":"product","link":"https:\/\/sulin.ee\/en\/toode\/puuvillane-beebitekk-4-season-100x135-cm-jollein\/","title":{"rendered":"Puuvillane beebitekk 4-season 100\u00d7135 cm \u2013 Jollein"},"content":{"rendered":"<p><strong data-start=\"535\" data-end=\"589\">Puuvillane beebitekk 4-season 100\u00d7135 cm \u2013 <a href=\"https:\/\/jollein.com\/\">Jollein<\/a><\/strong> on mitmek\u00fclgne ja praktiline valik v\u00e4ikelapsele, sobides kasutamiseks igal aastaajal. See kvaliteetne <strong data-start=\"692\" data-end=\"734\">beebitekk koosneb kahest eraldi kihist<\/strong>, mida saab kasutada eraldi v\u00f5i koos, s\u00f5ltuvalt toatemperatuurist ja hooajast.<\/p>\n<p class=\"\" data-start=\"814\" data-end=\"1118\">\u00d5hem kiht sobib suurep\u00e4raselt <strong data-start=\"844\" data-end=\"869\">suviseks kasutamiseks<\/strong>, samas kui m\u00f5lemad kihid koos pakuvad soojust ka jahedamatel \u00f6\u00f6del. Kihte saab omavahel kinnitada ning need p\u00fcsivad h\u00e4sti koos ka tekikoti sees. <strong data-start=\"1015\" data-end=\"1041\">Teki m\u00f5\u00f5t 100 \u00d7 135 cm<\/strong> sobib ideaalselt <strong data-start=\"1059\" data-end=\"1117\">v\u00e4ikelaste voodisse v\u00f5i pikendatavasse juuniorvoodisse<\/strong>.<\/p>\n<p class=\"\" data-start=\"1120\" data-end=\"1310\"><strong data-start=\"1120\" data-end=\"1139\">Valge beebitekk<\/strong> on neutraalse v\u00e4limusega ja sobib h\u00f5lpsasti erinevate tekikottide, linade v\u00f5i lastetoa sisustusega. Selle disain v\u00f5imaldab tekki kasutada nii koos tekikotiga kui ka ilma.<\/p>\n<h3 class=\"\" data-start=\"1317\" data-end=\"1341\"><strong data-start=\"1323\" data-end=\"1341\">Tooteomadused:<\/strong><\/h3>\n<p class=\"\" data-start=\"1342\" data-end=\"1673\">\u2705 M\u00f5\u00f5dud: <strong data-start=\"1352\" data-end=\"1368\">100 \u00d7 135 cm<\/strong><br data-start=\"1368\" data-end=\"1371\" \/>\u2705 Materjal: <strong data-start=\"1383\" data-end=\"1414\">Pealiskangas \u2013 100% puuvill<\/strong>, t\u00e4idis \u2013 pol\u00fcester<br data-start=\"1434\" data-end=\"1437\" \/>\u2705 TOG-v\u00e4\u00e4rtus: <strong data-start=\"1452\" data-end=\"1496\">3.2 (\u00f5huke kiht), 4.0 (koos talvekihiga)<\/strong><br data-start=\"1496\" data-end=\"1499\" \/>\u2705 Kasutusala: <strong data-start=\"1513\" data-end=\"1568\">v\u00e4ikelaste voodi, juuniorvoodi, aastaringne kasutus<\/strong><br data-start=\"1568\" data-end=\"1571\" \/>\u2705 Hooldus: <strong data-start=\"1582\" data-end=\"1618\">Masinpestav, vastupidav ja pehme<\/strong><br data-start=\"1618\" data-end=\"1621\" \/>\u2705 Mugav: <strong data-start=\"1630\" data-end=\"1673\">kihte saab kinnitada ja eraldi kasutada<\/strong><\/p>\n<h3 class=\"\" data-start=\"2014\" data-end=\"2060\">\ud83c\udfaf <strong data-start=\"2021\" data-end=\"2060\">Miks valida see puuvillane beebitekk 4-season?<\/strong><\/h3>\n<p class=\"\" data-start=\"2061\" data-end=\"2261\">\u2705 Aastaringselt kasutatav \u2013 suveks ja talveks<br data-start=\"2106\" data-end=\"2109\" \/>\u2705 Kaks-\u00fches lahendus: kombineeritavad kihid<br data-start=\"2152\" data-end=\"2155\" \/>\u2705 Pehme ja hingav puuvillane pind<br data-start=\"2188\" data-end=\"2191\" \/>\u2705 Mugav suurus v\u00e4ikelapse voodisse<br data-start=\"2225\" data-end=\"2228\" \/>\u2705 Lihtne sobitada muu voodipesuga<\/p>\n<p>Kuigi v\u00e4ikelaps oskab juba ise \u00f6elda, kas tal on liiga soe v\u00f5i k\u00fclm, on \u00f6\u00f6sel praktiline kasutada ka magamiskotti. See aitab v\u00e4ltida, et voodi liiga jahedaks muutub, kui laps une pealt teki maha l\u00fckkab. Meie kollektsioonist leiad magamiskotid suurusega kuni 110 cm. Suviseks perioodiks piisab \u00f5hukesest suvemagamiskotist. Leiad <strong><a href=\"https:\/\/sulin.ee\/tootekategooria\/beebile\/magamine-beebi\/magamiskotid\/\" target=\"_blank\" rel=\"noopener\">siit.<\/a><\/strong><\/p>\n","protected":false},"excerpt":{"rendered":"<p>Puuvillane beebitekk 4-season 100\u00d7135 cm \u2013 Jollein on mitmek\u00fclgne ja praktiline valik v\u00e4ikelapsele, sobides kasutamiseks igal aastaajal. See kvaliteetne beebitekk koosneb kahest eraldi kihist, mida saab kasutada eraldi v\u00f5i koos, s\u00f5ltuvalt toatemperatuurist ja hooajast. \u00d5hem kiht sobib suurep\u00e4raselt suviseks kasutamiseks, samas kui m\u00f5lemad kihid koos pakuvad soojust ka jahedamatel \u00f6\u00f6del. Kihte saab omavahel kinnitada ning [&hellip;]<\/p>\n","protected":false},"featured_media":22319,"comment_status":"open","ping_status":"closed","template":"","meta":[],"product_brand":[],"product_cat":[777,806,172,185,776],"product_tag":[],"class_list":{"0":"post-22316","1":"product","2":"type-product","3":"status-publish","4":"has-post-thumbnail","6":"product_cat-beebi-uni-ja-magamine","7":"product_cat-beebitekid","8":"product_cat-magamine","9":"product_cat-voodipesu-lastele","10":"product_cat-jollein-2","11":"has-post-title","12":"has-post-date","13":"has-post-category","14":"has-post-tag","15":"has-post-comment","16":"has-post-author","17":"","19":"first","20":"instock","21":"sale","22":"taxable","23":"shipping-taxable","24":"purchasable","25":"product-type-simple"},"yoast_head":"<!-- This site is optimized with the Yoast SEO plugin v26.8 - https:\/\/yoast.com\/product\/yoast-seo-wordpress\/ -->\n<title>Puuvillane beebitekk 4-season 100\u00d7135 cm \u2013 Jollein - sulin.ee<\/title>\n<meta name=\"description\" content=\"Puuvillane beebitekk 4-season \u2013 \u00fcks osa on ideaalne kergemaks suvetekiks, samas kui m\u00f5lemad osad koos moodustavad m\u00f5nusa ja sooja talveteki\" \/>\n<meta name=\"robots\" content=\"index, follow, max-snippet:-1, max-image-preview:large, max-video-preview:-1\" \/>\n<link rel=\"canonical\" href=\"https:\/\/sulin.ee\/en\/toode\/puuvillane-beebitekk-4-season-100x135-cm-jollein\/\" \/>\n<meta property=\"og:locale\" content=\"en_US\" \/>\n<meta property=\"og:type\" content=\"article\" \/>\n<meta property=\"og:title\" content=\"Puuvillane beebitekk 4-season 100\u00d7135 cm \u2013 Jollein - sulin.ee\" \/>\n<meta property=\"og:description\" content=\"Puuvillane beebitekk 4-season \u2013 \u00fcks osa on ideaalne kergemaks suvetekiks, samas kui m\u00f5lemad osad koos moodustavad m\u00f5nusa ja sooja talveteki\" \/>\n<meta property=\"og:url\" content=\"https:\/\/sulin.ee\/en\/toode\/puuvillane-beebitekk-4-season-100x135-cm-jollein\/\" \/>\n<meta property=\"og:site_name\" content=\"sulin.ee\" \/>\n<meta property=\"article:publisher\" content=\"https:\/\/www.facebook.com\/www.sulin.ee\/\" \/>\n<meta property=\"article:modified_time\" content=\"2026-03-09T22:35:45+00:00\" \/>\n<meta property=\"og:image\" content=\"https:\/\/sulin.ee\/wp-content\/uploads\/2024\/10\/00100003_8717329000032_hero.webp\" \/>\n\t<meta property=\"og:image:width\" content=\"375\" \/>\n\t<meta property=\"og:image:height\" content=\"375\" \/>\n\t<meta property=\"og:image:type\" content=\"image\/webp\" \/>\n<meta name=\"twitter:card\" content=\"summary_large_image\" \/>\n<meta name=\"twitter:label1\" content=\"Est. reading time\" \/>\n\t<meta name=\"twitter:data1\" content=\"2 minutes\" \/>\n<script type=\"application\/ld+json\" class=\"yoast-schema-graph\">{\"@context\":\"https:\/\/schema.org\",\"@graph\":[{\"@type\":\"WebPage\",\"@id\":\"https:\/\/sulin.ee\/en\/toode\/puuvillane-beebitekk-4-season-100x135-cm-jollein\/\",\"url\":\"https:\/\/sulin.ee\/en\/toode\/puuvillane-beebitekk-4-season-100x135-cm-jollein\/\",\"name\":\"Puuvillane beebitekk 4-season 100\u00d7135 cm \u2013 Jollein - sulin.ee\",\"isPartOf\":{\"@id\":\"https:\/\/sulin.ee\/en\/#website\"},\"primaryImageOfPage\":{\"@id\":\"https:\/\/sulin.ee\/en\/toode\/puuvillane-beebitekk-4-season-100x135-cm-jollein\/#primaryimage\"},\"image\":{\"@id\":\"https:\/\/sulin.ee\/en\/toode\/puuvillane-beebitekk-4-season-100x135-cm-jollein\/#primaryimage\"},\"thumbnailUrl\":\"https:\/\/sulin.ee\/wp-content\/uploads\/2024\/10\/00100003_8717329000032_hero.webp\",\"datePublished\":\"2024-10-08T11:22:04+00:00\",\"dateModified\":\"2026-03-09T22:35:45+00:00\",\"description\":\"Puuvillane beebitekk 4-season \u2013 \u00fcks osa on ideaalne kergemaks suvetekiks, samas kui m\u00f5lemad osad koos moodustavad m\u00f5nusa ja sooja talveteki\",\"breadcrumb\":{\"@id\":\"https:\/\/sulin.ee\/en\/toode\/puuvillane-beebitekk-4-season-100x135-cm-jollein\/#breadcrumb\"},\"inLanguage\":\"en-US\",\"potentialAction\":[{\"@type\":\"ReadAction\",\"target\":[\"https:\/\/sulin.ee\/en\/toode\/puuvillane-beebitekk-4-season-100x135-cm-jollein\/\"]}]},{\"@type\":\"ImageObject\",\"inLanguage\":\"en-US\",\"@id\":\"https:\/\/sulin.ee\/en\/toode\/puuvillane-beebitekk-4-season-100x135-cm-jollein\/#primaryimage\",\"url\":\"https:\/\/sulin.ee\/wp-content\/uploads\/2024\/10\/00100003_8717329000032_hero.webp\",\"contentUrl\":\"https:\/\/sulin.ee\/wp-content\/uploads\/2024\/10\/00100003_8717329000032_hero.webp\",\"width\":375,\"height\":375,\"caption\":\"Jollein kahest osast Puuvillane beebitekk 4-seasontekk\"},{\"@type\":\"BreadcrumbList\",\"@id\":\"https:\/\/sulin.ee\/en\/toode\/puuvillane-beebitekk-4-season-100x135-cm-jollein\/#breadcrumb\",\"itemListElement\":[{\"@type\":\"ListItem\",\"position\":1,\"name\":\"Home\",\"item\":\"https:\/\/sulin.ee\/en\/\"},{\"@type\":\"ListItem\",\"position\":2,\"name\":\"Sulin.ee e-pood\",\"item\":\"https:\/\/sulin.ee\/shop\/\"},{\"@type\":\"ListItem\",\"position\":3,\"name\":\"Puuvillane beebitekk 4-season 100\u00d7135 cm \u2013 Jollein\"}]},{\"@type\":\"WebSite\",\"@id\":\"https:\/\/sulin.ee\/en\/#website\",\"url\":\"https:\/\/sulin.ee\/en\/\",\"name\":\"sulin.ee\",\"description\":\"\",\"publisher\":{\"@id\":\"https:\/\/sulin.ee\/en\/#organization\"},\"potentialAction\":[{\"@type\":\"SearchAction\",\"target\":{\"@type\":\"EntryPoint\",\"urlTemplate\":\"https:\/\/sulin.ee\/en\/?s={search_term_string}\"},\"query-input\":{\"@type\":\"PropertyValueSpecification\",\"valueRequired\":true,\"valueName\":\"search_term_string\"}}],\"inLanguage\":\"en-US\"},{\"@type\":\"Organization\",\"@id\":\"https:\/\/sulin.ee\/en\/#organization\",\"name\":\"SULIN TRADE O\u00dc\",\"url\":\"https:\/\/sulin.ee\/en\/\",\"logo\":{\"@type\":\"ImageObject\",\"inLanguage\":\"en-US\",\"@id\":\"https:\/\/sulin.ee\/en\/#\/schema\/logo\/image\/\",\"url\":\"https:\/\/sulin.ee\/wp-content\/uploads\/2022\/11\/sulin-logo.png\",\"contentUrl\":\"https:\/\/sulin.ee\/wp-content\/uploads\/2022\/11\/sulin-logo.png\",\"width\":871,\"height\":321,\"caption\":\"SULIN TRADE O\u00dc\"},\"image\":{\"@id\":\"https:\/\/sulin.ee\/en\/#\/schema\/logo\/image\/\"},\"sameAs\":[\"https:\/\/www.facebook.com\/www.sulin.ee\/\",\"https:\/\/www.instagram.com\/sulintrade\/\"]}]}<\/script>\n<!-- \/ Yoast SEO plugin. -->","yoast_head_json":{"title":"Puuvillane beebitekk 4-season 100\u00d7135 cm \u2013 Jollein - sulin.ee","description":"Puuvillane beebitekk 4-season \u2013 \u00fcks osa on ideaalne kergemaks suvetekiks, samas kui m\u00f5lemad osad koos moodustavad m\u00f5nusa ja sooja talveteki","robots":{"index":"index","follow":"follow","max-snippet":"max-snippet:-1","max-image-preview":"max-image-preview:large","max-video-preview":"max-video-preview:-1"},"canonical":"https:\/\/sulin.ee\/en\/toode\/puuvillane-beebitekk-4-season-100x135-cm-jollein\/","og_locale":"en_US","og_type":"article","og_title":"Puuvillane beebitekk 4-season 100\u00d7135 cm \u2013 Jollein - sulin.ee","og_description":"Puuvillane beebitekk 4-season \u2013 \u00fcks osa on ideaalne kergemaks suvetekiks, samas kui m\u00f5lemad osad koos moodustavad m\u00f5nusa ja sooja talveteki","og_url":"https:\/\/sulin.ee\/en\/toode\/puuvillane-beebitekk-4-season-100x135-cm-jollein\/","og_site_name":"sulin.ee","article_publisher":"https:\/\/www.facebook.com\/www.sulin.ee\/","article_modified_time":"2026-03-09T22:35:45+00:00","og_image":[{"width":375,"height":375,"url":"https:\/\/sulin.ee\/wp-content\/uploads\/2024\/10\/00100003_8717329000032_hero.webp","type":"image\/webp"}],"twitter_card":"summary_large_image","twitter_misc":{"Est. reading time":"2 minutes"},"schema":{"@context":"https:\/\/schema.org","@graph":[{"@type":"WebPage","@id":"https:\/\/sulin.ee\/en\/toode\/puuvillane-beebitekk-4-season-100x135-cm-jollein\/","url":"https:\/\/sulin.ee\/en\/toode\/puuvillane-beebitekk-4-season-100x135-cm-jollein\/","name":"Puuvillane beebitekk 4-season 100\u00d7135 cm \u2013 Jollein - sulin.ee","isPartOf":{"@id":"https:\/\/sulin.ee\/en\/#website"},"primaryImageOfPage":{"@id":"https:\/\/sulin.ee\/en\/toode\/puuvillane-beebitekk-4-season-100x135-cm-jollein\/#primaryimage"},"image":{"@id":"https:\/\/sulin.ee\/en\/toode\/puuvillane-beebitekk-4-season-100x135-cm-jollein\/#primaryimage"},"thumbnailUrl":"https:\/\/sulin.ee\/wp-content\/uploads\/2024\/10\/00100003_8717329000032_hero.webp","datePublished":"2024-10-08T11:22:04+00:00","dateModified":"2026-03-09T22:35:45+00:00","description":"Puuvillane beebitekk 4-season \u2013 \u00fcks osa on ideaalne kergemaks suvetekiks, samas kui m\u00f5lemad osad koos moodustavad m\u00f5nusa ja sooja talveteki","breadcrumb":{"@id":"https:\/\/sulin.ee\/en\/toode\/puuvillane-beebitekk-4-season-100x135-cm-jollein\/#breadcrumb"},"inLanguage":"en-US","potentialAction":[{"@type":"ReadAction","target":["https:\/\/sulin.ee\/en\/toode\/puuvillane-beebitekk-4-season-100x135-cm-jollein\/"]}]},{"@type":"ImageObject","inLanguage":"en-US","@id":"https:\/\/sulin.ee\/en\/toode\/puuvillane-beebitekk-4-season-100x135-cm-jollein\/#primaryimage","url":"https:\/\/sulin.ee\/wp-content\/uploads\/2024\/10\/00100003_8717329000032_hero.webp","contentUrl":"https:\/\/sulin.ee\/wp-content\/uploads\/2024\/10\/00100003_8717329000032_hero.webp","width":375,"height":375,"caption":"Jollein kahest osast Puuvillane beebitekk 4-seasontekk"},{"@type":"BreadcrumbList","@id":"https:\/\/sulin.ee\/en\/toode\/puuvillane-beebitekk-4-season-100x135-cm-jollein\/#breadcrumb","itemListElement":[{"@type":"ListItem","position":1,"name":"Home","item":"https:\/\/sulin.ee\/en\/"},{"@type":"ListItem","position":2,"name":"Sulin.ee e-pood","item":"https:\/\/sulin.ee\/shop\/"},{"@type":"ListItem","position":3,"name":"Puuvillane beebitekk 4-season 100\u00d7135 cm \u2013 Jollein"}]},{"@type":"WebSite","@id":"https:\/\/sulin.ee\/en\/#website","url":"https:\/\/sulin.ee\/en\/","name":"sulin.ee","description":"","publisher":{"@id":"https:\/\/sulin.ee\/en\/#organization"},"potentialAction":[{"@type":"SearchAction","target":{"@type":"EntryPoint","urlTemplate":"https:\/\/sulin.ee\/en\/?s={search_term_string}"},"query-input":{"@type":"PropertyValueSpecification","valueRequired":true,"valueName":"search_term_string"}}],"inLanguage":"en-US"},{"@type":"Organization","@id":"https:\/\/sulin.ee\/en\/#organization","name":"SULIN TRADE O\u00dc","url":"https:\/\/sulin.ee\/en\/","logo":{"@type":"ImageObject","inLanguage":"en-US","@id":"https:\/\/sulin.ee\/en\/#\/schema\/logo\/image\/","url":"https:\/\/sulin.ee\/wp-content\/uploads\/2022\/11\/sulin-logo.png","contentUrl":"https:\/\/sulin.ee\/wp-content\/uploads\/2022\/11\/sulin-logo.png","width":871,"height":321,"caption":"SULIN TRADE O\u00dc"},"image":{"@id":"https:\/\/sulin.ee\/en\/#\/schema\/logo\/image\/"},"sameAs":["https:\/\/www.facebook.com\/www.sulin.ee\/","https:\/\/www.instagram.com\/sulintrade\/"]}]}},"builder_content":"","_links":{"self":[{"href":"https:\/\/sulin.ee\/en\/wp-json\/wp\/v2\/product\/22316","targetHints":{"allow":["GET"]}}],"collection":[{"href":"https:\/\/sulin.ee\/en\/wp-json\/wp\/v2\/product"}],"about":[{"href":"https:\/\/sulin.ee\/en\/wp-json\/wp\/v2\/types\/product"}],"replies":[{"embeddable":true,"href":"https:\/\/sulin.ee\/en\/wp-json\/wp\/v2\/comments?post=22316"}],"wp:featuredmedia":[{"embeddable":true,"href":"https:\/\/sulin.ee\/en\/wp-json\/wp\/v2\/media\/22319"}],"wp:attachment":[{"href":"https:\/\/sulin.ee\/en\/wp-json\/wp\/v2\/media?parent=22316"}],"wp:term":[{"taxonomy":"product_brand","embeddable":true,"href":"https:\/\/sulin.ee\/en\/wp-json\/wp\/v2\/product_brand?post=22316"},{"taxonomy":"product_cat","embeddable":true,"href":"https:\/\/sulin.ee\/en\/wp-json\/wp\/v2\/product_cat?post=22316"},{"taxonomy":"product_tag","embeddable":true,"href":"https:\/\/sulin.ee\/en\/wp-json\/wp\/v2\/product_tag?post=22316"}],"curies":[{"name":"wp","href":"https:\/\/api.w.org\/{rel}","templated":true}]}}