{"id":22242,"date":"2024-10-07T11:08:36","date_gmt":"2024-10-07T11:08:36","guid":{"rendered":"https:\/\/sulin.ee\/?post_type=product&#038;p=22242"},"modified":"2025-09-07T21:41:47","modified_gmt":"2025-09-07T21:41:47","slug":"jollein-magamiskott-eemaldatavate-varrukatega-velvet-nougat-tog-2-0-3-0","status":"publish","type":"product","link":"https:\/\/sulin.ee\/en\/toode\/jollein-magamiskott-eemaldatavate-varrukatega-velvet-nougat-tog-2-0-3-0\/","title":{"rendered":"Jollein magamiskott eemaldatavate varrukatega Velvet &#8211; Nougat (TOG 2.0-3.0)"},"content":{"rendered":"<p><strong>Jollein magamiskott eemaldatavate varrukatega <\/strong>on valmistatud sametiselt pehmest ja hingavast materjalist, pakkudes mugavat und igal hooajal. Magamiskottide trendikad mustrid on loodud hoolega ja sobivad igale lapsele, olgu suvi v\u00f5i talv. K\u00f5ik <strong>Jolleini magamiskotid<\/strong> on varustatud turvalise ja h\u00f5lpsasti kasutatava lukuga, mis teeb selga panemise ja \u00e4rav\u00f5tmise kiireks ja lihtsaks.<\/p>\n<p>See imeline <strong>Jollein magamiskott eemaldatavate varrukatega<\/strong> on ideaalne lahendus nii jahedateks kevad- ja s\u00fcgis\u00f6\u00f6deks kui ka k\u00fclmadeks talvep\u00e4evadeks. Eemaldatavad varrukad v\u00f5imaldavad muuta <strong>TOG-v\u00e4\u00e4rtuse<\/strong> 3.0-st (k\u00fclmadel talvep\u00e4evadel) 2.0-ks (jahedatel \u00f6\u00f6del kevadel ja s\u00fcgisel).<\/p>\n<p>Vali <strong>Jolleini magamiskott<\/strong> erinevates v\u00e4rvitoonides ja suurustes \u2013 saadaval suurustes 70 cm, 90 cm ja 110 cm, et leida t\u00e4iuslik sobivus sinu lapsele. Kui magamiskott ei ole veel piisavalt soe, kombineeri see \u00fche <a href=\"https:\/\/sulin.ee\/tootekategooria\/beebile\/magamine-beebi\/tekid\/\" target=\"_blank\" rel=\"noopener\">m\u00f5nusa Jolleini tekiga.<\/a><\/p>\n<p><strong><a href=\"https:\/\/jollein.com\/\" target=\"_blank\" rel=\"noopener\">Jolleini<\/a> magamiskotid<\/strong> pakuvad kvaliteetset ja stiilset und, hoolimata aastaajast!<\/p>\n<p><strong>Materjal:<\/strong> Magamiskott on valmistatud 100% pehmest \u00d6KO-TEX puuvillast ja vooder pol\u00fcestrist.<\/p>\n<p><strong>Jollein eemaldatavate varrukatega magamiskott on saadaval kolmes m\u00f5\u00f5dus<\/strong> (NB! tegemist on koti enda m\u00f5\u00f5duga, mitte lapse pikkusega)<strong>:<\/strong><\/p>\n<p><strong>70 cm<\/strong> &#8211; sobib 3 &#8211; 9 kuu vanusele lapsele.<\/p>\n<p><strong>90 cm<\/strong> &#8211; sobib 6 &#8211; 24 kuu vanusele lapsele.<\/p>\n<p><strong>110 cm<\/strong> &#8211; sobib 18+ kuu vanusele lapsele.<\/p>\n","protected":false},"excerpt":{"rendered":"<p>Jollein magamiskott eemaldatavate varrukatega on valmistatud pehmest ja hingavast materjalist, pakkudes mugavat und igal hooajal.<\/p>\n","protected":false},"featured_media":22226,"comment_status":"open","ping_status":"closed","template":"","meta":[],"product_brand":[],"product_cat":[777,809,776],"product_tag":[],"class_list":{"0":"post-22242","1":"product","2":"type-product","3":"status-publish","4":"has-post-thumbnail","6":"product_cat-beebi-uni-ja-magamine","7":"product_cat-magamiskotid","8":"product_cat-jollein-2","9":"has-post-title","10":"has-post-date","11":"has-post-category","12":"has-post-tag","13":"has-post-comment","14":"has-post-author","15":"","17":"first","18":"instock","19":"sale","20":"taxable","21":"shipping-taxable","22":"purchasable","23":"product-type-variable"},"yoast_head":"<!-- This site is optimized with the Yoast SEO plugin v26.8 - https:\/\/yoast.com\/product\/yoast-seo-wordpress\/ -->\n<title>Jollein magamiskott eemaldatavate varrukatega Velvet - Nougat (TOG 2.0-3.0) - sulin.ee<\/title>\n<meta name=\"description\" content=\"Jollein magamiskott eemaldatavate varrukatega on valmistatud pehmest ja hingavast materjalist, pakkudes mugavat und igal hooajal.\" \/>\n<meta name=\"robots\" content=\"index, follow, max-snippet:-1, max-image-preview:large, max-video-preview:-1\" \/>\n<link rel=\"canonical\" href=\"https:\/\/sulin.ee\/en\/toode\/jollein-magamiskott-eemaldatavate-varrukatega-velvet-nougat-tog-2-0-3-0\/\" \/>\n<meta property=\"og:locale\" content=\"en_US\" \/>\n<meta property=\"og:type\" content=\"article\" \/>\n<meta property=\"og:title\" content=\"Jollein magamiskott eemaldatavate varrukatega Velvet - Nougat (TOG 2.0-3.0) - sulin.ee\" \/>\n<meta property=\"og:description\" content=\"Jollein magamiskott eemaldatavate varrukatega on valmistatud pehmest ja hingavast materjalist, pakkudes mugavat und igal hooajal.\" \/>\n<meta property=\"og:url\" content=\"https:\/\/sulin.ee\/en\/toode\/jollein-magamiskott-eemaldatavate-varrukatega-velvet-nougat-tog-2-0-3-0\/\" \/>\n<meta property=\"og:site_name\" content=\"sulin.ee\" \/>\n<meta property=\"article:publisher\" content=\"https:\/\/www.facebook.com\/www.sulin.ee\/\" \/>\n<meta property=\"article:modified_time\" content=\"2025-09-07T21:41:47+00:00\" \/>\n<meta property=\"og:image\" content=\"https:\/\/sulin.ee\/wp-content\/uploads\/2024\/10\/1-1.png\" \/>\n\t<meta property=\"og:image:width\" content=\"1080\" \/>\n\t<meta property=\"og:image:height\" content=\"1080\" \/>\n\t<meta property=\"og:image:type\" content=\"image\/png\" \/>\n<meta name=\"twitter:card\" content=\"summary_large_image\" \/>\n<meta name=\"twitter:label1\" content=\"Est. reading time\" \/>\n\t<meta name=\"twitter:data1\" content=\"2 minutes\" \/>\n<script type=\"application\/ld+json\" class=\"yoast-schema-graph\">{\"@context\":\"https:\/\/schema.org\",\"@graph\":[{\"@type\":\"WebPage\",\"@id\":\"https:\/\/sulin.ee\/en\/toode\/jollein-magamiskott-eemaldatavate-varrukatega-velvet-nougat-tog-2-0-3-0\/\",\"url\":\"https:\/\/sulin.ee\/en\/toode\/jollein-magamiskott-eemaldatavate-varrukatega-velvet-nougat-tog-2-0-3-0\/\",\"name\":\"Jollein magamiskott eemaldatavate varrukatega Velvet - Nougat (TOG 2.0-3.0) - sulin.ee\",\"isPartOf\":{\"@id\":\"https:\/\/sulin.ee\/en\/#website\"},\"primaryImageOfPage\":{\"@id\":\"https:\/\/sulin.ee\/en\/toode\/jollein-magamiskott-eemaldatavate-varrukatega-velvet-nougat-tog-2-0-3-0\/#primaryimage\"},\"image\":{\"@id\":\"https:\/\/sulin.ee\/en\/toode\/jollein-magamiskott-eemaldatavate-varrukatega-velvet-nougat-tog-2-0-3-0\/#primaryimage\"},\"thumbnailUrl\":\"https:\/\/sulin.ee\/wp-content\/uploads\/2024\/10\/1-1.png\",\"datePublished\":\"2024-10-07T11:08:36+00:00\",\"dateModified\":\"2025-09-07T21:41:47+00:00\",\"description\":\"Jollein magamiskott eemaldatavate varrukatega on valmistatud pehmest ja hingavast materjalist, pakkudes mugavat und igal hooajal.\",\"breadcrumb\":{\"@id\":\"https:\/\/sulin.ee\/en\/toode\/jollein-magamiskott-eemaldatavate-varrukatega-velvet-nougat-tog-2-0-3-0\/#breadcrumb\"},\"inLanguage\":\"en-US\",\"potentialAction\":[{\"@type\":\"ReadAction\",\"target\":[\"https:\/\/sulin.ee\/en\/toode\/jollein-magamiskott-eemaldatavate-varrukatega-velvet-nougat-tog-2-0-3-0\/\"]}]},{\"@type\":\"ImageObject\",\"inLanguage\":\"en-US\",\"@id\":\"https:\/\/sulin.ee\/en\/toode\/jollein-magamiskott-eemaldatavate-varrukatega-velvet-nougat-tog-2-0-3-0\/#primaryimage\",\"url\":\"https:\/\/sulin.ee\/wp-content\/uploads\/2024\/10\/1-1.png\",\"contentUrl\":\"https:\/\/sulin.ee\/wp-content\/uploads\/2024\/10\/1-1.png\",\"width\":1080,\"height\":1080,\"caption\":\"Jollein magamiskott\"},{\"@type\":\"BreadcrumbList\",\"@id\":\"https:\/\/sulin.ee\/en\/toode\/jollein-magamiskott-eemaldatavate-varrukatega-velvet-nougat-tog-2-0-3-0\/#breadcrumb\",\"itemListElement\":[{\"@type\":\"ListItem\",\"position\":1,\"name\":\"Home\",\"item\":\"https:\/\/sulin.ee\/en\/\"},{\"@type\":\"ListItem\",\"position\":2,\"name\":\"Sulin.ee e-pood\",\"item\":\"https:\/\/sulin.ee\/shop\/\"},{\"@type\":\"ListItem\",\"position\":3,\"name\":\"Jollein magamiskott eemaldatavate varrukatega Velvet &#8211; Nougat (TOG 2.0-3.0)\"}]},{\"@type\":\"WebSite\",\"@id\":\"https:\/\/sulin.ee\/en\/#website\",\"url\":\"https:\/\/sulin.ee\/en\/\",\"name\":\"sulin.ee\",\"description\":\"\",\"publisher\":{\"@id\":\"https:\/\/sulin.ee\/en\/#organization\"},\"potentialAction\":[{\"@type\":\"SearchAction\",\"target\":{\"@type\":\"EntryPoint\",\"urlTemplate\":\"https:\/\/sulin.ee\/en\/?s={search_term_string}\"},\"query-input\":{\"@type\":\"PropertyValueSpecification\",\"valueRequired\":true,\"valueName\":\"search_term_string\"}}],\"inLanguage\":\"en-US\"},{\"@type\":\"Organization\",\"@id\":\"https:\/\/sulin.ee\/en\/#organization\",\"name\":\"SULIN TRADE O\u00dc\",\"url\":\"https:\/\/sulin.ee\/en\/\",\"logo\":{\"@type\":\"ImageObject\",\"inLanguage\":\"en-US\",\"@id\":\"https:\/\/sulin.ee\/en\/#\/schema\/logo\/image\/\",\"url\":\"https:\/\/sulin.ee\/wp-content\/uploads\/2022\/11\/sulin-logo.png\",\"contentUrl\":\"https:\/\/sulin.ee\/wp-content\/uploads\/2022\/11\/sulin-logo.png\",\"width\":871,\"height\":321,\"caption\":\"SULIN TRADE O\u00dc\"},\"image\":{\"@id\":\"https:\/\/sulin.ee\/en\/#\/schema\/logo\/image\/\"},\"sameAs\":[\"https:\/\/www.facebook.com\/www.sulin.ee\/\",\"https:\/\/www.instagram.com\/sulintrade\/\"]}]}<\/script>\n<!-- \/ Yoast SEO plugin. -->","yoast_head_json":{"title":"Jollein magamiskott eemaldatavate varrukatega Velvet - Nougat (TOG 2.0-3.0) - sulin.ee","description":"Jollein magamiskott eemaldatavate varrukatega on valmistatud pehmest ja hingavast materjalist, pakkudes mugavat und igal hooajal.","robots":{"index":"index","follow":"follow","max-snippet":"max-snippet:-1","max-image-preview":"max-image-preview:large","max-video-preview":"max-video-preview:-1"},"canonical":"https:\/\/sulin.ee\/en\/toode\/jollein-magamiskott-eemaldatavate-varrukatega-velvet-nougat-tog-2-0-3-0\/","og_locale":"en_US","og_type":"article","og_title":"Jollein magamiskott eemaldatavate varrukatega Velvet - Nougat (TOG 2.0-3.0) - sulin.ee","og_description":"Jollein magamiskott eemaldatavate varrukatega on valmistatud pehmest ja hingavast materjalist, pakkudes mugavat und igal hooajal.","og_url":"https:\/\/sulin.ee\/en\/toode\/jollein-magamiskott-eemaldatavate-varrukatega-velvet-nougat-tog-2-0-3-0\/","og_site_name":"sulin.ee","article_publisher":"https:\/\/www.facebook.com\/www.sulin.ee\/","article_modified_time":"2025-09-07T21:41:47+00:00","og_image":[{"width":1080,"height":1080,"url":"https:\/\/sulin.ee\/wp-content\/uploads\/2024\/10\/1-1.png","type":"image\/png"}],"twitter_card":"summary_large_image","twitter_misc":{"Est. reading time":"2 minutes"},"schema":{"@context":"https:\/\/schema.org","@graph":[{"@type":"WebPage","@id":"https:\/\/sulin.ee\/en\/toode\/jollein-magamiskott-eemaldatavate-varrukatega-velvet-nougat-tog-2-0-3-0\/","url":"https:\/\/sulin.ee\/en\/toode\/jollein-magamiskott-eemaldatavate-varrukatega-velvet-nougat-tog-2-0-3-0\/","name":"Jollein magamiskott eemaldatavate varrukatega Velvet - Nougat (TOG 2.0-3.0) - sulin.ee","isPartOf":{"@id":"https:\/\/sulin.ee\/en\/#website"},"primaryImageOfPage":{"@id":"https:\/\/sulin.ee\/en\/toode\/jollein-magamiskott-eemaldatavate-varrukatega-velvet-nougat-tog-2-0-3-0\/#primaryimage"},"image":{"@id":"https:\/\/sulin.ee\/en\/toode\/jollein-magamiskott-eemaldatavate-varrukatega-velvet-nougat-tog-2-0-3-0\/#primaryimage"},"thumbnailUrl":"https:\/\/sulin.ee\/wp-content\/uploads\/2024\/10\/1-1.png","datePublished":"2024-10-07T11:08:36+00:00","dateModified":"2025-09-07T21:41:47+00:00","description":"Jollein magamiskott eemaldatavate varrukatega on valmistatud pehmest ja hingavast materjalist, pakkudes mugavat und igal hooajal.","breadcrumb":{"@id":"https:\/\/sulin.ee\/en\/toode\/jollein-magamiskott-eemaldatavate-varrukatega-velvet-nougat-tog-2-0-3-0\/#breadcrumb"},"inLanguage":"en-US","potentialAction":[{"@type":"ReadAction","target":["https:\/\/sulin.ee\/en\/toode\/jollein-magamiskott-eemaldatavate-varrukatega-velvet-nougat-tog-2-0-3-0\/"]}]},{"@type":"ImageObject","inLanguage":"en-US","@id":"https:\/\/sulin.ee\/en\/toode\/jollein-magamiskott-eemaldatavate-varrukatega-velvet-nougat-tog-2-0-3-0\/#primaryimage","url":"https:\/\/sulin.ee\/wp-content\/uploads\/2024\/10\/1-1.png","contentUrl":"https:\/\/sulin.ee\/wp-content\/uploads\/2024\/10\/1-1.png","width":1080,"height":1080,"caption":"Jollein magamiskott"},{"@type":"BreadcrumbList","@id":"https:\/\/sulin.ee\/en\/toode\/jollein-magamiskott-eemaldatavate-varrukatega-velvet-nougat-tog-2-0-3-0\/#breadcrumb","itemListElement":[{"@type":"ListItem","position":1,"name":"Home","item":"https:\/\/sulin.ee\/en\/"},{"@type":"ListItem","position":2,"name":"Sulin.ee e-pood","item":"https:\/\/sulin.ee\/shop\/"},{"@type":"ListItem","position":3,"name":"Jollein magamiskott eemaldatavate varrukatega Velvet &#8211; Nougat (TOG 2.0-3.0)"}]},{"@type":"WebSite","@id":"https:\/\/sulin.ee\/en\/#website","url":"https:\/\/sulin.ee\/en\/","name":"sulin.ee","description":"","publisher":{"@id":"https:\/\/sulin.ee\/en\/#organization"},"potentialAction":[{"@type":"SearchAction","target":{"@type":"EntryPoint","urlTemplate":"https:\/\/sulin.ee\/en\/?s={search_term_string}"},"query-input":{"@type":"PropertyValueSpecification","valueRequired":true,"valueName":"search_term_string"}}],"inLanguage":"en-US"},{"@type":"Organization","@id":"https:\/\/sulin.ee\/en\/#organization","name":"SULIN TRADE O\u00dc","url":"https:\/\/sulin.ee\/en\/","logo":{"@type":"ImageObject","inLanguage":"en-US","@id":"https:\/\/sulin.ee\/en\/#\/schema\/logo\/image\/","url":"https:\/\/sulin.ee\/wp-content\/uploads\/2022\/11\/sulin-logo.png","contentUrl":"https:\/\/sulin.ee\/wp-content\/uploads\/2022\/11\/sulin-logo.png","width":871,"height":321,"caption":"SULIN TRADE O\u00dc"},"image":{"@id":"https:\/\/sulin.ee\/en\/#\/schema\/logo\/image\/"},"sameAs":["https:\/\/www.facebook.com\/www.sulin.ee\/","https:\/\/www.instagram.com\/sulintrade\/"]}]}},"builder_content":"","_links":{"self":[{"href":"https:\/\/sulin.ee\/en\/wp-json\/wp\/v2\/product\/22242","targetHints":{"allow":["GET"]}}],"collection":[{"href":"https:\/\/sulin.ee\/en\/wp-json\/wp\/v2\/product"}],"about":[{"href":"https:\/\/sulin.ee\/en\/wp-json\/wp\/v2\/types\/product"}],"replies":[{"embeddable":true,"href":"https:\/\/sulin.ee\/en\/wp-json\/wp\/v2\/comments?post=22242"}],"wp:featuredmedia":[{"embeddable":true,"href":"https:\/\/sulin.ee\/en\/wp-json\/wp\/v2\/media\/22226"}],"wp:attachment":[{"href":"https:\/\/sulin.ee\/en\/wp-json\/wp\/v2\/media?parent=22242"}],"wp:term":[{"taxonomy":"product_brand","embeddable":true,"href":"https:\/\/sulin.ee\/en\/wp-json\/wp\/v2\/product_brand?post=22242"},{"taxonomy":"product_cat","embeddable":true,"href":"https:\/\/sulin.ee\/en\/wp-json\/wp\/v2\/product_cat?post=22242"},{"taxonomy":"product_tag","embeddable":true,"href":"https:\/\/sulin.ee\/en\/wp-json\/wp\/v2\/product_tag?post=22242"}],"curies":[{"name":"wp","href":"https:\/\/api.w.org\/{rel}","templated":true}]}}