{"id":220,"date":"2022-09-13T14:00:32","date_gmt":"2022-09-13T14:00:32","guid":{"rendered":"http:\/\/test.itson.ee\/sulin\/product\/ecoegg-pesumasina-puhastustabletid\/"},"modified":"2025-09-07T21:55:01","modified_gmt":"2025-09-07T21:55:01","slug":"ecoegg-pesumasina-puhastustabletid","status":"publish","type":"product","link":"https:\/\/sulin.ee\/en\/toode\/ecoegg-pesumasina-puhastustabletid\/","title":{"rendered":"Ecoegg\u00ae pesumasina puhastustabletid"},"content":{"rendered":"<p style=\"text-align: justify;\"><span style=\"font-family: arial, helvetica, sans-serif; font-size: medium;\">Ecoegg\u00ae pesumasina puhastustabletid on t\u00f5hus vahend pesumasina regulaarseks puhastamiseks ja hooldamiseks.<\/span><\/p>\n<ul style=\"text-align: justify;\">\n<li><span style=\"font-family: arial, helvetica, sans-serif; font-size: medium;\">Kasuta pesumasina s\u00fcvapuhastuseks enne\u00a0Ecoegg\u00ae pesupesemise muna kasutuselev\u00f5ttu.<\/span><\/li>\n<li><span style=\"font-family: arial, helvetica, sans-serif; font-size: medium;\">Eemaldab masinasse kogunenud pulbri ja pesugeeli j\u00e4\u00e4gid.<\/span><\/li>\n<li><span style=\"font-family: arial, helvetica, sans-serif; font-size: medium;\">Puhastab voolikud ja eemaldab l\u00f5hnad.<\/span><\/li>\n<\/ul>\n<p style=\"text-align: justify;\"><strong><span style=\"font-family: arial, helvetica, sans-serif; font-size: medium;\">Miks on vajalik pesumasinat regulaarselt s\u00fcvapuhastada?<\/span><\/strong><\/p>\n<p style=\"text-align: justify;\"><span style=\"font-family: arial, helvetica, sans-serif; font-size: medium;\">Musta pesu (sh riidest m\u00e4hkmete) pesemisel m\u00e4\u00e4rdub ka pesumasin ning selle erinevad osad. Pesumasina laitmatuks toimimiseks ja heade pesutulemuste s\u00e4ilimiseks on soovituslik seda regulaarselt puhastada, et eemaldada lubjasetet, kogunenud pesuvahendite j\u00e4\u00e4gid, imepisikesed riidekiud ja ebameeldiv l\u00f5hn. Pesumasina puhastustabletid puhastavad trumli, torud, tihendid, doseerimissahtli jm osad kogunenud mustusest ja pesuvahendite setetest.<\/span><\/p>\n<p style=\"text-align: justify;\"><strong><span style=\"font-family: arial, helvetica, sans-serif; font-size: medium;\">Kuidas\u00a0Ecoegg\u00ae pesumasina puhastustablette kasutada?<br \/>\n<\/span><\/strong><\/p>\n<p style=\"text-align: justify;\"><span style=\"font-family: arial, helvetica, sans-serif; font-size: medium;\">Eemalda \u00fcks puhastustablett \u00fcmbrisest ja aseta t\u00fchja trumlisse. K\u00e4ivita k\u00f5ige kuumema temperatuuriga pesuprogramm, soovitatavalt 90\u2103.<\/span><\/p>\n<p style=\"text-align: justify;\"><span style=\"font-family: arial, helvetica, sans-serif; font-size: medium;\">Ecoegg\u00ae pesumasina puhastustablette on soovituslik kasutada regulaarselt kord kuus. Regulaarne hooldus tagab pesumasina puhtuse ja efektiivse t\u00f6\u00f6.<\/span><\/p>\n<p style=\"text-align: justify;\"><span style=\"font-family: arial, helvetica, sans-serif; font-size: medium;\">Pakis sisaldub 6 tabletti ehk 6 kuu varu.<\/span><\/p>\n<p style=\"text-align: justify;\"><strong><span style=\"font-family: arial, helvetica, sans-serif; font-size: medium;\">Koostis (INCI)<\/span><\/strong><\/p>\n<p style=\"text-align: justify;\"><span style=\"font-family: arial, helvetica, sans-serif; font-size: medium;\">Sodium Percarbonate, Acifloctin, Sodium Bicarbonate (s\u00f6\u00f6gisooda), Sodium Carbonate (pesusooda).<\/span><\/p>\n<p style=\"text-align: justify;\"><strong><span style=\"font-family: arial, helvetica, sans-serif; font-size: medium;\">Hoiatus<\/span><\/strong><\/p>\n<div class=\"page\" title=\"Page 2\">\n<div class=\"layoutArea\">\n<div class=\"column\">\n<p style=\"text-align: justify;\"><span style=\"font-family: arial, helvetica, sans-serif; font-size: medium;\">Hoida eemal lastest ja koduloomadest. P\u00e4rast kasutamist pesta k\u00e4ed. Silma sattumisel loputada rohke veega.<\/span><\/p>\n<\/div>\n<\/div>\n<\/div>\n","protected":false},"excerpt":{"rendered":"<p>Ecoegg<\/p>\n","protected":false},"featured_media":1965,"comment_status":"open","ping_status":"closed","template":"","meta":[],"product_brand":[],"product_cat":[192,211,219],"product_tag":[],"class_list":{"0":"post-220","1":"product","2":"type-product","3":"status-publish","4":"has-post-thumbnail","6":"product_cat-hooldusvahendid-beebid","7":"product_cat-pesuvahendid","8":"product_cat-ecoegg","9":"has-post-title","10":"has-post-date","11":"has-post-category","12":"has-post-tag","13":"has-post-comment","14":"has-post-author","15":"","17":"first","18":"outofstock","19":"sale","20":"taxable","21":"shipping-taxable","22":"purchasable","23":"product-type-simple"},"yoast_head":"<!-- This site is optimized with the Yoast SEO plugin v26.8 - https:\/\/yoast.com\/product\/yoast-seo-wordpress\/ -->\n<title>Ecoegg\u00ae pesumasina puhastustabletid - sulin.ee<\/title>\n<meta name=\"robots\" content=\"index, follow, max-snippet:-1, max-image-preview:large, max-video-preview:-1\" \/>\n<link rel=\"canonical\" href=\"https:\/\/sulin.ee\/en\/toode\/ecoegg-pesumasina-puhastustabletid\/\" \/>\n<meta property=\"og:locale\" content=\"en_US\" \/>\n<meta property=\"og:type\" content=\"article\" \/>\n<meta property=\"og:title\" content=\"Ecoegg\u00ae pesumasina puhastustabletid - sulin.ee\" \/>\n<meta property=\"og:description\" content=\"Ecoegg\" \/>\n<meta property=\"og:url\" content=\"https:\/\/sulin.ee\/en\/toode\/ecoegg-pesumasina-puhastustabletid\/\" \/>\n<meta property=\"og:site_name\" content=\"sulin.ee\" \/>\n<meta property=\"article:publisher\" content=\"https:\/\/www.facebook.com\/www.sulin.ee\/\" \/>\n<meta property=\"article:modified_time\" content=\"2025-09-07T21:55:01+00:00\" \/>\n<meta property=\"og:image\" content=\"https:\/\/sulin.ee\/wp-content\/uploads\/2022\/09\/ecoegg-pesumasina-puhastustabletid.jpg\" \/>\n\t<meta property=\"og:image:width\" content=\"800\" \/>\n\t<meta property=\"og:image:height\" content=\"800\" \/>\n\t<meta property=\"og:image:type\" content=\"image\/jpeg\" \/>\n<meta name=\"twitter:card\" content=\"summary_large_image\" \/>\n<meta name=\"twitter:label1\" content=\"Est. reading time\" \/>\n\t<meta name=\"twitter:data1\" content=\"2 minutes\" \/>\n<script type=\"application\/ld+json\" class=\"yoast-schema-graph\">{\"@context\":\"https:\/\/schema.org\",\"@graph\":[{\"@type\":\"WebPage\",\"@id\":\"https:\/\/sulin.ee\/en\/toode\/ecoegg-pesumasina-puhastustabletid\/\",\"url\":\"https:\/\/sulin.ee\/en\/toode\/ecoegg-pesumasina-puhastustabletid\/\",\"name\":\"Ecoegg\u00ae pesumasina puhastustabletid - sulin.ee\",\"isPartOf\":{\"@id\":\"https:\/\/sulin.ee\/en\/#website\"},\"primaryImageOfPage\":{\"@id\":\"https:\/\/sulin.ee\/en\/toode\/ecoegg-pesumasina-puhastustabletid\/#primaryimage\"},\"image\":{\"@id\":\"https:\/\/sulin.ee\/en\/toode\/ecoegg-pesumasina-puhastustabletid\/#primaryimage\"},\"thumbnailUrl\":\"https:\/\/sulin.ee\/wp-content\/uploads\/2022\/09\/ecoegg-pesumasina-puhastustabletid.jpg\",\"datePublished\":\"2022-09-13T14:00:32+00:00\",\"dateModified\":\"2025-09-07T21:55:01+00:00\",\"breadcrumb\":{\"@id\":\"https:\/\/sulin.ee\/en\/toode\/ecoegg-pesumasina-puhastustabletid\/#breadcrumb\"},\"inLanguage\":\"en-US\",\"potentialAction\":[{\"@type\":\"ReadAction\",\"target\":[\"https:\/\/sulin.ee\/en\/toode\/ecoegg-pesumasina-puhastustabletid\/\"]}]},{\"@type\":\"ImageObject\",\"inLanguage\":\"en-US\",\"@id\":\"https:\/\/sulin.ee\/en\/toode\/ecoegg-pesumasina-puhastustabletid\/#primaryimage\",\"url\":\"https:\/\/sulin.ee\/wp-content\/uploads\/2022\/09\/ecoegg-pesumasina-puhastustabletid.jpg\",\"contentUrl\":\"https:\/\/sulin.ee\/wp-content\/uploads\/2022\/09\/ecoegg-pesumasina-puhastustabletid.jpg\",\"width\":800,\"height\":800,\"caption\":\"pesumasina puhastustabletid\"},{\"@type\":\"BreadcrumbList\",\"@id\":\"https:\/\/sulin.ee\/en\/toode\/ecoegg-pesumasina-puhastustabletid\/#breadcrumb\",\"itemListElement\":[{\"@type\":\"ListItem\",\"position\":1,\"name\":\"Home\",\"item\":\"https:\/\/sulin.ee\/en\/\"},{\"@type\":\"ListItem\",\"position\":2,\"name\":\"Sulin.ee e-pood\",\"item\":\"https:\/\/sulin.ee\/shop\/\"},{\"@type\":\"ListItem\",\"position\":3,\"name\":\"Ecoegg\u00ae pesumasina puhastustabletid\"}]},{\"@type\":\"WebSite\",\"@id\":\"https:\/\/sulin.ee\/en\/#website\",\"url\":\"https:\/\/sulin.ee\/en\/\",\"name\":\"sulin.ee\",\"description\":\"\",\"publisher\":{\"@id\":\"https:\/\/sulin.ee\/en\/#organization\"},\"potentialAction\":[{\"@type\":\"SearchAction\",\"target\":{\"@type\":\"EntryPoint\",\"urlTemplate\":\"https:\/\/sulin.ee\/en\/?s={search_term_string}\"},\"query-input\":{\"@type\":\"PropertyValueSpecification\",\"valueRequired\":true,\"valueName\":\"search_term_string\"}}],\"inLanguage\":\"en-US\"},{\"@type\":\"Organization\",\"@id\":\"https:\/\/sulin.ee\/en\/#organization\",\"name\":\"SULIN TRADE O\u00dc\",\"url\":\"https:\/\/sulin.ee\/en\/\",\"logo\":{\"@type\":\"ImageObject\",\"inLanguage\":\"en-US\",\"@id\":\"https:\/\/sulin.ee\/en\/#\/schema\/logo\/image\/\",\"url\":\"https:\/\/sulin.ee\/wp-content\/uploads\/2022\/11\/sulin-logo.png\",\"contentUrl\":\"https:\/\/sulin.ee\/wp-content\/uploads\/2022\/11\/sulin-logo.png\",\"width\":871,\"height\":321,\"caption\":\"SULIN TRADE O\u00dc\"},\"image\":{\"@id\":\"https:\/\/sulin.ee\/en\/#\/schema\/logo\/image\/\"},\"sameAs\":[\"https:\/\/www.facebook.com\/www.sulin.ee\/\",\"https:\/\/www.instagram.com\/sulintrade\/\"]}]}<\/script>\n<!-- \/ Yoast SEO plugin. -->","yoast_head_json":{"title":"Ecoegg\u00ae pesumasina puhastustabletid - sulin.ee","robots":{"index":"index","follow":"follow","max-snippet":"max-snippet:-1","max-image-preview":"max-image-preview:large","max-video-preview":"max-video-preview:-1"},"canonical":"https:\/\/sulin.ee\/en\/toode\/ecoegg-pesumasina-puhastustabletid\/","og_locale":"en_US","og_type":"article","og_title":"Ecoegg\u00ae pesumasina puhastustabletid - sulin.ee","og_description":"Ecoegg","og_url":"https:\/\/sulin.ee\/en\/toode\/ecoegg-pesumasina-puhastustabletid\/","og_site_name":"sulin.ee","article_publisher":"https:\/\/www.facebook.com\/www.sulin.ee\/","article_modified_time":"2025-09-07T21:55:01+00:00","og_image":[{"width":800,"height":800,"url":"https:\/\/sulin.ee\/wp-content\/uploads\/2022\/09\/ecoegg-pesumasina-puhastustabletid.jpg","type":"image\/jpeg"}],"twitter_card":"summary_large_image","twitter_misc":{"Est. reading time":"2 minutes"},"schema":{"@context":"https:\/\/schema.org","@graph":[{"@type":"WebPage","@id":"https:\/\/sulin.ee\/en\/toode\/ecoegg-pesumasina-puhastustabletid\/","url":"https:\/\/sulin.ee\/en\/toode\/ecoegg-pesumasina-puhastustabletid\/","name":"Ecoegg\u00ae pesumasina puhastustabletid - sulin.ee","isPartOf":{"@id":"https:\/\/sulin.ee\/en\/#website"},"primaryImageOfPage":{"@id":"https:\/\/sulin.ee\/en\/toode\/ecoegg-pesumasina-puhastustabletid\/#primaryimage"},"image":{"@id":"https:\/\/sulin.ee\/en\/toode\/ecoegg-pesumasina-puhastustabletid\/#primaryimage"},"thumbnailUrl":"https:\/\/sulin.ee\/wp-content\/uploads\/2022\/09\/ecoegg-pesumasina-puhastustabletid.jpg","datePublished":"2022-09-13T14:00:32+00:00","dateModified":"2025-09-07T21:55:01+00:00","breadcrumb":{"@id":"https:\/\/sulin.ee\/en\/toode\/ecoegg-pesumasina-puhastustabletid\/#breadcrumb"},"inLanguage":"en-US","potentialAction":[{"@type":"ReadAction","target":["https:\/\/sulin.ee\/en\/toode\/ecoegg-pesumasina-puhastustabletid\/"]}]},{"@type":"ImageObject","inLanguage":"en-US","@id":"https:\/\/sulin.ee\/en\/toode\/ecoegg-pesumasina-puhastustabletid\/#primaryimage","url":"https:\/\/sulin.ee\/wp-content\/uploads\/2022\/09\/ecoegg-pesumasina-puhastustabletid.jpg","contentUrl":"https:\/\/sulin.ee\/wp-content\/uploads\/2022\/09\/ecoegg-pesumasina-puhastustabletid.jpg","width":800,"height":800,"caption":"pesumasina puhastustabletid"},{"@type":"BreadcrumbList","@id":"https:\/\/sulin.ee\/en\/toode\/ecoegg-pesumasina-puhastustabletid\/#breadcrumb","itemListElement":[{"@type":"ListItem","position":1,"name":"Home","item":"https:\/\/sulin.ee\/en\/"},{"@type":"ListItem","position":2,"name":"Sulin.ee e-pood","item":"https:\/\/sulin.ee\/shop\/"},{"@type":"ListItem","position":3,"name":"Ecoegg\u00ae pesumasina puhastustabletid"}]},{"@type":"WebSite","@id":"https:\/\/sulin.ee\/en\/#website","url":"https:\/\/sulin.ee\/en\/","name":"sulin.ee","description":"","publisher":{"@id":"https:\/\/sulin.ee\/en\/#organization"},"potentialAction":[{"@type":"SearchAction","target":{"@type":"EntryPoint","urlTemplate":"https:\/\/sulin.ee\/en\/?s={search_term_string}"},"query-input":{"@type":"PropertyValueSpecification","valueRequired":true,"valueName":"search_term_string"}}],"inLanguage":"en-US"},{"@type":"Organization","@id":"https:\/\/sulin.ee\/en\/#organization","name":"SULIN TRADE O\u00dc","url":"https:\/\/sulin.ee\/en\/","logo":{"@type":"ImageObject","inLanguage":"en-US","@id":"https:\/\/sulin.ee\/en\/#\/schema\/logo\/image\/","url":"https:\/\/sulin.ee\/wp-content\/uploads\/2022\/11\/sulin-logo.png","contentUrl":"https:\/\/sulin.ee\/wp-content\/uploads\/2022\/11\/sulin-logo.png","width":871,"height":321,"caption":"SULIN TRADE O\u00dc"},"image":{"@id":"https:\/\/sulin.ee\/en\/#\/schema\/logo\/image\/"},"sameAs":["https:\/\/www.facebook.com\/www.sulin.ee\/","https:\/\/www.instagram.com\/sulintrade\/"]}]}},"builder_content":"","_links":{"self":[{"href":"https:\/\/sulin.ee\/en\/wp-json\/wp\/v2\/product\/220","targetHints":{"allow":["GET"]}}],"collection":[{"href":"https:\/\/sulin.ee\/en\/wp-json\/wp\/v2\/product"}],"about":[{"href":"https:\/\/sulin.ee\/en\/wp-json\/wp\/v2\/types\/product"}],"replies":[{"embeddable":true,"href":"https:\/\/sulin.ee\/en\/wp-json\/wp\/v2\/comments?post=220"}],"wp:featuredmedia":[{"embeddable":true,"href":"https:\/\/sulin.ee\/en\/wp-json\/wp\/v2\/media\/1965"}],"wp:attachment":[{"href":"https:\/\/sulin.ee\/en\/wp-json\/wp\/v2\/media?parent=220"}],"wp:term":[{"taxonomy":"product_brand","embeddable":true,"href":"https:\/\/sulin.ee\/en\/wp-json\/wp\/v2\/product_brand?post=220"},{"taxonomy":"product_cat","embeddable":true,"href":"https:\/\/sulin.ee\/en\/wp-json\/wp\/v2\/product_cat?post=220"},{"taxonomy":"product_tag","embeddable":true,"href":"https:\/\/sulin.ee\/en\/wp-json\/wp\/v2\/product_tag?post=220"}],"curies":[{"name":"wp","href":"https:\/\/api.w.org\/{rel}","templated":true}]}}